{"id":21758,"date":"2024-10-02T18:12:19","date_gmt":"2024-10-02T15:12:19","guid":{"rendered":"https:\/\/nirigs.com\/?post_type=product&#038;p=21758"},"modified":"2025-03-13T17:48:19","modified_gmt":"2025-03-13T14:48:19","slug":"loreal-paris-casting-creme-gloss-coloration-ton-sur-ton-pour-cheveux-sans-ammoniaque-chatain-craquant-400","status":"publish","type":"product","link":"https:\/\/nirigs.com\/en\/product\/loreal-paris-casting-creme-gloss-coloration-ton-sur-ton-pour-cheveux-sans-ammoniaque-chatain-craquant-400\/","title":{"rendered":"L&rsquo;Or\u00e9al Paris &#8211; Casting Cr\u00e8me Gloss Coloration Ton sur Ton pour Cheveux &#8211; Sans Ammoniaque &#8211; Ch\u00e2tain Craquant (400)"},"content":{"rendered":"<div class=\"a-section content\">\n<p>Casting Cr\u00e8me Gloss, la coloration id\u00e9ale des 1\u00e8res fois : une formule cr\u00e8me sans ammoniaque pour un r\u00e9sultat ton sur ton, proche de sa couleur naturelle. Une couleur ultra-glossy aux reflets brillants et une couverture optimale des cheveux blancs.<\/p>\n<p>C&rsquo;est vous, mais en mieux. Sa formule cr\u00e8me recouvre les cheveux blancs de fa\u00e7on optimale, jusqu&rsquo;\u00e0 70%. Pour choisir votre coloration, assurez-vous que la couleur actuelle de vos cheveux correspond \u00e0 l&rsquo;une des couleurs qui apparait sur le dos du pack (en photo).<\/p>\n<p>Si vous h\u00e9sitez entre 2 nuances, choisissez toujours la plus claire. Couleur soin gourmande marron glac\u00e9 sans ammoniaque.<br \/>\nDes reflets tendances et glac\u00e9s, ultra-brillants et glossy.<\/p>\n<p>Couverture optimale des cheveux blancs. Cette nuance est recommand\u00e9e pour les cheveux ch\u00e2tains. Elle les illumine de reflets brillants. Soin enrichi en miel qui apporte brillance et nutrition.<br \/>\nCasting Cr\u00e8me Gloss, la coloration ultra glossy sans ammoniaque qui s\u2019estompe en 28 shampoings. Elle couvre parfaitement les premiers cheveux blancs.<\/p>\n<p>Le r\u00e9sultat est naturel et vos cheveux brillants. Une couleur ton sur ton, proche de votre couleur naturelle : c\u2019est vous, mais en mieux. Le soin post coloration enrichi en miel illumine vos cheveux et r\u00e9v\u00e8le toute la beaut\u00e9 et la richesse de votre couleur. Il laisse vos cheveux soyeux et voluptueux avec une brillance exceptionnelle. Une couleur naturelle et ultra brillante.<\/p>\n<h4>Utilisation<\/h4>\n<p>R\u00e9aliser un test d\u2019allergie au pr\u00e9alable 48h avant application, Lire attentivement la notice avant toute application, Quantit\u00e9 recommand\u00e9e : 1 bo\u00eete (cheveux mi-longs), 2 bo\u00eetes (cheveux longs).<\/p>\n<h4>Ingr\u00e9dients<\/h4>\n<p>AQUA \/ WATER, CETEARYL ALCOHOL, PROPYLENE GLYCOL, DECETH-3, LAURETH-12, ETHANOLAMINE, OLETH-30, LAURIC ACID, POLYQUATERNIUM-6, GLYCOL DISTEARATE, TOLUENE-2,5-DIAMINE, HEXADIMETHRINE CHLORIDE, SILICA DIMETHYL SILYLATE [NANO] \/ SILICA DIMETHYL SILYLATE, RESORCINOL, CI 77491 \/ IRON OXIDES, CI 77891 \/ TITANIUM DIOXIDE, 2,4-DIAMINOPHENOXYETHANOL HCl, m-AMINOPHENOL, ASCORBIC ACID, MICA, SODIUM METABISULFITE, THIOGLYCERIN, 2-METHYLRESORCINOL, PENTASODIUM PENTETATE, CARBOMER, PARFUM \/ FRAGRANCE. (C22283\/3) 437046 &#8211; LAIT R\u00c9V\u00c9LATEUR : AQUA \/ WATER, HYDROGEN PEROXIDE, CETEARYL ALCOHOL, SODIUM STANNATE, TRIDECETH-2 CARBOXAMIDE MEA, PENTASODIUM PENTETATE, PHOSPHORIC ACID, CETEARETH-25, TETRASODIUM PYROPHOSPHATE, GLYCERIN. (C11321\/9) 1051582 B &#8211; SOIN NUTRI-ECLAT \u00c0 LA GEL\u00c9E ROYALE : AQUA \/ WATER, CETEARYL ALCOHOL, BEHENTRIMONIUM CHLORIDE, PEG-180, AMODIMETHICONE, CETYL ESTERS, HYDROXYETHYLCELLULOSE, TRIDECETH-6, CHLORHEXIDINE DIHYDROCHLORIDE, LIMONENE, LINALOOL, BENZYL ALCOHOL, ISOPROPYL ALCOHOL, CITRIC ACID, CETRIMONIUM CHLORIDE, CITRONELLOL, HEXYL CINNAMAL, AMYL CINNAMAL, ROYAL JELLY, PARFUM \/ FRAGRANCE. (C45510\/1)<\/p>\n<p>&nbsp;<\/p>\n<\/div>\n<div class=\"a-section content\">\n<p>&nbsp;<\/p>\n<\/div>\n","protected":false},"excerpt":{"rendered":"<p>Casting Cr\u00e8me Gloss, la coloration id\u00e9ale des 1\u00e8res fois : une formule cr\u00e8me sans ammoniaque pour un r\u00e9sultat ton sur<\/p>","protected":false},"featured_media":21761,"comment_status":"open","ping_status":"closed","template":"","meta":[],"pwb-brand":[588],"product_brand":[],"product_cat":[267,1022,1096],"product_tag":[],"class_list":{"0":"post-21758","1":"product","2":"type-product","3":"status-publish","4":"has-post-thumbnail","6":"pwb-brand-loreal-paris","7":"product_cat-beaute-et-soins","8":"product_cat-coiffures-et-soins-des-cheveux","9":"product_cat-colorations","11":"first","12":"instock","13":"shipping-taxable","14":"purchasable","15":"product-type-simple"},"yoast_head":"<!-- This site is optimized with the Yoast SEO plugin v27.1.1 - https:\/\/yoast.com\/product\/yoast-seo-wordpress\/ -->\n<title>L&#039;Or\u00e9al Paris - Casting Cr\u00e8me Gloss Coloration Ton sur Ton pour Cheveux - Sans Ammoniaque - Ch\u00e2tain Craquant (400) - NIRIGS<\/title>\n<meta name=\"robots\" content=\"index, follow, max-snippet:-1, max-image-preview:large, max-video-preview:-1\" \/>\n<link rel=\"canonical\" href=\"https:\/\/nirigs.com\/en\/product\/loreal-paris-casting-creme-gloss-coloration-ton-sur-ton-pour-cheveux-sans-ammoniaque-chatain-craquant-400\/\" \/>\n<meta property=\"og:locale\" content=\"en_US\" \/>\n<meta property=\"og:type\" content=\"article\" \/>\n<meta property=\"og:title\" content=\"L&#039;Or\u00e9al Paris - Casting Cr\u00e8me Gloss Coloration Ton sur Ton pour Cheveux - Sans Ammoniaque - Ch\u00e2tain Craquant (400) - NIRIGS\" \/>\n<meta property=\"og:description\" content=\"Casting Cr\u00e8me Gloss, la coloration id\u00e9ale des 1\u00e8res fois : une formule cr\u00e8me sans ammoniaque pour un r\u00e9sultat ton sur\" \/>\n<meta property=\"og:url\" content=\"https:\/\/nirigs.com\/en\/product\/loreal-paris-casting-creme-gloss-coloration-ton-sur-ton-pour-cheveux-sans-ammoniaque-chatain-craquant-400\/\" \/>\n<meta property=\"og:site_name\" content=\"NIRIGS\" \/>\n<meta property=\"article:modified_time\" content=\"2025-03-13T14:48:19+00:00\" \/>\n<meta property=\"og:image\" content=\"https:\/\/nirigs.com\/wp-content\/uploads\/2024\/09\/LOreal-Paris-Casting-Creme-Gloss-Coloration-Ton-sur-Ton-pour-Cheveux-Sans-Ammoniaque-Chatain-Craquant-400-Lot-de-2.jpg\" \/>\n\t<meta property=\"og:image:width\" content=\"1000\" \/>\n\t<meta property=\"og:image:height\" content=\"1000\" \/>\n\t<meta property=\"og:image:type\" content=\"image\/jpeg\" \/>\n<meta name=\"twitter:card\" content=\"summary_large_image\" \/>\n<meta name=\"twitter:label1\" content=\"Est. reading time\" \/>\n\t<meta name=\"twitter:data1\" content=\"2 minutes\" \/>\n<script type=\"application\/ld+json\" class=\"yoast-schema-graph\">{\"@context\":\"https:\/\/schema.org\",\"@graph\":[{\"@type\":\"WebPage\",\"@id\":\"https:\/\/nirigs.com\/product\/loreal-paris-casting-creme-gloss-coloration-ton-sur-ton-pour-cheveux-sans-ammoniaque-chatain-craquant-400\/\",\"url\":\"https:\/\/nirigs.com\/product\/loreal-paris-casting-creme-gloss-coloration-ton-sur-ton-pour-cheveux-sans-ammoniaque-chatain-craquant-400\/\",\"name\":\"L'Or\u00e9al Paris - Casting Cr\u00e8me Gloss Coloration Ton sur Ton pour Cheveux - Sans Ammoniaque - Ch\u00e2tain Craquant (400) - NIRIGS\",\"isPartOf\":{\"@id\":\"https:\/\/nirigs.com\/#website\"},\"primaryImageOfPage\":{\"@id\":\"https:\/\/nirigs.com\/product\/loreal-paris-casting-creme-gloss-coloration-ton-sur-ton-pour-cheveux-sans-ammoniaque-chatain-craquant-400\/#primaryimage\"},\"image\":{\"@id\":\"https:\/\/nirigs.com\/product\/loreal-paris-casting-creme-gloss-coloration-ton-sur-ton-pour-cheveux-sans-ammoniaque-chatain-craquant-400\/#primaryimage\"},\"thumbnailUrl\":\"https:\/\/nirigs.com\/wp-content\/uploads\/2024\/09\/LOreal-Paris-Casting-Creme-Gloss-Coloration-Ton-sur-Ton-pour-Cheveux-Sans-Ammoniaque-Chatain-Craquant-400-Lot-de-2.jpg\",\"datePublished\":\"2024-10-02T15:12:19+00:00\",\"dateModified\":\"2025-03-13T14:48:19+00:00\",\"breadcrumb\":{\"@id\":\"https:\/\/nirigs.com\/product\/loreal-paris-casting-creme-gloss-coloration-ton-sur-ton-pour-cheveux-sans-ammoniaque-chatain-craquant-400\/#breadcrumb\"},\"inLanguage\":\"en-US\",\"potentialAction\":[{\"@type\":\"ReadAction\",\"target\":[\"https:\/\/nirigs.com\/product\/loreal-paris-casting-creme-gloss-coloration-ton-sur-ton-pour-cheveux-sans-ammoniaque-chatain-craquant-400\/\"]}]},{\"@type\":\"ImageObject\",\"inLanguage\":\"en-US\",\"@id\":\"https:\/\/nirigs.com\/product\/loreal-paris-casting-creme-gloss-coloration-ton-sur-ton-pour-cheveux-sans-ammoniaque-chatain-craquant-400\/#primaryimage\",\"url\":\"https:\/\/nirigs.com\/wp-content\/uploads\/2024\/09\/LOreal-Paris-Casting-Creme-Gloss-Coloration-Ton-sur-Ton-pour-Cheveux-Sans-Ammoniaque-Chatain-Craquant-400-Lot-de-2.jpg\",\"contentUrl\":\"https:\/\/nirigs.com\/wp-content\/uploads\/2024\/09\/LOreal-Paris-Casting-Creme-Gloss-Coloration-Ton-sur-Ton-pour-Cheveux-Sans-Ammoniaque-Chatain-Craquant-400-Lot-de-2.jpg\",\"width\":1000,\"height\":1000},{\"@type\":\"BreadcrumbList\",\"@id\":\"https:\/\/nirigs.com\/product\/loreal-paris-casting-creme-gloss-coloration-ton-sur-ton-pour-cheveux-sans-ammoniaque-chatain-craquant-400\/#breadcrumb\",\"itemListElement\":[{\"@type\":\"ListItem\",\"position\":1,\"name\":\"Home\",\"item\":\"https:\/\/nirigs.com\/\"},{\"@type\":\"ListItem\",\"position\":2,\"name\":\"Parcourir\",\"item\":\"https:\/\/nirigs.com\/boutique\/\"},{\"@type\":\"ListItem\",\"position\":3,\"name\":\"L&rsquo;Or\u00e9al Paris &#8211; Casting Cr\u00e8me Gloss Coloration Ton sur Ton pour Cheveux &#8211; Sans Ammoniaque &#8211; Ch\u00e2tain Craquant (400)\"}]},{\"@type\":\"WebSite\",\"@id\":\"https:\/\/nirigs.com\/#website\",\"url\":\"https:\/\/nirigs.com\/\",\"name\":\"Nirigs.com\",\"description\":\"Simplifiez vos achats du quotidien \u00e0 Djibouti\",\"publisher\":{\"@id\":\"https:\/\/nirigs.com\/#organization\"},\"potentialAction\":[{\"@type\":\"SearchAction\",\"target\":{\"@type\":\"EntryPoint\",\"urlTemplate\":\"https:\/\/nirigs.com\/?s={search_term_string}\"},\"query-input\":{\"@type\":\"PropertyValueSpecification\",\"valueRequired\":true,\"valueName\":\"search_term_string\"}}],\"inLanguage\":\"en-US\"},{\"@type\":\"Organization\",\"@id\":\"https:\/\/nirigs.com\/#organization\",\"name\":\"Nirigs\",\"url\":\"https:\/\/nirigs.com\/\",\"logo\":{\"@type\":\"ImageObject\",\"inLanguage\":\"en-US\",\"@id\":\"https:\/\/nirigs.com\/#\/schema\/logo\/image\/\",\"url\":\"https:\/\/nirigs.com\/wp-content\/uploads\/2025\/04\/Design-sans-titre-27.png\",\"contentUrl\":\"https:\/\/nirigs.com\/wp-content\/uploads\/2025\/04\/Design-sans-titre-27.png\",\"width\":500,\"height\":500,\"caption\":\"Nirigs\"},\"image\":{\"@id\":\"https:\/\/nirigs.com\/#\/schema\/logo\/image\/\"}}]}<\/script>\n<!-- \/ Yoast SEO plugin. -->","yoast_head_json":{"title":"L'Or\u00e9al Paris - Casting Cr\u00e8me Gloss Coloration Ton sur Ton pour Cheveux - Sans Ammoniaque - Ch\u00e2tain Craquant (400) - NIRIGS","robots":{"index":"index","follow":"follow","max-snippet":"max-snippet:-1","max-image-preview":"max-image-preview:large","max-video-preview":"max-video-preview:-1"},"canonical":"https:\/\/nirigs.com\/en\/product\/loreal-paris-casting-creme-gloss-coloration-ton-sur-ton-pour-cheveux-sans-ammoniaque-chatain-craquant-400\/","og_locale":"en_US","og_type":"article","og_title":"L'Or\u00e9al Paris - Casting Cr\u00e8me Gloss Coloration Ton sur Ton pour Cheveux - Sans Ammoniaque - Ch\u00e2tain Craquant (400) - NIRIGS","og_description":"Casting Cr\u00e8me Gloss, la coloration id\u00e9ale des 1\u00e8res fois : une formule cr\u00e8me sans ammoniaque pour un r\u00e9sultat ton sur","og_url":"https:\/\/nirigs.com\/en\/product\/loreal-paris-casting-creme-gloss-coloration-ton-sur-ton-pour-cheveux-sans-ammoniaque-chatain-craquant-400\/","og_site_name":"NIRIGS","article_modified_time":"2025-03-13T14:48:19+00:00","og_image":[{"width":1000,"height":1000,"url":"https:\/\/nirigs.com\/wp-content\/uploads\/2024\/09\/LOreal-Paris-Casting-Creme-Gloss-Coloration-Ton-sur-Ton-pour-Cheveux-Sans-Ammoniaque-Chatain-Craquant-400-Lot-de-2.jpg","type":"image\/jpeg"}],"twitter_card":"summary_large_image","twitter_misc":{"Est. reading time":"2 minutes"},"schema":{"@context":"https:\/\/schema.org","@graph":[{"@type":"WebPage","@id":"https:\/\/nirigs.com\/product\/loreal-paris-casting-creme-gloss-coloration-ton-sur-ton-pour-cheveux-sans-ammoniaque-chatain-craquant-400\/","url":"https:\/\/nirigs.com\/product\/loreal-paris-casting-creme-gloss-coloration-ton-sur-ton-pour-cheveux-sans-ammoniaque-chatain-craquant-400\/","name":"L'Or\u00e9al Paris - Casting Cr\u00e8me Gloss Coloration Ton sur Ton pour Cheveux - Sans Ammoniaque - Ch\u00e2tain Craquant (400) - NIRIGS","isPartOf":{"@id":"https:\/\/nirigs.com\/#website"},"primaryImageOfPage":{"@id":"https:\/\/nirigs.com\/product\/loreal-paris-casting-creme-gloss-coloration-ton-sur-ton-pour-cheveux-sans-ammoniaque-chatain-craquant-400\/#primaryimage"},"image":{"@id":"https:\/\/nirigs.com\/product\/loreal-paris-casting-creme-gloss-coloration-ton-sur-ton-pour-cheveux-sans-ammoniaque-chatain-craquant-400\/#primaryimage"},"thumbnailUrl":"https:\/\/nirigs.com\/wp-content\/uploads\/2024\/09\/LOreal-Paris-Casting-Creme-Gloss-Coloration-Ton-sur-Ton-pour-Cheveux-Sans-Ammoniaque-Chatain-Craquant-400-Lot-de-2.jpg","datePublished":"2024-10-02T15:12:19+00:00","dateModified":"2025-03-13T14:48:19+00:00","breadcrumb":{"@id":"https:\/\/nirigs.com\/product\/loreal-paris-casting-creme-gloss-coloration-ton-sur-ton-pour-cheveux-sans-ammoniaque-chatain-craquant-400\/#breadcrumb"},"inLanguage":"en-US","potentialAction":[{"@type":"ReadAction","target":["https:\/\/nirigs.com\/product\/loreal-paris-casting-creme-gloss-coloration-ton-sur-ton-pour-cheveux-sans-ammoniaque-chatain-craquant-400\/"]}]},{"@type":"ImageObject","inLanguage":"en-US","@id":"https:\/\/nirigs.com\/product\/loreal-paris-casting-creme-gloss-coloration-ton-sur-ton-pour-cheveux-sans-ammoniaque-chatain-craquant-400\/#primaryimage","url":"https:\/\/nirigs.com\/wp-content\/uploads\/2024\/09\/LOreal-Paris-Casting-Creme-Gloss-Coloration-Ton-sur-Ton-pour-Cheveux-Sans-Ammoniaque-Chatain-Craquant-400-Lot-de-2.jpg","contentUrl":"https:\/\/nirigs.com\/wp-content\/uploads\/2024\/09\/LOreal-Paris-Casting-Creme-Gloss-Coloration-Ton-sur-Ton-pour-Cheveux-Sans-Ammoniaque-Chatain-Craquant-400-Lot-de-2.jpg","width":1000,"height":1000},{"@type":"BreadcrumbList","@id":"https:\/\/nirigs.com\/product\/loreal-paris-casting-creme-gloss-coloration-ton-sur-ton-pour-cheveux-sans-ammoniaque-chatain-craquant-400\/#breadcrumb","itemListElement":[{"@type":"ListItem","position":1,"name":"Home","item":"https:\/\/nirigs.com\/"},{"@type":"ListItem","position":2,"name":"Parcourir","item":"https:\/\/nirigs.com\/boutique\/"},{"@type":"ListItem","position":3,"name":"L&rsquo;Or\u00e9al Paris &#8211; Casting Cr\u00e8me Gloss Coloration Ton sur Ton pour Cheveux &#8211; Sans Ammoniaque &#8211; Ch\u00e2tain Craquant (400)"}]},{"@type":"WebSite","@id":"https:\/\/nirigs.com\/#website","url":"https:\/\/nirigs.com\/","name":"Nirigs.com","description":"Simplifiez vos achats du quotidien \u00e0 Djibouti","publisher":{"@id":"https:\/\/nirigs.com\/#organization"},"potentialAction":[{"@type":"SearchAction","target":{"@type":"EntryPoint","urlTemplate":"https:\/\/nirigs.com\/?s={search_term_string}"},"query-input":{"@type":"PropertyValueSpecification","valueRequired":true,"valueName":"search_term_string"}}],"inLanguage":"en-US"},{"@type":"Organization","@id":"https:\/\/nirigs.com\/#organization","name":"Nirigs","url":"https:\/\/nirigs.com\/","logo":{"@type":"ImageObject","inLanguage":"en-US","@id":"https:\/\/nirigs.com\/#\/schema\/logo\/image\/","url":"https:\/\/nirigs.com\/wp-content\/uploads\/2025\/04\/Design-sans-titre-27.png","contentUrl":"https:\/\/nirigs.com\/wp-content\/uploads\/2025\/04\/Design-sans-titre-27.png","width":500,"height":500,"caption":"Nirigs"},"image":{"@id":"https:\/\/nirigs.com\/#\/schema\/logo\/image\/"}}]}},"brands":[{"id":588,"name":"L'Or\u00e9al Paris","slug":"loreal-paris"}],"_links":{"self":[{"href":"https:\/\/nirigs.com\/en\/wp-json\/wp\/v2\/product\/21758","targetHints":{"allow":["GET"]}}],"collection":[{"href":"https:\/\/nirigs.com\/en\/wp-json\/wp\/v2\/product"}],"about":[{"href":"https:\/\/nirigs.com\/en\/wp-json\/wp\/v2\/types\/product"}],"replies":[{"embeddable":true,"href":"https:\/\/nirigs.com\/en\/wp-json\/wp\/v2\/comments?post=21758"}],"version-history":[{"count":4,"href":"https:\/\/nirigs.com\/en\/wp-json\/wp\/v2\/product\/21758\/revisions"}],"predecessor-version":[{"id":24850,"href":"https:\/\/nirigs.com\/en\/wp-json\/wp\/v2\/product\/21758\/revisions\/24850"}],"wp:featuredmedia":[{"embeddable":true,"href":"https:\/\/nirigs.com\/en\/wp-json\/wp\/v2\/media\/21761"}],"wp:attachment":[{"href":"https:\/\/nirigs.com\/en\/wp-json\/wp\/v2\/media?parent=21758"}],"wp:term":[{"taxonomy":"pwb-brand","embeddable":true,"href":"https:\/\/nirigs.com\/en\/wp-json\/wp\/v2\/pwb-brand?post=21758"},{"taxonomy":"product_brand","embeddable":true,"href":"https:\/\/nirigs.com\/en\/wp-json\/wp\/v2\/product_brand?post=21758"},{"taxonomy":"product_cat","embeddable":true,"href":"https:\/\/nirigs.com\/en\/wp-json\/wp\/v2\/product_cat?post=21758"},{"taxonomy":"product_tag","embeddable":true,"href":"https:\/\/nirigs.com\/en\/wp-json\/wp\/v2\/product_tag?post=21758"}],"curies":[{"name":"wp","href":"https:\/\/api.w.org\/{rel}","templated":true}]}}