{"id":21715,"date":"2024-10-02T17:43:44","date_gmt":"2024-10-02T14:43:44","guid":{"rendered":"https:\/\/nirigs.com\/?post_type=product&#038;p=21715"},"modified":"2025-04-22T11:38:32","modified_gmt":"2025-04-22T08:38:32","slug":"loreal-paris-elseve-shampooing-booster-de-force-pour-cheveux-cassants-300-ml","status":"publish","type":"product","link":"https:\/\/nirigs.com\/en\/product\/loreal-paris-elseve-shampooing-booster-de-force-pour-cheveux-cassants-300-ml\/","title":{"rendered":"L&rsquo;Or\u00e9al Paris &#8211; ELSEVE Shampooing Booster de Force pour Cheveux Cassants &#8211; 300 ml"},"content":{"rendered":"<p>L&rsquo;Oreal Elvive Full Resist Shampooing renfor\u00e7ant les cheveux fragiles avec Biotine, contre la chute des cheveux Faites le plein d&rsquo;\u00e9nergie pour vos cheveux. Faites le plein d&rsquo;\u00e9nergie avec notre r\u00e9gime Full Resist.<\/p>\n<p>Notre formule renfor\u00e7ant enrichie en biotine agit en affinit\u00e9 avec la fibre capillaire de la racine \u00e0 la pointe.<\/p>\n<p>Id\u00e9ale pour les cheveux faibles et fragiles qui ont tendance \u00e0 se casser et \u00e0 tomber. Plus besoin de s&rsquo;inqui\u00e9ter de la casse ou de la chute excessive des cheveux.<\/p>\n<h4>Use<\/h4>\n<ul>\n<li>Mouiller soigneusement les cheveux.<\/li>\n<li>Appliquer le shampooing sur les cheveux.<\/li>\n<li>Masser le shampooing dans le cuir chevelu et faire mousser.<\/li>\n<li>Rincer le shampooing.<\/li>\n<\/ul>\n<h4 class=\"a-spacing-mini\">Ingredients<\/h4>\n<p>Agua \/ water, sodium laureth sulfate, dimethicone, coco-betaine, sodium chloride, glycol distearate, glycerin, guar hydroxypropyltrimonium chloride, cocamide mipa, sodium benzoate, sodium hydroxide, arginine, salicylic acid, limonene, fumaric acid, panthenol, 2-oleamido-1,3-octadecanediol, biotin, carbomer, citric acid, hexylene glycol and parfum \/ fragrance<\/p>","protected":false},"excerpt":{"rendered":"<p><br data-mce-bogus=\"1\"><\/p>","protected":false},"featured_media":25267,"comment_status":"open","ping_status":"closed","template":"","meta":[],"pwb-brand":[588],"product_brand":[],"product_cat":[267,1022,1026,1024],"product_tag":[],"class_list":{"0":"post-21715","1":"product","2":"type-product","3":"status-publish","4":"has-post-thumbnail","6":"pwb-brand-loreal-paris","7":"product_cat-beaute-et-soins","8":"product_cat-coiffures-et-soins-des-cheveux","9":"product_cat-shampooings","10":"product_cat-soins-des-cheveux","12":"first","13":"instock","14":"shipping-taxable","15":"purchasable","16":"product-type-simple"},"yoast_head":"<!-- This site is optimized with the Yoast SEO plugin v27.1.1 - https:\/\/yoast.com\/product\/yoast-seo-wordpress\/ -->\n<title>L&#039;Or\u00e9al Paris - ELSEVE Shampooing Booster de Force pour Cheveux Cassants - 300 ml - NIRIGS<\/title>\n<meta name=\"robots\" content=\"index, follow, max-snippet:-1, max-image-preview:large, max-video-preview:-1\" \/>\n<link rel=\"canonical\" href=\"https:\/\/nirigs.com\/en\/product\/loreal-paris-elseve-shampooing-booster-de-force-pour-cheveux-cassants-300-ml\/\" \/>\n<meta property=\"og:locale\" content=\"en_US\" \/>\n<meta property=\"og:type\" content=\"article\" \/>\n<meta property=\"og:title\" content=\"L&#039;Or\u00e9al Paris - ELSEVE Shampooing Booster de Force pour Cheveux Cassants - 300 ml - NIRIGS\" \/>\n<meta property=\"og:url\" content=\"https:\/\/nirigs.com\/en\/product\/loreal-paris-elseve-shampooing-booster-de-force-pour-cheveux-cassants-300-ml\/\" \/>\n<meta property=\"og:site_name\" content=\"NIRIGS\" \/>\n<meta property=\"article:modified_time\" content=\"2025-04-22T08:38:32+00:00\" \/>\n<meta property=\"og:image\" content=\"https:\/\/nirigs.com\/wp-content\/uploads\/2024\/10\/03600524098582-a1n1-s01.webp\" \/>\n\t<meta property=\"og:image:width\" content=\"1500\" \/>\n\t<meta property=\"og:image:height\" content=\"1500\" \/>\n\t<meta property=\"og:image:type\" content=\"image\/webp\" \/>\n<meta name=\"twitter:card\" content=\"summary_large_image\" \/>\n<meta name=\"twitter:label1\" content=\"Est. reading time\" \/>\n\t<meta name=\"twitter:data1\" content=\"1 minute\" \/>\n<script type=\"application\/ld+json\" class=\"yoast-schema-graph\">{\"@context\":\"https:\/\/schema.org\",\"@graph\":[{\"@type\":\"WebPage\",\"@id\":\"https:\/\/nirigs.com\/product\/loreal-paris-elseve-shampooing-booster-de-force-pour-cheveux-cassants-300-ml\/\",\"url\":\"https:\/\/nirigs.com\/product\/loreal-paris-elseve-shampooing-booster-de-force-pour-cheveux-cassants-300-ml\/\",\"name\":\"L'Or\u00e9al Paris - ELSEVE Shampooing Booster de Force pour Cheveux Cassants - 300 ml - NIRIGS\",\"isPartOf\":{\"@id\":\"https:\/\/nirigs.com\/#website\"},\"primaryImageOfPage\":{\"@id\":\"https:\/\/nirigs.com\/product\/loreal-paris-elseve-shampooing-booster-de-force-pour-cheveux-cassants-300-ml\/#primaryimage\"},\"image\":{\"@id\":\"https:\/\/nirigs.com\/product\/loreal-paris-elseve-shampooing-booster-de-force-pour-cheveux-cassants-300-ml\/#primaryimage\"},\"thumbnailUrl\":\"https:\/\/nirigs.com\/wp-content\/uploads\/2024\/10\/03600524098582-a1n1-s01.webp\",\"datePublished\":\"2024-10-02T14:43:44+00:00\",\"dateModified\":\"2025-04-22T08:38:32+00:00\",\"breadcrumb\":{\"@id\":\"https:\/\/nirigs.com\/product\/loreal-paris-elseve-shampooing-booster-de-force-pour-cheveux-cassants-300-ml\/#breadcrumb\"},\"inLanguage\":\"en-US\",\"potentialAction\":[{\"@type\":\"ReadAction\",\"target\":[\"https:\/\/nirigs.com\/product\/loreal-paris-elseve-shampooing-booster-de-force-pour-cheveux-cassants-300-ml\/\"]}]},{\"@type\":\"ImageObject\",\"inLanguage\":\"en-US\",\"@id\":\"https:\/\/nirigs.com\/product\/loreal-paris-elseve-shampooing-booster-de-force-pour-cheveux-cassants-300-ml\/#primaryimage\",\"url\":\"https:\/\/nirigs.com\/wp-content\/uploads\/2024\/10\/03600524098582-a1n1-s01.webp\",\"contentUrl\":\"https:\/\/nirigs.com\/wp-content\/uploads\/2024\/10\/03600524098582-a1n1-s01.webp\",\"width\":1500,\"height\":1500},{\"@type\":\"BreadcrumbList\",\"@id\":\"https:\/\/nirigs.com\/product\/loreal-paris-elseve-shampooing-booster-de-force-pour-cheveux-cassants-300-ml\/#breadcrumb\",\"itemListElement\":[{\"@type\":\"ListItem\",\"position\":1,\"name\":\"Home\",\"item\":\"https:\/\/nirigs.com\/\"},{\"@type\":\"ListItem\",\"position\":2,\"name\":\"Parcourir\",\"item\":\"https:\/\/nirigs.com\/boutique\/\"},{\"@type\":\"ListItem\",\"position\":3,\"name\":\"L&rsquo;Or\u00e9al Paris &#8211; ELSEVE Shampooing Booster de Force pour Cheveux Cassants &#8211; 300 ml\"}]},{\"@type\":\"WebSite\",\"@id\":\"https:\/\/nirigs.com\/#website\",\"url\":\"https:\/\/nirigs.com\/\",\"name\":\"Nirigs.com\",\"description\":\"Simplifiez vos achats du quotidien \u00e0 Djibouti\",\"publisher\":{\"@id\":\"https:\/\/nirigs.com\/#organization\"},\"potentialAction\":[{\"@type\":\"SearchAction\",\"target\":{\"@type\":\"EntryPoint\",\"urlTemplate\":\"https:\/\/nirigs.com\/?s={search_term_string}\"},\"query-input\":{\"@type\":\"PropertyValueSpecification\",\"valueRequired\":true,\"valueName\":\"search_term_string\"}}],\"inLanguage\":\"en-US\"},{\"@type\":\"Organization\",\"@id\":\"https:\/\/nirigs.com\/#organization\",\"name\":\"Nirigs\",\"url\":\"https:\/\/nirigs.com\/\",\"logo\":{\"@type\":\"ImageObject\",\"inLanguage\":\"en-US\",\"@id\":\"https:\/\/nirigs.com\/#\/schema\/logo\/image\/\",\"url\":\"https:\/\/nirigs.com\/wp-content\/uploads\/2025\/04\/Design-sans-titre-27.png\",\"contentUrl\":\"https:\/\/nirigs.com\/wp-content\/uploads\/2025\/04\/Design-sans-titre-27.png\",\"width\":500,\"height\":500,\"caption\":\"Nirigs\"},\"image\":{\"@id\":\"https:\/\/nirigs.com\/#\/schema\/logo\/image\/\"}}]}<\/script>\n<!-- \/ Yoast SEO plugin. -->","yoast_head_json":{"title":"L'Or\u00e9al Paris - ELSEVE Shampooing Booster de Force pour Cheveux Cassants - 300 ml - NIRIGS","robots":{"index":"index","follow":"follow","max-snippet":"max-snippet:-1","max-image-preview":"max-image-preview:large","max-video-preview":"max-video-preview:-1"},"canonical":"https:\/\/nirigs.com\/en\/product\/loreal-paris-elseve-shampooing-booster-de-force-pour-cheveux-cassants-300-ml\/","og_locale":"en_US","og_type":"article","og_title":"L'Or\u00e9al Paris - ELSEVE Shampooing Booster de Force pour Cheveux Cassants - 300 ml - NIRIGS","og_url":"https:\/\/nirigs.com\/en\/product\/loreal-paris-elseve-shampooing-booster-de-force-pour-cheveux-cassants-300-ml\/","og_site_name":"NIRIGS","article_modified_time":"2025-04-22T08:38:32+00:00","og_image":[{"width":1500,"height":1500,"url":"https:\/\/nirigs.com\/wp-content\/uploads\/2024\/10\/03600524098582-a1n1-s01.webp","type":"image\/webp"}],"twitter_card":"summary_large_image","twitter_misc":{"Est. reading time":"1 minute"},"schema":{"@context":"https:\/\/schema.org","@graph":[{"@type":"WebPage","@id":"https:\/\/nirigs.com\/product\/loreal-paris-elseve-shampooing-booster-de-force-pour-cheveux-cassants-300-ml\/","url":"https:\/\/nirigs.com\/product\/loreal-paris-elseve-shampooing-booster-de-force-pour-cheveux-cassants-300-ml\/","name":"L'Or\u00e9al Paris - ELSEVE Shampooing Booster de Force pour Cheveux Cassants - 300 ml - NIRIGS","isPartOf":{"@id":"https:\/\/nirigs.com\/#website"},"primaryImageOfPage":{"@id":"https:\/\/nirigs.com\/product\/loreal-paris-elseve-shampooing-booster-de-force-pour-cheveux-cassants-300-ml\/#primaryimage"},"image":{"@id":"https:\/\/nirigs.com\/product\/loreal-paris-elseve-shampooing-booster-de-force-pour-cheveux-cassants-300-ml\/#primaryimage"},"thumbnailUrl":"https:\/\/nirigs.com\/wp-content\/uploads\/2024\/10\/03600524098582-a1n1-s01.webp","datePublished":"2024-10-02T14:43:44+00:00","dateModified":"2025-04-22T08:38:32+00:00","breadcrumb":{"@id":"https:\/\/nirigs.com\/product\/loreal-paris-elseve-shampooing-booster-de-force-pour-cheveux-cassants-300-ml\/#breadcrumb"},"inLanguage":"en-US","potentialAction":[{"@type":"ReadAction","target":["https:\/\/nirigs.com\/product\/loreal-paris-elseve-shampooing-booster-de-force-pour-cheveux-cassants-300-ml\/"]}]},{"@type":"ImageObject","inLanguage":"en-US","@id":"https:\/\/nirigs.com\/product\/loreal-paris-elseve-shampooing-booster-de-force-pour-cheveux-cassants-300-ml\/#primaryimage","url":"https:\/\/nirigs.com\/wp-content\/uploads\/2024\/10\/03600524098582-a1n1-s01.webp","contentUrl":"https:\/\/nirigs.com\/wp-content\/uploads\/2024\/10\/03600524098582-a1n1-s01.webp","width":1500,"height":1500},{"@type":"BreadcrumbList","@id":"https:\/\/nirigs.com\/product\/loreal-paris-elseve-shampooing-booster-de-force-pour-cheveux-cassants-300-ml\/#breadcrumb","itemListElement":[{"@type":"ListItem","position":1,"name":"Home","item":"https:\/\/nirigs.com\/"},{"@type":"ListItem","position":2,"name":"Parcourir","item":"https:\/\/nirigs.com\/boutique\/"},{"@type":"ListItem","position":3,"name":"L&rsquo;Or\u00e9al Paris &#8211; ELSEVE Shampooing Booster de Force pour Cheveux Cassants &#8211; 300 ml"}]},{"@type":"WebSite","@id":"https:\/\/nirigs.com\/#website","url":"https:\/\/nirigs.com\/","name":"Nirigs.com","description":"Simplifiez vos achats du quotidien \u00e0 Djibouti","publisher":{"@id":"https:\/\/nirigs.com\/#organization"},"potentialAction":[{"@type":"SearchAction","target":{"@type":"EntryPoint","urlTemplate":"https:\/\/nirigs.com\/?s={search_term_string}"},"query-input":{"@type":"PropertyValueSpecification","valueRequired":true,"valueName":"search_term_string"}}],"inLanguage":"en-US"},{"@type":"Organization","@id":"https:\/\/nirigs.com\/#organization","name":"Nirigs","url":"https:\/\/nirigs.com\/","logo":{"@type":"ImageObject","inLanguage":"en-US","@id":"https:\/\/nirigs.com\/#\/schema\/logo\/image\/","url":"https:\/\/nirigs.com\/wp-content\/uploads\/2025\/04\/Design-sans-titre-27.png","contentUrl":"https:\/\/nirigs.com\/wp-content\/uploads\/2025\/04\/Design-sans-titre-27.png","width":500,"height":500,"caption":"Nirigs"},"image":{"@id":"https:\/\/nirigs.com\/#\/schema\/logo\/image\/"}}]}},"brands":[{"id":588,"name":"L'Or\u00e9al Paris","slug":"loreal-paris"}],"_links":{"self":[{"href":"https:\/\/nirigs.com\/en\/wp-json\/wp\/v2\/product\/21715","targetHints":{"allow":["GET"]}}],"collection":[{"href":"https:\/\/nirigs.com\/en\/wp-json\/wp\/v2\/product"}],"about":[{"href":"https:\/\/nirigs.com\/en\/wp-json\/wp\/v2\/types\/product"}],"replies":[{"embeddable":true,"href":"https:\/\/nirigs.com\/en\/wp-json\/wp\/v2\/comments?post=21715"}],"version-history":[{"count":7,"href":"https:\/\/nirigs.com\/en\/wp-json\/wp\/v2\/product\/21715\/revisions"}],"predecessor-version":[{"id":26987,"href":"https:\/\/nirigs.com\/en\/wp-json\/wp\/v2\/product\/21715\/revisions\/26987"}],"wp:featuredmedia":[{"embeddable":true,"href":"https:\/\/nirigs.com\/en\/wp-json\/wp\/v2\/media\/25267"}],"wp:attachment":[{"href":"https:\/\/nirigs.com\/en\/wp-json\/wp\/v2\/media?parent=21715"}],"wp:term":[{"taxonomy":"pwb-brand","embeddable":true,"href":"https:\/\/nirigs.com\/en\/wp-json\/wp\/v2\/pwb-brand?post=21715"},{"taxonomy":"product_brand","embeddable":true,"href":"https:\/\/nirigs.com\/en\/wp-json\/wp\/v2\/product_brand?post=21715"},{"taxonomy":"product_cat","embeddable":true,"href":"https:\/\/nirigs.com\/en\/wp-json\/wp\/v2\/product_cat?post=21715"},{"taxonomy":"product_tag","embeddable":true,"href":"https:\/\/nirigs.com\/en\/wp-json\/wp\/v2\/product_tag?post=21715"}],"curies":[{"name":"wp","href":"https:\/\/api.w.org\/{rel}","templated":true}]}}