{"id":21693,"date":"2024-10-02T18:11:29","date_gmt":"2024-10-02T15:11:29","guid":{"rendered":"https:\/\/nirigs.com\/?post_type=product&#038;p=21693"},"modified":"2025-03-13T17:51:40","modified_gmt":"2025-03-13T14:51:40","slug":"loral-paris-soin-magique-embellisseur-instantan-8-secondes-pour-cheveux-longs-elsve-dream-long-200-ml-liquide-sans-silicone","status":"publish","type":"product","link":"https:\/\/nirigs.com\/en\/product\/loral-paris-soin-magique-embellisseur-instantan-8-secondes-pour-cheveux-longs-elsve-dream-long-200-ml-liquide-sans-silicone\/","title":{"rendered":"L&rsquo;Or\u00e9al Paris &#8211; Elseve Dream Long &#8211; Soin Magique Embellisseur Instantan\u00e9 8 Secondes Pour Cheveux Longs &#8211; Elseve Dream Long &#8211; 200 ml"},"content":{"rendered":"<p>Parce que chacune de vos secondes est pr\u00e9cieuse, il ne vous en faudra que 8 pour obtenir une chevelure de r\u00eave ! D\u00e9couvrez le Soin Magique Embellisseur Instantan\u00e9 8 secondes Dream Long.<\/p>\n<p>Le 1er soin liquide instantan\u00e9 qui transforme vos cheveux en toute l\u00e9g\u00e8ret\u00e9 pour une chevelure de r\u00eave en 8 secondes seulement. Formul\u00e9 sans silicone, ce soin \u00e0 rincer, dont la technologie lamellaire resurface la fibre pour plus de brillance, de douceur et de fluidit\u00e9, convient \u00e0 tous types de cheveux.<\/p>\n<h4>Use<\/h4>\n<ul>\n<li>Apr\u00e8s le shampooing, tracer un 8 sur vos longueurs humides et masser pendant 8 secondes,<\/li>\n<li>Puis rincer.<\/li>\n<li>Ajouter une dose suppl\u00e9mentaire pour les cheveux longs ou \u00e9pais.<\/li>\n<\/ul>\n<h4>Ingredients<\/h4>\n<p>PROPYLENE GLYCOL \u2022 ALCOHOL DENAT. \u2022 MYRISTYL ALCOHOL \u2022 AQUA \/ WATER \u2022 PARFUM \/ FRAGRANCE \u2022 DICAPRYLYL CARBONATE \u2022 TOCOPHEROL \u2022 HYDROXYPROPYLTRIMONIUM HYDROLYZED WHEAT PROTEIN \u2022 HYDROXYCITRONELLAL \u2022 PHENOXYETHANOL \u2022 ARGININE PCA \u2022 BEHENTRIMONIUM CHLORIDE \u2022 LIMONENE \u2022 BENZYL SALICYLATE \u2022 LINALOOL \u2022 BENZYL ALCOHOL \u2022 ISOPROPYL ALCOHOL \u2022 ALPHA-ISOMETHYL IONONE \u2022 GERANIOL \u2022 CETRIMONIUM CHLORIDE \u2022 CITRONELLOL \u2022 COUMARIN \u2022 HEXYL CINNAMAL (F.I.L. C263130\/1).<\/p>\n<p>&nbsp;<\/p>","protected":false},"excerpt":{"rendered":"<p>Parce que chacune de vos secondes est pr\u00e9cieuse, il ne vous en faudra que 8 pour obtenir une chevelure de<\/p>","protected":false},"featured_media":22946,"comment_status":"open","ping_status":"closed","template":"","meta":[],"pwb-brand":[588],"product_brand":[],"product_cat":[267,1022,1024,1027],"product_tag":[],"class_list":{"0":"post-21693","1":"product","2":"type-product","3":"status-publish","4":"has-post-thumbnail","6":"pwb-brand-loreal-paris","7":"product_cat-beaute-et-soins","8":"product_cat-coiffures-et-soins-des-cheveux","9":"product_cat-soins-des-cheveux","10":"product_cat-soins-et-masques-pour-les-cheveux","12":"first","13":"instock","14":"shipping-taxable","15":"purchasable","16":"product-type-simple"},"yoast_head":"<!-- This site is optimized with the Yoast SEO plugin v27.1.1 - https:\/\/yoast.com\/product\/yoast-seo-wordpress\/ -->\n<title>L&#039;Or\u00e9al Paris - Elseve Dream Long - Soin Magique Embellisseur Instantan\u00e9 8 Secondes Pour Cheveux Longs - Elseve Dream Long - 200 ml - NIRIGS<\/title>\n<meta name=\"robots\" content=\"index, follow, max-snippet:-1, max-image-preview:large, max-video-preview:-1\" \/>\n<link rel=\"canonical\" href=\"https:\/\/nirigs.com\/en\/product\/loral-paris-soin-magique-embellisseur-instantan-8-secondes-pour-cheveux-longs-elsve-dream-long-200-ml-liquide-sans-silicone\/\" \/>\n<meta property=\"og:locale\" content=\"en_US\" \/>\n<meta property=\"og:type\" content=\"article\" \/>\n<meta property=\"og:title\" content=\"L&#039;Or\u00e9al Paris - Elseve Dream Long - Soin Magique Embellisseur Instantan\u00e9 8 Secondes Pour Cheveux Longs - Elseve Dream Long - 200 ml - NIRIGS\" \/>\n<meta property=\"og:description\" content=\"Parce que chacune de vos secondes est pr\u00e9cieuse, il ne vous en faudra que 8 pour obtenir une chevelure de\" \/>\n<meta property=\"og:url\" content=\"https:\/\/nirigs.com\/en\/product\/loral-paris-soin-magique-embellisseur-instantan-8-secondes-pour-cheveux-longs-elsve-dream-long-200-ml-liquide-sans-silicone\/\" \/>\n<meta property=\"og:site_name\" content=\"NIRIGS\" \/>\n<meta property=\"article:modified_time\" content=\"2025-03-13T14:51:40+00:00\" \/>\n<meta property=\"og:image\" content=\"https:\/\/nirigs.com\/wp-content\/uploads\/2024\/10\/LOreal-Paris-Elseve-Dream-Long-Soin-Magique-Embellisseur-Instantane-8-Secondes-Pour-Cheveux-Longs-200-ml.jpg\" \/>\n\t<meta property=\"og:image:width\" content=\"1000\" \/>\n\t<meta property=\"og:image:height\" content=\"1000\" \/>\n\t<meta property=\"og:image:type\" content=\"image\/jpeg\" \/>\n<meta name=\"twitter:card\" content=\"summary_large_image\" \/>\n<meta name=\"twitter:label1\" content=\"Est. reading time\" \/>\n\t<meta name=\"twitter:data1\" content=\"1 minute\" \/>\n<script type=\"application\/ld+json\" class=\"yoast-schema-graph\">{\"@context\":\"https:\/\/schema.org\",\"@graph\":[{\"@type\":\"WebPage\",\"@id\":\"https:\/\/nirigs.com\/product\/loral-paris-soin-magique-embellisseur-instantan-8-secondes-pour-cheveux-longs-elsve-dream-long-200-ml-liquide-sans-silicone\/\",\"url\":\"https:\/\/nirigs.com\/product\/loral-paris-soin-magique-embellisseur-instantan-8-secondes-pour-cheveux-longs-elsve-dream-long-200-ml-liquide-sans-silicone\/\",\"name\":\"L'Or\u00e9al Paris - Elseve Dream Long - Soin Magique Embellisseur Instantan\u00e9 8 Secondes Pour Cheveux Longs - Elseve Dream Long - 200 ml - NIRIGS\",\"isPartOf\":{\"@id\":\"https:\/\/nirigs.com\/#website\"},\"primaryImageOfPage\":{\"@id\":\"https:\/\/nirigs.com\/product\/loral-paris-soin-magique-embellisseur-instantan-8-secondes-pour-cheveux-longs-elsve-dream-long-200-ml-liquide-sans-silicone\/#primaryimage\"},\"image\":{\"@id\":\"https:\/\/nirigs.com\/product\/loral-paris-soin-magique-embellisseur-instantan-8-secondes-pour-cheveux-longs-elsve-dream-long-200-ml-liquide-sans-silicone\/#primaryimage\"},\"thumbnailUrl\":\"https:\/\/nirigs.com\/wp-content\/uploads\/2024\/10\/LOreal-Paris-Elseve-Dream-Long-Soin-Magique-Embellisseur-Instantane-8-Secondes-Pour-Cheveux-Longs-200-ml.jpg\",\"datePublished\":\"2024-10-02T15:11:29+00:00\",\"dateModified\":\"2025-03-13T14:51:40+00:00\",\"breadcrumb\":{\"@id\":\"https:\/\/nirigs.com\/product\/loral-paris-soin-magique-embellisseur-instantan-8-secondes-pour-cheveux-longs-elsve-dream-long-200-ml-liquide-sans-silicone\/#breadcrumb\"},\"inLanguage\":\"en-US\",\"potentialAction\":[{\"@type\":\"ReadAction\",\"target\":[\"https:\/\/nirigs.com\/product\/loral-paris-soin-magique-embellisseur-instantan-8-secondes-pour-cheveux-longs-elsve-dream-long-200-ml-liquide-sans-silicone\/\"]}]},{\"@type\":\"ImageObject\",\"inLanguage\":\"en-US\",\"@id\":\"https:\/\/nirigs.com\/product\/loral-paris-soin-magique-embellisseur-instantan-8-secondes-pour-cheveux-longs-elsve-dream-long-200-ml-liquide-sans-silicone\/#primaryimage\",\"url\":\"https:\/\/nirigs.com\/wp-content\/uploads\/2024\/10\/LOreal-Paris-Elseve-Dream-Long-Soin-Magique-Embellisseur-Instantane-8-Secondes-Pour-Cheveux-Longs-200-ml.jpg\",\"contentUrl\":\"https:\/\/nirigs.com\/wp-content\/uploads\/2024\/10\/LOreal-Paris-Elseve-Dream-Long-Soin-Magique-Embellisseur-Instantane-8-Secondes-Pour-Cheveux-Longs-200-ml.jpg\",\"width\":1000,\"height\":1000},{\"@type\":\"BreadcrumbList\",\"@id\":\"https:\/\/nirigs.com\/product\/loral-paris-soin-magique-embellisseur-instantan-8-secondes-pour-cheveux-longs-elsve-dream-long-200-ml-liquide-sans-silicone\/#breadcrumb\",\"itemListElement\":[{\"@type\":\"ListItem\",\"position\":1,\"name\":\"Home\",\"item\":\"https:\/\/nirigs.com\/\"},{\"@type\":\"ListItem\",\"position\":2,\"name\":\"Parcourir\",\"item\":\"https:\/\/nirigs.com\/boutique\/\"},{\"@type\":\"ListItem\",\"position\":3,\"name\":\"L&rsquo;Or\u00e9al Paris &#8211; Elseve Dream Long &#8211; Soin Magique Embellisseur Instantan\u00e9 8 Secondes Pour Cheveux Longs &#8211; Elseve Dream Long &#8211; 200 ml\"}]},{\"@type\":\"WebSite\",\"@id\":\"https:\/\/nirigs.com\/#website\",\"url\":\"https:\/\/nirigs.com\/\",\"name\":\"Nirigs.com\",\"description\":\"Simplifiez vos achats du quotidien \u00e0 Djibouti\",\"publisher\":{\"@id\":\"https:\/\/nirigs.com\/#organization\"},\"potentialAction\":[{\"@type\":\"SearchAction\",\"target\":{\"@type\":\"EntryPoint\",\"urlTemplate\":\"https:\/\/nirigs.com\/?s={search_term_string}\"},\"query-input\":{\"@type\":\"PropertyValueSpecification\",\"valueRequired\":true,\"valueName\":\"search_term_string\"}}],\"inLanguage\":\"en-US\"},{\"@type\":\"Organization\",\"@id\":\"https:\/\/nirigs.com\/#organization\",\"name\":\"Nirigs\",\"url\":\"https:\/\/nirigs.com\/\",\"logo\":{\"@type\":\"ImageObject\",\"inLanguage\":\"en-US\",\"@id\":\"https:\/\/nirigs.com\/#\/schema\/logo\/image\/\",\"url\":\"https:\/\/nirigs.com\/wp-content\/uploads\/2025\/04\/Design-sans-titre-27.png\",\"contentUrl\":\"https:\/\/nirigs.com\/wp-content\/uploads\/2025\/04\/Design-sans-titre-27.png\",\"width\":500,\"height\":500,\"caption\":\"Nirigs\"},\"image\":{\"@id\":\"https:\/\/nirigs.com\/#\/schema\/logo\/image\/\"}}]}<\/script>\n<!-- \/ Yoast SEO plugin. -->","yoast_head_json":{"title":"L'Or\u00e9al Paris - Elseve Dream Long - Soin Magique Embellisseur Instantan\u00e9 8 Secondes Pour Cheveux Longs - Elseve Dream Long - 200 ml - NIRIGS","robots":{"index":"index","follow":"follow","max-snippet":"max-snippet:-1","max-image-preview":"max-image-preview:large","max-video-preview":"max-video-preview:-1"},"canonical":"https:\/\/nirigs.com\/en\/product\/loral-paris-soin-magique-embellisseur-instantan-8-secondes-pour-cheveux-longs-elsve-dream-long-200-ml-liquide-sans-silicone\/","og_locale":"en_US","og_type":"article","og_title":"L'Or\u00e9al Paris - Elseve Dream Long - Soin Magique Embellisseur Instantan\u00e9 8 Secondes Pour Cheveux Longs - Elseve Dream Long - 200 ml - NIRIGS","og_description":"Parce que chacune de vos secondes est pr\u00e9cieuse, il ne vous en faudra que 8 pour obtenir une chevelure de","og_url":"https:\/\/nirigs.com\/en\/product\/loral-paris-soin-magique-embellisseur-instantan-8-secondes-pour-cheveux-longs-elsve-dream-long-200-ml-liquide-sans-silicone\/","og_site_name":"NIRIGS","article_modified_time":"2025-03-13T14:51:40+00:00","og_image":[{"width":1000,"height":1000,"url":"https:\/\/nirigs.com\/wp-content\/uploads\/2024\/10\/LOreal-Paris-Elseve-Dream-Long-Soin-Magique-Embellisseur-Instantane-8-Secondes-Pour-Cheveux-Longs-200-ml.jpg","type":"image\/jpeg"}],"twitter_card":"summary_large_image","twitter_misc":{"Est. reading time":"1 minute"},"schema":{"@context":"https:\/\/schema.org","@graph":[{"@type":"WebPage","@id":"https:\/\/nirigs.com\/product\/loral-paris-soin-magique-embellisseur-instantan-8-secondes-pour-cheveux-longs-elsve-dream-long-200-ml-liquide-sans-silicone\/","url":"https:\/\/nirigs.com\/product\/loral-paris-soin-magique-embellisseur-instantan-8-secondes-pour-cheveux-longs-elsve-dream-long-200-ml-liquide-sans-silicone\/","name":"L'Or\u00e9al Paris - Elseve Dream Long - Soin Magique Embellisseur Instantan\u00e9 8 Secondes Pour Cheveux Longs - Elseve Dream Long - 200 ml - NIRIGS","isPartOf":{"@id":"https:\/\/nirigs.com\/#website"},"primaryImageOfPage":{"@id":"https:\/\/nirigs.com\/product\/loral-paris-soin-magique-embellisseur-instantan-8-secondes-pour-cheveux-longs-elsve-dream-long-200-ml-liquide-sans-silicone\/#primaryimage"},"image":{"@id":"https:\/\/nirigs.com\/product\/loral-paris-soin-magique-embellisseur-instantan-8-secondes-pour-cheveux-longs-elsve-dream-long-200-ml-liquide-sans-silicone\/#primaryimage"},"thumbnailUrl":"https:\/\/nirigs.com\/wp-content\/uploads\/2024\/10\/LOreal-Paris-Elseve-Dream-Long-Soin-Magique-Embellisseur-Instantane-8-Secondes-Pour-Cheveux-Longs-200-ml.jpg","datePublished":"2024-10-02T15:11:29+00:00","dateModified":"2025-03-13T14:51:40+00:00","breadcrumb":{"@id":"https:\/\/nirigs.com\/product\/loral-paris-soin-magique-embellisseur-instantan-8-secondes-pour-cheveux-longs-elsve-dream-long-200-ml-liquide-sans-silicone\/#breadcrumb"},"inLanguage":"en-US","potentialAction":[{"@type":"ReadAction","target":["https:\/\/nirigs.com\/product\/loral-paris-soin-magique-embellisseur-instantan-8-secondes-pour-cheveux-longs-elsve-dream-long-200-ml-liquide-sans-silicone\/"]}]},{"@type":"ImageObject","inLanguage":"en-US","@id":"https:\/\/nirigs.com\/product\/loral-paris-soin-magique-embellisseur-instantan-8-secondes-pour-cheveux-longs-elsve-dream-long-200-ml-liquide-sans-silicone\/#primaryimage","url":"https:\/\/nirigs.com\/wp-content\/uploads\/2024\/10\/LOreal-Paris-Elseve-Dream-Long-Soin-Magique-Embellisseur-Instantane-8-Secondes-Pour-Cheveux-Longs-200-ml.jpg","contentUrl":"https:\/\/nirigs.com\/wp-content\/uploads\/2024\/10\/LOreal-Paris-Elseve-Dream-Long-Soin-Magique-Embellisseur-Instantane-8-Secondes-Pour-Cheveux-Longs-200-ml.jpg","width":1000,"height":1000},{"@type":"BreadcrumbList","@id":"https:\/\/nirigs.com\/product\/loral-paris-soin-magique-embellisseur-instantan-8-secondes-pour-cheveux-longs-elsve-dream-long-200-ml-liquide-sans-silicone\/#breadcrumb","itemListElement":[{"@type":"ListItem","position":1,"name":"Home","item":"https:\/\/nirigs.com\/"},{"@type":"ListItem","position":2,"name":"Parcourir","item":"https:\/\/nirigs.com\/boutique\/"},{"@type":"ListItem","position":3,"name":"L&rsquo;Or\u00e9al Paris &#8211; Elseve Dream Long &#8211; Soin Magique Embellisseur Instantan\u00e9 8 Secondes Pour Cheveux Longs &#8211; Elseve Dream Long &#8211; 200 ml"}]},{"@type":"WebSite","@id":"https:\/\/nirigs.com\/#website","url":"https:\/\/nirigs.com\/","name":"Nirigs.com","description":"Simplifiez vos achats du quotidien \u00e0 Djibouti","publisher":{"@id":"https:\/\/nirigs.com\/#organization"},"potentialAction":[{"@type":"SearchAction","target":{"@type":"EntryPoint","urlTemplate":"https:\/\/nirigs.com\/?s={search_term_string}"},"query-input":{"@type":"PropertyValueSpecification","valueRequired":true,"valueName":"search_term_string"}}],"inLanguage":"en-US"},{"@type":"Organization","@id":"https:\/\/nirigs.com\/#organization","name":"Nirigs","url":"https:\/\/nirigs.com\/","logo":{"@type":"ImageObject","inLanguage":"en-US","@id":"https:\/\/nirigs.com\/#\/schema\/logo\/image\/","url":"https:\/\/nirigs.com\/wp-content\/uploads\/2025\/04\/Design-sans-titre-27.png","contentUrl":"https:\/\/nirigs.com\/wp-content\/uploads\/2025\/04\/Design-sans-titre-27.png","width":500,"height":500,"caption":"Nirigs"},"image":{"@id":"https:\/\/nirigs.com\/#\/schema\/logo\/image\/"}}]}},"brands":[{"id":588,"name":"L'Or\u00e9al Paris","slug":"loreal-paris"}],"_links":{"self":[{"href":"https:\/\/nirigs.com\/en\/wp-json\/wp\/v2\/product\/21693","targetHints":{"allow":["GET"]}}],"collection":[{"href":"https:\/\/nirigs.com\/en\/wp-json\/wp\/v2\/product"}],"about":[{"href":"https:\/\/nirigs.com\/en\/wp-json\/wp\/v2\/types\/product"}],"replies":[{"embeddable":true,"href":"https:\/\/nirigs.com\/en\/wp-json\/wp\/v2\/comments?post=21693"}],"version-history":[{"count":9,"href":"https:\/\/nirigs.com\/en\/wp-json\/wp\/v2\/product\/21693\/revisions"}],"predecessor-version":[{"id":24858,"href":"https:\/\/nirigs.com\/en\/wp-json\/wp\/v2\/product\/21693\/revisions\/24858"}],"wp:featuredmedia":[{"embeddable":true,"href":"https:\/\/nirigs.com\/en\/wp-json\/wp\/v2\/media\/22946"}],"wp:attachment":[{"href":"https:\/\/nirigs.com\/en\/wp-json\/wp\/v2\/media?parent=21693"}],"wp:term":[{"taxonomy":"pwb-brand","embeddable":true,"href":"https:\/\/nirigs.com\/en\/wp-json\/wp\/v2\/pwb-brand?post=21693"},{"taxonomy":"product_brand","embeddable":true,"href":"https:\/\/nirigs.com\/en\/wp-json\/wp\/v2\/product_brand?post=21693"},{"taxonomy":"product_cat","embeddable":true,"href":"https:\/\/nirigs.com\/en\/wp-json\/wp\/v2\/product_cat?post=21693"},{"taxonomy":"product_tag","embeddable":true,"href":"https:\/\/nirigs.com\/en\/wp-json\/wp\/v2\/product_tag?post=21693"}],"curies":[{"name":"wp","href":"https:\/\/api.w.org\/{rel}","templated":true}]}}