{"id":21637,"date":"2024-10-15T17:28:12","date_gmt":"2024-10-15T14:28:12","guid":{"rendered":"https:\/\/nirigs.com\/?post_type=product&#038;p=21637"},"modified":"2025-02-02T11:31:28","modified_gmt":"2025-02-02T08:31:28","slug":"odeon-charcoal-and-tea-tree-oil-body-scrub-300-ml","status":"publish","type":"product","link":"https:\/\/nirigs.com\/en\/product\/odeon-charcoal-and-tea-tree-oil-body-scrub-300-ml\/","title":{"rendered":"ODEON - Charcoal and Tea Tree Oil Body Scrub - 300 ml"},"content":{"rendered":"<p>LE POUVOIR D&rsquo;ABSORPTION DU CHARBON ACTIVATIF : D\u00e9couvrez le pouvoir exceptionnel de notre gommage au charbon de bois, o\u00f9 le charbon de bois actif agit comme un aimant, attirant et absorbant la salet\u00e9, les polluants et les bact\u00e9ries de vos pores. Votre peau est ainsi impeccablement fra\u00eeche et revitalis\u00e9e.<\/p>\n<p>Notre gommage au charbon de bois infus\u00e9 d&rsquo;huile d&rsquo;arbre \u00e0 th\u00e9 \u00e9limine efficacement les impuret\u00e9s, les toxines et l&rsquo;exc\u00e8s de s\u00e9bum, garantissant une purification en profondeur de votre peau. Les propri\u00e9t\u00e9s r\u00e9put\u00e9es d&rsquo;absorption du s\u00e9bum du charbon de bois \u00e9quilibrent efficacement votre peau, lui offrant un \u00e9clat sain et sans brillance excessive.<\/p>\n<h4>Use<\/h4>\n<ul>\n<li>Humidifiez la zone d&rsquo;application et appliquez la quantit\u00e9 n\u00e9cessaire.<\/li>\n<li>Frottez doucement le visage et le corps avec des mouvements circulaires vers le haut pendant 3 \u00e0 5 minutes pour exfolier et \u00e9liminer le bronzage.<\/li>\n<li>Rincez \u00e0 l&rsquo;eau ti\u00e8de.<\/li>\n<li>S\u00e9chez en tapotant.<\/li>\n<\/ul>\n<h4>Ingredients<\/h4>\n<p>Charbon de bambou, huile d&rsquo;arbre \u00e0 th\u00e9, vitamine E, poudre de coquille de noix.<\/p>","protected":false},"excerpt":{"rendered":"<p>LE POUVOIR D&rsquo;ABSORPTION DU CHARBON ACTIVATIF : D\u00e9couvrez le pouvoir exceptionnel de notre gommage au charbon de bois, o\u00f9 le<\/p>","protected":false},"featured_media":25213,"comment_status":"open","ping_status":"closed","template":"","meta":[],"pwb-brand":[1098],"product_brand":[],"product_cat":[1049,267,1086,1078],"product_tag":[],"class_list":{"0":"post-21637","1":"product","2":"type-product","3":"status-publish","4":"has-post-thumbnail","6":"pwb-brand-odeon","7":"product_cat-bain-savons-et-soin-du-corps","8":"product_cat-beaute-et-soins","9":"product_cat-gommages-pour-le-corps-soins-pour-le-corps-et-gommages","10":"product_cat-soins-pour-le-corps-et-gommages","12":"first","13":"instock","14":"shipping-taxable","15":"purchasable","16":"product-type-simple"},"yoast_head":"<!-- This site is optimized with the Yoast SEO plugin v27.1.1 - https:\/\/yoast.com\/product\/yoast-seo-wordpress\/ -->\n<title>ODEON - Charcoal and Tea Tree Oil Body Scrub - 300 ml - NIRIGS<\/title>\n<meta name=\"robots\" content=\"index, follow, max-snippet:-1, max-image-preview:large, max-video-preview:-1\" \/>\n<link rel=\"canonical\" href=\"https:\/\/nirigs.com\/en\/product\/odeon-charcoal-and-tea-tree-oil-body-scrub-300-ml\/\" \/>\n<meta property=\"og:locale\" content=\"en_US\" \/>\n<meta property=\"og:type\" content=\"article\" \/>\n<meta property=\"og:title\" content=\"ODEON - Charcoal and Tea Tree Oil Body Scrub - 300 ml - NIRIGS\" \/>\n<meta property=\"og:description\" content=\"LE POUVOIR D&rsquo;ABSORPTION DU CHARBON ACTIVATIF : D\u00e9couvrez le pouvoir exceptionnel de notre gommage au charbon de bois, o\u00f9 le\" \/>\n<meta property=\"og:url\" content=\"https:\/\/nirigs.com\/en\/product\/odeon-charcoal-and-tea-tree-oil-body-scrub-300-ml\/\" \/>\n<meta property=\"og:site_name\" content=\"NIRIGS\" \/>\n<meta property=\"article:modified_time\" content=\"2025-02-02T08:31:28+00:00\" \/>\n<meta property=\"og:image\" content=\"https:\/\/nirigs.com\/wp-content\/uploads\/2024\/09\/ODEON-Charcoal-and-Tea-Tree-Oil-Body-Scrub-300-ml-1.jpg\" \/>\n\t<meta property=\"og:image:width\" content=\"1000\" \/>\n\t<meta property=\"og:image:height\" content=\"1000\" \/>\n\t<meta property=\"og:image:type\" content=\"image\/jpeg\" \/>\n<meta name=\"twitter:card\" content=\"summary_large_image\" \/>\n<meta name=\"twitter:label1\" content=\"Est. reading time\" \/>\n\t<meta name=\"twitter:data1\" content=\"1 minute\" \/>\n<script type=\"application\/ld+json\" class=\"yoast-schema-graph\">{\"@context\":\"https:\/\/schema.org\",\"@graph\":[{\"@type\":\"WebPage\",\"@id\":\"https:\/\/nirigs.com\/product\/odeon-charcoal-and-tea-tree-oil-body-scrub-300-ml\/\",\"url\":\"https:\/\/nirigs.com\/product\/odeon-charcoal-and-tea-tree-oil-body-scrub-300-ml\/\",\"name\":\"ODEON - Charcoal and Tea Tree Oil Body Scrub - 300 ml - NIRIGS\",\"isPartOf\":{\"@id\":\"https:\/\/nirigs.com\/#website\"},\"primaryImageOfPage\":{\"@id\":\"https:\/\/nirigs.com\/product\/odeon-charcoal-and-tea-tree-oil-body-scrub-300-ml\/#primaryimage\"},\"image\":{\"@id\":\"https:\/\/nirigs.com\/product\/odeon-charcoal-and-tea-tree-oil-body-scrub-300-ml\/#primaryimage\"},\"thumbnailUrl\":\"https:\/\/nirigs.com\/wp-content\/uploads\/2024\/09\/ODEON-Charcoal-and-Tea-Tree-Oil-Body-Scrub-300-ml-1.jpg\",\"datePublished\":\"2024-10-15T14:28:12+00:00\",\"dateModified\":\"2025-02-02T08:31:28+00:00\",\"breadcrumb\":{\"@id\":\"https:\/\/nirigs.com\/product\/odeon-charcoal-and-tea-tree-oil-body-scrub-300-ml\/#breadcrumb\"},\"inLanguage\":\"en-US\",\"potentialAction\":[{\"@type\":\"ReadAction\",\"target\":[\"https:\/\/nirigs.com\/product\/odeon-charcoal-and-tea-tree-oil-body-scrub-300-ml\/\"]}]},{\"@type\":\"ImageObject\",\"inLanguage\":\"en-US\",\"@id\":\"https:\/\/nirigs.com\/product\/odeon-charcoal-and-tea-tree-oil-body-scrub-300-ml\/#primaryimage\",\"url\":\"https:\/\/nirigs.com\/wp-content\/uploads\/2024\/09\/ODEON-Charcoal-and-Tea-Tree-Oil-Body-Scrub-300-ml-1.jpg\",\"contentUrl\":\"https:\/\/nirigs.com\/wp-content\/uploads\/2024\/09\/ODEON-Charcoal-and-Tea-Tree-Oil-Body-Scrub-300-ml-1.jpg\",\"width\":1000,\"height\":1000},{\"@type\":\"BreadcrumbList\",\"@id\":\"https:\/\/nirigs.com\/product\/odeon-charcoal-and-tea-tree-oil-body-scrub-300-ml\/#breadcrumb\",\"itemListElement\":[{\"@type\":\"ListItem\",\"position\":1,\"name\":\"Home\",\"item\":\"https:\/\/nirigs.com\/\"},{\"@type\":\"ListItem\",\"position\":2,\"name\":\"Parcourir\",\"item\":\"https:\/\/nirigs.com\/boutique\/\"},{\"@type\":\"ListItem\",\"position\":3,\"name\":\"ODEON &#8211; Charcoal and Tea Tree Oil Body Scrub &#8211; 300 ml\"}]},{\"@type\":\"WebSite\",\"@id\":\"https:\/\/nirigs.com\/#website\",\"url\":\"https:\/\/nirigs.com\/\",\"name\":\"Nirigs.com\",\"description\":\"Simplifiez vos achats du quotidien \u00e0 Djibouti\",\"publisher\":{\"@id\":\"https:\/\/nirigs.com\/#organization\"},\"potentialAction\":[{\"@type\":\"SearchAction\",\"target\":{\"@type\":\"EntryPoint\",\"urlTemplate\":\"https:\/\/nirigs.com\/?s={search_term_string}\"},\"query-input\":{\"@type\":\"PropertyValueSpecification\",\"valueRequired\":true,\"valueName\":\"search_term_string\"}}],\"inLanguage\":\"en-US\"},{\"@type\":\"Organization\",\"@id\":\"https:\/\/nirigs.com\/#organization\",\"name\":\"Nirigs\",\"url\":\"https:\/\/nirigs.com\/\",\"logo\":{\"@type\":\"ImageObject\",\"inLanguage\":\"en-US\",\"@id\":\"https:\/\/nirigs.com\/#\/schema\/logo\/image\/\",\"url\":\"https:\/\/nirigs.com\/wp-content\/uploads\/2025\/04\/Design-sans-titre-27.png\",\"contentUrl\":\"https:\/\/nirigs.com\/wp-content\/uploads\/2025\/04\/Design-sans-titre-27.png\",\"width\":500,\"height\":500,\"caption\":\"Nirigs\"},\"image\":{\"@id\":\"https:\/\/nirigs.com\/#\/schema\/logo\/image\/\"}}]}<\/script>\n<!-- \/ Yoast SEO plugin. -->","yoast_head_json":{"title":"ODEON - Charcoal and Tea Tree Oil Body Scrub - 300 ml - NIRIGS","robots":{"index":"index","follow":"follow","max-snippet":"max-snippet:-1","max-image-preview":"max-image-preview:large","max-video-preview":"max-video-preview:-1"},"canonical":"https:\/\/nirigs.com\/en\/product\/odeon-charcoal-and-tea-tree-oil-body-scrub-300-ml\/","og_locale":"en_US","og_type":"article","og_title":"ODEON - Charcoal and Tea Tree Oil Body Scrub - 300 ml - NIRIGS","og_description":"LE POUVOIR D&rsquo;ABSORPTION DU CHARBON ACTIVATIF : D\u00e9couvrez le pouvoir exceptionnel de notre gommage au charbon de bois, o\u00f9 le","og_url":"https:\/\/nirigs.com\/en\/product\/odeon-charcoal-and-tea-tree-oil-body-scrub-300-ml\/","og_site_name":"NIRIGS","article_modified_time":"2025-02-02T08:31:28+00:00","og_image":[{"width":1000,"height":1000,"url":"https:\/\/nirigs.com\/wp-content\/uploads\/2024\/09\/ODEON-Charcoal-and-Tea-Tree-Oil-Body-Scrub-300-ml-1.jpg","type":"image\/jpeg"}],"twitter_card":"summary_large_image","twitter_misc":{"Est. reading time":"1 minute"},"schema":{"@context":"https:\/\/schema.org","@graph":[{"@type":"WebPage","@id":"https:\/\/nirigs.com\/product\/odeon-charcoal-and-tea-tree-oil-body-scrub-300-ml\/","url":"https:\/\/nirigs.com\/product\/odeon-charcoal-and-tea-tree-oil-body-scrub-300-ml\/","name":"ODEON - Charcoal and Tea Tree Oil Body Scrub - 300 ml - NIRIGS","isPartOf":{"@id":"https:\/\/nirigs.com\/#website"},"primaryImageOfPage":{"@id":"https:\/\/nirigs.com\/product\/odeon-charcoal-and-tea-tree-oil-body-scrub-300-ml\/#primaryimage"},"image":{"@id":"https:\/\/nirigs.com\/product\/odeon-charcoal-and-tea-tree-oil-body-scrub-300-ml\/#primaryimage"},"thumbnailUrl":"https:\/\/nirigs.com\/wp-content\/uploads\/2024\/09\/ODEON-Charcoal-and-Tea-Tree-Oil-Body-Scrub-300-ml-1.jpg","datePublished":"2024-10-15T14:28:12+00:00","dateModified":"2025-02-02T08:31:28+00:00","breadcrumb":{"@id":"https:\/\/nirigs.com\/product\/odeon-charcoal-and-tea-tree-oil-body-scrub-300-ml\/#breadcrumb"},"inLanguage":"en-US","potentialAction":[{"@type":"ReadAction","target":["https:\/\/nirigs.com\/product\/odeon-charcoal-and-tea-tree-oil-body-scrub-300-ml\/"]}]},{"@type":"ImageObject","inLanguage":"en-US","@id":"https:\/\/nirigs.com\/product\/odeon-charcoal-and-tea-tree-oil-body-scrub-300-ml\/#primaryimage","url":"https:\/\/nirigs.com\/wp-content\/uploads\/2024\/09\/ODEON-Charcoal-and-Tea-Tree-Oil-Body-Scrub-300-ml-1.jpg","contentUrl":"https:\/\/nirigs.com\/wp-content\/uploads\/2024\/09\/ODEON-Charcoal-and-Tea-Tree-Oil-Body-Scrub-300-ml-1.jpg","width":1000,"height":1000},{"@type":"BreadcrumbList","@id":"https:\/\/nirigs.com\/product\/odeon-charcoal-and-tea-tree-oil-body-scrub-300-ml\/#breadcrumb","itemListElement":[{"@type":"ListItem","position":1,"name":"Home","item":"https:\/\/nirigs.com\/"},{"@type":"ListItem","position":2,"name":"Parcourir","item":"https:\/\/nirigs.com\/boutique\/"},{"@type":"ListItem","position":3,"name":"ODEON &#8211; Charcoal and Tea Tree Oil Body Scrub &#8211; 300 ml"}]},{"@type":"WebSite","@id":"https:\/\/nirigs.com\/#website","url":"https:\/\/nirigs.com\/","name":"Nirigs.com","description":"Simplifiez vos achats du quotidien \u00e0 Djibouti","publisher":{"@id":"https:\/\/nirigs.com\/#organization"},"potentialAction":[{"@type":"SearchAction","target":{"@type":"EntryPoint","urlTemplate":"https:\/\/nirigs.com\/?s={search_term_string}"},"query-input":{"@type":"PropertyValueSpecification","valueRequired":true,"valueName":"search_term_string"}}],"inLanguage":"en-US"},{"@type":"Organization","@id":"https:\/\/nirigs.com\/#organization","name":"Nirigs","url":"https:\/\/nirigs.com\/","logo":{"@type":"ImageObject","inLanguage":"en-US","@id":"https:\/\/nirigs.com\/#\/schema\/logo\/image\/","url":"https:\/\/nirigs.com\/wp-content\/uploads\/2025\/04\/Design-sans-titre-27.png","contentUrl":"https:\/\/nirigs.com\/wp-content\/uploads\/2025\/04\/Design-sans-titre-27.png","width":500,"height":500,"caption":"Nirigs"},"image":{"@id":"https:\/\/nirigs.com\/#\/schema\/logo\/image\/"}}]}},"brands":[{"id":1098,"name":"Odeon","slug":"odeon"}],"_links":{"self":[{"href":"https:\/\/nirigs.com\/en\/wp-json\/wp\/v2\/product\/21637","targetHints":{"allow":["GET"]}}],"collection":[{"href":"https:\/\/nirigs.com\/en\/wp-json\/wp\/v2\/product"}],"about":[{"href":"https:\/\/nirigs.com\/en\/wp-json\/wp\/v2\/types\/product"}],"replies":[{"embeddable":true,"href":"https:\/\/nirigs.com\/en\/wp-json\/wp\/v2\/comments?post=21637"}],"version-history":[{"count":5,"href":"https:\/\/nirigs.com\/en\/wp-json\/wp\/v2\/product\/21637\/revisions"}],"predecessor-version":[{"id":25285,"href":"https:\/\/nirigs.com\/en\/wp-json\/wp\/v2\/product\/21637\/revisions\/25285"}],"wp:featuredmedia":[{"embeddable":true,"href":"https:\/\/nirigs.com\/en\/wp-json\/wp\/v2\/media\/25213"}],"wp:attachment":[{"href":"https:\/\/nirigs.com\/en\/wp-json\/wp\/v2\/media?parent=21637"}],"wp:term":[{"taxonomy":"pwb-brand","embeddable":true,"href":"https:\/\/nirigs.com\/en\/wp-json\/wp\/v2\/pwb-brand?post=21637"},{"taxonomy":"product_brand","embeddable":true,"href":"https:\/\/nirigs.com\/en\/wp-json\/wp\/v2\/product_brand?post=21637"},{"taxonomy":"product_cat","embeddable":true,"href":"https:\/\/nirigs.com\/en\/wp-json\/wp\/v2\/product_cat?post=21637"},{"taxonomy":"product_tag","embeddable":true,"href":"https:\/\/nirigs.com\/en\/wp-json\/wp\/v2\/product_tag?post=21637"}],"curies":[{"name":"wp","href":"https:\/\/api.w.org\/{rel}","templated":true}]}}