{"id":21604,"date":"2024-10-02T17:20:56","date_gmt":"2024-10-02T14:20:56","guid":{"rendered":"https:\/\/nirigs.com\/?post_type=product&#038;p=21604"},"modified":"2025-04-22T18:16:07","modified_gmt":"2025-04-22T15:16:07","slug":"cadum-gel-douche-hydratation-450-ml","status":"publish","type":"product","link":"https:\/\/nirigs.com\/en\/product\/cadum-gel-douche-hydratation-450-ml\/","title":{"rendered":"CADUM - Moisturizing Shower Gel - 450 ml"},"content":{"rendered":"<p>Cadum, sp\u00e9cialiste de la douceur depuis 1907, a mis tout son savoir-faire dans sa Cr\u00e8me Douche Hydratation Longue Dur\u00e9e enrichie de 1\/3 de lotion hydratante. Votre peau est ressourc\u00e9e, souple et d\u00e9licatement parfum\u00e9e comme celle d&rsquo;un b\u00e9b\u00e9.<\/p>\n<h4>Use<\/h4>\n<ul>\n<li>Appliquez sur une peau pr\u00e9alablement mouill\u00e9e.<\/li>\n<li>Faites mousser.<\/li>\n<li>Rincez.<\/li>\n<\/ul>\n<h4>Ingredients<\/h4>\n<p>AQUA \/ WATER &#8211; SODIUM LAURETH SULFATE &#8211; GLYCERIN &#8211; COCO-BETAINE &#8211; SODIUM CHLORIDE &#8211; PARFUM \/ FRAGRANCE &#8211; GOSSYPIUM HERBACEUM EXTRACT \/ COTTON EXTRACT &#8211; MALTODEXTRIN &#8211; CITRIC ACID &#8211; SODIUM HYDROXIDE &#8211; GLYCOL DISTEARATE &#8211; PRUNUS AMYGDALUS DULCIS OIL \/ SWEET ALMOND OIL &#8211; ACRYLATES COPOLYMER &#8211; COCAMIDE MEA &#8211; POLYQUATERNIUM-7 &#8211; PPG-5-CETETH-20 &#8211; ALPHA-ISOMETHYL IONONE &#8211; BENZYL ALCOHOL &#8211; BENZYL SALICYLATE &#8211; CITRONELLOL &#8211; COUMARIN &#8211; GERANIOL &#8211; HEXYL CINNAMAL &#8211; LIMONENE &#8211; LINALOOL &#8211; SODIUM BENZOATE (F.I.L. Z70020240\/1). Les listes d&rsquo;ingr\u00e9dients entrant dans la composition des produits de notre marque sont r\u00e9guli\u00e8rement mises \u00e0 jour. Avant d&rsquo;utiliser un produit de notre marque, vous \u00eates invit\u00e9s \u00e0 lire la liste d&rsquo;ingr\u00e9dients figurant sur son emballage afin de vous assurer que les ingr\u00e9dients sont adapt\u00e9s \u00e0 votre utilisation personnelle.<\/p>","protected":false},"excerpt":{"rendered":"<p><br data-mce-bogus=\"1\"><\/p>","protected":false},"featured_media":21605,"comment_status":"closed","ping_status":"closed","template":"","meta":[],"pwb-brand":[1109],"product_brand":[],"product_cat":[1049,267,1081,1077],"product_tag":[],"class_list":{"0":"post-21604","1":"product","2":"type-product","3":"status-publish","4":"has-post-thumbnail","6":"pwb-brand-cadum","7":"product_cat-bain-savons-et-soin-du-corps","8":"product_cat-beaute-et-soins","9":"product_cat-gels-douche","10":"product_cat-savons-et-gels-douche","12":"first","13":"instock","14":"shipping-taxable","15":"purchasable","16":"product-type-simple"},"yoast_head":"<!-- This site is optimized with the Yoast SEO plugin v27.1.1 - https:\/\/yoast.com\/product\/yoast-seo-wordpress\/ -->\n<title>CADUM - Gel Douche Hydratation - 450 ml - NIRIGS<\/title>\n<meta name=\"robots\" content=\"index, follow, max-snippet:-1, max-image-preview:large, max-video-preview:-1\" \/>\n<link rel=\"canonical\" href=\"https:\/\/nirigs.com\/en\/product\/cadum-gel-douche-hydratation-450-ml\/\" \/>\n<meta property=\"og:locale\" content=\"en_US\" \/>\n<meta property=\"og:type\" content=\"article\" \/>\n<meta property=\"og:title\" content=\"CADUM - Gel Douche Hydratation - 450 ml - NIRIGS\" \/>\n<meta property=\"og:url\" content=\"https:\/\/nirigs.com\/en\/product\/cadum-gel-douche-hydratation-450-ml\/\" \/>\n<meta property=\"og:site_name\" content=\"NIRIGS\" \/>\n<meta property=\"article:modified_time\" content=\"2025-04-22T15:16:07+00:00\" \/>\n<meta property=\"og:image\" content=\"https:\/\/nirigs.com\/wp-content\/uploads\/2024\/09\/CADUM-Gel-Douche-Hydratation-450ML.jpg\" \/>\n\t<meta property=\"og:image:width\" content=\"1000\" \/>\n\t<meta property=\"og:image:height\" content=\"1000\" \/>\n\t<meta property=\"og:image:type\" content=\"image\/jpeg\" \/>\n<meta name=\"twitter:card\" content=\"summary_large_image\" \/>\n<meta name=\"twitter:label1\" content=\"Est. reading time\" \/>\n\t<meta name=\"twitter:data1\" content=\"1 minute\" \/>\n<script type=\"application\/ld+json\" class=\"yoast-schema-graph\">{\"@context\":\"https:\/\/schema.org\",\"@graph\":[{\"@type\":\"WebPage\",\"@id\":\"https:\/\/nirigs.com\/product\/cadum-gel-douche-hydratation-450-ml\/\",\"url\":\"https:\/\/nirigs.com\/product\/cadum-gel-douche-hydratation-450-ml\/\",\"name\":\"CADUM - Gel Douche Hydratation - 450 ml - NIRIGS\",\"isPartOf\":{\"@id\":\"https:\/\/nirigs.com\/#website\"},\"primaryImageOfPage\":{\"@id\":\"https:\/\/nirigs.com\/product\/cadum-gel-douche-hydratation-450-ml\/#primaryimage\"},\"image\":{\"@id\":\"https:\/\/nirigs.com\/product\/cadum-gel-douche-hydratation-450-ml\/#primaryimage\"},\"thumbnailUrl\":\"https:\/\/nirigs.com\/wp-content\/uploads\/2024\/09\/CADUM-Gel-Douche-Hydratation-450ML.jpg\",\"datePublished\":\"2024-10-02T14:20:56+00:00\",\"dateModified\":\"2025-04-22T15:16:07+00:00\",\"breadcrumb\":{\"@id\":\"https:\/\/nirigs.com\/product\/cadum-gel-douche-hydratation-450-ml\/#breadcrumb\"},\"inLanguage\":\"en-US\",\"potentialAction\":[{\"@type\":\"ReadAction\",\"target\":[\"https:\/\/nirigs.com\/product\/cadum-gel-douche-hydratation-450-ml\/\"]}]},{\"@type\":\"ImageObject\",\"inLanguage\":\"en-US\",\"@id\":\"https:\/\/nirigs.com\/product\/cadum-gel-douche-hydratation-450-ml\/#primaryimage\",\"url\":\"https:\/\/nirigs.com\/wp-content\/uploads\/2024\/09\/CADUM-Gel-Douche-Hydratation-450ML.jpg\",\"contentUrl\":\"https:\/\/nirigs.com\/wp-content\/uploads\/2024\/09\/CADUM-Gel-Douche-Hydratation-450ML.jpg\",\"width\":1000,\"height\":1000},{\"@type\":\"BreadcrumbList\",\"@id\":\"https:\/\/nirigs.com\/product\/cadum-gel-douche-hydratation-450-ml\/#breadcrumb\",\"itemListElement\":[{\"@type\":\"ListItem\",\"position\":1,\"name\":\"Home\",\"item\":\"https:\/\/nirigs.com\/\"},{\"@type\":\"ListItem\",\"position\":2,\"name\":\"Parcourir\",\"item\":\"https:\/\/nirigs.com\/boutique\/\"},{\"@type\":\"ListItem\",\"position\":3,\"name\":\"CADUM &#8211; Gel Douche Hydratation &#8211; 450 ml\"}]},{\"@type\":\"WebSite\",\"@id\":\"https:\/\/nirigs.com\/#website\",\"url\":\"https:\/\/nirigs.com\/\",\"name\":\"Nirigs.com\",\"description\":\"Simplifiez vos achats du quotidien \u00e0 Djibouti\",\"publisher\":{\"@id\":\"https:\/\/nirigs.com\/#organization\"},\"potentialAction\":[{\"@type\":\"SearchAction\",\"target\":{\"@type\":\"EntryPoint\",\"urlTemplate\":\"https:\/\/nirigs.com\/?s={search_term_string}\"},\"query-input\":{\"@type\":\"PropertyValueSpecification\",\"valueRequired\":true,\"valueName\":\"search_term_string\"}}],\"inLanguage\":\"en-US\"},{\"@type\":\"Organization\",\"@id\":\"https:\/\/nirigs.com\/#organization\",\"name\":\"Nirigs\",\"url\":\"https:\/\/nirigs.com\/\",\"logo\":{\"@type\":\"ImageObject\",\"inLanguage\":\"en-US\",\"@id\":\"https:\/\/nirigs.com\/#\/schema\/logo\/image\/\",\"url\":\"https:\/\/nirigs.com\/wp-content\/uploads\/2025\/04\/Design-sans-titre-27.png\",\"contentUrl\":\"https:\/\/nirigs.com\/wp-content\/uploads\/2025\/04\/Design-sans-titre-27.png\",\"width\":500,\"height\":500,\"caption\":\"Nirigs\"},\"image\":{\"@id\":\"https:\/\/nirigs.com\/#\/schema\/logo\/image\/\"}}]}<\/script>\n<!-- \/ Yoast SEO plugin. -->","yoast_head_json":{"title":"CADUM - Gel Douche Hydratation - 450 ml - NIRIGS","robots":{"index":"index","follow":"follow","max-snippet":"max-snippet:-1","max-image-preview":"max-image-preview:large","max-video-preview":"max-video-preview:-1"},"canonical":"https:\/\/nirigs.com\/en\/product\/cadum-gel-douche-hydratation-450-ml\/","og_locale":"en_US","og_type":"article","og_title":"CADUM - Gel Douche Hydratation - 450 ml - NIRIGS","og_url":"https:\/\/nirigs.com\/en\/product\/cadum-gel-douche-hydratation-450-ml\/","og_site_name":"NIRIGS","article_modified_time":"2025-04-22T15:16:07+00:00","og_image":[{"width":1000,"height":1000,"url":"https:\/\/nirigs.com\/wp-content\/uploads\/2024\/09\/CADUM-Gel-Douche-Hydratation-450ML.jpg","type":"image\/jpeg"}],"twitter_card":"summary_large_image","twitter_misc":{"Est. reading time":"1 minute"},"schema":{"@context":"https:\/\/schema.org","@graph":[{"@type":"WebPage","@id":"https:\/\/nirigs.com\/product\/cadum-gel-douche-hydratation-450-ml\/","url":"https:\/\/nirigs.com\/product\/cadum-gel-douche-hydratation-450-ml\/","name":"CADUM - Gel Douche Hydratation - 450 ml - NIRIGS","isPartOf":{"@id":"https:\/\/nirigs.com\/#website"},"primaryImageOfPage":{"@id":"https:\/\/nirigs.com\/product\/cadum-gel-douche-hydratation-450-ml\/#primaryimage"},"image":{"@id":"https:\/\/nirigs.com\/product\/cadum-gel-douche-hydratation-450-ml\/#primaryimage"},"thumbnailUrl":"https:\/\/nirigs.com\/wp-content\/uploads\/2024\/09\/CADUM-Gel-Douche-Hydratation-450ML.jpg","datePublished":"2024-10-02T14:20:56+00:00","dateModified":"2025-04-22T15:16:07+00:00","breadcrumb":{"@id":"https:\/\/nirigs.com\/product\/cadum-gel-douche-hydratation-450-ml\/#breadcrumb"},"inLanguage":"en-US","potentialAction":[{"@type":"ReadAction","target":["https:\/\/nirigs.com\/product\/cadum-gel-douche-hydratation-450-ml\/"]}]},{"@type":"ImageObject","inLanguage":"en-US","@id":"https:\/\/nirigs.com\/product\/cadum-gel-douche-hydratation-450-ml\/#primaryimage","url":"https:\/\/nirigs.com\/wp-content\/uploads\/2024\/09\/CADUM-Gel-Douche-Hydratation-450ML.jpg","contentUrl":"https:\/\/nirigs.com\/wp-content\/uploads\/2024\/09\/CADUM-Gel-Douche-Hydratation-450ML.jpg","width":1000,"height":1000},{"@type":"BreadcrumbList","@id":"https:\/\/nirigs.com\/product\/cadum-gel-douche-hydratation-450-ml\/#breadcrumb","itemListElement":[{"@type":"ListItem","position":1,"name":"Home","item":"https:\/\/nirigs.com\/"},{"@type":"ListItem","position":2,"name":"Parcourir","item":"https:\/\/nirigs.com\/boutique\/"},{"@type":"ListItem","position":3,"name":"CADUM &#8211; Gel Douche Hydratation &#8211; 450 ml"}]},{"@type":"WebSite","@id":"https:\/\/nirigs.com\/#website","url":"https:\/\/nirigs.com\/","name":"Nirigs.com","description":"Simplifiez vos achats du quotidien \u00e0 Djibouti","publisher":{"@id":"https:\/\/nirigs.com\/#organization"},"potentialAction":[{"@type":"SearchAction","target":{"@type":"EntryPoint","urlTemplate":"https:\/\/nirigs.com\/?s={search_term_string}"},"query-input":{"@type":"PropertyValueSpecification","valueRequired":true,"valueName":"search_term_string"}}],"inLanguage":"en-US"},{"@type":"Organization","@id":"https:\/\/nirigs.com\/#organization","name":"Nirigs","url":"https:\/\/nirigs.com\/","logo":{"@type":"ImageObject","inLanguage":"en-US","@id":"https:\/\/nirigs.com\/#\/schema\/logo\/image\/","url":"https:\/\/nirigs.com\/wp-content\/uploads\/2025\/04\/Design-sans-titre-27.png","contentUrl":"https:\/\/nirigs.com\/wp-content\/uploads\/2025\/04\/Design-sans-titre-27.png","width":500,"height":500,"caption":"Nirigs"},"image":{"@id":"https:\/\/nirigs.com\/#\/schema\/logo\/image\/"}}]}},"brands":[{"id":1109,"name":"Cadum","slug":"cadum"}],"_links":{"self":[{"href":"https:\/\/nirigs.com\/en\/wp-json\/wp\/v2\/product\/21604","targetHints":{"allow":["GET"]}}],"collection":[{"href":"https:\/\/nirigs.com\/en\/wp-json\/wp\/v2\/product"}],"about":[{"href":"https:\/\/nirigs.com\/en\/wp-json\/wp\/v2\/types\/product"}],"replies":[{"embeddable":true,"href":"https:\/\/nirigs.com\/en\/wp-json\/wp\/v2\/comments?post=21604"}],"version-history":[{"count":9,"href":"https:\/\/nirigs.com\/en\/wp-json\/wp\/v2\/product\/21604\/revisions"}],"predecessor-version":[{"id":27035,"href":"https:\/\/nirigs.com\/en\/wp-json\/wp\/v2\/product\/21604\/revisions\/27035"}],"wp:featuredmedia":[{"embeddable":true,"href":"https:\/\/nirigs.com\/en\/wp-json\/wp\/v2\/media\/21605"}],"wp:attachment":[{"href":"https:\/\/nirigs.com\/en\/wp-json\/wp\/v2\/media?parent=21604"}],"wp:term":[{"taxonomy":"pwb-brand","embeddable":true,"href":"https:\/\/nirigs.com\/en\/wp-json\/wp\/v2\/pwb-brand?post=21604"},{"taxonomy":"product_brand","embeddable":true,"href":"https:\/\/nirigs.com\/en\/wp-json\/wp\/v2\/product_brand?post=21604"},{"taxonomy":"product_cat","embeddable":true,"href":"https:\/\/nirigs.com\/en\/wp-json\/wp\/v2\/product_cat?post=21604"},{"taxonomy":"product_tag","embeddable":true,"href":"https:\/\/nirigs.com\/en\/wp-json\/wp\/v2\/product_tag?post=21604"}],"curies":[{"name":"wp","href":"https:\/\/api.w.org\/{rel}","templated":true}]}}