{"id":21592,"date":"2024-10-02T17:33:37","date_gmt":"2024-10-02T14:33:37","guid":{"rendered":"https:\/\/nirigs.com\/?post_type=product&#038;p=21592"},"modified":"2025-04-22T18:15:25","modified_gmt":"2025-04-22T15:15:25","slug":"cadum-soif-daloe-gel-de-douche-figue-400-ml","status":"publish","type":"product","link":"https:\/\/nirigs.com\/en\/product\/cadum-soif-daloe-gel-de-douche-figue-400-ml\/","title":{"rendered":"Cadum - Soif d'Aloe Fig Shower Gel - 400 ml"},"content":{"rendered":"<p>Le pouvoir hydratant de la s\u00e8ve d&rsquo;aloe naturelle. Cadum, sp\u00e9cialiste de la douceur depuis 1907, a mis tout son savoir-faire dans cette gel\u00e9e de douche, pour offrir \u00e0 votre peau la douceur d\u2019une hydratation v\u00e9g\u00e9tale. Concentr\u00e9e en s\u00e8ve d&rsquo;alo\u00e9 vera naturelle et parfum\u00e9e \u00e0 la figue, sa formule tr\u00e8s douce r\u00e9concilie un fort pouvoir hydratant et une sensation peau l\u00e9g\u00e8re et fra\u00eeche. Id\u00e9ale pour les petits comme pour les grands.<\/p>\n<ul class=\"a-unordered-list a-vertical a-spacing-mini\">\n<li class=\"a-spacing-mini\"><span class=\"a-list-item\">Une gel\u00e9e de douche extra-fra\u00eeche et l\u00e9g\u00e8re pour une hydratation v\u00e9g\u00e9tale toute en douceur.<\/span><\/li>\n<li class=\"a-spacing-mini\"><span class=\"a-list-item\">Un d\u00e9licieux parfum de figue pour encore plus de plaisir.<\/span><\/li>\n<li class=\"a-spacing-mini\"><span class=\"a-list-item\">Une formule concentr\u00e9e en s\u00e8ve d&rsquo;alo\u00e9 verra naturelle.<\/span><\/li>\n<li class=\"a-spacing-mini\"><span class=\"a-list-item\">Id\u00e9ale pour les petits comme pour les grands, convient m\u00eame aux peaux s\u00e8ches et sensibles.<\/span><\/li>\n<li class=\"a-spacing-mini\"><span class=\"a-list-item\">Pour encore plus d\u2019hydratation fra\u00eecheur, essayez Le Lait Corps Hydra- apaisant Soif d\u2019Alo\u00e9 pour une peau hydrat\u00e9e sans fini collant.<\/span><\/li>\n<\/ul>\n<h4>Use<\/h4>\n<ul>\n<li>Appliquez sur une peau pr\u00e9alablement mouill\u00e9e,<\/li>\n<li>Faites mousser,<\/li>\n<li>Rincez.<\/li>\n<\/ul>\n<h4>Ingredients<\/h4>\n<p>744771 02 &#8211; INGR\u00c9DIENTS : AQUA \/ WATER, SODIUM LAURETH SULFATE, GLYCERIN, COCO-BETAINE, ALOE BARBADENSIS LEAF JUICE, SODIUM CHLORIDE, PPG-5-CETETH-20, PEG-150 DISTEARATE, LINALOOL, POTASSIUM SORBATE, PARFUM \/<br \/>FRAGRANCE, ALPHA-ISOMETHYL, IONONE, SODIUM BENZOATE, SALICYLIC ACID, SODIUM ACETATE, SODIUM HYDROXIDE, ISOPROPYL, ALCOHOL, CITRIC ACID, XANTHAN, GUM, FICUS CARICA EXTRACT \/ FIG, EXTRACT, POLYQUATERNIUM-10<br \/>(F.I.L. Z290406\/1).<\/p>\n<p><\/p>\n<p><\/p>","protected":false},"excerpt":{"rendered":"<p><br data-mce-bogus=\"1\"><\/p>","protected":false},"featured_media":21593,"comment_status":"open","ping_status":"closed","template":"","meta":[],"pwb-brand":[1109],"product_brand":[],"product_cat":[1049,267,1081,1077],"product_tag":[],"class_list":{"0":"post-21592","1":"product","2":"type-product","3":"status-publish","4":"has-post-thumbnail","6":"pwb-brand-cadum","7":"product_cat-bain-savons-et-soin-du-corps","8":"product_cat-beaute-et-soins","9":"product_cat-gels-douche","10":"product_cat-savons-et-gels-douche","12":"first","13":"instock","14":"shipping-taxable","15":"purchasable","16":"product-type-simple"},"yoast_head":"<!-- This site is optimized with the Yoast SEO plugin v27.1.1 - https:\/\/yoast.com\/product\/yoast-seo-wordpress\/ -->\n<title>Cadum - Soif d\u2019Aloe Gel de Douche Figue - 400 ml - NIRIGS<\/title>\n<meta name=\"robots\" content=\"index, follow, max-snippet:-1, max-image-preview:large, max-video-preview:-1\" \/>\n<link rel=\"canonical\" href=\"https:\/\/nirigs.com\/en\/product\/cadum-soif-daloe-gel-de-douche-figue-400-ml\/\" \/>\n<meta property=\"og:locale\" content=\"en_US\" \/>\n<meta property=\"og:type\" content=\"article\" \/>\n<meta property=\"og:title\" content=\"Cadum - Soif d\u2019Aloe Gel de Douche Figue - 400 ml - NIRIGS\" \/>\n<meta property=\"og:url\" content=\"https:\/\/nirigs.com\/en\/product\/cadum-soif-daloe-gel-de-douche-figue-400-ml\/\" \/>\n<meta property=\"og:site_name\" content=\"NIRIGS\" \/>\n<meta property=\"article:modified_time\" content=\"2025-04-22T15:15:25+00:00\" \/>\n<meta property=\"og:image\" content=\"https:\/\/nirigs.com\/wp-content\/uploads\/2024\/09\/Cadum-Soif-dAloe-Gel-de-Douche-Figue-400-ml.jpg\" \/>\n\t<meta property=\"og:image:width\" content=\"1000\" \/>\n\t<meta property=\"og:image:height\" content=\"1000\" \/>\n\t<meta property=\"og:image:type\" content=\"image\/jpeg\" \/>\n<meta name=\"twitter:card\" content=\"summary_large_image\" \/>\n<meta name=\"twitter:label1\" content=\"Est. reading time\" \/>\n\t<meta name=\"twitter:data1\" content=\"1 minute\" \/>\n<script type=\"application\/ld+json\" class=\"yoast-schema-graph\">{\"@context\":\"https:\/\/schema.org\",\"@graph\":[{\"@type\":\"WebPage\",\"@id\":\"https:\/\/nirigs.com\/product\/cadum-soif-daloe-gel-de-douche-figue-400-ml\/\",\"url\":\"https:\/\/nirigs.com\/product\/cadum-soif-daloe-gel-de-douche-figue-400-ml\/\",\"name\":\"Cadum - Soif d\u2019Aloe Gel de Douche Figue - 400 ml - NIRIGS\",\"isPartOf\":{\"@id\":\"https:\/\/nirigs.com\/#website\"},\"primaryImageOfPage\":{\"@id\":\"https:\/\/nirigs.com\/product\/cadum-soif-daloe-gel-de-douche-figue-400-ml\/#primaryimage\"},\"image\":{\"@id\":\"https:\/\/nirigs.com\/product\/cadum-soif-daloe-gel-de-douche-figue-400-ml\/#primaryimage\"},\"thumbnailUrl\":\"https:\/\/nirigs.com\/wp-content\/uploads\/2024\/09\/Cadum-Soif-dAloe-Gel-de-Douche-Figue-400-ml.jpg\",\"datePublished\":\"2024-10-02T14:33:37+00:00\",\"dateModified\":\"2025-04-22T15:15:25+00:00\",\"breadcrumb\":{\"@id\":\"https:\/\/nirigs.com\/product\/cadum-soif-daloe-gel-de-douche-figue-400-ml\/#breadcrumb\"},\"inLanguage\":\"en-US\",\"potentialAction\":[{\"@type\":\"ReadAction\",\"target\":[\"https:\/\/nirigs.com\/product\/cadum-soif-daloe-gel-de-douche-figue-400-ml\/\"]}]},{\"@type\":\"ImageObject\",\"inLanguage\":\"en-US\",\"@id\":\"https:\/\/nirigs.com\/product\/cadum-soif-daloe-gel-de-douche-figue-400-ml\/#primaryimage\",\"url\":\"https:\/\/nirigs.com\/wp-content\/uploads\/2024\/09\/Cadum-Soif-dAloe-Gel-de-Douche-Figue-400-ml.jpg\",\"contentUrl\":\"https:\/\/nirigs.com\/wp-content\/uploads\/2024\/09\/Cadum-Soif-dAloe-Gel-de-Douche-Figue-400-ml.jpg\",\"width\":1000,\"height\":1000},{\"@type\":\"BreadcrumbList\",\"@id\":\"https:\/\/nirigs.com\/product\/cadum-soif-daloe-gel-de-douche-figue-400-ml\/#breadcrumb\",\"itemListElement\":[{\"@type\":\"ListItem\",\"position\":1,\"name\":\"Home\",\"item\":\"https:\/\/nirigs.com\/\"},{\"@type\":\"ListItem\",\"position\":2,\"name\":\"Parcourir\",\"item\":\"https:\/\/nirigs.com\/boutique\/\"},{\"@type\":\"ListItem\",\"position\":3,\"name\":\"Cadum &#8211; Soif d\u2019Aloe Gel de Douche Figue &#8211; 400 ml\"}]},{\"@type\":\"WebSite\",\"@id\":\"https:\/\/nirigs.com\/#website\",\"url\":\"https:\/\/nirigs.com\/\",\"name\":\"Nirigs.com\",\"description\":\"Simplifiez vos achats du quotidien \u00e0 Djibouti\",\"publisher\":{\"@id\":\"https:\/\/nirigs.com\/#organization\"},\"potentialAction\":[{\"@type\":\"SearchAction\",\"target\":{\"@type\":\"EntryPoint\",\"urlTemplate\":\"https:\/\/nirigs.com\/?s={search_term_string}\"},\"query-input\":{\"@type\":\"PropertyValueSpecification\",\"valueRequired\":true,\"valueName\":\"search_term_string\"}}],\"inLanguage\":\"en-US\"},{\"@type\":\"Organization\",\"@id\":\"https:\/\/nirigs.com\/#organization\",\"name\":\"Nirigs\",\"url\":\"https:\/\/nirigs.com\/\",\"logo\":{\"@type\":\"ImageObject\",\"inLanguage\":\"en-US\",\"@id\":\"https:\/\/nirigs.com\/#\/schema\/logo\/image\/\",\"url\":\"https:\/\/nirigs.com\/wp-content\/uploads\/2025\/04\/Design-sans-titre-27.png\",\"contentUrl\":\"https:\/\/nirigs.com\/wp-content\/uploads\/2025\/04\/Design-sans-titre-27.png\",\"width\":500,\"height\":500,\"caption\":\"Nirigs\"},\"image\":{\"@id\":\"https:\/\/nirigs.com\/#\/schema\/logo\/image\/\"}}]}<\/script>\n<!-- \/ Yoast SEO plugin. -->","yoast_head_json":{"title":"Cadum - Soif d\u2019Aloe Gel de Douche Figue - 400 ml - NIRIGS","robots":{"index":"index","follow":"follow","max-snippet":"max-snippet:-1","max-image-preview":"max-image-preview:large","max-video-preview":"max-video-preview:-1"},"canonical":"https:\/\/nirigs.com\/en\/product\/cadum-soif-daloe-gel-de-douche-figue-400-ml\/","og_locale":"en_US","og_type":"article","og_title":"Cadum - Soif d\u2019Aloe Gel de Douche Figue - 400 ml - NIRIGS","og_url":"https:\/\/nirigs.com\/en\/product\/cadum-soif-daloe-gel-de-douche-figue-400-ml\/","og_site_name":"NIRIGS","article_modified_time":"2025-04-22T15:15:25+00:00","og_image":[{"width":1000,"height":1000,"url":"https:\/\/nirigs.com\/wp-content\/uploads\/2024\/09\/Cadum-Soif-dAloe-Gel-de-Douche-Figue-400-ml.jpg","type":"image\/jpeg"}],"twitter_card":"summary_large_image","twitter_misc":{"Est. reading time":"1 minute"},"schema":{"@context":"https:\/\/schema.org","@graph":[{"@type":"WebPage","@id":"https:\/\/nirigs.com\/product\/cadum-soif-daloe-gel-de-douche-figue-400-ml\/","url":"https:\/\/nirigs.com\/product\/cadum-soif-daloe-gel-de-douche-figue-400-ml\/","name":"Cadum - Soif d\u2019Aloe Gel de Douche Figue - 400 ml - NIRIGS","isPartOf":{"@id":"https:\/\/nirigs.com\/#website"},"primaryImageOfPage":{"@id":"https:\/\/nirigs.com\/product\/cadum-soif-daloe-gel-de-douche-figue-400-ml\/#primaryimage"},"image":{"@id":"https:\/\/nirigs.com\/product\/cadum-soif-daloe-gel-de-douche-figue-400-ml\/#primaryimage"},"thumbnailUrl":"https:\/\/nirigs.com\/wp-content\/uploads\/2024\/09\/Cadum-Soif-dAloe-Gel-de-Douche-Figue-400-ml.jpg","datePublished":"2024-10-02T14:33:37+00:00","dateModified":"2025-04-22T15:15:25+00:00","breadcrumb":{"@id":"https:\/\/nirigs.com\/product\/cadum-soif-daloe-gel-de-douche-figue-400-ml\/#breadcrumb"},"inLanguage":"en-US","potentialAction":[{"@type":"ReadAction","target":["https:\/\/nirigs.com\/product\/cadum-soif-daloe-gel-de-douche-figue-400-ml\/"]}]},{"@type":"ImageObject","inLanguage":"en-US","@id":"https:\/\/nirigs.com\/product\/cadum-soif-daloe-gel-de-douche-figue-400-ml\/#primaryimage","url":"https:\/\/nirigs.com\/wp-content\/uploads\/2024\/09\/Cadum-Soif-dAloe-Gel-de-Douche-Figue-400-ml.jpg","contentUrl":"https:\/\/nirigs.com\/wp-content\/uploads\/2024\/09\/Cadum-Soif-dAloe-Gel-de-Douche-Figue-400-ml.jpg","width":1000,"height":1000},{"@type":"BreadcrumbList","@id":"https:\/\/nirigs.com\/product\/cadum-soif-daloe-gel-de-douche-figue-400-ml\/#breadcrumb","itemListElement":[{"@type":"ListItem","position":1,"name":"Home","item":"https:\/\/nirigs.com\/"},{"@type":"ListItem","position":2,"name":"Parcourir","item":"https:\/\/nirigs.com\/boutique\/"},{"@type":"ListItem","position":3,"name":"Cadum &#8211; Soif d\u2019Aloe Gel de Douche Figue &#8211; 400 ml"}]},{"@type":"WebSite","@id":"https:\/\/nirigs.com\/#website","url":"https:\/\/nirigs.com\/","name":"Nirigs.com","description":"Simplifiez vos achats du quotidien \u00e0 Djibouti","publisher":{"@id":"https:\/\/nirigs.com\/#organization"},"potentialAction":[{"@type":"SearchAction","target":{"@type":"EntryPoint","urlTemplate":"https:\/\/nirigs.com\/?s={search_term_string}"},"query-input":{"@type":"PropertyValueSpecification","valueRequired":true,"valueName":"search_term_string"}}],"inLanguage":"en-US"},{"@type":"Organization","@id":"https:\/\/nirigs.com\/#organization","name":"Nirigs","url":"https:\/\/nirigs.com\/","logo":{"@type":"ImageObject","inLanguage":"en-US","@id":"https:\/\/nirigs.com\/#\/schema\/logo\/image\/","url":"https:\/\/nirigs.com\/wp-content\/uploads\/2025\/04\/Design-sans-titre-27.png","contentUrl":"https:\/\/nirigs.com\/wp-content\/uploads\/2025\/04\/Design-sans-titre-27.png","width":500,"height":500,"caption":"Nirigs"},"image":{"@id":"https:\/\/nirigs.com\/#\/schema\/logo\/image\/"}}]}},"brands":[{"id":1109,"name":"Cadum","slug":"cadum"}],"_links":{"self":[{"href":"https:\/\/nirigs.com\/en\/wp-json\/wp\/v2\/product\/21592","targetHints":{"allow":["GET"]}}],"collection":[{"href":"https:\/\/nirigs.com\/en\/wp-json\/wp\/v2\/product"}],"about":[{"href":"https:\/\/nirigs.com\/en\/wp-json\/wp\/v2\/types\/product"}],"replies":[{"embeddable":true,"href":"https:\/\/nirigs.com\/en\/wp-json\/wp\/v2\/comments?post=21592"}],"version-history":[{"count":5,"href":"https:\/\/nirigs.com\/en\/wp-json\/wp\/v2\/product\/21592\/revisions"}],"predecessor-version":[{"id":27033,"href":"https:\/\/nirigs.com\/en\/wp-json\/wp\/v2\/product\/21592\/revisions\/27033"}],"wp:featuredmedia":[{"embeddable":true,"href":"https:\/\/nirigs.com\/en\/wp-json\/wp\/v2\/media\/21593"}],"wp:attachment":[{"href":"https:\/\/nirigs.com\/en\/wp-json\/wp\/v2\/media?parent=21592"}],"wp:term":[{"taxonomy":"pwb-brand","embeddable":true,"href":"https:\/\/nirigs.com\/en\/wp-json\/wp\/v2\/pwb-brand?post=21592"},{"taxonomy":"product_brand","embeddable":true,"href":"https:\/\/nirigs.com\/en\/wp-json\/wp\/v2\/product_brand?post=21592"},{"taxonomy":"product_cat","embeddable":true,"href":"https:\/\/nirigs.com\/en\/wp-json\/wp\/v2\/product_cat?post=21592"},{"taxonomy":"product_tag","embeddable":true,"href":"https:\/\/nirigs.com\/en\/wp-json\/wp\/v2\/product_tag?post=21592"}],"curies":[{"name":"wp","href":"https:\/\/api.w.org\/{rel}","templated":true}]}}