{"id":21581,"date":"2024-10-02T17:39:03","date_gmt":"2024-10-02T14:39:03","guid":{"rendered":"https:\/\/nirigs.com\/?post_type=product&#038;p=21581"},"modified":"2025-04-22T11:45:34","modified_gmt":"2025-04-22T08:45:34","slug":"garnier-skinactive-masque-visage-tissu-charbon-vegetal","status":"publish","type":"product","link":"https:\/\/nirigs.com\/en\/product\/garnier-skinactive-masque-visage-tissu-charbon-vegetal\/","title":{"rendered":"GARNIER - Skinactive-Masque Visage Tissu Charbon V\u00e9g\u00e9tal"},"content":{"rendered":"<div id=\"product-characteristics-description\" class=\"product-content\">\n<div class=\"product-content__content c-text c-text--size-s c-text--style-p\">\n<p>La combinaison de LHA, d&rsquo;acide hyaluronique et d&rsquo;extrait d&rsquo;algues noires agit \u00e0 merveille contre les peaux \u00e0 imperfections et luisantes. Avec le masque noir clarifiant de GARNIER au charbon de bambou, votre peau est non seulement suffisamment hydrat\u00e9e, mais les pores impurs et dilat\u00e9s sont \u00e9galement nettoy\u00e9s et visiblement affin\u00e9s.<\/p>\n<p>L&rsquo;apparence de la peau est nettement am\u00e9lior\u00e9e et pr\u00e9sente un bel \u00e9clat durable. Infus\u00e9 avec l&rsquo;\u00e9quivalent d&rsquo;un flacon de s\u00e9rum, ce masque tissu Charbon pur, Algue noire et Acide Hyaluronique purifie et r\u00e9duit visiblement les pores en seulement 15 minutes.<\/p>\n<h4>Use<\/h4>\n<ul>\n<li>Nettoyez d&rsquo;abord votre visage avec un produit nettoyant adapt\u00e9 \u00e0 votre type de peau.<\/li>\n<li>Placez le masque avec la face claire sur votre visage et retirez le film protecteur bleu.<\/li>\n<li>Appuyez doucement sur la peau de votre visage et, si n\u00e9cessaire, lissez uniform\u00e9ment les plis du tissu.<\/li>\n<\/ul>\n<p>* Apr\u00e8s 15 minutes d&rsquo;exposition, vous pouvez retirer le masque avec pr\u00e9caution. S&rsquo;il reste des r\u00e9sidus sur la peau, vous pouvez soit les faire p\u00e9n\u00e9trer par un massage soigneux, soit les enlever \u00e0 l&rsquo;aide d&rsquo;une serviette ou d&rsquo;un tampon d\u00e9maquillant.<\/p>\n<\/div>\n<\/div>\n<div id=\"product-characteristics-composition\" class=\"product-composition\">\n<div class=\"product-composition__wrap\">\n<div class=\"product-content\" data-testid=\"product-composition-ingredients\">\n<div class=\"product-content__title\">\n<h4 class=\"product-content__title-text c-text c-text--size-m c-text--style-p c-text--bold\">Ingredients<\/h4>\n<\/div>\n<div class=\"product-content__content c-text c-text--size-s c-text--style-p\">\n<div>AQUA \/ WATER &#8211; PROPANEDIOL &#8211; PENTYLENE GLYCOL &#8211; GLYCERIN &#8211; ANANAS SATIVUS FRUIT EXTRACT \/ PINEAPPLE FRUIT EXTRACT &#8211; BIOTIN &#8211; CAPRYLOYL SALICYLIC ACID &#8211; CITRIC ACID &#8211; GLYCERYL ACRYLATE\/ACRYLIC ACID COPOLYMER &#8211; GLYCOLIC ACID &#8211; HYDROGENATED STARCH HYDROLYSATE &#8211; HYDROXYACETOPHENONE &#8211; HYDROXYETHYLCELLULOSE &#8211; PAPAIN &#8211; PEG-32 &#8211; PEG-40 HYDROGENATED CASTOR OIL &#8211; PHENOXYETHANOL &#8211; POTASSIUM HYDROXIDE &#8211; POTASSIUM SORBATE &#8211; PVM\/MA COPOLYMER &#8211; SACCHAROMYCES\/XYLINUM\/BLACK TEA FERMENT &#8211; SALICYLIC ACID &#8211; SODIUM CITRATE &#8211; SODIUM HYALURONATE &#8211; XANTHAN GUM &#8211; PARFUM \/ FRAGRANCE (F.I.L. Z70029244\/1).<\/div>\n<\/div>\n<\/div>\n<\/div>\n<\/div>","protected":false},"excerpt":{"rendered":"<p><br data-mce-bogus=\"1\"><\/p>","protected":false},"featured_media":22809,"comment_status":"open","ping_status":"closed","template":"","meta":[],"pwb-brand":[1091],"product_brand":[],"product_cat":[267,1047,1032,1029],"product_tag":[],"class_list":{"0":"post-21581","1":"product","2":"type-product","3":"status-publish","4":"has-post-thumbnail","6":"pwb-brand-garnier","7":"product_cat-beaute-et-soins","8":"product_cat-masques-pour-le-visage","9":"product_cat-soins-du-visage","10":"product_cat-soins-pour-la-peau","12":"first","13":"instock","14":"shipping-taxable","15":"purchasable","16":"product-type-simple"},"yoast_head":"<!-- This site is optimized with the Yoast SEO plugin v27.1.1 - https:\/\/yoast.com\/product\/yoast-seo-wordpress\/ -->\n<title>GARNIER - Skinactive-Masque Visage Tissu Charbon V\u00e9g\u00e9tal - NIRIGS<\/title>\n<meta name=\"robots\" content=\"index, follow, max-snippet:-1, max-image-preview:large, max-video-preview:-1\" \/>\n<link rel=\"canonical\" href=\"https:\/\/nirigs.com\/en\/product\/garnier-skinactive-masque-visage-tissu-charbon-vegetal\/\" \/>\n<meta property=\"og:locale\" content=\"en_US\" \/>\n<meta property=\"og:type\" content=\"article\" \/>\n<meta property=\"og:title\" content=\"GARNIER - Skinactive-Masque Visage Tissu Charbon V\u00e9g\u00e9tal - NIRIGS\" \/>\n<meta property=\"og:url\" content=\"https:\/\/nirigs.com\/en\/product\/garnier-skinactive-masque-visage-tissu-charbon-vegetal\/\" \/>\n<meta property=\"og:site_name\" content=\"NIRIGS\" \/>\n<meta property=\"article:modified_time\" content=\"2025-04-22T08:45:34+00:00\" \/>\n<meta property=\"og:image\" content=\"https:\/\/nirigs.com\/wp-content\/uploads\/2024\/09\/GARNIER-Skinactive-Masque-Visage-Tissu-Charbon-Vegetal.jpg\" \/>\n\t<meta property=\"og:image:width\" content=\"1000\" \/>\n\t<meta property=\"og:image:height\" content=\"1000\" \/>\n\t<meta property=\"og:image:type\" content=\"image\/jpeg\" \/>\n<meta name=\"twitter:card\" content=\"summary_large_image\" \/>\n<meta name=\"twitter:label1\" content=\"Est. reading time\" \/>\n\t<meta name=\"twitter:data1\" content=\"1 minute\" \/>\n<script type=\"application\/ld+json\" class=\"yoast-schema-graph\">{\"@context\":\"https:\/\/schema.org\",\"@graph\":[{\"@type\":\"WebPage\",\"@id\":\"https:\/\/nirigs.com\/product\/garnier-skinactive-masque-visage-tissu-charbon-vegetal\/\",\"url\":\"https:\/\/nirigs.com\/product\/garnier-skinactive-masque-visage-tissu-charbon-vegetal\/\",\"name\":\"GARNIER - Skinactive-Masque Visage Tissu Charbon V\u00e9g\u00e9tal - NIRIGS\",\"isPartOf\":{\"@id\":\"https:\/\/nirigs.com\/#website\"},\"primaryImageOfPage\":{\"@id\":\"https:\/\/nirigs.com\/product\/garnier-skinactive-masque-visage-tissu-charbon-vegetal\/#primaryimage\"},\"image\":{\"@id\":\"https:\/\/nirigs.com\/product\/garnier-skinactive-masque-visage-tissu-charbon-vegetal\/#primaryimage\"},\"thumbnailUrl\":\"https:\/\/nirigs.com\/wp-content\/uploads\/2024\/09\/GARNIER-Skinactive-Masque-Visage-Tissu-Charbon-Vegetal.jpg\",\"datePublished\":\"2024-10-02T14:39:03+00:00\",\"dateModified\":\"2025-04-22T08:45:34+00:00\",\"breadcrumb\":{\"@id\":\"https:\/\/nirigs.com\/product\/garnier-skinactive-masque-visage-tissu-charbon-vegetal\/#breadcrumb\"},\"inLanguage\":\"en-US\",\"potentialAction\":[{\"@type\":\"ReadAction\",\"target\":[\"https:\/\/nirigs.com\/product\/garnier-skinactive-masque-visage-tissu-charbon-vegetal\/\"]}]},{\"@type\":\"ImageObject\",\"inLanguage\":\"en-US\",\"@id\":\"https:\/\/nirigs.com\/product\/garnier-skinactive-masque-visage-tissu-charbon-vegetal\/#primaryimage\",\"url\":\"https:\/\/nirigs.com\/wp-content\/uploads\/2024\/09\/GARNIER-Skinactive-Masque-Visage-Tissu-Charbon-Vegetal.jpg\",\"contentUrl\":\"https:\/\/nirigs.com\/wp-content\/uploads\/2024\/09\/GARNIER-Skinactive-Masque-Visage-Tissu-Charbon-Vegetal.jpg\",\"width\":1000,\"height\":1000},{\"@type\":\"BreadcrumbList\",\"@id\":\"https:\/\/nirigs.com\/product\/garnier-skinactive-masque-visage-tissu-charbon-vegetal\/#breadcrumb\",\"itemListElement\":[{\"@type\":\"ListItem\",\"position\":1,\"name\":\"Home\",\"item\":\"https:\/\/nirigs.com\/\"},{\"@type\":\"ListItem\",\"position\":2,\"name\":\"Parcourir\",\"item\":\"https:\/\/nirigs.com\/boutique\/\"},{\"@type\":\"ListItem\",\"position\":3,\"name\":\"GARNIER &#8211; Skinactive-Masque Visage Tissu Charbon V\u00e9g\u00e9tal\"}]},{\"@type\":\"WebSite\",\"@id\":\"https:\/\/nirigs.com\/#website\",\"url\":\"https:\/\/nirigs.com\/\",\"name\":\"Nirigs.com\",\"description\":\"Simplifiez vos achats du quotidien \u00e0 Djibouti\",\"publisher\":{\"@id\":\"https:\/\/nirigs.com\/#organization\"},\"potentialAction\":[{\"@type\":\"SearchAction\",\"target\":{\"@type\":\"EntryPoint\",\"urlTemplate\":\"https:\/\/nirigs.com\/?s={search_term_string}\"},\"query-input\":{\"@type\":\"PropertyValueSpecification\",\"valueRequired\":true,\"valueName\":\"search_term_string\"}}],\"inLanguage\":\"en-US\"},{\"@type\":\"Organization\",\"@id\":\"https:\/\/nirigs.com\/#organization\",\"name\":\"Nirigs\",\"url\":\"https:\/\/nirigs.com\/\",\"logo\":{\"@type\":\"ImageObject\",\"inLanguage\":\"en-US\",\"@id\":\"https:\/\/nirigs.com\/#\/schema\/logo\/image\/\",\"url\":\"https:\/\/nirigs.com\/wp-content\/uploads\/2025\/04\/Design-sans-titre-27.png\",\"contentUrl\":\"https:\/\/nirigs.com\/wp-content\/uploads\/2025\/04\/Design-sans-titre-27.png\",\"width\":500,\"height\":500,\"caption\":\"Nirigs\"},\"image\":{\"@id\":\"https:\/\/nirigs.com\/#\/schema\/logo\/image\/\"}}]}<\/script>\n<!-- \/ Yoast SEO plugin. -->","yoast_head_json":{"title":"GARNIER - Skinactive-Masque Visage Tissu Charbon V\u00e9g\u00e9tal - NIRIGS","robots":{"index":"index","follow":"follow","max-snippet":"max-snippet:-1","max-image-preview":"max-image-preview:large","max-video-preview":"max-video-preview:-1"},"canonical":"https:\/\/nirigs.com\/en\/product\/garnier-skinactive-masque-visage-tissu-charbon-vegetal\/","og_locale":"en_US","og_type":"article","og_title":"GARNIER - Skinactive-Masque Visage Tissu Charbon V\u00e9g\u00e9tal - NIRIGS","og_url":"https:\/\/nirigs.com\/en\/product\/garnier-skinactive-masque-visage-tissu-charbon-vegetal\/","og_site_name":"NIRIGS","article_modified_time":"2025-04-22T08:45:34+00:00","og_image":[{"width":1000,"height":1000,"url":"https:\/\/nirigs.com\/wp-content\/uploads\/2024\/09\/GARNIER-Skinactive-Masque-Visage-Tissu-Charbon-Vegetal.jpg","type":"image\/jpeg"}],"twitter_card":"summary_large_image","twitter_misc":{"Est. reading time":"1 minute"},"schema":{"@context":"https:\/\/schema.org","@graph":[{"@type":"WebPage","@id":"https:\/\/nirigs.com\/product\/garnier-skinactive-masque-visage-tissu-charbon-vegetal\/","url":"https:\/\/nirigs.com\/product\/garnier-skinactive-masque-visage-tissu-charbon-vegetal\/","name":"GARNIER - Skinactive-Masque Visage Tissu Charbon V\u00e9g\u00e9tal - NIRIGS","isPartOf":{"@id":"https:\/\/nirigs.com\/#website"},"primaryImageOfPage":{"@id":"https:\/\/nirigs.com\/product\/garnier-skinactive-masque-visage-tissu-charbon-vegetal\/#primaryimage"},"image":{"@id":"https:\/\/nirigs.com\/product\/garnier-skinactive-masque-visage-tissu-charbon-vegetal\/#primaryimage"},"thumbnailUrl":"https:\/\/nirigs.com\/wp-content\/uploads\/2024\/09\/GARNIER-Skinactive-Masque-Visage-Tissu-Charbon-Vegetal.jpg","datePublished":"2024-10-02T14:39:03+00:00","dateModified":"2025-04-22T08:45:34+00:00","breadcrumb":{"@id":"https:\/\/nirigs.com\/product\/garnier-skinactive-masque-visage-tissu-charbon-vegetal\/#breadcrumb"},"inLanguage":"en-US","potentialAction":[{"@type":"ReadAction","target":["https:\/\/nirigs.com\/product\/garnier-skinactive-masque-visage-tissu-charbon-vegetal\/"]}]},{"@type":"ImageObject","inLanguage":"en-US","@id":"https:\/\/nirigs.com\/product\/garnier-skinactive-masque-visage-tissu-charbon-vegetal\/#primaryimage","url":"https:\/\/nirigs.com\/wp-content\/uploads\/2024\/09\/GARNIER-Skinactive-Masque-Visage-Tissu-Charbon-Vegetal.jpg","contentUrl":"https:\/\/nirigs.com\/wp-content\/uploads\/2024\/09\/GARNIER-Skinactive-Masque-Visage-Tissu-Charbon-Vegetal.jpg","width":1000,"height":1000},{"@type":"BreadcrumbList","@id":"https:\/\/nirigs.com\/product\/garnier-skinactive-masque-visage-tissu-charbon-vegetal\/#breadcrumb","itemListElement":[{"@type":"ListItem","position":1,"name":"Home","item":"https:\/\/nirigs.com\/"},{"@type":"ListItem","position":2,"name":"Parcourir","item":"https:\/\/nirigs.com\/boutique\/"},{"@type":"ListItem","position":3,"name":"GARNIER &#8211; Skinactive-Masque Visage Tissu Charbon V\u00e9g\u00e9tal"}]},{"@type":"WebSite","@id":"https:\/\/nirigs.com\/#website","url":"https:\/\/nirigs.com\/","name":"Nirigs.com","description":"Simplifiez vos achats du quotidien \u00e0 Djibouti","publisher":{"@id":"https:\/\/nirigs.com\/#organization"},"potentialAction":[{"@type":"SearchAction","target":{"@type":"EntryPoint","urlTemplate":"https:\/\/nirigs.com\/?s={search_term_string}"},"query-input":{"@type":"PropertyValueSpecification","valueRequired":true,"valueName":"search_term_string"}}],"inLanguage":"en-US"},{"@type":"Organization","@id":"https:\/\/nirigs.com\/#organization","name":"Nirigs","url":"https:\/\/nirigs.com\/","logo":{"@type":"ImageObject","inLanguage":"en-US","@id":"https:\/\/nirigs.com\/#\/schema\/logo\/image\/","url":"https:\/\/nirigs.com\/wp-content\/uploads\/2025\/04\/Design-sans-titre-27.png","contentUrl":"https:\/\/nirigs.com\/wp-content\/uploads\/2025\/04\/Design-sans-titre-27.png","width":500,"height":500,"caption":"Nirigs"},"image":{"@id":"https:\/\/nirigs.com\/#\/schema\/logo\/image\/"}}]}},"brands":[{"id":1091,"name":"Garnier","slug":"garnier"}],"_links":{"self":[{"href":"https:\/\/nirigs.com\/en\/wp-json\/wp\/v2\/product\/21581","targetHints":{"allow":["GET"]}}],"collection":[{"href":"https:\/\/nirigs.com\/en\/wp-json\/wp\/v2\/product"}],"about":[{"href":"https:\/\/nirigs.com\/en\/wp-json\/wp\/v2\/types\/product"}],"replies":[{"embeddable":true,"href":"https:\/\/nirigs.com\/en\/wp-json\/wp\/v2\/comments?post=21581"}],"version-history":[{"count":6,"href":"https:\/\/nirigs.com\/en\/wp-json\/wp\/v2\/product\/21581\/revisions"}],"predecessor-version":[{"id":27006,"href":"https:\/\/nirigs.com\/en\/wp-json\/wp\/v2\/product\/21581\/revisions\/27006"}],"wp:featuredmedia":[{"embeddable":true,"href":"https:\/\/nirigs.com\/en\/wp-json\/wp\/v2\/media\/22809"}],"wp:attachment":[{"href":"https:\/\/nirigs.com\/en\/wp-json\/wp\/v2\/media?parent=21581"}],"wp:term":[{"taxonomy":"pwb-brand","embeddable":true,"href":"https:\/\/nirigs.com\/en\/wp-json\/wp\/v2\/pwb-brand?post=21581"},{"taxonomy":"product_brand","embeddable":true,"href":"https:\/\/nirigs.com\/en\/wp-json\/wp\/v2\/product_brand?post=21581"},{"taxonomy":"product_cat","embeddable":true,"href":"https:\/\/nirigs.com\/en\/wp-json\/wp\/v2\/product_cat?post=21581"},{"taxonomy":"product_tag","embeddable":true,"href":"https:\/\/nirigs.com\/en\/wp-json\/wp\/v2\/product_tag?post=21581"}],"curies":[{"name":"wp","href":"https:\/\/api.w.org\/{rel}","templated":true}]}}