{"id":21574,"date":"2024-10-02T17:38:41","date_gmt":"2024-10-02T14:38:41","guid":{"rendered":"https:\/\/nirigs.com\/?post_type=product&#038;p=21574"},"modified":"2025-04-22T11:45:54","modified_gmt":"2025-04-22T08:45:54","slug":"garnier-skin-active-masque-en-feuilles-a-lacide-hyaluronique-ampoule-serum","status":"publish","type":"product","link":"https:\/\/nirigs.com\/en\/product\/garnier-skin-active-masque-en-feuilles-a-lacide-hyaluronique-ampoule-serum\/","title":{"rendered":"Garnier - Skin Active - Tissue mask ampoule with hyaluronic acid + watermelon extract - 15 g"},"content":{"rendered":"<p>Avec le masque feuille ampoule SkinActive lissant \u00e0 l&rsquo;acide hyaluronique et \u00e0 l&rsquo;extrait de past\u00e8que de GARNIER, votre peau est hydrat\u00e9e, liss\u00e9e et resserr\u00e9e. Cela permet de lutter contre les signes du vieillissement cutan\u00e9. La peau fatigu\u00e9e et terne retrouve son \u00e9clat et sa fra\u00eecheur, et les ridules sont repulp\u00e9es gr\u00e2ce \u00e0 l&rsquo;acide hyaluronique. L&rsquo;extrait de past\u00e8que procure une agr\u00e9able sensation de fra\u00eecheur. L&rsquo;effet est d\u00e9j\u00e0 visible et perceptible apr\u00e8s 5 minutes.<\/p>\n<h4>Use<\/h4>\n<ul>\n<li>D\u00e9pliez la feuille de masque, placez-la sur le visage nettoy\u00e9 et adaptez-la \u00e0 vos contours.<\/li>\n<li>Retirer le masque apr\u00e8s 5 minutes de pose.<\/li>\n<li>Massez les r\u00e9sidus restants pour les faire p\u00e9n\u00e9trer dans la peau ou retirez-les \u00e0 l&rsquo;aide d&rsquo;un coton ou d&rsquo;un mouchoir en papier.<\/li>\n<\/ul>\n<h4>Ingredients<\/h4>\n<p>aqua (water), glycerin, propanediol, hydrogenated starch hydrolysate, dipropylene glycol, pentylene glycol, sodium hyaluronate, alcohol, aloe barbadensis leaf juice powder, caprylyl\/capryl glucoside, Citric Acid, citrullus lanatus (watermelon) fruit extract, dipotassium glycyrrhizate, hydroxyacetophenone, hydroxyethylcellulose, hydroxypropyl guar, panthenol, sodium citrate, sodium phytate, vitis vinifera (grape) seed extract, Parfum (Fragrance)<\/p>","protected":false},"excerpt":{"rendered":"<p><br data-mce-bogus=\"1\"><\/p>","protected":false},"featured_media":22949,"comment_status":"open","ping_status":"closed","template":"","meta":[],"pwb-brand":[1091],"product_brand":[],"product_cat":[267,1047,1032,1029],"product_tag":[],"class_list":{"0":"post-21574","1":"product","2":"type-product","3":"status-publish","4":"has-post-thumbnail","6":"pwb-brand-garnier","7":"product_cat-beaute-et-soins","8":"product_cat-masques-pour-le-visage","9":"product_cat-soins-du-visage","10":"product_cat-soins-pour-la-peau","12":"first","13":"instock","14":"shipping-taxable","15":"purchasable","16":"product-type-simple"},"yoast_head":"<!-- This site is optimized with the Yoast SEO plugin v27.1.1 - https:\/\/yoast.com\/product\/yoast-seo-wordpress\/ -->\n<title>Garnier - Skin Active - Masque tissu ampoule \u00e0 l&#039;acide hyaluronique + extrait de past\u00e8que - 15 g - NIRIGS<\/title>\n<meta name=\"robots\" content=\"index, follow, max-snippet:-1, max-image-preview:large, max-video-preview:-1\" \/>\n<link rel=\"canonical\" href=\"https:\/\/nirigs.com\/en\/product\/garnier-skin-active-masque-en-feuilles-a-lacide-hyaluronique-ampoule-serum\/\" \/>\n<meta property=\"og:locale\" content=\"en_US\" \/>\n<meta property=\"og:type\" content=\"article\" \/>\n<meta property=\"og:title\" content=\"Garnier - Skin Active - Masque tissu ampoule \u00e0 l&#039;acide hyaluronique + extrait de past\u00e8que - 15 g - NIRIGS\" \/>\n<meta property=\"og:url\" content=\"https:\/\/nirigs.com\/en\/product\/garnier-skin-active-masque-en-feuilles-a-lacide-hyaluronique-ampoule-serum\/\" \/>\n<meta property=\"og:site_name\" content=\"NIRIGS\" \/>\n<meta property=\"article:modified_time\" content=\"2025-04-22T08:45:54+00:00\" \/>\n<meta property=\"og:image\" content=\"https:\/\/nirigs.com\/wp-content\/uploads\/2024\/10\/Garnier-Skin-Active-Masque-tissu-ampoule-a-lacide-hyaluronique-extrait-de-pasteque-15-g.jpg\" \/>\n\t<meta property=\"og:image:width\" content=\"1000\" \/>\n\t<meta property=\"og:image:height\" content=\"1000\" \/>\n\t<meta property=\"og:image:type\" content=\"image\/jpeg\" \/>\n<meta name=\"twitter:card\" content=\"summary_large_image\" \/>\n<meta name=\"twitter:label1\" content=\"Est. reading time\" \/>\n\t<meta name=\"twitter:data1\" content=\"1 minute\" \/>\n<script type=\"application\/ld+json\" class=\"yoast-schema-graph\">{\"@context\":\"https:\/\/schema.org\",\"@graph\":[{\"@type\":\"WebPage\",\"@id\":\"https:\/\/nirigs.com\/product\/garnier-skin-active-masque-en-feuilles-a-lacide-hyaluronique-ampoule-serum\/\",\"url\":\"https:\/\/nirigs.com\/product\/garnier-skin-active-masque-en-feuilles-a-lacide-hyaluronique-ampoule-serum\/\",\"name\":\"Garnier - Skin Active - Masque tissu ampoule \u00e0 l'acide hyaluronique + extrait de past\u00e8que - 15 g - NIRIGS\",\"isPartOf\":{\"@id\":\"https:\/\/nirigs.com\/#website\"},\"primaryImageOfPage\":{\"@id\":\"https:\/\/nirigs.com\/product\/garnier-skin-active-masque-en-feuilles-a-lacide-hyaluronique-ampoule-serum\/#primaryimage\"},\"image\":{\"@id\":\"https:\/\/nirigs.com\/product\/garnier-skin-active-masque-en-feuilles-a-lacide-hyaluronique-ampoule-serum\/#primaryimage\"},\"thumbnailUrl\":\"https:\/\/nirigs.com\/wp-content\/uploads\/2024\/10\/Garnier-Skin-Active-Masque-tissu-ampoule-a-lacide-hyaluronique-extrait-de-pasteque-15-g.jpg\",\"datePublished\":\"2024-10-02T14:38:41+00:00\",\"dateModified\":\"2025-04-22T08:45:54+00:00\",\"breadcrumb\":{\"@id\":\"https:\/\/nirigs.com\/product\/garnier-skin-active-masque-en-feuilles-a-lacide-hyaluronique-ampoule-serum\/#breadcrumb\"},\"inLanguage\":\"en-US\",\"potentialAction\":[{\"@type\":\"ReadAction\",\"target\":[\"https:\/\/nirigs.com\/product\/garnier-skin-active-masque-en-feuilles-a-lacide-hyaluronique-ampoule-serum\/\"]}]},{\"@type\":\"ImageObject\",\"inLanguage\":\"en-US\",\"@id\":\"https:\/\/nirigs.com\/product\/garnier-skin-active-masque-en-feuilles-a-lacide-hyaluronique-ampoule-serum\/#primaryimage\",\"url\":\"https:\/\/nirigs.com\/wp-content\/uploads\/2024\/10\/Garnier-Skin-Active-Masque-tissu-ampoule-a-lacide-hyaluronique-extrait-de-pasteque-15-g.jpg\",\"contentUrl\":\"https:\/\/nirigs.com\/wp-content\/uploads\/2024\/10\/Garnier-Skin-Active-Masque-tissu-ampoule-a-lacide-hyaluronique-extrait-de-pasteque-15-g.jpg\",\"width\":1000,\"height\":1000},{\"@type\":\"BreadcrumbList\",\"@id\":\"https:\/\/nirigs.com\/product\/garnier-skin-active-masque-en-feuilles-a-lacide-hyaluronique-ampoule-serum\/#breadcrumb\",\"itemListElement\":[{\"@type\":\"ListItem\",\"position\":1,\"name\":\"Home\",\"item\":\"https:\/\/nirigs.com\/\"},{\"@type\":\"ListItem\",\"position\":2,\"name\":\"Parcourir\",\"item\":\"https:\/\/nirigs.com\/boutique\/\"},{\"@type\":\"ListItem\",\"position\":3,\"name\":\"Garnier &#8211; Skin Active &#8211; Masque tissu ampoule \u00e0 l&rsquo;acide hyaluronique + extrait de past\u00e8que &#8211; 15 g\"}]},{\"@type\":\"WebSite\",\"@id\":\"https:\/\/nirigs.com\/#website\",\"url\":\"https:\/\/nirigs.com\/\",\"name\":\"Nirigs.com\",\"description\":\"Simplifiez vos achats du quotidien \u00e0 Djibouti\",\"publisher\":{\"@id\":\"https:\/\/nirigs.com\/#organization\"},\"potentialAction\":[{\"@type\":\"SearchAction\",\"target\":{\"@type\":\"EntryPoint\",\"urlTemplate\":\"https:\/\/nirigs.com\/?s={search_term_string}\"},\"query-input\":{\"@type\":\"PropertyValueSpecification\",\"valueRequired\":true,\"valueName\":\"search_term_string\"}}],\"inLanguage\":\"en-US\"},{\"@type\":\"Organization\",\"@id\":\"https:\/\/nirigs.com\/#organization\",\"name\":\"Nirigs\",\"url\":\"https:\/\/nirigs.com\/\",\"logo\":{\"@type\":\"ImageObject\",\"inLanguage\":\"en-US\",\"@id\":\"https:\/\/nirigs.com\/#\/schema\/logo\/image\/\",\"url\":\"https:\/\/nirigs.com\/wp-content\/uploads\/2025\/04\/Design-sans-titre-27.png\",\"contentUrl\":\"https:\/\/nirigs.com\/wp-content\/uploads\/2025\/04\/Design-sans-titre-27.png\",\"width\":500,\"height\":500,\"caption\":\"Nirigs\"},\"image\":{\"@id\":\"https:\/\/nirigs.com\/#\/schema\/logo\/image\/\"}}]}<\/script>\n<!-- \/ Yoast SEO plugin. -->","yoast_head_json":{"title":"Garnier - Skin Active - Masque tissu ampoule \u00e0 l'acide hyaluronique + extrait de past\u00e8que - 15 g - NIRIGS","robots":{"index":"index","follow":"follow","max-snippet":"max-snippet:-1","max-image-preview":"max-image-preview:large","max-video-preview":"max-video-preview:-1"},"canonical":"https:\/\/nirigs.com\/en\/product\/garnier-skin-active-masque-en-feuilles-a-lacide-hyaluronique-ampoule-serum\/","og_locale":"en_US","og_type":"article","og_title":"Garnier - Skin Active - Masque tissu ampoule \u00e0 l'acide hyaluronique + extrait de past\u00e8que - 15 g - NIRIGS","og_url":"https:\/\/nirigs.com\/en\/product\/garnier-skin-active-masque-en-feuilles-a-lacide-hyaluronique-ampoule-serum\/","og_site_name":"NIRIGS","article_modified_time":"2025-04-22T08:45:54+00:00","og_image":[{"width":1000,"height":1000,"url":"https:\/\/nirigs.com\/wp-content\/uploads\/2024\/10\/Garnier-Skin-Active-Masque-tissu-ampoule-a-lacide-hyaluronique-extrait-de-pasteque-15-g.jpg","type":"image\/jpeg"}],"twitter_card":"summary_large_image","twitter_misc":{"Est. reading time":"1 minute"},"schema":{"@context":"https:\/\/schema.org","@graph":[{"@type":"WebPage","@id":"https:\/\/nirigs.com\/product\/garnier-skin-active-masque-en-feuilles-a-lacide-hyaluronique-ampoule-serum\/","url":"https:\/\/nirigs.com\/product\/garnier-skin-active-masque-en-feuilles-a-lacide-hyaluronique-ampoule-serum\/","name":"Garnier - Skin Active - Masque tissu ampoule \u00e0 l'acide hyaluronique + extrait de past\u00e8que - 15 g - NIRIGS","isPartOf":{"@id":"https:\/\/nirigs.com\/#website"},"primaryImageOfPage":{"@id":"https:\/\/nirigs.com\/product\/garnier-skin-active-masque-en-feuilles-a-lacide-hyaluronique-ampoule-serum\/#primaryimage"},"image":{"@id":"https:\/\/nirigs.com\/product\/garnier-skin-active-masque-en-feuilles-a-lacide-hyaluronique-ampoule-serum\/#primaryimage"},"thumbnailUrl":"https:\/\/nirigs.com\/wp-content\/uploads\/2024\/10\/Garnier-Skin-Active-Masque-tissu-ampoule-a-lacide-hyaluronique-extrait-de-pasteque-15-g.jpg","datePublished":"2024-10-02T14:38:41+00:00","dateModified":"2025-04-22T08:45:54+00:00","breadcrumb":{"@id":"https:\/\/nirigs.com\/product\/garnier-skin-active-masque-en-feuilles-a-lacide-hyaluronique-ampoule-serum\/#breadcrumb"},"inLanguage":"en-US","potentialAction":[{"@type":"ReadAction","target":["https:\/\/nirigs.com\/product\/garnier-skin-active-masque-en-feuilles-a-lacide-hyaluronique-ampoule-serum\/"]}]},{"@type":"ImageObject","inLanguage":"en-US","@id":"https:\/\/nirigs.com\/product\/garnier-skin-active-masque-en-feuilles-a-lacide-hyaluronique-ampoule-serum\/#primaryimage","url":"https:\/\/nirigs.com\/wp-content\/uploads\/2024\/10\/Garnier-Skin-Active-Masque-tissu-ampoule-a-lacide-hyaluronique-extrait-de-pasteque-15-g.jpg","contentUrl":"https:\/\/nirigs.com\/wp-content\/uploads\/2024\/10\/Garnier-Skin-Active-Masque-tissu-ampoule-a-lacide-hyaluronique-extrait-de-pasteque-15-g.jpg","width":1000,"height":1000},{"@type":"BreadcrumbList","@id":"https:\/\/nirigs.com\/product\/garnier-skin-active-masque-en-feuilles-a-lacide-hyaluronique-ampoule-serum\/#breadcrumb","itemListElement":[{"@type":"ListItem","position":1,"name":"Home","item":"https:\/\/nirigs.com\/"},{"@type":"ListItem","position":2,"name":"Parcourir","item":"https:\/\/nirigs.com\/boutique\/"},{"@type":"ListItem","position":3,"name":"Garnier &#8211; Skin Active &#8211; Masque tissu ampoule \u00e0 l&rsquo;acide hyaluronique + extrait de past\u00e8que &#8211; 15 g"}]},{"@type":"WebSite","@id":"https:\/\/nirigs.com\/#website","url":"https:\/\/nirigs.com\/","name":"Nirigs.com","description":"Simplifiez vos achats du quotidien \u00e0 Djibouti","publisher":{"@id":"https:\/\/nirigs.com\/#organization"},"potentialAction":[{"@type":"SearchAction","target":{"@type":"EntryPoint","urlTemplate":"https:\/\/nirigs.com\/?s={search_term_string}"},"query-input":{"@type":"PropertyValueSpecification","valueRequired":true,"valueName":"search_term_string"}}],"inLanguage":"en-US"},{"@type":"Organization","@id":"https:\/\/nirigs.com\/#organization","name":"Nirigs","url":"https:\/\/nirigs.com\/","logo":{"@type":"ImageObject","inLanguage":"en-US","@id":"https:\/\/nirigs.com\/#\/schema\/logo\/image\/","url":"https:\/\/nirigs.com\/wp-content\/uploads\/2025\/04\/Design-sans-titre-27.png","contentUrl":"https:\/\/nirigs.com\/wp-content\/uploads\/2025\/04\/Design-sans-titre-27.png","width":500,"height":500,"caption":"Nirigs"},"image":{"@id":"https:\/\/nirigs.com\/#\/schema\/logo\/image\/"}}]}},"brands":[{"id":1091,"name":"Garnier","slug":"garnier"}],"_links":{"self":[{"href":"https:\/\/nirigs.com\/en\/wp-json\/wp\/v2\/product\/21574","targetHints":{"allow":["GET"]}}],"collection":[{"href":"https:\/\/nirigs.com\/en\/wp-json\/wp\/v2\/product"}],"about":[{"href":"https:\/\/nirigs.com\/en\/wp-json\/wp\/v2\/types\/product"}],"replies":[{"embeddable":true,"href":"https:\/\/nirigs.com\/en\/wp-json\/wp\/v2\/comments?post=21574"}],"version-history":[{"count":7,"href":"https:\/\/nirigs.com\/en\/wp-json\/wp\/v2\/product\/21574\/revisions"}],"predecessor-version":[{"id":27008,"href":"https:\/\/nirigs.com\/en\/wp-json\/wp\/v2\/product\/21574\/revisions\/27008"}],"wp:featuredmedia":[{"embeddable":true,"href":"https:\/\/nirigs.com\/en\/wp-json\/wp\/v2\/media\/22949"}],"wp:attachment":[{"href":"https:\/\/nirigs.com\/en\/wp-json\/wp\/v2\/media?parent=21574"}],"wp:term":[{"taxonomy":"pwb-brand","embeddable":true,"href":"https:\/\/nirigs.com\/en\/wp-json\/wp\/v2\/pwb-brand?post=21574"},{"taxonomy":"product_brand","embeddable":true,"href":"https:\/\/nirigs.com\/en\/wp-json\/wp\/v2\/product_brand?post=21574"},{"taxonomy":"product_cat","embeddable":true,"href":"https:\/\/nirigs.com\/en\/wp-json\/wp\/v2\/product_cat?post=21574"},{"taxonomy":"product_tag","embeddable":true,"href":"https:\/\/nirigs.com\/en\/wp-json\/wp\/v2\/product_tag?post=21574"}],"curies":[{"name":"wp","href":"https:\/\/api.w.org\/{rel}","templated":true}]}}