{"id":21108,"date":"2024-10-02T17:34:19","date_gmt":"2024-10-02T14:34:19","guid":{"rendered":"https:\/\/nirigs.com\/?post_type=product&#038;p=21108"},"modified":"2025-04-22T18:13:48","modified_gmt":"2025-04-22T15:13:48","slug":"demak-up-lot-de-70-disques-en-coton","status":"publish","type":"product","link":"https:\/\/nirigs.com\/en\/product\/demak-up-lot-de-70-disques-en-coton\/","title":{"rendered":"Demak Up - Set of 70 cotton discs"},"content":{"rendered":"<p>Avec les cotons \u00e0 d\u00e9maquiller Demak&rsquo;Up Original, le d\u00e9maquillage devient un rituel de beaut\u00e9. Et ce gr\u00e2ce \u00e0 leur texture diff\u00e9rente et compl\u00e9mentaire sur chacune des deux face. La face stri\u00e9e retire efficacement le maquillage. La deuxi\u00e8me face, plus douce, \u00e9limine en douceur les derniers r\u00e9sidus de maquillage.<\/p>\n<p>Notre conseil : Terminez votre d\u00e9maquillage avec un spray d&rsquo;eau thermale puis \u00e0 l&rsquo;aide d&rsquo;un coton Demak&rsquo;Up, retirez les derni\u00e8res impuret\u00e9s. Votre peau est nette et douce ! Votre visage est ainsi id\u00e9alement pr\u00e9par\u00e9 pour les soins qui suivront. Les cotons Demak&rsquo;Up Original sont disponibles en format disque et ovale. Les cotons sont fabriqu\u00e9s en France \u00e0 partir de fibres de coton soigneusement s\u00e9lectionn\u00e9es, 100% naturelles et non blanchie. C&rsquo;est aussi la garantie d&rsquo;un coton qui ne peluche pas.<\/p>\n<p>Pour de nombreuses femmes, chaque journ\u00e9e est marqu\u00e9e par cette \u00e9tape : le rituel du d\u00e9maquillage. Le d\u00e9but de votre routine de soins ult\u00e9rieure et la cl\u00e9 d&rsquo;une peau saine. Parce qu&rsquo;une peau saine et belle est un \u00e9l\u00e9ment fondamental d&rsquo;une beaut\u00e9 rayonnante.<\/p>","protected":false},"excerpt":{"rendered":"<p><br data-mce-bogus=\"1\"><\/p>","protected":false},"featured_media":21550,"comment_status":"open","ping_status":"closed","template":"","meta":[],"pwb-brand":[1111],"product_brand":[],"product_cat":[267,1043,1042,1032,1029],"product_tag":[],"class_list":{"0":"post-21108","1":"product","2":"type-product","3":"status-publish","4":"has-post-thumbnail","6":"pwb-brand-demak-up","7":"product_cat-beaute-et-soins","8":"product_cat-eponges-et-lingettes-nettoyantes-visage","9":"product_cat-nettoyants-et-exfoliants-pour-le-visage","10":"product_cat-soins-du-visage","11":"product_cat-soins-pour-la-peau","13":"first","14":"instock","15":"shipping-taxable","16":"purchasable","17":"product-type-simple"},"yoast_head":"<!-- This site is optimized with the Yoast SEO plugin v27.1.1 - https:\/\/yoast.com\/product\/yoast-seo-wordpress\/ -->\n<title>Demak Up - Lot de 70 disques en coton - NIRIGS<\/title>\n<meta name=\"robots\" content=\"index, follow, max-snippet:-1, max-image-preview:large, max-video-preview:-1\" \/>\n<link rel=\"canonical\" href=\"https:\/\/nirigs.com\/en\/product\/demak-up-lot-de-70-disques-en-coton\/\" \/>\n<meta property=\"og:locale\" content=\"en_US\" \/>\n<meta property=\"og:type\" content=\"article\" \/>\n<meta property=\"og:title\" content=\"Demak Up - Lot de 70 disques en coton - NIRIGS\" \/>\n<meta property=\"og:url\" content=\"https:\/\/nirigs.com\/en\/product\/demak-up-lot-de-70-disques-en-coton\/\" \/>\n<meta property=\"og:site_name\" content=\"NIRIGS\" \/>\n<meta property=\"article:modified_time\" content=\"2025-04-22T15:13:48+00:00\" \/>\n<meta property=\"og:image\" content=\"https:\/\/nirigs.com\/wp-content\/uploads\/2024\/09\/Demak-Up-Lot-de-70-disques-en-coton-1.jpg\" \/>\n\t<meta property=\"og:image:width\" content=\"1000\" \/>\n\t<meta property=\"og:image:height\" content=\"1000\" \/>\n\t<meta property=\"og:image:type\" content=\"image\/jpeg\" \/>\n<meta name=\"twitter:card\" content=\"summary_large_image\" \/>\n<meta name=\"twitter:label1\" content=\"Est. reading time\" \/>\n\t<meta name=\"twitter:data1\" content=\"1 minute\" \/>\n<script type=\"application\/ld+json\" class=\"yoast-schema-graph\">{\"@context\":\"https:\/\/schema.org\",\"@graph\":[{\"@type\":\"WebPage\",\"@id\":\"https:\/\/nirigs.com\/product\/demak-up-lot-de-70-disques-en-coton\/\",\"url\":\"https:\/\/nirigs.com\/product\/demak-up-lot-de-70-disques-en-coton\/\",\"name\":\"Demak Up - Lot de 70 disques en coton - NIRIGS\",\"isPartOf\":{\"@id\":\"https:\/\/nirigs.com\/#website\"},\"primaryImageOfPage\":{\"@id\":\"https:\/\/nirigs.com\/product\/demak-up-lot-de-70-disques-en-coton\/#primaryimage\"},\"image\":{\"@id\":\"https:\/\/nirigs.com\/product\/demak-up-lot-de-70-disques-en-coton\/#primaryimage\"},\"thumbnailUrl\":\"https:\/\/nirigs.com\/wp-content\/uploads\/2024\/09\/Demak-Up-Lot-de-70-disques-en-coton-1.jpg\",\"datePublished\":\"2024-10-02T14:34:19+00:00\",\"dateModified\":\"2025-04-22T15:13:48+00:00\",\"breadcrumb\":{\"@id\":\"https:\/\/nirigs.com\/product\/demak-up-lot-de-70-disques-en-coton\/#breadcrumb\"},\"inLanguage\":\"en-US\",\"potentialAction\":[{\"@type\":\"ReadAction\",\"target\":[\"https:\/\/nirigs.com\/product\/demak-up-lot-de-70-disques-en-coton\/\"]}]},{\"@type\":\"ImageObject\",\"inLanguage\":\"en-US\",\"@id\":\"https:\/\/nirigs.com\/product\/demak-up-lot-de-70-disques-en-coton\/#primaryimage\",\"url\":\"https:\/\/nirigs.com\/wp-content\/uploads\/2024\/09\/Demak-Up-Lot-de-70-disques-en-coton-1.jpg\",\"contentUrl\":\"https:\/\/nirigs.com\/wp-content\/uploads\/2024\/09\/Demak-Up-Lot-de-70-disques-en-coton-1.jpg\",\"width\":1000,\"height\":1000},{\"@type\":\"BreadcrumbList\",\"@id\":\"https:\/\/nirigs.com\/product\/demak-up-lot-de-70-disques-en-coton\/#breadcrumb\",\"itemListElement\":[{\"@type\":\"ListItem\",\"position\":1,\"name\":\"Home\",\"item\":\"https:\/\/nirigs.com\/\"},{\"@type\":\"ListItem\",\"position\":2,\"name\":\"Parcourir\",\"item\":\"https:\/\/nirigs.com\/boutique\/\"},{\"@type\":\"ListItem\",\"position\":3,\"name\":\"Demak Up &#8211; Lot de 70 disques en coton\"}]},{\"@type\":\"WebSite\",\"@id\":\"https:\/\/nirigs.com\/#website\",\"url\":\"https:\/\/nirigs.com\/\",\"name\":\"Nirigs.com\",\"description\":\"Simplifiez vos achats du quotidien \u00e0 Djibouti\",\"publisher\":{\"@id\":\"https:\/\/nirigs.com\/#organization\"},\"potentialAction\":[{\"@type\":\"SearchAction\",\"target\":{\"@type\":\"EntryPoint\",\"urlTemplate\":\"https:\/\/nirigs.com\/?s={search_term_string}\"},\"query-input\":{\"@type\":\"PropertyValueSpecification\",\"valueRequired\":true,\"valueName\":\"search_term_string\"}}],\"inLanguage\":\"en-US\"},{\"@type\":\"Organization\",\"@id\":\"https:\/\/nirigs.com\/#organization\",\"name\":\"Nirigs\",\"url\":\"https:\/\/nirigs.com\/\",\"logo\":{\"@type\":\"ImageObject\",\"inLanguage\":\"en-US\",\"@id\":\"https:\/\/nirigs.com\/#\/schema\/logo\/image\/\",\"url\":\"https:\/\/nirigs.com\/wp-content\/uploads\/2025\/04\/Design-sans-titre-27.png\",\"contentUrl\":\"https:\/\/nirigs.com\/wp-content\/uploads\/2025\/04\/Design-sans-titre-27.png\",\"width\":500,\"height\":500,\"caption\":\"Nirigs\"},\"image\":{\"@id\":\"https:\/\/nirigs.com\/#\/schema\/logo\/image\/\"}}]}<\/script>\n<!-- \/ Yoast SEO plugin. -->","yoast_head_json":{"title":"Demak Up - Lot de 70 disques en coton - NIRIGS","robots":{"index":"index","follow":"follow","max-snippet":"max-snippet:-1","max-image-preview":"max-image-preview:large","max-video-preview":"max-video-preview:-1"},"canonical":"https:\/\/nirigs.com\/en\/product\/demak-up-lot-de-70-disques-en-coton\/","og_locale":"en_US","og_type":"article","og_title":"Demak Up - Lot de 70 disques en coton - NIRIGS","og_url":"https:\/\/nirigs.com\/en\/product\/demak-up-lot-de-70-disques-en-coton\/","og_site_name":"NIRIGS","article_modified_time":"2025-04-22T15:13:48+00:00","og_image":[{"width":1000,"height":1000,"url":"https:\/\/nirigs.com\/wp-content\/uploads\/2024\/09\/Demak-Up-Lot-de-70-disques-en-coton-1.jpg","type":"image\/jpeg"}],"twitter_card":"summary_large_image","twitter_misc":{"Est. reading time":"1 minute"},"schema":{"@context":"https:\/\/schema.org","@graph":[{"@type":"WebPage","@id":"https:\/\/nirigs.com\/product\/demak-up-lot-de-70-disques-en-coton\/","url":"https:\/\/nirigs.com\/product\/demak-up-lot-de-70-disques-en-coton\/","name":"Demak Up - Lot de 70 disques en coton - NIRIGS","isPartOf":{"@id":"https:\/\/nirigs.com\/#website"},"primaryImageOfPage":{"@id":"https:\/\/nirigs.com\/product\/demak-up-lot-de-70-disques-en-coton\/#primaryimage"},"image":{"@id":"https:\/\/nirigs.com\/product\/demak-up-lot-de-70-disques-en-coton\/#primaryimage"},"thumbnailUrl":"https:\/\/nirigs.com\/wp-content\/uploads\/2024\/09\/Demak-Up-Lot-de-70-disques-en-coton-1.jpg","datePublished":"2024-10-02T14:34:19+00:00","dateModified":"2025-04-22T15:13:48+00:00","breadcrumb":{"@id":"https:\/\/nirigs.com\/product\/demak-up-lot-de-70-disques-en-coton\/#breadcrumb"},"inLanguage":"en-US","potentialAction":[{"@type":"ReadAction","target":["https:\/\/nirigs.com\/product\/demak-up-lot-de-70-disques-en-coton\/"]}]},{"@type":"ImageObject","inLanguage":"en-US","@id":"https:\/\/nirigs.com\/product\/demak-up-lot-de-70-disques-en-coton\/#primaryimage","url":"https:\/\/nirigs.com\/wp-content\/uploads\/2024\/09\/Demak-Up-Lot-de-70-disques-en-coton-1.jpg","contentUrl":"https:\/\/nirigs.com\/wp-content\/uploads\/2024\/09\/Demak-Up-Lot-de-70-disques-en-coton-1.jpg","width":1000,"height":1000},{"@type":"BreadcrumbList","@id":"https:\/\/nirigs.com\/product\/demak-up-lot-de-70-disques-en-coton\/#breadcrumb","itemListElement":[{"@type":"ListItem","position":1,"name":"Home","item":"https:\/\/nirigs.com\/"},{"@type":"ListItem","position":2,"name":"Parcourir","item":"https:\/\/nirigs.com\/boutique\/"},{"@type":"ListItem","position":3,"name":"Demak Up &#8211; Lot de 70 disques en coton"}]},{"@type":"WebSite","@id":"https:\/\/nirigs.com\/#website","url":"https:\/\/nirigs.com\/","name":"Nirigs.com","description":"Simplifiez vos achats du quotidien \u00e0 Djibouti","publisher":{"@id":"https:\/\/nirigs.com\/#organization"},"potentialAction":[{"@type":"SearchAction","target":{"@type":"EntryPoint","urlTemplate":"https:\/\/nirigs.com\/?s={search_term_string}"},"query-input":{"@type":"PropertyValueSpecification","valueRequired":true,"valueName":"search_term_string"}}],"inLanguage":"en-US"},{"@type":"Organization","@id":"https:\/\/nirigs.com\/#organization","name":"Nirigs","url":"https:\/\/nirigs.com\/","logo":{"@type":"ImageObject","inLanguage":"en-US","@id":"https:\/\/nirigs.com\/#\/schema\/logo\/image\/","url":"https:\/\/nirigs.com\/wp-content\/uploads\/2025\/04\/Design-sans-titre-27.png","contentUrl":"https:\/\/nirigs.com\/wp-content\/uploads\/2025\/04\/Design-sans-titre-27.png","width":500,"height":500,"caption":"Nirigs"},"image":{"@id":"https:\/\/nirigs.com\/#\/schema\/logo\/image\/"}}]}},"brands":[{"id":1111,"name":"Demak Up","slug":"demak-up"}],"_links":{"self":[{"href":"https:\/\/nirigs.com\/en\/wp-json\/wp\/v2\/product\/21108","targetHints":{"allow":["GET"]}}],"collection":[{"href":"https:\/\/nirigs.com\/en\/wp-json\/wp\/v2\/product"}],"about":[{"href":"https:\/\/nirigs.com\/en\/wp-json\/wp\/v2\/types\/product"}],"replies":[{"embeddable":true,"href":"https:\/\/nirigs.com\/en\/wp-json\/wp\/v2\/comments?post=21108"}],"version-history":[{"count":6,"href":"https:\/\/nirigs.com\/en\/wp-json\/wp\/v2\/product\/21108\/revisions"}],"predecessor-version":[{"id":27029,"href":"https:\/\/nirigs.com\/en\/wp-json\/wp\/v2\/product\/21108\/revisions\/27029"}],"wp:featuredmedia":[{"embeddable":true,"href":"https:\/\/nirigs.com\/en\/wp-json\/wp\/v2\/media\/21550"}],"wp:attachment":[{"href":"https:\/\/nirigs.com\/en\/wp-json\/wp\/v2\/media?parent=21108"}],"wp:term":[{"taxonomy":"pwb-brand","embeddable":true,"href":"https:\/\/nirigs.com\/en\/wp-json\/wp\/v2\/pwb-brand?post=21108"},{"taxonomy":"product_brand","embeddable":true,"href":"https:\/\/nirigs.com\/en\/wp-json\/wp\/v2\/product_brand?post=21108"},{"taxonomy":"product_cat","embeddable":true,"href":"https:\/\/nirigs.com\/en\/wp-json\/wp\/v2\/product_cat?post=21108"},{"taxonomy":"product_tag","embeddable":true,"href":"https:\/\/nirigs.com\/en\/wp-json\/wp\/v2\/product_tag?post=21108"}],"curies":[{"name":"wp","href":"https:\/\/api.w.org\/{rel}","templated":true}]}}