{"id":21099,"date":"2024-10-02T17:45:29","date_gmt":"2024-10-02T14:45:29","guid":{"rendered":"https:\/\/nirigs.com\/?post_type=product&#038;p=21099"},"modified":"2025-04-22T11:38:09","modified_gmt":"2025-04-22T08:38:09","slug":"garnier-demaquillant-gellee-micellaire-au-charbon-skinactive-400-ml","status":"publish","type":"product","link":"https:\/\/nirigs.com\/en\/product\/garnier-demaquillant-gellee-micellaire-au-charbon-skinactive-400-ml\/","title":{"rendered":"GARNIER - SkinActive Charcoal Micellar Cleanser - 400 ml"},"content":{"rendered":"<p>Si vous cherchez un nettoyant efficace et rapide, essayez la Gel\u00e9e Micellaire Tout en 1 au charbon. En un seul geste, elle nettoie, retire le maquillage et \u00e9limine les impuret\u00e9s. Une peau nettoy\u00e9e, purifi\u00e9e. Contr\u00f4le l&rsquo;exc\u00e8s de s\u00e9bum et r\u00e9duit les imperfections. Votre grain de peau est affin\u00e9.<\/p>\n<p><span class=\"a-list-item\">La gel\u00e9e micellaire Garnier au Charbon nettoie, d\u00e9maquille, r\u00e9duit les points noirs et l&rsquo;exc\u00e8s de s\u00e9bum, tout en purifiant et en r\u00e9duisant les imperfections en un seul geste.<\/span><\/p>\n<p><span class=\"a-list-item\">D\u00e8s la 1er utilisation, 82% des utilisateurs constatent une \u00e9limination des impuret\u00e9s. Apr\u00e8s une semaine, les tests cliniques d\u00e9montrent une r\u00e9duction de 29% des points noirs et de 44% des imperfections cutan\u00e9es.<\/span><\/p>\n<h4>Use<\/h4>\n<p>De pr\u00e9f\u00e9rence avec un coton r\u00e9utilisable, appliquez sur le visage, les yeux et les l\u00e8vres.<\/p>\n<h4><strong>Ingredients<\/strong><\/h4>\n<p>AQUA \/ WATER &#8211; BUTYLENE GLYCOL &#8211; CARBOMER &#8211; SODIUM HYDROXIDE &#8211; ALCOHOL DENAT. &#8211; POLOXAMER 184 &#8211; DISODIUM COCOAMPHODIACETATE &#8211; CHARCOAL POWDER &#8211; CAPRYLYL GLYCOL &#8211; CITRIC ACID &#8211; POLYGLYCERIN-10 &#8211; POLYGLYCERYL-10 MYRISTATE &#8211; POLYGLYCERYL-10 STEARATE &#8211; POLYSORBATE 20 &#8211; SODIUM DEHYDROACETATE &#8211; SALICYLIC ACID &#8211; BENZOIC ACID &#8211; PARFUM \/ FRAGRANCE (F.I.L. Z289355\/1).<\/p>","protected":false},"excerpt":{"rendered":"<p><br data-mce-bogus=\"1\"><\/p>","protected":false},"featured_media":21100,"comment_status":"open","ping_status":"closed","template":"","meta":[],"pwb-brand":[1091],"product_brand":[],"product_cat":[267,1042,1101,1032,1029],"product_tag":[],"class_list":{"0":"post-21099","1":"product","2":"type-product","3":"status-publish","4":"has-post-thumbnail","6":"pwb-brand-garnier","7":"product_cat-beaute-et-soins","8":"product_cat-nettoyants-et-exfoliants-pour-le-visage","9":"product_cat-nettoyants-pour-le-visage","10":"product_cat-soins-du-visage","11":"product_cat-soins-pour-la-peau","13":"first","14":"instock","15":"shipping-taxable","16":"purchasable","17":"product-type-simple"},"yoast_head":"<!-- This site is optimized with the Yoast SEO plugin v27.4 - https:\/\/yoast.com\/product\/yoast-seo-wordpress\/ -->\n<title>GARNIER - D\u00e9maquillant Gell\u00e9e Micellaire au Charbon SkinActive - 400 ml - NIRIGS<\/title>\n<meta name=\"robots\" content=\"index, follow, max-snippet:-1, max-image-preview:large, max-video-preview:-1\" \/>\n<link rel=\"canonical\" href=\"https:\/\/nirigs.com\/en\/product\/garnier-demaquillant-gellee-micellaire-au-charbon-skinactive-400-ml\/\" \/>\n<meta property=\"og:locale\" content=\"en_US\" \/>\n<meta property=\"og:type\" content=\"article\" \/>\n<meta property=\"og:title\" content=\"GARNIER - D\u00e9maquillant Gell\u00e9e Micellaire au Charbon SkinActive - 400 ml - NIRIGS\" \/>\n<meta property=\"og:url\" content=\"https:\/\/nirigs.com\/en\/product\/garnier-demaquillant-gellee-micellaire-au-charbon-skinactive-400-ml\/\" \/>\n<meta property=\"og:site_name\" content=\"NIRIGS\" \/>\n<meta property=\"article:modified_time\" content=\"2025-04-22T08:38:09+00:00\" \/>\n<meta property=\"og:image\" content=\"https:\/\/nirigs.com\/wp-content\/uploads\/2024\/09\/GARNIER-Demaquillant-Gellee-Micellaire-au-Charbon-SkinActive-400ML.jpg\" \/>\n\t<meta property=\"og:image:width\" content=\"1000\" \/>\n\t<meta property=\"og:image:height\" content=\"1000\" \/>\n\t<meta property=\"og:image:type\" content=\"image\/jpeg\" \/>\n<meta name=\"twitter:card\" content=\"summary_large_image\" \/>\n<meta name=\"twitter:label1\" content=\"Est. reading time\" \/>\n\t<meta name=\"twitter:data1\" content=\"1 minute\" \/>\n<script type=\"application\/ld+json\" class=\"yoast-schema-graph\">{\"@context\":\"https:\\\/\\\/schema.org\",\"@graph\":[{\"@type\":\"WebPage\",\"@id\":\"https:\\\/\\\/nirigs.com\\\/product\\\/garnier-demaquillant-gellee-micellaire-au-charbon-skinactive-400-ml\\\/\",\"url\":\"https:\\\/\\\/nirigs.com\\\/product\\\/garnier-demaquillant-gellee-micellaire-au-charbon-skinactive-400-ml\\\/\",\"name\":\"GARNIER - D\u00e9maquillant Gell\u00e9e Micellaire au Charbon SkinActive - 400 ml - NIRIGS\",\"isPartOf\":{\"@id\":\"https:\\\/\\\/nirigs.com\\\/#website\"},\"primaryImageOfPage\":{\"@id\":\"https:\\\/\\\/nirigs.com\\\/product\\\/garnier-demaquillant-gellee-micellaire-au-charbon-skinactive-400-ml\\\/#primaryimage\"},\"image\":{\"@id\":\"https:\\\/\\\/nirigs.com\\\/product\\\/garnier-demaquillant-gellee-micellaire-au-charbon-skinactive-400-ml\\\/#primaryimage\"},\"thumbnailUrl\":\"https:\\\/\\\/nirigs.com\\\/wp-content\\\/uploads\\\/2024\\\/09\\\/GARNIER-Demaquillant-Gellee-Micellaire-au-Charbon-SkinActive-400ML.jpg\",\"datePublished\":\"2024-10-02T14:45:29+00:00\",\"dateModified\":\"2025-04-22T08:38:09+00:00\",\"breadcrumb\":{\"@id\":\"https:\\\/\\\/nirigs.com\\\/product\\\/garnier-demaquillant-gellee-micellaire-au-charbon-skinactive-400-ml\\\/#breadcrumb\"},\"inLanguage\":\"en-US\",\"potentialAction\":[{\"@type\":\"ReadAction\",\"target\":[\"https:\\\/\\\/nirigs.com\\\/product\\\/garnier-demaquillant-gellee-micellaire-au-charbon-skinactive-400-ml\\\/\"]}]},{\"@type\":\"ImageObject\",\"inLanguage\":\"en-US\",\"@id\":\"https:\\\/\\\/nirigs.com\\\/product\\\/garnier-demaquillant-gellee-micellaire-au-charbon-skinactive-400-ml\\\/#primaryimage\",\"url\":\"https:\\\/\\\/nirigs.com\\\/wp-content\\\/uploads\\\/2024\\\/09\\\/GARNIER-Demaquillant-Gellee-Micellaire-au-Charbon-SkinActive-400ML.jpg\",\"contentUrl\":\"https:\\\/\\\/nirigs.com\\\/wp-content\\\/uploads\\\/2024\\\/09\\\/GARNIER-Demaquillant-Gellee-Micellaire-au-Charbon-SkinActive-400ML.jpg\",\"width\":1000,\"height\":1000},{\"@type\":\"BreadcrumbList\",\"@id\":\"https:\\\/\\\/nirigs.com\\\/product\\\/garnier-demaquillant-gellee-micellaire-au-charbon-skinactive-400-ml\\\/#breadcrumb\",\"itemListElement\":[{\"@type\":\"ListItem\",\"position\":1,\"name\":\"Home\",\"item\":\"https:\\\/\\\/nirigs.com\\\/\"},{\"@type\":\"ListItem\",\"position\":2,\"name\":\"Parcourir\",\"item\":\"https:\\\/\\\/nirigs.com\\\/boutique\\\/\"},{\"@type\":\"ListItem\",\"position\":3,\"name\":\"GARNIER &#8211; D\u00e9maquillant Gell\u00e9e Micellaire au Charbon SkinActive &#8211; 400 ml\"}]},{\"@type\":\"WebSite\",\"@id\":\"https:\\\/\\\/nirigs.com\\\/#website\",\"url\":\"https:\\\/\\\/nirigs.com\\\/\",\"name\":\"Nirigs.com\",\"description\":\"Simplifiez vos achats du quotidien \u00e0 Djibouti\",\"publisher\":{\"@id\":\"https:\\\/\\\/nirigs.com\\\/#organization\"},\"potentialAction\":[{\"@type\":\"SearchAction\",\"target\":{\"@type\":\"EntryPoint\",\"urlTemplate\":\"https:\\\/\\\/nirigs.com\\\/?s={search_term_string}\"},\"query-input\":{\"@type\":\"PropertyValueSpecification\",\"valueRequired\":true,\"valueName\":\"search_term_string\"}}],\"inLanguage\":\"en-US\"},{\"@type\":\"Organization\",\"@id\":\"https:\\\/\\\/nirigs.com\\\/#organization\",\"name\":\"Nirigs\",\"url\":\"https:\\\/\\\/nirigs.com\\\/\",\"logo\":{\"@type\":\"ImageObject\",\"inLanguage\":\"en-US\",\"@id\":\"https:\\\/\\\/nirigs.com\\\/#\\\/schema\\\/logo\\\/image\\\/\",\"url\":\"https:\\\/\\\/nirigs.com\\\/wp-content\\\/uploads\\\/2025\\\/04\\\/Design-sans-titre-27.png\",\"contentUrl\":\"https:\\\/\\\/nirigs.com\\\/wp-content\\\/uploads\\\/2025\\\/04\\\/Design-sans-titre-27.png\",\"width\":500,\"height\":500,\"caption\":\"Nirigs\"},\"image\":{\"@id\":\"https:\\\/\\\/nirigs.com\\\/#\\\/schema\\\/logo\\\/image\\\/\"}}]}<\/script>\n<!-- \/ Yoast SEO plugin. -->","yoast_head_json":{"title":"GARNIER - D\u00e9maquillant Gell\u00e9e Micellaire au Charbon SkinActive - 400 ml - NIRIGS","robots":{"index":"index","follow":"follow","max-snippet":"max-snippet:-1","max-image-preview":"max-image-preview:large","max-video-preview":"max-video-preview:-1"},"canonical":"https:\/\/nirigs.com\/en\/product\/garnier-demaquillant-gellee-micellaire-au-charbon-skinactive-400-ml\/","og_locale":"en_US","og_type":"article","og_title":"GARNIER - D\u00e9maquillant Gell\u00e9e Micellaire au Charbon SkinActive - 400 ml - NIRIGS","og_url":"https:\/\/nirigs.com\/en\/product\/garnier-demaquillant-gellee-micellaire-au-charbon-skinactive-400-ml\/","og_site_name":"NIRIGS","article_modified_time":"2025-04-22T08:38:09+00:00","og_image":[{"width":1000,"height":1000,"url":"https:\/\/nirigs.com\/wp-content\/uploads\/2024\/09\/GARNIER-Demaquillant-Gellee-Micellaire-au-Charbon-SkinActive-400ML.jpg","type":"image\/jpeg"}],"twitter_card":"summary_large_image","twitter_misc":{"Est. reading time":"1 minute"},"schema":{"@context":"https:\/\/schema.org","@graph":[{"@type":"WebPage","@id":"https:\/\/nirigs.com\/product\/garnier-demaquillant-gellee-micellaire-au-charbon-skinactive-400-ml\/","url":"https:\/\/nirigs.com\/product\/garnier-demaquillant-gellee-micellaire-au-charbon-skinactive-400-ml\/","name":"GARNIER - D\u00e9maquillant Gell\u00e9e Micellaire au Charbon SkinActive - 400 ml - NIRIGS","isPartOf":{"@id":"https:\/\/nirigs.com\/#website"},"primaryImageOfPage":{"@id":"https:\/\/nirigs.com\/product\/garnier-demaquillant-gellee-micellaire-au-charbon-skinactive-400-ml\/#primaryimage"},"image":{"@id":"https:\/\/nirigs.com\/product\/garnier-demaquillant-gellee-micellaire-au-charbon-skinactive-400-ml\/#primaryimage"},"thumbnailUrl":"https:\/\/nirigs.com\/wp-content\/uploads\/2024\/09\/GARNIER-Demaquillant-Gellee-Micellaire-au-Charbon-SkinActive-400ML.jpg","datePublished":"2024-10-02T14:45:29+00:00","dateModified":"2025-04-22T08:38:09+00:00","breadcrumb":{"@id":"https:\/\/nirigs.com\/product\/garnier-demaquillant-gellee-micellaire-au-charbon-skinactive-400-ml\/#breadcrumb"},"inLanguage":"en-US","potentialAction":[{"@type":"ReadAction","target":["https:\/\/nirigs.com\/product\/garnier-demaquillant-gellee-micellaire-au-charbon-skinactive-400-ml\/"]}]},{"@type":"ImageObject","inLanguage":"en-US","@id":"https:\/\/nirigs.com\/product\/garnier-demaquillant-gellee-micellaire-au-charbon-skinactive-400-ml\/#primaryimage","url":"https:\/\/nirigs.com\/wp-content\/uploads\/2024\/09\/GARNIER-Demaquillant-Gellee-Micellaire-au-Charbon-SkinActive-400ML.jpg","contentUrl":"https:\/\/nirigs.com\/wp-content\/uploads\/2024\/09\/GARNIER-Demaquillant-Gellee-Micellaire-au-Charbon-SkinActive-400ML.jpg","width":1000,"height":1000},{"@type":"BreadcrumbList","@id":"https:\/\/nirigs.com\/product\/garnier-demaquillant-gellee-micellaire-au-charbon-skinactive-400-ml\/#breadcrumb","itemListElement":[{"@type":"ListItem","position":1,"name":"Home","item":"https:\/\/nirigs.com\/"},{"@type":"ListItem","position":2,"name":"Parcourir","item":"https:\/\/nirigs.com\/boutique\/"},{"@type":"ListItem","position":3,"name":"GARNIER &#8211; D\u00e9maquillant Gell\u00e9e Micellaire au Charbon SkinActive &#8211; 400 ml"}]},{"@type":"WebSite","@id":"https:\/\/nirigs.com\/#website","url":"https:\/\/nirigs.com\/","name":"Nirigs.com","description":"Simplifiez vos achats du quotidien \u00e0 Djibouti","publisher":{"@id":"https:\/\/nirigs.com\/#organization"},"potentialAction":[{"@type":"SearchAction","target":{"@type":"EntryPoint","urlTemplate":"https:\/\/nirigs.com\/?s={search_term_string}"},"query-input":{"@type":"PropertyValueSpecification","valueRequired":true,"valueName":"search_term_string"}}],"inLanguage":"en-US"},{"@type":"Organization","@id":"https:\/\/nirigs.com\/#organization","name":"Nirigs","url":"https:\/\/nirigs.com\/","logo":{"@type":"ImageObject","inLanguage":"en-US","@id":"https:\/\/nirigs.com\/#\/schema\/logo\/image\/","url":"https:\/\/nirigs.com\/wp-content\/uploads\/2025\/04\/Design-sans-titre-27.png","contentUrl":"https:\/\/nirigs.com\/wp-content\/uploads\/2025\/04\/Design-sans-titre-27.png","width":500,"height":500,"caption":"Nirigs"},"image":{"@id":"https:\/\/nirigs.com\/#\/schema\/logo\/image\/"}}]}},"brands":[{"id":1091,"name":"Garnier","slug":"garnier"}],"_links":{"self":[{"href":"https:\/\/nirigs.com\/en\/wp-json\/wp\/v2\/product\/21099","targetHints":{"allow":["GET"]}}],"collection":[{"href":"https:\/\/nirigs.com\/en\/wp-json\/wp\/v2\/product"}],"about":[{"href":"https:\/\/nirigs.com\/en\/wp-json\/wp\/v2\/types\/product"}],"replies":[{"embeddable":true,"href":"https:\/\/nirigs.com\/en\/wp-json\/wp\/v2\/comments?post=21099"}],"version-history":[{"count":8,"href":"https:\/\/nirigs.com\/en\/wp-json\/wp\/v2\/product\/21099\/revisions"}],"predecessor-version":[{"id":26985,"href":"https:\/\/nirigs.com\/en\/wp-json\/wp\/v2\/product\/21099\/revisions\/26985"}],"wp:featuredmedia":[{"embeddable":true,"href":"https:\/\/nirigs.com\/en\/wp-json\/wp\/v2\/media\/21100"}],"wp:attachment":[{"href":"https:\/\/nirigs.com\/en\/wp-json\/wp\/v2\/media?parent=21099"}],"wp:term":[{"taxonomy":"pwb-brand","embeddable":true,"href":"https:\/\/nirigs.com\/en\/wp-json\/wp\/v2\/pwb-brand?post=21099"},{"taxonomy":"product_brand","embeddable":true,"href":"https:\/\/nirigs.com\/en\/wp-json\/wp\/v2\/product_brand?post=21099"},{"taxonomy":"product_cat","embeddable":true,"href":"https:\/\/nirigs.com\/en\/wp-json\/wp\/v2\/product_cat?post=21099"},{"taxonomy":"product_tag","embeddable":true,"href":"https:\/\/nirigs.com\/en\/wp-json\/wp\/v2\/product_tag?post=21099"}],"curies":[{"name":"wp","href":"https:\/\/api.w.org\/{rel}","templated":true}]}}