{"id":21081,"date":"2024-10-02T17:16:38","date_gmt":"2024-10-02T14:16:38","guid":{"rendered":"https:\/\/nirigs.com\/?post_type=product&#038;p=21081"},"modified":"2025-04-22T18:18:02","modified_gmt":"2025-04-22T15:18:02","slug":"garnier-soin-visage-3en1-argile-peaux-imperfections-150-ml","status":"publish","type":"product","link":"https:\/\/nirigs.com\/en\/product\/garnier-soin-visage-3en1-argile-peaux-imperfections-150-ml\/","title":{"rendered":"GARNIER - 3in1 Face Care Clay Imperfections - 150 ml"},"content":{"rendered":"<p>Le 3 en 1 argile est-il fait pour moi ? Oui, si votre peau est mixte \u00e0 tendance grasse, sujette aux impuret\u00e9s, brillances et pores dilat\u00e9s. Il s&rsquo;utilise \u00e0 la fois comme nettoyant, exfoliant et masque. R\u00e9sultat : r\u00e9duit les imperfections et les pores en 1 semaine* pour une peau purifi\u00e9e et un teint plus uniforme.<\/p>\n<p>3 actions :<\/p>\n<ul>\n<li>NETTOYANT : \u00e0 utiliser quotidiennement pour purifier la peau et r\u00e9duire les imperfections.<\/li>\n<li>EXFOLIANT : \u00e0 utiliser quotidiennement pour exfolier la peau et la rendre plus lisse.<\/li>\n<li>MASQUE : \u00e0 utiliser 1 \u00e0 2 fois par semaine pour r\u00e9duire l\u2019exc\u00e8s de s\u00e9bum, matifier la peau et resserrer les pores.<\/li>\n<\/ul>\n<h4>Ingredients<\/h4>\n<p>AQUA \/ WATER &#8211; KAOLIN &#8211; GLYCERIN &#8211; ZEA MAYS STARCH \/ CORN STARCH &#8211; CI 77891 \/ TITANIUM DIOXIDE &#8211; DECYL GLUCOSIDE &#8211; SODIUM LAURETH SULFATE &#8211; PEG-7 GLYCERYL COCOATE &#8211; PERLITE &#8211; NIACINAMIDE &#8211; TRIDECETH-6 &#8211; PEG-30 DIPOLYHYDROXYSTEARATE &#8211; SODIUM CITRATE &#8211; SODIUM HYDROXIDE &#8211; SILICA &#8211; PUMICE &#8211; CELLULOSE &#8211; MICROCRYSTALLINE CELLULOSE &#8211; HYDROGENATED CASTOR OIL &#8211; HYDROGENATED JOJOBA OIL &#8211; CAPRYLYL GLYCOL &#8211; XANTHAN GUM &#8211; MENTHOL &#8211; ACRYLATES\/C10-30 ALKYL ACRYLATE CROSSPOLYMER &#8211; SALICYLIC ACID &#8211; CHLORPHENESIN &#8211; CI 77007 \/ ULTRAMARINES &#8211; CI 42090 \/ BLUE 1 &#8211; LINALOOL &#8211; LIMONENE &#8211; PARFUM \/ FRAGRANCE.<\/p>","protected":false},"excerpt":{"rendered":"<p><br data-mce-bogus=\"1\"><\/p>","protected":false},"featured_media":21082,"comment_status":"open","ping_status":"closed","template":"","meta":[],"pwb-brand":[1091],"product_brand":[],"product_cat":[267,1044,1047,1042,1101,1032,1029],"product_tag":[],"class_list":{"0":"post-21081","1":"product","2":"type-product","3":"status-publish","4":"has-post-thumbnail","6":"pwb-brand-garnier","7":"product_cat-beaute-et-soins","8":"product_cat-exfoliants-pour-le-visage","9":"product_cat-masques-pour-le-visage","10":"product_cat-nettoyants-et-exfoliants-pour-le-visage","11":"product_cat-nettoyants-pour-le-visage","12":"product_cat-soins-du-visage","13":"product_cat-soins-pour-la-peau","15":"first","16":"instock","17":"shipping-taxable","18":"purchasable","19":"product-type-simple"},"yoast_head":"<!-- This site is optimized with the Yoast SEO plugin v27.1.1 - https:\/\/yoast.com\/product\/yoast-seo-wordpress\/ -->\n<title>GARNIER - Soin Visage 3en1 Argile Peaux Imperfections - 150 ml - NIRIGS<\/title>\n<meta name=\"robots\" content=\"index, follow, max-snippet:-1, max-image-preview:large, max-video-preview:-1\" \/>\n<link rel=\"canonical\" href=\"https:\/\/nirigs.com\/en\/product\/garnier-soin-visage-3en1-argile-peaux-imperfections-150-ml\/\" \/>\n<meta property=\"og:locale\" content=\"en_US\" \/>\n<meta property=\"og:type\" content=\"article\" \/>\n<meta property=\"og:title\" content=\"GARNIER - Soin Visage 3en1 Argile Peaux Imperfections - 150 ml - NIRIGS\" \/>\n<meta property=\"og:url\" content=\"https:\/\/nirigs.com\/en\/product\/garnier-soin-visage-3en1-argile-peaux-imperfections-150-ml\/\" \/>\n<meta property=\"og:site_name\" content=\"NIRIGS\" \/>\n<meta property=\"article:modified_time\" content=\"2025-04-22T15:18:02+00:00\" \/>\n<meta property=\"og:image\" content=\"https:\/\/nirigs.com\/wp-content\/uploads\/2024\/09\/GARNIER-Soin-Visage-3en1-Argile-Peaux-Imperfections-150ML.jpg\" \/>\n\t<meta property=\"og:image:width\" content=\"1000\" \/>\n\t<meta property=\"og:image:height\" content=\"1000\" \/>\n\t<meta property=\"og:image:type\" content=\"image\/jpeg\" \/>\n<meta name=\"twitter:card\" content=\"summary_large_image\" \/>\n<meta name=\"twitter:label1\" content=\"Est. reading time\" \/>\n\t<meta name=\"twitter:data1\" content=\"1 minute\" \/>\n<script type=\"application\/ld+json\" class=\"yoast-schema-graph\">{\"@context\":\"https:\/\/schema.org\",\"@graph\":[{\"@type\":\"WebPage\",\"@id\":\"https:\/\/nirigs.com\/product\/garnier-soin-visage-3en1-argile-peaux-imperfections-150-ml\/\",\"url\":\"https:\/\/nirigs.com\/product\/garnier-soin-visage-3en1-argile-peaux-imperfections-150-ml\/\",\"name\":\"GARNIER - Soin Visage 3en1 Argile Peaux Imperfections - 150 ml - NIRIGS\",\"isPartOf\":{\"@id\":\"https:\/\/nirigs.com\/#website\"},\"primaryImageOfPage\":{\"@id\":\"https:\/\/nirigs.com\/product\/garnier-soin-visage-3en1-argile-peaux-imperfections-150-ml\/#primaryimage\"},\"image\":{\"@id\":\"https:\/\/nirigs.com\/product\/garnier-soin-visage-3en1-argile-peaux-imperfections-150-ml\/#primaryimage\"},\"thumbnailUrl\":\"https:\/\/nirigs.com\/wp-content\/uploads\/2024\/09\/GARNIER-Soin-Visage-3en1-Argile-Peaux-Imperfections-150ML.jpg\",\"datePublished\":\"2024-10-02T14:16:38+00:00\",\"dateModified\":\"2025-04-22T15:18:02+00:00\",\"breadcrumb\":{\"@id\":\"https:\/\/nirigs.com\/product\/garnier-soin-visage-3en1-argile-peaux-imperfections-150-ml\/#breadcrumb\"},\"inLanguage\":\"en-US\",\"potentialAction\":[{\"@type\":\"ReadAction\",\"target\":[\"https:\/\/nirigs.com\/product\/garnier-soin-visage-3en1-argile-peaux-imperfections-150-ml\/\"]}]},{\"@type\":\"ImageObject\",\"inLanguage\":\"en-US\",\"@id\":\"https:\/\/nirigs.com\/product\/garnier-soin-visage-3en1-argile-peaux-imperfections-150-ml\/#primaryimage\",\"url\":\"https:\/\/nirigs.com\/wp-content\/uploads\/2024\/09\/GARNIER-Soin-Visage-3en1-Argile-Peaux-Imperfections-150ML.jpg\",\"contentUrl\":\"https:\/\/nirigs.com\/wp-content\/uploads\/2024\/09\/GARNIER-Soin-Visage-3en1-Argile-Peaux-Imperfections-150ML.jpg\",\"width\":1000,\"height\":1000},{\"@type\":\"BreadcrumbList\",\"@id\":\"https:\/\/nirigs.com\/product\/garnier-soin-visage-3en1-argile-peaux-imperfections-150-ml\/#breadcrumb\",\"itemListElement\":[{\"@type\":\"ListItem\",\"position\":1,\"name\":\"Home\",\"item\":\"https:\/\/nirigs.com\/\"},{\"@type\":\"ListItem\",\"position\":2,\"name\":\"Parcourir\",\"item\":\"https:\/\/nirigs.com\/boutique\/\"},{\"@type\":\"ListItem\",\"position\":3,\"name\":\"GARNIER &#8211; Soin Visage 3en1 Argile Peaux Imperfections &#8211; 150 ml\"}]},{\"@type\":\"WebSite\",\"@id\":\"https:\/\/nirigs.com\/#website\",\"url\":\"https:\/\/nirigs.com\/\",\"name\":\"Nirigs.com\",\"description\":\"Simplifiez vos achats du quotidien \u00e0 Djibouti\",\"publisher\":{\"@id\":\"https:\/\/nirigs.com\/#organization\"},\"potentialAction\":[{\"@type\":\"SearchAction\",\"target\":{\"@type\":\"EntryPoint\",\"urlTemplate\":\"https:\/\/nirigs.com\/?s={search_term_string}\"},\"query-input\":{\"@type\":\"PropertyValueSpecification\",\"valueRequired\":true,\"valueName\":\"search_term_string\"}}],\"inLanguage\":\"en-US\"},{\"@type\":\"Organization\",\"@id\":\"https:\/\/nirigs.com\/#organization\",\"name\":\"Nirigs\",\"url\":\"https:\/\/nirigs.com\/\",\"logo\":{\"@type\":\"ImageObject\",\"inLanguage\":\"en-US\",\"@id\":\"https:\/\/nirigs.com\/#\/schema\/logo\/image\/\",\"url\":\"https:\/\/nirigs.com\/wp-content\/uploads\/2025\/04\/Design-sans-titre-27.png\",\"contentUrl\":\"https:\/\/nirigs.com\/wp-content\/uploads\/2025\/04\/Design-sans-titre-27.png\",\"width\":500,\"height\":500,\"caption\":\"Nirigs\"},\"image\":{\"@id\":\"https:\/\/nirigs.com\/#\/schema\/logo\/image\/\"}}]}<\/script>\n<!-- \/ Yoast SEO plugin. -->","yoast_head_json":{"title":"GARNIER - Soin Visage 3en1 Argile Peaux Imperfections - 150 ml - NIRIGS","robots":{"index":"index","follow":"follow","max-snippet":"max-snippet:-1","max-image-preview":"max-image-preview:large","max-video-preview":"max-video-preview:-1"},"canonical":"https:\/\/nirigs.com\/en\/product\/garnier-soin-visage-3en1-argile-peaux-imperfections-150-ml\/","og_locale":"en_US","og_type":"article","og_title":"GARNIER - Soin Visage 3en1 Argile Peaux Imperfections - 150 ml - NIRIGS","og_url":"https:\/\/nirigs.com\/en\/product\/garnier-soin-visage-3en1-argile-peaux-imperfections-150-ml\/","og_site_name":"NIRIGS","article_modified_time":"2025-04-22T15:18:02+00:00","og_image":[{"width":1000,"height":1000,"url":"https:\/\/nirigs.com\/wp-content\/uploads\/2024\/09\/GARNIER-Soin-Visage-3en1-Argile-Peaux-Imperfections-150ML.jpg","type":"image\/jpeg"}],"twitter_card":"summary_large_image","twitter_misc":{"Est. reading time":"1 minute"},"schema":{"@context":"https:\/\/schema.org","@graph":[{"@type":"WebPage","@id":"https:\/\/nirigs.com\/product\/garnier-soin-visage-3en1-argile-peaux-imperfections-150-ml\/","url":"https:\/\/nirigs.com\/product\/garnier-soin-visage-3en1-argile-peaux-imperfections-150-ml\/","name":"GARNIER - Soin Visage 3en1 Argile Peaux Imperfections - 150 ml - NIRIGS","isPartOf":{"@id":"https:\/\/nirigs.com\/#website"},"primaryImageOfPage":{"@id":"https:\/\/nirigs.com\/product\/garnier-soin-visage-3en1-argile-peaux-imperfections-150-ml\/#primaryimage"},"image":{"@id":"https:\/\/nirigs.com\/product\/garnier-soin-visage-3en1-argile-peaux-imperfections-150-ml\/#primaryimage"},"thumbnailUrl":"https:\/\/nirigs.com\/wp-content\/uploads\/2024\/09\/GARNIER-Soin-Visage-3en1-Argile-Peaux-Imperfections-150ML.jpg","datePublished":"2024-10-02T14:16:38+00:00","dateModified":"2025-04-22T15:18:02+00:00","breadcrumb":{"@id":"https:\/\/nirigs.com\/product\/garnier-soin-visage-3en1-argile-peaux-imperfections-150-ml\/#breadcrumb"},"inLanguage":"en-US","potentialAction":[{"@type":"ReadAction","target":["https:\/\/nirigs.com\/product\/garnier-soin-visage-3en1-argile-peaux-imperfections-150-ml\/"]}]},{"@type":"ImageObject","inLanguage":"en-US","@id":"https:\/\/nirigs.com\/product\/garnier-soin-visage-3en1-argile-peaux-imperfections-150-ml\/#primaryimage","url":"https:\/\/nirigs.com\/wp-content\/uploads\/2024\/09\/GARNIER-Soin-Visage-3en1-Argile-Peaux-Imperfections-150ML.jpg","contentUrl":"https:\/\/nirigs.com\/wp-content\/uploads\/2024\/09\/GARNIER-Soin-Visage-3en1-Argile-Peaux-Imperfections-150ML.jpg","width":1000,"height":1000},{"@type":"BreadcrumbList","@id":"https:\/\/nirigs.com\/product\/garnier-soin-visage-3en1-argile-peaux-imperfections-150-ml\/#breadcrumb","itemListElement":[{"@type":"ListItem","position":1,"name":"Home","item":"https:\/\/nirigs.com\/"},{"@type":"ListItem","position":2,"name":"Parcourir","item":"https:\/\/nirigs.com\/boutique\/"},{"@type":"ListItem","position":3,"name":"GARNIER &#8211; Soin Visage 3en1 Argile Peaux Imperfections &#8211; 150 ml"}]},{"@type":"WebSite","@id":"https:\/\/nirigs.com\/#website","url":"https:\/\/nirigs.com\/","name":"Nirigs.com","description":"Simplifiez vos achats du quotidien \u00e0 Djibouti","publisher":{"@id":"https:\/\/nirigs.com\/#organization"},"potentialAction":[{"@type":"SearchAction","target":{"@type":"EntryPoint","urlTemplate":"https:\/\/nirigs.com\/?s={search_term_string}"},"query-input":{"@type":"PropertyValueSpecification","valueRequired":true,"valueName":"search_term_string"}}],"inLanguage":"en-US"},{"@type":"Organization","@id":"https:\/\/nirigs.com\/#organization","name":"Nirigs","url":"https:\/\/nirigs.com\/","logo":{"@type":"ImageObject","inLanguage":"en-US","@id":"https:\/\/nirigs.com\/#\/schema\/logo\/image\/","url":"https:\/\/nirigs.com\/wp-content\/uploads\/2025\/04\/Design-sans-titre-27.png","contentUrl":"https:\/\/nirigs.com\/wp-content\/uploads\/2025\/04\/Design-sans-titre-27.png","width":500,"height":500,"caption":"Nirigs"},"image":{"@id":"https:\/\/nirigs.com\/#\/schema\/logo\/image\/"}}]}},"brands":[{"id":1091,"name":"Garnier","slug":"garnier"}],"_links":{"self":[{"href":"https:\/\/nirigs.com\/en\/wp-json\/wp\/v2\/product\/21081","targetHints":{"allow":["GET"]}}],"collection":[{"href":"https:\/\/nirigs.com\/en\/wp-json\/wp\/v2\/product"}],"about":[{"href":"https:\/\/nirigs.com\/en\/wp-json\/wp\/v2\/types\/product"}],"replies":[{"embeddable":true,"href":"https:\/\/nirigs.com\/en\/wp-json\/wp\/v2\/comments?post=21081"}],"version-history":[{"count":12,"href":"https:\/\/nirigs.com\/en\/wp-json\/wp\/v2\/product\/21081\/revisions"}],"predecessor-version":[{"id":27041,"href":"https:\/\/nirigs.com\/en\/wp-json\/wp\/v2\/product\/21081\/revisions\/27041"}],"wp:featuredmedia":[{"embeddable":true,"href":"https:\/\/nirigs.com\/en\/wp-json\/wp\/v2\/media\/21082"}],"wp:attachment":[{"href":"https:\/\/nirigs.com\/en\/wp-json\/wp\/v2\/media?parent=21081"}],"wp:term":[{"taxonomy":"pwb-brand","embeddable":true,"href":"https:\/\/nirigs.com\/en\/wp-json\/wp\/v2\/pwb-brand?post=21081"},{"taxonomy":"product_brand","embeddable":true,"href":"https:\/\/nirigs.com\/en\/wp-json\/wp\/v2\/product_brand?post=21081"},{"taxonomy":"product_cat","embeddable":true,"href":"https:\/\/nirigs.com\/en\/wp-json\/wp\/v2\/product_cat?post=21081"},{"taxonomy":"product_tag","embeddable":true,"href":"https:\/\/nirigs.com\/en\/wp-json\/wp\/v2\/product_tag?post=21081"}],"curies":[{"name":"wp","href":"https:\/\/api.w.org\/{rel}","templated":true}]}}