{"id":21051,"date":"2024-10-02T18:11:18","date_gmt":"2024-10-02T15:11:18","guid":{"rendered":"https:\/\/nirigs.com\/?post_type=product&#038;p=21051"},"modified":"2025-06-06T04:53:18","modified_gmt":"2025-06-06T01:53:18","slug":"garnier-skinactive-gel-nettoyant-booster-declat-a-la-vitamine-c","status":"publish","type":"product","link":"https:\/\/nirigs.com\/en\/product\/garnier-skinactive-gel-nettoyant-booster-declat-a-la-vitamine-c\/","title":{"rendered":"Garnier SkinActive - Radiance Booster Cleansing Gel with Vitamin C"},"content":{"rendered":"<p>D\u00e9couvrez le gel nettoyant booster d\u2019\u00e9clat enrichi en Glyc\u00e9rine et Vitamine C de 250ml, qui nettoie, hydrate et illumine la peau.<br \/>\nLe gel nettoyant booster d\u2019\u00e9clat nettoie, hydrate et illumine, pour une peau plus uniforme et plus lumineuse.<\/p>\n<p>Il \u00e9limine en douceur le maquillage et les impuret\u00e9s, tout en pr\u00e9servant la barri\u00e8re d\u2019hydratation naturelle de la peau. Nettoyez votre peau en profondeur avec le gel nettoyant Garnier Skin Active booster d&rsquo;\u00e9clat, enrichi \u00e0 la vitamine C et en essence de citron pure.<\/p>\n<p>Il \u00e9limine en douceur le maquillage et les impuret\u00e9s tout en pr\u00e9servant la barri\u00e8re d&rsquo;hydratation naturelle de la peau. R\u00e9sultats : la peau est hydrat\u00e9e et illumin\u00e9e, le teint plus uniforme et plus lumineux. Efficacit\u00e9 prouv\u00e9e apr\u00e8s une premi\u00e8re utilisation: la peau semble hydrat\u00e9e (89%), les impuret\u00e9s sont \u00e9limin\u00e9s (96%). Apr\u00e8s 4 semaine, la peau parait plus \u00e9clatante (87%).<\/p>\n<h4>Use<\/h4>\n<ul>\n<li>Appliquez deux fois par jour.<\/li>\n<li>Mouillez la peau avec de l&rsquo;eau ti\u00e8de.<\/li>\n<li>Massez d\u00e9licatement sur la peau.<\/li>\n<li>\u00a0Rinse off.<\/li>\n<\/ul>\n<p>* Attention : En cas de contact direct avec les yeux, rincez imm\u00e9diatement et abondamment.<\/p>\n<h4>Ing\u00e9dients<\/h4>\n<p>Value1: AQUA \/ WATER \u2022 GLYCERIN \u2022 COCAMIDOPROPYL BETAINE \u2022 SODIUM C14-16 OLEFIN SULFONATE \u2022 GLYCOL DISTEARATE \u2022 TRIETHYL CITRATE \u2022 PEG-55 PROPYLENE GLYCOL OLEATE \u2022 SODIUM CHLORIDE \u2022 SODIUM HYDROXIDE \u2022 COCO-BETAINE \u2022 ASCORBYL GLUCOSIDE \u2022 PROPYLENE GLYCOL \u2022 CITRIC ACID \u2022 ACRYLATES COPOLYMER \u2022 SODIUM BENZOATE \u2022 BENZOIC ACID \u2022 LINALOOL \u2022 LIMONENE \u2022 PARFUM \/ FRAGRANCE.<\/p>","protected":false},"excerpt":{"rendered":"<p>D\u00e9couvrez le gel nettoyant booster d\u2019\u00e9clat enrichi en Glyc\u00e9rine et Vitamine C de 250ml, qui nettoie, hydrate et illumine la<\/p>","protected":false},"featured_media":21296,"comment_status":"open","ping_status":"closed","template":"","meta":[],"pwb-brand":[1091],"product_brand":[],"product_cat":[267,1042,1101,1032,1029],"product_tag":[],"class_list":{"0":"post-21051","1":"product","2":"type-product","3":"status-publish","4":"has-post-thumbnail","6":"pwb-brand-garnier","7":"product_cat-beaute-et-soins","8":"product_cat-nettoyants-et-exfoliants-pour-le-visage","9":"product_cat-nettoyants-pour-le-visage","10":"product_cat-soins-du-visage","11":"product_cat-soins-pour-la-peau","13":"first","14":"instock","15":"shipping-taxable","16":"purchasable","17":"product-type-simple"},"yoast_head":"<!-- This site is optimized with the Yoast SEO plugin v27.1.1 - https:\/\/yoast.com\/product\/yoast-seo-wordpress\/ -->\n<title>Garnier SkinActive - Gel Nettoyant Booster D\u2019\u00e9clat \u00e0 la Vitamine C - NIRIGS<\/title>\n<meta name=\"robots\" content=\"index, follow, max-snippet:-1, max-image-preview:large, max-video-preview:-1\" \/>\n<link rel=\"canonical\" href=\"https:\/\/nirigs.com\/en\/product\/garnier-skinactive-gel-nettoyant-booster-declat-a-la-vitamine-c\/\" \/>\n<meta property=\"og:locale\" content=\"en_US\" \/>\n<meta property=\"og:type\" content=\"article\" \/>\n<meta property=\"og:title\" content=\"Garnier SkinActive - Gel Nettoyant Booster D\u2019\u00e9clat \u00e0 la Vitamine C - NIRIGS\" \/>\n<meta property=\"og:description\" content=\"D\u00e9couvrez le gel nettoyant booster d\u2019\u00e9clat enrichi en Glyc\u00e9rine et Vitamine C de 250ml, qui nettoie, hydrate et illumine la\" \/>\n<meta property=\"og:url\" content=\"https:\/\/nirigs.com\/en\/product\/garnier-skinactive-gel-nettoyant-booster-declat-a-la-vitamine-c\/\" \/>\n<meta property=\"og:site_name\" content=\"NIRIGS\" \/>\n<meta property=\"article:modified_time\" content=\"2025-06-06T01:53:18+00:00\" \/>\n<meta property=\"og:image\" content=\"https:\/\/nirigs.com\/wp-content\/uploads\/2024\/09\/Garnier-SkinActive-Gel-Nettoyant-Booster-Declat-a-la-Vitamine-C-4.jpg\" \/>\n\t<meta property=\"og:image:width\" content=\"1000\" \/>\n\t<meta property=\"og:image:height\" content=\"1000\" \/>\n\t<meta property=\"og:image:type\" content=\"image\/jpeg\" \/>\n<meta name=\"twitter:card\" content=\"summary_large_image\" \/>\n<meta name=\"twitter:label1\" content=\"Est. reading time\" \/>\n\t<meta name=\"twitter:data1\" content=\"1 minute\" \/>\n<script type=\"application\/ld+json\" class=\"yoast-schema-graph\">{\"@context\":\"https:\/\/schema.org\",\"@graph\":[{\"@type\":\"WebPage\",\"@id\":\"https:\/\/nirigs.com\/product\/garnier-skinactive-gel-nettoyant-booster-declat-a-la-vitamine-c\/\",\"url\":\"https:\/\/nirigs.com\/product\/garnier-skinactive-gel-nettoyant-booster-declat-a-la-vitamine-c\/\",\"name\":\"Garnier SkinActive - Gel Nettoyant Booster D\u2019\u00e9clat \u00e0 la Vitamine C - NIRIGS\",\"isPartOf\":{\"@id\":\"https:\/\/nirigs.com\/#website\"},\"primaryImageOfPage\":{\"@id\":\"https:\/\/nirigs.com\/product\/garnier-skinactive-gel-nettoyant-booster-declat-a-la-vitamine-c\/#primaryimage\"},\"image\":{\"@id\":\"https:\/\/nirigs.com\/product\/garnier-skinactive-gel-nettoyant-booster-declat-a-la-vitamine-c\/#primaryimage\"},\"thumbnailUrl\":\"https:\/\/nirigs.com\/wp-content\/uploads\/2024\/09\/Garnier-SkinActive-Gel-Nettoyant-Booster-Declat-a-la-Vitamine-C-4.jpg\",\"datePublished\":\"2024-10-02T15:11:18+00:00\",\"dateModified\":\"2025-06-06T01:53:18+00:00\",\"breadcrumb\":{\"@id\":\"https:\/\/nirigs.com\/product\/garnier-skinactive-gel-nettoyant-booster-declat-a-la-vitamine-c\/#breadcrumb\"},\"inLanguage\":\"en-US\",\"potentialAction\":[{\"@type\":\"ReadAction\",\"target\":[\"https:\/\/nirigs.com\/product\/garnier-skinactive-gel-nettoyant-booster-declat-a-la-vitamine-c\/\"]}]},{\"@type\":\"ImageObject\",\"inLanguage\":\"en-US\",\"@id\":\"https:\/\/nirigs.com\/product\/garnier-skinactive-gel-nettoyant-booster-declat-a-la-vitamine-c\/#primaryimage\",\"url\":\"https:\/\/nirigs.com\/wp-content\/uploads\/2024\/09\/Garnier-SkinActive-Gel-Nettoyant-Booster-Declat-a-la-Vitamine-C-4.jpg\",\"contentUrl\":\"https:\/\/nirigs.com\/wp-content\/uploads\/2024\/09\/Garnier-SkinActive-Gel-Nettoyant-Booster-Declat-a-la-Vitamine-C-4.jpg\",\"width\":1000,\"height\":1000},{\"@type\":\"BreadcrumbList\",\"@id\":\"https:\/\/nirigs.com\/product\/garnier-skinactive-gel-nettoyant-booster-declat-a-la-vitamine-c\/#breadcrumb\",\"itemListElement\":[{\"@type\":\"ListItem\",\"position\":1,\"name\":\"Home\",\"item\":\"https:\/\/nirigs.com\/\"},{\"@type\":\"ListItem\",\"position\":2,\"name\":\"Parcourir\",\"item\":\"https:\/\/nirigs.com\/boutique\/\"},{\"@type\":\"ListItem\",\"position\":3,\"name\":\"Garnier SkinActive &#8211; Gel Nettoyant Booster D\u2019\u00e9clat \u00e0 la Vitamine C\"}]},{\"@type\":\"WebSite\",\"@id\":\"https:\/\/nirigs.com\/#website\",\"url\":\"https:\/\/nirigs.com\/\",\"name\":\"Nirigs.com\",\"description\":\"Simplifiez vos achats du quotidien \u00e0 Djibouti\",\"publisher\":{\"@id\":\"https:\/\/nirigs.com\/#organization\"},\"potentialAction\":[{\"@type\":\"SearchAction\",\"target\":{\"@type\":\"EntryPoint\",\"urlTemplate\":\"https:\/\/nirigs.com\/?s={search_term_string}\"},\"query-input\":{\"@type\":\"PropertyValueSpecification\",\"valueRequired\":true,\"valueName\":\"search_term_string\"}}],\"inLanguage\":\"en-US\"},{\"@type\":\"Organization\",\"@id\":\"https:\/\/nirigs.com\/#organization\",\"name\":\"Nirigs\",\"url\":\"https:\/\/nirigs.com\/\",\"logo\":{\"@type\":\"ImageObject\",\"inLanguage\":\"en-US\",\"@id\":\"https:\/\/nirigs.com\/#\/schema\/logo\/image\/\",\"url\":\"https:\/\/nirigs.com\/wp-content\/uploads\/2025\/04\/Design-sans-titre-27.png\",\"contentUrl\":\"https:\/\/nirigs.com\/wp-content\/uploads\/2025\/04\/Design-sans-titre-27.png\",\"width\":500,\"height\":500,\"caption\":\"Nirigs\"},\"image\":{\"@id\":\"https:\/\/nirigs.com\/#\/schema\/logo\/image\/\"}}]}<\/script>\n<!-- \/ Yoast SEO plugin. -->","yoast_head_json":{"title":"Garnier SkinActive - Gel Nettoyant Booster D\u2019\u00e9clat \u00e0 la Vitamine C - NIRIGS","robots":{"index":"index","follow":"follow","max-snippet":"max-snippet:-1","max-image-preview":"max-image-preview:large","max-video-preview":"max-video-preview:-1"},"canonical":"https:\/\/nirigs.com\/en\/product\/garnier-skinactive-gel-nettoyant-booster-declat-a-la-vitamine-c\/","og_locale":"en_US","og_type":"article","og_title":"Garnier SkinActive - Gel Nettoyant Booster D\u2019\u00e9clat \u00e0 la Vitamine C - NIRIGS","og_description":"D\u00e9couvrez le gel nettoyant booster d\u2019\u00e9clat enrichi en Glyc\u00e9rine et Vitamine C de 250ml, qui nettoie, hydrate et illumine la","og_url":"https:\/\/nirigs.com\/en\/product\/garnier-skinactive-gel-nettoyant-booster-declat-a-la-vitamine-c\/","og_site_name":"NIRIGS","article_modified_time":"2025-06-06T01:53:18+00:00","og_image":[{"width":1000,"height":1000,"url":"https:\/\/nirigs.com\/wp-content\/uploads\/2024\/09\/Garnier-SkinActive-Gel-Nettoyant-Booster-Declat-a-la-Vitamine-C-4.jpg","type":"image\/jpeg"}],"twitter_card":"summary_large_image","twitter_misc":{"Est. reading time":"1 minute"},"schema":{"@context":"https:\/\/schema.org","@graph":[{"@type":"WebPage","@id":"https:\/\/nirigs.com\/product\/garnier-skinactive-gel-nettoyant-booster-declat-a-la-vitamine-c\/","url":"https:\/\/nirigs.com\/product\/garnier-skinactive-gel-nettoyant-booster-declat-a-la-vitamine-c\/","name":"Garnier SkinActive - Gel Nettoyant Booster D\u2019\u00e9clat \u00e0 la Vitamine C - NIRIGS","isPartOf":{"@id":"https:\/\/nirigs.com\/#website"},"primaryImageOfPage":{"@id":"https:\/\/nirigs.com\/product\/garnier-skinactive-gel-nettoyant-booster-declat-a-la-vitamine-c\/#primaryimage"},"image":{"@id":"https:\/\/nirigs.com\/product\/garnier-skinactive-gel-nettoyant-booster-declat-a-la-vitamine-c\/#primaryimage"},"thumbnailUrl":"https:\/\/nirigs.com\/wp-content\/uploads\/2024\/09\/Garnier-SkinActive-Gel-Nettoyant-Booster-Declat-a-la-Vitamine-C-4.jpg","datePublished":"2024-10-02T15:11:18+00:00","dateModified":"2025-06-06T01:53:18+00:00","breadcrumb":{"@id":"https:\/\/nirigs.com\/product\/garnier-skinactive-gel-nettoyant-booster-declat-a-la-vitamine-c\/#breadcrumb"},"inLanguage":"en-US","potentialAction":[{"@type":"ReadAction","target":["https:\/\/nirigs.com\/product\/garnier-skinactive-gel-nettoyant-booster-declat-a-la-vitamine-c\/"]}]},{"@type":"ImageObject","inLanguage":"en-US","@id":"https:\/\/nirigs.com\/product\/garnier-skinactive-gel-nettoyant-booster-declat-a-la-vitamine-c\/#primaryimage","url":"https:\/\/nirigs.com\/wp-content\/uploads\/2024\/09\/Garnier-SkinActive-Gel-Nettoyant-Booster-Declat-a-la-Vitamine-C-4.jpg","contentUrl":"https:\/\/nirigs.com\/wp-content\/uploads\/2024\/09\/Garnier-SkinActive-Gel-Nettoyant-Booster-Declat-a-la-Vitamine-C-4.jpg","width":1000,"height":1000},{"@type":"BreadcrumbList","@id":"https:\/\/nirigs.com\/product\/garnier-skinactive-gel-nettoyant-booster-declat-a-la-vitamine-c\/#breadcrumb","itemListElement":[{"@type":"ListItem","position":1,"name":"Home","item":"https:\/\/nirigs.com\/"},{"@type":"ListItem","position":2,"name":"Parcourir","item":"https:\/\/nirigs.com\/boutique\/"},{"@type":"ListItem","position":3,"name":"Garnier SkinActive &#8211; Gel Nettoyant Booster D\u2019\u00e9clat \u00e0 la Vitamine C"}]},{"@type":"WebSite","@id":"https:\/\/nirigs.com\/#website","url":"https:\/\/nirigs.com\/","name":"Nirigs.com","description":"Simplifiez vos achats du quotidien \u00e0 Djibouti","publisher":{"@id":"https:\/\/nirigs.com\/#organization"},"potentialAction":[{"@type":"SearchAction","target":{"@type":"EntryPoint","urlTemplate":"https:\/\/nirigs.com\/?s={search_term_string}"},"query-input":{"@type":"PropertyValueSpecification","valueRequired":true,"valueName":"search_term_string"}}],"inLanguage":"en-US"},{"@type":"Organization","@id":"https:\/\/nirigs.com\/#organization","name":"Nirigs","url":"https:\/\/nirigs.com\/","logo":{"@type":"ImageObject","inLanguage":"en-US","@id":"https:\/\/nirigs.com\/#\/schema\/logo\/image\/","url":"https:\/\/nirigs.com\/wp-content\/uploads\/2025\/04\/Design-sans-titre-27.png","contentUrl":"https:\/\/nirigs.com\/wp-content\/uploads\/2025\/04\/Design-sans-titre-27.png","width":500,"height":500,"caption":"Nirigs"},"image":{"@id":"https:\/\/nirigs.com\/#\/schema\/logo\/image\/"}}]}},"brands":[{"id":1091,"name":"Garnier","slug":"garnier"}],"_links":{"self":[{"href":"https:\/\/nirigs.com\/en\/wp-json\/wp\/v2\/product\/21051","targetHints":{"allow":["GET"]}}],"collection":[{"href":"https:\/\/nirigs.com\/en\/wp-json\/wp\/v2\/product"}],"about":[{"href":"https:\/\/nirigs.com\/en\/wp-json\/wp\/v2\/types\/product"}],"replies":[{"embeddable":true,"href":"https:\/\/nirigs.com\/en\/wp-json\/wp\/v2\/comments?post=21051"}],"version-history":[{"count":5,"href":"https:\/\/nirigs.com\/en\/wp-json\/wp\/v2\/product\/21051\/revisions"}],"predecessor-version":[{"id":24862,"href":"https:\/\/nirigs.com\/en\/wp-json\/wp\/v2\/product\/21051\/revisions\/24862"}],"wp:featuredmedia":[{"embeddable":true,"href":"https:\/\/nirigs.com\/en\/wp-json\/wp\/v2\/media\/21296"}],"wp:attachment":[{"href":"https:\/\/nirigs.com\/en\/wp-json\/wp\/v2\/media?parent=21051"}],"wp:term":[{"taxonomy":"pwb-brand","embeddable":true,"href":"https:\/\/nirigs.com\/en\/wp-json\/wp\/v2\/pwb-brand?post=21051"},{"taxonomy":"product_brand","embeddable":true,"href":"https:\/\/nirigs.com\/en\/wp-json\/wp\/v2\/product_brand?post=21051"},{"taxonomy":"product_cat","embeddable":true,"href":"https:\/\/nirigs.com\/en\/wp-json\/wp\/v2\/product_cat?post=21051"},{"taxonomy":"product_tag","embeddable":true,"href":"https:\/\/nirigs.com\/en\/wp-json\/wp\/v2\/product_tag?post=21051"}],"curies":[{"name":"wp","href":"https:\/\/api.w.org\/{rel}","templated":true}]}}