{"id":21033,"date":"2024-10-02T18:12:11","date_gmt":"2024-10-02T15:12:11","guid":{"rendered":"https:\/\/nirigs.com\/?post_type=product&#038;p=21033"},"modified":"2025-03-13T17:51:00","modified_gmt":"2025-03-13T14:51:00","slug":"loreal-paris-bright-reveal-creme-nettoyante-moussante-a-la-niacinamide-nettoyant-visage-contre-les-taches-pigmentaires-150-ml","status":"publish","type":"product","link":"https:\/\/nirigs.com\/en\/product\/loreal-paris-bright-reveal-creme-nettoyante-moussante-a-la-niacinamide-nettoyant-visage-contre-les-taches-pigmentaires-150-ml\/","title":{"rendered":"L'Or\u00e9al Paris - Bright Reveal Foaming Cleansing Cream with Niacinamide - Facial cleanser against pigmentation spots - 150 ml"},"content":{"rendered":"<p>Nettoyant pour le visage Bright Reveal \u00e0 la niacinamide. D\u00e9couvrez le nettoyant visage Bright Reveal de L&rsquo;Or\u00e9al Paris enrichi en actifs s\u00e9riques : l&rsquo;association parfaite de composants dermatologiquement connus pour une peau pure et \u00e9clatante.<\/p>\n<p>Avec de l&rsquo;acide salicylique comme exfoliant doux, le produit aide \u00e0 r\u00e9duire les imperfections et \u00e0 affiner le grain de peau. La niacinamide, actif recommand\u00e9 pour \u00e9claircir la peau, agit efficacement pour favoriser un teint uniforme.<\/p>\n<p>L&rsquo;efficacit\u00e9 de ce nettoyant est cliniquement prouv\u00e9e : il r\u00e9duit les boutons de 51%, les taches post-boutons de 57% et la production excessive de s\u00e9bum. 41%.<\/p>\n<h4>Use<\/h4>\n<ul>\n<li>Appliquez une petite quantit\u00e9 de produit dans votre paume matin et soir.<\/li>\n<li>Frottez le pour activer la texture mousseuse.<\/li>\n<li>Appliquer ensuite sur le visage et le cou mouill\u00e9s.<\/li>\n<li>Rincez abondamment \u00e0 l&rsquo;eau puis appliquez vos produits de soins habituels.<\/li>\n<\/ul>\n<p>* En cas de contact avec les yeux, rincer imm\u00e9diatement.<\/p>\n<h4>Ingredients<\/h4>\n<p>2050736 12 &#8211; INGREDIENTS: AQUA \/ WATER \u2022 SODIUM LAURETH SULFATE \u2022 GLYCERIN \u2022 DECYL GLUCOSIDE \u2022 COCO-BETAINE \u2022 SALICYLIC ACID \u2022 SODIUM CHLORIDE \u2022 NIACINAMIDE \u2022 ZINC PCA \u2022 PEG-150 PENTAERYTHRITYL TETRASTEARATE \u2022 PEG-6 CAPRYLIC\/CAPRIC GLYCERIDES \u2022 SODIUM HYDROXIDE \u2022 CAPRYLOYL SALICYLIC ACID \u2022 TETRASODIUM GLUTAMATE DIACETATE \u2022 CITRIC ACID \u2022 HEXYLENE GLYCOL \u2022 PARFUM \/ FRAGRANCE (F.I.L. Z70039118\/1). Les listes d&rsquo;ingr\u00e9dients entrant dans la composition des produits de notre marque sont r\u00e9guli\u00e8rement mises \u00e0 jour. Avant d&rsquo;utiliser un produit de notre marque, vous \u00eates invit\u00e9s \u00e0 lire la liste d&rsquo;ingr\u00e9dients figurant sur son emballage afin de vous assurer que les ingr\u00e9dients sont adapt\u00e9s \u00e0 votre utilisation personnelle<\/p>","protected":false},"excerpt":{"rendered":"<p>Nettoyant pour le visage Bright Reveal \u00e0 la niacinamide. D\u00e9couvrez le nettoyant visage Bright Reveal de L&rsquo;Or\u00e9al Paris enrichi en<\/p>","protected":false},"featured_media":22956,"comment_status":"open","ping_status":"closed","template":"","meta":[],"pwb-brand":[588],"product_brand":[],"product_cat":[267,1042,1032,1029],"product_tag":[],"class_list":{"0":"post-21033","1":"product","2":"type-product","3":"status-publish","4":"has-post-thumbnail","6":"pwb-brand-loreal-paris","7":"product_cat-beaute-et-soins","8":"product_cat-nettoyants-et-exfoliants-pour-le-visage","9":"product_cat-soins-du-visage","10":"product_cat-soins-pour-la-peau","12":"first","13":"instock","14":"shipping-taxable","15":"purchasable","16":"product-type-simple"},"yoast_head":"<!-- This site is optimized with the Yoast SEO plugin v27.1.1 - https:\/\/yoast.com\/product\/yoast-seo-wordpress\/ -->\n<title>L&#039;Or\u00e9al Paris - Bright Reveal Cr\u00e8me Nettoyante Moussante \u00e0 la Niacinamide - Nettoyant visage contre les taches pigmentaires - 150 ml - NIRIGS<\/title>\n<meta name=\"robots\" content=\"index, follow, max-snippet:-1, max-image-preview:large, max-video-preview:-1\" \/>\n<link rel=\"canonical\" href=\"https:\/\/nirigs.com\/en\/product\/loreal-paris-bright-reveal-creme-nettoyante-moussante-a-la-niacinamide-nettoyant-visage-contre-les-taches-pigmentaires-150-ml\/\" \/>\n<meta property=\"og:locale\" content=\"en_US\" \/>\n<meta property=\"og:type\" content=\"article\" \/>\n<meta property=\"og:title\" content=\"L&#039;Or\u00e9al Paris - Bright Reveal Cr\u00e8me Nettoyante Moussante \u00e0 la Niacinamide - Nettoyant visage contre les taches pigmentaires - 150 ml - NIRIGS\" \/>\n<meta property=\"og:description\" content=\"Nettoyant pour le visage Bright Reveal \u00e0 la niacinamide. D\u00e9couvrez le nettoyant visage Bright Reveal de L&rsquo;Or\u00e9al Paris enrichi en\" \/>\n<meta property=\"og:url\" content=\"https:\/\/nirigs.com\/en\/product\/loreal-paris-bright-reveal-creme-nettoyante-moussante-a-la-niacinamide-nettoyant-visage-contre-les-taches-pigmentaires-150-ml\/\" \/>\n<meta property=\"og:site_name\" content=\"NIRIGS\" \/>\n<meta property=\"article:modified_time\" content=\"2025-03-13T14:51:00+00:00\" \/>\n<meta property=\"og:image\" content=\"https:\/\/nirigs.com\/wp-content\/uploads\/2024\/10\/LOreal-Paris-Bright-Reveal-Creme-Nettoyante-Moussante-a-la-Niacinamide-Nettoyant-visage-contre-les-taches-pigmentaires-150-ml.jpg\" \/>\n\t<meta property=\"og:image:width\" content=\"1000\" \/>\n\t<meta property=\"og:image:height\" content=\"1000\" \/>\n\t<meta property=\"og:image:type\" content=\"image\/jpeg\" \/>\n<meta name=\"twitter:card\" content=\"summary_large_image\" \/>\n<meta name=\"twitter:label1\" content=\"Est. reading time\" \/>\n\t<meta name=\"twitter:data1\" content=\"1 minute\" \/>\n<script type=\"application\/ld+json\" class=\"yoast-schema-graph\">{\"@context\":\"https:\/\/schema.org\",\"@graph\":[{\"@type\":\"WebPage\",\"@id\":\"https:\/\/nirigs.com\/product\/loreal-paris-bright-reveal-creme-nettoyante-moussante-a-la-niacinamide-nettoyant-visage-contre-les-taches-pigmentaires-150-ml\/\",\"url\":\"https:\/\/nirigs.com\/product\/loreal-paris-bright-reveal-creme-nettoyante-moussante-a-la-niacinamide-nettoyant-visage-contre-les-taches-pigmentaires-150-ml\/\",\"name\":\"L'Or\u00e9al Paris - Bright Reveal Cr\u00e8me Nettoyante Moussante \u00e0 la Niacinamide - Nettoyant visage contre les taches pigmentaires - 150 ml - NIRIGS\",\"isPartOf\":{\"@id\":\"https:\/\/nirigs.com\/#website\"},\"primaryImageOfPage\":{\"@id\":\"https:\/\/nirigs.com\/product\/loreal-paris-bright-reveal-creme-nettoyante-moussante-a-la-niacinamide-nettoyant-visage-contre-les-taches-pigmentaires-150-ml\/#primaryimage\"},\"image\":{\"@id\":\"https:\/\/nirigs.com\/product\/loreal-paris-bright-reveal-creme-nettoyante-moussante-a-la-niacinamide-nettoyant-visage-contre-les-taches-pigmentaires-150-ml\/#primaryimage\"},\"thumbnailUrl\":\"https:\/\/nirigs.com\/wp-content\/uploads\/2024\/10\/LOreal-Paris-Bright-Reveal-Creme-Nettoyante-Moussante-a-la-Niacinamide-Nettoyant-visage-contre-les-taches-pigmentaires-150-ml.jpg\",\"datePublished\":\"2024-10-02T15:12:11+00:00\",\"dateModified\":\"2025-03-13T14:51:00+00:00\",\"breadcrumb\":{\"@id\":\"https:\/\/nirigs.com\/product\/loreal-paris-bright-reveal-creme-nettoyante-moussante-a-la-niacinamide-nettoyant-visage-contre-les-taches-pigmentaires-150-ml\/#breadcrumb\"},\"inLanguage\":\"en-US\",\"potentialAction\":[{\"@type\":\"ReadAction\",\"target\":[\"https:\/\/nirigs.com\/product\/loreal-paris-bright-reveal-creme-nettoyante-moussante-a-la-niacinamide-nettoyant-visage-contre-les-taches-pigmentaires-150-ml\/\"]}]},{\"@type\":\"ImageObject\",\"inLanguage\":\"en-US\",\"@id\":\"https:\/\/nirigs.com\/product\/loreal-paris-bright-reveal-creme-nettoyante-moussante-a-la-niacinamide-nettoyant-visage-contre-les-taches-pigmentaires-150-ml\/#primaryimage\",\"url\":\"https:\/\/nirigs.com\/wp-content\/uploads\/2024\/10\/LOreal-Paris-Bright-Reveal-Creme-Nettoyante-Moussante-a-la-Niacinamide-Nettoyant-visage-contre-les-taches-pigmentaires-150-ml.jpg\",\"contentUrl\":\"https:\/\/nirigs.com\/wp-content\/uploads\/2024\/10\/LOreal-Paris-Bright-Reveal-Creme-Nettoyante-Moussante-a-la-Niacinamide-Nettoyant-visage-contre-les-taches-pigmentaires-150-ml.jpg\",\"width\":1000,\"height\":1000},{\"@type\":\"BreadcrumbList\",\"@id\":\"https:\/\/nirigs.com\/product\/loreal-paris-bright-reveal-creme-nettoyante-moussante-a-la-niacinamide-nettoyant-visage-contre-les-taches-pigmentaires-150-ml\/#breadcrumb\",\"itemListElement\":[{\"@type\":\"ListItem\",\"position\":1,\"name\":\"Home\",\"item\":\"https:\/\/nirigs.com\/\"},{\"@type\":\"ListItem\",\"position\":2,\"name\":\"Parcourir\",\"item\":\"https:\/\/nirigs.com\/boutique\/\"},{\"@type\":\"ListItem\",\"position\":3,\"name\":\"L&rsquo;Or\u00e9al Paris &#8211; Bright Reveal Cr\u00e8me Nettoyante Moussante \u00e0 la Niacinamide &#8211; Nettoyant visage contre les taches pigmentaires &#8211; 150 ml\"}]},{\"@type\":\"WebSite\",\"@id\":\"https:\/\/nirigs.com\/#website\",\"url\":\"https:\/\/nirigs.com\/\",\"name\":\"Nirigs.com\",\"description\":\"Simplifiez vos achats du quotidien \u00e0 Djibouti\",\"publisher\":{\"@id\":\"https:\/\/nirigs.com\/#organization\"},\"potentialAction\":[{\"@type\":\"SearchAction\",\"target\":{\"@type\":\"EntryPoint\",\"urlTemplate\":\"https:\/\/nirigs.com\/?s={search_term_string}\"},\"query-input\":{\"@type\":\"PropertyValueSpecification\",\"valueRequired\":true,\"valueName\":\"search_term_string\"}}],\"inLanguage\":\"en-US\"},{\"@type\":\"Organization\",\"@id\":\"https:\/\/nirigs.com\/#organization\",\"name\":\"Nirigs\",\"url\":\"https:\/\/nirigs.com\/\",\"logo\":{\"@type\":\"ImageObject\",\"inLanguage\":\"en-US\",\"@id\":\"https:\/\/nirigs.com\/#\/schema\/logo\/image\/\",\"url\":\"https:\/\/nirigs.com\/wp-content\/uploads\/2025\/04\/Design-sans-titre-27.png\",\"contentUrl\":\"https:\/\/nirigs.com\/wp-content\/uploads\/2025\/04\/Design-sans-titre-27.png\",\"width\":500,\"height\":500,\"caption\":\"Nirigs\"},\"image\":{\"@id\":\"https:\/\/nirigs.com\/#\/schema\/logo\/image\/\"}}]}<\/script>\n<!-- \/ Yoast SEO plugin. -->","yoast_head_json":{"title":"L'Or\u00e9al Paris - Bright Reveal Cr\u00e8me Nettoyante Moussante \u00e0 la Niacinamide - Nettoyant visage contre les taches pigmentaires - 150 ml - NIRIGS","robots":{"index":"index","follow":"follow","max-snippet":"max-snippet:-1","max-image-preview":"max-image-preview:large","max-video-preview":"max-video-preview:-1"},"canonical":"https:\/\/nirigs.com\/en\/product\/loreal-paris-bright-reveal-creme-nettoyante-moussante-a-la-niacinamide-nettoyant-visage-contre-les-taches-pigmentaires-150-ml\/","og_locale":"en_US","og_type":"article","og_title":"L'Or\u00e9al Paris - Bright Reveal Cr\u00e8me Nettoyante Moussante \u00e0 la Niacinamide - Nettoyant visage contre les taches pigmentaires - 150 ml - NIRIGS","og_description":"Nettoyant pour le visage Bright Reveal \u00e0 la niacinamide. D\u00e9couvrez le nettoyant visage Bright Reveal de L&rsquo;Or\u00e9al Paris enrichi en","og_url":"https:\/\/nirigs.com\/en\/product\/loreal-paris-bright-reveal-creme-nettoyante-moussante-a-la-niacinamide-nettoyant-visage-contre-les-taches-pigmentaires-150-ml\/","og_site_name":"NIRIGS","article_modified_time":"2025-03-13T14:51:00+00:00","og_image":[{"width":1000,"height":1000,"url":"https:\/\/nirigs.com\/wp-content\/uploads\/2024\/10\/LOreal-Paris-Bright-Reveal-Creme-Nettoyante-Moussante-a-la-Niacinamide-Nettoyant-visage-contre-les-taches-pigmentaires-150-ml.jpg","type":"image\/jpeg"}],"twitter_card":"summary_large_image","twitter_misc":{"Est. reading time":"1 minute"},"schema":{"@context":"https:\/\/schema.org","@graph":[{"@type":"WebPage","@id":"https:\/\/nirigs.com\/product\/loreal-paris-bright-reveal-creme-nettoyante-moussante-a-la-niacinamide-nettoyant-visage-contre-les-taches-pigmentaires-150-ml\/","url":"https:\/\/nirigs.com\/product\/loreal-paris-bright-reveal-creme-nettoyante-moussante-a-la-niacinamide-nettoyant-visage-contre-les-taches-pigmentaires-150-ml\/","name":"L'Or\u00e9al Paris - Bright Reveal Cr\u00e8me Nettoyante Moussante \u00e0 la Niacinamide - Nettoyant visage contre les taches pigmentaires - 150 ml - NIRIGS","isPartOf":{"@id":"https:\/\/nirigs.com\/#website"},"primaryImageOfPage":{"@id":"https:\/\/nirigs.com\/product\/loreal-paris-bright-reveal-creme-nettoyante-moussante-a-la-niacinamide-nettoyant-visage-contre-les-taches-pigmentaires-150-ml\/#primaryimage"},"image":{"@id":"https:\/\/nirigs.com\/product\/loreal-paris-bright-reveal-creme-nettoyante-moussante-a-la-niacinamide-nettoyant-visage-contre-les-taches-pigmentaires-150-ml\/#primaryimage"},"thumbnailUrl":"https:\/\/nirigs.com\/wp-content\/uploads\/2024\/10\/LOreal-Paris-Bright-Reveal-Creme-Nettoyante-Moussante-a-la-Niacinamide-Nettoyant-visage-contre-les-taches-pigmentaires-150-ml.jpg","datePublished":"2024-10-02T15:12:11+00:00","dateModified":"2025-03-13T14:51:00+00:00","breadcrumb":{"@id":"https:\/\/nirigs.com\/product\/loreal-paris-bright-reveal-creme-nettoyante-moussante-a-la-niacinamide-nettoyant-visage-contre-les-taches-pigmentaires-150-ml\/#breadcrumb"},"inLanguage":"en-US","potentialAction":[{"@type":"ReadAction","target":["https:\/\/nirigs.com\/product\/loreal-paris-bright-reveal-creme-nettoyante-moussante-a-la-niacinamide-nettoyant-visage-contre-les-taches-pigmentaires-150-ml\/"]}]},{"@type":"ImageObject","inLanguage":"en-US","@id":"https:\/\/nirigs.com\/product\/loreal-paris-bright-reveal-creme-nettoyante-moussante-a-la-niacinamide-nettoyant-visage-contre-les-taches-pigmentaires-150-ml\/#primaryimage","url":"https:\/\/nirigs.com\/wp-content\/uploads\/2024\/10\/LOreal-Paris-Bright-Reveal-Creme-Nettoyante-Moussante-a-la-Niacinamide-Nettoyant-visage-contre-les-taches-pigmentaires-150-ml.jpg","contentUrl":"https:\/\/nirigs.com\/wp-content\/uploads\/2024\/10\/LOreal-Paris-Bright-Reveal-Creme-Nettoyante-Moussante-a-la-Niacinamide-Nettoyant-visage-contre-les-taches-pigmentaires-150-ml.jpg","width":1000,"height":1000},{"@type":"BreadcrumbList","@id":"https:\/\/nirigs.com\/product\/loreal-paris-bright-reveal-creme-nettoyante-moussante-a-la-niacinamide-nettoyant-visage-contre-les-taches-pigmentaires-150-ml\/#breadcrumb","itemListElement":[{"@type":"ListItem","position":1,"name":"Home","item":"https:\/\/nirigs.com\/"},{"@type":"ListItem","position":2,"name":"Parcourir","item":"https:\/\/nirigs.com\/boutique\/"},{"@type":"ListItem","position":3,"name":"L&rsquo;Or\u00e9al Paris &#8211; Bright Reveal Cr\u00e8me Nettoyante Moussante \u00e0 la Niacinamide &#8211; Nettoyant visage contre les taches pigmentaires &#8211; 150 ml"}]},{"@type":"WebSite","@id":"https:\/\/nirigs.com\/#website","url":"https:\/\/nirigs.com\/","name":"Nirigs.com","description":"Simplifiez vos achats du quotidien \u00e0 Djibouti","publisher":{"@id":"https:\/\/nirigs.com\/#organization"},"potentialAction":[{"@type":"SearchAction","target":{"@type":"EntryPoint","urlTemplate":"https:\/\/nirigs.com\/?s={search_term_string}"},"query-input":{"@type":"PropertyValueSpecification","valueRequired":true,"valueName":"search_term_string"}}],"inLanguage":"en-US"},{"@type":"Organization","@id":"https:\/\/nirigs.com\/#organization","name":"Nirigs","url":"https:\/\/nirigs.com\/","logo":{"@type":"ImageObject","inLanguage":"en-US","@id":"https:\/\/nirigs.com\/#\/schema\/logo\/image\/","url":"https:\/\/nirigs.com\/wp-content\/uploads\/2025\/04\/Design-sans-titre-27.png","contentUrl":"https:\/\/nirigs.com\/wp-content\/uploads\/2025\/04\/Design-sans-titre-27.png","width":500,"height":500,"caption":"Nirigs"},"image":{"@id":"https:\/\/nirigs.com\/#\/schema\/logo\/image\/"}}]}},"brands":[{"id":588,"name":"L'Or\u00e9al Paris","slug":"loreal-paris"}],"_links":{"self":[{"href":"https:\/\/nirigs.com\/en\/wp-json\/wp\/v2\/product\/21033","targetHints":{"allow":["GET"]}}],"collection":[{"href":"https:\/\/nirigs.com\/en\/wp-json\/wp\/v2\/product"}],"about":[{"href":"https:\/\/nirigs.com\/en\/wp-json\/wp\/v2\/types\/product"}],"replies":[{"embeddable":true,"href":"https:\/\/nirigs.com\/en\/wp-json\/wp\/v2\/comments?post=21033"}],"version-history":[{"count":10,"href":"https:\/\/nirigs.com\/en\/wp-json\/wp\/v2\/product\/21033\/revisions"}],"predecessor-version":[{"id":22961,"href":"https:\/\/nirigs.com\/en\/wp-json\/wp\/v2\/product\/21033\/revisions\/22961"}],"wp:featuredmedia":[{"embeddable":true,"href":"https:\/\/nirigs.com\/en\/wp-json\/wp\/v2\/media\/22956"}],"wp:attachment":[{"href":"https:\/\/nirigs.com\/en\/wp-json\/wp\/v2\/media?parent=21033"}],"wp:term":[{"taxonomy":"pwb-brand","embeddable":true,"href":"https:\/\/nirigs.com\/en\/wp-json\/wp\/v2\/pwb-brand?post=21033"},{"taxonomy":"product_brand","embeddable":true,"href":"https:\/\/nirigs.com\/en\/wp-json\/wp\/v2\/product_brand?post=21033"},{"taxonomy":"product_cat","embeddable":true,"href":"https:\/\/nirigs.com\/en\/wp-json\/wp\/v2\/product_cat?post=21033"},{"taxonomy":"product_tag","embeddable":true,"href":"https:\/\/nirigs.com\/en\/wp-json\/wp\/v2\/product_tag?post=21033"}],"curies":[{"name":"wp","href":"https:\/\/api.w.org\/{rel}","templated":true}]}}