{"id":21030,"date":"2024-10-02T17:52:03","date_gmt":"2024-10-02T14:52:03","guid":{"rendered":"https:\/\/nirigs.com\/?post_type=product&#038;p=21030"},"modified":"2025-04-22T11:20:50","modified_gmt":"2025-04-22T08:20:50","slug":"loreal-paris-serum-visage-anti-age-midnight-renaissance-cellulaire-age-perfect","status":"publish","type":"product","link":"https:\/\/nirigs.com\/en\/product\/loreal-paris-serum-visage-anti-age-midnight-renaissance-cellulaire-age-perfect\/","title":{"rendered":"L'OREAL PARIS - Anti-Aging Face Serum Midnight Renaissance Cellulaire Age Perfect"},"content":{"rendered":"<p>S\u00e9rum Haute r\u00e9g\u00e9n\u00e9ration qui prot\u00e8ge la peau des radicaux libres pour une r\u00e9g\u00e9n\u00e9ration intense pendant la nuit, lorsque la peau est la plus apte \u00e0 se renouveler.<\/p>\n<p>Il a \u00e9t\u00e9 formul\u00e9 pour stimuler la r\u00e9g\u00e9n\u00e9ration cellulaire et r\u00e9v\u00e9ler des millions de nouvelles cellules pour une peau visiblement plus jeune. D\u00e8s le 1er r\u00e9veil, la peau est intens\u00e9ment hydrat\u00e9e et semble repos\u00e9e comme apr\u00e8s une bonne nuit de sommeil.<\/p>\n<h4>Use<\/h4>\n<ul>\n<li>Matin et soir, appliquer 3-4 gouttes sur une peau nettoy\u00e9e et s\u00e8che avant votre soin quotidien.<\/li>\n<li>Appliquer sur le visage et le cou.<\/li>\n<\/ul>\n<h4>Ingredients<\/h4>\n<p>909401 21 &#8211; INGREDIENTS: AQUA \/ WATER &#8211; DIMETHICONE &#8211; GLYCERIN &#8211; ALCOHOL DENAT. &#8211; PEG-8 &#8211; DIPROPYLENE GLYCOL &#8211; SACCHAROMYCES\/XYLINUM\/BLACK TEA FERMENT &#8211; PROPYLENE GLYCOL &#8211; POLYSILICONE-11 &#8211; BIS-PEG-18 METHYL ETHER DIMETHYL SILANE &#8211; TUBER AESTIVUM EXTRACT &#8211; TUBER MELANOSPORUM EXTRACT &#8211; ADENOSINE &#8211; CAPRYLOYL SALICYLIC ACID &#8211; CHRYSIN &#8211; NEOHESPERIDIN DIHYDROCHALCONE &#8211; PALMITOYL TETRAPEPTIDE-7 &#8211; ROSMARINUS OFFICINALIS LEAF EXTRACT \/ ROSEMARY LEAF EXTRACT &#8211; SODIUM HYALURONATE &#8211; TRISODIUM ETHYLENEDIAMINE DISUCCINATE &#8211; TOCOPHEROL &#8211; OCTYLDODECANOL &#8211; SQUALANE &#8211; AMMONIUM POLYACRYLOYLDIMETHYL TAURATE &#8211; BIOSACCHARIDE GUM-4 &#8211; CAPRYLYL GLYCOL &#8211; CITRIC ACID &#8211; HELIANTHUS ANNUUS SEED OIL \/ SUNFLOWER SEED OIL &#8211; LACTIC ACID &#8211; PEG-20 METHYL GLUCOSE SESQUISTEARATE &#8211; PENTYLENE GLYCOL &#8211; POLOXAMER 338 &#8211; XANTHAN GUM &#8211; BIS-PEG\/PPG-16\/16 PEG\/PPG-16\/16 DIMETHICONE &#8211; CAPRYLIC\/CAPRIC TRIGLYCERIDE &#8211; BENZYL ALCOHOL &#8211; HEXYL CINNAMAL &#8211; HYDROXYCITRONELLAL &#8211; CI 14700 \/ RED 4 &#8211; CI 19140 \/ YELLOW 5 &#8211; PENTAERYTHRITYL TETRA-DI-T-BUTYL HYDROXYHYDROCINNAMATE &#8211; PHENOXYETHANOL &#8211; POTASSIUM SORBATE &#8211; SODIUM BENZOATE &#8211; SODIUM SALICYLATE &#8211; PARFUM \/ FRAGRANCE (F.I.L. Z70043009\/1).<\/p>","protected":false},"excerpt":{"rendered":"<p><br data-mce-bogus=\"1\"><\/p>","protected":false},"featured_media":22846,"comment_status":"open","ping_status":"closed","template":"","meta":[],"pwb-brand":[588],"product_brand":[],"product_cat":[267,1046,1032,1029,1041],"product_tag":[],"class_list":{"0":"post-21030","1":"product","2":"type-product","3":"status-publish","4":"has-post-thumbnail","6":"pwb-brand-loreal-paris","7":"product_cat-beaute-et-soins","8":"product_cat-soin-de-nuit","9":"product_cat-soins-du-visage","10":"product_cat-soins-pour-la-peau","11":"product_cat-soins-visage-hydratants","13":"first","14":"instock","15":"shipping-taxable","16":"purchasable","17":"product-type-simple"},"yoast_head":"<!-- This site is optimized with the Yoast SEO plugin v27.1.1 - https:\/\/yoast.com\/product\/yoast-seo-wordpress\/ -->\n<title>L&#039;OREAL PARIS - S\u00e9rum Visage Anti-\u00c2ge Midnight Renaissance Cellulaire Age Perfect - NIRIGS<\/title>\n<meta name=\"robots\" content=\"index, follow, max-snippet:-1, max-image-preview:large, max-video-preview:-1\" \/>\n<link rel=\"canonical\" href=\"https:\/\/nirigs.com\/en\/product\/loreal-paris-serum-visage-anti-age-midnight-renaissance-cellulaire-age-perfect\/\" \/>\n<meta property=\"og:locale\" content=\"en_US\" \/>\n<meta property=\"og:type\" content=\"article\" \/>\n<meta property=\"og:title\" content=\"L&#039;OREAL PARIS - S\u00e9rum Visage Anti-\u00c2ge Midnight Renaissance Cellulaire Age Perfect - NIRIGS\" \/>\n<meta property=\"og:url\" content=\"https:\/\/nirigs.com\/en\/product\/loreal-paris-serum-visage-anti-age-midnight-renaissance-cellulaire-age-perfect\/\" \/>\n<meta property=\"og:site_name\" content=\"NIRIGS\" \/>\n<meta property=\"article:modified_time\" content=\"2025-04-22T08:20:50+00:00\" \/>\n<meta property=\"og:image\" content=\"https:\/\/nirigs.com\/wp-content\/uploads\/2024\/09\/LOREAL-PARIS-Serum-Visage-Anti-Age-Midnight-Renaissance-Cellulaire-Age-Perfect-1-2.jpg\" \/>\n\t<meta property=\"og:image:width\" content=\"1000\" \/>\n\t<meta property=\"og:image:height\" content=\"1000\" \/>\n\t<meta property=\"og:image:type\" content=\"image\/jpeg\" \/>\n<meta name=\"twitter:card\" content=\"summary_large_image\" \/>\n<meta name=\"twitter:label1\" content=\"Est. reading time\" \/>\n\t<meta name=\"twitter:data1\" content=\"1 minute\" \/>\n<script type=\"application\/ld+json\" class=\"yoast-schema-graph\">{\"@context\":\"https:\/\/schema.org\",\"@graph\":[{\"@type\":\"WebPage\",\"@id\":\"https:\/\/nirigs.com\/product\/loreal-paris-serum-visage-anti-age-midnight-renaissance-cellulaire-age-perfect\/\",\"url\":\"https:\/\/nirigs.com\/product\/loreal-paris-serum-visage-anti-age-midnight-renaissance-cellulaire-age-perfect\/\",\"name\":\"L'OREAL PARIS - S\u00e9rum Visage Anti-\u00c2ge Midnight Renaissance Cellulaire Age Perfect - NIRIGS\",\"isPartOf\":{\"@id\":\"https:\/\/nirigs.com\/#website\"},\"primaryImageOfPage\":{\"@id\":\"https:\/\/nirigs.com\/product\/loreal-paris-serum-visage-anti-age-midnight-renaissance-cellulaire-age-perfect\/#primaryimage\"},\"image\":{\"@id\":\"https:\/\/nirigs.com\/product\/loreal-paris-serum-visage-anti-age-midnight-renaissance-cellulaire-age-perfect\/#primaryimage\"},\"thumbnailUrl\":\"https:\/\/nirigs.com\/wp-content\/uploads\/2024\/09\/LOREAL-PARIS-Serum-Visage-Anti-Age-Midnight-Renaissance-Cellulaire-Age-Perfect-1-2.jpg\",\"datePublished\":\"2024-10-02T14:52:03+00:00\",\"dateModified\":\"2025-04-22T08:20:50+00:00\",\"breadcrumb\":{\"@id\":\"https:\/\/nirigs.com\/product\/loreal-paris-serum-visage-anti-age-midnight-renaissance-cellulaire-age-perfect\/#breadcrumb\"},\"inLanguage\":\"en-US\",\"potentialAction\":[{\"@type\":\"ReadAction\",\"target\":[\"https:\/\/nirigs.com\/product\/loreal-paris-serum-visage-anti-age-midnight-renaissance-cellulaire-age-perfect\/\"]}]},{\"@type\":\"ImageObject\",\"inLanguage\":\"en-US\",\"@id\":\"https:\/\/nirigs.com\/product\/loreal-paris-serum-visage-anti-age-midnight-renaissance-cellulaire-age-perfect\/#primaryimage\",\"url\":\"https:\/\/nirigs.com\/wp-content\/uploads\/2024\/09\/LOREAL-PARIS-Serum-Visage-Anti-Age-Midnight-Renaissance-Cellulaire-Age-Perfect-1-2.jpg\",\"contentUrl\":\"https:\/\/nirigs.com\/wp-content\/uploads\/2024\/09\/LOREAL-PARIS-Serum-Visage-Anti-Age-Midnight-Renaissance-Cellulaire-Age-Perfect-1-2.jpg\",\"width\":1000,\"height\":1000},{\"@type\":\"BreadcrumbList\",\"@id\":\"https:\/\/nirigs.com\/product\/loreal-paris-serum-visage-anti-age-midnight-renaissance-cellulaire-age-perfect\/#breadcrumb\",\"itemListElement\":[{\"@type\":\"ListItem\",\"position\":1,\"name\":\"Home\",\"item\":\"https:\/\/nirigs.com\/\"},{\"@type\":\"ListItem\",\"position\":2,\"name\":\"Parcourir\",\"item\":\"https:\/\/nirigs.com\/boutique\/\"},{\"@type\":\"ListItem\",\"position\":3,\"name\":\"L&rsquo;OREAL PARIS &#8211; S\u00e9rum Visage Anti-\u00c2ge Midnight Renaissance Cellulaire Age Perfect\"}]},{\"@type\":\"WebSite\",\"@id\":\"https:\/\/nirigs.com\/#website\",\"url\":\"https:\/\/nirigs.com\/\",\"name\":\"Nirigs.com\",\"description\":\"Simplifiez vos achats du quotidien \u00e0 Djibouti\",\"publisher\":{\"@id\":\"https:\/\/nirigs.com\/#organization\"},\"potentialAction\":[{\"@type\":\"SearchAction\",\"target\":{\"@type\":\"EntryPoint\",\"urlTemplate\":\"https:\/\/nirigs.com\/?s={search_term_string}\"},\"query-input\":{\"@type\":\"PropertyValueSpecification\",\"valueRequired\":true,\"valueName\":\"search_term_string\"}}],\"inLanguage\":\"en-US\"},{\"@type\":\"Organization\",\"@id\":\"https:\/\/nirigs.com\/#organization\",\"name\":\"Nirigs\",\"url\":\"https:\/\/nirigs.com\/\",\"logo\":{\"@type\":\"ImageObject\",\"inLanguage\":\"en-US\",\"@id\":\"https:\/\/nirigs.com\/#\/schema\/logo\/image\/\",\"url\":\"https:\/\/nirigs.com\/wp-content\/uploads\/2025\/04\/Design-sans-titre-27.png\",\"contentUrl\":\"https:\/\/nirigs.com\/wp-content\/uploads\/2025\/04\/Design-sans-titre-27.png\",\"width\":500,\"height\":500,\"caption\":\"Nirigs\"},\"image\":{\"@id\":\"https:\/\/nirigs.com\/#\/schema\/logo\/image\/\"}}]}<\/script>\n<!-- \/ Yoast SEO plugin. -->","yoast_head_json":{"title":"L'OREAL PARIS - S\u00e9rum Visage Anti-\u00c2ge Midnight Renaissance Cellulaire Age Perfect - NIRIGS","robots":{"index":"index","follow":"follow","max-snippet":"max-snippet:-1","max-image-preview":"max-image-preview:large","max-video-preview":"max-video-preview:-1"},"canonical":"https:\/\/nirigs.com\/en\/product\/loreal-paris-serum-visage-anti-age-midnight-renaissance-cellulaire-age-perfect\/","og_locale":"en_US","og_type":"article","og_title":"L'OREAL PARIS - S\u00e9rum Visage Anti-\u00c2ge Midnight Renaissance Cellulaire Age Perfect - NIRIGS","og_url":"https:\/\/nirigs.com\/en\/product\/loreal-paris-serum-visage-anti-age-midnight-renaissance-cellulaire-age-perfect\/","og_site_name":"NIRIGS","article_modified_time":"2025-04-22T08:20:50+00:00","og_image":[{"width":1000,"height":1000,"url":"https:\/\/nirigs.com\/wp-content\/uploads\/2024\/09\/LOREAL-PARIS-Serum-Visage-Anti-Age-Midnight-Renaissance-Cellulaire-Age-Perfect-1-2.jpg","type":"image\/jpeg"}],"twitter_card":"summary_large_image","twitter_misc":{"Est. reading time":"1 minute"},"schema":{"@context":"https:\/\/schema.org","@graph":[{"@type":"WebPage","@id":"https:\/\/nirigs.com\/product\/loreal-paris-serum-visage-anti-age-midnight-renaissance-cellulaire-age-perfect\/","url":"https:\/\/nirigs.com\/product\/loreal-paris-serum-visage-anti-age-midnight-renaissance-cellulaire-age-perfect\/","name":"L'OREAL PARIS - S\u00e9rum Visage Anti-\u00c2ge Midnight Renaissance Cellulaire Age Perfect - NIRIGS","isPartOf":{"@id":"https:\/\/nirigs.com\/#website"},"primaryImageOfPage":{"@id":"https:\/\/nirigs.com\/product\/loreal-paris-serum-visage-anti-age-midnight-renaissance-cellulaire-age-perfect\/#primaryimage"},"image":{"@id":"https:\/\/nirigs.com\/product\/loreal-paris-serum-visage-anti-age-midnight-renaissance-cellulaire-age-perfect\/#primaryimage"},"thumbnailUrl":"https:\/\/nirigs.com\/wp-content\/uploads\/2024\/09\/LOREAL-PARIS-Serum-Visage-Anti-Age-Midnight-Renaissance-Cellulaire-Age-Perfect-1-2.jpg","datePublished":"2024-10-02T14:52:03+00:00","dateModified":"2025-04-22T08:20:50+00:00","breadcrumb":{"@id":"https:\/\/nirigs.com\/product\/loreal-paris-serum-visage-anti-age-midnight-renaissance-cellulaire-age-perfect\/#breadcrumb"},"inLanguage":"en-US","potentialAction":[{"@type":"ReadAction","target":["https:\/\/nirigs.com\/product\/loreal-paris-serum-visage-anti-age-midnight-renaissance-cellulaire-age-perfect\/"]}]},{"@type":"ImageObject","inLanguage":"en-US","@id":"https:\/\/nirigs.com\/product\/loreal-paris-serum-visage-anti-age-midnight-renaissance-cellulaire-age-perfect\/#primaryimage","url":"https:\/\/nirigs.com\/wp-content\/uploads\/2024\/09\/LOREAL-PARIS-Serum-Visage-Anti-Age-Midnight-Renaissance-Cellulaire-Age-Perfect-1-2.jpg","contentUrl":"https:\/\/nirigs.com\/wp-content\/uploads\/2024\/09\/LOREAL-PARIS-Serum-Visage-Anti-Age-Midnight-Renaissance-Cellulaire-Age-Perfect-1-2.jpg","width":1000,"height":1000},{"@type":"BreadcrumbList","@id":"https:\/\/nirigs.com\/product\/loreal-paris-serum-visage-anti-age-midnight-renaissance-cellulaire-age-perfect\/#breadcrumb","itemListElement":[{"@type":"ListItem","position":1,"name":"Home","item":"https:\/\/nirigs.com\/"},{"@type":"ListItem","position":2,"name":"Parcourir","item":"https:\/\/nirigs.com\/boutique\/"},{"@type":"ListItem","position":3,"name":"L&rsquo;OREAL PARIS &#8211; S\u00e9rum Visage Anti-\u00c2ge Midnight Renaissance Cellulaire Age Perfect"}]},{"@type":"WebSite","@id":"https:\/\/nirigs.com\/#website","url":"https:\/\/nirigs.com\/","name":"Nirigs.com","description":"Simplifiez vos achats du quotidien \u00e0 Djibouti","publisher":{"@id":"https:\/\/nirigs.com\/#organization"},"potentialAction":[{"@type":"SearchAction","target":{"@type":"EntryPoint","urlTemplate":"https:\/\/nirigs.com\/?s={search_term_string}"},"query-input":{"@type":"PropertyValueSpecification","valueRequired":true,"valueName":"search_term_string"}}],"inLanguage":"en-US"},{"@type":"Organization","@id":"https:\/\/nirigs.com\/#organization","name":"Nirigs","url":"https:\/\/nirigs.com\/","logo":{"@type":"ImageObject","inLanguage":"en-US","@id":"https:\/\/nirigs.com\/#\/schema\/logo\/image\/","url":"https:\/\/nirigs.com\/wp-content\/uploads\/2025\/04\/Design-sans-titre-27.png","contentUrl":"https:\/\/nirigs.com\/wp-content\/uploads\/2025\/04\/Design-sans-titre-27.png","width":500,"height":500,"caption":"Nirigs"},"image":{"@id":"https:\/\/nirigs.com\/#\/schema\/logo\/image\/"}}]}},"brands":[{"id":588,"name":"L'Or\u00e9al Paris","slug":"loreal-paris"}],"_links":{"self":[{"href":"https:\/\/nirigs.com\/en\/wp-json\/wp\/v2\/product\/21030","targetHints":{"allow":["GET"]}}],"collection":[{"href":"https:\/\/nirigs.com\/en\/wp-json\/wp\/v2\/product"}],"about":[{"href":"https:\/\/nirigs.com\/en\/wp-json\/wp\/v2\/types\/product"}],"replies":[{"embeddable":true,"href":"https:\/\/nirigs.com\/en\/wp-json\/wp\/v2\/comments?post=21030"}],"version-history":[{"count":6,"href":"https:\/\/nirigs.com\/en\/wp-json\/wp\/v2\/product\/21030\/revisions"}],"predecessor-version":[{"id":26961,"href":"https:\/\/nirigs.com\/en\/wp-json\/wp\/v2\/product\/21030\/revisions\/26961"}],"wp:featuredmedia":[{"embeddable":true,"href":"https:\/\/nirigs.com\/en\/wp-json\/wp\/v2\/media\/22846"}],"wp:attachment":[{"href":"https:\/\/nirigs.com\/en\/wp-json\/wp\/v2\/media?parent=21030"}],"wp:term":[{"taxonomy":"pwb-brand","embeddable":true,"href":"https:\/\/nirigs.com\/en\/wp-json\/wp\/v2\/pwb-brand?post=21030"},{"taxonomy":"product_brand","embeddable":true,"href":"https:\/\/nirigs.com\/en\/wp-json\/wp\/v2\/product_brand?post=21030"},{"taxonomy":"product_cat","embeddable":true,"href":"https:\/\/nirigs.com\/en\/wp-json\/wp\/v2\/product_cat?post=21030"},{"taxonomy":"product_tag","embeddable":true,"href":"https:\/\/nirigs.com\/en\/wp-json\/wp\/v2\/product_tag?post=21030"}],"curies":[{"name":"wp","href":"https:\/\/api.w.org\/{rel}","templated":true}]}}