{"id":21019,"date":"2024-10-02T17:16:27","date_gmt":"2024-10-02T14:16:27","guid":{"rendered":"https:\/\/nirigs.com\/?post_type=product&#038;p=21019"},"modified":"2025-04-22T18:18:13","modified_gmt":"2025-04-22T15:18:13","slug":"garnier-bb-creme-soin-perfecteur-classique-tout-en-1-claire","status":"publish","type":"product","link":"https:\/\/nirigs.com\/en\/product\/garnier-bb-creme-soin-perfecteur-classique-tout-en-1-claire\/","title":{"rendered":"GARNIER - BB Cream All-In-One Classic Perfector Claire"},"content":{"rendered":"<p>Une peau parfaite qui respire en 1 seul geste avec la BB cr\u00e8me de Garnier, enrichie en Acide Hyaluronique et en Aloe Vera. Unifie le teint.<\/p>\n<p>Garnier s\u2019engage avec passion dans une qu\u00eate : celle d\u2019explorer les tr\u00e9sors que la nature nous offre. Nos laboratoires, v\u00e9ritables alchimistes modernes, extraient avec minutie les richesses des fruits, des graines, des bourgeons et des fleurs. Leur savoir-faire, alli\u00e9 \u00e0 des techniques de pointe, donne naissance \u00e0 des soins simples et efficaces.<\/p>\n<p>Skin Active est notre gamme d\u00e9di\u00e9e aux soins du visage, \u00e9labor\u00e9e avec des formules douces et des ingr\u00e9dients naturels pour offrir \u00e0 chaque type de peau une sensation de fra\u00eecheur et de sant\u00e9 \u00e0 travers une s\u00e9lection nettoyants, hydratants et masques adapt\u00e9s \u00e0 vos besoins. Les formules Skin Active maintiennent l&rsquo;hydratation de la peau et am\u00e9liorent le teint en att\u00e9nuant l&rsquo;apparence des imperfections, des pores et des taches. Choisissez Garnier Skin Active pour une peau \u00e9clatante et un teint sublime au naturel.<\/p>\n<h4>Use<\/h4>\n<p>Appliquez votre BB Cr\u00e8me comme vous le feriez avec votre soin habituel sur une peau parfaitement nettoy\u00e9e.<\/p>\n<h4>Ing\u00e9dients<\/h4>\n<p>G2047495 &#8211; INGREDIENTS: AQUA \/ WATER &#8211; DIMETHICONE &#8211; GLYCERIN &#8211; PHENYLBENZIMIDAZOLE SULFONIC ACID &#8211; PROPANEDIOL &#8211; PENTYLENE GLYCOL &#8211; DIMETHICONE\/PEG-10\/15 CROSSPOLYMER &#8211; SODIUM HYDROXIDE &#8211; SODIUM CHLORIDE &#8211; PHENOXYETHANOL &#8211; CITRIC ACID &#8211; PARFUM \/ FRAGRANCE &#8211; CHLORPHENESIN &#8211; TRIETHOXYSILYLETHYL POLYDIMETHYLSILOXYETHYL DIMETHICONE &#8211; ISOPROPYL TITANIUM TRIISOSTEARATE &#8211; ALOE BARBADENSIS LEAF JUICE POWDER &#8211; TRISODIUM ETHYLENEDIAMINE DISUCCINATE &#8211; ALUMINA &#8211; DIPROPYLENE GLYCOL &#8211; LINALOOL &#8211; LIMONENE &#8211; SODIUM HYALURONATE &#8211; SODIUM CITRATE &#8211; GERANIOL &#8211; CITRAL &#8211; TOCOPHEROL \u25cf +\/- MAY CONTAIN: CI 77891 \/ TITANIUM DIOXIDE &#8211; CI 77491, CI 77492, CI 77499 \/ IRON OXIDES. (F.I.L. Z287307\/1).<\/p>","protected":false},"excerpt":{"rendered":"<p><br data-mce-bogus=\"1\"><\/p>","protected":false},"featured_media":21020,"comment_status":"open","ping_status":"closed","template":"","meta":[],"pwb-brand":[1091],"product_brand":[],"product_cat":[267,1032,1029,1041],"product_tag":[],"class_list":{"0":"post-21019","1":"product","2":"type-product","3":"status-publish","4":"has-post-thumbnail","6":"pwb-brand-garnier","7":"product_cat-beaute-et-soins","8":"product_cat-soins-du-visage","9":"product_cat-soins-pour-la-peau","10":"product_cat-soins-visage-hydratants","12":"first","13":"instock","14":"shipping-taxable","15":"purchasable","16":"product-type-simple"},"yoast_head":"<!-- This site is optimized with the Yoast SEO plugin v27.1.1 - https:\/\/yoast.com\/product\/yoast-seo-wordpress\/ -->\n<title>GARNIER - BB Cr\u00e8me Soin Perfecteur Classique Tout-En-1 Claire - NIRIGS<\/title>\n<meta name=\"robots\" content=\"index, follow, max-snippet:-1, max-image-preview:large, max-video-preview:-1\" \/>\n<link rel=\"canonical\" href=\"https:\/\/nirigs.com\/en\/product\/garnier-bb-creme-soin-perfecteur-classique-tout-en-1-claire\/\" \/>\n<meta property=\"og:locale\" content=\"en_US\" \/>\n<meta property=\"og:type\" content=\"article\" \/>\n<meta property=\"og:title\" content=\"GARNIER - BB Cr\u00e8me Soin Perfecteur Classique Tout-En-1 Claire - NIRIGS\" \/>\n<meta property=\"og:url\" content=\"https:\/\/nirigs.com\/en\/product\/garnier-bb-creme-soin-perfecteur-classique-tout-en-1-claire\/\" \/>\n<meta property=\"og:site_name\" content=\"NIRIGS\" \/>\n<meta property=\"article:modified_time\" content=\"2025-04-22T15:18:13+00:00\" \/>\n<meta property=\"og:image\" content=\"https:\/\/nirigs.com\/wp-content\/uploads\/2024\/09\/GARNIER-BB-Creme-Soin-Perfecteur-Classique-Tout-En-1-Claire-.jpg\" \/>\n\t<meta property=\"og:image:width\" content=\"1000\" \/>\n\t<meta property=\"og:image:height\" content=\"1000\" \/>\n\t<meta property=\"og:image:type\" content=\"image\/jpeg\" \/>\n<meta name=\"twitter:card\" content=\"summary_large_image\" \/>\n<meta name=\"twitter:label1\" content=\"Est. reading time\" \/>\n\t<meta name=\"twitter:data1\" content=\"1 minute\" \/>\n<script type=\"application\/ld+json\" class=\"yoast-schema-graph\">{\"@context\":\"https:\/\/schema.org\",\"@graph\":[{\"@type\":\"WebPage\",\"@id\":\"https:\/\/nirigs.com\/product\/garnier-bb-creme-soin-perfecteur-classique-tout-en-1-claire\/\",\"url\":\"https:\/\/nirigs.com\/product\/garnier-bb-creme-soin-perfecteur-classique-tout-en-1-claire\/\",\"name\":\"GARNIER - BB Cr\u00e8me Soin Perfecteur Classique Tout-En-1 Claire - NIRIGS\",\"isPartOf\":{\"@id\":\"https:\/\/nirigs.com\/#website\"},\"primaryImageOfPage\":{\"@id\":\"https:\/\/nirigs.com\/product\/garnier-bb-creme-soin-perfecteur-classique-tout-en-1-claire\/#primaryimage\"},\"image\":{\"@id\":\"https:\/\/nirigs.com\/product\/garnier-bb-creme-soin-perfecteur-classique-tout-en-1-claire\/#primaryimage\"},\"thumbnailUrl\":\"https:\/\/nirigs.com\/wp-content\/uploads\/2024\/09\/GARNIER-BB-Creme-Soin-Perfecteur-Classique-Tout-En-1-Claire-.jpg\",\"datePublished\":\"2024-10-02T14:16:27+00:00\",\"dateModified\":\"2025-04-22T15:18:13+00:00\",\"breadcrumb\":{\"@id\":\"https:\/\/nirigs.com\/product\/garnier-bb-creme-soin-perfecteur-classique-tout-en-1-claire\/#breadcrumb\"},\"inLanguage\":\"en-US\",\"potentialAction\":[{\"@type\":\"ReadAction\",\"target\":[\"https:\/\/nirigs.com\/product\/garnier-bb-creme-soin-perfecteur-classique-tout-en-1-claire\/\"]}]},{\"@type\":\"ImageObject\",\"inLanguage\":\"en-US\",\"@id\":\"https:\/\/nirigs.com\/product\/garnier-bb-creme-soin-perfecteur-classique-tout-en-1-claire\/#primaryimage\",\"url\":\"https:\/\/nirigs.com\/wp-content\/uploads\/2024\/09\/GARNIER-BB-Creme-Soin-Perfecteur-Classique-Tout-En-1-Claire-.jpg\",\"contentUrl\":\"https:\/\/nirigs.com\/wp-content\/uploads\/2024\/09\/GARNIER-BB-Creme-Soin-Perfecteur-Classique-Tout-En-1-Claire-.jpg\",\"width\":1000,\"height\":1000},{\"@type\":\"BreadcrumbList\",\"@id\":\"https:\/\/nirigs.com\/product\/garnier-bb-creme-soin-perfecteur-classique-tout-en-1-claire\/#breadcrumb\",\"itemListElement\":[{\"@type\":\"ListItem\",\"position\":1,\"name\":\"Home\",\"item\":\"https:\/\/nirigs.com\/\"},{\"@type\":\"ListItem\",\"position\":2,\"name\":\"Parcourir\",\"item\":\"https:\/\/nirigs.com\/boutique\/\"},{\"@type\":\"ListItem\",\"position\":3,\"name\":\"GARNIER &#8211; BB Cr\u00e8me Soin Perfecteur Classique Tout-En-1 Claire\"}]},{\"@type\":\"WebSite\",\"@id\":\"https:\/\/nirigs.com\/#website\",\"url\":\"https:\/\/nirigs.com\/\",\"name\":\"Nirigs.com\",\"description\":\"Simplifiez vos achats du quotidien \u00e0 Djibouti\",\"publisher\":{\"@id\":\"https:\/\/nirigs.com\/#organization\"},\"potentialAction\":[{\"@type\":\"SearchAction\",\"target\":{\"@type\":\"EntryPoint\",\"urlTemplate\":\"https:\/\/nirigs.com\/?s={search_term_string}\"},\"query-input\":{\"@type\":\"PropertyValueSpecification\",\"valueRequired\":true,\"valueName\":\"search_term_string\"}}],\"inLanguage\":\"en-US\"},{\"@type\":\"Organization\",\"@id\":\"https:\/\/nirigs.com\/#organization\",\"name\":\"Nirigs\",\"url\":\"https:\/\/nirigs.com\/\",\"logo\":{\"@type\":\"ImageObject\",\"inLanguage\":\"en-US\",\"@id\":\"https:\/\/nirigs.com\/#\/schema\/logo\/image\/\",\"url\":\"https:\/\/nirigs.com\/wp-content\/uploads\/2025\/04\/Design-sans-titre-27.png\",\"contentUrl\":\"https:\/\/nirigs.com\/wp-content\/uploads\/2025\/04\/Design-sans-titre-27.png\",\"width\":500,\"height\":500,\"caption\":\"Nirigs\"},\"image\":{\"@id\":\"https:\/\/nirigs.com\/#\/schema\/logo\/image\/\"}}]}<\/script>\n<!-- \/ Yoast SEO plugin. -->","yoast_head_json":{"title":"GARNIER - BB Cr\u00e8me Soin Perfecteur Classique Tout-En-1 Claire - NIRIGS","robots":{"index":"index","follow":"follow","max-snippet":"max-snippet:-1","max-image-preview":"max-image-preview:large","max-video-preview":"max-video-preview:-1"},"canonical":"https:\/\/nirigs.com\/en\/product\/garnier-bb-creme-soin-perfecteur-classique-tout-en-1-claire\/","og_locale":"en_US","og_type":"article","og_title":"GARNIER - BB Cr\u00e8me Soin Perfecteur Classique Tout-En-1 Claire - NIRIGS","og_url":"https:\/\/nirigs.com\/en\/product\/garnier-bb-creme-soin-perfecteur-classique-tout-en-1-claire\/","og_site_name":"NIRIGS","article_modified_time":"2025-04-22T15:18:13+00:00","og_image":[{"width":1000,"height":1000,"url":"https:\/\/nirigs.com\/wp-content\/uploads\/2024\/09\/GARNIER-BB-Creme-Soin-Perfecteur-Classique-Tout-En-1-Claire-.jpg","type":"image\/jpeg"}],"twitter_card":"summary_large_image","twitter_misc":{"Est. reading time":"1 minute"},"schema":{"@context":"https:\/\/schema.org","@graph":[{"@type":"WebPage","@id":"https:\/\/nirigs.com\/product\/garnier-bb-creme-soin-perfecteur-classique-tout-en-1-claire\/","url":"https:\/\/nirigs.com\/product\/garnier-bb-creme-soin-perfecteur-classique-tout-en-1-claire\/","name":"GARNIER - BB Cr\u00e8me Soin Perfecteur Classique Tout-En-1 Claire - NIRIGS","isPartOf":{"@id":"https:\/\/nirigs.com\/#website"},"primaryImageOfPage":{"@id":"https:\/\/nirigs.com\/product\/garnier-bb-creme-soin-perfecteur-classique-tout-en-1-claire\/#primaryimage"},"image":{"@id":"https:\/\/nirigs.com\/product\/garnier-bb-creme-soin-perfecteur-classique-tout-en-1-claire\/#primaryimage"},"thumbnailUrl":"https:\/\/nirigs.com\/wp-content\/uploads\/2024\/09\/GARNIER-BB-Creme-Soin-Perfecteur-Classique-Tout-En-1-Claire-.jpg","datePublished":"2024-10-02T14:16:27+00:00","dateModified":"2025-04-22T15:18:13+00:00","breadcrumb":{"@id":"https:\/\/nirigs.com\/product\/garnier-bb-creme-soin-perfecteur-classique-tout-en-1-claire\/#breadcrumb"},"inLanguage":"en-US","potentialAction":[{"@type":"ReadAction","target":["https:\/\/nirigs.com\/product\/garnier-bb-creme-soin-perfecteur-classique-tout-en-1-claire\/"]}]},{"@type":"ImageObject","inLanguage":"en-US","@id":"https:\/\/nirigs.com\/product\/garnier-bb-creme-soin-perfecteur-classique-tout-en-1-claire\/#primaryimage","url":"https:\/\/nirigs.com\/wp-content\/uploads\/2024\/09\/GARNIER-BB-Creme-Soin-Perfecteur-Classique-Tout-En-1-Claire-.jpg","contentUrl":"https:\/\/nirigs.com\/wp-content\/uploads\/2024\/09\/GARNIER-BB-Creme-Soin-Perfecteur-Classique-Tout-En-1-Claire-.jpg","width":1000,"height":1000},{"@type":"BreadcrumbList","@id":"https:\/\/nirigs.com\/product\/garnier-bb-creme-soin-perfecteur-classique-tout-en-1-claire\/#breadcrumb","itemListElement":[{"@type":"ListItem","position":1,"name":"Home","item":"https:\/\/nirigs.com\/"},{"@type":"ListItem","position":2,"name":"Parcourir","item":"https:\/\/nirigs.com\/boutique\/"},{"@type":"ListItem","position":3,"name":"GARNIER &#8211; BB Cr\u00e8me Soin Perfecteur Classique Tout-En-1 Claire"}]},{"@type":"WebSite","@id":"https:\/\/nirigs.com\/#website","url":"https:\/\/nirigs.com\/","name":"Nirigs.com","description":"Simplifiez vos achats du quotidien \u00e0 Djibouti","publisher":{"@id":"https:\/\/nirigs.com\/#organization"},"potentialAction":[{"@type":"SearchAction","target":{"@type":"EntryPoint","urlTemplate":"https:\/\/nirigs.com\/?s={search_term_string}"},"query-input":{"@type":"PropertyValueSpecification","valueRequired":true,"valueName":"search_term_string"}}],"inLanguage":"en-US"},{"@type":"Organization","@id":"https:\/\/nirigs.com\/#organization","name":"Nirigs","url":"https:\/\/nirigs.com\/","logo":{"@type":"ImageObject","inLanguage":"en-US","@id":"https:\/\/nirigs.com\/#\/schema\/logo\/image\/","url":"https:\/\/nirigs.com\/wp-content\/uploads\/2025\/04\/Design-sans-titre-27.png","contentUrl":"https:\/\/nirigs.com\/wp-content\/uploads\/2025\/04\/Design-sans-titre-27.png","width":500,"height":500,"caption":"Nirigs"},"image":{"@id":"https:\/\/nirigs.com\/#\/schema\/logo\/image\/"}}]}},"brands":[{"id":1091,"name":"Garnier","slug":"garnier"}],"_links":{"self":[{"href":"https:\/\/nirigs.com\/en\/wp-json\/wp\/v2\/product\/21019","targetHints":{"allow":["GET"]}}],"collection":[{"href":"https:\/\/nirigs.com\/en\/wp-json\/wp\/v2\/product"}],"about":[{"href":"https:\/\/nirigs.com\/en\/wp-json\/wp\/v2\/types\/product"}],"replies":[{"embeddable":true,"href":"https:\/\/nirigs.com\/en\/wp-json\/wp\/v2\/comments?post=21019"}],"version-history":[{"count":6,"href":"https:\/\/nirigs.com\/en\/wp-json\/wp\/v2\/product\/21019\/revisions"}],"predecessor-version":[{"id":27042,"href":"https:\/\/nirigs.com\/en\/wp-json\/wp\/v2\/product\/21019\/revisions\/27042"}],"wp:featuredmedia":[{"embeddable":true,"href":"https:\/\/nirigs.com\/en\/wp-json\/wp\/v2\/media\/21020"}],"wp:attachment":[{"href":"https:\/\/nirigs.com\/en\/wp-json\/wp\/v2\/media?parent=21019"}],"wp:term":[{"taxonomy":"pwb-brand","embeddable":true,"href":"https:\/\/nirigs.com\/en\/wp-json\/wp\/v2\/pwb-brand?post=21019"},{"taxonomy":"product_brand","embeddable":true,"href":"https:\/\/nirigs.com\/en\/wp-json\/wp\/v2\/product_brand?post=21019"},{"taxonomy":"product_cat","embeddable":true,"href":"https:\/\/nirigs.com\/en\/wp-json\/wp\/v2\/product_cat?post=21019"},{"taxonomy":"product_tag","embeddable":true,"href":"https:\/\/nirigs.com\/en\/wp-json\/wp\/v2\/product_tag?post=21019"}],"curies":[{"name":"wp","href":"https:\/\/api.w.org\/{rel}","templated":true}]}}