{"id":20479,"date":"2024-10-23T20:30:11","date_gmt":"2024-10-23T17:30:11","guid":{"rendered":"https:\/\/nirigs.com\/?post_type=product&#038;p=20479"},"modified":"2026-02-11T12:39:13","modified_gmt":"2026-02-11T09:39:13","slug":"biberon-chicco-well-being-250ml-2m","status":"publish","type":"product","link":"https:\/\/nirigs.com\/en\/product\/biberon-chicco-well-being-250ml-2m\/","title":{"rendered":"Chicco Biberon Well-Being Unisexe 250 ml 2M+ &#8211; D\u00e9bit moyen"},"content":{"rendered":"<div class=\"row\">\n<div class=\"col custom_mb20\">\n<ul class=\"list-style description-section\">\n<li>Id\u00e9al pour l&rsquo;alimentation quotidienne au biberon. Pr\u00e9vient les coliques, les r\u00e9gurgitations et l&rsquo;irritabilit\u00e9.<\/li>\n<li>Le biberon en plastique Well-Being Chicco garantit une praticit\u00e9 maximale gr\u00e2ce \u00e0 sa forme ergonomique, il est adapt\u00e9 \u00e0 la st\u00e9rilisation et il passe au lave-vaisselle.<\/li>\n<li>Gr\u00e2ce \u00e0 la t\u00e9tine sp\u00e9ciale Physio en silicone souple avec finition Soft Sense, le biberon Chicco Well-Being assure une alimentation naturelle et agr\u00e9able.<\/li>\n<li>Le d\u00e9bit moyen est le choix id\u00e9al pour les premiers mois.<\/li>\n<li>Facile \u00e0 utiliser.<\/li>\n<li>Hygi\u00e8ne et protection maximales gr\u00e2ce au bouchon anti-goutte.<\/li>\n<li>Forme ergonomique et pratique pour la maman.<\/li>\n<li>Nettoyage facile gr\u00e2ce \u00e0 l&rsquo;ouverture large.<\/li>\n<li>Fermeture s\u00fbre : pas de fuites.<\/li>\n<\/ul>\n<p><strong>D\u00e9tails du produits<\/strong><\/p>\n<p class=\"productCode\"><strong>Code produit<\/strong>: 00028623310000 Orange<\/p>\n<p class=\"text-capitalize\"><strong>Dimensions de l&#8217;emballage<\/strong>: 62.0 x 62.0 x 205.0 mm<\/p>\n<p class=\"text-capitalize\"><strong>Poids du paquet<\/strong>: 113.0 g<\/p>\n<p class=\"text-capitalize\"><strong>Lavable au lave-vaisselle<\/strong><\/p>\n<p class=\"text-capitalize\"><strong>Micro-ondable<\/strong><\/p>\n<p class=\"text-capitalize\"><strong>Fabriqu\u00e9 en Italie<\/strong><\/p>\n<p class=\"text-capitalize\"><strong>Flux<\/strong>: moyen<\/p>\n<p class=\"text-capitalize\"><strong>Capacit\u00e9<\/strong>: 250.0 ml<\/p>\n<p class=\"text-capitalize\"><strong>Compatible avec<\/strong>: t\u00e9tine physio compatible avec les biberons chicco des lignes perfect 5, well-being et original touch. compatible avec le st\u00e9rilisateur.<\/p>\n<\/div>\n<\/div>","protected":false},"excerpt":{"rendered":"<p>Id\u00e9al pour l&rsquo;alimentation quotidienne au biberon. Pr\u00e9vient les coliques, les r\u00e9gurgitations et l&rsquo;irritabilit\u00e9. Le biberon en plastique Well-Being Chicco garantit<\/p>","protected":false},"featured_media":20485,"comment_status":"open","ping_status":"closed","template":"","meta":[],"pwb-brand":[652],"product_brand":[],"product_cat":[274,1007,1006],"product_tag":[],"class_list":{"0":"post-20479","1":"product","2":"type-product","3":"status-publish","4":"has-post-thumbnail","6":"pwb-brand-chicco","7":"product_cat-bebe-et-famille","8":"product_cat-biberons","9":"product_cat-biberons-et-accessoires","11":"first","12":"instock","13":"shipping-taxable","14":"product-type-simple"},"yoast_head":"<!-- This site is optimized with the Yoast SEO plugin v27.3 - https:\/\/yoast.com\/product\/yoast-seo-wordpress\/ -->\n<title>Chicco Biberon Well-Being Unisexe 250 ml 2M+ - D\u00e9bit moyen - NIRIGS<\/title>\n<meta name=\"description\" content=\"Biberon Well-Being Chicco 250 ml avec t\u00e9tine Physio en silicone. Ergonomique, anti-colique et facile \u00e0 nettoyer. Commandez en ligne avec Nirigs \u00e0 Djibouti.\" \/>\n<meta name=\"robots\" content=\"index, follow, max-snippet:-1, max-image-preview:large, max-video-preview:-1\" \/>\n<link rel=\"canonical\" href=\"https:\/\/nirigs.com\/en\/product\/biberon-chicco-well-being-250ml-2m\/\" \/>\n<meta property=\"og:locale\" content=\"en_US\" \/>\n<meta property=\"og:type\" content=\"article\" \/>\n<meta property=\"og:title\" content=\"Chicco Biberon Well-Being Unisexe 250 ml 2M+ - D\u00e9bit moyen - NIRIGS\" \/>\n<meta property=\"og:description\" content=\"Biberon Well-Being Chicco 250 ml avec t\u00e9tine Physio en silicone. Ergonomique, anti-colique et facile \u00e0 nettoyer. Commandez en ligne avec Nirigs \u00e0 Djibouti.\" \/>\n<meta property=\"og:url\" content=\"https:\/\/nirigs.com\/en\/product\/biberon-chicco-well-being-250ml-2m\/\" \/>\n<meta property=\"og:site_name\" content=\"NIRIGS\" \/>\n<meta property=\"article:modified_time\" content=\"2026-02-11T09:39:13+00:00\" \/>\n<meta property=\"og:image\" content=\"https:\/\/nirigs.com\/wp-content\/uploads\/2024\/08\/Chicco-Well-Being-Biberon-Orange-Unisexe-250-ml-Flux-Moyen.jpg\" \/>\n\t<meta property=\"og:image:width\" content=\"1000\" \/>\n\t<meta property=\"og:image:height\" content=\"1000\" \/>\n\t<meta property=\"og:image:type\" content=\"image\/jpeg\" \/>\n<meta name=\"twitter:card\" content=\"summary_large_image\" \/>\n<meta name=\"twitter:label1\" content=\"Est. reading time\" \/>\n\t<meta name=\"twitter:data1\" content=\"1 minute\" \/>\n<script type=\"application\/ld+json\" class=\"yoast-schema-graph\">{\"@context\":\"https:\\\/\\\/schema.org\",\"@graph\":[{\"@type\":\"WebPage\",\"@id\":\"https:\\\/\\\/nirigs.com\\\/product\\\/biberon-chicco-well-being-250ml-2m\\\/\",\"url\":\"https:\\\/\\\/nirigs.com\\\/product\\\/biberon-chicco-well-being-250ml-2m\\\/\",\"name\":\"Chicco Biberon Well-Being Unisexe 250 ml 2M+ - D\u00e9bit moyen - NIRIGS\",\"isPartOf\":{\"@id\":\"https:\\\/\\\/nirigs.com\\\/#website\"},\"primaryImageOfPage\":{\"@id\":\"https:\\\/\\\/nirigs.com\\\/product\\\/biberon-chicco-well-being-250ml-2m\\\/#primaryimage\"},\"image\":{\"@id\":\"https:\\\/\\\/nirigs.com\\\/product\\\/biberon-chicco-well-being-250ml-2m\\\/#primaryimage\"},\"thumbnailUrl\":\"https:\\\/\\\/nirigs.com\\\/wp-content\\\/uploads\\\/2024\\\/08\\\/Chicco-Well-Being-Biberon-Orange-Unisexe-250-ml-Flux-Moyen.jpg\",\"datePublished\":\"2024-10-23T17:30:11+00:00\",\"dateModified\":\"2026-02-11T09:39:13+00:00\",\"description\":\"Biberon Well-Being Chicco 250 ml avec t\u00e9tine Physio en silicone. Ergonomique, anti-colique et facile \u00e0 nettoyer. Commandez en ligne avec Nirigs \u00e0 Djibouti.\",\"breadcrumb\":{\"@id\":\"https:\\\/\\\/nirigs.com\\\/product\\\/biberon-chicco-well-being-250ml-2m\\\/#breadcrumb\"},\"inLanguage\":\"en-US\",\"potentialAction\":[{\"@type\":\"ReadAction\",\"target\":[\"https:\\\/\\\/nirigs.com\\\/product\\\/biberon-chicco-well-being-250ml-2m\\\/\"]}]},{\"@type\":\"ImageObject\",\"inLanguage\":\"en-US\",\"@id\":\"https:\\\/\\\/nirigs.com\\\/product\\\/biberon-chicco-well-being-250ml-2m\\\/#primaryimage\",\"url\":\"https:\\\/\\\/nirigs.com\\\/wp-content\\\/uploads\\\/2024\\\/08\\\/Chicco-Well-Being-Biberon-Orange-Unisexe-250-ml-Flux-Moyen.jpg\",\"contentUrl\":\"https:\\\/\\\/nirigs.com\\\/wp-content\\\/uploads\\\/2024\\\/08\\\/Chicco-Well-Being-Biberon-Orange-Unisexe-250-ml-Flux-Moyen.jpg\",\"width\":1000,\"height\":1000},{\"@type\":\"BreadcrumbList\",\"@id\":\"https:\\\/\\\/nirigs.com\\\/product\\\/biberon-chicco-well-being-250ml-2m\\\/#breadcrumb\",\"itemListElement\":[{\"@type\":\"ListItem\",\"position\":1,\"name\":\"Home\",\"item\":\"https:\\\/\\\/nirigs.com\\\/\"},{\"@type\":\"ListItem\",\"position\":2,\"name\":\"Parcourir\",\"item\":\"https:\\\/\\\/nirigs.com\\\/boutique\\\/\"},{\"@type\":\"ListItem\",\"position\":3,\"name\":\"Chicco Biberon Well-Being Unisexe 250 ml 2M+ &#8211; D\u00e9bit moyen\"}]},{\"@type\":\"WebSite\",\"@id\":\"https:\\\/\\\/nirigs.com\\\/#website\",\"url\":\"https:\\\/\\\/nirigs.com\\\/\",\"name\":\"Nirigs.com\",\"description\":\"Simplifiez vos achats du quotidien \u00e0 Djibouti\",\"publisher\":{\"@id\":\"https:\\\/\\\/nirigs.com\\\/#organization\"},\"potentialAction\":[{\"@type\":\"SearchAction\",\"target\":{\"@type\":\"EntryPoint\",\"urlTemplate\":\"https:\\\/\\\/nirigs.com\\\/?s={search_term_string}\"},\"query-input\":{\"@type\":\"PropertyValueSpecification\",\"valueRequired\":true,\"valueName\":\"search_term_string\"}}],\"inLanguage\":\"en-US\"},{\"@type\":\"Organization\",\"@id\":\"https:\\\/\\\/nirigs.com\\\/#organization\",\"name\":\"Nirigs\",\"url\":\"https:\\\/\\\/nirigs.com\\\/\",\"logo\":{\"@type\":\"ImageObject\",\"inLanguage\":\"en-US\",\"@id\":\"https:\\\/\\\/nirigs.com\\\/#\\\/schema\\\/logo\\\/image\\\/\",\"url\":\"https:\\\/\\\/nirigs.com\\\/wp-content\\\/uploads\\\/2025\\\/04\\\/Design-sans-titre-27.png\",\"contentUrl\":\"https:\\\/\\\/nirigs.com\\\/wp-content\\\/uploads\\\/2025\\\/04\\\/Design-sans-titre-27.png\",\"width\":500,\"height\":500,\"caption\":\"Nirigs\"},\"image\":{\"@id\":\"https:\\\/\\\/nirigs.com\\\/#\\\/schema\\\/logo\\\/image\\\/\"}}]}<\/script>\n<!-- \/ Yoast SEO plugin. -->","yoast_head_json":{"title":"Chicco Biberon Well-Being Unisexe 250 ml 2M+ - D\u00e9bit moyen - NIRIGS","description":"Biberon Well-Being Chicco 250 ml avec t\u00e9tine Physio en silicone. Ergonomique, anti-colique et facile \u00e0 nettoyer. Commandez en ligne avec Nirigs \u00e0 Djibouti.","robots":{"index":"index","follow":"follow","max-snippet":"max-snippet:-1","max-image-preview":"max-image-preview:large","max-video-preview":"max-video-preview:-1"},"canonical":"https:\/\/nirigs.com\/en\/product\/biberon-chicco-well-being-250ml-2m\/","og_locale":"en_US","og_type":"article","og_title":"Chicco Biberon Well-Being Unisexe 250 ml 2M+ - D\u00e9bit moyen - NIRIGS","og_description":"Biberon Well-Being Chicco 250 ml avec t\u00e9tine Physio en silicone. Ergonomique, anti-colique et facile \u00e0 nettoyer. Commandez en ligne avec Nirigs \u00e0 Djibouti.","og_url":"https:\/\/nirigs.com\/en\/product\/biberon-chicco-well-being-250ml-2m\/","og_site_name":"NIRIGS","article_modified_time":"2026-02-11T09:39:13+00:00","og_image":[{"width":1000,"height":1000,"url":"https:\/\/nirigs.com\/wp-content\/uploads\/2024\/08\/Chicco-Well-Being-Biberon-Orange-Unisexe-250-ml-Flux-Moyen.jpg","type":"image\/jpeg"}],"twitter_card":"summary_large_image","twitter_misc":{"Est. reading time":"1 minute"},"schema":{"@context":"https:\/\/schema.org","@graph":[{"@type":"WebPage","@id":"https:\/\/nirigs.com\/product\/biberon-chicco-well-being-250ml-2m\/","url":"https:\/\/nirigs.com\/product\/biberon-chicco-well-being-250ml-2m\/","name":"Chicco Biberon Well-Being Unisexe 250 ml 2M+ - D\u00e9bit moyen - NIRIGS","isPartOf":{"@id":"https:\/\/nirigs.com\/#website"},"primaryImageOfPage":{"@id":"https:\/\/nirigs.com\/product\/biberon-chicco-well-being-250ml-2m\/#primaryimage"},"image":{"@id":"https:\/\/nirigs.com\/product\/biberon-chicco-well-being-250ml-2m\/#primaryimage"},"thumbnailUrl":"https:\/\/nirigs.com\/wp-content\/uploads\/2024\/08\/Chicco-Well-Being-Biberon-Orange-Unisexe-250-ml-Flux-Moyen.jpg","datePublished":"2024-10-23T17:30:11+00:00","dateModified":"2026-02-11T09:39:13+00:00","description":"Biberon Well-Being Chicco 250 ml avec t\u00e9tine Physio en silicone. Ergonomique, anti-colique et facile \u00e0 nettoyer. Commandez en ligne avec Nirigs \u00e0 Djibouti.","breadcrumb":{"@id":"https:\/\/nirigs.com\/product\/biberon-chicco-well-being-250ml-2m\/#breadcrumb"},"inLanguage":"en-US","potentialAction":[{"@type":"ReadAction","target":["https:\/\/nirigs.com\/product\/biberon-chicco-well-being-250ml-2m\/"]}]},{"@type":"ImageObject","inLanguage":"en-US","@id":"https:\/\/nirigs.com\/product\/biberon-chicco-well-being-250ml-2m\/#primaryimage","url":"https:\/\/nirigs.com\/wp-content\/uploads\/2024\/08\/Chicco-Well-Being-Biberon-Orange-Unisexe-250-ml-Flux-Moyen.jpg","contentUrl":"https:\/\/nirigs.com\/wp-content\/uploads\/2024\/08\/Chicco-Well-Being-Biberon-Orange-Unisexe-250-ml-Flux-Moyen.jpg","width":1000,"height":1000},{"@type":"BreadcrumbList","@id":"https:\/\/nirigs.com\/product\/biberon-chicco-well-being-250ml-2m\/#breadcrumb","itemListElement":[{"@type":"ListItem","position":1,"name":"Home","item":"https:\/\/nirigs.com\/"},{"@type":"ListItem","position":2,"name":"Parcourir","item":"https:\/\/nirigs.com\/boutique\/"},{"@type":"ListItem","position":3,"name":"Chicco Biberon Well-Being Unisexe 250 ml 2M+ &#8211; D\u00e9bit moyen"}]},{"@type":"WebSite","@id":"https:\/\/nirigs.com\/#website","url":"https:\/\/nirigs.com\/","name":"Nirigs.com","description":"Simplifiez vos achats du quotidien \u00e0 Djibouti","publisher":{"@id":"https:\/\/nirigs.com\/#organization"},"potentialAction":[{"@type":"SearchAction","target":{"@type":"EntryPoint","urlTemplate":"https:\/\/nirigs.com\/?s={search_term_string}"},"query-input":{"@type":"PropertyValueSpecification","valueRequired":true,"valueName":"search_term_string"}}],"inLanguage":"en-US"},{"@type":"Organization","@id":"https:\/\/nirigs.com\/#organization","name":"Nirigs","url":"https:\/\/nirigs.com\/","logo":{"@type":"ImageObject","inLanguage":"en-US","@id":"https:\/\/nirigs.com\/#\/schema\/logo\/image\/","url":"https:\/\/nirigs.com\/wp-content\/uploads\/2025\/04\/Design-sans-titre-27.png","contentUrl":"https:\/\/nirigs.com\/wp-content\/uploads\/2025\/04\/Design-sans-titre-27.png","width":500,"height":500,"caption":"Nirigs"},"image":{"@id":"https:\/\/nirigs.com\/#\/schema\/logo\/image\/"}}]}},"brands":[{"id":652,"name":"Chicco","slug":"chicco"}],"_links":{"self":[{"href":"https:\/\/nirigs.com\/en\/wp-json\/wp\/v2\/product\/20479","targetHints":{"allow":["GET"]}}],"collection":[{"href":"https:\/\/nirigs.com\/en\/wp-json\/wp\/v2\/product"}],"about":[{"href":"https:\/\/nirigs.com\/en\/wp-json\/wp\/v2\/types\/product"}],"replies":[{"embeddable":true,"href":"https:\/\/nirigs.com\/en\/wp-json\/wp\/v2\/comments?post=20479"}],"version-history":[{"count":11,"href":"https:\/\/nirigs.com\/en\/wp-json\/wp\/v2\/product\/20479\/revisions"}],"predecessor-version":[{"id":27434,"href":"https:\/\/nirigs.com\/en\/wp-json\/wp\/v2\/product\/20479\/revisions\/27434"}],"wp:featuredmedia":[{"embeddable":true,"href":"https:\/\/nirigs.com\/en\/wp-json\/wp\/v2\/media\/20485"}],"wp:attachment":[{"href":"https:\/\/nirigs.com\/en\/wp-json\/wp\/v2\/media?parent=20479"}],"wp:term":[{"taxonomy":"pwb-brand","embeddable":true,"href":"https:\/\/nirigs.com\/en\/wp-json\/wp\/v2\/pwb-brand?post=20479"},{"taxonomy":"product_brand","embeddable":true,"href":"https:\/\/nirigs.com\/en\/wp-json\/wp\/v2\/product_brand?post=20479"},{"taxonomy":"product_cat","embeddable":true,"href":"https:\/\/nirigs.com\/en\/wp-json\/wp\/v2\/product_cat?post=20479"},{"taxonomy":"product_tag","embeddable":true,"href":"https:\/\/nirigs.com\/en\/wp-json\/wp\/v2\/product_tag?post=20479"}],"curies":[{"name":"wp","href":"https:\/\/api.w.org\/{rel}","templated":true}]}}