{"id":20111,"date":"2024-10-23T20:29:04","date_gmt":"2024-10-23T17:29:04","guid":{"rendered":"https:\/\/nirigs.com\/?post_type=product&#038;p=20111"},"modified":"2024-10-23T20:29:05","modified_gmt":"2024-10-23T17:29:05","slug":"chicco-baby-moments-lait-corporel-leger-pour-bebe-500-ml-0m","status":"publish","type":"product","link":"https:\/\/nirigs.com\/en\/product\/chicco-baby-moments-lait-corporel-leger-pour-bebe-500-ml-0m\/","title":{"rendered":"Chicco - Baby Moments - Light Body Milk for Babies, 500 ml, 0M+, Baby"},"content":{"rendered":"<ul class=\"a-unordered-list a-vertical a-spacing-mini\">\n<li class=\"a-spacing-mini\"><span class=\"a-list-item\">Formule 97% d&rsquo;origine naturelle.<\/span><\/li>\n<li class=\"a-spacing-mini\"><span class=\"a-list-item\">Enrichi en huile de coton nourrissante et en vitamine E \u00e0 effet antioxydant. <\/span><\/li>\n<li class=\"a-spacing-mini\"><span class=\"a-list-item\">Hydrate la peau, ne graisse pas et p\u00e9n\u00e8tre rapidement. Test\u00e9 sous contr\u00f4le dermatologique.<\/span><\/li>\n<li class=\"a-spacing-mini\"><span class=\"a-list-item\">Flacon en plastique 100 % recycl\u00e9.<\/span><\/li>\n<li><strong>Pour un usage externe uniquement. \u00c9vitez le contact avec les yeux. Tenir \u00e0 l&rsquo;\u00e9cart de la flamme nue ou des sources de chaleur directes.<\/strong><\/li>\n<\/ul>","protected":false},"excerpt":{"rendered":"<p>Formule 97% d&rsquo;origine naturelle. Enrichi en huile de coton nourrissante et en vitamine E \u00e0 effet antioxydant. Hydrate la peau,<\/p>","protected":false},"featured_media":20112,"comment_status":"open","ping_status":"closed","template":"","meta":[],"pwb-brand":[652],"product_brand":[],"product_cat":[274,1019,995],"product_tag":[],"class_list":{"0":"post-20111","1":"product","2":"type-product","3":"status-publish","4":"has-post-thumbnail","6":"pwb-brand-chicco","7":"product_cat-bebe-et-famille","8":"product_cat-laits-pour-le-corps","9":"product_cat-soin-de-la-peau","11":"first","12":"instock","13":"shipping-taxable","14":"product-type-simple"},"yoast_head":"<!-- This site is optimized with the Yoast SEO plugin v27.1.1 - https:\/\/yoast.com\/product\/yoast-seo-wordpress\/ -->\n<title>Chicco - Baby Moments - Lait corporel l\u00e9ger pour b\u00e9b\u00e9, 500 ml, 0M+ - NIRIGS<\/title>\n<meta name=\"robots\" content=\"index, follow, max-snippet:-1, max-image-preview:large, max-video-preview:-1\" \/>\n<link rel=\"canonical\" href=\"https:\/\/nirigs.com\/en\/product\/chicco-baby-moments-lait-corporel-leger-pour-bebe-500-ml-0m\/\" \/>\n<meta property=\"og:locale\" content=\"en_US\" \/>\n<meta property=\"og:type\" content=\"article\" \/>\n<meta property=\"og:title\" content=\"Chicco - Baby Moments - Lait corporel l\u00e9ger pour b\u00e9b\u00e9, 500 ml, 0M+ - NIRIGS\" \/>\n<meta property=\"og:description\" content=\"Formule 97% d&rsquo;origine naturelle. Enrichi en huile de coton nourrissante et en vitamine E \u00e0 effet antioxydant. Hydrate la peau,\" \/>\n<meta property=\"og:url\" content=\"https:\/\/nirigs.com\/en\/product\/chicco-baby-moments-lait-corporel-leger-pour-bebe-500-ml-0m\/\" \/>\n<meta property=\"og:site_name\" content=\"NIRIGS\" \/>\n<meta property=\"article:modified_time\" content=\"2024-10-23T17:29:05+00:00\" \/>\n<meta property=\"og:image\" content=\"https:\/\/nirigs.com\/wp-content\/uploads\/2024\/08\/Chicco-Baby-Moments-Lait-corporel-leger-pour-bebe-500-ml-0M.jpg\" \/>\n\t<meta property=\"og:image:width\" content=\"1000\" \/>\n\t<meta property=\"og:image:height\" content=\"1000\" \/>\n\t<meta property=\"og:image:type\" content=\"image\/jpeg\" \/>\n<meta name=\"twitter:card\" content=\"summary_large_image\" \/>\n<script type=\"application\/ld+json\" class=\"yoast-schema-graph\">{\"@context\":\"https:\/\/schema.org\",\"@graph\":[{\"@type\":\"WebPage\",\"@id\":\"https:\/\/nirigs.com\/product\/chicco-baby-moments-lait-corporel-leger-pour-bebe-500-ml-0m\/\",\"url\":\"https:\/\/nirigs.com\/product\/chicco-baby-moments-lait-corporel-leger-pour-bebe-500-ml-0m\/\",\"name\":\"Chicco - Baby Moments - Lait corporel l\u00e9ger pour b\u00e9b\u00e9, 500 ml, 0M+ - NIRIGS\",\"isPartOf\":{\"@id\":\"https:\/\/nirigs.com\/#website\"},\"primaryImageOfPage\":{\"@id\":\"https:\/\/nirigs.com\/product\/chicco-baby-moments-lait-corporel-leger-pour-bebe-500-ml-0m\/#primaryimage\"},\"image\":{\"@id\":\"https:\/\/nirigs.com\/product\/chicco-baby-moments-lait-corporel-leger-pour-bebe-500-ml-0m\/#primaryimage\"},\"thumbnailUrl\":\"https:\/\/nirigs.com\/wp-content\/uploads\/2024\/08\/Chicco-Baby-Moments-Lait-corporel-leger-pour-bebe-500-ml-0M.jpg\",\"datePublished\":\"2024-10-23T17:29:04+00:00\",\"dateModified\":\"2024-10-23T17:29:05+00:00\",\"breadcrumb\":{\"@id\":\"https:\/\/nirigs.com\/product\/chicco-baby-moments-lait-corporel-leger-pour-bebe-500-ml-0m\/#breadcrumb\"},\"inLanguage\":\"en-US\",\"potentialAction\":[{\"@type\":\"ReadAction\",\"target\":[\"https:\/\/nirigs.com\/product\/chicco-baby-moments-lait-corporel-leger-pour-bebe-500-ml-0m\/\"]}]},{\"@type\":\"ImageObject\",\"inLanguage\":\"en-US\",\"@id\":\"https:\/\/nirigs.com\/product\/chicco-baby-moments-lait-corporel-leger-pour-bebe-500-ml-0m\/#primaryimage\",\"url\":\"https:\/\/nirigs.com\/wp-content\/uploads\/2024\/08\/Chicco-Baby-Moments-Lait-corporel-leger-pour-bebe-500-ml-0M.jpg\",\"contentUrl\":\"https:\/\/nirigs.com\/wp-content\/uploads\/2024\/08\/Chicco-Baby-Moments-Lait-corporel-leger-pour-bebe-500-ml-0M.jpg\",\"width\":1000,\"height\":1000},{\"@type\":\"BreadcrumbList\",\"@id\":\"https:\/\/nirigs.com\/product\/chicco-baby-moments-lait-corporel-leger-pour-bebe-500-ml-0m\/#breadcrumb\",\"itemListElement\":[{\"@type\":\"ListItem\",\"position\":1,\"name\":\"Home\",\"item\":\"https:\/\/nirigs.com\/\"},{\"@type\":\"ListItem\",\"position\":2,\"name\":\"Parcourir\",\"item\":\"https:\/\/nirigs.com\/boutique\/\"},{\"@type\":\"ListItem\",\"position\":3,\"name\":\"Chicco &#8211; Baby Moments &#8211; Lait corporel l\u00e9ger pour b\u00e9b\u00e9, 500 ml, 0M+\"}]},{\"@type\":\"WebSite\",\"@id\":\"https:\/\/nirigs.com\/#website\",\"url\":\"https:\/\/nirigs.com\/\",\"name\":\"Nirigs.com\",\"description\":\"Simplifiez vos achats du quotidien \u00e0 Djibouti\",\"publisher\":{\"@id\":\"https:\/\/nirigs.com\/#organization\"},\"potentialAction\":[{\"@type\":\"SearchAction\",\"target\":{\"@type\":\"EntryPoint\",\"urlTemplate\":\"https:\/\/nirigs.com\/?s={search_term_string}\"},\"query-input\":{\"@type\":\"PropertyValueSpecification\",\"valueRequired\":true,\"valueName\":\"search_term_string\"}}],\"inLanguage\":\"en-US\"},{\"@type\":\"Organization\",\"@id\":\"https:\/\/nirigs.com\/#organization\",\"name\":\"Nirigs\",\"url\":\"https:\/\/nirigs.com\/\",\"logo\":{\"@type\":\"ImageObject\",\"inLanguage\":\"en-US\",\"@id\":\"https:\/\/nirigs.com\/#\/schema\/logo\/image\/\",\"url\":\"https:\/\/nirigs.com\/wp-content\/uploads\/2025\/04\/Design-sans-titre-27.png\",\"contentUrl\":\"https:\/\/nirigs.com\/wp-content\/uploads\/2025\/04\/Design-sans-titre-27.png\",\"width\":500,\"height\":500,\"caption\":\"Nirigs\"},\"image\":{\"@id\":\"https:\/\/nirigs.com\/#\/schema\/logo\/image\/\"}}]}<\/script>\n<!-- \/ Yoast SEO plugin. -->","yoast_head_json":{"title":"Chicco - Baby Moments - Lait corporel l\u00e9ger pour b\u00e9b\u00e9, 500 ml, 0M+ - NIRIGS","robots":{"index":"index","follow":"follow","max-snippet":"max-snippet:-1","max-image-preview":"max-image-preview:large","max-video-preview":"max-video-preview:-1"},"canonical":"https:\/\/nirigs.com\/en\/product\/chicco-baby-moments-lait-corporel-leger-pour-bebe-500-ml-0m\/","og_locale":"en_US","og_type":"article","og_title":"Chicco - Baby Moments - Lait corporel l\u00e9ger pour b\u00e9b\u00e9, 500 ml, 0M+ - NIRIGS","og_description":"Formule 97% d&rsquo;origine naturelle. Enrichi en huile de coton nourrissante et en vitamine E \u00e0 effet antioxydant. Hydrate la peau,","og_url":"https:\/\/nirigs.com\/en\/product\/chicco-baby-moments-lait-corporel-leger-pour-bebe-500-ml-0m\/","og_site_name":"NIRIGS","article_modified_time":"2024-10-23T17:29:05+00:00","og_image":[{"width":1000,"height":1000,"url":"https:\/\/nirigs.com\/wp-content\/uploads\/2024\/08\/Chicco-Baby-Moments-Lait-corporel-leger-pour-bebe-500-ml-0M.jpg","type":"image\/jpeg"}],"twitter_card":"summary_large_image","schema":{"@context":"https:\/\/schema.org","@graph":[{"@type":"WebPage","@id":"https:\/\/nirigs.com\/product\/chicco-baby-moments-lait-corporel-leger-pour-bebe-500-ml-0m\/","url":"https:\/\/nirigs.com\/product\/chicco-baby-moments-lait-corporel-leger-pour-bebe-500-ml-0m\/","name":"Chicco - Baby Moments - Lait corporel l\u00e9ger pour b\u00e9b\u00e9, 500 ml, 0M+ - NIRIGS","isPartOf":{"@id":"https:\/\/nirigs.com\/#website"},"primaryImageOfPage":{"@id":"https:\/\/nirigs.com\/product\/chicco-baby-moments-lait-corporel-leger-pour-bebe-500-ml-0m\/#primaryimage"},"image":{"@id":"https:\/\/nirigs.com\/product\/chicco-baby-moments-lait-corporel-leger-pour-bebe-500-ml-0m\/#primaryimage"},"thumbnailUrl":"https:\/\/nirigs.com\/wp-content\/uploads\/2024\/08\/Chicco-Baby-Moments-Lait-corporel-leger-pour-bebe-500-ml-0M.jpg","datePublished":"2024-10-23T17:29:04+00:00","dateModified":"2024-10-23T17:29:05+00:00","breadcrumb":{"@id":"https:\/\/nirigs.com\/product\/chicco-baby-moments-lait-corporel-leger-pour-bebe-500-ml-0m\/#breadcrumb"},"inLanguage":"en-US","potentialAction":[{"@type":"ReadAction","target":["https:\/\/nirigs.com\/product\/chicco-baby-moments-lait-corporel-leger-pour-bebe-500-ml-0m\/"]}]},{"@type":"ImageObject","inLanguage":"en-US","@id":"https:\/\/nirigs.com\/product\/chicco-baby-moments-lait-corporel-leger-pour-bebe-500-ml-0m\/#primaryimage","url":"https:\/\/nirigs.com\/wp-content\/uploads\/2024\/08\/Chicco-Baby-Moments-Lait-corporel-leger-pour-bebe-500-ml-0M.jpg","contentUrl":"https:\/\/nirigs.com\/wp-content\/uploads\/2024\/08\/Chicco-Baby-Moments-Lait-corporel-leger-pour-bebe-500-ml-0M.jpg","width":1000,"height":1000},{"@type":"BreadcrumbList","@id":"https:\/\/nirigs.com\/product\/chicco-baby-moments-lait-corporel-leger-pour-bebe-500-ml-0m\/#breadcrumb","itemListElement":[{"@type":"ListItem","position":1,"name":"Home","item":"https:\/\/nirigs.com\/"},{"@type":"ListItem","position":2,"name":"Parcourir","item":"https:\/\/nirigs.com\/boutique\/"},{"@type":"ListItem","position":3,"name":"Chicco &#8211; Baby Moments &#8211; Lait corporel l\u00e9ger pour b\u00e9b\u00e9, 500 ml, 0M+"}]},{"@type":"WebSite","@id":"https:\/\/nirigs.com\/#website","url":"https:\/\/nirigs.com\/","name":"Nirigs.com","description":"Simplifiez vos achats du quotidien \u00e0 Djibouti","publisher":{"@id":"https:\/\/nirigs.com\/#organization"},"potentialAction":[{"@type":"SearchAction","target":{"@type":"EntryPoint","urlTemplate":"https:\/\/nirigs.com\/?s={search_term_string}"},"query-input":{"@type":"PropertyValueSpecification","valueRequired":true,"valueName":"search_term_string"}}],"inLanguage":"en-US"},{"@type":"Organization","@id":"https:\/\/nirigs.com\/#organization","name":"Nirigs","url":"https:\/\/nirigs.com\/","logo":{"@type":"ImageObject","inLanguage":"en-US","@id":"https:\/\/nirigs.com\/#\/schema\/logo\/image\/","url":"https:\/\/nirigs.com\/wp-content\/uploads\/2025\/04\/Design-sans-titre-27.png","contentUrl":"https:\/\/nirigs.com\/wp-content\/uploads\/2025\/04\/Design-sans-titre-27.png","width":500,"height":500,"caption":"Nirigs"},"image":{"@id":"https:\/\/nirigs.com\/#\/schema\/logo\/image\/"}}]}},"brands":[{"id":652,"name":"Chicco","slug":"chicco"}],"_links":{"self":[{"href":"https:\/\/nirigs.com\/en\/wp-json\/wp\/v2\/product\/20111","targetHints":{"allow":["GET"]}}],"collection":[{"href":"https:\/\/nirigs.com\/en\/wp-json\/wp\/v2\/product"}],"about":[{"href":"https:\/\/nirigs.com\/en\/wp-json\/wp\/v2\/types\/product"}],"replies":[{"embeddable":true,"href":"https:\/\/nirigs.com\/en\/wp-json\/wp\/v2\/comments?post=20111"}],"version-history":[{"count":1,"href":"https:\/\/nirigs.com\/en\/wp-json\/wp\/v2\/product\/20111\/revisions"}],"predecessor-version":[{"id":20116,"href":"https:\/\/nirigs.com\/en\/wp-json\/wp\/v2\/product\/20111\/revisions\/20116"}],"wp:featuredmedia":[{"embeddable":true,"href":"https:\/\/nirigs.com\/en\/wp-json\/wp\/v2\/media\/20112"}],"wp:attachment":[{"href":"https:\/\/nirigs.com\/en\/wp-json\/wp\/v2\/media?parent=20111"}],"wp:term":[{"taxonomy":"pwb-brand","embeddable":true,"href":"https:\/\/nirigs.com\/en\/wp-json\/wp\/v2\/pwb-brand?post=20111"},{"taxonomy":"product_brand","embeddable":true,"href":"https:\/\/nirigs.com\/en\/wp-json\/wp\/v2\/product_brand?post=20111"},{"taxonomy":"product_cat","embeddable":true,"href":"https:\/\/nirigs.com\/en\/wp-json\/wp\/v2\/product_cat?post=20111"},{"taxonomy":"product_tag","embeddable":true,"href":"https:\/\/nirigs.com\/en\/wp-json\/wp\/v2\/product_tag?post=20111"}],"curies":[{"name":"wp","href":"https:\/\/api.w.org\/{rel}","templated":true}]}}