{"id":20086,"date":"2024-10-23T20:28:48","date_gmt":"2024-10-23T17:28:48","guid":{"rendered":"https:\/\/nirigs.com\/?post_type=product&#038;p=20086"},"modified":"2024-10-23T20:28:49","modified_gmt":"2024-10-23T17:28:49","slug":"chicco-baby-moments-savon-en-barre-100-g","status":"publish","type":"product","link":"https:\/\/nirigs.com\/en\/product\/chicco-baby-moments-savon-en-barre-100-g\/","title":{"rendered":"Chicco - Baby Moments - Soap Bar - 100 g"},"content":{"rendered":"<p>Nettoie et hydrate en douceur la peau sensible de b\u00e9b\u00e9.<\/p>\n<p>Compos\u00e9 \u00e0 81% d&rsquo;ingr\u00e9dients d&rsquo;origine v\u00e9g\u00e9tale.<\/p>\n<p>Enrichi en glyc\u00e9rine v\u00e9g\u00e9tale, il assure une action \u00e9molliente et adoucit la peau de b\u00e9b\u00e9.<\/p>\n<p>Test\u00e9 dermatologiquement sur peaux sensibles.<\/p>\n<p><strong>Veuillez lire attentivement les \u00e9tiquettes et les avertissements figurant sur l&#8217;emballage du produit avant de l&rsquo;utiliser.<\/strong><br \/>\n<strong>Eviter le contact avec les yeux<\/strong>. Sachet biod\u00e9gradable<\/p>\n<p>Bo\u00eete en carton recycl\u00e9<\/p>\n<p>Emballage recyclable par collecte s\u00e9lective.<\/p>","protected":false},"excerpt":{"rendered":"<p>Nettoie et hydrate en douceur la peau sensible de b\u00e9b\u00e9. Compos\u00e9 \u00e0 81% d&rsquo;ingr\u00e9dients d&rsquo;origine v\u00e9g\u00e9tale. Enrichi en glyc\u00e9rine v\u00e9g\u00e9tale,<\/p>","protected":false},"featured_media":20087,"comment_status":"open","ping_status":"closed","template":"","meta":[],"pwb-brand":[652],"product_brand":[],"product_cat":[986,274,999],"product_tag":[],"class_list":{"0":"post-20086","1":"product","2":"type-product","3":"status-publish","4":"has-post-thumbnail","6":"pwb-brand-chicco","7":"product_cat-bain-et-toilette","8":"product_cat-bebe-et-famille","9":"product_cat-savons","11":"first","12":"instock","13":"shipping-taxable","14":"product-type-simple"},"yoast_head":"<!-- This site is optimized with the Yoast SEO plugin v27.1.1 - https:\/\/yoast.com\/product\/yoast-seo-wordpress\/ -->\n<title>Chicco - Baby Moments - Savon en Barre - 100 g - NIRIGS<\/title>\n<meta name=\"robots\" content=\"index, follow, max-snippet:-1, max-image-preview:large, max-video-preview:-1\" \/>\n<link rel=\"canonical\" href=\"https:\/\/nirigs.com\/en\/product\/chicco-baby-moments-savon-en-barre-100-g\/\" \/>\n<meta property=\"og:locale\" content=\"en_US\" \/>\n<meta property=\"og:type\" content=\"article\" \/>\n<meta property=\"og:title\" content=\"Chicco - Baby Moments - Savon en Barre - 100 g - NIRIGS\" \/>\n<meta property=\"og:description\" content=\"Nettoie et hydrate en douceur la peau sensible de b\u00e9b\u00e9. Compos\u00e9 \u00e0 81% d&rsquo;ingr\u00e9dients d&rsquo;origine v\u00e9g\u00e9tale. Enrichi en glyc\u00e9rine v\u00e9g\u00e9tale,\" \/>\n<meta property=\"og:url\" content=\"https:\/\/nirigs.com\/en\/product\/chicco-baby-moments-savon-en-barre-100-g\/\" \/>\n<meta property=\"og:site_name\" content=\"NIRIGS\" \/>\n<meta property=\"article:modified_time\" content=\"2024-10-23T17:28:49+00:00\" \/>\n<meta property=\"og:image\" content=\"https:\/\/nirigs.com\/wp-content\/uploads\/2024\/08\/Chicco-Baby-Moments-Savon-en-barre-100-g.jpg\" \/>\n\t<meta property=\"og:image:width\" content=\"1000\" \/>\n\t<meta property=\"og:image:height\" content=\"1000\" \/>\n\t<meta property=\"og:image:type\" content=\"image\/jpeg\" \/>\n<meta name=\"twitter:card\" content=\"summary_large_image\" \/>\n<script type=\"application\/ld+json\" class=\"yoast-schema-graph\">{\"@context\":\"https:\/\/schema.org\",\"@graph\":[{\"@type\":\"WebPage\",\"@id\":\"https:\/\/nirigs.com\/product\/chicco-baby-moments-savon-en-barre-100-g\/\",\"url\":\"https:\/\/nirigs.com\/product\/chicco-baby-moments-savon-en-barre-100-g\/\",\"name\":\"Chicco - Baby Moments - Savon en Barre - 100 g - NIRIGS\",\"isPartOf\":{\"@id\":\"https:\/\/nirigs.com\/#website\"},\"primaryImageOfPage\":{\"@id\":\"https:\/\/nirigs.com\/product\/chicco-baby-moments-savon-en-barre-100-g\/#primaryimage\"},\"image\":{\"@id\":\"https:\/\/nirigs.com\/product\/chicco-baby-moments-savon-en-barre-100-g\/#primaryimage\"},\"thumbnailUrl\":\"https:\/\/nirigs.com\/wp-content\/uploads\/2024\/08\/Chicco-Baby-Moments-Savon-en-barre-100-g.jpg\",\"datePublished\":\"2024-10-23T17:28:48+00:00\",\"dateModified\":\"2024-10-23T17:28:49+00:00\",\"breadcrumb\":{\"@id\":\"https:\/\/nirigs.com\/product\/chicco-baby-moments-savon-en-barre-100-g\/#breadcrumb\"},\"inLanguage\":\"en-US\",\"potentialAction\":[{\"@type\":\"ReadAction\",\"target\":[\"https:\/\/nirigs.com\/product\/chicco-baby-moments-savon-en-barre-100-g\/\"]}]},{\"@type\":\"ImageObject\",\"inLanguage\":\"en-US\",\"@id\":\"https:\/\/nirigs.com\/product\/chicco-baby-moments-savon-en-barre-100-g\/#primaryimage\",\"url\":\"https:\/\/nirigs.com\/wp-content\/uploads\/2024\/08\/Chicco-Baby-Moments-Savon-en-barre-100-g.jpg\",\"contentUrl\":\"https:\/\/nirigs.com\/wp-content\/uploads\/2024\/08\/Chicco-Baby-Moments-Savon-en-barre-100-g.jpg\",\"width\":1000,\"height\":1000},{\"@type\":\"BreadcrumbList\",\"@id\":\"https:\/\/nirigs.com\/product\/chicco-baby-moments-savon-en-barre-100-g\/#breadcrumb\",\"itemListElement\":[{\"@type\":\"ListItem\",\"position\":1,\"name\":\"Home\",\"item\":\"https:\/\/nirigs.com\/\"},{\"@type\":\"ListItem\",\"position\":2,\"name\":\"Parcourir\",\"item\":\"https:\/\/nirigs.com\/boutique\/\"},{\"@type\":\"ListItem\",\"position\":3,\"name\":\"Chicco &#8211; Baby Moments &#8211; Savon en Barre &#8211; 100 g\"}]},{\"@type\":\"WebSite\",\"@id\":\"https:\/\/nirigs.com\/#website\",\"url\":\"https:\/\/nirigs.com\/\",\"name\":\"Nirigs.com\",\"description\":\"Simplifiez vos achats du quotidien \u00e0 Djibouti\",\"publisher\":{\"@id\":\"https:\/\/nirigs.com\/#organization\"},\"potentialAction\":[{\"@type\":\"SearchAction\",\"target\":{\"@type\":\"EntryPoint\",\"urlTemplate\":\"https:\/\/nirigs.com\/?s={search_term_string}\"},\"query-input\":{\"@type\":\"PropertyValueSpecification\",\"valueRequired\":true,\"valueName\":\"search_term_string\"}}],\"inLanguage\":\"en-US\"},{\"@type\":\"Organization\",\"@id\":\"https:\/\/nirigs.com\/#organization\",\"name\":\"Nirigs\",\"url\":\"https:\/\/nirigs.com\/\",\"logo\":{\"@type\":\"ImageObject\",\"inLanguage\":\"en-US\",\"@id\":\"https:\/\/nirigs.com\/#\/schema\/logo\/image\/\",\"url\":\"https:\/\/nirigs.com\/wp-content\/uploads\/2025\/04\/Design-sans-titre-27.png\",\"contentUrl\":\"https:\/\/nirigs.com\/wp-content\/uploads\/2025\/04\/Design-sans-titre-27.png\",\"width\":500,\"height\":500,\"caption\":\"Nirigs\"},\"image\":{\"@id\":\"https:\/\/nirigs.com\/#\/schema\/logo\/image\/\"}}]}<\/script>\n<!-- \/ Yoast SEO plugin. -->","yoast_head_json":{"title":"Chicco - Baby Moments - Savon en Barre - 100 g - NIRIGS","robots":{"index":"index","follow":"follow","max-snippet":"max-snippet:-1","max-image-preview":"max-image-preview:large","max-video-preview":"max-video-preview:-1"},"canonical":"https:\/\/nirigs.com\/en\/product\/chicco-baby-moments-savon-en-barre-100-g\/","og_locale":"en_US","og_type":"article","og_title":"Chicco - Baby Moments - Savon en Barre - 100 g - NIRIGS","og_description":"Nettoie et hydrate en douceur la peau sensible de b\u00e9b\u00e9. Compos\u00e9 \u00e0 81% d&rsquo;ingr\u00e9dients d&rsquo;origine v\u00e9g\u00e9tale. Enrichi en glyc\u00e9rine v\u00e9g\u00e9tale,","og_url":"https:\/\/nirigs.com\/en\/product\/chicco-baby-moments-savon-en-barre-100-g\/","og_site_name":"NIRIGS","article_modified_time":"2024-10-23T17:28:49+00:00","og_image":[{"width":1000,"height":1000,"url":"https:\/\/nirigs.com\/wp-content\/uploads\/2024\/08\/Chicco-Baby-Moments-Savon-en-barre-100-g.jpg","type":"image\/jpeg"}],"twitter_card":"summary_large_image","schema":{"@context":"https:\/\/schema.org","@graph":[{"@type":"WebPage","@id":"https:\/\/nirigs.com\/product\/chicco-baby-moments-savon-en-barre-100-g\/","url":"https:\/\/nirigs.com\/product\/chicco-baby-moments-savon-en-barre-100-g\/","name":"Chicco - Baby Moments - Savon en Barre - 100 g - NIRIGS","isPartOf":{"@id":"https:\/\/nirigs.com\/#website"},"primaryImageOfPage":{"@id":"https:\/\/nirigs.com\/product\/chicco-baby-moments-savon-en-barre-100-g\/#primaryimage"},"image":{"@id":"https:\/\/nirigs.com\/product\/chicco-baby-moments-savon-en-barre-100-g\/#primaryimage"},"thumbnailUrl":"https:\/\/nirigs.com\/wp-content\/uploads\/2024\/08\/Chicco-Baby-Moments-Savon-en-barre-100-g.jpg","datePublished":"2024-10-23T17:28:48+00:00","dateModified":"2024-10-23T17:28:49+00:00","breadcrumb":{"@id":"https:\/\/nirigs.com\/product\/chicco-baby-moments-savon-en-barre-100-g\/#breadcrumb"},"inLanguage":"en-US","potentialAction":[{"@type":"ReadAction","target":["https:\/\/nirigs.com\/product\/chicco-baby-moments-savon-en-barre-100-g\/"]}]},{"@type":"ImageObject","inLanguage":"en-US","@id":"https:\/\/nirigs.com\/product\/chicco-baby-moments-savon-en-barre-100-g\/#primaryimage","url":"https:\/\/nirigs.com\/wp-content\/uploads\/2024\/08\/Chicco-Baby-Moments-Savon-en-barre-100-g.jpg","contentUrl":"https:\/\/nirigs.com\/wp-content\/uploads\/2024\/08\/Chicco-Baby-Moments-Savon-en-barre-100-g.jpg","width":1000,"height":1000},{"@type":"BreadcrumbList","@id":"https:\/\/nirigs.com\/product\/chicco-baby-moments-savon-en-barre-100-g\/#breadcrumb","itemListElement":[{"@type":"ListItem","position":1,"name":"Home","item":"https:\/\/nirigs.com\/"},{"@type":"ListItem","position":2,"name":"Parcourir","item":"https:\/\/nirigs.com\/boutique\/"},{"@type":"ListItem","position":3,"name":"Chicco &#8211; Baby Moments &#8211; Savon en Barre &#8211; 100 g"}]},{"@type":"WebSite","@id":"https:\/\/nirigs.com\/#website","url":"https:\/\/nirigs.com\/","name":"Nirigs.com","description":"Simplifiez vos achats du quotidien \u00e0 Djibouti","publisher":{"@id":"https:\/\/nirigs.com\/#organization"},"potentialAction":[{"@type":"SearchAction","target":{"@type":"EntryPoint","urlTemplate":"https:\/\/nirigs.com\/?s={search_term_string}"},"query-input":{"@type":"PropertyValueSpecification","valueRequired":true,"valueName":"search_term_string"}}],"inLanguage":"en-US"},{"@type":"Organization","@id":"https:\/\/nirigs.com\/#organization","name":"Nirigs","url":"https:\/\/nirigs.com\/","logo":{"@type":"ImageObject","inLanguage":"en-US","@id":"https:\/\/nirigs.com\/#\/schema\/logo\/image\/","url":"https:\/\/nirigs.com\/wp-content\/uploads\/2025\/04\/Design-sans-titre-27.png","contentUrl":"https:\/\/nirigs.com\/wp-content\/uploads\/2025\/04\/Design-sans-titre-27.png","width":500,"height":500,"caption":"Nirigs"},"image":{"@id":"https:\/\/nirigs.com\/#\/schema\/logo\/image\/"}}]}},"brands":[{"id":652,"name":"Chicco","slug":"chicco"}],"_links":{"self":[{"href":"https:\/\/nirigs.com\/en\/wp-json\/wp\/v2\/product\/20086","targetHints":{"allow":["GET"]}}],"collection":[{"href":"https:\/\/nirigs.com\/en\/wp-json\/wp\/v2\/product"}],"about":[{"href":"https:\/\/nirigs.com\/en\/wp-json\/wp\/v2\/types\/product"}],"replies":[{"embeddable":true,"href":"https:\/\/nirigs.com\/en\/wp-json\/wp\/v2\/comments?post=20086"}],"version-history":[{"count":1,"href":"https:\/\/nirigs.com\/en\/wp-json\/wp\/v2\/product\/20086\/revisions"}],"predecessor-version":[{"id":20092,"href":"https:\/\/nirigs.com\/en\/wp-json\/wp\/v2\/product\/20086\/revisions\/20092"}],"wp:featuredmedia":[{"embeddable":true,"href":"https:\/\/nirigs.com\/en\/wp-json\/wp\/v2\/media\/20087"}],"wp:attachment":[{"href":"https:\/\/nirigs.com\/en\/wp-json\/wp\/v2\/media?parent=20086"}],"wp:term":[{"taxonomy":"pwb-brand","embeddable":true,"href":"https:\/\/nirigs.com\/en\/wp-json\/wp\/v2\/pwb-brand?post=20086"},{"taxonomy":"product_brand","embeddable":true,"href":"https:\/\/nirigs.com\/en\/wp-json\/wp\/v2\/product_brand?post=20086"},{"taxonomy":"product_cat","embeddable":true,"href":"https:\/\/nirigs.com\/en\/wp-json\/wp\/v2\/product_cat?post=20086"},{"taxonomy":"product_tag","embeddable":true,"href":"https:\/\/nirigs.com\/en\/wp-json\/wp\/v2\/product_tag?post=20086"}],"curies":[{"name":"wp","href":"https:\/\/api.w.org\/{rel}","templated":true}]}}