{"id":19989,"date":"2024-10-23T20:27:53","date_gmt":"2024-10-23T17:27:53","guid":{"rendered":"https:\/\/nirigs.com\/?post_type=product&#038;p=19989"},"modified":"2024-10-23T20:27:53","modified_gmt":"2024-10-23T17:27:53","slug":"chicco-peigne-et-brosse-orange","status":"publish","type":"product","link":"https:\/\/nirigs.com\/en\/product\/chicco-peigne-et-brosse-orange\/","title":{"rendered":"Chicco - Orange Comb and Brush"},"content":{"rendered":"<p>Brosse et peigne pour cheveux sensibles de b\u00e9b\u00e9, afin de les coiffer avec le plus grand soin. La brosse en poils naturels et le peigne aux extr\u00e9mit\u00e9s arrondies sont des produits de soin sp\u00e9cialement con\u00e7us pour le cuir chevelu sensible des tout-petits. Tous deux sont dot\u00e9s d&rsquo;un manche confortable pour une manipulation simple et s\u00fbre. La brosse est en poils de ch\u00e8vre.<\/p>\n<h4>Ingredients<\/h4>\n<p>Plastique et soie naturelle.<\/p>","protected":false},"excerpt":{"rendered":"<p>Brosse et peigne pour cheveux sensibles de b\u00e9b\u00e9, afin de les coiffer avec le plus grand soin. La brosse en<\/p>","protected":false},"featured_media":20010,"comment_status":"open","ping_status":"closed","template":"","meta":[],"pwb-brand":[652],"product_brand":[],"product_cat":[345,274,1021],"product_tag":[],"class_list":{"0":"post-19989","1":"product","2":"type-product","3":"status-publish","4":"has-post-thumbnail","6":"pwb-brand-chicco","7":"product_cat-accessoires-pour-bebe","8":"product_cat-bebe-et-famille","9":"product_cat-peigne-et-brosse","11":"first","12":"instock","13":"shipping-taxable","14":"product-type-simple"},"yoast_head":"<!-- This site is optimized with the Yoast SEO plugin v27.1.1 - https:\/\/yoast.com\/product\/yoast-seo-wordpress\/ -->\n<title>Chicco - Peigne et Brosse Orange - NIRIGS<\/title>\n<meta name=\"robots\" content=\"index, follow, max-snippet:-1, max-image-preview:large, max-video-preview:-1\" \/>\n<link rel=\"canonical\" href=\"https:\/\/nirigs.com\/en\/product\/chicco-peigne-et-brosse-orange\/\" \/>\n<meta property=\"og:locale\" content=\"en_US\" \/>\n<meta property=\"og:type\" content=\"article\" \/>\n<meta property=\"og:title\" content=\"Chicco - Peigne et Brosse Orange - NIRIGS\" \/>\n<meta property=\"og:description\" content=\"Brosse et peigne pour cheveux sensibles de b\u00e9b\u00e9, afin de les coiffer avec le plus grand soin. La brosse en\" \/>\n<meta property=\"og:url\" content=\"https:\/\/nirigs.com\/en\/product\/chicco-peigne-et-brosse-orange\/\" \/>\n<meta property=\"og:site_name\" content=\"NIRIGS\" \/>\n<meta property=\"og:image\" content=\"https:\/\/nirigs.com\/wp-content\/uploads\/2024\/08\/Chicco-Peigne-et-Brosse-Orange.jpg\" \/>\n\t<meta property=\"og:image:width\" content=\"1000\" \/>\n\t<meta property=\"og:image:height\" content=\"1000\" \/>\n\t<meta property=\"og:image:type\" content=\"image\/jpeg\" \/>\n<meta name=\"twitter:card\" content=\"summary_large_image\" \/>\n<script type=\"application\/ld+json\" class=\"yoast-schema-graph\">{\"@context\":\"https:\/\/schema.org\",\"@graph\":[{\"@type\":\"WebPage\",\"@id\":\"https:\/\/nirigs.com\/product\/chicco-peigne-et-brosse-orange\/\",\"url\":\"https:\/\/nirigs.com\/product\/chicco-peigne-et-brosse-orange\/\",\"name\":\"Chicco - Peigne et Brosse Orange - NIRIGS\",\"isPartOf\":{\"@id\":\"https:\/\/nirigs.com\/#website\"},\"primaryImageOfPage\":{\"@id\":\"https:\/\/nirigs.com\/product\/chicco-peigne-et-brosse-orange\/#primaryimage\"},\"image\":{\"@id\":\"https:\/\/nirigs.com\/product\/chicco-peigne-et-brosse-orange\/#primaryimage\"},\"thumbnailUrl\":\"https:\/\/nirigs.com\/wp-content\/uploads\/2024\/08\/Chicco-Peigne-et-Brosse-Orange.jpg\",\"datePublished\":\"2024-10-23T17:27:53+00:00\",\"breadcrumb\":{\"@id\":\"https:\/\/nirigs.com\/product\/chicco-peigne-et-brosse-orange\/#breadcrumb\"},\"inLanguage\":\"en-US\",\"potentialAction\":[{\"@type\":\"ReadAction\",\"target\":[\"https:\/\/nirigs.com\/product\/chicco-peigne-et-brosse-orange\/\"]}]},{\"@type\":\"ImageObject\",\"inLanguage\":\"en-US\",\"@id\":\"https:\/\/nirigs.com\/product\/chicco-peigne-et-brosse-orange\/#primaryimage\",\"url\":\"https:\/\/nirigs.com\/wp-content\/uploads\/2024\/08\/Chicco-Peigne-et-Brosse-Orange.jpg\",\"contentUrl\":\"https:\/\/nirigs.com\/wp-content\/uploads\/2024\/08\/Chicco-Peigne-et-Brosse-Orange.jpg\",\"width\":1000,\"height\":1000},{\"@type\":\"BreadcrumbList\",\"@id\":\"https:\/\/nirigs.com\/product\/chicco-peigne-et-brosse-orange\/#breadcrumb\",\"itemListElement\":[{\"@type\":\"ListItem\",\"position\":1,\"name\":\"Home\",\"item\":\"https:\/\/nirigs.com\/\"},{\"@type\":\"ListItem\",\"position\":2,\"name\":\"Parcourir\",\"item\":\"https:\/\/nirigs.com\/boutique\/\"},{\"@type\":\"ListItem\",\"position\":3,\"name\":\"Chicco &#8211; Peigne et Brosse Orange\"}]},{\"@type\":\"WebSite\",\"@id\":\"https:\/\/nirigs.com\/#website\",\"url\":\"https:\/\/nirigs.com\/\",\"name\":\"Nirigs.com\",\"description\":\"Simplifiez vos achats du quotidien \u00e0 Djibouti\",\"publisher\":{\"@id\":\"https:\/\/nirigs.com\/#organization\"},\"potentialAction\":[{\"@type\":\"SearchAction\",\"target\":{\"@type\":\"EntryPoint\",\"urlTemplate\":\"https:\/\/nirigs.com\/?s={search_term_string}\"},\"query-input\":{\"@type\":\"PropertyValueSpecification\",\"valueRequired\":true,\"valueName\":\"search_term_string\"}}],\"inLanguage\":\"en-US\"},{\"@type\":\"Organization\",\"@id\":\"https:\/\/nirigs.com\/#organization\",\"name\":\"Nirigs\",\"url\":\"https:\/\/nirigs.com\/\",\"logo\":{\"@type\":\"ImageObject\",\"inLanguage\":\"en-US\",\"@id\":\"https:\/\/nirigs.com\/#\/schema\/logo\/image\/\",\"url\":\"https:\/\/nirigs.com\/wp-content\/uploads\/2025\/04\/Design-sans-titre-27.png\",\"contentUrl\":\"https:\/\/nirigs.com\/wp-content\/uploads\/2025\/04\/Design-sans-titre-27.png\",\"width\":500,\"height\":500,\"caption\":\"Nirigs\"},\"image\":{\"@id\":\"https:\/\/nirigs.com\/#\/schema\/logo\/image\/\"}}]}<\/script>\n<!-- \/ Yoast SEO plugin. -->","yoast_head_json":{"title":"Chicco - Peigne et Brosse Orange - NIRIGS","robots":{"index":"index","follow":"follow","max-snippet":"max-snippet:-1","max-image-preview":"max-image-preview:large","max-video-preview":"max-video-preview:-1"},"canonical":"https:\/\/nirigs.com\/en\/product\/chicco-peigne-et-brosse-orange\/","og_locale":"en_US","og_type":"article","og_title":"Chicco - Peigne et Brosse Orange - NIRIGS","og_description":"Brosse et peigne pour cheveux sensibles de b\u00e9b\u00e9, afin de les coiffer avec le plus grand soin. La brosse en","og_url":"https:\/\/nirigs.com\/en\/product\/chicco-peigne-et-brosse-orange\/","og_site_name":"NIRIGS","og_image":[{"width":1000,"height":1000,"url":"https:\/\/nirigs.com\/wp-content\/uploads\/2024\/08\/Chicco-Peigne-et-Brosse-Orange.jpg","type":"image\/jpeg"}],"twitter_card":"summary_large_image","schema":{"@context":"https:\/\/schema.org","@graph":[{"@type":"WebPage","@id":"https:\/\/nirigs.com\/product\/chicco-peigne-et-brosse-orange\/","url":"https:\/\/nirigs.com\/product\/chicco-peigne-et-brosse-orange\/","name":"Chicco - Peigne et Brosse Orange - NIRIGS","isPartOf":{"@id":"https:\/\/nirigs.com\/#website"},"primaryImageOfPage":{"@id":"https:\/\/nirigs.com\/product\/chicco-peigne-et-brosse-orange\/#primaryimage"},"image":{"@id":"https:\/\/nirigs.com\/product\/chicco-peigne-et-brosse-orange\/#primaryimage"},"thumbnailUrl":"https:\/\/nirigs.com\/wp-content\/uploads\/2024\/08\/Chicco-Peigne-et-Brosse-Orange.jpg","datePublished":"2024-10-23T17:27:53+00:00","breadcrumb":{"@id":"https:\/\/nirigs.com\/product\/chicco-peigne-et-brosse-orange\/#breadcrumb"},"inLanguage":"en-US","potentialAction":[{"@type":"ReadAction","target":["https:\/\/nirigs.com\/product\/chicco-peigne-et-brosse-orange\/"]}]},{"@type":"ImageObject","inLanguage":"en-US","@id":"https:\/\/nirigs.com\/product\/chicco-peigne-et-brosse-orange\/#primaryimage","url":"https:\/\/nirigs.com\/wp-content\/uploads\/2024\/08\/Chicco-Peigne-et-Brosse-Orange.jpg","contentUrl":"https:\/\/nirigs.com\/wp-content\/uploads\/2024\/08\/Chicco-Peigne-et-Brosse-Orange.jpg","width":1000,"height":1000},{"@type":"BreadcrumbList","@id":"https:\/\/nirigs.com\/product\/chicco-peigne-et-brosse-orange\/#breadcrumb","itemListElement":[{"@type":"ListItem","position":1,"name":"Home","item":"https:\/\/nirigs.com\/"},{"@type":"ListItem","position":2,"name":"Parcourir","item":"https:\/\/nirigs.com\/boutique\/"},{"@type":"ListItem","position":3,"name":"Chicco &#8211; Peigne et Brosse Orange"}]},{"@type":"WebSite","@id":"https:\/\/nirigs.com\/#website","url":"https:\/\/nirigs.com\/","name":"Nirigs.com","description":"Simplifiez vos achats du quotidien \u00e0 Djibouti","publisher":{"@id":"https:\/\/nirigs.com\/#organization"},"potentialAction":[{"@type":"SearchAction","target":{"@type":"EntryPoint","urlTemplate":"https:\/\/nirigs.com\/?s={search_term_string}"},"query-input":{"@type":"PropertyValueSpecification","valueRequired":true,"valueName":"search_term_string"}}],"inLanguage":"en-US"},{"@type":"Organization","@id":"https:\/\/nirigs.com\/#organization","name":"Nirigs","url":"https:\/\/nirigs.com\/","logo":{"@type":"ImageObject","inLanguage":"en-US","@id":"https:\/\/nirigs.com\/#\/schema\/logo\/image\/","url":"https:\/\/nirigs.com\/wp-content\/uploads\/2025\/04\/Design-sans-titre-27.png","contentUrl":"https:\/\/nirigs.com\/wp-content\/uploads\/2025\/04\/Design-sans-titre-27.png","width":500,"height":500,"caption":"Nirigs"},"image":{"@id":"https:\/\/nirigs.com\/#\/schema\/logo\/image\/"}}]}},"brands":[{"id":652,"name":"Chicco","slug":"chicco"}],"_links":{"self":[{"href":"https:\/\/nirigs.com\/en\/wp-json\/wp\/v2\/product\/19989","targetHints":{"allow":["GET"]}}],"collection":[{"href":"https:\/\/nirigs.com\/en\/wp-json\/wp\/v2\/product"}],"about":[{"href":"https:\/\/nirigs.com\/en\/wp-json\/wp\/v2\/types\/product"}],"replies":[{"embeddable":true,"href":"https:\/\/nirigs.com\/en\/wp-json\/wp\/v2\/comments?post=19989"}],"version-history":[{"count":1,"href":"https:\/\/nirigs.com\/en\/wp-json\/wp\/v2\/product\/19989\/revisions"}],"predecessor-version":[{"id":20011,"href":"https:\/\/nirigs.com\/en\/wp-json\/wp\/v2\/product\/19989\/revisions\/20011"}],"wp:featuredmedia":[{"embeddable":true,"href":"https:\/\/nirigs.com\/en\/wp-json\/wp\/v2\/media\/20010"}],"wp:attachment":[{"href":"https:\/\/nirigs.com\/en\/wp-json\/wp\/v2\/media?parent=19989"}],"wp:term":[{"taxonomy":"pwb-brand","embeddable":true,"href":"https:\/\/nirigs.com\/en\/wp-json\/wp\/v2\/pwb-brand?post=19989"},{"taxonomy":"product_brand","embeddable":true,"href":"https:\/\/nirigs.com\/en\/wp-json\/wp\/v2\/product_brand?post=19989"},{"taxonomy":"product_cat","embeddable":true,"href":"https:\/\/nirigs.com\/en\/wp-json\/wp\/v2\/product_cat?post=19989"},{"taxonomy":"product_tag","embeddable":true,"href":"https:\/\/nirigs.com\/en\/wp-json\/wp\/v2\/product_tag?post=19989"}],"curies":[{"name":"wp","href":"https:\/\/api.w.org\/{rel}","templated":true}]}}