{"id":19960,"date":"2024-10-23T20:28:41","date_gmt":"2024-10-23T17:28:41","guid":{"rendered":"https:\/\/nirigs.com\/?post_type=product&#038;p=19960"},"modified":"2024-10-23T20:28:42","modified_gmt":"2024-10-23T17:28:42","slug":"chicco-coton-tiges-160-pieces","status":"publish","type":"product","link":"https:\/\/nirigs.com\/en\/product\/chicco-coton-tiges-160-pieces\/","title":{"rendered":"Chicco - Cotton Stems - 160 pieces"},"content":{"rendered":"<p>Les b\u00e2tonnets de coton Chicco sont faits de 100% coton et sont le choix id\u00e9al pour assurer une bonne hygi\u00e8ne au b\u00e9b\u00e9. Doux et flexibles, les b\u00e2tonnets de coton Chicco vous permettent de nettoyer et de s\u00e9cher d\u00e9licatement l&rsquo;oreille du b\u00e9b\u00e9 et, gr\u00e2ce \u00e0 leur forme sp\u00e9ciale, ils offrent d\u00e9licatesse et protection au tympan. Les b\u00e2tonnets de coton Chicco sont disponibles dans le paquet pratique de 160 pi\u00e8ces, facile \u00e0 fermer et \u00e0 transporter partout avec vous dans le sac du b\u00e9b\u00e9.<\/p>\n<p>Le set contient :<br \/>\nCoton-tiges Chicco 160pcs x 1<\/p>\n<p><strong>Coton-tiges Chicco<\/strong><\/p>\n<p>Le nettoyage des oreilles des b\u00e9b\u00e9s et des enfants est tout aussi essentiel que celui des autres parties du corps. Cependant, les parents doivent faire tr\u00e8s attention, car les tympans des petits sont tr\u00e8s d\u00e9licats. Les cotons-tiges Chicco ont \u00e9t\u00e9 sp\u00e9cialement con\u00e7us pour l&rsquo;hygi\u00e8ne quotidienne des b\u00e9b\u00e9s. Les cotons-tiges Chico sont compos\u00e9s \u00e0 100 % de coton doux et constituent le choix id\u00e9al pour assurer une bonne hygi\u00e8ne des oreilles de b\u00e9b\u00e9. Ils conviennent \u00e9galement aux nouveau-n\u00e9s.<\/p>\n<p>Doux et flexibles : Les cotons-tiges Chicco sont doux et flexibles, ce qui vous permet de nettoyer et d&rsquo;essuyer d\u00e9licatement les oreilles de votre b\u00e9b\u00e9. Gr\u00e2ce \u00e0 leur forme unique, ils contribuent \u00e0 pr\u00e9server la d\u00e9licatesse et la protection de l&rsquo;oreille de b\u00e9b\u00e9.<\/p>\n<p>Fabriqu\u00e9s \u00e0 100 % en coton : Les cotons-tiges pour b\u00e9b\u00e9s de Chicco&rsquo;s sont compos\u00e9s \u00e0 100 % de coton doux et respectueux de la peau. Ce sont les choix id\u00e9aux pour assurer une bonne hygi\u00e8ne au b\u00e9b\u00e9.<\/p>\n<p>Faciles \u00e0 transporter : Les cotons-tiges pour b\u00e9b\u00e9s Chicco sont disponibles dans un emballage pratique de 160 pi\u00e8ces. Ils sont tr\u00e8s pratiques et faciles \u00e0 transporter. Les cotons-tiges Chicco peuvent \u00eatre emport\u00e9s partout avec vous dans le sac de b\u00e9b\u00e9.<\/p>","protected":false},"excerpt":{"rendered":"<p>Les b\u00e2tonnets de coton Chicco sont faits de 100% coton et sont le choix id\u00e9al pour assurer une bonne hygi\u00e8ne<\/p>","protected":false},"featured_media":19963,"comment_status":"open","ping_status":"closed","template":"","meta":[],"pwb-brand":[652],"product_brand":[],"product_cat":[274,1013,995],"product_tag":[],"class_list":{"0":"post-19960","1":"product","2":"type-product","3":"status-publish","4":"has-post-thumbnail","6":"pwb-brand-chicco","7":"product_cat-bebe-et-famille","8":"product_cat-coton-tiges","9":"product_cat-soin-de-la-peau","11":"first","12":"instock","13":"shipping-taxable","14":"product-type-simple"},"yoast_head":"<!-- This site is optimized with the Yoast SEO plugin v27.4 - https:\/\/yoast.com\/product\/yoast-seo-wordpress\/ -->\n<title>Chicco - Coton Tiges - 160 pi\u00e8ces - NIRIGS<\/title>\n<meta name=\"robots\" content=\"index, follow, max-snippet:-1, max-image-preview:large, max-video-preview:-1\" \/>\n<link rel=\"canonical\" href=\"https:\/\/nirigs.com\/en\/product\/chicco-coton-tiges-160-pieces\/\" \/>\n<meta property=\"og:locale\" content=\"en_US\" \/>\n<meta property=\"og:type\" content=\"article\" \/>\n<meta property=\"og:title\" content=\"Chicco - Coton Tiges - 160 pi\u00e8ces - NIRIGS\" \/>\n<meta property=\"og:description\" content=\"Les b\u00e2tonnets de coton Chicco sont faits de 100% coton et sont le choix id\u00e9al pour assurer une bonne hygi\u00e8ne\" \/>\n<meta property=\"og:url\" content=\"https:\/\/nirigs.com\/en\/product\/chicco-coton-tiges-160-pieces\/\" \/>\n<meta property=\"og:site_name\" content=\"NIRIGS\" \/>\n<meta property=\"article:modified_time\" content=\"2024-10-23T17:28:42+00:00\" \/>\n<meta property=\"og:image\" content=\"https:\/\/nirigs.com\/wp-content\/uploads\/2024\/08\/Chicco-Coton-Tiges-160-pieces.jpg\" \/>\n\t<meta property=\"og:image:width\" content=\"1000\" \/>\n\t<meta property=\"og:image:height\" content=\"1000\" \/>\n\t<meta property=\"og:image:type\" content=\"image\/jpeg\" \/>\n<meta name=\"twitter:card\" content=\"summary_large_image\" \/>\n<meta name=\"twitter:label1\" content=\"Est. reading time\" \/>\n\t<meta name=\"twitter:data1\" content=\"2 minutes\" \/>\n<script type=\"application\/ld+json\" class=\"yoast-schema-graph\">{\"@context\":\"https:\\\/\\\/schema.org\",\"@graph\":[{\"@type\":\"WebPage\",\"@id\":\"https:\\\/\\\/nirigs.com\\\/product\\\/chicco-coton-tiges-160-pieces\\\/\",\"url\":\"https:\\\/\\\/nirigs.com\\\/product\\\/chicco-coton-tiges-160-pieces\\\/\",\"name\":\"Chicco - Coton Tiges - 160 pi\u00e8ces - NIRIGS\",\"isPartOf\":{\"@id\":\"https:\\\/\\\/nirigs.com\\\/#website\"},\"primaryImageOfPage\":{\"@id\":\"https:\\\/\\\/nirigs.com\\\/product\\\/chicco-coton-tiges-160-pieces\\\/#primaryimage\"},\"image\":{\"@id\":\"https:\\\/\\\/nirigs.com\\\/product\\\/chicco-coton-tiges-160-pieces\\\/#primaryimage\"},\"thumbnailUrl\":\"https:\\\/\\\/nirigs.com\\\/wp-content\\\/uploads\\\/2024\\\/08\\\/Chicco-Coton-Tiges-160-pieces.jpg\",\"datePublished\":\"2024-10-23T17:28:41+00:00\",\"dateModified\":\"2024-10-23T17:28:42+00:00\",\"breadcrumb\":{\"@id\":\"https:\\\/\\\/nirigs.com\\\/product\\\/chicco-coton-tiges-160-pieces\\\/#breadcrumb\"},\"inLanguage\":\"en-US\",\"potentialAction\":[{\"@type\":\"ReadAction\",\"target\":[\"https:\\\/\\\/nirigs.com\\\/product\\\/chicco-coton-tiges-160-pieces\\\/\"]}]},{\"@type\":\"ImageObject\",\"inLanguage\":\"en-US\",\"@id\":\"https:\\\/\\\/nirigs.com\\\/product\\\/chicco-coton-tiges-160-pieces\\\/#primaryimage\",\"url\":\"https:\\\/\\\/nirigs.com\\\/wp-content\\\/uploads\\\/2024\\\/08\\\/Chicco-Coton-Tiges-160-pieces.jpg\",\"contentUrl\":\"https:\\\/\\\/nirigs.com\\\/wp-content\\\/uploads\\\/2024\\\/08\\\/Chicco-Coton-Tiges-160-pieces.jpg\",\"width\":1000,\"height\":1000},{\"@type\":\"BreadcrumbList\",\"@id\":\"https:\\\/\\\/nirigs.com\\\/product\\\/chicco-coton-tiges-160-pieces\\\/#breadcrumb\",\"itemListElement\":[{\"@type\":\"ListItem\",\"position\":1,\"name\":\"Home\",\"item\":\"https:\\\/\\\/nirigs.com\\\/\"},{\"@type\":\"ListItem\",\"position\":2,\"name\":\"Parcourir\",\"item\":\"https:\\\/\\\/nirigs.com\\\/boutique\\\/\"},{\"@type\":\"ListItem\",\"position\":3,\"name\":\"Chicco &#8211; Coton Tiges &#8211; 160 pi\u00e8ces\"}]},{\"@type\":\"WebSite\",\"@id\":\"https:\\\/\\\/nirigs.com\\\/#website\",\"url\":\"https:\\\/\\\/nirigs.com\\\/\",\"name\":\"Nirigs.com\",\"description\":\"Simplifiez vos achats du quotidien \u00e0 Djibouti\",\"publisher\":{\"@id\":\"https:\\\/\\\/nirigs.com\\\/#organization\"},\"potentialAction\":[{\"@type\":\"SearchAction\",\"target\":{\"@type\":\"EntryPoint\",\"urlTemplate\":\"https:\\\/\\\/nirigs.com\\\/?s={search_term_string}\"},\"query-input\":{\"@type\":\"PropertyValueSpecification\",\"valueRequired\":true,\"valueName\":\"search_term_string\"}}],\"inLanguage\":\"en-US\"},{\"@type\":\"Organization\",\"@id\":\"https:\\\/\\\/nirigs.com\\\/#organization\",\"name\":\"Nirigs\",\"url\":\"https:\\\/\\\/nirigs.com\\\/\",\"logo\":{\"@type\":\"ImageObject\",\"inLanguage\":\"en-US\",\"@id\":\"https:\\\/\\\/nirigs.com\\\/#\\\/schema\\\/logo\\\/image\\\/\",\"url\":\"https:\\\/\\\/nirigs.com\\\/wp-content\\\/uploads\\\/2025\\\/04\\\/Design-sans-titre-27.png\",\"contentUrl\":\"https:\\\/\\\/nirigs.com\\\/wp-content\\\/uploads\\\/2025\\\/04\\\/Design-sans-titre-27.png\",\"width\":500,\"height\":500,\"caption\":\"Nirigs\"},\"image\":{\"@id\":\"https:\\\/\\\/nirigs.com\\\/#\\\/schema\\\/logo\\\/image\\\/\"}}]}<\/script>\n<!-- \/ Yoast SEO plugin. -->","yoast_head_json":{"title":"Chicco - Coton Tiges - 160 pi\u00e8ces - NIRIGS","robots":{"index":"index","follow":"follow","max-snippet":"max-snippet:-1","max-image-preview":"max-image-preview:large","max-video-preview":"max-video-preview:-1"},"canonical":"https:\/\/nirigs.com\/en\/product\/chicco-coton-tiges-160-pieces\/","og_locale":"en_US","og_type":"article","og_title":"Chicco - Coton Tiges - 160 pi\u00e8ces - NIRIGS","og_description":"Les b\u00e2tonnets de coton Chicco sont faits de 100% coton et sont le choix id\u00e9al pour assurer une bonne hygi\u00e8ne","og_url":"https:\/\/nirigs.com\/en\/product\/chicco-coton-tiges-160-pieces\/","og_site_name":"NIRIGS","article_modified_time":"2024-10-23T17:28:42+00:00","og_image":[{"width":1000,"height":1000,"url":"https:\/\/nirigs.com\/wp-content\/uploads\/2024\/08\/Chicco-Coton-Tiges-160-pieces.jpg","type":"image\/jpeg"}],"twitter_card":"summary_large_image","twitter_misc":{"Est. reading time":"2 minutes"},"schema":{"@context":"https:\/\/schema.org","@graph":[{"@type":"WebPage","@id":"https:\/\/nirigs.com\/product\/chicco-coton-tiges-160-pieces\/","url":"https:\/\/nirigs.com\/product\/chicco-coton-tiges-160-pieces\/","name":"Chicco - Coton Tiges - 160 pi\u00e8ces - NIRIGS","isPartOf":{"@id":"https:\/\/nirigs.com\/#website"},"primaryImageOfPage":{"@id":"https:\/\/nirigs.com\/product\/chicco-coton-tiges-160-pieces\/#primaryimage"},"image":{"@id":"https:\/\/nirigs.com\/product\/chicco-coton-tiges-160-pieces\/#primaryimage"},"thumbnailUrl":"https:\/\/nirigs.com\/wp-content\/uploads\/2024\/08\/Chicco-Coton-Tiges-160-pieces.jpg","datePublished":"2024-10-23T17:28:41+00:00","dateModified":"2024-10-23T17:28:42+00:00","breadcrumb":{"@id":"https:\/\/nirigs.com\/product\/chicco-coton-tiges-160-pieces\/#breadcrumb"},"inLanguage":"en-US","potentialAction":[{"@type":"ReadAction","target":["https:\/\/nirigs.com\/product\/chicco-coton-tiges-160-pieces\/"]}]},{"@type":"ImageObject","inLanguage":"en-US","@id":"https:\/\/nirigs.com\/product\/chicco-coton-tiges-160-pieces\/#primaryimage","url":"https:\/\/nirigs.com\/wp-content\/uploads\/2024\/08\/Chicco-Coton-Tiges-160-pieces.jpg","contentUrl":"https:\/\/nirigs.com\/wp-content\/uploads\/2024\/08\/Chicco-Coton-Tiges-160-pieces.jpg","width":1000,"height":1000},{"@type":"BreadcrumbList","@id":"https:\/\/nirigs.com\/product\/chicco-coton-tiges-160-pieces\/#breadcrumb","itemListElement":[{"@type":"ListItem","position":1,"name":"Home","item":"https:\/\/nirigs.com\/"},{"@type":"ListItem","position":2,"name":"Parcourir","item":"https:\/\/nirigs.com\/boutique\/"},{"@type":"ListItem","position":3,"name":"Chicco &#8211; Coton Tiges &#8211; 160 pi\u00e8ces"}]},{"@type":"WebSite","@id":"https:\/\/nirigs.com\/#website","url":"https:\/\/nirigs.com\/","name":"Nirigs.com","description":"Simplifiez vos achats du quotidien \u00e0 Djibouti","publisher":{"@id":"https:\/\/nirigs.com\/#organization"},"potentialAction":[{"@type":"SearchAction","target":{"@type":"EntryPoint","urlTemplate":"https:\/\/nirigs.com\/?s={search_term_string}"},"query-input":{"@type":"PropertyValueSpecification","valueRequired":true,"valueName":"search_term_string"}}],"inLanguage":"en-US"},{"@type":"Organization","@id":"https:\/\/nirigs.com\/#organization","name":"Nirigs","url":"https:\/\/nirigs.com\/","logo":{"@type":"ImageObject","inLanguage":"en-US","@id":"https:\/\/nirigs.com\/#\/schema\/logo\/image\/","url":"https:\/\/nirigs.com\/wp-content\/uploads\/2025\/04\/Design-sans-titre-27.png","contentUrl":"https:\/\/nirigs.com\/wp-content\/uploads\/2025\/04\/Design-sans-titre-27.png","width":500,"height":500,"caption":"Nirigs"},"image":{"@id":"https:\/\/nirigs.com\/#\/schema\/logo\/image\/"}}]}},"brands":[{"id":652,"name":"Chicco","slug":"chicco"}],"_links":{"self":[{"href":"https:\/\/nirigs.com\/en\/wp-json\/wp\/v2\/product\/19960","targetHints":{"allow":["GET"]}}],"collection":[{"href":"https:\/\/nirigs.com\/en\/wp-json\/wp\/v2\/product"}],"about":[{"href":"https:\/\/nirigs.com\/en\/wp-json\/wp\/v2\/types\/product"}],"replies":[{"embeddable":true,"href":"https:\/\/nirigs.com\/en\/wp-json\/wp\/v2\/comments?post=19960"}],"version-history":[{"count":2,"href":"https:\/\/nirigs.com\/en\/wp-json\/wp\/v2\/product\/19960\/revisions"}],"predecessor-version":[{"id":19965,"href":"https:\/\/nirigs.com\/en\/wp-json\/wp\/v2\/product\/19960\/revisions\/19965"}],"wp:featuredmedia":[{"embeddable":true,"href":"https:\/\/nirigs.com\/en\/wp-json\/wp\/v2\/media\/19963"}],"wp:attachment":[{"href":"https:\/\/nirigs.com\/en\/wp-json\/wp\/v2\/media?parent=19960"}],"wp:term":[{"taxonomy":"pwb-brand","embeddable":true,"href":"https:\/\/nirigs.com\/en\/wp-json\/wp\/v2\/pwb-brand?post=19960"},{"taxonomy":"product_brand","embeddable":true,"href":"https:\/\/nirigs.com\/en\/wp-json\/wp\/v2\/product_brand?post=19960"},{"taxonomy":"product_cat","embeddable":true,"href":"https:\/\/nirigs.com\/en\/wp-json\/wp\/v2\/product_cat?post=19960"},{"taxonomy":"product_tag","embeddable":true,"href":"https:\/\/nirigs.com\/en\/wp-json\/wp\/v2\/product_tag?post=19960"}],"curies":[{"name":"wp","href":"https:\/\/api.w.org\/{rel}","templated":true}]}}