{"id":17704,"date":"2024-03-26T15:10:25","date_gmt":"2024-03-26T12:10:25","guid":{"rendered":"https:\/\/nirigs.com\/product\/shea-moisture-coconut-and-hibiscus-curl-style-milk-237-ml\/"},"modified":"2026-03-01T17:21:02","modified_gmt":"2026-03-01T14:21:02","slug":"shea-moisture-lait-de-coiffage-a-la-noix-de-coco-et-a-lhibiscus-237-ml","status":"publish","type":"product","link":"https:\/\/nirigs.com\/en\/product\/shea-moisture-lait-de-coiffage-a-la-noix-de-coco-et-a-lhibiscus-237-ml\/","title":{"rendered":"Shea Moisture &#8211; Lait de coiffage \u00e0 la noix de coco et \u00e0 l&rsquo;hibiscus &#8211; 237 ml"},"content":{"rendered":"<p>Vous d\u00e9testez passer vos doigts dans vos cheveux et les trouver coinc\u00e9s dans des n\u0153uds et des enchev\u00eatrements ? Le lait coiffant \u00e0 la noix de coco et \u00e0 l&rsquo;hibiscus de SheaMoisture, avec du beurre de karit\u00e9 certifi\u00e9 biologique, transformera les cheveux secs, ab\u00eem\u00e9s et trop trait\u00e9s en boucles sans frisottis, d\u00e9m\u00eal\u00e9es et naturellement belles.<\/p>\n<p>Ce lait coiffant est enrichi d&rsquo;ingr\u00e9dients naturels tels que l&rsquo;huile de noix de coco, l&rsquo;huile de margousier, l&rsquo;huile de graines de carotte et le beurre de karit\u00e9, des ingr\u00e9dients dont vos cheveux raffolent pour des boucles naturelles merveilleusement soign\u00e9es et une brillance saine d&rsquo;une beaut\u00e9 exceptionnelle. Utilisez-le avec des bigoudis ou des fers \u00e0 boucler pour obtenir une bonne tenue pour la journ\u00e9e. D\u00e9finit les boucles naturelles pour qu&rsquo;elles soient brillantes et rebondies, sans sensation de lourdeur. Les huiles naturelles contenues dans cette formule contribuent \u00e0 rendre les cheveux doux et soyeux. De plus, les cheveux sont lisses au toucher et \u00e0 l&rsquo;\u0153il et ne pr\u00e9sentent pas de frisottis.<\/p>\n<p>Vous pouvez utiliser ce lait Curl &amp; Style de SheaMoisture tous les jours comme activateur de boucles, pour des boucles d&rsquo;une brillance enviable et faciles \u00e0 coiffer.<\/p>\n<h4><strong>Use<\/strong><\/h4>\n<p>Appliquer comme hydratant et cr\u00e8me coiffante sans rin\u00e7age sur les cheveux humides et s\u00e9ch\u00e9s \u00e0 la serviette, selon les besoins.<\/p>\n<h4><strong>Ingredients<\/strong><\/h4>\n<p>Eau, huile de coco (Cocos Nucifera), alcool c\u00e9tylique, alcool st\u00e9arylique, glyc\u00e9rine (v\u00e9g\u00e9tale), beurre de karit\u00e9 (Butyrospermum Parkii)* Eau, huile de coco (Cocos Nucifera), alcool c\u00e9tylique, alcool st\u00e9arylique, Glyc\u00e9rine (v\u00e9g\u00e9tale), beurre de Butyrospermum Parkii (karit\u00e9)*, citrate de st\u00e9arate de glyc\u00e9ryle, alcool c\u00e9t\u00e9arylique, parfum, huile de graines de Brassica Campestris (colza), panth\u00e9nol, huile de graines de Melia Azadirachta (margousier), Sodium Lauroyl Hydrolyzed Silk, Glycine Soja (Soybean) Oil, Tricholoma Matsutake Extract, Tocopherol, Aloe Barbadensis Leaf Juice, Hibiscus Rosa-Sinensis Flower Extract, Salvia Officinalis (Sage) Leaf Extract, Extrait de Gellidiela Acerosa (algue), Extrait de Equisetum Arvense (pr\u00eale), Extrait de racine de Daucus Carota Sativa (carotte), B\u00eata-Carot\u00e8ne, Caprylate de glyc\u00e9ryle, Citrate de tri\u00e9thyle, Caprylyl Glycol, Acide benzo\u00efque.<\/p>","protected":false},"excerpt":{"rendered":"<p>Vous d\u00e9testez passer vos doigts dans vos cheveux et les trouver coinc\u00e9s dans des n\u0153uds et des enchev\u00eatrements ? Le<\/p>","protected":false},"featured_media":23810,"comment_status":"open","ping_status":"closed","template":"","meta":[],"pwb-brand":[775],"product_brand":[],"product_cat":[267,1022,1072,1071],"product_tag":[],"class_list":{"0":"post-17704","1":"product","2":"type-product","3":"status-publish","4":"has-post-thumbnail","6":"pwb-brand-shea-moisture","7":"product_cat-beaute-et-soins","8":"product_cat-coiffures-et-soins-des-cheveux","9":"product_cat-cremes-et-lotions-capillaires-coiffantes","10":"product_cat-produits-coiffants","12":"first","13":"instock","14":"shipping-taxable","15":"purchasable","16":"product-type-simple"},"yoast_head":"<!-- This site is optimized with the Yoast SEO plugin v27.4 - https:\/\/yoast.com\/product\/yoast-seo-wordpress\/ -->\n<title>Shea Moisture - Lait de coiffage \u00e0 la noix de coco et \u00e0 l&#039;hibiscus - 237 ml - NIRIGS<\/title>\n<meta name=\"robots\" content=\"index, follow, max-snippet:-1, max-image-preview:large, max-video-preview:-1\" \/>\n<link rel=\"canonical\" href=\"https:\/\/nirigs.com\/en\/product\/shea-moisture-lait-de-coiffage-a-la-noix-de-coco-et-a-lhibiscus-237-ml\/\" \/>\n<meta property=\"og:locale\" content=\"en_US\" \/>\n<meta property=\"og:type\" content=\"article\" \/>\n<meta property=\"og:title\" content=\"Shea Moisture - Lait de coiffage \u00e0 la noix de coco et \u00e0 l&#039;hibiscus - 237 ml - NIRIGS\" \/>\n<meta property=\"og:description\" content=\"Vous d\u00e9testez passer vos doigts dans vos cheveux et les trouver coinc\u00e9s dans des n\u0153uds et des enchev\u00eatrements ? Le\" \/>\n<meta property=\"og:url\" content=\"https:\/\/nirigs.com\/en\/product\/shea-moisture-lait-de-coiffage-a-la-noix-de-coco-et-a-lhibiscus-237-ml\/\" \/>\n<meta property=\"og:site_name\" content=\"NIRIGS\" \/>\n<meta property=\"article:modified_time\" content=\"2026-03-01T14:21:02+00:00\" \/>\n<meta property=\"og:image\" content=\"https:\/\/nirigs.com\/wp-content\/uploads\/2024\/03\/Shea-Moisture-Lait-de-coiffage-et-de-boucles-a-la-noix-de-coco-et-a-lhibiscus-\u2013-237-ml.jpg\" \/>\n\t<meta property=\"og:image:width\" content=\"1000\" \/>\n\t<meta property=\"og:image:height\" content=\"1000\" \/>\n\t<meta property=\"og:image:type\" content=\"image\/jpeg\" \/>\n<meta name=\"twitter:card\" content=\"summary_large_image\" \/>\n<meta name=\"twitter:label1\" content=\"Est. reading time\" \/>\n\t<meta name=\"twitter:data1\" content=\"2 minutes\" \/>\n<script type=\"application\/ld+json\" class=\"yoast-schema-graph\">{\"@context\":\"https:\\\/\\\/schema.org\",\"@graph\":[{\"@type\":\"WebPage\",\"@id\":\"https:\\\/\\\/nirigs.com\\\/product\\\/shea-moisture-lait-de-coiffage-a-la-noix-de-coco-et-a-lhibiscus-237-ml\\\/\",\"url\":\"https:\\\/\\\/nirigs.com\\\/product\\\/shea-moisture-lait-de-coiffage-a-la-noix-de-coco-et-a-lhibiscus-237-ml\\\/\",\"name\":\"Shea Moisture - Lait de coiffage \u00e0 la noix de coco et \u00e0 l'hibiscus - 237 ml - NIRIGS\",\"isPartOf\":{\"@id\":\"https:\\\/\\\/nirigs.com\\\/#website\"},\"primaryImageOfPage\":{\"@id\":\"https:\\\/\\\/nirigs.com\\\/product\\\/shea-moisture-lait-de-coiffage-a-la-noix-de-coco-et-a-lhibiscus-237-ml\\\/#primaryimage\"},\"image\":{\"@id\":\"https:\\\/\\\/nirigs.com\\\/product\\\/shea-moisture-lait-de-coiffage-a-la-noix-de-coco-et-a-lhibiscus-237-ml\\\/#primaryimage\"},\"thumbnailUrl\":\"https:\\\/\\\/nirigs.com\\\/wp-content\\\/uploads\\\/2024\\\/03\\\/Shea-Moisture-Lait-de-coiffage-et-de-boucles-a-la-noix-de-coco-et-a-lhibiscus-\u2013-237-ml.jpg\",\"datePublished\":\"2024-03-26T12:10:25+00:00\",\"dateModified\":\"2026-03-01T14:21:02+00:00\",\"breadcrumb\":{\"@id\":\"https:\\\/\\\/nirigs.com\\\/product\\\/shea-moisture-lait-de-coiffage-a-la-noix-de-coco-et-a-lhibiscus-237-ml\\\/#breadcrumb\"},\"inLanguage\":\"en-US\",\"potentialAction\":[{\"@type\":\"ReadAction\",\"target\":[\"https:\\\/\\\/nirigs.com\\\/product\\\/shea-moisture-lait-de-coiffage-a-la-noix-de-coco-et-a-lhibiscus-237-ml\\\/\"]}]},{\"@type\":\"ImageObject\",\"inLanguage\":\"en-US\",\"@id\":\"https:\\\/\\\/nirigs.com\\\/product\\\/shea-moisture-lait-de-coiffage-a-la-noix-de-coco-et-a-lhibiscus-237-ml\\\/#primaryimage\",\"url\":\"https:\\\/\\\/nirigs.com\\\/wp-content\\\/uploads\\\/2024\\\/03\\\/Shea-Moisture-Lait-de-coiffage-et-de-boucles-a-la-noix-de-coco-et-a-lhibiscus-\u2013-237-ml.jpg\",\"contentUrl\":\"https:\\\/\\\/nirigs.com\\\/wp-content\\\/uploads\\\/2024\\\/03\\\/Shea-Moisture-Lait-de-coiffage-et-de-boucles-a-la-noix-de-coco-et-a-lhibiscus-\u2013-237-ml.jpg\",\"width\":1000,\"height\":1000},{\"@type\":\"BreadcrumbList\",\"@id\":\"https:\\\/\\\/nirigs.com\\\/product\\\/shea-moisture-lait-de-coiffage-a-la-noix-de-coco-et-a-lhibiscus-237-ml\\\/#breadcrumb\",\"itemListElement\":[{\"@type\":\"ListItem\",\"position\":1,\"name\":\"Home\",\"item\":\"https:\\\/\\\/nirigs.com\\\/\"},{\"@type\":\"ListItem\",\"position\":2,\"name\":\"Parcourir\",\"item\":\"https:\\\/\\\/nirigs.com\\\/boutique\\\/\"},{\"@type\":\"ListItem\",\"position\":3,\"name\":\"Shea Moisture &#8211; Lait de coiffage \u00e0 la noix de coco et \u00e0 l&rsquo;hibiscus &#8211; 237 ml\"}]},{\"@type\":\"WebSite\",\"@id\":\"https:\\\/\\\/nirigs.com\\\/#website\",\"url\":\"https:\\\/\\\/nirigs.com\\\/\",\"name\":\"Nirigs.com\",\"description\":\"Simplifiez vos achats du quotidien \u00e0 Djibouti\",\"publisher\":{\"@id\":\"https:\\\/\\\/nirigs.com\\\/#organization\"},\"potentialAction\":[{\"@type\":\"SearchAction\",\"target\":{\"@type\":\"EntryPoint\",\"urlTemplate\":\"https:\\\/\\\/nirigs.com\\\/?s={search_term_string}\"},\"query-input\":{\"@type\":\"PropertyValueSpecification\",\"valueRequired\":true,\"valueName\":\"search_term_string\"}}],\"inLanguage\":\"en-US\"},{\"@type\":\"Organization\",\"@id\":\"https:\\\/\\\/nirigs.com\\\/#organization\",\"name\":\"Nirigs\",\"url\":\"https:\\\/\\\/nirigs.com\\\/\",\"logo\":{\"@type\":\"ImageObject\",\"inLanguage\":\"en-US\",\"@id\":\"https:\\\/\\\/nirigs.com\\\/#\\\/schema\\\/logo\\\/image\\\/\",\"url\":\"https:\\\/\\\/nirigs.com\\\/wp-content\\\/uploads\\\/2025\\\/04\\\/Design-sans-titre-27.png\",\"contentUrl\":\"https:\\\/\\\/nirigs.com\\\/wp-content\\\/uploads\\\/2025\\\/04\\\/Design-sans-titre-27.png\",\"width\":500,\"height\":500,\"caption\":\"Nirigs\"},\"image\":{\"@id\":\"https:\\\/\\\/nirigs.com\\\/#\\\/schema\\\/logo\\\/image\\\/\"}}]}<\/script>\n<!-- \/ Yoast SEO plugin. -->","yoast_head_json":{"title":"Shea Moisture - Lait de coiffage \u00e0 la noix de coco et \u00e0 l'hibiscus - 237 ml - NIRIGS","robots":{"index":"index","follow":"follow","max-snippet":"max-snippet:-1","max-image-preview":"max-image-preview:large","max-video-preview":"max-video-preview:-1"},"canonical":"https:\/\/nirigs.com\/en\/product\/shea-moisture-lait-de-coiffage-a-la-noix-de-coco-et-a-lhibiscus-237-ml\/","og_locale":"en_US","og_type":"article","og_title":"Shea Moisture - Lait de coiffage \u00e0 la noix de coco et \u00e0 l'hibiscus - 237 ml - NIRIGS","og_description":"Vous d\u00e9testez passer vos doigts dans vos cheveux et les trouver coinc\u00e9s dans des n\u0153uds et des enchev\u00eatrements ? Le","og_url":"https:\/\/nirigs.com\/en\/product\/shea-moisture-lait-de-coiffage-a-la-noix-de-coco-et-a-lhibiscus-237-ml\/","og_site_name":"NIRIGS","article_modified_time":"2026-03-01T14:21:02+00:00","og_image":[{"width":1000,"height":1000,"url":"https:\/\/nirigs.com\/wp-content\/uploads\/2024\/03\/Shea-Moisture-Lait-de-coiffage-et-de-boucles-a-la-noix-de-coco-et-a-lhibiscus-\u2013-237-ml.jpg","type":"image\/jpeg"}],"twitter_card":"summary_large_image","twitter_misc":{"Est. reading time":"2 minutes"},"schema":{"@context":"https:\/\/schema.org","@graph":[{"@type":"WebPage","@id":"https:\/\/nirigs.com\/product\/shea-moisture-lait-de-coiffage-a-la-noix-de-coco-et-a-lhibiscus-237-ml\/","url":"https:\/\/nirigs.com\/product\/shea-moisture-lait-de-coiffage-a-la-noix-de-coco-et-a-lhibiscus-237-ml\/","name":"Shea Moisture - Lait de coiffage \u00e0 la noix de coco et \u00e0 l'hibiscus - 237 ml - NIRIGS","isPartOf":{"@id":"https:\/\/nirigs.com\/#website"},"primaryImageOfPage":{"@id":"https:\/\/nirigs.com\/product\/shea-moisture-lait-de-coiffage-a-la-noix-de-coco-et-a-lhibiscus-237-ml\/#primaryimage"},"image":{"@id":"https:\/\/nirigs.com\/product\/shea-moisture-lait-de-coiffage-a-la-noix-de-coco-et-a-lhibiscus-237-ml\/#primaryimage"},"thumbnailUrl":"https:\/\/nirigs.com\/wp-content\/uploads\/2024\/03\/Shea-Moisture-Lait-de-coiffage-et-de-boucles-a-la-noix-de-coco-et-a-lhibiscus-\u2013-237-ml.jpg","datePublished":"2024-03-26T12:10:25+00:00","dateModified":"2026-03-01T14:21:02+00:00","breadcrumb":{"@id":"https:\/\/nirigs.com\/product\/shea-moisture-lait-de-coiffage-a-la-noix-de-coco-et-a-lhibiscus-237-ml\/#breadcrumb"},"inLanguage":"en-US","potentialAction":[{"@type":"ReadAction","target":["https:\/\/nirigs.com\/product\/shea-moisture-lait-de-coiffage-a-la-noix-de-coco-et-a-lhibiscus-237-ml\/"]}]},{"@type":"ImageObject","inLanguage":"en-US","@id":"https:\/\/nirigs.com\/product\/shea-moisture-lait-de-coiffage-a-la-noix-de-coco-et-a-lhibiscus-237-ml\/#primaryimage","url":"https:\/\/nirigs.com\/wp-content\/uploads\/2024\/03\/Shea-Moisture-Lait-de-coiffage-et-de-boucles-a-la-noix-de-coco-et-a-lhibiscus-\u2013-237-ml.jpg","contentUrl":"https:\/\/nirigs.com\/wp-content\/uploads\/2024\/03\/Shea-Moisture-Lait-de-coiffage-et-de-boucles-a-la-noix-de-coco-et-a-lhibiscus-\u2013-237-ml.jpg","width":1000,"height":1000},{"@type":"BreadcrumbList","@id":"https:\/\/nirigs.com\/product\/shea-moisture-lait-de-coiffage-a-la-noix-de-coco-et-a-lhibiscus-237-ml\/#breadcrumb","itemListElement":[{"@type":"ListItem","position":1,"name":"Home","item":"https:\/\/nirigs.com\/"},{"@type":"ListItem","position":2,"name":"Parcourir","item":"https:\/\/nirigs.com\/boutique\/"},{"@type":"ListItem","position":3,"name":"Shea Moisture &#8211; Lait de coiffage \u00e0 la noix de coco et \u00e0 l&rsquo;hibiscus &#8211; 237 ml"}]},{"@type":"WebSite","@id":"https:\/\/nirigs.com\/#website","url":"https:\/\/nirigs.com\/","name":"Nirigs.com","description":"Simplifiez vos achats du quotidien \u00e0 Djibouti","publisher":{"@id":"https:\/\/nirigs.com\/#organization"},"potentialAction":[{"@type":"SearchAction","target":{"@type":"EntryPoint","urlTemplate":"https:\/\/nirigs.com\/?s={search_term_string}"},"query-input":{"@type":"PropertyValueSpecification","valueRequired":true,"valueName":"search_term_string"}}],"inLanguage":"en-US"},{"@type":"Organization","@id":"https:\/\/nirigs.com\/#organization","name":"Nirigs","url":"https:\/\/nirigs.com\/","logo":{"@type":"ImageObject","inLanguage":"en-US","@id":"https:\/\/nirigs.com\/#\/schema\/logo\/image\/","url":"https:\/\/nirigs.com\/wp-content\/uploads\/2025\/04\/Design-sans-titre-27.png","contentUrl":"https:\/\/nirigs.com\/wp-content\/uploads\/2025\/04\/Design-sans-titre-27.png","width":500,"height":500,"caption":"Nirigs"},"image":{"@id":"https:\/\/nirigs.com\/#\/schema\/logo\/image\/"}}]}},"brands":[{"id":775,"name":"Shea Moisture","slug":"shea-moisture"}],"_links":{"self":[{"href":"https:\/\/nirigs.com\/en\/wp-json\/wp\/v2\/product\/17704","targetHints":{"allow":["GET"]}}],"collection":[{"href":"https:\/\/nirigs.com\/en\/wp-json\/wp\/v2\/product"}],"about":[{"href":"https:\/\/nirigs.com\/en\/wp-json\/wp\/v2\/types\/product"}],"replies":[{"embeddable":true,"href":"https:\/\/nirigs.com\/en\/wp-json\/wp\/v2\/comments?post=17704"}],"version-history":[{"count":8,"href":"https:\/\/nirigs.com\/en\/wp-json\/wp\/v2\/product\/17704\/revisions"}],"predecessor-version":[{"id":21012,"href":"https:\/\/nirigs.com\/en\/wp-json\/wp\/v2\/product\/17704\/revisions\/21012"}],"wp:featuredmedia":[{"embeddable":true,"href":"https:\/\/nirigs.com\/en\/wp-json\/wp\/v2\/media\/23810"}],"wp:attachment":[{"href":"https:\/\/nirigs.com\/en\/wp-json\/wp\/v2\/media?parent=17704"}],"wp:term":[{"taxonomy":"pwb-brand","embeddable":true,"href":"https:\/\/nirigs.com\/en\/wp-json\/wp\/v2\/pwb-brand?post=17704"},{"taxonomy":"product_brand","embeddable":true,"href":"https:\/\/nirigs.com\/en\/wp-json\/wp\/v2\/product_brand?post=17704"},{"taxonomy":"product_cat","embeddable":true,"href":"https:\/\/nirigs.com\/en\/wp-json\/wp\/v2\/product_cat?post=17704"},{"taxonomy":"product_tag","embeddable":true,"href":"https:\/\/nirigs.com\/en\/wp-json\/wp\/v2\/product_tag?post=17704"}],"curies":[{"name":"wp","href":"https:\/\/api.w.org\/{rel}","templated":true}]}}