{"id":17697,"date":"2024-03-26T14:36:58","date_gmt":"2024-03-26T11:36:58","guid":{"rendered":"https:\/\/nirigs.com\/product\/shea-moisture-jamaican-black-castor-oil-strengthen-restore-conditioner-384-ml\/"},"modified":"2025-03-14T18:03:54","modified_gmt":"2025-03-14T15:03:54","slug":"shea-moisture-jamaican-black-castor-oil-strengthen-restore-conditioner-384-ml","status":"publish","type":"product","link":"https:\/\/nirigs.com\/en\/product\/shea-moisture-jamaican-black-castor-oil-strengthen-restore-conditioner-384-ml\/","title":{"rendered":"Shea Moisture - Strengthening and Restoring Conditioner with Jamaican Black Castor Oil - 384 ml"},"content":{"rendered":"<p>L&rsquo;huile de ricin noire jama\u00efcaine de Shea Moisture est un traitement conditionneur r\u00e9parateur \u00e0 rincer qui adoucit et d\u00e9m\u00eale les cheveux tout en contr\u00f4lant les frisottis.<\/p>\n<p>L&rsquo;apr\u00e8s-shampoing \u00e0 rincer est parfait pour ceux qui lissent r\u00e9guli\u00e8rement leurs cheveux, les soumettent \u00e0 des permanentes ou les coiffent \u00e0 la chaleur, ainsi que pour les cheveux naturels fris\u00e9s, boucl\u00e9s ou ondul\u00e9s. Il convient \u00e9galement aux cheveux naturels et aux cheveux color\u00e9s.<\/p>\n<p>Cet apr\u00e8s-shampoing nettoyant est formul\u00e9 avec de l&rsquo;huile de ricin noire de Jama\u00efque et du beurre de karit\u00e9 pour une hydratation profonde et nourrissante.<br \/>\nL&rsquo;apr\u00e8s-shampooing fournit une couche protectrice qui am\u00e9liore l&rsquo;apparence des pointes fourchues. La menthe poivr\u00e9e stimule le cuir chevelu pour une exp\u00e9rience revigorante.<\/p>\n<p>Tous les produits capillaires Shea Moisture, y compris cet apr\u00e8s-shampoing, sont produits de mani\u00e8re durable et sans cruaut\u00e9.<br \/>\nCet apr\u00e8s-shampoing nettoyant est formul\u00e9 sans silicone, sans sulfates, sans parab\u00e8nes, sans huile min\u00e9rale ou p\u00e9trolatum et sans phtalates.<\/p>\n<p><strong>Use<\/strong><\/p>\n<p>Apr\u00e8s le shampooing \u00e0 l&rsquo;huile de ricin noire jama\u00efcaine Strengthen &amp; Restore, appliquer g\u00e9n\u00e9reusement et peigner pour une r\u00e9partition uniforme. Laisser agir pendant 3 minutes. Rincer. Coiffez comme vous le souhaitez.<\/p>\n<p><strong>Ingredients<\/strong><\/p>\n<p>Eau, beurre de Butyrospermum Parkii (karit\u00e9) (ingr\u00e9dient certifi\u00e9 biologique) (ingr\u00e9dient \u00e9quitable), huile de Cocos Nucifera (noix de coco), alcool st\u00e9arylique, alcool c\u00e9tylique, parfum (m\u00e9lange d&rsquo;huiles essentielles), chlorure de b\u00e9hentrimonium, hydroxy\u00e9thylcellulose, panth\u00e9nol, extrait de feuilles de Mentha Piperita (menthe poivr\u00e9e), glyc\u00e9rine (v\u00e9g\u00e9tale), huile de graines de Simmondsia Chinensis (jojoba), Macadamia Ternifolia Seed Oil, Ricinus Communis (Castor) Seed Oil, Hydrolyzed Keratin, Mauritia Flexuosa Fruit Oil, Yeast Extract, Tocopherol, Aloe Barbadensis Leaf Juice, Hydrolyzed Vegetable Protein PG-Propyl Silanetriol, Trifolium Pratense (Clover) Flower Extract, Hydrolyzed Rice Protein, Vinegar, Niacin, Caprylhydroxamic Acid, Caprylyl Glycol, Caramel.<\/p>","protected":false},"excerpt":{"rendered":"<p>L&rsquo;huile de ricin noire jama\u00efcaine de Shea Moisture est un traitement conditionneur r\u00e9parateur \u00e0 rincer qui adoucit et d\u00e9m\u00eale les<\/p>","protected":false},"featured_media":18588,"comment_status":"open","ping_status":"closed","template":"","meta":[],"pwb-brand":[775],"product_brand":[],"product_cat":[1025,267,1022,1024],"product_tag":[],"class_list":{"0":"post-17697","1":"product","2":"type-product","3":"status-publish","4":"has-post-thumbnail","6":"pwb-brand-shea-moisture","7":"product_cat-apres-shampooings","8":"product_cat-beaute-et-soins","9":"product_cat-coiffures-et-soins-des-cheveux","10":"product_cat-soins-des-cheveux","12":"first","13":"instock","14":"shipping-taxable","15":"purchasable","16":"product-type-simple"},"yoast_head":"<!-- This site is optimized with the Yoast SEO plugin v27.1.1 - https:\/\/yoast.com\/product\/yoast-seo-wordpress\/ -->\n<title>Shea Moisture - Apr\u00e8s shampoing fortifiant et restaurateur \u00e0 l&#039;huile de ricin noire jama\u00efcaine - 384 ml - NIRIGS<\/title>\n<meta name=\"robots\" content=\"index, follow, max-snippet:-1, max-image-preview:large, max-video-preview:-1\" \/>\n<link rel=\"canonical\" href=\"https:\/\/nirigs.com\/en\/product\/shea-moisture-jamaican-black-castor-oil-strengthen-restore-conditioner-384-ml\/\" \/>\n<meta property=\"og:locale\" content=\"en_US\" \/>\n<meta property=\"og:type\" content=\"article\" \/>\n<meta property=\"og:title\" content=\"Shea Moisture - Apr\u00e8s shampoing fortifiant et restaurateur \u00e0 l&#039;huile de ricin noire jama\u00efcaine - 384 ml - NIRIGS\" \/>\n<meta property=\"og:description\" content=\"L&rsquo;huile de ricin noire jama\u00efcaine de Shea Moisture est un traitement conditionneur r\u00e9parateur \u00e0 rincer qui adoucit et d\u00e9m\u00eale les\" \/>\n<meta property=\"og:url\" content=\"https:\/\/nirigs.com\/en\/product\/shea-moisture-jamaican-black-castor-oil-strengthen-restore-conditioner-384-ml\/\" \/>\n<meta property=\"og:site_name\" content=\"NIRIGS\" \/>\n<meta property=\"article:modified_time\" content=\"2025-03-14T15:03:54+00:00\" \/>\n<meta property=\"og:image\" content=\"https:\/\/nirigs.com\/wp-content\/uploads\/2024\/07\/Shea-Moisture-Apres-shampoing-fortifiant-et-restaurateur-a-lhuile-de-ricin-noire-jamaicaine-384-ml-10.jpg\" \/>\n\t<meta property=\"og:image:width\" content=\"1000\" \/>\n\t<meta property=\"og:image:height\" content=\"1000\" \/>\n\t<meta property=\"og:image:type\" content=\"image\/jpeg\" \/>\n<meta name=\"twitter:card\" content=\"summary_large_image\" \/>\n<meta name=\"twitter:label1\" content=\"Est. reading time\" \/>\n\t<meta name=\"twitter:data1\" content=\"2 minutes\" \/>\n<script type=\"application\/ld+json\" class=\"yoast-schema-graph\">{\"@context\":\"https:\/\/schema.org\",\"@graph\":[{\"@type\":\"WebPage\",\"@id\":\"https:\/\/nirigs.com\/product\/shea-moisture-jamaican-black-castor-oil-strengthen-restore-conditioner-384-ml\/\",\"url\":\"https:\/\/nirigs.com\/product\/shea-moisture-jamaican-black-castor-oil-strengthen-restore-conditioner-384-ml\/\",\"name\":\"Shea Moisture - Apr\u00e8s shampoing fortifiant et restaurateur \u00e0 l'huile de ricin noire jama\u00efcaine - 384 ml - NIRIGS\",\"isPartOf\":{\"@id\":\"https:\/\/nirigs.com\/#website\"},\"primaryImageOfPage\":{\"@id\":\"https:\/\/nirigs.com\/product\/shea-moisture-jamaican-black-castor-oil-strengthen-restore-conditioner-384-ml\/#primaryimage\"},\"image\":{\"@id\":\"https:\/\/nirigs.com\/product\/shea-moisture-jamaican-black-castor-oil-strengthen-restore-conditioner-384-ml\/#primaryimage\"},\"thumbnailUrl\":\"https:\/\/nirigs.com\/wp-content\/uploads\/2024\/07\/Shea-Moisture-Apres-shampoing-fortifiant-et-restaurateur-a-lhuile-de-ricin-noire-jamaicaine-384-ml-10.jpg\",\"datePublished\":\"2024-03-26T11:36:58+00:00\",\"dateModified\":\"2025-03-14T15:03:54+00:00\",\"breadcrumb\":{\"@id\":\"https:\/\/nirigs.com\/product\/shea-moisture-jamaican-black-castor-oil-strengthen-restore-conditioner-384-ml\/#breadcrumb\"},\"inLanguage\":\"en-US\",\"potentialAction\":[{\"@type\":\"ReadAction\",\"target\":[\"https:\/\/nirigs.com\/product\/shea-moisture-jamaican-black-castor-oil-strengthen-restore-conditioner-384-ml\/\"]}]},{\"@type\":\"ImageObject\",\"inLanguage\":\"en-US\",\"@id\":\"https:\/\/nirigs.com\/product\/shea-moisture-jamaican-black-castor-oil-strengthen-restore-conditioner-384-ml\/#primaryimage\",\"url\":\"https:\/\/nirigs.com\/wp-content\/uploads\/2024\/07\/Shea-Moisture-Apres-shampoing-fortifiant-et-restaurateur-a-lhuile-de-ricin-noire-jamaicaine-384-ml-10.jpg\",\"contentUrl\":\"https:\/\/nirigs.com\/wp-content\/uploads\/2024\/07\/Shea-Moisture-Apres-shampoing-fortifiant-et-restaurateur-a-lhuile-de-ricin-noire-jamaicaine-384-ml-10.jpg\",\"width\":1000,\"height\":1000},{\"@type\":\"BreadcrumbList\",\"@id\":\"https:\/\/nirigs.com\/product\/shea-moisture-jamaican-black-castor-oil-strengthen-restore-conditioner-384-ml\/#breadcrumb\",\"itemListElement\":[{\"@type\":\"ListItem\",\"position\":1,\"name\":\"Home\",\"item\":\"https:\/\/nirigs.com\/\"},{\"@type\":\"ListItem\",\"position\":2,\"name\":\"Parcourir\",\"item\":\"https:\/\/nirigs.com\/boutique\/\"},{\"@type\":\"ListItem\",\"position\":3,\"name\":\"Shea Moisture &#8211; Apr\u00e8s shampoing fortifiant et restaurateur \u00e0 l&rsquo;huile de ricin noire jama\u00efcaine &#8211; 384 ml\"}]},{\"@type\":\"WebSite\",\"@id\":\"https:\/\/nirigs.com\/#website\",\"url\":\"https:\/\/nirigs.com\/\",\"name\":\"Nirigs.com\",\"description\":\"Simplifiez vos achats du quotidien \u00e0 Djibouti\",\"publisher\":{\"@id\":\"https:\/\/nirigs.com\/#organization\"},\"potentialAction\":[{\"@type\":\"SearchAction\",\"target\":{\"@type\":\"EntryPoint\",\"urlTemplate\":\"https:\/\/nirigs.com\/?s={search_term_string}\"},\"query-input\":{\"@type\":\"PropertyValueSpecification\",\"valueRequired\":true,\"valueName\":\"search_term_string\"}}],\"inLanguage\":\"en-US\"},{\"@type\":\"Organization\",\"@id\":\"https:\/\/nirigs.com\/#organization\",\"name\":\"Nirigs\",\"url\":\"https:\/\/nirigs.com\/\",\"logo\":{\"@type\":\"ImageObject\",\"inLanguage\":\"en-US\",\"@id\":\"https:\/\/nirigs.com\/#\/schema\/logo\/image\/\",\"url\":\"https:\/\/nirigs.com\/wp-content\/uploads\/2025\/04\/Design-sans-titre-27.png\",\"contentUrl\":\"https:\/\/nirigs.com\/wp-content\/uploads\/2025\/04\/Design-sans-titre-27.png\",\"width\":500,\"height\":500,\"caption\":\"Nirigs\"},\"image\":{\"@id\":\"https:\/\/nirigs.com\/#\/schema\/logo\/image\/\"}}]}<\/script>\n<!-- \/ Yoast SEO plugin. -->","yoast_head_json":{"title":"Shea Moisture - Apr\u00e8s shampoing fortifiant et restaurateur \u00e0 l'huile de ricin noire jama\u00efcaine - 384 ml - NIRIGS","robots":{"index":"index","follow":"follow","max-snippet":"max-snippet:-1","max-image-preview":"max-image-preview:large","max-video-preview":"max-video-preview:-1"},"canonical":"https:\/\/nirigs.com\/en\/product\/shea-moisture-jamaican-black-castor-oil-strengthen-restore-conditioner-384-ml\/","og_locale":"en_US","og_type":"article","og_title":"Shea Moisture - Apr\u00e8s shampoing fortifiant et restaurateur \u00e0 l'huile de ricin noire jama\u00efcaine - 384 ml - NIRIGS","og_description":"L&rsquo;huile de ricin noire jama\u00efcaine de Shea Moisture est un traitement conditionneur r\u00e9parateur \u00e0 rincer qui adoucit et d\u00e9m\u00eale les","og_url":"https:\/\/nirigs.com\/en\/product\/shea-moisture-jamaican-black-castor-oil-strengthen-restore-conditioner-384-ml\/","og_site_name":"NIRIGS","article_modified_time":"2025-03-14T15:03:54+00:00","og_image":[{"width":1000,"height":1000,"url":"https:\/\/nirigs.com\/wp-content\/uploads\/2024\/07\/Shea-Moisture-Apres-shampoing-fortifiant-et-restaurateur-a-lhuile-de-ricin-noire-jamaicaine-384-ml-10.jpg","type":"image\/jpeg"}],"twitter_card":"summary_large_image","twitter_misc":{"Est. reading time":"2 minutes"},"schema":{"@context":"https:\/\/schema.org","@graph":[{"@type":"WebPage","@id":"https:\/\/nirigs.com\/product\/shea-moisture-jamaican-black-castor-oil-strengthen-restore-conditioner-384-ml\/","url":"https:\/\/nirigs.com\/product\/shea-moisture-jamaican-black-castor-oil-strengthen-restore-conditioner-384-ml\/","name":"Shea Moisture - Apr\u00e8s shampoing fortifiant et restaurateur \u00e0 l'huile de ricin noire jama\u00efcaine - 384 ml - NIRIGS","isPartOf":{"@id":"https:\/\/nirigs.com\/#website"},"primaryImageOfPage":{"@id":"https:\/\/nirigs.com\/product\/shea-moisture-jamaican-black-castor-oil-strengthen-restore-conditioner-384-ml\/#primaryimage"},"image":{"@id":"https:\/\/nirigs.com\/product\/shea-moisture-jamaican-black-castor-oil-strengthen-restore-conditioner-384-ml\/#primaryimage"},"thumbnailUrl":"https:\/\/nirigs.com\/wp-content\/uploads\/2024\/07\/Shea-Moisture-Apres-shampoing-fortifiant-et-restaurateur-a-lhuile-de-ricin-noire-jamaicaine-384-ml-10.jpg","datePublished":"2024-03-26T11:36:58+00:00","dateModified":"2025-03-14T15:03:54+00:00","breadcrumb":{"@id":"https:\/\/nirigs.com\/product\/shea-moisture-jamaican-black-castor-oil-strengthen-restore-conditioner-384-ml\/#breadcrumb"},"inLanguage":"en-US","potentialAction":[{"@type":"ReadAction","target":["https:\/\/nirigs.com\/product\/shea-moisture-jamaican-black-castor-oil-strengthen-restore-conditioner-384-ml\/"]}]},{"@type":"ImageObject","inLanguage":"en-US","@id":"https:\/\/nirigs.com\/product\/shea-moisture-jamaican-black-castor-oil-strengthen-restore-conditioner-384-ml\/#primaryimage","url":"https:\/\/nirigs.com\/wp-content\/uploads\/2024\/07\/Shea-Moisture-Apres-shampoing-fortifiant-et-restaurateur-a-lhuile-de-ricin-noire-jamaicaine-384-ml-10.jpg","contentUrl":"https:\/\/nirigs.com\/wp-content\/uploads\/2024\/07\/Shea-Moisture-Apres-shampoing-fortifiant-et-restaurateur-a-lhuile-de-ricin-noire-jamaicaine-384-ml-10.jpg","width":1000,"height":1000},{"@type":"BreadcrumbList","@id":"https:\/\/nirigs.com\/product\/shea-moisture-jamaican-black-castor-oil-strengthen-restore-conditioner-384-ml\/#breadcrumb","itemListElement":[{"@type":"ListItem","position":1,"name":"Home","item":"https:\/\/nirigs.com\/"},{"@type":"ListItem","position":2,"name":"Parcourir","item":"https:\/\/nirigs.com\/boutique\/"},{"@type":"ListItem","position":3,"name":"Shea Moisture &#8211; Apr\u00e8s shampoing fortifiant et restaurateur \u00e0 l&rsquo;huile de ricin noire jama\u00efcaine &#8211; 384 ml"}]},{"@type":"WebSite","@id":"https:\/\/nirigs.com\/#website","url":"https:\/\/nirigs.com\/","name":"Nirigs.com","description":"Simplifiez vos achats du quotidien \u00e0 Djibouti","publisher":{"@id":"https:\/\/nirigs.com\/#organization"},"potentialAction":[{"@type":"SearchAction","target":{"@type":"EntryPoint","urlTemplate":"https:\/\/nirigs.com\/?s={search_term_string}"},"query-input":{"@type":"PropertyValueSpecification","valueRequired":true,"valueName":"search_term_string"}}],"inLanguage":"en-US"},{"@type":"Organization","@id":"https:\/\/nirigs.com\/#organization","name":"Nirigs","url":"https:\/\/nirigs.com\/","logo":{"@type":"ImageObject","inLanguage":"en-US","@id":"https:\/\/nirigs.com\/#\/schema\/logo\/image\/","url":"https:\/\/nirigs.com\/wp-content\/uploads\/2025\/04\/Design-sans-titre-27.png","contentUrl":"https:\/\/nirigs.com\/wp-content\/uploads\/2025\/04\/Design-sans-titre-27.png","width":500,"height":500,"caption":"Nirigs"},"image":{"@id":"https:\/\/nirigs.com\/#\/schema\/logo\/image\/"}}]}},"brands":[{"id":775,"name":"Shea Moisture","slug":"shea-moisture"}],"_links":{"self":[{"href":"https:\/\/nirigs.com\/en\/wp-json\/wp\/v2\/product\/17697","targetHints":{"allow":["GET"]}}],"collection":[{"href":"https:\/\/nirigs.com\/en\/wp-json\/wp\/v2\/product"}],"about":[{"href":"https:\/\/nirigs.com\/en\/wp-json\/wp\/v2\/types\/product"}],"replies":[{"embeddable":true,"href":"https:\/\/nirigs.com\/en\/wp-json\/wp\/v2\/comments?post=17697"}],"version-history":[{"count":4,"href":"https:\/\/nirigs.com\/en\/wp-json\/wp\/v2\/product\/17697\/revisions"}],"predecessor-version":[{"id":18627,"href":"https:\/\/nirigs.com\/en\/wp-json\/wp\/v2\/product\/17697\/revisions\/18627"}],"wp:featuredmedia":[{"embeddable":true,"href":"https:\/\/nirigs.com\/en\/wp-json\/wp\/v2\/media\/18588"}],"wp:attachment":[{"href":"https:\/\/nirigs.com\/en\/wp-json\/wp\/v2\/media?parent=17697"}],"wp:term":[{"taxonomy":"pwb-brand","embeddable":true,"href":"https:\/\/nirigs.com\/en\/wp-json\/wp\/v2\/pwb-brand?post=17697"},{"taxonomy":"product_brand","embeddable":true,"href":"https:\/\/nirigs.com\/en\/wp-json\/wp\/v2\/product_brand?post=17697"},{"taxonomy":"product_cat","embeddable":true,"href":"https:\/\/nirigs.com\/en\/wp-json\/wp\/v2\/product_cat?post=17697"},{"taxonomy":"product_tag","embeddable":true,"href":"https:\/\/nirigs.com\/en\/wp-json\/wp\/v2\/product_tag?post=17697"}],"curies":[{"name":"wp","href":"https:\/\/api.w.org\/{rel}","templated":true}]}}