{"id":17655,"date":"2024-03-05T18:20:50","date_gmt":"2024-03-05T15:20:50","guid":{"rendered":"https:\/\/nirigs.com\/product\/keracare-curlessence-moisturizing-leave-in-conditioner-with-jamaican-black-castor-oil-coconut-oil-340-g\/"},"modified":"2025-03-14T18:08:28","modified_gmt":"2025-03-14T15:08:28","slug":"keracare-curlessence-moisturizing-leave-in-conditioner-with-jamaican-black-castor-oil-coconut-oil-340-g","status":"publish","type":"product","link":"https:\/\/nirigs.com\/en\/product\/keracare-curlessence-moisturizing-leave-in-conditioner-with-jamaican-black-castor-oil-coconut-oil-340-g\/","title":{"rendered":"Keracare &#8211; Apr\u00e8s-shampoing sans rin\u00e7age \u00e0 l&rsquo;huile de ricin noire de Jama\u00efque et huile de coco &#8211; 340 g"},"content":{"rendered":"<p>Jamaican Black Castor Oil and Coconut Oil provide incredible hydration, leaving your hair soft, manageable and healthy. Use after cleansing (and before styling wet hair) to help seal cuticles and add shine to dry, frizzy hair while preparing it for styling. Makes it easier to detangle hair, thus shortening the washing and styling day.<\/p>\n<p>Benefits<\/p>\n<p>Makes combing and detangling easier.<\/p>\n<p>Helps reduce frizz.<\/p>\n<p>Moisturizes dry hair.<\/p>","protected":false},"excerpt":{"rendered":"<p>L&rsquo;huile de ricin noire jama\u00efcaine et l&rsquo;huile de noix de coco procurent une hydratation incroyable, laissant vos cheveux doux, faciles<\/p>","protected":false},"featured_media":23863,"comment_status":"open","ping_status":"closed","template":"","meta":[],"pwb-brand":[792],"product_brand":[],"product_cat":[1025,267,1022,1024],"product_tag":[],"class_list":{"0":"post-17655","1":"product","2":"type-product","3":"status-publish","4":"has-post-thumbnail","6":"pwb-brand-keracare","7":"product_cat-apres-shampooings","8":"product_cat-beaute-et-soins","9":"product_cat-coiffures-et-soins-des-cheveux","10":"product_cat-soins-des-cheveux","12":"first","13":"outofstock","14":"shipping-taxable","15":"purchasable","16":"product-type-simple"},"yoast_head":"<!-- This site is optimized with the Yoast SEO plugin v27.4 - https:\/\/yoast.com\/product\/yoast-seo-wordpress\/ -->\n<title>Keracare - Apr\u00e8s-shampoing sans rin\u00e7age \u00e0 l&#039;huile de ricin noire de Jama\u00efque et huile de coco - 340 g - NIRIGS<\/title>\n<meta name=\"robots\" content=\"index, follow, max-snippet:-1, max-image-preview:large, max-video-preview:-1\" \/>\n<link rel=\"canonical\" href=\"https:\/\/nirigs.com\/en\/product\/keracare-curlessence-moisturizing-leave-in-conditioner-with-jamaican-black-castor-oil-coconut-oil-340-g\/\" \/>\n<meta property=\"og:locale\" content=\"en_US\" \/>\n<meta property=\"og:type\" content=\"article\" \/>\n<meta property=\"og:title\" content=\"Keracare - Apr\u00e8s-shampoing sans rin\u00e7age \u00e0 l&#039;huile de ricin noire de Jama\u00efque et huile de coco - 340 g - NIRIGS\" \/>\n<meta property=\"og:description\" content=\"L&rsquo;huile de ricin noire jama\u00efcaine et l&rsquo;huile de noix de coco procurent une hydratation incroyable, laissant vos cheveux doux, faciles\" \/>\n<meta property=\"og:url\" content=\"https:\/\/nirigs.com\/en\/product\/keracare-curlessence-moisturizing-leave-in-conditioner-with-jamaican-black-castor-oil-coconut-oil-340-g\/\" \/>\n<meta property=\"og:site_name\" content=\"NIRIGS\" \/>\n<meta property=\"article:modified_time\" content=\"2025-03-14T15:08:28+00:00\" \/>\n<meta property=\"og:image\" content=\"https:\/\/nirigs.com\/wp-content\/uploads\/2024\/03\/Keracare-\u2013-Apres-shampoing-sans-rincage-a-lhuile-de-ricin-noire-de-Jamaique-et-huile-de-coco-\u2013-340-g.jpg\" \/>\n\t<meta property=\"og:image:width\" content=\"1000\" \/>\n\t<meta property=\"og:image:height\" content=\"1000\" \/>\n\t<meta property=\"og:image:type\" content=\"image\/jpeg\" \/>\n<meta name=\"twitter:card\" content=\"summary_large_image\" \/>\n<script type=\"application\/ld+json\" class=\"yoast-schema-graph\">{\"@context\":\"https:\\\/\\\/schema.org\",\"@graph\":[{\"@type\":\"WebPage\",\"@id\":\"https:\\\/\\\/nirigs.com\\\/product\\\/keracare-curlessence-moisturizing-leave-in-conditioner-with-jamaican-black-castor-oil-coconut-oil-340-g\\\/\",\"url\":\"https:\\\/\\\/nirigs.com\\\/product\\\/keracare-curlessence-moisturizing-leave-in-conditioner-with-jamaican-black-castor-oil-coconut-oil-340-g\\\/\",\"name\":\"Keracare - Apr\u00e8s-shampoing sans rin\u00e7age \u00e0 l'huile de ricin noire de Jama\u00efque et huile de coco - 340 g - NIRIGS\",\"isPartOf\":{\"@id\":\"https:\\\/\\\/nirigs.com\\\/#website\"},\"primaryImageOfPage\":{\"@id\":\"https:\\\/\\\/nirigs.com\\\/product\\\/keracare-curlessence-moisturizing-leave-in-conditioner-with-jamaican-black-castor-oil-coconut-oil-340-g\\\/#primaryimage\"},\"image\":{\"@id\":\"https:\\\/\\\/nirigs.com\\\/product\\\/keracare-curlessence-moisturizing-leave-in-conditioner-with-jamaican-black-castor-oil-coconut-oil-340-g\\\/#primaryimage\"},\"thumbnailUrl\":\"https:\\\/\\\/nirigs.com\\\/wp-content\\\/uploads\\\/2024\\\/03\\\/Keracare-\u2013-Apres-shampoing-sans-rincage-a-lhuile-de-ricin-noire-de-Jamaique-et-huile-de-coco-\u2013-340-g.jpg\",\"datePublished\":\"2024-03-05T15:20:50+00:00\",\"dateModified\":\"2025-03-14T15:08:28+00:00\",\"breadcrumb\":{\"@id\":\"https:\\\/\\\/nirigs.com\\\/product\\\/keracare-curlessence-moisturizing-leave-in-conditioner-with-jamaican-black-castor-oil-coconut-oil-340-g\\\/#breadcrumb\"},\"inLanguage\":\"en-US\",\"potentialAction\":[{\"@type\":\"ReadAction\",\"target\":[\"https:\\\/\\\/nirigs.com\\\/product\\\/keracare-curlessence-moisturizing-leave-in-conditioner-with-jamaican-black-castor-oil-coconut-oil-340-g\\\/\"]}]},{\"@type\":\"ImageObject\",\"inLanguage\":\"en-US\",\"@id\":\"https:\\\/\\\/nirigs.com\\\/product\\\/keracare-curlessence-moisturizing-leave-in-conditioner-with-jamaican-black-castor-oil-coconut-oil-340-g\\\/#primaryimage\",\"url\":\"https:\\\/\\\/nirigs.com\\\/wp-content\\\/uploads\\\/2024\\\/03\\\/Keracare-\u2013-Apres-shampoing-sans-rincage-a-lhuile-de-ricin-noire-de-Jamaique-et-huile-de-coco-\u2013-340-g.jpg\",\"contentUrl\":\"https:\\\/\\\/nirigs.com\\\/wp-content\\\/uploads\\\/2024\\\/03\\\/Keracare-\u2013-Apres-shampoing-sans-rincage-a-lhuile-de-ricin-noire-de-Jamaique-et-huile-de-coco-\u2013-340-g.jpg\",\"width\":1000,\"height\":1000},{\"@type\":\"BreadcrumbList\",\"@id\":\"https:\\\/\\\/nirigs.com\\\/product\\\/keracare-curlessence-moisturizing-leave-in-conditioner-with-jamaican-black-castor-oil-coconut-oil-340-g\\\/#breadcrumb\",\"itemListElement\":[{\"@type\":\"ListItem\",\"position\":1,\"name\":\"Home\",\"item\":\"https:\\\/\\\/nirigs.com\\\/\"},{\"@type\":\"ListItem\",\"position\":2,\"name\":\"Parcourir\",\"item\":\"https:\\\/\\\/nirigs.com\\\/boutique\\\/\"},{\"@type\":\"ListItem\",\"position\":3,\"name\":\"Keracare &#8211; Apr\u00e8s-shampoing sans rin\u00e7age \u00e0 l&rsquo;huile de ricin noire de Jama\u00efque et huile de coco &#8211; 340 g\"}]},{\"@type\":\"WebSite\",\"@id\":\"https:\\\/\\\/nirigs.com\\\/#website\",\"url\":\"https:\\\/\\\/nirigs.com\\\/\",\"name\":\"Nirigs.com\",\"description\":\"Simplifiez vos achats du quotidien \u00e0 Djibouti\",\"publisher\":{\"@id\":\"https:\\\/\\\/nirigs.com\\\/#organization\"},\"potentialAction\":[{\"@type\":\"SearchAction\",\"target\":{\"@type\":\"EntryPoint\",\"urlTemplate\":\"https:\\\/\\\/nirigs.com\\\/?s={search_term_string}\"},\"query-input\":{\"@type\":\"PropertyValueSpecification\",\"valueRequired\":true,\"valueName\":\"search_term_string\"}}],\"inLanguage\":\"en-US\"},{\"@type\":\"Organization\",\"@id\":\"https:\\\/\\\/nirigs.com\\\/#organization\",\"name\":\"Nirigs\",\"url\":\"https:\\\/\\\/nirigs.com\\\/\",\"logo\":{\"@type\":\"ImageObject\",\"inLanguage\":\"en-US\",\"@id\":\"https:\\\/\\\/nirigs.com\\\/#\\\/schema\\\/logo\\\/image\\\/\",\"url\":\"https:\\\/\\\/nirigs.com\\\/wp-content\\\/uploads\\\/2025\\\/04\\\/Design-sans-titre-27.png\",\"contentUrl\":\"https:\\\/\\\/nirigs.com\\\/wp-content\\\/uploads\\\/2025\\\/04\\\/Design-sans-titre-27.png\",\"width\":500,\"height\":500,\"caption\":\"Nirigs\"},\"image\":{\"@id\":\"https:\\\/\\\/nirigs.com\\\/#\\\/schema\\\/logo\\\/image\\\/\"}}]}<\/script>\n<!-- \/ Yoast SEO plugin. -->","yoast_head_json":{"title":"Keracare - Apr\u00e8s-shampoing sans rin\u00e7age \u00e0 l'huile de ricin noire de Jama\u00efque et huile de coco - 340 g - NIRIGS","robots":{"index":"index","follow":"follow","max-snippet":"max-snippet:-1","max-image-preview":"max-image-preview:large","max-video-preview":"max-video-preview:-1"},"canonical":"https:\/\/nirigs.com\/en\/product\/keracare-curlessence-moisturizing-leave-in-conditioner-with-jamaican-black-castor-oil-coconut-oil-340-g\/","og_locale":"en_US","og_type":"article","og_title":"Keracare - Apr\u00e8s-shampoing sans rin\u00e7age \u00e0 l'huile de ricin noire de Jama\u00efque et huile de coco - 340 g - NIRIGS","og_description":"L&rsquo;huile de ricin noire jama\u00efcaine et l&rsquo;huile de noix de coco procurent une hydratation incroyable, laissant vos cheveux doux, faciles","og_url":"https:\/\/nirigs.com\/en\/product\/keracare-curlessence-moisturizing-leave-in-conditioner-with-jamaican-black-castor-oil-coconut-oil-340-g\/","og_site_name":"NIRIGS","article_modified_time":"2025-03-14T15:08:28+00:00","og_image":[{"width":1000,"height":1000,"url":"https:\/\/nirigs.com\/wp-content\/uploads\/2024\/03\/Keracare-\u2013-Apres-shampoing-sans-rincage-a-lhuile-de-ricin-noire-de-Jamaique-et-huile-de-coco-\u2013-340-g.jpg","type":"image\/jpeg"}],"twitter_card":"summary_large_image","schema":{"@context":"https:\/\/schema.org","@graph":[{"@type":"WebPage","@id":"https:\/\/nirigs.com\/product\/keracare-curlessence-moisturizing-leave-in-conditioner-with-jamaican-black-castor-oil-coconut-oil-340-g\/","url":"https:\/\/nirigs.com\/product\/keracare-curlessence-moisturizing-leave-in-conditioner-with-jamaican-black-castor-oil-coconut-oil-340-g\/","name":"Keracare - Apr\u00e8s-shampoing sans rin\u00e7age \u00e0 l'huile de ricin noire de Jama\u00efque et huile de coco - 340 g - NIRIGS","isPartOf":{"@id":"https:\/\/nirigs.com\/#website"},"primaryImageOfPage":{"@id":"https:\/\/nirigs.com\/product\/keracare-curlessence-moisturizing-leave-in-conditioner-with-jamaican-black-castor-oil-coconut-oil-340-g\/#primaryimage"},"image":{"@id":"https:\/\/nirigs.com\/product\/keracare-curlessence-moisturizing-leave-in-conditioner-with-jamaican-black-castor-oil-coconut-oil-340-g\/#primaryimage"},"thumbnailUrl":"https:\/\/nirigs.com\/wp-content\/uploads\/2024\/03\/Keracare-\u2013-Apres-shampoing-sans-rincage-a-lhuile-de-ricin-noire-de-Jamaique-et-huile-de-coco-\u2013-340-g.jpg","datePublished":"2024-03-05T15:20:50+00:00","dateModified":"2025-03-14T15:08:28+00:00","breadcrumb":{"@id":"https:\/\/nirigs.com\/product\/keracare-curlessence-moisturizing-leave-in-conditioner-with-jamaican-black-castor-oil-coconut-oil-340-g\/#breadcrumb"},"inLanguage":"en-US","potentialAction":[{"@type":"ReadAction","target":["https:\/\/nirigs.com\/product\/keracare-curlessence-moisturizing-leave-in-conditioner-with-jamaican-black-castor-oil-coconut-oil-340-g\/"]}]},{"@type":"ImageObject","inLanguage":"en-US","@id":"https:\/\/nirigs.com\/product\/keracare-curlessence-moisturizing-leave-in-conditioner-with-jamaican-black-castor-oil-coconut-oil-340-g\/#primaryimage","url":"https:\/\/nirigs.com\/wp-content\/uploads\/2024\/03\/Keracare-\u2013-Apres-shampoing-sans-rincage-a-lhuile-de-ricin-noire-de-Jamaique-et-huile-de-coco-\u2013-340-g.jpg","contentUrl":"https:\/\/nirigs.com\/wp-content\/uploads\/2024\/03\/Keracare-\u2013-Apres-shampoing-sans-rincage-a-lhuile-de-ricin-noire-de-Jamaique-et-huile-de-coco-\u2013-340-g.jpg","width":1000,"height":1000},{"@type":"BreadcrumbList","@id":"https:\/\/nirigs.com\/product\/keracare-curlessence-moisturizing-leave-in-conditioner-with-jamaican-black-castor-oil-coconut-oil-340-g\/#breadcrumb","itemListElement":[{"@type":"ListItem","position":1,"name":"Home","item":"https:\/\/nirigs.com\/"},{"@type":"ListItem","position":2,"name":"Parcourir","item":"https:\/\/nirigs.com\/boutique\/"},{"@type":"ListItem","position":3,"name":"Keracare &#8211; Apr\u00e8s-shampoing sans rin\u00e7age \u00e0 l&rsquo;huile de ricin noire de Jama\u00efque et huile de coco &#8211; 340 g"}]},{"@type":"WebSite","@id":"https:\/\/nirigs.com\/#website","url":"https:\/\/nirigs.com\/","name":"Nirigs.com","description":"Simplifiez vos achats du quotidien \u00e0 Djibouti","publisher":{"@id":"https:\/\/nirigs.com\/#organization"},"potentialAction":[{"@type":"SearchAction","target":{"@type":"EntryPoint","urlTemplate":"https:\/\/nirigs.com\/?s={search_term_string}"},"query-input":{"@type":"PropertyValueSpecification","valueRequired":true,"valueName":"search_term_string"}}],"inLanguage":"en-US"},{"@type":"Organization","@id":"https:\/\/nirigs.com\/#organization","name":"Nirigs","url":"https:\/\/nirigs.com\/","logo":{"@type":"ImageObject","inLanguage":"en-US","@id":"https:\/\/nirigs.com\/#\/schema\/logo\/image\/","url":"https:\/\/nirigs.com\/wp-content\/uploads\/2025\/04\/Design-sans-titre-27.png","contentUrl":"https:\/\/nirigs.com\/wp-content\/uploads\/2025\/04\/Design-sans-titre-27.png","width":500,"height":500,"caption":"Nirigs"},"image":{"@id":"https:\/\/nirigs.com\/#\/schema\/logo\/image\/"}}]}},"brands":[{"id":792,"name":"Keracare","slug":"keracare"}],"_links":{"self":[{"href":"https:\/\/nirigs.com\/en\/wp-json\/wp\/v2\/product\/17655","targetHints":{"allow":["GET"]}}],"collection":[{"href":"https:\/\/nirigs.com\/en\/wp-json\/wp\/v2\/product"}],"about":[{"href":"https:\/\/nirigs.com\/en\/wp-json\/wp\/v2\/types\/product"}],"replies":[{"embeddable":true,"href":"https:\/\/nirigs.com\/en\/wp-json\/wp\/v2\/comments?post=17655"}],"version-history":[{"count":5,"href":"https:\/\/nirigs.com\/en\/wp-json\/wp\/v2\/product\/17655\/revisions"}],"predecessor-version":[{"id":23859,"href":"https:\/\/nirigs.com\/en\/wp-json\/wp\/v2\/product\/17655\/revisions\/23859"}],"wp:featuredmedia":[{"embeddable":true,"href":"https:\/\/nirigs.com\/en\/wp-json\/wp\/v2\/media\/23863"}],"wp:attachment":[{"href":"https:\/\/nirigs.com\/en\/wp-json\/wp\/v2\/media?parent=17655"}],"wp:term":[{"taxonomy":"pwb-brand","embeddable":true,"href":"https:\/\/nirigs.com\/en\/wp-json\/wp\/v2\/pwb-brand?post=17655"},{"taxonomy":"product_brand","embeddable":true,"href":"https:\/\/nirigs.com\/en\/wp-json\/wp\/v2\/product_brand?post=17655"},{"taxonomy":"product_cat","embeddable":true,"href":"https:\/\/nirigs.com\/en\/wp-json\/wp\/v2\/product_cat?post=17655"},{"taxonomy":"product_tag","embeddable":true,"href":"https:\/\/nirigs.com\/en\/wp-json\/wp\/v2\/product_tag?post=17655"}],"curies":[{"name":"wp","href":"https:\/\/api.w.org\/{rel}","templated":true}]}}