{"id":17649,"date":"2024-03-05T17:48:52","date_gmt":"2024-03-05T14:48:52","guid":{"rendered":"https:\/\/nirigs.com\/product\/shea-moisture-coconut-hibiscus-curl-shine-conditioner-237-ml\/"},"modified":"2026-03-01T17:28:29","modified_gmt":"2026-03-01T14:28:29","slug":"shea-moisture-coconut-hibiscus-curl-shine-conditioner-237-ml","status":"publish","type":"product","link":"https:\/\/nirigs.com\/en\/product\/shea-moisture-coconut-hibiscus-curl-shine-conditioner-237-ml\/","title":{"rendered":"Shea Moisture &#8211; Apr\u00e8s-shampoing \u00e0 la noix de coco et \u00e0 l&rsquo;hibiscus &#8211; 384 ml"},"content":{"rendered":"<p data-start=\"269\" data-end=\"637\">L\u2019apr\u00e8s-shampoing Shea Moisture \u00e0 la noix de coco et \u00e0 l\u2019hibiscus est un soin nourrissant con\u00e7u pour hydrater intens\u00e9ment, d\u00e9m\u00ealer et sublimer les cheveux secs, boucl\u00e9s ou indisciplin\u00e9s. Sa formule enrichie en beurre de karit\u00e9 \u00e9quitable, huiles v\u00e9g\u00e9tales et extraits botaniques aide \u00e0 restaurer la douceur, la brillance et l\u2019\u00e9lasticit\u00e9 des cheveux sans les alourdir.<\/p>\n<p data-start=\"639\" data-end=\"912\">Il agit en lissant les cuticules, facilitant le coiffage et r\u00e9duisant les frisottis pour des boucles plus d\u00e9finies et \u00e9clatantes. La formule est con\u00e7ue <strong data-start=\"791\" data-end=\"871\">sans silicones, sulfates, parab\u00e8nes, phtalates, huile min\u00e9rale ni p\u00e9trolatum<\/strong>.<\/p>\n<h2 data-start=\"583\" data-end=\"609\"><strong data-start=\"583\" data-end=\"607\">Bienfaits principaux<\/strong><\/h2>\n<ul data-start=\"610\" data-end=\"851\">\n<li data-section-id=\"12mdch4\" data-start=\"610\" data-end=\"660\">\n<p data-start=\"612\" data-end=\"660\">Hydrate intens\u00e9ment les cheveux secs et ab\u00eem\u00e9s<\/p>\n<\/li>\n<li data-section-id=\"1dsxecz\" data-start=\"661\" data-end=\"711\">\n<p data-start=\"663\" data-end=\"711\">Facilite le d\u00e9m\u00ealage sans casser les longueurs<\/p>\n<\/li>\n<li data-section-id=\"155jocl\" data-start=\"712\" data-end=\"759\">\n<p data-start=\"714\" data-end=\"759\">D\u00e9finit les boucles et r\u00e9duit les frisottis<\/p>\n<\/li>\n<li data-section-id=\"680tia\" data-start=\"760\" data-end=\"803\">\n<p data-start=\"762\" data-end=\"803\">Apporte douceur, brillance et souplesse<\/p>\n<\/li>\n<li data-section-id=\"cofw1v\" data-start=\"804\" data-end=\"851\">\n<p data-start=\"806\" data-end=\"851\">Prot\u00e8ge la fibre capillaire contre la casse<\/p>\n<\/li>\n<\/ul>\n<h2 data-start=\"853\" data-end=\"870\"><strong data-start=\"853\" data-end=\"868\">Actifs cl\u00e9s<\/strong><\/h2>\n<ul data-start=\"871\" data-end=\"1117\">\n<li data-section-id=\"q2ba7j\" data-start=\"871\" data-end=\"925\">\n<p data-start=\"873\" data-end=\"925\"><strong data-start=\"873\" data-end=\"890\">Huile de coco<\/strong> : nourrit et prot\u00e8ge les cheveux<\/p>\n<\/li>\n<li data-section-id=\"16tvtu8\" data-start=\"926\" data-end=\"989\">\n<p data-start=\"928\" data-end=\"989\"><strong data-start=\"928\" data-end=\"948\">Fleur d\u2019hibiscus<\/strong> : am\u00e9liore la brillance et la vitalit\u00e9<\/p>\n<\/li>\n<li data-section-id=\"1w9zgh0\" data-start=\"990\" data-end=\"1059\">\n<p data-start=\"992\" data-end=\"1059\"><strong data-start=\"992\" data-end=\"1013\">Prot\u00e9ines de soie<\/strong> : renforcent et lissent la fibre capillaire<\/p>\n<\/li>\n<li data-section-id=\"q520tr\" data-start=\"1060\" data-end=\"1117\">\n<p data-start=\"1062\" data-end=\"1117\"><strong data-start=\"1062\" data-end=\"1082\">Shea Butter<\/strong> : hydrate et restaure la douceur<\/p>\n<\/li>\n<\/ul>\n<h2 data-start=\"1119\" data-end=\"1389\"><strong data-start=\"1119\" data-end=\"1141\">Mode d\u2019utilisation<\/strong><\/h2>\n<p data-start=\"1119\" data-end=\"1389\">Apr\u00e8s le shampooing, appliquer g\u00e9n\u00e9reusement sur cheveux humides, en insistant sur les longueurs et les pointes. Laisser agir quelques minutes puis rincer abondamment. Pour de meilleurs r\u00e9sultats, utiliser avec les autres soins de la m\u00eame gamme.<\/p>\n<p data-start=\"1391\" data-end=\"1499\"><strong data-start=\"1391\" data-end=\"1407\">Id\u00e9al pour :<\/strong> cheveux boucl\u00e9s, fris\u00e9s, secs ou fragilis\u00e9s recherchant hydratation, d\u00e9finition et douceur.<\/p>\n<h2 data-start=\"1391\" data-end=\"1499\">Ingredients<\/h2>\n<p data-start=\"1391\" data-end=\"1499\">Water, Cetearyl Alcohol, Caprylic\/Capric Triglyceride, Cocos Nucifera (Coconut) Oil, Cetyl Alcohol, Stearyl Alcohol, Behentrimonium Chloride, Butyrospermum Parkii (Shea) Butter, Fragrance, Aloe Barbadensis Leaf Juice, Hydrolyzed Vegetable Protein PG-Propyl Silanetriol, Hibiscus Rosa-Sinensis Flower Extract, Simmondsia Chinensis (Jojoba) Seed Oil, Mangifera Indica (Mango) Seed Butter, Melia Azadirachta (Neem) Seed Oil, Brassica Campestris (Rapeseed) Seed Oil, Panthenol, Sodium Lauroyl Hydrolyzed Silk, Tocopherol, Glycerin, Glycine Soja (Soybean) Oil, Hydroxyethylcellulose, Triethyl Citrate, Caprylyl Glycol, Benzoic Acid.<\/p>","protected":false},"excerpt":{"rendered":"<p>L\u2019apr\u00e8s-shampoing Shea Moisture \u00e0 la noix de coco et \u00e0 l\u2019hibiscus est un soin nourrissant con\u00e7u pour hydrater intens\u00e9ment, d\u00e9m\u00ealer<\/p>","protected":false},"featured_media":23881,"comment_status":"open","ping_status":"closed","template":"","meta":[],"pwb-brand":[775],"product_brand":[],"product_cat":[1025,267,1022,1024],"product_tag":[],"class_list":{"0":"post-17649","1":"product","2":"type-product","3":"status-publish","4":"has-post-thumbnail","6":"pwb-brand-shea-moisture","7":"product_cat-apres-shampooings","8":"product_cat-beaute-et-soins","9":"product_cat-coiffures-et-soins-des-cheveux","10":"product_cat-soins-des-cheveux","12":"first","13":"instock","14":"shipping-taxable","15":"purchasable","16":"product-type-simple"},"yoast_head":"<!-- This site is optimized with the Yoast SEO plugin v27.4 - https:\/\/yoast.com\/product\/yoast-seo-wordpress\/ -->\n<title>Shea Moisture - Apr\u00e8s-shampoing \u00e0 la noix de coco et \u00e0 l&#039;hibiscus - 384 ml - NIRIGS<\/title>\n<meta name=\"robots\" content=\"index, follow, max-snippet:-1, max-image-preview:large, max-video-preview:-1\" \/>\n<link rel=\"canonical\" href=\"https:\/\/nirigs.com\/en\/product\/shea-moisture-coconut-hibiscus-curl-shine-conditioner-237-ml\/\" \/>\n<meta property=\"og:locale\" content=\"en_US\" \/>\n<meta property=\"og:type\" content=\"article\" \/>\n<meta property=\"og:title\" content=\"Shea Moisture - Apr\u00e8s-shampoing \u00e0 la noix de coco et \u00e0 l&#039;hibiscus - 384 ml - NIRIGS\" \/>\n<meta property=\"og:description\" content=\"L\u2019apr\u00e8s-shampoing Shea Moisture \u00e0 la noix de coco et \u00e0 l\u2019hibiscus est un soin nourrissant con\u00e7u pour hydrater intens\u00e9ment, d\u00e9m\u00ealer\" \/>\n<meta property=\"og:url\" content=\"https:\/\/nirigs.com\/en\/product\/shea-moisture-coconut-hibiscus-curl-shine-conditioner-237-ml\/\" \/>\n<meta property=\"og:site_name\" content=\"NIRIGS\" \/>\n<meta property=\"article:modified_time\" content=\"2026-03-01T14:28:29+00:00\" \/>\n<meta property=\"og:image\" content=\"https:\/\/nirigs.com\/wp-content\/uploads\/2024\/03\/Shea-Moisture-\u2013-Apres-shampooing-a-la-noix-de-coco-et-a-lhibiscus-\u2013-384-ml.jpg\" \/>\n\t<meta property=\"og:image:width\" content=\"1000\" \/>\n\t<meta property=\"og:image:height\" content=\"1000\" \/>\n\t<meta property=\"og:image:type\" content=\"image\/jpeg\" \/>\n<meta name=\"twitter:card\" content=\"summary_large_image\" \/>\n<meta name=\"twitter:label1\" content=\"Est. reading time\" \/>\n\t<meta name=\"twitter:data1\" content=\"2 minutes\" \/>\n<script type=\"application\/ld+json\" class=\"yoast-schema-graph\">{\"@context\":\"https:\\\/\\\/schema.org\",\"@graph\":[{\"@type\":\"WebPage\",\"@id\":\"https:\\\/\\\/nirigs.com\\\/product\\\/shea-moisture-coconut-hibiscus-curl-shine-conditioner-237-ml\\\/\",\"url\":\"https:\\\/\\\/nirigs.com\\\/product\\\/shea-moisture-coconut-hibiscus-curl-shine-conditioner-237-ml\\\/\",\"name\":\"Shea Moisture - Apr\u00e8s-shampoing \u00e0 la noix de coco et \u00e0 l'hibiscus - 384 ml - NIRIGS\",\"isPartOf\":{\"@id\":\"https:\\\/\\\/nirigs.com\\\/#website\"},\"primaryImageOfPage\":{\"@id\":\"https:\\\/\\\/nirigs.com\\\/product\\\/shea-moisture-coconut-hibiscus-curl-shine-conditioner-237-ml\\\/#primaryimage\"},\"image\":{\"@id\":\"https:\\\/\\\/nirigs.com\\\/product\\\/shea-moisture-coconut-hibiscus-curl-shine-conditioner-237-ml\\\/#primaryimage\"},\"thumbnailUrl\":\"https:\\\/\\\/nirigs.com\\\/wp-content\\\/uploads\\\/2024\\\/03\\\/Shea-Moisture-\u2013-Apres-shampooing-a-la-noix-de-coco-et-a-lhibiscus-\u2013-384-ml.jpg\",\"datePublished\":\"2024-03-05T14:48:52+00:00\",\"dateModified\":\"2026-03-01T14:28:29+00:00\",\"breadcrumb\":{\"@id\":\"https:\\\/\\\/nirigs.com\\\/product\\\/shea-moisture-coconut-hibiscus-curl-shine-conditioner-237-ml\\\/#breadcrumb\"},\"inLanguage\":\"en-US\",\"potentialAction\":[{\"@type\":\"ReadAction\",\"target\":[\"https:\\\/\\\/nirigs.com\\\/product\\\/shea-moisture-coconut-hibiscus-curl-shine-conditioner-237-ml\\\/\"]}]},{\"@type\":\"ImageObject\",\"inLanguage\":\"en-US\",\"@id\":\"https:\\\/\\\/nirigs.com\\\/product\\\/shea-moisture-coconut-hibiscus-curl-shine-conditioner-237-ml\\\/#primaryimage\",\"url\":\"https:\\\/\\\/nirigs.com\\\/wp-content\\\/uploads\\\/2024\\\/03\\\/Shea-Moisture-\u2013-Apres-shampooing-a-la-noix-de-coco-et-a-lhibiscus-\u2013-384-ml.jpg\",\"contentUrl\":\"https:\\\/\\\/nirigs.com\\\/wp-content\\\/uploads\\\/2024\\\/03\\\/Shea-Moisture-\u2013-Apres-shampooing-a-la-noix-de-coco-et-a-lhibiscus-\u2013-384-ml.jpg\",\"width\":1000,\"height\":1000},{\"@type\":\"BreadcrumbList\",\"@id\":\"https:\\\/\\\/nirigs.com\\\/product\\\/shea-moisture-coconut-hibiscus-curl-shine-conditioner-237-ml\\\/#breadcrumb\",\"itemListElement\":[{\"@type\":\"ListItem\",\"position\":1,\"name\":\"Home\",\"item\":\"https:\\\/\\\/nirigs.com\\\/\"},{\"@type\":\"ListItem\",\"position\":2,\"name\":\"Parcourir\",\"item\":\"https:\\\/\\\/nirigs.com\\\/boutique\\\/\"},{\"@type\":\"ListItem\",\"position\":3,\"name\":\"Shea Moisture &#8211; Apr\u00e8s-shampoing \u00e0 la noix de coco et \u00e0 l&rsquo;hibiscus &#8211; 384 ml\"}]},{\"@type\":\"WebSite\",\"@id\":\"https:\\\/\\\/nirigs.com\\\/#website\",\"url\":\"https:\\\/\\\/nirigs.com\\\/\",\"name\":\"Nirigs.com\",\"description\":\"Simplifiez vos achats du quotidien \u00e0 Djibouti\",\"publisher\":{\"@id\":\"https:\\\/\\\/nirigs.com\\\/#organization\"},\"potentialAction\":[{\"@type\":\"SearchAction\",\"target\":{\"@type\":\"EntryPoint\",\"urlTemplate\":\"https:\\\/\\\/nirigs.com\\\/?s={search_term_string}\"},\"query-input\":{\"@type\":\"PropertyValueSpecification\",\"valueRequired\":true,\"valueName\":\"search_term_string\"}}],\"inLanguage\":\"en-US\"},{\"@type\":\"Organization\",\"@id\":\"https:\\\/\\\/nirigs.com\\\/#organization\",\"name\":\"Nirigs\",\"url\":\"https:\\\/\\\/nirigs.com\\\/\",\"logo\":{\"@type\":\"ImageObject\",\"inLanguage\":\"en-US\",\"@id\":\"https:\\\/\\\/nirigs.com\\\/#\\\/schema\\\/logo\\\/image\\\/\",\"url\":\"https:\\\/\\\/nirigs.com\\\/wp-content\\\/uploads\\\/2025\\\/04\\\/Design-sans-titre-27.png\",\"contentUrl\":\"https:\\\/\\\/nirigs.com\\\/wp-content\\\/uploads\\\/2025\\\/04\\\/Design-sans-titre-27.png\",\"width\":500,\"height\":500,\"caption\":\"Nirigs\"},\"image\":{\"@id\":\"https:\\\/\\\/nirigs.com\\\/#\\\/schema\\\/logo\\\/image\\\/\"}}]}<\/script>\n<!-- \/ Yoast SEO plugin. -->","yoast_head_json":{"title":"Shea Moisture - Apr\u00e8s-shampoing \u00e0 la noix de coco et \u00e0 l'hibiscus - 384 ml - NIRIGS","robots":{"index":"index","follow":"follow","max-snippet":"max-snippet:-1","max-image-preview":"max-image-preview:large","max-video-preview":"max-video-preview:-1"},"canonical":"https:\/\/nirigs.com\/en\/product\/shea-moisture-coconut-hibiscus-curl-shine-conditioner-237-ml\/","og_locale":"en_US","og_type":"article","og_title":"Shea Moisture - Apr\u00e8s-shampoing \u00e0 la noix de coco et \u00e0 l'hibiscus - 384 ml - NIRIGS","og_description":"L\u2019apr\u00e8s-shampoing Shea Moisture \u00e0 la noix de coco et \u00e0 l\u2019hibiscus est un soin nourrissant con\u00e7u pour hydrater intens\u00e9ment, d\u00e9m\u00ealer","og_url":"https:\/\/nirigs.com\/en\/product\/shea-moisture-coconut-hibiscus-curl-shine-conditioner-237-ml\/","og_site_name":"NIRIGS","article_modified_time":"2026-03-01T14:28:29+00:00","og_image":[{"width":1000,"height":1000,"url":"https:\/\/nirigs.com\/wp-content\/uploads\/2024\/03\/Shea-Moisture-\u2013-Apres-shampooing-a-la-noix-de-coco-et-a-lhibiscus-\u2013-384-ml.jpg","type":"image\/jpeg"}],"twitter_card":"summary_large_image","twitter_misc":{"Est. reading time":"2 minutes"},"schema":{"@context":"https:\/\/schema.org","@graph":[{"@type":"WebPage","@id":"https:\/\/nirigs.com\/product\/shea-moisture-coconut-hibiscus-curl-shine-conditioner-237-ml\/","url":"https:\/\/nirigs.com\/product\/shea-moisture-coconut-hibiscus-curl-shine-conditioner-237-ml\/","name":"Shea Moisture - Apr\u00e8s-shampoing \u00e0 la noix de coco et \u00e0 l'hibiscus - 384 ml - NIRIGS","isPartOf":{"@id":"https:\/\/nirigs.com\/#website"},"primaryImageOfPage":{"@id":"https:\/\/nirigs.com\/product\/shea-moisture-coconut-hibiscus-curl-shine-conditioner-237-ml\/#primaryimage"},"image":{"@id":"https:\/\/nirigs.com\/product\/shea-moisture-coconut-hibiscus-curl-shine-conditioner-237-ml\/#primaryimage"},"thumbnailUrl":"https:\/\/nirigs.com\/wp-content\/uploads\/2024\/03\/Shea-Moisture-\u2013-Apres-shampooing-a-la-noix-de-coco-et-a-lhibiscus-\u2013-384-ml.jpg","datePublished":"2024-03-05T14:48:52+00:00","dateModified":"2026-03-01T14:28:29+00:00","breadcrumb":{"@id":"https:\/\/nirigs.com\/product\/shea-moisture-coconut-hibiscus-curl-shine-conditioner-237-ml\/#breadcrumb"},"inLanguage":"en-US","potentialAction":[{"@type":"ReadAction","target":["https:\/\/nirigs.com\/product\/shea-moisture-coconut-hibiscus-curl-shine-conditioner-237-ml\/"]}]},{"@type":"ImageObject","inLanguage":"en-US","@id":"https:\/\/nirigs.com\/product\/shea-moisture-coconut-hibiscus-curl-shine-conditioner-237-ml\/#primaryimage","url":"https:\/\/nirigs.com\/wp-content\/uploads\/2024\/03\/Shea-Moisture-\u2013-Apres-shampooing-a-la-noix-de-coco-et-a-lhibiscus-\u2013-384-ml.jpg","contentUrl":"https:\/\/nirigs.com\/wp-content\/uploads\/2024\/03\/Shea-Moisture-\u2013-Apres-shampooing-a-la-noix-de-coco-et-a-lhibiscus-\u2013-384-ml.jpg","width":1000,"height":1000},{"@type":"BreadcrumbList","@id":"https:\/\/nirigs.com\/product\/shea-moisture-coconut-hibiscus-curl-shine-conditioner-237-ml\/#breadcrumb","itemListElement":[{"@type":"ListItem","position":1,"name":"Home","item":"https:\/\/nirigs.com\/"},{"@type":"ListItem","position":2,"name":"Parcourir","item":"https:\/\/nirigs.com\/boutique\/"},{"@type":"ListItem","position":3,"name":"Shea Moisture &#8211; Apr\u00e8s-shampoing \u00e0 la noix de coco et \u00e0 l&rsquo;hibiscus &#8211; 384 ml"}]},{"@type":"WebSite","@id":"https:\/\/nirigs.com\/#website","url":"https:\/\/nirigs.com\/","name":"Nirigs.com","description":"Simplifiez vos achats du quotidien \u00e0 Djibouti","publisher":{"@id":"https:\/\/nirigs.com\/#organization"},"potentialAction":[{"@type":"SearchAction","target":{"@type":"EntryPoint","urlTemplate":"https:\/\/nirigs.com\/?s={search_term_string}"},"query-input":{"@type":"PropertyValueSpecification","valueRequired":true,"valueName":"search_term_string"}}],"inLanguage":"en-US"},{"@type":"Organization","@id":"https:\/\/nirigs.com\/#organization","name":"Nirigs","url":"https:\/\/nirigs.com\/","logo":{"@type":"ImageObject","inLanguage":"en-US","@id":"https:\/\/nirigs.com\/#\/schema\/logo\/image\/","url":"https:\/\/nirigs.com\/wp-content\/uploads\/2025\/04\/Design-sans-titre-27.png","contentUrl":"https:\/\/nirigs.com\/wp-content\/uploads\/2025\/04\/Design-sans-titre-27.png","width":500,"height":500,"caption":"Nirigs"},"image":{"@id":"https:\/\/nirigs.com\/#\/schema\/logo\/image\/"}}]}},"brands":[{"id":775,"name":"Shea Moisture","slug":"shea-moisture"}],"_links":{"self":[{"href":"https:\/\/nirigs.com\/en\/wp-json\/wp\/v2\/product\/17649","targetHints":{"allow":["GET"]}}],"collection":[{"href":"https:\/\/nirigs.com\/en\/wp-json\/wp\/v2\/product"}],"about":[{"href":"https:\/\/nirigs.com\/en\/wp-json\/wp\/v2\/types\/product"}],"replies":[{"embeddable":true,"href":"https:\/\/nirigs.com\/en\/wp-json\/wp\/v2\/comments?post=17649"}],"version-history":[{"count":7,"href":"https:\/\/nirigs.com\/en\/wp-json\/wp\/v2\/product\/17649\/revisions"}],"predecessor-version":[{"id":23877,"href":"https:\/\/nirigs.com\/en\/wp-json\/wp\/v2\/product\/17649\/revisions\/23877"}],"wp:featuredmedia":[{"embeddable":true,"href":"https:\/\/nirigs.com\/en\/wp-json\/wp\/v2\/media\/23881"}],"wp:attachment":[{"href":"https:\/\/nirigs.com\/en\/wp-json\/wp\/v2\/media?parent=17649"}],"wp:term":[{"taxonomy":"pwb-brand","embeddable":true,"href":"https:\/\/nirigs.com\/en\/wp-json\/wp\/v2\/pwb-brand?post=17649"},{"taxonomy":"product_brand","embeddable":true,"href":"https:\/\/nirigs.com\/en\/wp-json\/wp\/v2\/product_brand?post=17649"},{"taxonomy":"product_cat","embeddable":true,"href":"https:\/\/nirigs.com\/en\/wp-json\/wp\/v2\/product_cat?post=17649"},{"taxonomy":"product_tag","embeddable":true,"href":"https:\/\/nirigs.com\/en\/wp-json\/wp\/v2\/product_tag?post=17649"}],"curies":[{"name":"wp","href":"https:\/\/api.w.org\/{rel}","templated":true}]}}