{"id":17642,"date":"2024-03-05T17:19:38","date_gmt":"2024-03-05T14:19:38","guid":{"rendered":"https:\/\/nirigs.com\/product\/box-brillance-plus-shea-moisture-coconut-hibiscus\/"},"modified":"2026-03-03T18:04:39","modified_gmt":"2026-03-03T15:04:39","slug":"box-brillance-plus-shea-moisture-coconut-hibiscus","status":"publish","type":"product","link":"https:\/\/nirigs.com\/en\/product\/box-brillance-plus-shea-moisture-coconut-hibiscus\/","title":{"rendered":"Shea Moisture - Coconut and Hibiscus Shine Plus Box"},"content":{"rendered":"<p>La Gamme Brillance de Shea Moisture \u00e0 base de Noix de Coco &amp; Hibiscus est recommand\u00e9e\u00a0pour\u00a0<strong>nourrir, hydrater, d\u00e9finir les boucles<\/strong>\u00a0and\u00a0<strong>lisser les frisottis\u00a0<\/strong>des cheveux,\u00a0elle contient des prot\u00e9ines de soie qui lissent la fibre capillaire, de l&rsquo;huile de coco, de l&rsquo;extrait d&rsquo;hibiscus et de l&rsquo;huile de Neem qui limite les frisottis et procure de la brillance.<\/p>\n<p>Ce programme comprend :<\/p>\n<ul>\n<li>Shampoing Noix de Coco &amp; Hibiscus est un shampoing qui\u00a0combine des ingr\u00e9dients naturels cueillis \u00e0 la main et du beurre de Karit\u00e9 certifi\u00e9 Bio pour am\u00e9liorer la sant\u00e9 de vos cheveux et leur rendre leur brillance\u00a0;<\/li>\n<li>Apr\u00e8s Shampoing Noix de Coco &amp; Hibiscus:\u00a0Les prot\u00e9ines de soie laissent la chevelure douce, souple et soyeuse, pleine de brillance. L\u2019huile de Neem certifi\u00e9 Bio nourrit et \u00e9tanche la soif des cheveux secs, abim\u00e9s.<\/li>\n<li>Masque Noix de Coco &amp; Hibiscus : \u00a0Enrichi de prot\u00e9ines et traite en profondeur les cheveux tout en offrant hydratation, nutrition et brillance.<\/li>\n<li>Curl Enhancing Smoothie<\/li>\n<\/ul>\n<p>Sans sulfates- sans parabens- sans huiles min\u00e9rales- sans PEG<\/p>","protected":false},"excerpt":{"rendered":"<p>La Gamme Brillance de Shea Moisture \u00e0 base de Noix de Coco &amp; Hibiscus est recommand\u00e9e\u00a0pour\u00a0nourrir, hydrater, d\u00e9finir les boucles\u00a0et\u00a0lisser<\/p>","protected":false},"featured_media":23891,"comment_status":"open","ping_status":"closed","template":"","meta":[],"pwb-brand":[775],"product_brand":[],"product_cat":[267,1022,1024],"product_tag":[],"class_list":{"0":"post-17642","1":"product","2":"type-product","3":"status-publish","4":"has-post-thumbnail","6":"pwb-brand-shea-moisture","7":"product_cat-beaute-et-soins","8":"product_cat-coiffures-et-soins-des-cheveux","9":"product_cat-soins-des-cheveux","11":"first","12":"instock","13":"sale","14":"shipping-taxable","15":"purchasable","16":"product-type-simple"},"yoast_head":"<!-- This site is optimized with the Yoast SEO plugin v27.1.1 - https:\/\/yoast.com\/product\/yoast-seo-wordpress\/ -->\n<title>Shea Moisture - Bo\u00eete Brillance Plus Coconut and Hibiscus - NIRIGS<\/title>\n<meta name=\"robots\" content=\"index, follow, max-snippet:-1, max-image-preview:large, max-video-preview:-1\" \/>\n<link rel=\"canonical\" href=\"https:\/\/nirigs.com\/en\/product\/box-brillance-plus-shea-moisture-coconut-hibiscus\/\" \/>\n<meta property=\"og:locale\" content=\"en_US\" \/>\n<meta property=\"og:type\" content=\"article\" \/>\n<meta property=\"og:title\" content=\"Shea Moisture - Bo\u00eete Brillance Plus Coconut and Hibiscus - NIRIGS\" \/>\n<meta property=\"og:description\" content=\"La Gamme Brillance de Shea Moisture \u00e0 base de Noix de Coco &amp; Hibiscus est recommand\u00e9e\u00a0pour\u00a0nourrir, hydrater, d\u00e9finir les boucles\u00a0et\u00a0lisser\" \/>\n<meta property=\"og:url\" content=\"https:\/\/nirigs.com\/en\/product\/box-brillance-plus-shea-moisture-coconut-hibiscus\/\" \/>\n<meta property=\"og:site_name\" content=\"NIRIGS\" \/>\n<meta property=\"article:modified_time\" content=\"2026-03-03T15:04:39+00:00\" \/>\n<meta property=\"og:image\" content=\"https:\/\/nirigs.com\/wp-content\/uploads\/2024\/03\/Shea-Moisture-\u2013-Boite-a-brillance-Coconut-Hibiscus.jpg\" \/>\n\t<meta property=\"og:image:width\" content=\"1000\" \/>\n\t<meta property=\"og:image:height\" content=\"1000\" \/>\n\t<meta property=\"og:image:type\" content=\"image\/jpeg\" \/>\n<meta name=\"twitter:card\" content=\"summary_large_image\" \/>\n<meta name=\"twitter:label1\" content=\"Est. reading time\" \/>\n\t<meta name=\"twitter:data1\" content=\"2 minutes\" \/>\n<script type=\"application\/ld+json\" class=\"yoast-schema-graph\">{\"@context\":\"https:\/\/schema.org\",\"@graph\":[{\"@type\":\"WebPage\",\"@id\":\"https:\/\/nirigs.com\/product\/box-brillance-plus-shea-moisture-coconut-hibiscus\/\",\"url\":\"https:\/\/nirigs.com\/product\/box-brillance-plus-shea-moisture-coconut-hibiscus\/\",\"name\":\"Shea Moisture - Bo\u00eete Brillance Plus Coconut and Hibiscus - NIRIGS\",\"isPartOf\":{\"@id\":\"https:\/\/nirigs.com\/#website\"},\"primaryImageOfPage\":{\"@id\":\"https:\/\/nirigs.com\/product\/box-brillance-plus-shea-moisture-coconut-hibiscus\/#primaryimage\"},\"image\":{\"@id\":\"https:\/\/nirigs.com\/product\/box-brillance-plus-shea-moisture-coconut-hibiscus\/#primaryimage\"},\"thumbnailUrl\":\"https:\/\/nirigs.com\/wp-content\/uploads\/2024\/03\/Shea-Moisture-\u2013-Boite-a-brillance-Coconut-Hibiscus.jpg\",\"datePublished\":\"2024-03-05T14:19:38+00:00\",\"dateModified\":\"2026-03-03T15:04:39+00:00\",\"breadcrumb\":{\"@id\":\"https:\/\/nirigs.com\/product\/box-brillance-plus-shea-moisture-coconut-hibiscus\/#breadcrumb\"},\"inLanguage\":\"en-US\",\"potentialAction\":[{\"@type\":\"ReadAction\",\"target\":[\"https:\/\/nirigs.com\/product\/box-brillance-plus-shea-moisture-coconut-hibiscus\/\"]}]},{\"@type\":\"ImageObject\",\"inLanguage\":\"en-US\",\"@id\":\"https:\/\/nirigs.com\/product\/box-brillance-plus-shea-moisture-coconut-hibiscus\/#primaryimage\",\"url\":\"https:\/\/nirigs.com\/wp-content\/uploads\/2024\/03\/Shea-Moisture-\u2013-Boite-a-brillance-Coconut-Hibiscus.jpg\",\"contentUrl\":\"https:\/\/nirigs.com\/wp-content\/uploads\/2024\/03\/Shea-Moisture-\u2013-Boite-a-brillance-Coconut-Hibiscus.jpg\",\"width\":1000,\"height\":1000},{\"@type\":\"BreadcrumbList\",\"@id\":\"https:\/\/nirigs.com\/product\/box-brillance-plus-shea-moisture-coconut-hibiscus\/#breadcrumb\",\"itemListElement\":[{\"@type\":\"ListItem\",\"position\":1,\"name\":\"Home\",\"item\":\"https:\/\/nirigs.com\/\"},{\"@type\":\"ListItem\",\"position\":2,\"name\":\"Parcourir\",\"item\":\"https:\/\/nirigs.com\/boutique\/\"},{\"@type\":\"ListItem\",\"position\":3,\"name\":\"Shea Moisture &#8211; Bo\u00eete Brillance Plus Coconut and Hibiscus\"}]},{\"@type\":\"WebSite\",\"@id\":\"https:\/\/nirigs.com\/#website\",\"url\":\"https:\/\/nirigs.com\/\",\"name\":\"Nirigs.com\",\"description\":\"Simplifiez vos achats du quotidien \u00e0 Djibouti\",\"publisher\":{\"@id\":\"https:\/\/nirigs.com\/#organization\"},\"potentialAction\":[{\"@type\":\"SearchAction\",\"target\":{\"@type\":\"EntryPoint\",\"urlTemplate\":\"https:\/\/nirigs.com\/?s={search_term_string}\"},\"query-input\":{\"@type\":\"PropertyValueSpecification\",\"valueRequired\":true,\"valueName\":\"search_term_string\"}}],\"inLanguage\":\"en-US\"},{\"@type\":\"Organization\",\"@id\":\"https:\/\/nirigs.com\/#organization\",\"name\":\"Nirigs\",\"url\":\"https:\/\/nirigs.com\/\",\"logo\":{\"@type\":\"ImageObject\",\"inLanguage\":\"en-US\",\"@id\":\"https:\/\/nirigs.com\/#\/schema\/logo\/image\/\",\"url\":\"https:\/\/nirigs.com\/wp-content\/uploads\/2025\/04\/Design-sans-titre-27.png\",\"contentUrl\":\"https:\/\/nirigs.com\/wp-content\/uploads\/2025\/04\/Design-sans-titre-27.png\",\"width\":500,\"height\":500,\"caption\":\"Nirigs\"},\"image\":{\"@id\":\"https:\/\/nirigs.com\/#\/schema\/logo\/image\/\"}}]}<\/script>\n<!-- \/ Yoast SEO plugin. -->","yoast_head_json":{"title":"Shea Moisture - Bo\u00eete Brillance Plus Coconut and Hibiscus - NIRIGS","robots":{"index":"index","follow":"follow","max-snippet":"max-snippet:-1","max-image-preview":"max-image-preview:large","max-video-preview":"max-video-preview:-1"},"canonical":"https:\/\/nirigs.com\/en\/product\/box-brillance-plus-shea-moisture-coconut-hibiscus\/","og_locale":"en_US","og_type":"article","og_title":"Shea Moisture - Bo\u00eete Brillance Plus Coconut and Hibiscus - NIRIGS","og_description":"La Gamme Brillance de Shea Moisture \u00e0 base de Noix de Coco &amp; Hibiscus est recommand\u00e9e\u00a0pour\u00a0nourrir, hydrater, d\u00e9finir les boucles\u00a0et\u00a0lisser","og_url":"https:\/\/nirigs.com\/en\/product\/box-brillance-plus-shea-moisture-coconut-hibiscus\/","og_site_name":"NIRIGS","article_modified_time":"2026-03-03T15:04:39+00:00","og_image":[{"width":1000,"height":1000,"url":"https:\/\/nirigs.com\/wp-content\/uploads\/2024\/03\/Shea-Moisture-\u2013-Boite-a-brillance-Coconut-Hibiscus.jpg","type":"image\/jpeg"}],"twitter_card":"summary_large_image","twitter_misc":{"Est. reading time":"2 minutes"},"schema":{"@context":"https:\/\/schema.org","@graph":[{"@type":"WebPage","@id":"https:\/\/nirigs.com\/product\/box-brillance-plus-shea-moisture-coconut-hibiscus\/","url":"https:\/\/nirigs.com\/product\/box-brillance-plus-shea-moisture-coconut-hibiscus\/","name":"Shea Moisture - Bo\u00eete Brillance Plus Coconut and Hibiscus - NIRIGS","isPartOf":{"@id":"https:\/\/nirigs.com\/#website"},"primaryImageOfPage":{"@id":"https:\/\/nirigs.com\/product\/box-brillance-plus-shea-moisture-coconut-hibiscus\/#primaryimage"},"image":{"@id":"https:\/\/nirigs.com\/product\/box-brillance-plus-shea-moisture-coconut-hibiscus\/#primaryimage"},"thumbnailUrl":"https:\/\/nirigs.com\/wp-content\/uploads\/2024\/03\/Shea-Moisture-\u2013-Boite-a-brillance-Coconut-Hibiscus.jpg","datePublished":"2024-03-05T14:19:38+00:00","dateModified":"2026-03-03T15:04:39+00:00","breadcrumb":{"@id":"https:\/\/nirigs.com\/product\/box-brillance-plus-shea-moisture-coconut-hibiscus\/#breadcrumb"},"inLanguage":"en-US","potentialAction":[{"@type":"ReadAction","target":["https:\/\/nirigs.com\/product\/box-brillance-plus-shea-moisture-coconut-hibiscus\/"]}]},{"@type":"ImageObject","inLanguage":"en-US","@id":"https:\/\/nirigs.com\/product\/box-brillance-plus-shea-moisture-coconut-hibiscus\/#primaryimage","url":"https:\/\/nirigs.com\/wp-content\/uploads\/2024\/03\/Shea-Moisture-\u2013-Boite-a-brillance-Coconut-Hibiscus.jpg","contentUrl":"https:\/\/nirigs.com\/wp-content\/uploads\/2024\/03\/Shea-Moisture-\u2013-Boite-a-brillance-Coconut-Hibiscus.jpg","width":1000,"height":1000},{"@type":"BreadcrumbList","@id":"https:\/\/nirigs.com\/product\/box-brillance-plus-shea-moisture-coconut-hibiscus\/#breadcrumb","itemListElement":[{"@type":"ListItem","position":1,"name":"Home","item":"https:\/\/nirigs.com\/"},{"@type":"ListItem","position":2,"name":"Parcourir","item":"https:\/\/nirigs.com\/boutique\/"},{"@type":"ListItem","position":3,"name":"Shea Moisture &#8211; Bo\u00eete Brillance Plus Coconut and Hibiscus"}]},{"@type":"WebSite","@id":"https:\/\/nirigs.com\/#website","url":"https:\/\/nirigs.com\/","name":"Nirigs.com","description":"Simplifiez vos achats du quotidien \u00e0 Djibouti","publisher":{"@id":"https:\/\/nirigs.com\/#organization"},"potentialAction":[{"@type":"SearchAction","target":{"@type":"EntryPoint","urlTemplate":"https:\/\/nirigs.com\/?s={search_term_string}"},"query-input":{"@type":"PropertyValueSpecification","valueRequired":true,"valueName":"search_term_string"}}],"inLanguage":"en-US"},{"@type":"Organization","@id":"https:\/\/nirigs.com\/#organization","name":"Nirigs","url":"https:\/\/nirigs.com\/","logo":{"@type":"ImageObject","inLanguage":"en-US","@id":"https:\/\/nirigs.com\/#\/schema\/logo\/image\/","url":"https:\/\/nirigs.com\/wp-content\/uploads\/2025\/04\/Design-sans-titre-27.png","contentUrl":"https:\/\/nirigs.com\/wp-content\/uploads\/2025\/04\/Design-sans-titre-27.png","width":500,"height":500,"caption":"Nirigs"},"image":{"@id":"https:\/\/nirigs.com\/#\/schema\/logo\/image\/"}}]}},"brands":[{"id":775,"name":"Shea Moisture","slug":"shea-moisture"}],"_links":{"self":[{"href":"https:\/\/nirigs.com\/en\/wp-json\/wp\/v2\/product\/17642","targetHints":{"allow":["GET"]}}],"collection":[{"href":"https:\/\/nirigs.com\/en\/wp-json\/wp\/v2\/product"}],"about":[{"href":"https:\/\/nirigs.com\/en\/wp-json\/wp\/v2\/types\/product"}],"replies":[{"embeddable":true,"href":"https:\/\/nirigs.com\/en\/wp-json\/wp\/v2\/comments?post=17642"}],"version-history":[{"count":7,"href":"https:\/\/nirigs.com\/en\/wp-json\/wp\/v2\/product\/17642\/revisions"}],"predecessor-version":[{"id":27587,"href":"https:\/\/nirigs.com\/en\/wp-json\/wp\/v2\/product\/17642\/revisions\/27587"}],"wp:featuredmedia":[{"embeddable":true,"href":"https:\/\/nirigs.com\/en\/wp-json\/wp\/v2\/media\/23891"}],"wp:attachment":[{"href":"https:\/\/nirigs.com\/en\/wp-json\/wp\/v2\/media?parent=17642"}],"wp:term":[{"taxonomy":"pwb-brand","embeddable":true,"href":"https:\/\/nirigs.com\/en\/wp-json\/wp\/v2\/pwb-brand?post=17642"},{"taxonomy":"product_brand","embeddable":true,"href":"https:\/\/nirigs.com\/en\/wp-json\/wp\/v2\/product_brand?post=17642"},{"taxonomy":"product_cat","embeddable":true,"href":"https:\/\/nirigs.com\/en\/wp-json\/wp\/v2\/product_cat?post=17642"},{"taxonomy":"product_tag","embeddable":true,"href":"https:\/\/nirigs.com\/en\/wp-json\/wp\/v2\/product_tag?post=17642"}],"curies":[{"name":"wp","href":"https:\/\/api.w.org\/{rel}","templated":true}]}}