{"id":17627,"date":"2024-02-28T21:05:51","date_gmt":"2024-02-28T18:05:51","guid":{"rendered":"https:\/\/nirigs.com\/product\/cantu-grapeseed-strengthening-curling-cream-with-shea-butter-jojoba-carrot-oil-340g\/"},"modified":"2025-03-14T18:12:48","modified_gmt":"2025-03-14T15:12:48","slug":"cantu-grapeseed-strengthening-curling-cream-with-shea-butter-jojoba-carrot-oil-340g","status":"publish","type":"product","link":"https:\/\/nirigs.com\/en\/product\/cantu-grapeseed-strengthening-curling-cream-with-shea-butter-jojoba-carrot-oil-340g\/","title":{"rendered":"Cantu - Fortifying curling cream with grape seed, shea butter, jojoba oil and carrot oil - 340g"},"content":{"rendered":"<p>La\u00a0Cr\u00e8me pour boucles aux p\u00e9pins raisins de la marque<strong>\u00a0CANTU<\/strong>\u00a0est parfaite pour red\u00e9finir vos boucles et leur rendre un nouvel \u00e9clat. Elle nourrit et r\u00e9pare votre fibre capillaire en profondeur tout en apportant une hydratation optimale ainsi qu&rsquo;une brillance et un \u00e9clat incomparable.<\/p>\n<h4><strong>Use<\/strong><\/h4>\n<p>Appliquer le produit g\u00e9n\u00e9reusement sur cheveux propres et humides<\/p>\n<p>&#8211; D\u00e9finir chaque section de cheveux aux doigts<\/p>\n<p>&#8211; Laisser s\u00e9cher<\/p>\n<p>&#8211; Coiffer<\/p>\n<h4><strong>Ingr\u00e9dients\u00a0:\u00a0<\/strong><\/h4>\n<p>aqua, glycerin, cetearyl alcohol, ceteareth-20, canola oil, vitis vinifera (grape) seed oil, ceteth-20, butyrospermum parkii (shea) butter, glycol stearate, petrolatum, fragrance (parfum), polyethylene glycol, polyquaternium-10, phenoxyethanol, ethylhexyglycerin, cocos nucifera (coconut) oil, persea gratissima (avocado) oil, prunus amygdalus dulcis (sweet almond) oil, simmondsia chinensis (jojoba) seed oil, olea europaea (olive) fruit oil, mangifera indica (mango) seed butter, argania spinosa (argan) kernel oil, mella azadirachta (neem) seed oil, daucus carota sativa (carrot) seed oil, macadamia ternifolia seed oil, mangifera indica (mango) oil, glycine soja (soybean) oil, aloe barbadensis (aloe vera) leaf juice (decolorized), hydrolyzed silk protein, lonicera caprifolium (honeysuckle) flower extract, macrocystis pyrifera (kelp) extract, salvia officinalis (sage) leaf extract, urtica dioica (nettle) extract, silk amino acids.<\/p>","protected":false},"excerpt":{"rendered":"<p>La\u00a0Cr\u00e8me pour boucles aux p\u00e9pins raisins de la marque\u00a0CANTU\u00a0est parfaite pour red\u00e9finir vos boucles et leur rendre un nouvel \u00e9clat.<\/p>","protected":false},"featured_media":23952,"comment_status":"open","ping_status":"closed","template":"","meta":[],"pwb-brand":[758],"product_brand":[],"product_cat":[267,1022,1071],"product_tag":[],"class_list":{"0":"post-17627","1":"product","2":"type-product","3":"status-publish","4":"has-post-thumbnail","6":"pwb-brand-cantu","7":"product_cat-beaute-et-soins","8":"product_cat-coiffures-et-soins-des-cheveux","9":"product_cat-produits-coiffants","11":"first","12":"instock","13":"shipping-taxable","14":"purchasable","15":"product-type-simple"},"yoast_head":"<!-- This site is optimized with the Yoast SEO plugin v27.4 - https:\/\/yoast.com\/product\/yoast-seo-wordpress\/ -->\n<title>Cantu - Cr\u00e8me bouclante fortifiante au p\u00e9pin de raisin avec beurre de karit\u00e9, huile de jojoba et huile de carotte - 340g - NIRIGS<\/title>\n<meta name=\"robots\" content=\"index, follow, max-snippet:-1, max-image-preview:large, max-video-preview:-1\" \/>\n<link rel=\"canonical\" href=\"https:\/\/nirigs.com\/en\/product\/cantu-grapeseed-strengthening-curling-cream-with-shea-butter-jojoba-carrot-oil-340g\/\" \/>\n<meta property=\"og:locale\" content=\"en_US\" \/>\n<meta property=\"og:type\" content=\"article\" \/>\n<meta property=\"og:title\" content=\"Cantu - Cr\u00e8me bouclante fortifiante au p\u00e9pin de raisin avec beurre de karit\u00e9, huile de jojoba et huile de carotte - 340g - NIRIGS\" \/>\n<meta property=\"og:description\" content=\"La\u00a0Cr\u00e8me pour boucles aux p\u00e9pins raisins de la marque\u00a0CANTU\u00a0est parfaite pour red\u00e9finir vos boucles et leur rendre un nouvel \u00e9clat.\" \/>\n<meta property=\"og:url\" content=\"https:\/\/nirigs.com\/en\/product\/cantu-grapeseed-strengthening-curling-cream-with-shea-butter-jojoba-carrot-oil-340g\/\" \/>\n<meta property=\"og:site_name\" content=\"NIRIGS\" \/>\n<meta property=\"article:modified_time\" content=\"2025-03-14T15:12:48+00:00\" \/>\n<meta property=\"og:image\" content=\"https:\/\/nirigs.com\/wp-content\/uploads\/2024\/02\/Cantu-\u2013-Creme-bouclante-fortifiante-au-pepin-de-raisin-avec-beurre-de-karite-huile-de-jojoba-et-huile-de-carotte-\u2013-340g.jpg\" \/>\n\t<meta property=\"og:image:width\" content=\"1000\" \/>\n\t<meta property=\"og:image:height\" content=\"1000\" \/>\n\t<meta property=\"og:image:type\" content=\"image\/jpeg\" \/>\n<meta name=\"twitter:card\" content=\"summary_large_image\" \/>\n<meta name=\"twitter:label1\" content=\"Est. reading time\" \/>\n\t<meta name=\"twitter:data1\" content=\"1 minute\" \/>\n<script type=\"application\/ld+json\" class=\"yoast-schema-graph\">{\"@context\":\"https:\\\/\\\/schema.org\",\"@graph\":[{\"@type\":\"WebPage\",\"@id\":\"https:\\\/\\\/nirigs.com\\\/product\\\/cantu-grapeseed-strengthening-curling-cream-with-shea-butter-jojoba-carrot-oil-340g\\\/\",\"url\":\"https:\\\/\\\/nirigs.com\\\/product\\\/cantu-grapeseed-strengthening-curling-cream-with-shea-butter-jojoba-carrot-oil-340g\\\/\",\"name\":\"Cantu - Cr\u00e8me bouclante fortifiante au p\u00e9pin de raisin avec beurre de karit\u00e9, huile de jojoba et huile de carotte - 340g - NIRIGS\",\"isPartOf\":{\"@id\":\"https:\\\/\\\/nirigs.com\\\/#website\"},\"primaryImageOfPage\":{\"@id\":\"https:\\\/\\\/nirigs.com\\\/product\\\/cantu-grapeseed-strengthening-curling-cream-with-shea-butter-jojoba-carrot-oil-340g\\\/#primaryimage\"},\"image\":{\"@id\":\"https:\\\/\\\/nirigs.com\\\/product\\\/cantu-grapeseed-strengthening-curling-cream-with-shea-butter-jojoba-carrot-oil-340g\\\/#primaryimage\"},\"thumbnailUrl\":\"https:\\\/\\\/nirigs.com\\\/wp-content\\\/uploads\\\/2024\\\/02\\\/Cantu-\u2013-Creme-bouclante-fortifiante-au-pepin-de-raisin-avec-beurre-de-karite-huile-de-jojoba-et-huile-de-carotte-\u2013-340g.jpg\",\"datePublished\":\"2024-02-28T18:05:51+00:00\",\"dateModified\":\"2025-03-14T15:12:48+00:00\",\"breadcrumb\":{\"@id\":\"https:\\\/\\\/nirigs.com\\\/product\\\/cantu-grapeseed-strengthening-curling-cream-with-shea-butter-jojoba-carrot-oil-340g\\\/#breadcrumb\"},\"inLanguage\":\"en-US\",\"potentialAction\":[{\"@type\":\"ReadAction\",\"target\":[\"https:\\\/\\\/nirigs.com\\\/product\\\/cantu-grapeseed-strengthening-curling-cream-with-shea-butter-jojoba-carrot-oil-340g\\\/\"]}]},{\"@type\":\"ImageObject\",\"inLanguage\":\"en-US\",\"@id\":\"https:\\\/\\\/nirigs.com\\\/product\\\/cantu-grapeseed-strengthening-curling-cream-with-shea-butter-jojoba-carrot-oil-340g\\\/#primaryimage\",\"url\":\"https:\\\/\\\/nirigs.com\\\/wp-content\\\/uploads\\\/2024\\\/02\\\/Cantu-\u2013-Creme-bouclante-fortifiante-au-pepin-de-raisin-avec-beurre-de-karite-huile-de-jojoba-et-huile-de-carotte-\u2013-340g.jpg\",\"contentUrl\":\"https:\\\/\\\/nirigs.com\\\/wp-content\\\/uploads\\\/2024\\\/02\\\/Cantu-\u2013-Creme-bouclante-fortifiante-au-pepin-de-raisin-avec-beurre-de-karite-huile-de-jojoba-et-huile-de-carotte-\u2013-340g.jpg\",\"width\":1000,\"height\":1000},{\"@type\":\"BreadcrumbList\",\"@id\":\"https:\\\/\\\/nirigs.com\\\/product\\\/cantu-grapeseed-strengthening-curling-cream-with-shea-butter-jojoba-carrot-oil-340g\\\/#breadcrumb\",\"itemListElement\":[{\"@type\":\"ListItem\",\"position\":1,\"name\":\"Home\",\"item\":\"https:\\\/\\\/nirigs.com\\\/\"},{\"@type\":\"ListItem\",\"position\":2,\"name\":\"Parcourir\",\"item\":\"https:\\\/\\\/nirigs.com\\\/boutique\\\/\"},{\"@type\":\"ListItem\",\"position\":3,\"name\":\"Cantu &#8211; Cr\u00e8me bouclante fortifiante au p\u00e9pin de raisin avec beurre de karit\u00e9, huile de jojoba et huile de carotte &#8211; 340g\"}]},{\"@type\":\"WebSite\",\"@id\":\"https:\\\/\\\/nirigs.com\\\/#website\",\"url\":\"https:\\\/\\\/nirigs.com\\\/\",\"name\":\"Nirigs.com\",\"description\":\"Simplifiez vos achats du quotidien \u00e0 Djibouti\",\"publisher\":{\"@id\":\"https:\\\/\\\/nirigs.com\\\/#organization\"},\"potentialAction\":[{\"@type\":\"SearchAction\",\"target\":{\"@type\":\"EntryPoint\",\"urlTemplate\":\"https:\\\/\\\/nirigs.com\\\/?s={search_term_string}\"},\"query-input\":{\"@type\":\"PropertyValueSpecification\",\"valueRequired\":true,\"valueName\":\"search_term_string\"}}],\"inLanguage\":\"en-US\"},{\"@type\":\"Organization\",\"@id\":\"https:\\\/\\\/nirigs.com\\\/#organization\",\"name\":\"Nirigs\",\"url\":\"https:\\\/\\\/nirigs.com\\\/\",\"logo\":{\"@type\":\"ImageObject\",\"inLanguage\":\"en-US\",\"@id\":\"https:\\\/\\\/nirigs.com\\\/#\\\/schema\\\/logo\\\/image\\\/\",\"url\":\"https:\\\/\\\/nirigs.com\\\/wp-content\\\/uploads\\\/2025\\\/04\\\/Design-sans-titre-27.png\",\"contentUrl\":\"https:\\\/\\\/nirigs.com\\\/wp-content\\\/uploads\\\/2025\\\/04\\\/Design-sans-titre-27.png\",\"width\":500,\"height\":500,\"caption\":\"Nirigs\"},\"image\":{\"@id\":\"https:\\\/\\\/nirigs.com\\\/#\\\/schema\\\/logo\\\/image\\\/\"}}]}<\/script>\n<!-- \/ Yoast SEO plugin. -->","yoast_head_json":{"title":"Cantu - Cr\u00e8me bouclante fortifiante au p\u00e9pin de raisin avec beurre de karit\u00e9, huile de jojoba et huile de carotte - 340g - NIRIGS","robots":{"index":"index","follow":"follow","max-snippet":"max-snippet:-1","max-image-preview":"max-image-preview:large","max-video-preview":"max-video-preview:-1"},"canonical":"https:\/\/nirigs.com\/en\/product\/cantu-grapeseed-strengthening-curling-cream-with-shea-butter-jojoba-carrot-oil-340g\/","og_locale":"en_US","og_type":"article","og_title":"Cantu - Cr\u00e8me bouclante fortifiante au p\u00e9pin de raisin avec beurre de karit\u00e9, huile de jojoba et huile de carotte - 340g - NIRIGS","og_description":"La\u00a0Cr\u00e8me pour boucles aux p\u00e9pins raisins de la marque\u00a0CANTU\u00a0est parfaite pour red\u00e9finir vos boucles et leur rendre un nouvel \u00e9clat.","og_url":"https:\/\/nirigs.com\/en\/product\/cantu-grapeseed-strengthening-curling-cream-with-shea-butter-jojoba-carrot-oil-340g\/","og_site_name":"NIRIGS","article_modified_time":"2025-03-14T15:12:48+00:00","og_image":[{"width":1000,"height":1000,"url":"https:\/\/nirigs.com\/wp-content\/uploads\/2024\/02\/Cantu-\u2013-Creme-bouclante-fortifiante-au-pepin-de-raisin-avec-beurre-de-karite-huile-de-jojoba-et-huile-de-carotte-\u2013-340g.jpg","type":"image\/jpeg"}],"twitter_card":"summary_large_image","twitter_misc":{"Est. reading time":"1 minute"},"schema":{"@context":"https:\/\/schema.org","@graph":[{"@type":"WebPage","@id":"https:\/\/nirigs.com\/product\/cantu-grapeseed-strengthening-curling-cream-with-shea-butter-jojoba-carrot-oil-340g\/","url":"https:\/\/nirigs.com\/product\/cantu-grapeseed-strengthening-curling-cream-with-shea-butter-jojoba-carrot-oil-340g\/","name":"Cantu - Cr\u00e8me bouclante fortifiante au p\u00e9pin de raisin avec beurre de karit\u00e9, huile de jojoba et huile de carotte - 340g - NIRIGS","isPartOf":{"@id":"https:\/\/nirigs.com\/#website"},"primaryImageOfPage":{"@id":"https:\/\/nirigs.com\/product\/cantu-grapeseed-strengthening-curling-cream-with-shea-butter-jojoba-carrot-oil-340g\/#primaryimage"},"image":{"@id":"https:\/\/nirigs.com\/product\/cantu-grapeseed-strengthening-curling-cream-with-shea-butter-jojoba-carrot-oil-340g\/#primaryimage"},"thumbnailUrl":"https:\/\/nirigs.com\/wp-content\/uploads\/2024\/02\/Cantu-\u2013-Creme-bouclante-fortifiante-au-pepin-de-raisin-avec-beurre-de-karite-huile-de-jojoba-et-huile-de-carotte-\u2013-340g.jpg","datePublished":"2024-02-28T18:05:51+00:00","dateModified":"2025-03-14T15:12:48+00:00","breadcrumb":{"@id":"https:\/\/nirigs.com\/product\/cantu-grapeseed-strengthening-curling-cream-with-shea-butter-jojoba-carrot-oil-340g\/#breadcrumb"},"inLanguage":"en-US","potentialAction":[{"@type":"ReadAction","target":["https:\/\/nirigs.com\/product\/cantu-grapeseed-strengthening-curling-cream-with-shea-butter-jojoba-carrot-oil-340g\/"]}]},{"@type":"ImageObject","inLanguage":"en-US","@id":"https:\/\/nirigs.com\/product\/cantu-grapeseed-strengthening-curling-cream-with-shea-butter-jojoba-carrot-oil-340g\/#primaryimage","url":"https:\/\/nirigs.com\/wp-content\/uploads\/2024\/02\/Cantu-\u2013-Creme-bouclante-fortifiante-au-pepin-de-raisin-avec-beurre-de-karite-huile-de-jojoba-et-huile-de-carotte-\u2013-340g.jpg","contentUrl":"https:\/\/nirigs.com\/wp-content\/uploads\/2024\/02\/Cantu-\u2013-Creme-bouclante-fortifiante-au-pepin-de-raisin-avec-beurre-de-karite-huile-de-jojoba-et-huile-de-carotte-\u2013-340g.jpg","width":1000,"height":1000},{"@type":"BreadcrumbList","@id":"https:\/\/nirigs.com\/product\/cantu-grapeseed-strengthening-curling-cream-with-shea-butter-jojoba-carrot-oil-340g\/#breadcrumb","itemListElement":[{"@type":"ListItem","position":1,"name":"Home","item":"https:\/\/nirigs.com\/"},{"@type":"ListItem","position":2,"name":"Parcourir","item":"https:\/\/nirigs.com\/boutique\/"},{"@type":"ListItem","position":3,"name":"Cantu &#8211; Cr\u00e8me bouclante fortifiante au p\u00e9pin de raisin avec beurre de karit\u00e9, huile de jojoba et huile de carotte &#8211; 340g"}]},{"@type":"WebSite","@id":"https:\/\/nirigs.com\/#website","url":"https:\/\/nirigs.com\/","name":"Nirigs.com","description":"Simplifiez vos achats du quotidien \u00e0 Djibouti","publisher":{"@id":"https:\/\/nirigs.com\/#organization"},"potentialAction":[{"@type":"SearchAction","target":{"@type":"EntryPoint","urlTemplate":"https:\/\/nirigs.com\/?s={search_term_string}"},"query-input":{"@type":"PropertyValueSpecification","valueRequired":true,"valueName":"search_term_string"}}],"inLanguage":"en-US"},{"@type":"Organization","@id":"https:\/\/nirigs.com\/#organization","name":"Nirigs","url":"https:\/\/nirigs.com\/","logo":{"@type":"ImageObject","inLanguage":"en-US","@id":"https:\/\/nirigs.com\/#\/schema\/logo\/image\/","url":"https:\/\/nirigs.com\/wp-content\/uploads\/2025\/04\/Design-sans-titre-27.png","contentUrl":"https:\/\/nirigs.com\/wp-content\/uploads\/2025\/04\/Design-sans-titre-27.png","width":500,"height":500,"caption":"Nirigs"},"image":{"@id":"https:\/\/nirigs.com\/#\/schema\/logo\/image\/"}}]}},"brands":[{"id":758,"name":"Cantu","slug":"cantu"}],"_links":{"self":[{"href":"https:\/\/nirigs.com\/en\/wp-json\/wp\/v2\/product\/17627","targetHints":{"allow":["GET"]}}],"collection":[{"href":"https:\/\/nirigs.com\/en\/wp-json\/wp\/v2\/product"}],"about":[{"href":"https:\/\/nirigs.com\/en\/wp-json\/wp\/v2\/types\/product"}],"replies":[{"embeddable":true,"href":"https:\/\/nirigs.com\/en\/wp-json\/wp\/v2\/comments?post=17627"}],"version-history":[{"count":2,"href":"https:\/\/nirigs.com\/en\/wp-json\/wp\/v2\/product\/17627\/revisions"}],"predecessor-version":[{"id":18666,"href":"https:\/\/nirigs.com\/en\/wp-json\/wp\/v2\/product\/17627\/revisions\/18666"}],"wp:featuredmedia":[{"embeddable":true,"href":"https:\/\/nirigs.com\/en\/wp-json\/wp\/v2\/media\/23952"}],"wp:attachment":[{"href":"https:\/\/nirigs.com\/en\/wp-json\/wp\/v2\/media?parent=17627"}],"wp:term":[{"taxonomy":"pwb-brand","embeddable":true,"href":"https:\/\/nirigs.com\/en\/wp-json\/wp\/v2\/pwb-brand?post=17627"},{"taxonomy":"product_brand","embeddable":true,"href":"https:\/\/nirigs.com\/en\/wp-json\/wp\/v2\/product_brand?post=17627"},{"taxonomy":"product_cat","embeddable":true,"href":"https:\/\/nirigs.com\/en\/wp-json\/wp\/v2\/product_cat?post=17627"},{"taxonomy":"product_tag","embeddable":true,"href":"https:\/\/nirigs.com\/en\/wp-json\/wp\/v2\/product_tag?post=17627"}],"curies":[{"name":"wp","href":"https:\/\/api.w.org\/{rel}","templated":true}]}}