{"id":17623,"date":"2024-02-28T20:38:57","date_gmt":"2024-02-28T17:38:57","guid":{"rendered":"https:\/\/nirigs.com\/product\/cantu-conditioner-with-shea-butter-400-ml\/"},"modified":"2025-03-14T18:13:07","modified_gmt":"2025-03-14T15:13:07","slug":"cantu-conditioner-with-shea-butter-400-ml","status":"publish","type":"product","link":"https:\/\/nirigs.com\/en\/product\/cantu-conditioner-with-shea-butter-400-ml\/","title":{"rendered":"Cantu - Conditioner with shea butter - 400 ml"},"content":{"rendered":"<p>La formule unique sans sulfate hydrate les cheveux secs et cassants et pr\u00e9vient les pointes fourchues et les cassures pour des cheveux plus sains et hydrat\u00e9s. Fabriqu\u00e9 avec du beurre de karit\u00e9 pur et formul\u00e9 sans ingr\u00e9dients agressifs.<\/p>\n<p>SANS HUILE MIN\u00c9RALE, SULFATES, PARABENS, SILICONES, PHTHALATES, GLUTEN, PARAFFIN ou PROPYLENE.<\/p>\n<p>Advantages :<\/p>\n<ul>\n<li>Aide les cheveux \u00e0 conserver leurs huiles naturelles pour r\u00e9duire les pointes fourchues.<\/li>\n<li>Hydrate et r\u00e9v\u00e8le des cheveux plus sains et hydrat\u00e9s.<\/li>\n<li>Conditionne et ajoute du glissant pour r\u00e9duire les cassures.<\/li>\n<li>R\u00e9compenses : Gagnant du meilleur apr\u00e8s-shampooing CurlBox 2015<\/li>\n<\/ul>\n<h4><strong>Use<\/strong><\/h4>\n<p>Appliquez une quantit\u00e9 g\u00e9n\u00e9reuse sur les pointes et travaillez vers la racine. Rincez abondamment \u00e0 l&rsquo;eau fra\u00eeche.<\/p>","protected":false},"excerpt":{"rendered":"<p>La formule unique sans sulfate hydrate les cheveux secs et cassants et pr\u00e9vient les pointes fourchues et les cassures pour<\/p>","protected":false},"featured_media":23964,"comment_status":"open","ping_status":"closed","template":"","meta":[],"pwb-brand":[758],"product_brand":[],"product_cat":[1025,267,1022,1024],"product_tag":[],"class_list":{"0":"post-17623","1":"product","2":"type-product","3":"status-publish","4":"has-post-thumbnail","6":"pwb-brand-cantu","7":"product_cat-apres-shampooings","8":"product_cat-beaute-et-soins","9":"product_cat-coiffures-et-soins-des-cheveux","10":"product_cat-soins-des-cheveux","12":"first","13":"instock","14":"shipping-taxable","15":"purchasable","16":"product-type-simple"},"yoast_head":"<!-- This site is optimized with the Yoast SEO plugin v27.4 - https:\/\/yoast.com\/product\/yoast-seo-wordpress\/ -->\n<title>Cantu - Apr\u00e8s-shampoing au beurre de karit\u00e9 - 400 ml - NIRIGS<\/title>\n<meta name=\"robots\" content=\"index, follow, max-snippet:-1, max-image-preview:large, max-video-preview:-1\" \/>\n<link rel=\"canonical\" href=\"https:\/\/nirigs.com\/en\/product\/cantu-conditioner-with-shea-butter-400-ml\/\" \/>\n<meta property=\"og:locale\" content=\"en_US\" \/>\n<meta property=\"og:type\" content=\"article\" \/>\n<meta property=\"og:title\" content=\"Cantu - Apr\u00e8s-shampoing au beurre de karit\u00e9 - 400 ml - NIRIGS\" \/>\n<meta property=\"og:description\" content=\"La formule unique sans sulfate hydrate les cheveux secs et cassants et pr\u00e9vient les pointes fourchues et les cassures pour\" \/>\n<meta property=\"og:url\" content=\"https:\/\/nirigs.com\/en\/product\/cantu-conditioner-with-shea-butter-400-ml\/\" \/>\n<meta property=\"og:site_name\" content=\"NIRIGS\" \/>\n<meta property=\"article:modified_time\" content=\"2025-03-14T15:13:07+00:00\" \/>\n<meta property=\"og:image\" content=\"https:\/\/nirigs.com\/wp-content\/uploads\/2024\/02\/Cantu-\u2013-Apres-shampoing-au-beurre-de-karite-\u2013-400-ml.jpg\" \/>\n\t<meta property=\"og:image:width\" content=\"1000\" \/>\n\t<meta property=\"og:image:height\" content=\"1000\" \/>\n\t<meta property=\"og:image:type\" content=\"image\/jpeg\" \/>\n<meta name=\"twitter:card\" content=\"summary_large_image\" \/>\n<meta name=\"twitter:label1\" content=\"Est. reading time\" \/>\n\t<meta name=\"twitter:data1\" content=\"1 minute\" \/>\n<script type=\"application\/ld+json\" class=\"yoast-schema-graph\">{\"@context\":\"https:\\\/\\\/schema.org\",\"@graph\":[{\"@type\":\"WebPage\",\"@id\":\"https:\\\/\\\/nirigs.com\\\/product\\\/cantu-conditioner-with-shea-butter-400-ml\\\/\",\"url\":\"https:\\\/\\\/nirigs.com\\\/product\\\/cantu-conditioner-with-shea-butter-400-ml\\\/\",\"name\":\"Cantu - Apr\u00e8s-shampoing au beurre de karit\u00e9 - 400 ml - NIRIGS\",\"isPartOf\":{\"@id\":\"https:\\\/\\\/nirigs.com\\\/#website\"},\"primaryImageOfPage\":{\"@id\":\"https:\\\/\\\/nirigs.com\\\/product\\\/cantu-conditioner-with-shea-butter-400-ml\\\/#primaryimage\"},\"image\":{\"@id\":\"https:\\\/\\\/nirigs.com\\\/product\\\/cantu-conditioner-with-shea-butter-400-ml\\\/#primaryimage\"},\"thumbnailUrl\":\"https:\\\/\\\/nirigs.com\\\/wp-content\\\/uploads\\\/2024\\\/02\\\/Cantu-\u2013-Apres-shampoing-au-beurre-de-karite-\u2013-400-ml.jpg\",\"datePublished\":\"2024-02-28T17:38:57+00:00\",\"dateModified\":\"2025-03-14T15:13:07+00:00\",\"breadcrumb\":{\"@id\":\"https:\\\/\\\/nirigs.com\\\/product\\\/cantu-conditioner-with-shea-butter-400-ml\\\/#breadcrumb\"},\"inLanguage\":\"en-US\",\"potentialAction\":[{\"@type\":\"ReadAction\",\"target\":[\"https:\\\/\\\/nirigs.com\\\/product\\\/cantu-conditioner-with-shea-butter-400-ml\\\/\"]}]},{\"@type\":\"ImageObject\",\"inLanguage\":\"en-US\",\"@id\":\"https:\\\/\\\/nirigs.com\\\/product\\\/cantu-conditioner-with-shea-butter-400-ml\\\/#primaryimage\",\"url\":\"https:\\\/\\\/nirigs.com\\\/wp-content\\\/uploads\\\/2024\\\/02\\\/Cantu-\u2013-Apres-shampoing-au-beurre-de-karite-\u2013-400-ml.jpg\",\"contentUrl\":\"https:\\\/\\\/nirigs.com\\\/wp-content\\\/uploads\\\/2024\\\/02\\\/Cantu-\u2013-Apres-shampoing-au-beurre-de-karite-\u2013-400-ml.jpg\",\"width\":1000,\"height\":1000},{\"@type\":\"BreadcrumbList\",\"@id\":\"https:\\\/\\\/nirigs.com\\\/product\\\/cantu-conditioner-with-shea-butter-400-ml\\\/#breadcrumb\",\"itemListElement\":[{\"@type\":\"ListItem\",\"position\":1,\"name\":\"Home\",\"item\":\"https:\\\/\\\/nirigs.com\\\/\"},{\"@type\":\"ListItem\",\"position\":2,\"name\":\"Parcourir\",\"item\":\"https:\\\/\\\/nirigs.com\\\/boutique\\\/\"},{\"@type\":\"ListItem\",\"position\":3,\"name\":\"Cantu &#8211; Apr\u00e8s-shampoing au beurre de karit\u00e9 &#8211; 400 ml\"}]},{\"@type\":\"WebSite\",\"@id\":\"https:\\\/\\\/nirigs.com\\\/#website\",\"url\":\"https:\\\/\\\/nirigs.com\\\/\",\"name\":\"Nirigs.com\",\"description\":\"Simplifiez vos achats du quotidien \u00e0 Djibouti\",\"publisher\":{\"@id\":\"https:\\\/\\\/nirigs.com\\\/#organization\"},\"potentialAction\":[{\"@type\":\"SearchAction\",\"target\":{\"@type\":\"EntryPoint\",\"urlTemplate\":\"https:\\\/\\\/nirigs.com\\\/?s={search_term_string}\"},\"query-input\":{\"@type\":\"PropertyValueSpecification\",\"valueRequired\":true,\"valueName\":\"search_term_string\"}}],\"inLanguage\":\"en-US\"},{\"@type\":\"Organization\",\"@id\":\"https:\\\/\\\/nirigs.com\\\/#organization\",\"name\":\"Nirigs\",\"url\":\"https:\\\/\\\/nirigs.com\\\/\",\"logo\":{\"@type\":\"ImageObject\",\"inLanguage\":\"en-US\",\"@id\":\"https:\\\/\\\/nirigs.com\\\/#\\\/schema\\\/logo\\\/image\\\/\",\"url\":\"https:\\\/\\\/nirigs.com\\\/wp-content\\\/uploads\\\/2025\\\/04\\\/Design-sans-titre-27.png\",\"contentUrl\":\"https:\\\/\\\/nirigs.com\\\/wp-content\\\/uploads\\\/2025\\\/04\\\/Design-sans-titre-27.png\",\"width\":500,\"height\":500,\"caption\":\"Nirigs\"},\"image\":{\"@id\":\"https:\\\/\\\/nirigs.com\\\/#\\\/schema\\\/logo\\\/image\\\/\"}}]}<\/script>\n<!-- \/ Yoast SEO plugin. -->","yoast_head_json":{"title":"Cantu - Apr\u00e8s-shampoing au beurre de karit\u00e9 - 400 ml - NIRIGS","robots":{"index":"index","follow":"follow","max-snippet":"max-snippet:-1","max-image-preview":"max-image-preview:large","max-video-preview":"max-video-preview:-1"},"canonical":"https:\/\/nirigs.com\/en\/product\/cantu-conditioner-with-shea-butter-400-ml\/","og_locale":"en_US","og_type":"article","og_title":"Cantu - Apr\u00e8s-shampoing au beurre de karit\u00e9 - 400 ml - NIRIGS","og_description":"La formule unique sans sulfate hydrate les cheveux secs et cassants et pr\u00e9vient les pointes fourchues et les cassures pour","og_url":"https:\/\/nirigs.com\/en\/product\/cantu-conditioner-with-shea-butter-400-ml\/","og_site_name":"NIRIGS","article_modified_time":"2025-03-14T15:13:07+00:00","og_image":[{"width":1000,"height":1000,"url":"https:\/\/nirigs.com\/wp-content\/uploads\/2024\/02\/Cantu-\u2013-Apres-shampoing-au-beurre-de-karite-\u2013-400-ml.jpg","type":"image\/jpeg"}],"twitter_card":"summary_large_image","twitter_misc":{"Est. reading time":"1 minute"},"schema":{"@context":"https:\/\/schema.org","@graph":[{"@type":"WebPage","@id":"https:\/\/nirigs.com\/product\/cantu-conditioner-with-shea-butter-400-ml\/","url":"https:\/\/nirigs.com\/product\/cantu-conditioner-with-shea-butter-400-ml\/","name":"Cantu - Apr\u00e8s-shampoing au beurre de karit\u00e9 - 400 ml - NIRIGS","isPartOf":{"@id":"https:\/\/nirigs.com\/#website"},"primaryImageOfPage":{"@id":"https:\/\/nirigs.com\/product\/cantu-conditioner-with-shea-butter-400-ml\/#primaryimage"},"image":{"@id":"https:\/\/nirigs.com\/product\/cantu-conditioner-with-shea-butter-400-ml\/#primaryimage"},"thumbnailUrl":"https:\/\/nirigs.com\/wp-content\/uploads\/2024\/02\/Cantu-\u2013-Apres-shampoing-au-beurre-de-karite-\u2013-400-ml.jpg","datePublished":"2024-02-28T17:38:57+00:00","dateModified":"2025-03-14T15:13:07+00:00","breadcrumb":{"@id":"https:\/\/nirigs.com\/product\/cantu-conditioner-with-shea-butter-400-ml\/#breadcrumb"},"inLanguage":"en-US","potentialAction":[{"@type":"ReadAction","target":["https:\/\/nirigs.com\/product\/cantu-conditioner-with-shea-butter-400-ml\/"]}]},{"@type":"ImageObject","inLanguage":"en-US","@id":"https:\/\/nirigs.com\/product\/cantu-conditioner-with-shea-butter-400-ml\/#primaryimage","url":"https:\/\/nirigs.com\/wp-content\/uploads\/2024\/02\/Cantu-\u2013-Apres-shampoing-au-beurre-de-karite-\u2013-400-ml.jpg","contentUrl":"https:\/\/nirigs.com\/wp-content\/uploads\/2024\/02\/Cantu-\u2013-Apres-shampoing-au-beurre-de-karite-\u2013-400-ml.jpg","width":1000,"height":1000},{"@type":"BreadcrumbList","@id":"https:\/\/nirigs.com\/product\/cantu-conditioner-with-shea-butter-400-ml\/#breadcrumb","itemListElement":[{"@type":"ListItem","position":1,"name":"Home","item":"https:\/\/nirigs.com\/"},{"@type":"ListItem","position":2,"name":"Parcourir","item":"https:\/\/nirigs.com\/boutique\/"},{"@type":"ListItem","position":3,"name":"Cantu &#8211; Apr\u00e8s-shampoing au beurre de karit\u00e9 &#8211; 400 ml"}]},{"@type":"WebSite","@id":"https:\/\/nirigs.com\/#website","url":"https:\/\/nirigs.com\/","name":"Nirigs.com","description":"Simplifiez vos achats du quotidien \u00e0 Djibouti","publisher":{"@id":"https:\/\/nirigs.com\/#organization"},"potentialAction":[{"@type":"SearchAction","target":{"@type":"EntryPoint","urlTemplate":"https:\/\/nirigs.com\/?s={search_term_string}"},"query-input":{"@type":"PropertyValueSpecification","valueRequired":true,"valueName":"search_term_string"}}],"inLanguage":"en-US"},{"@type":"Organization","@id":"https:\/\/nirigs.com\/#organization","name":"Nirigs","url":"https:\/\/nirigs.com\/","logo":{"@type":"ImageObject","inLanguage":"en-US","@id":"https:\/\/nirigs.com\/#\/schema\/logo\/image\/","url":"https:\/\/nirigs.com\/wp-content\/uploads\/2025\/04\/Design-sans-titre-27.png","contentUrl":"https:\/\/nirigs.com\/wp-content\/uploads\/2025\/04\/Design-sans-titre-27.png","width":500,"height":500,"caption":"Nirigs"},"image":{"@id":"https:\/\/nirigs.com\/#\/schema\/logo\/image\/"}}]}},"brands":[{"id":758,"name":"Cantu","slug":"cantu"}],"_links":{"self":[{"href":"https:\/\/nirigs.com\/en\/wp-json\/wp\/v2\/product\/17623","targetHints":{"allow":["GET"]}}],"collection":[{"href":"https:\/\/nirigs.com\/en\/wp-json\/wp\/v2\/product"}],"about":[{"href":"https:\/\/nirigs.com\/en\/wp-json\/wp\/v2\/types\/product"}],"replies":[{"embeddable":true,"href":"https:\/\/nirigs.com\/en\/wp-json\/wp\/v2\/comments?post=17623"}],"version-history":[{"count":3,"href":"https:\/\/nirigs.com\/en\/wp-json\/wp\/v2\/product\/17623\/revisions"}],"predecessor-version":[{"id":18670,"href":"https:\/\/nirigs.com\/en\/wp-json\/wp\/v2\/product\/17623\/revisions\/18670"}],"wp:featuredmedia":[{"embeddable":true,"href":"https:\/\/nirigs.com\/en\/wp-json\/wp\/v2\/media\/23964"}],"wp:attachment":[{"href":"https:\/\/nirigs.com\/en\/wp-json\/wp\/v2\/media?parent=17623"}],"wp:term":[{"taxonomy":"pwb-brand","embeddable":true,"href":"https:\/\/nirigs.com\/en\/wp-json\/wp\/v2\/pwb-brand?post=17623"},{"taxonomy":"product_brand","embeddable":true,"href":"https:\/\/nirigs.com\/en\/wp-json\/wp\/v2\/product_brand?post=17623"},{"taxonomy":"product_cat","embeddable":true,"href":"https:\/\/nirigs.com\/en\/wp-json\/wp\/v2\/product_cat?post=17623"},{"taxonomy":"product_tag","embeddable":true,"href":"https:\/\/nirigs.com\/en\/wp-json\/wp\/v2\/product_tag?post=17623"}],"curies":[{"name":"wp","href":"https:\/\/api.w.org\/{rel}","templated":true}]}}