{"id":17612,"date":"2024-02-28T18:55:24","date_gmt":"2024-02-28T15:55:24","guid":{"rendered":"https:\/\/nirigs.com\/product\/cantu-avocado-curl-activator-355ml\/"},"modified":"2025-03-14T18:13:34","modified_gmt":"2025-03-14T15:13:34","slug":"cantu-avocado-curl-activator-355ml","status":"publish","type":"product","link":"https:\/\/nirigs.com\/en\/product\/cantu-avocado-curl-activator-355ml\/","title":{"rendered":"Cantu - Avocado curl activator - 355ml"},"content":{"rendered":"<p>Profitez du volume sans frisottis avec la cr\u00e8me activatrice de boucles d&rsquo;avocat Cantu. Fabriqu\u00e9 avec du beurre de karit\u00e9 pur et de l&rsquo;huile d&rsquo;avocat, ce m\u00e9lange unique augmente l&rsquo;hydratation tout en lissant et en am\u00e9liorant le motif naturel de vos boucles pour fournir la d\u00e9finition et le volume sans frisottis dont vous r\u00eavez. Vos cheveux sont uniques et authentiquement beaux, comme vous.<\/p>\n<p>Prenez-en soin avec Cantu. Nos produits nettoyants, revitalisants et coiffants sont sp\u00e9cialement formul\u00e9s avec des ingr\u00e9dients simples pour vous aider \u00e0 atteindre tous vos objectifs capillaires et \u00e0 vous sentir mieux.<\/p>\n<p>Fabriqu\u00e9 avec du beurre de karit\u00e9 pur pour augmenter l&rsquo;humidit\u00e9 et l&rsquo;hydratation<br \/>\nL&rsquo;huile d&rsquo;avocat aide \u00e0 lisser les boucles et \u00e0 fournir un volume sans frisottis<br \/>\nSans sulfates, parab\u00e8nes et phtalates<\/p>\n<h4 class=\"mv0 lh-copy f5 pb1 dark-gray\"><strong>Ingredients<\/strong><\/h4>\n<p class=\"mv0 lh-copy f6 mid-gray\">Water (Aqua, Eau), Glycerin, Propanediol, Behentrimonium Methosulfate, Persea Gratissima (Avocado) Oil Cetearyl Alcohol, Stearyl Alcohol, Butyrospermum Parkii (Shea) Butter, Polyquaternium11, Cetyl Alcohol, Polyquaternium10, Fragrance (Parfum), Olea Europaea (Olive) Fruit Oil, Aloe Barbadensis (Aloe Vera) Leaf Juice (Decolorized), Lonicera Caprifolium (Honeysuckle) Flower Extract, Macrocystis Pyrifera (Kelp) Extract, Salvia Officinalis (Sage Leaf Extract, Vitis Vinifera (Grape) Seed Oil, Urtica Dioica (Nettle) Extract, Cocos Nucifera (Coconut Oil, Prunus Amygdalus Dulcis (Sweet Almond) Oil, Simmondsia Chinesis (Jojoba) Seed Oil, Mangifera Indica (Mango) Seed Butter, Argania Spinosa (Argan) Kernel Oil, Melia Azadirachta (Neem) Seed Oil, Daucus Carota Sativa (Carrot) Seed Oil. Macadamia Ternifolia Seed Oil Mangifera Indica (Mango) Seed Oil, Glycine Soja (Soybean) Oil, Canola Oil, Hydrolyzed Silk Protein, Ethylhexylglycerin, Silk Amino Acids, Phenoxyethanol, Polysorbate 60<\/p>","protected":false},"excerpt":{"rendered":"<p>Profitez du volume sans frisottis avec la cr\u00e8me activatrice de boucles d&rsquo;avocat Cantu. Fabriqu\u00e9 avec du beurre de karit\u00e9 pur<\/p>","protected":false},"featured_media":23988,"comment_status":"open","ping_status":"closed","template":"","meta":[],"pwb-brand":[758],"product_brand":[],"product_cat":[267,1022,1071],"product_tag":[],"class_list":{"0":"post-17612","1":"product","2":"type-product","3":"status-publish","4":"has-post-thumbnail","6":"pwb-brand-cantu","7":"product_cat-beaute-et-soins","8":"product_cat-coiffures-et-soins-des-cheveux","9":"product_cat-produits-coiffants","11":"first","12":"instock","13":"shipping-taxable","14":"purchasable","15":"product-type-simple"},"yoast_head":"<!-- This site is optimized with the Yoast SEO plugin v27.1.1 - https:\/\/yoast.com\/product\/yoast-seo-wordpress\/ -->\n<title>Cantu - Activateur de boucles \u00e0 l&#039;avocat - 355ml - NIRIGS<\/title>\n<meta name=\"robots\" content=\"index, follow, max-snippet:-1, max-image-preview:large, max-video-preview:-1\" \/>\n<link rel=\"canonical\" href=\"https:\/\/nirigs.com\/en\/product\/cantu-avocado-curl-activator-355ml\/\" \/>\n<meta property=\"og:locale\" content=\"en_US\" \/>\n<meta property=\"og:type\" content=\"article\" \/>\n<meta property=\"og:title\" content=\"Cantu - Activateur de boucles \u00e0 l&#039;avocat - 355ml - NIRIGS\" \/>\n<meta property=\"og:description\" content=\"Profitez du volume sans frisottis avec la cr\u00e8me activatrice de boucles d&rsquo;avocat Cantu. Fabriqu\u00e9 avec du beurre de karit\u00e9 pur\" \/>\n<meta property=\"og:url\" content=\"https:\/\/nirigs.com\/en\/product\/cantu-avocado-curl-activator-355ml\/\" \/>\n<meta property=\"og:site_name\" content=\"NIRIGS\" \/>\n<meta property=\"article:modified_time\" content=\"2025-03-14T15:13:34+00:00\" \/>\n<meta property=\"og:image\" content=\"https:\/\/nirigs.com\/wp-content\/uploads\/2024\/02\/Cantu-\u2013-Activateur-de-boucles-a-lavocat-\u2013-355ml.jpg\" \/>\n\t<meta property=\"og:image:width\" content=\"1000\" \/>\n\t<meta property=\"og:image:height\" content=\"1000\" \/>\n\t<meta property=\"og:image:type\" content=\"image\/jpeg\" \/>\n<meta name=\"twitter:card\" content=\"summary_large_image\" \/>\n<meta name=\"twitter:label1\" content=\"Est. reading time\" \/>\n\t<meta name=\"twitter:data1\" content=\"1 minute\" \/>\n<script type=\"application\/ld+json\" class=\"yoast-schema-graph\">{\"@context\":\"https:\/\/schema.org\",\"@graph\":[{\"@type\":\"WebPage\",\"@id\":\"https:\/\/nirigs.com\/product\/cantu-avocado-curl-activator-355ml\/\",\"url\":\"https:\/\/nirigs.com\/product\/cantu-avocado-curl-activator-355ml\/\",\"name\":\"Cantu - Activateur de boucles \u00e0 l'avocat - 355ml - NIRIGS\",\"isPartOf\":{\"@id\":\"https:\/\/nirigs.com\/#website\"},\"primaryImageOfPage\":{\"@id\":\"https:\/\/nirigs.com\/product\/cantu-avocado-curl-activator-355ml\/#primaryimage\"},\"image\":{\"@id\":\"https:\/\/nirigs.com\/product\/cantu-avocado-curl-activator-355ml\/#primaryimage\"},\"thumbnailUrl\":\"https:\/\/nirigs.com\/wp-content\/uploads\/2024\/02\/Cantu-\u2013-Activateur-de-boucles-a-lavocat-\u2013-355ml.jpg\",\"datePublished\":\"2024-02-28T15:55:24+00:00\",\"dateModified\":\"2025-03-14T15:13:34+00:00\",\"breadcrumb\":{\"@id\":\"https:\/\/nirigs.com\/product\/cantu-avocado-curl-activator-355ml\/#breadcrumb\"},\"inLanguage\":\"en-US\",\"potentialAction\":[{\"@type\":\"ReadAction\",\"target\":[\"https:\/\/nirigs.com\/product\/cantu-avocado-curl-activator-355ml\/\"]}]},{\"@type\":\"ImageObject\",\"inLanguage\":\"en-US\",\"@id\":\"https:\/\/nirigs.com\/product\/cantu-avocado-curl-activator-355ml\/#primaryimage\",\"url\":\"https:\/\/nirigs.com\/wp-content\/uploads\/2024\/02\/Cantu-\u2013-Activateur-de-boucles-a-lavocat-\u2013-355ml.jpg\",\"contentUrl\":\"https:\/\/nirigs.com\/wp-content\/uploads\/2024\/02\/Cantu-\u2013-Activateur-de-boucles-a-lavocat-\u2013-355ml.jpg\",\"width\":1000,\"height\":1000},{\"@type\":\"BreadcrumbList\",\"@id\":\"https:\/\/nirigs.com\/product\/cantu-avocado-curl-activator-355ml\/#breadcrumb\",\"itemListElement\":[{\"@type\":\"ListItem\",\"position\":1,\"name\":\"Home\",\"item\":\"https:\/\/nirigs.com\/\"},{\"@type\":\"ListItem\",\"position\":2,\"name\":\"Parcourir\",\"item\":\"https:\/\/nirigs.com\/boutique\/\"},{\"@type\":\"ListItem\",\"position\":3,\"name\":\"Cantu &#8211; Activateur de boucles \u00e0 l&rsquo;avocat &#8211; 355ml\"}]},{\"@type\":\"WebSite\",\"@id\":\"https:\/\/nirigs.com\/#website\",\"url\":\"https:\/\/nirigs.com\/\",\"name\":\"Nirigs.com\",\"description\":\"Simplifiez vos achats du quotidien \u00e0 Djibouti\",\"publisher\":{\"@id\":\"https:\/\/nirigs.com\/#organization\"},\"potentialAction\":[{\"@type\":\"SearchAction\",\"target\":{\"@type\":\"EntryPoint\",\"urlTemplate\":\"https:\/\/nirigs.com\/?s={search_term_string}\"},\"query-input\":{\"@type\":\"PropertyValueSpecification\",\"valueRequired\":true,\"valueName\":\"search_term_string\"}}],\"inLanguage\":\"en-US\"},{\"@type\":\"Organization\",\"@id\":\"https:\/\/nirigs.com\/#organization\",\"name\":\"Nirigs\",\"url\":\"https:\/\/nirigs.com\/\",\"logo\":{\"@type\":\"ImageObject\",\"inLanguage\":\"en-US\",\"@id\":\"https:\/\/nirigs.com\/#\/schema\/logo\/image\/\",\"url\":\"https:\/\/nirigs.com\/wp-content\/uploads\/2025\/04\/Design-sans-titre-27.png\",\"contentUrl\":\"https:\/\/nirigs.com\/wp-content\/uploads\/2025\/04\/Design-sans-titre-27.png\",\"width\":500,\"height\":500,\"caption\":\"Nirigs\"},\"image\":{\"@id\":\"https:\/\/nirigs.com\/#\/schema\/logo\/image\/\"}}]}<\/script>\n<!-- \/ Yoast SEO plugin. -->","yoast_head_json":{"title":"Cantu - Activateur de boucles \u00e0 l'avocat - 355ml - NIRIGS","robots":{"index":"index","follow":"follow","max-snippet":"max-snippet:-1","max-image-preview":"max-image-preview:large","max-video-preview":"max-video-preview:-1"},"canonical":"https:\/\/nirigs.com\/en\/product\/cantu-avocado-curl-activator-355ml\/","og_locale":"en_US","og_type":"article","og_title":"Cantu - Activateur de boucles \u00e0 l'avocat - 355ml - NIRIGS","og_description":"Profitez du volume sans frisottis avec la cr\u00e8me activatrice de boucles d&rsquo;avocat Cantu. Fabriqu\u00e9 avec du beurre de karit\u00e9 pur","og_url":"https:\/\/nirigs.com\/en\/product\/cantu-avocado-curl-activator-355ml\/","og_site_name":"NIRIGS","article_modified_time":"2025-03-14T15:13:34+00:00","og_image":[{"width":1000,"height":1000,"url":"https:\/\/nirigs.com\/wp-content\/uploads\/2024\/02\/Cantu-\u2013-Activateur-de-boucles-a-lavocat-\u2013-355ml.jpg","type":"image\/jpeg"}],"twitter_card":"summary_large_image","twitter_misc":{"Est. reading time":"1 minute"},"schema":{"@context":"https:\/\/schema.org","@graph":[{"@type":"WebPage","@id":"https:\/\/nirigs.com\/product\/cantu-avocado-curl-activator-355ml\/","url":"https:\/\/nirigs.com\/product\/cantu-avocado-curl-activator-355ml\/","name":"Cantu - Activateur de boucles \u00e0 l'avocat - 355ml - NIRIGS","isPartOf":{"@id":"https:\/\/nirigs.com\/#website"},"primaryImageOfPage":{"@id":"https:\/\/nirigs.com\/product\/cantu-avocado-curl-activator-355ml\/#primaryimage"},"image":{"@id":"https:\/\/nirigs.com\/product\/cantu-avocado-curl-activator-355ml\/#primaryimage"},"thumbnailUrl":"https:\/\/nirigs.com\/wp-content\/uploads\/2024\/02\/Cantu-\u2013-Activateur-de-boucles-a-lavocat-\u2013-355ml.jpg","datePublished":"2024-02-28T15:55:24+00:00","dateModified":"2025-03-14T15:13:34+00:00","breadcrumb":{"@id":"https:\/\/nirigs.com\/product\/cantu-avocado-curl-activator-355ml\/#breadcrumb"},"inLanguage":"en-US","potentialAction":[{"@type":"ReadAction","target":["https:\/\/nirigs.com\/product\/cantu-avocado-curl-activator-355ml\/"]}]},{"@type":"ImageObject","inLanguage":"en-US","@id":"https:\/\/nirigs.com\/product\/cantu-avocado-curl-activator-355ml\/#primaryimage","url":"https:\/\/nirigs.com\/wp-content\/uploads\/2024\/02\/Cantu-\u2013-Activateur-de-boucles-a-lavocat-\u2013-355ml.jpg","contentUrl":"https:\/\/nirigs.com\/wp-content\/uploads\/2024\/02\/Cantu-\u2013-Activateur-de-boucles-a-lavocat-\u2013-355ml.jpg","width":1000,"height":1000},{"@type":"BreadcrumbList","@id":"https:\/\/nirigs.com\/product\/cantu-avocado-curl-activator-355ml\/#breadcrumb","itemListElement":[{"@type":"ListItem","position":1,"name":"Home","item":"https:\/\/nirigs.com\/"},{"@type":"ListItem","position":2,"name":"Parcourir","item":"https:\/\/nirigs.com\/boutique\/"},{"@type":"ListItem","position":3,"name":"Cantu &#8211; Activateur de boucles \u00e0 l&rsquo;avocat &#8211; 355ml"}]},{"@type":"WebSite","@id":"https:\/\/nirigs.com\/#website","url":"https:\/\/nirigs.com\/","name":"Nirigs.com","description":"Simplifiez vos achats du quotidien \u00e0 Djibouti","publisher":{"@id":"https:\/\/nirigs.com\/#organization"},"potentialAction":[{"@type":"SearchAction","target":{"@type":"EntryPoint","urlTemplate":"https:\/\/nirigs.com\/?s={search_term_string}"},"query-input":{"@type":"PropertyValueSpecification","valueRequired":true,"valueName":"search_term_string"}}],"inLanguage":"en-US"},{"@type":"Organization","@id":"https:\/\/nirigs.com\/#organization","name":"Nirigs","url":"https:\/\/nirigs.com\/","logo":{"@type":"ImageObject","inLanguage":"en-US","@id":"https:\/\/nirigs.com\/#\/schema\/logo\/image\/","url":"https:\/\/nirigs.com\/wp-content\/uploads\/2025\/04\/Design-sans-titre-27.png","contentUrl":"https:\/\/nirigs.com\/wp-content\/uploads\/2025\/04\/Design-sans-titre-27.png","width":500,"height":500,"caption":"Nirigs"},"image":{"@id":"https:\/\/nirigs.com\/#\/schema\/logo\/image\/"}}]}},"brands":[{"id":758,"name":"Cantu","slug":"cantu"}],"_links":{"self":[{"href":"https:\/\/nirigs.com\/en\/wp-json\/wp\/v2\/product\/17612","targetHints":{"allow":["GET"]}}],"collection":[{"href":"https:\/\/nirigs.com\/en\/wp-json\/wp\/v2\/product"}],"about":[{"href":"https:\/\/nirigs.com\/en\/wp-json\/wp\/v2\/types\/product"}],"replies":[{"embeddable":true,"href":"https:\/\/nirigs.com\/en\/wp-json\/wp\/v2\/comments?post=17612"}],"version-history":[{"count":7,"href":"https:\/\/nirigs.com\/en\/wp-json\/wp\/v2\/product\/17612\/revisions"}],"predecessor-version":[{"id":23985,"href":"https:\/\/nirigs.com\/en\/wp-json\/wp\/v2\/product\/17612\/revisions\/23985"}],"wp:featuredmedia":[{"embeddable":true,"href":"https:\/\/nirigs.com\/en\/wp-json\/wp\/v2\/media\/23988"}],"wp:attachment":[{"href":"https:\/\/nirigs.com\/en\/wp-json\/wp\/v2\/media?parent=17612"}],"wp:term":[{"taxonomy":"pwb-brand","embeddable":true,"href":"https:\/\/nirigs.com\/en\/wp-json\/wp\/v2\/pwb-brand?post=17612"},{"taxonomy":"product_brand","embeddable":true,"href":"https:\/\/nirigs.com\/en\/wp-json\/wp\/v2\/product_brand?post=17612"},{"taxonomy":"product_cat","embeddable":true,"href":"https:\/\/nirigs.com\/en\/wp-json\/wp\/v2\/product_cat?post=17612"},{"taxonomy":"product_tag","embeddable":true,"href":"https:\/\/nirigs.com\/en\/wp-json\/wp\/v2\/product_tag?post=17612"}],"curies":[{"name":"wp","href":"https:\/\/api.w.org\/{rel}","templated":true}]}}