{"id":17611,"date":"2024-02-28T18:53:41","date_gmt":"2024-02-28T15:53:41","guid":{"rendered":"https:\/\/nirigs.com\/product\/aunt-jackies-argan-oil-for-hair-repair-118-ml\/"},"modified":"2026-03-04T19:12:25","modified_gmt":"2026-03-04T16:12:25","slug":"aunt-jackies-huile-dargan-pour-les-cheveux-118-ml","status":"publish","type":"product","link":"https:\/\/nirigs.com\/en\/product\/aunt-jackies-huile-dargan-pour-les-cheveux-118-ml\/","title":{"rendered":"Aunt Jackie&rsquo;s &#8211; Huile d&rsquo;argan pour les cheveux &#8211; 118 ml"},"content":{"rendered":"<p>L&rsquo;huile d&rsquo;argan a \u00e9t\u00e9 utilis\u00e9e \u00e0 travers les \u00e2ges comme un excellent rem\u00e8de l\u00e9ger pour aider \u00e0 stimuler une croissance plus saine des cheveux tout en faisant briller les cheveux et en am\u00e9liorant la sant\u00e9 du cuir chevelu. Riche en vitamine E, il aide \u00e0 rajeunir les cheveux ternes, secs et cassants, les rendant plus doux et plus lisses. Enrichie en huile de ricin noire jama\u00efcaine, pour traiter les cheveux chroniquement secs, cette th\u00e9rapie est recommand\u00e9e pour tout type et texture de cheveux.<\/p>\n<p>Cuir chevelu chroniquement sec<br \/>\nCheveux cassants<br \/>\nStyle protecteur<br \/>\nRespectueux de la nature<br \/>\nSans sulfate<br \/>\nSans paraben<br \/>\nPas d&rsquo;huile min\u00e9rale<br \/>\nPas de vaseline<br \/>\nMode d&#8217;emploi : versez une quantit\u00e9 d&rsquo;un quart dans votre main et frottez vos paumes l&rsquo;une contre l&rsquo;autre.<br \/>\nAppliquer ensuite sur toute la chevelure<br \/>\nMasser le cuir chevelu et les cheveux<br \/>\nDes racines aux pointes, peignez ou brossez doucement<br \/>\nR\u00e9partir uniform\u00e9ment, appliquer davantage si n\u00e9cessaire comme traitement anti-dommages<br \/>\nAppliquer et couvrir les cheveux avec un bonnet en plastique apr\u00e8s 10 minutes<br \/>\nRetirez le bouchon et rincez abondamment.<\/p>\n<h4 class=\"mv0 lh-copy f5 pb1 dark-gray\"><strong>Ingredients<\/strong><\/h4>\n<p class=\"mv0 lh-copy f6 mid-gray\">Aqua, Glycerin, Amodimethicone, Polysorbate 20, Parfum, DiPPG2Myreth10 Adipate, Phenoxyethanol, Trideceth12, Althea Officinalis Root Extract, Acrylamidopropyltrimonium Chloride Acrylamide Copolymer, Cetrimonium Chloride, Ethylhexylglycerin, Hydrolyzed Keratin, Citric Acid, Linum Usitatissimum Seed Oil, Cocos Nucifera Oil, Persea Gratissima Oil, Dehydroacetic Acid, Leuconostoc Radish Root Ferment Filtrate, Tocopherol, Linalool, Benzyl Alcohol, Butylphenyl Methylpropional, AlphaIsomethyl Ionone, Hexyl Cinnamal, Coumarin, Geraniol, Citronellol, Hydroxycitronellal.<\/p>","protected":false},"excerpt":{"rendered":"<p>L&rsquo;huile d&rsquo;argan a \u00e9t\u00e9 utilis\u00e9e \u00e0 travers les \u00e2ges comme un excellent rem\u00e8de l\u00e9ger pour aider \u00e0 stimuler une croissance<\/p>","protected":false},"featured_media":23995,"comment_status":"closed","ping_status":"closed","template":"","meta":[],"pwb-brand":[756],"product_brand":[],"product_cat":[267,1022,1023],"product_tag":[],"class_list":{"0":"post-17611","1":"product","2":"type-product","3":"status-publish","4":"has-post-thumbnail","6":"pwb-brand-aunt-jackies","7":"product_cat-beaute-et-soins","8":"product_cat-coiffures-et-soins-des-cheveux","9":"product_cat-huile-pour-cheveux","11":"first","12":"outofstock","13":"shipping-taxable","14":"purchasable","15":"product-type-simple"},"yoast_head":"<!-- This site is optimized with the Yoast SEO plugin v27.1.1 - https:\/\/yoast.com\/product\/yoast-seo-wordpress\/ -->\n<title>Aunt Jackie&#039;s - Huile d&#039;argan pour les cheveux - 118 ml - NIRIGS<\/title>\n<meta name=\"robots\" content=\"index, follow, max-snippet:-1, max-image-preview:large, max-video-preview:-1\" \/>\n<link rel=\"canonical\" href=\"https:\/\/nirigs.com\/en\/product\/aunt-jackies-huile-dargan-pour-les-cheveux-118-ml\/\" \/>\n<meta property=\"og:locale\" content=\"en_US\" \/>\n<meta property=\"og:type\" content=\"article\" \/>\n<meta property=\"og:title\" content=\"Aunt Jackie&#039;s - Huile d&#039;argan pour les cheveux - 118 ml - NIRIGS\" \/>\n<meta property=\"og:description\" content=\"L&rsquo;huile d&rsquo;argan a \u00e9t\u00e9 utilis\u00e9e \u00e0 travers les \u00e2ges comme un excellent rem\u00e8de l\u00e9ger pour aider \u00e0 stimuler une croissance\" \/>\n<meta property=\"og:url\" content=\"https:\/\/nirigs.com\/en\/product\/aunt-jackies-huile-dargan-pour-les-cheveux-118-ml\/\" \/>\n<meta property=\"og:site_name\" content=\"NIRIGS\" \/>\n<meta property=\"article:modified_time\" content=\"2026-03-04T16:12:25+00:00\" \/>\n<meta property=\"og:image\" content=\"https:\/\/nirigs.com\/wp-content\/uploads\/2024\/02\/Aunt-Jackies-\u2013-Huile-dargan-pour-la-reparation-des-cheveux-\u2013-118-ml.jpg\" \/>\n\t<meta property=\"og:image:width\" content=\"1000\" \/>\n\t<meta property=\"og:image:height\" content=\"1000\" \/>\n\t<meta property=\"og:image:type\" content=\"image\/jpeg\" \/>\n<meta name=\"twitter:card\" content=\"summary_large_image\" \/>\n<meta name=\"twitter:label1\" content=\"Est. reading time\" \/>\n\t<meta name=\"twitter:data1\" content=\"2 minutes\" \/>\n<script type=\"application\/ld+json\" class=\"yoast-schema-graph\">{\"@context\":\"https:\/\/schema.org\",\"@graph\":[{\"@type\":\"WebPage\",\"@id\":\"https:\/\/nirigs.com\/product\/aunt-jackies-huile-dargan-pour-les-cheveux-118-ml\/\",\"url\":\"https:\/\/nirigs.com\/product\/aunt-jackies-huile-dargan-pour-les-cheveux-118-ml\/\",\"name\":\"Aunt Jackie's - Huile d'argan pour les cheveux - 118 ml - NIRIGS\",\"isPartOf\":{\"@id\":\"https:\/\/nirigs.com\/#website\"},\"primaryImageOfPage\":{\"@id\":\"https:\/\/nirigs.com\/product\/aunt-jackies-huile-dargan-pour-les-cheveux-118-ml\/#primaryimage\"},\"image\":{\"@id\":\"https:\/\/nirigs.com\/product\/aunt-jackies-huile-dargan-pour-les-cheveux-118-ml\/#primaryimage\"},\"thumbnailUrl\":\"https:\/\/nirigs.com\/wp-content\/uploads\/2024\/02\/Aunt-Jackies-\u2013-Huile-dargan-pour-la-reparation-des-cheveux-\u2013-118-ml.jpg\",\"datePublished\":\"2024-02-28T15:53:41+00:00\",\"dateModified\":\"2026-03-04T16:12:25+00:00\",\"breadcrumb\":{\"@id\":\"https:\/\/nirigs.com\/product\/aunt-jackies-huile-dargan-pour-les-cheveux-118-ml\/#breadcrumb\"},\"inLanguage\":\"en-US\",\"potentialAction\":[{\"@type\":\"ReadAction\",\"target\":[\"https:\/\/nirigs.com\/product\/aunt-jackies-huile-dargan-pour-les-cheveux-118-ml\/\"]}]},{\"@type\":\"ImageObject\",\"inLanguage\":\"en-US\",\"@id\":\"https:\/\/nirigs.com\/product\/aunt-jackies-huile-dargan-pour-les-cheveux-118-ml\/#primaryimage\",\"url\":\"https:\/\/nirigs.com\/wp-content\/uploads\/2024\/02\/Aunt-Jackies-\u2013-Huile-dargan-pour-la-reparation-des-cheveux-\u2013-118-ml.jpg\",\"contentUrl\":\"https:\/\/nirigs.com\/wp-content\/uploads\/2024\/02\/Aunt-Jackies-\u2013-Huile-dargan-pour-la-reparation-des-cheveux-\u2013-118-ml.jpg\",\"width\":1000,\"height\":1000},{\"@type\":\"BreadcrumbList\",\"@id\":\"https:\/\/nirigs.com\/product\/aunt-jackies-huile-dargan-pour-les-cheveux-118-ml\/#breadcrumb\",\"itemListElement\":[{\"@type\":\"ListItem\",\"position\":1,\"name\":\"Home\",\"item\":\"https:\/\/nirigs.com\/\"},{\"@type\":\"ListItem\",\"position\":2,\"name\":\"Parcourir\",\"item\":\"https:\/\/nirigs.com\/boutique\/\"},{\"@type\":\"ListItem\",\"position\":3,\"name\":\"Aunt Jackie&rsquo;s &#8211; Huile d&rsquo;argan pour les cheveux &#8211; 118 ml\"}]},{\"@type\":\"WebSite\",\"@id\":\"https:\/\/nirigs.com\/#website\",\"url\":\"https:\/\/nirigs.com\/\",\"name\":\"Nirigs.com\",\"description\":\"Simplifiez vos achats du quotidien \u00e0 Djibouti\",\"publisher\":{\"@id\":\"https:\/\/nirigs.com\/#organization\"},\"potentialAction\":[{\"@type\":\"SearchAction\",\"target\":{\"@type\":\"EntryPoint\",\"urlTemplate\":\"https:\/\/nirigs.com\/?s={search_term_string}\"},\"query-input\":{\"@type\":\"PropertyValueSpecification\",\"valueRequired\":true,\"valueName\":\"search_term_string\"}}],\"inLanguage\":\"en-US\"},{\"@type\":\"Organization\",\"@id\":\"https:\/\/nirigs.com\/#organization\",\"name\":\"Nirigs\",\"url\":\"https:\/\/nirigs.com\/\",\"logo\":{\"@type\":\"ImageObject\",\"inLanguage\":\"en-US\",\"@id\":\"https:\/\/nirigs.com\/#\/schema\/logo\/image\/\",\"url\":\"https:\/\/nirigs.com\/wp-content\/uploads\/2025\/04\/Design-sans-titre-27.png\",\"contentUrl\":\"https:\/\/nirigs.com\/wp-content\/uploads\/2025\/04\/Design-sans-titre-27.png\",\"width\":500,\"height\":500,\"caption\":\"Nirigs\"},\"image\":{\"@id\":\"https:\/\/nirigs.com\/#\/schema\/logo\/image\/\"}}]}<\/script>\n<!-- \/ Yoast SEO plugin. -->","yoast_head_json":{"title":"Aunt Jackie's - Huile d'argan pour les cheveux - 118 ml - NIRIGS","robots":{"index":"index","follow":"follow","max-snippet":"max-snippet:-1","max-image-preview":"max-image-preview:large","max-video-preview":"max-video-preview:-1"},"canonical":"https:\/\/nirigs.com\/en\/product\/aunt-jackies-huile-dargan-pour-les-cheveux-118-ml\/","og_locale":"en_US","og_type":"article","og_title":"Aunt Jackie's - Huile d'argan pour les cheveux - 118 ml - NIRIGS","og_description":"L&rsquo;huile d&rsquo;argan a \u00e9t\u00e9 utilis\u00e9e \u00e0 travers les \u00e2ges comme un excellent rem\u00e8de l\u00e9ger pour aider \u00e0 stimuler une croissance","og_url":"https:\/\/nirigs.com\/en\/product\/aunt-jackies-huile-dargan-pour-les-cheveux-118-ml\/","og_site_name":"NIRIGS","article_modified_time":"2026-03-04T16:12:25+00:00","og_image":[{"width":1000,"height":1000,"url":"https:\/\/nirigs.com\/wp-content\/uploads\/2024\/02\/Aunt-Jackies-\u2013-Huile-dargan-pour-la-reparation-des-cheveux-\u2013-118-ml.jpg","type":"image\/jpeg"}],"twitter_card":"summary_large_image","twitter_misc":{"Est. reading time":"2 minutes"},"schema":{"@context":"https:\/\/schema.org","@graph":[{"@type":"WebPage","@id":"https:\/\/nirigs.com\/product\/aunt-jackies-huile-dargan-pour-les-cheveux-118-ml\/","url":"https:\/\/nirigs.com\/product\/aunt-jackies-huile-dargan-pour-les-cheveux-118-ml\/","name":"Aunt Jackie's - Huile d'argan pour les cheveux - 118 ml - NIRIGS","isPartOf":{"@id":"https:\/\/nirigs.com\/#website"},"primaryImageOfPage":{"@id":"https:\/\/nirigs.com\/product\/aunt-jackies-huile-dargan-pour-les-cheveux-118-ml\/#primaryimage"},"image":{"@id":"https:\/\/nirigs.com\/product\/aunt-jackies-huile-dargan-pour-les-cheveux-118-ml\/#primaryimage"},"thumbnailUrl":"https:\/\/nirigs.com\/wp-content\/uploads\/2024\/02\/Aunt-Jackies-\u2013-Huile-dargan-pour-la-reparation-des-cheveux-\u2013-118-ml.jpg","datePublished":"2024-02-28T15:53:41+00:00","dateModified":"2026-03-04T16:12:25+00:00","breadcrumb":{"@id":"https:\/\/nirigs.com\/product\/aunt-jackies-huile-dargan-pour-les-cheveux-118-ml\/#breadcrumb"},"inLanguage":"en-US","potentialAction":[{"@type":"ReadAction","target":["https:\/\/nirigs.com\/product\/aunt-jackies-huile-dargan-pour-les-cheveux-118-ml\/"]}]},{"@type":"ImageObject","inLanguage":"en-US","@id":"https:\/\/nirigs.com\/product\/aunt-jackies-huile-dargan-pour-les-cheveux-118-ml\/#primaryimage","url":"https:\/\/nirigs.com\/wp-content\/uploads\/2024\/02\/Aunt-Jackies-\u2013-Huile-dargan-pour-la-reparation-des-cheveux-\u2013-118-ml.jpg","contentUrl":"https:\/\/nirigs.com\/wp-content\/uploads\/2024\/02\/Aunt-Jackies-\u2013-Huile-dargan-pour-la-reparation-des-cheveux-\u2013-118-ml.jpg","width":1000,"height":1000},{"@type":"BreadcrumbList","@id":"https:\/\/nirigs.com\/product\/aunt-jackies-huile-dargan-pour-les-cheveux-118-ml\/#breadcrumb","itemListElement":[{"@type":"ListItem","position":1,"name":"Home","item":"https:\/\/nirigs.com\/"},{"@type":"ListItem","position":2,"name":"Parcourir","item":"https:\/\/nirigs.com\/boutique\/"},{"@type":"ListItem","position":3,"name":"Aunt Jackie&rsquo;s &#8211; Huile d&rsquo;argan pour les cheveux &#8211; 118 ml"}]},{"@type":"WebSite","@id":"https:\/\/nirigs.com\/#website","url":"https:\/\/nirigs.com\/","name":"Nirigs.com","description":"Simplifiez vos achats du quotidien \u00e0 Djibouti","publisher":{"@id":"https:\/\/nirigs.com\/#organization"},"potentialAction":[{"@type":"SearchAction","target":{"@type":"EntryPoint","urlTemplate":"https:\/\/nirigs.com\/?s={search_term_string}"},"query-input":{"@type":"PropertyValueSpecification","valueRequired":true,"valueName":"search_term_string"}}],"inLanguage":"en-US"},{"@type":"Organization","@id":"https:\/\/nirigs.com\/#organization","name":"Nirigs","url":"https:\/\/nirigs.com\/","logo":{"@type":"ImageObject","inLanguage":"en-US","@id":"https:\/\/nirigs.com\/#\/schema\/logo\/image\/","url":"https:\/\/nirigs.com\/wp-content\/uploads\/2025\/04\/Design-sans-titre-27.png","contentUrl":"https:\/\/nirigs.com\/wp-content\/uploads\/2025\/04\/Design-sans-titre-27.png","width":500,"height":500,"caption":"Nirigs"},"image":{"@id":"https:\/\/nirigs.com\/#\/schema\/logo\/image\/"}}]}},"brands":[{"id":756,"name":"Aunt Jackie's","slug":"aunt-jackies"}],"_links":{"self":[{"href":"https:\/\/nirigs.com\/en\/wp-json\/wp\/v2\/product\/17611","targetHints":{"allow":["GET"]}}],"collection":[{"href":"https:\/\/nirigs.com\/en\/wp-json\/wp\/v2\/product"}],"about":[{"href":"https:\/\/nirigs.com\/en\/wp-json\/wp\/v2\/types\/product"}],"replies":[{"embeddable":true,"href":"https:\/\/nirigs.com\/en\/wp-json\/wp\/v2\/comments?post=17611"}],"version-history":[{"count":6,"href":"https:\/\/nirigs.com\/en\/wp-json\/wp\/v2\/product\/17611\/revisions"}],"predecessor-version":[{"id":27620,"href":"https:\/\/nirigs.com\/en\/wp-json\/wp\/v2\/product\/17611\/revisions\/27620"}],"wp:featuredmedia":[{"embeddable":true,"href":"https:\/\/nirigs.com\/en\/wp-json\/wp\/v2\/media\/23995"}],"wp:attachment":[{"href":"https:\/\/nirigs.com\/en\/wp-json\/wp\/v2\/media?parent=17611"}],"wp:term":[{"taxonomy":"pwb-brand","embeddable":true,"href":"https:\/\/nirigs.com\/en\/wp-json\/wp\/v2\/pwb-brand?post=17611"},{"taxonomy":"product_brand","embeddable":true,"href":"https:\/\/nirigs.com\/en\/wp-json\/wp\/v2\/product_brand?post=17611"},{"taxonomy":"product_cat","embeddable":true,"href":"https:\/\/nirigs.com\/en\/wp-json\/wp\/v2\/product_cat?post=17611"},{"taxonomy":"product_tag","embeddable":true,"href":"https:\/\/nirigs.com\/en\/wp-json\/wp\/v2\/product_tag?post=17611"}],"curies":[{"name":"wp","href":"https:\/\/api.w.org\/{rel}","templated":true}]}}