{"id":17610,"date":"2024-02-28T18:50:36","date_gmt":"2024-02-28T15:50:36","guid":{"rendered":"https:\/\/nirigs.com\/product\/brittny-100-boar-bristle-brush\/"},"modified":"2025-03-14T18:13:54","modified_gmt":"2025-03-14T15:13:54","slug":"brittny-100-boar-bristle-brush","status":"publish","type":"product","link":"https:\/\/nirigs.com\/en\/product\/brittny-100-boar-bristle-brush\/","title":{"rendered":"Brittny - boar bristle brush"},"content":{"rendered":"<p>Excellent accessoire pour le lissage des cheveux.<\/p>\n<p>Grand format pour une plus grande rapidit\u00e9 et facilit\u00e9 d&rsquo;utilisation.<\/p>\n<p>Construction de haute qualit\u00e9 avec un manche en bois et des poils de sanglier v\u00e9ritables. Brosse en poils de sanglier renforc\u00e9s pour cheveux naturels.<\/p>\n<p>Ce mod\u00e8le a des poils relativement souples.<\/p>","protected":false},"excerpt":{"rendered":"<p>Excellent accessoire pour le lissage des cheveux. Grand format pour une plus grande rapidit\u00e9 et facilit\u00e9 d&rsquo;utilisation. Construction de haute<\/p>","protected":false},"featured_media":23998,"comment_status":"open","ping_status":"closed","template":"","meta":[],"pwb-brand":[791],"product_brand":[],"product_cat":[267,1022,1071],"product_tag":[],"class_list":{"0":"post-17610","1":"product","2":"type-product","3":"status-publish","4":"has-post-thumbnail","6":"pwb-brand-brittny","7":"product_cat-beaute-et-soins","8":"product_cat-coiffures-et-soins-des-cheveux","9":"product_cat-produits-coiffants","11":"first","12":"instock","13":"shipping-taxable","14":"purchasable","15":"product-type-simple"},"yoast_head":"<!-- This site is optimized with the Yoast SEO plugin v27.1.1 - https:\/\/yoast.com\/product\/yoast-seo-wordpress\/ -->\n<title>Brittny - brosse en poils de sanglier - NIRIGS<\/title>\n<meta name=\"robots\" content=\"index, follow, max-snippet:-1, max-image-preview:large, max-video-preview:-1\" \/>\n<link rel=\"canonical\" href=\"https:\/\/nirigs.com\/en\/product\/brittny-100-boar-bristle-brush\/\" \/>\n<meta property=\"og:locale\" content=\"en_US\" \/>\n<meta property=\"og:type\" content=\"article\" \/>\n<meta property=\"og:title\" content=\"Brittny - brosse en poils de sanglier - NIRIGS\" \/>\n<meta property=\"og:description\" content=\"Excellent accessoire pour le lissage des cheveux. Grand format pour une plus grande rapidit\u00e9 et facilit\u00e9 d&rsquo;utilisation. Construction de haute\" \/>\n<meta property=\"og:url\" content=\"https:\/\/nirigs.com\/en\/product\/brittny-100-boar-bristle-brush\/\" \/>\n<meta property=\"og:site_name\" content=\"NIRIGS\" \/>\n<meta property=\"article:modified_time\" content=\"2025-03-14T15:13:54+00:00\" \/>\n<meta property=\"og:image\" content=\"https:\/\/nirigs.com\/wp-content\/uploads\/2024\/02\/Brittny-\u2013-brosse-en-poils-de-sanglier.jpg\" \/>\n\t<meta property=\"og:image:width\" content=\"1000\" \/>\n\t<meta property=\"og:image:height\" content=\"1000\" \/>\n\t<meta property=\"og:image:type\" content=\"image\/jpeg\" \/>\n<meta name=\"twitter:card\" content=\"summary_large_image\" \/>\n<script type=\"application\/ld+json\" class=\"yoast-schema-graph\">{\"@context\":\"https:\/\/schema.org\",\"@graph\":[{\"@type\":\"WebPage\",\"@id\":\"https:\/\/nirigs.com\/product\/brittny-100-boar-bristle-brush\/\",\"url\":\"https:\/\/nirigs.com\/product\/brittny-100-boar-bristle-brush\/\",\"name\":\"Brittny - brosse en poils de sanglier - NIRIGS\",\"isPartOf\":{\"@id\":\"https:\/\/nirigs.com\/#website\"},\"primaryImageOfPage\":{\"@id\":\"https:\/\/nirigs.com\/product\/brittny-100-boar-bristle-brush\/#primaryimage\"},\"image\":{\"@id\":\"https:\/\/nirigs.com\/product\/brittny-100-boar-bristle-brush\/#primaryimage\"},\"thumbnailUrl\":\"https:\/\/nirigs.com\/wp-content\/uploads\/2024\/02\/Brittny-\u2013-brosse-en-poils-de-sanglier.jpg\",\"datePublished\":\"2024-02-28T15:50:36+00:00\",\"dateModified\":\"2025-03-14T15:13:54+00:00\",\"breadcrumb\":{\"@id\":\"https:\/\/nirigs.com\/product\/brittny-100-boar-bristle-brush\/#breadcrumb\"},\"inLanguage\":\"en-US\",\"potentialAction\":[{\"@type\":\"ReadAction\",\"target\":[\"https:\/\/nirigs.com\/product\/brittny-100-boar-bristle-brush\/\"]}]},{\"@type\":\"ImageObject\",\"inLanguage\":\"en-US\",\"@id\":\"https:\/\/nirigs.com\/product\/brittny-100-boar-bristle-brush\/#primaryimage\",\"url\":\"https:\/\/nirigs.com\/wp-content\/uploads\/2024\/02\/Brittny-\u2013-brosse-en-poils-de-sanglier.jpg\",\"contentUrl\":\"https:\/\/nirigs.com\/wp-content\/uploads\/2024\/02\/Brittny-\u2013-brosse-en-poils-de-sanglier.jpg\",\"width\":1000,\"height\":1000},{\"@type\":\"BreadcrumbList\",\"@id\":\"https:\/\/nirigs.com\/product\/brittny-100-boar-bristle-brush\/#breadcrumb\",\"itemListElement\":[{\"@type\":\"ListItem\",\"position\":1,\"name\":\"Home\",\"item\":\"https:\/\/nirigs.com\/\"},{\"@type\":\"ListItem\",\"position\":2,\"name\":\"Parcourir\",\"item\":\"https:\/\/nirigs.com\/boutique\/\"},{\"@type\":\"ListItem\",\"position\":3,\"name\":\"Brittny &#8211; brosse en poils de sanglier\"}]},{\"@type\":\"WebSite\",\"@id\":\"https:\/\/nirigs.com\/#website\",\"url\":\"https:\/\/nirigs.com\/\",\"name\":\"Nirigs.com\",\"description\":\"Simplifiez vos achats du quotidien \u00e0 Djibouti\",\"publisher\":{\"@id\":\"https:\/\/nirigs.com\/#organization\"},\"potentialAction\":[{\"@type\":\"SearchAction\",\"target\":{\"@type\":\"EntryPoint\",\"urlTemplate\":\"https:\/\/nirigs.com\/?s={search_term_string}\"},\"query-input\":{\"@type\":\"PropertyValueSpecification\",\"valueRequired\":true,\"valueName\":\"search_term_string\"}}],\"inLanguage\":\"en-US\"},{\"@type\":\"Organization\",\"@id\":\"https:\/\/nirigs.com\/#organization\",\"name\":\"Nirigs\",\"url\":\"https:\/\/nirigs.com\/\",\"logo\":{\"@type\":\"ImageObject\",\"inLanguage\":\"en-US\",\"@id\":\"https:\/\/nirigs.com\/#\/schema\/logo\/image\/\",\"url\":\"https:\/\/nirigs.com\/wp-content\/uploads\/2025\/04\/Design-sans-titre-27.png\",\"contentUrl\":\"https:\/\/nirigs.com\/wp-content\/uploads\/2025\/04\/Design-sans-titre-27.png\",\"width\":500,\"height\":500,\"caption\":\"Nirigs\"},\"image\":{\"@id\":\"https:\/\/nirigs.com\/#\/schema\/logo\/image\/\"}}]}<\/script>\n<!-- \/ Yoast SEO plugin. -->","yoast_head_json":{"title":"Brittny - brosse en poils de sanglier - NIRIGS","robots":{"index":"index","follow":"follow","max-snippet":"max-snippet:-1","max-image-preview":"max-image-preview:large","max-video-preview":"max-video-preview:-1"},"canonical":"https:\/\/nirigs.com\/en\/product\/brittny-100-boar-bristle-brush\/","og_locale":"en_US","og_type":"article","og_title":"Brittny - brosse en poils de sanglier - NIRIGS","og_description":"Excellent accessoire pour le lissage des cheveux. Grand format pour une plus grande rapidit\u00e9 et facilit\u00e9 d&rsquo;utilisation. Construction de haute","og_url":"https:\/\/nirigs.com\/en\/product\/brittny-100-boar-bristle-brush\/","og_site_name":"NIRIGS","article_modified_time":"2025-03-14T15:13:54+00:00","og_image":[{"width":1000,"height":1000,"url":"https:\/\/nirigs.com\/wp-content\/uploads\/2024\/02\/Brittny-\u2013-brosse-en-poils-de-sanglier.jpg","type":"image\/jpeg"}],"twitter_card":"summary_large_image","schema":{"@context":"https:\/\/schema.org","@graph":[{"@type":"WebPage","@id":"https:\/\/nirigs.com\/product\/brittny-100-boar-bristle-brush\/","url":"https:\/\/nirigs.com\/product\/brittny-100-boar-bristle-brush\/","name":"Brittny - brosse en poils de sanglier - NIRIGS","isPartOf":{"@id":"https:\/\/nirigs.com\/#website"},"primaryImageOfPage":{"@id":"https:\/\/nirigs.com\/product\/brittny-100-boar-bristle-brush\/#primaryimage"},"image":{"@id":"https:\/\/nirigs.com\/product\/brittny-100-boar-bristle-brush\/#primaryimage"},"thumbnailUrl":"https:\/\/nirigs.com\/wp-content\/uploads\/2024\/02\/Brittny-\u2013-brosse-en-poils-de-sanglier.jpg","datePublished":"2024-02-28T15:50:36+00:00","dateModified":"2025-03-14T15:13:54+00:00","breadcrumb":{"@id":"https:\/\/nirigs.com\/product\/brittny-100-boar-bristle-brush\/#breadcrumb"},"inLanguage":"en-US","potentialAction":[{"@type":"ReadAction","target":["https:\/\/nirigs.com\/product\/brittny-100-boar-bristle-brush\/"]}]},{"@type":"ImageObject","inLanguage":"en-US","@id":"https:\/\/nirigs.com\/product\/brittny-100-boar-bristle-brush\/#primaryimage","url":"https:\/\/nirigs.com\/wp-content\/uploads\/2024\/02\/Brittny-\u2013-brosse-en-poils-de-sanglier.jpg","contentUrl":"https:\/\/nirigs.com\/wp-content\/uploads\/2024\/02\/Brittny-\u2013-brosse-en-poils-de-sanglier.jpg","width":1000,"height":1000},{"@type":"BreadcrumbList","@id":"https:\/\/nirigs.com\/product\/brittny-100-boar-bristle-brush\/#breadcrumb","itemListElement":[{"@type":"ListItem","position":1,"name":"Home","item":"https:\/\/nirigs.com\/"},{"@type":"ListItem","position":2,"name":"Parcourir","item":"https:\/\/nirigs.com\/boutique\/"},{"@type":"ListItem","position":3,"name":"Brittny &#8211; brosse en poils de sanglier"}]},{"@type":"WebSite","@id":"https:\/\/nirigs.com\/#website","url":"https:\/\/nirigs.com\/","name":"Nirigs.com","description":"Simplifiez vos achats du quotidien \u00e0 Djibouti","publisher":{"@id":"https:\/\/nirigs.com\/#organization"},"potentialAction":[{"@type":"SearchAction","target":{"@type":"EntryPoint","urlTemplate":"https:\/\/nirigs.com\/?s={search_term_string}"},"query-input":{"@type":"PropertyValueSpecification","valueRequired":true,"valueName":"search_term_string"}}],"inLanguage":"en-US"},{"@type":"Organization","@id":"https:\/\/nirigs.com\/#organization","name":"Nirigs","url":"https:\/\/nirigs.com\/","logo":{"@type":"ImageObject","inLanguage":"en-US","@id":"https:\/\/nirigs.com\/#\/schema\/logo\/image\/","url":"https:\/\/nirigs.com\/wp-content\/uploads\/2025\/04\/Design-sans-titre-27.png","contentUrl":"https:\/\/nirigs.com\/wp-content\/uploads\/2025\/04\/Design-sans-titre-27.png","width":500,"height":500,"caption":"Nirigs"},"image":{"@id":"https:\/\/nirigs.com\/#\/schema\/logo\/image\/"}}]}},"brands":[{"id":791,"name":"Brittny","slug":"brittny"}],"_links":{"self":[{"href":"https:\/\/nirigs.com\/en\/wp-json\/wp\/v2\/product\/17610","targetHints":{"allow":["GET"]}}],"collection":[{"href":"https:\/\/nirigs.com\/en\/wp-json\/wp\/v2\/product"}],"about":[{"href":"https:\/\/nirigs.com\/en\/wp-json\/wp\/v2\/types\/product"}],"replies":[{"embeddable":true,"href":"https:\/\/nirigs.com\/en\/wp-json\/wp\/v2\/comments?post=17610"}],"version-history":[{"count":2,"href":"https:\/\/nirigs.com\/en\/wp-json\/wp\/v2\/product\/17610\/revisions"}],"predecessor-version":[{"id":22871,"href":"https:\/\/nirigs.com\/en\/wp-json\/wp\/v2\/product\/17610\/revisions\/22871"}],"wp:featuredmedia":[{"embeddable":true,"href":"https:\/\/nirigs.com\/en\/wp-json\/wp\/v2\/media\/23998"}],"wp:attachment":[{"href":"https:\/\/nirigs.com\/en\/wp-json\/wp\/v2\/media?parent=17610"}],"wp:term":[{"taxonomy":"pwb-brand","embeddable":true,"href":"https:\/\/nirigs.com\/en\/wp-json\/wp\/v2\/pwb-brand?post=17610"},{"taxonomy":"product_brand","embeddable":true,"href":"https:\/\/nirigs.com\/en\/wp-json\/wp\/v2\/product_brand?post=17610"},{"taxonomy":"product_cat","embeddable":true,"href":"https:\/\/nirigs.com\/en\/wp-json\/wp\/v2\/product_cat?post=17610"},{"taxonomy":"product_tag","embeddable":true,"href":"https:\/\/nirigs.com\/en\/wp-json\/wp\/v2\/product_tag?post=17610"}],"curies":[{"name":"wp","href":"https:\/\/api.w.org\/{rel}","templated":true}]}}