{"id":17609,"date":"2024-02-28T18:47:47","date_gmt":"2024-02-28T15:47:47","guid":{"rendered":"https:\/\/nirigs.com\/product\/creme-of-nature-pure-honey-moisturising-shampoo-355-ml\/"},"modified":"2026-03-04T21:04:45","modified_gmt":"2026-03-04T18:04:45","slug":"creme-of-nature-miel-pur-shampooing-355ml","status":"publish","type":"product","link":"https:\/\/nirigs.com\/en\/product\/creme-of-nature-miel-pur-shampooing-355ml\/","title":{"rendered":"Creme of Nature &#8211; Miel Pur &#8211; Shampooing &#8211; 355ml"},"content":{"rendered":"<p>Apr\u00e8s-shampoing hydratant Creme of Nature Pure Honey, notre shampooing hydratant Creme of Nature Dry Defense au miel pur cible les cheveux secs et d\u00e9shydrat\u00e9s tout en nettoyant, d\u00e9m\u00ealant et restaurant l&rsquo;hydratation tout en offrant des cheveux d&rsquo;apparence saine et brillants. Le shampooing hydratant Dry Defense est infus\u00e9 de miel pur, d&rsquo;huile de noix de coco riche et de beurre de karit\u00e9 cr\u00e9meux. Nettoie les cheveux. Aide \u00e0 restaurer l&rsquo;humidit\u00e9 pour des cheveux d&rsquo;apparence saine. D\u00e9m\u00eale et adoucit, procure une brillance saine.<\/p>\n<p>Creme of Nature Apr\u00e8s-shampooing hydratant \u00e0 d\u00e9fense s\u00e8che Pure Honey, 12 fl oz<\/p>\n<p>Nettoie les cheveux<br \/>\nAide \u00e0 restaurer l&rsquo;hydratation pour des cheveux d&rsquo;apparence saine<br \/>\nD\u00e9m\u00eale et adoucit<br \/>\nFournit une brillance saine<br \/>\nInfus\u00e9 de miel pur, d&rsquo;huile de noix de coco riche et de beurre de karit\u00e9 cr\u00e9meux<\/p>\n<h4><strong>Use<\/strong><\/h4>\n<p>Apr\u00e8s le shampooing avec le shampooing hydratant \u00e0 d\u00e9fense s\u00e8che Creme of Nature Pure Honey, appliquez une quantit\u00e9 g\u00e9n\u00e9reuse sur les cheveux et laissez agir jusqu&rsquo;\u00e0 5 minutes. Peignez pour une r\u00e9partition uniforme. Rincer puis coiffer.<\/p>\n<h4 class=\"mv0 lh-copy f5 pb1 dark-gray\"><strong>Ingredients<\/strong><\/h4>\n<p class=\"mv0 lh-copy f6 mid-gray\">Aqua\/Water\/Eau, Cetearyl Alcohol, Behentrimonium Chloride, Hydroxypropyl Starch Phosphate, Dicetyldimonium Chloride, Parfum, (Fragrance), Isopropyl Alcohol, Cetyl Alcohol, Butyrospermum Parkii (Shea) Butter, Aloe Barbadensis Leaf Juice, Chamomilla Recutita (Matricaria) Flower Extract, Cocos Nucifera (Coconut) Oil, Dimethicone, Dimethiconol, Silk Amino Acids, Glycerin, Mel\/Honey\/Miel, Olea Europaea (Olive) Fruit Oil, Panthenol, Pentylene Glycol, Quaternium-37, Propylene Glycol, Quaternium-70, Hydrolyzed Milk Protein, Carthamus Tinctorius (Safflower) Seed Oil, Bambusa Vulgaris Extract, Hydroxyethylcellulose, Lauric Acid, Lauryl Alcohol Diphosphonic Acid, Lauryl Glucoside, Dicaprylyl Carbonate, Sodium Acetate, Lactic Acid, Disodium EDTA, Benzophenone-3, Phenoxyethanol, Sodium Benzoate, Caramel, Red 4 (CI 14700), Yellow 5 (CI 9140), Yellow 6 (CI 15985).<\/p>\n<p>&nbsp;<\/p>","protected":false},"excerpt":{"rendered":"<p>Apr\u00e8s-shampoing hydratant Creme of Nature Pure Honey, notre shampooing hydratant Creme of Nature Dry Defense au miel pur cible les<\/p>","protected":false},"featured_media":24012,"comment_status":"open","ping_status":"closed","template":"","meta":[],"pwb-brand":[790],"product_brand":[],"product_cat":[267,1022,1026,1024],"product_tag":[],"class_list":{"0":"post-17609","1":"product","2":"type-product","3":"status-publish","4":"has-post-thumbnail","6":"pwb-brand-creme-of-nature","7":"product_cat-beaute-et-soins","8":"product_cat-coiffures-et-soins-des-cheveux","9":"product_cat-shampooings","10":"product_cat-soins-des-cheveux","12":"first","13":"outofstock","14":"shipping-taxable","15":"purchasable","16":"product-type-simple"},"yoast_head":"<!-- This site is optimized with the Yoast SEO plugin v27.4 - https:\/\/yoast.com\/product\/yoast-seo-wordpress\/ -->\n<title>Creme of Nature - Miel Pur - Shampooing - 355ml - NIRIGS<\/title>\n<meta name=\"robots\" content=\"index, follow, max-snippet:-1, max-image-preview:large, max-video-preview:-1\" \/>\n<link rel=\"canonical\" href=\"https:\/\/nirigs.com\/en\/product\/creme-of-nature-miel-pur-shampooing-355ml\/\" \/>\n<meta property=\"og:locale\" content=\"en_US\" \/>\n<meta property=\"og:type\" content=\"article\" \/>\n<meta property=\"og:title\" content=\"Creme of Nature - Miel Pur - Shampooing - 355ml - NIRIGS\" \/>\n<meta property=\"og:description\" content=\"Apr\u00e8s-shampoing hydratant Creme of Nature Pure Honey, notre shampooing hydratant Creme of Nature Dry Defense au miel pur cible les\" \/>\n<meta property=\"og:url\" content=\"https:\/\/nirigs.com\/en\/product\/creme-of-nature-miel-pur-shampooing-355ml\/\" \/>\n<meta property=\"og:site_name\" content=\"NIRIGS\" \/>\n<meta property=\"article:modified_time\" content=\"2026-03-04T18:04:45+00:00\" \/>\n<meta property=\"og:image\" content=\"https:\/\/nirigs.com\/wp-content\/uploads\/2024\/02\/CREME-DE-NATURE-\u2013-Shampooing-sec-de-defense-hydratant-au-miel-pur-\u2013-355ml.jpg\" \/>\n\t<meta property=\"og:image:width\" content=\"1000\" \/>\n\t<meta property=\"og:image:height\" content=\"1000\" \/>\n\t<meta property=\"og:image:type\" content=\"image\/jpeg\" \/>\n<meta name=\"twitter:card\" content=\"summary_large_image\" \/>\n<meta name=\"twitter:label1\" content=\"Est. reading time\" \/>\n\t<meta name=\"twitter:data1\" content=\"2 minutes\" \/>\n<script type=\"application\/ld+json\" class=\"yoast-schema-graph\">{\"@context\":\"https:\\\/\\\/schema.org\",\"@graph\":[{\"@type\":\"WebPage\",\"@id\":\"https:\\\/\\\/nirigs.com\\\/product\\\/creme-of-nature-miel-pur-shampooing-355ml\\\/\",\"url\":\"https:\\\/\\\/nirigs.com\\\/product\\\/creme-of-nature-miel-pur-shampooing-355ml\\\/\",\"name\":\"Creme of Nature - Miel Pur - Shampooing - 355ml - NIRIGS\",\"isPartOf\":{\"@id\":\"https:\\\/\\\/nirigs.com\\\/#website\"},\"primaryImageOfPage\":{\"@id\":\"https:\\\/\\\/nirigs.com\\\/product\\\/creme-of-nature-miel-pur-shampooing-355ml\\\/#primaryimage\"},\"image\":{\"@id\":\"https:\\\/\\\/nirigs.com\\\/product\\\/creme-of-nature-miel-pur-shampooing-355ml\\\/#primaryimage\"},\"thumbnailUrl\":\"https:\\\/\\\/nirigs.com\\\/wp-content\\\/uploads\\\/2024\\\/02\\\/CREME-DE-NATURE-\u2013-Shampooing-sec-de-defense-hydratant-au-miel-pur-\u2013-355ml.jpg\",\"datePublished\":\"2024-02-28T15:47:47+00:00\",\"dateModified\":\"2026-03-04T18:04:45+00:00\",\"breadcrumb\":{\"@id\":\"https:\\\/\\\/nirigs.com\\\/product\\\/creme-of-nature-miel-pur-shampooing-355ml\\\/#breadcrumb\"},\"inLanguage\":\"en-US\",\"potentialAction\":[{\"@type\":\"ReadAction\",\"target\":[\"https:\\\/\\\/nirigs.com\\\/product\\\/creme-of-nature-miel-pur-shampooing-355ml\\\/\"]}]},{\"@type\":\"ImageObject\",\"inLanguage\":\"en-US\",\"@id\":\"https:\\\/\\\/nirigs.com\\\/product\\\/creme-of-nature-miel-pur-shampooing-355ml\\\/#primaryimage\",\"url\":\"https:\\\/\\\/nirigs.com\\\/wp-content\\\/uploads\\\/2024\\\/02\\\/CREME-DE-NATURE-\u2013-Shampooing-sec-de-defense-hydratant-au-miel-pur-\u2013-355ml.jpg\",\"contentUrl\":\"https:\\\/\\\/nirigs.com\\\/wp-content\\\/uploads\\\/2024\\\/02\\\/CREME-DE-NATURE-\u2013-Shampooing-sec-de-defense-hydratant-au-miel-pur-\u2013-355ml.jpg\",\"width\":1000,\"height\":1000},{\"@type\":\"BreadcrumbList\",\"@id\":\"https:\\\/\\\/nirigs.com\\\/product\\\/creme-of-nature-miel-pur-shampooing-355ml\\\/#breadcrumb\",\"itemListElement\":[{\"@type\":\"ListItem\",\"position\":1,\"name\":\"Home\",\"item\":\"https:\\\/\\\/nirigs.com\\\/\"},{\"@type\":\"ListItem\",\"position\":2,\"name\":\"Parcourir\",\"item\":\"https:\\\/\\\/nirigs.com\\\/boutique\\\/\"},{\"@type\":\"ListItem\",\"position\":3,\"name\":\"Creme of Nature &#8211; Miel Pur &#8211; Shampooing &#8211; 355ml\"}]},{\"@type\":\"WebSite\",\"@id\":\"https:\\\/\\\/nirigs.com\\\/#website\",\"url\":\"https:\\\/\\\/nirigs.com\\\/\",\"name\":\"Nirigs.com\",\"description\":\"Simplifiez vos achats du quotidien \u00e0 Djibouti\",\"publisher\":{\"@id\":\"https:\\\/\\\/nirigs.com\\\/#organization\"},\"potentialAction\":[{\"@type\":\"SearchAction\",\"target\":{\"@type\":\"EntryPoint\",\"urlTemplate\":\"https:\\\/\\\/nirigs.com\\\/?s={search_term_string}\"},\"query-input\":{\"@type\":\"PropertyValueSpecification\",\"valueRequired\":true,\"valueName\":\"search_term_string\"}}],\"inLanguage\":\"en-US\"},{\"@type\":\"Organization\",\"@id\":\"https:\\\/\\\/nirigs.com\\\/#organization\",\"name\":\"Nirigs\",\"url\":\"https:\\\/\\\/nirigs.com\\\/\",\"logo\":{\"@type\":\"ImageObject\",\"inLanguage\":\"en-US\",\"@id\":\"https:\\\/\\\/nirigs.com\\\/#\\\/schema\\\/logo\\\/image\\\/\",\"url\":\"https:\\\/\\\/nirigs.com\\\/wp-content\\\/uploads\\\/2025\\\/04\\\/Design-sans-titre-27.png\",\"contentUrl\":\"https:\\\/\\\/nirigs.com\\\/wp-content\\\/uploads\\\/2025\\\/04\\\/Design-sans-titre-27.png\",\"width\":500,\"height\":500,\"caption\":\"Nirigs\"},\"image\":{\"@id\":\"https:\\\/\\\/nirigs.com\\\/#\\\/schema\\\/logo\\\/image\\\/\"}}]}<\/script>\n<!-- \/ Yoast SEO plugin. -->","yoast_head_json":{"title":"Creme of Nature - Miel Pur - Shampooing - 355ml - NIRIGS","robots":{"index":"index","follow":"follow","max-snippet":"max-snippet:-1","max-image-preview":"max-image-preview:large","max-video-preview":"max-video-preview:-1"},"canonical":"https:\/\/nirigs.com\/en\/product\/creme-of-nature-miel-pur-shampooing-355ml\/","og_locale":"en_US","og_type":"article","og_title":"Creme of Nature - Miel Pur - Shampooing - 355ml - NIRIGS","og_description":"Apr\u00e8s-shampoing hydratant Creme of Nature Pure Honey, notre shampooing hydratant Creme of Nature Dry Defense au miel pur cible les","og_url":"https:\/\/nirigs.com\/en\/product\/creme-of-nature-miel-pur-shampooing-355ml\/","og_site_name":"NIRIGS","article_modified_time":"2026-03-04T18:04:45+00:00","og_image":[{"width":1000,"height":1000,"url":"https:\/\/nirigs.com\/wp-content\/uploads\/2024\/02\/CREME-DE-NATURE-\u2013-Shampooing-sec-de-defense-hydratant-au-miel-pur-\u2013-355ml.jpg","type":"image\/jpeg"}],"twitter_card":"summary_large_image","twitter_misc":{"Est. reading time":"2 minutes"},"schema":{"@context":"https:\/\/schema.org","@graph":[{"@type":"WebPage","@id":"https:\/\/nirigs.com\/product\/creme-of-nature-miel-pur-shampooing-355ml\/","url":"https:\/\/nirigs.com\/product\/creme-of-nature-miel-pur-shampooing-355ml\/","name":"Creme of Nature - Miel Pur - Shampooing - 355ml - NIRIGS","isPartOf":{"@id":"https:\/\/nirigs.com\/#website"},"primaryImageOfPage":{"@id":"https:\/\/nirigs.com\/product\/creme-of-nature-miel-pur-shampooing-355ml\/#primaryimage"},"image":{"@id":"https:\/\/nirigs.com\/product\/creme-of-nature-miel-pur-shampooing-355ml\/#primaryimage"},"thumbnailUrl":"https:\/\/nirigs.com\/wp-content\/uploads\/2024\/02\/CREME-DE-NATURE-\u2013-Shampooing-sec-de-defense-hydratant-au-miel-pur-\u2013-355ml.jpg","datePublished":"2024-02-28T15:47:47+00:00","dateModified":"2026-03-04T18:04:45+00:00","breadcrumb":{"@id":"https:\/\/nirigs.com\/product\/creme-of-nature-miel-pur-shampooing-355ml\/#breadcrumb"},"inLanguage":"en-US","potentialAction":[{"@type":"ReadAction","target":["https:\/\/nirigs.com\/product\/creme-of-nature-miel-pur-shampooing-355ml\/"]}]},{"@type":"ImageObject","inLanguage":"en-US","@id":"https:\/\/nirigs.com\/product\/creme-of-nature-miel-pur-shampooing-355ml\/#primaryimage","url":"https:\/\/nirigs.com\/wp-content\/uploads\/2024\/02\/CREME-DE-NATURE-\u2013-Shampooing-sec-de-defense-hydratant-au-miel-pur-\u2013-355ml.jpg","contentUrl":"https:\/\/nirigs.com\/wp-content\/uploads\/2024\/02\/CREME-DE-NATURE-\u2013-Shampooing-sec-de-defense-hydratant-au-miel-pur-\u2013-355ml.jpg","width":1000,"height":1000},{"@type":"BreadcrumbList","@id":"https:\/\/nirigs.com\/product\/creme-of-nature-miel-pur-shampooing-355ml\/#breadcrumb","itemListElement":[{"@type":"ListItem","position":1,"name":"Home","item":"https:\/\/nirigs.com\/"},{"@type":"ListItem","position":2,"name":"Parcourir","item":"https:\/\/nirigs.com\/boutique\/"},{"@type":"ListItem","position":3,"name":"Creme of Nature &#8211; Miel Pur &#8211; Shampooing &#8211; 355ml"}]},{"@type":"WebSite","@id":"https:\/\/nirigs.com\/#website","url":"https:\/\/nirigs.com\/","name":"Nirigs.com","description":"Simplifiez vos achats du quotidien \u00e0 Djibouti","publisher":{"@id":"https:\/\/nirigs.com\/#organization"},"potentialAction":[{"@type":"SearchAction","target":{"@type":"EntryPoint","urlTemplate":"https:\/\/nirigs.com\/?s={search_term_string}"},"query-input":{"@type":"PropertyValueSpecification","valueRequired":true,"valueName":"search_term_string"}}],"inLanguage":"en-US"},{"@type":"Organization","@id":"https:\/\/nirigs.com\/#organization","name":"Nirigs","url":"https:\/\/nirigs.com\/","logo":{"@type":"ImageObject","inLanguage":"en-US","@id":"https:\/\/nirigs.com\/#\/schema\/logo\/image\/","url":"https:\/\/nirigs.com\/wp-content\/uploads\/2025\/04\/Design-sans-titre-27.png","contentUrl":"https:\/\/nirigs.com\/wp-content\/uploads\/2025\/04\/Design-sans-titre-27.png","width":500,"height":500,"caption":"Nirigs"},"image":{"@id":"https:\/\/nirigs.com\/#\/schema\/logo\/image\/"}}]}},"brands":[{"id":790,"name":"Cream of Nature","slug":"creme-of-nature"}],"_links":{"self":[{"href":"https:\/\/nirigs.com\/en\/wp-json\/wp\/v2\/product\/17609","targetHints":{"allow":["GET"]}}],"collection":[{"href":"https:\/\/nirigs.com\/en\/wp-json\/wp\/v2\/product"}],"about":[{"href":"https:\/\/nirigs.com\/en\/wp-json\/wp\/v2\/types\/product"}],"replies":[{"embeddable":true,"href":"https:\/\/nirigs.com\/en\/wp-json\/wp\/v2\/comments?post=17609"}],"version-history":[{"count":5,"href":"https:\/\/nirigs.com\/en\/wp-json\/wp\/v2\/product\/17609\/revisions"}],"predecessor-version":[{"id":27642,"href":"https:\/\/nirigs.com\/en\/wp-json\/wp\/v2\/product\/17609\/revisions\/27642"}],"wp:featuredmedia":[{"embeddable":true,"href":"https:\/\/nirigs.com\/en\/wp-json\/wp\/v2\/media\/24012"}],"wp:attachment":[{"href":"https:\/\/nirigs.com\/en\/wp-json\/wp\/v2\/media?parent=17609"}],"wp:term":[{"taxonomy":"pwb-brand","embeddable":true,"href":"https:\/\/nirigs.com\/en\/wp-json\/wp\/v2\/pwb-brand?post=17609"},{"taxonomy":"product_brand","embeddable":true,"href":"https:\/\/nirigs.com\/en\/wp-json\/wp\/v2\/product_brand?post=17609"},{"taxonomy":"product_cat","embeddable":true,"href":"https:\/\/nirigs.com\/en\/wp-json\/wp\/v2\/product_cat?post=17609"},{"taxonomy":"product_tag","embeddable":true,"href":"https:\/\/nirigs.com\/en\/wp-json\/wp\/v2\/product_tag?post=17609"}],"curies":[{"name":"wp","href":"https:\/\/api.w.org\/{rel}","templated":true}]}}