{"id":17602,"date":"2024-02-28T10:28:27","date_gmt":"2024-02-28T07:28:27","guid":{"rendered":"https:\/\/nirigs.com\/product\/creme-of-nature-pure-honey-moisturising-fortifying-mask-326-g\/"},"modified":"2026-03-04T20:19:29","modified_gmt":"2026-03-04T17:19:29","slug":"creme-de-nature-miel-pur-masque-hydratant-et-fortifiant-326-g","status":"publish","type":"product","link":"https:\/\/nirigs.com\/en\/product\/creme-de-nature-miel-pur-masque-hydratant-et-fortifiant-326-g\/","title":{"rendered":"Cr\u00e8me de Nature - Pure Honey - Moisturizing and fortifying mask - 326 g"},"content":{"rendered":"<p>R\u00e9g\u00e9n\u00e9rez l&rsquo;hydratation, pr\u00e9venez les cassures, et apprivoisez et contr\u00f4lez les frisottis avec ce masque capillaire Moisture Replenish Strength infus\u00e9 de miel pur, d&rsquo;huile de noix de coco naturelle certifi\u00e9e et de beurre de karit\u00e9.<br \/>\nRenforce et aide \u00e0 pr\u00e9venir la casse<br \/>\nApprivoise les frisottis<br \/>\nR\u00e9g\u00e9n\u00e8re l&rsquo;humidit\u00e9<br \/>\nD\u00e9m\u00ealant super glissant<br \/>\n11,5 onces<\/p>\n<h4 class=\"mv0 lh-copy f5 pb1 dark-gray\"><strong>Ingredients<\/strong><\/h4>\n<p class=\"mv0 lh-copy f6 mid-gray\">Aquawatereaucomma cetearyl alcoholcomma behentrimonium chloridecomma hydroxypropyl starch phosphatecomma dicetyldimonium chloridecomma parfum (fragrance)comma isopropyl alcoholcomma butyrospermum parkii (shea) buttercomma cetyl alcoholcomma cocos nucifera (coconut) oilcomma dicaprylyl carbonatecomma dimethiconecomma dimethiconolcomma hydrolyzed milk proteincomma hydroxyethylcellulosecomma lauric acidcomma lauryl alcohol diphosphonic acidcomma lauryl glucosidecomma mel (honey (miel))comma olea europaea (olive) fruit oilcomma panthenolcomma pentylene glycolcomma polyquaternium37comma propylene glycolcomma quaternium70comma sodium acetatecomma benzophenone3comma disodium edtacomma lactic acidcomma phenoxyethanolcomma sodium benzoatecomma blue 1 (ci 42090)comma caramelcomma red 4 (ci 14700)comma yellow 6 (ci 15985).<\/p>","protected":false},"excerpt":{"rendered":"<p>R\u00e9g\u00e9n\u00e9rez l&rsquo;hydratation, pr\u00e9venez les cassures, et apprivoisez et contr\u00f4lez les frisottis avec ce masque capillaire Moisture Replenish Strength infus\u00e9 de<\/p>","protected":false},"featured_media":24022,"comment_status":"open","ping_status":"closed","template":"","meta":[],"pwb-brand":[790],"product_brand":[],"product_cat":[267,1022,1024,1027],"product_tag":[],"class_list":{"0":"post-17602","1":"product","2":"type-product","3":"status-publish","4":"has-post-thumbnail","6":"pwb-brand-creme-of-nature","7":"product_cat-beaute-et-soins","8":"product_cat-coiffures-et-soins-des-cheveux","9":"product_cat-soins-des-cheveux","10":"product_cat-soins-et-masques-pour-les-cheveux","12":"first","13":"outofstock","14":"shipping-taxable","15":"purchasable","16":"product-type-simple"},"yoast_head":"<!-- This site is optimized with the Yoast SEO plugin v27.4 - https:\/\/yoast.com\/product\/yoast-seo-wordpress\/ -->\n<title>Cr\u00e8me de Nature - Miel pur - Masque hydratant et fortifiant - 326 g - NIRIGS<\/title>\n<meta name=\"robots\" content=\"index, follow, max-snippet:-1, max-image-preview:large, max-video-preview:-1\" \/>\n<link rel=\"canonical\" href=\"https:\/\/nirigs.com\/en\/product\/creme-de-nature-miel-pur-masque-hydratant-et-fortifiant-326-g\/\" \/>\n<meta property=\"og:locale\" content=\"en_US\" \/>\n<meta property=\"og:type\" content=\"article\" \/>\n<meta property=\"og:title\" content=\"Cr\u00e8me de Nature - Miel pur - Masque hydratant et fortifiant - 326 g - NIRIGS\" \/>\n<meta property=\"og:description\" content=\"R\u00e9g\u00e9n\u00e9rez l&rsquo;hydratation, pr\u00e9venez les cassures, et apprivoisez et contr\u00f4lez les frisottis avec ce masque capillaire Moisture Replenish Strength infus\u00e9 de\" \/>\n<meta property=\"og:url\" content=\"https:\/\/nirigs.com\/en\/product\/creme-de-nature-miel-pur-masque-hydratant-et-fortifiant-326-g\/\" \/>\n<meta property=\"og:site_name\" content=\"NIRIGS\" \/>\n<meta property=\"article:modified_time\" content=\"2026-03-04T17:19:29+00:00\" \/>\n<meta property=\"og:image\" content=\"https:\/\/nirigs.com\/wp-content\/uploads\/2024\/02\/Creme-de-Nature-\u2013-Miel-pur-\u2013-Masque-hydratant-et-fortifiant-\u2013-326-g.jpg\" \/>\n\t<meta property=\"og:image:width\" content=\"1000\" \/>\n\t<meta property=\"og:image:height\" content=\"1000\" \/>\n\t<meta property=\"og:image:type\" content=\"image\/jpeg\" \/>\n<meta name=\"twitter:card\" content=\"summary_large_image\" \/>\n<meta name=\"twitter:label1\" content=\"Est. reading time\" \/>\n\t<meta name=\"twitter:data1\" content=\"1 minute\" \/>\n<script type=\"application\/ld+json\" class=\"yoast-schema-graph\">{\"@context\":\"https:\\\/\\\/schema.org\",\"@graph\":[{\"@type\":\"WebPage\",\"@id\":\"https:\\\/\\\/nirigs.com\\\/product\\\/creme-de-nature-miel-pur-masque-hydratant-et-fortifiant-326-g\\\/\",\"url\":\"https:\\\/\\\/nirigs.com\\\/product\\\/creme-de-nature-miel-pur-masque-hydratant-et-fortifiant-326-g\\\/\",\"name\":\"Cr\u00e8me de Nature - Miel pur - Masque hydratant et fortifiant - 326 g - NIRIGS\",\"isPartOf\":{\"@id\":\"https:\\\/\\\/nirigs.com\\\/#website\"},\"primaryImageOfPage\":{\"@id\":\"https:\\\/\\\/nirigs.com\\\/product\\\/creme-de-nature-miel-pur-masque-hydratant-et-fortifiant-326-g\\\/#primaryimage\"},\"image\":{\"@id\":\"https:\\\/\\\/nirigs.com\\\/product\\\/creme-de-nature-miel-pur-masque-hydratant-et-fortifiant-326-g\\\/#primaryimage\"},\"thumbnailUrl\":\"https:\\\/\\\/nirigs.com\\\/wp-content\\\/uploads\\\/2024\\\/02\\\/Creme-de-Nature-\u2013-Miel-pur-\u2013-Masque-hydratant-et-fortifiant-\u2013-326-g.jpg\",\"datePublished\":\"2024-02-28T07:28:27+00:00\",\"dateModified\":\"2026-03-04T17:19:29+00:00\",\"breadcrumb\":{\"@id\":\"https:\\\/\\\/nirigs.com\\\/product\\\/creme-de-nature-miel-pur-masque-hydratant-et-fortifiant-326-g\\\/#breadcrumb\"},\"inLanguage\":\"en-US\",\"potentialAction\":[{\"@type\":\"ReadAction\",\"target\":[\"https:\\\/\\\/nirigs.com\\\/product\\\/creme-de-nature-miel-pur-masque-hydratant-et-fortifiant-326-g\\\/\"]}]},{\"@type\":\"ImageObject\",\"inLanguage\":\"en-US\",\"@id\":\"https:\\\/\\\/nirigs.com\\\/product\\\/creme-de-nature-miel-pur-masque-hydratant-et-fortifiant-326-g\\\/#primaryimage\",\"url\":\"https:\\\/\\\/nirigs.com\\\/wp-content\\\/uploads\\\/2024\\\/02\\\/Creme-de-Nature-\u2013-Miel-pur-\u2013-Masque-hydratant-et-fortifiant-\u2013-326-g.jpg\",\"contentUrl\":\"https:\\\/\\\/nirigs.com\\\/wp-content\\\/uploads\\\/2024\\\/02\\\/Creme-de-Nature-\u2013-Miel-pur-\u2013-Masque-hydratant-et-fortifiant-\u2013-326-g.jpg\",\"width\":1000,\"height\":1000},{\"@type\":\"BreadcrumbList\",\"@id\":\"https:\\\/\\\/nirigs.com\\\/product\\\/creme-de-nature-miel-pur-masque-hydratant-et-fortifiant-326-g\\\/#breadcrumb\",\"itemListElement\":[{\"@type\":\"ListItem\",\"position\":1,\"name\":\"Home\",\"item\":\"https:\\\/\\\/nirigs.com\\\/\"},{\"@type\":\"ListItem\",\"position\":2,\"name\":\"Parcourir\",\"item\":\"https:\\\/\\\/nirigs.com\\\/boutique\\\/\"},{\"@type\":\"ListItem\",\"position\":3,\"name\":\"Cr\u00e8me de Nature &#8211; Miel pur &#8211; Masque hydratant et fortifiant &#8211; 326 g\"}]},{\"@type\":\"WebSite\",\"@id\":\"https:\\\/\\\/nirigs.com\\\/#website\",\"url\":\"https:\\\/\\\/nirigs.com\\\/\",\"name\":\"Nirigs.com\",\"description\":\"Simplifiez vos achats du quotidien \u00e0 Djibouti\",\"publisher\":{\"@id\":\"https:\\\/\\\/nirigs.com\\\/#organization\"},\"potentialAction\":[{\"@type\":\"SearchAction\",\"target\":{\"@type\":\"EntryPoint\",\"urlTemplate\":\"https:\\\/\\\/nirigs.com\\\/?s={search_term_string}\"},\"query-input\":{\"@type\":\"PropertyValueSpecification\",\"valueRequired\":true,\"valueName\":\"search_term_string\"}}],\"inLanguage\":\"en-US\"},{\"@type\":\"Organization\",\"@id\":\"https:\\\/\\\/nirigs.com\\\/#organization\",\"name\":\"Nirigs\",\"url\":\"https:\\\/\\\/nirigs.com\\\/\",\"logo\":{\"@type\":\"ImageObject\",\"inLanguage\":\"en-US\",\"@id\":\"https:\\\/\\\/nirigs.com\\\/#\\\/schema\\\/logo\\\/image\\\/\",\"url\":\"https:\\\/\\\/nirigs.com\\\/wp-content\\\/uploads\\\/2025\\\/04\\\/Design-sans-titre-27.png\",\"contentUrl\":\"https:\\\/\\\/nirigs.com\\\/wp-content\\\/uploads\\\/2025\\\/04\\\/Design-sans-titre-27.png\",\"width\":500,\"height\":500,\"caption\":\"Nirigs\"},\"image\":{\"@id\":\"https:\\\/\\\/nirigs.com\\\/#\\\/schema\\\/logo\\\/image\\\/\"}}]}<\/script>\n<!-- \/ Yoast SEO plugin. -->","yoast_head_json":{"title":"Cr\u00e8me de Nature - Miel pur - Masque hydratant et fortifiant - 326 g - NIRIGS","robots":{"index":"index","follow":"follow","max-snippet":"max-snippet:-1","max-image-preview":"max-image-preview:large","max-video-preview":"max-video-preview:-1"},"canonical":"https:\/\/nirigs.com\/en\/product\/creme-de-nature-miel-pur-masque-hydratant-et-fortifiant-326-g\/","og_locale":"en_US","og_type":"article","og_title":"Cr\u00e8me de Nature - Miel pur - Masque hydratant et fortifiant - 326 g - NIRIGS","og_description":"R\u00e9g\u00e9n\u00e9rez l&rsquo;hydratation, pr\u00e9venez les cassures, et apprivoisez et contr\u00f4lez les frisottis avec ce masque capillaire Moisture Replenish Strength infus\u00e9 de","og_url":"https:\/\/nirigs.com\/en\/product\/creme-de-nature-miel-pur-masque-hydratant-et-fortifiant-326-g\/","og_site_name":"NIRIGS","article_modified_time":"2026-03-04T17:19:29+00:00","og_image":[{"width":1000,"height":1000,"url":"https:\/\/nirigs.com\/wp-content\/uploads\/2024\/02\/Creme-de-Nature-\u2013-Miel-pur-\u2013-Masque-hydratant-et-fortifiant-\u2013-326-g.jpg","type":"image\/jpeg"}],"twitter_card":"summary_large_image","twitter_misc":{"Est. reading time":"1 minute"},"schema":{"@context":"https:\/\/schema.org","@graph":[{"@type":"WebPage","@id":"https:\/\/nirigs.com\/product\/creme-de-nature-miel-pur-masque-hydratant-et-fortifiant-326-g\/","url":"https:\/\/nirigs.com\/product\/creme-de-nature-miel-pur-masque-hydratant-et-fortifiant-326-g\/","name":"Cr\u00e8me de Nature - Miel pur - Masque hydratant et fortifiant - 326 g - NIRIGS","isPartOf":{"@id":"https:\/\/nirigs.com\/#website"},"primaryImageOfPage":{"@id":"https:\/\/nirigs.com\/product\/creme-de-nature-miel-pur-masque-hydratant-et-fortifiant-326-g\/#primaryimage"},"image":{"@id":"https:\/\/nirigs.com\/product\/creme-de-nature-miel-pur-masque-hydratant-et-fortifiant-326-g\/#primaryimage"},"thumbnailUrl":"https:\/\/nirigs.com\/wp-content\/uploads\/2024\/02\/Creme-de-Nature-\u2013-Miel-pur-\u2013-Masque-hydratant-et-fortifiant-\u2013-326-g.jpg","datePublished":"2024-02-28T07:28:27+00:00","dateModified":"2026-03-04T17:19:29+00:00","breadcrumb":{"@id":"https:\/\/nirigs.com\/product\/creme-de-nature-miel-pur-masque-hydratant-et-fortifiant-326-g\/#breadcrumb"},"inLanguage":"en-US","potentialAction":[{"@type":"ReadAction","target":["https:\/\/nirigs.com\/product\/creme-de-nature-miel-pur-masque-hydratant-et-fortifiant-326-g\/"]}]},{"@type":"ImageObject","inLanguage":"en-US","@id":"https:\/\/nirigs.com\/product\/creme-de-nature-miel-pur-masque-hydratant-et-fortifiant-326-g\/#primaryimage","url":"https:\/\/nirigs.com\/wp-content\/uploads\/2024\/02\/Creme-de-Nature-\u2013-Miel-pur-\u2013-Masque-hydratant-et-fortifiant-\u2013-326-g.jpg","contentUrl":"https:\/\/nirigs.com\/wp-content\/uploads\/2024\/02\/Creme-de-Nature-\u2013-Miel-pur-\u2013-Masque-hydratant-et-fortifiant-\u2013-326-g.jpg","width":1000,"height":1000},{"@type":"BreadcrumbList","@id":"https:\/\/nirigs.com\/product\/creme-de-nature-miel-pur-masque-hydratant-et-fortifiant-326-g\/#breadcrumb","itemListElement":[{"@type":"ListItem","position":1,"name":"Home","item":"https:\/\/nirigs.com\/"},{"@type":"ListItem","position":2,"name":"Parcourir","item":"https:\/\/nirigs.com\/boutique\/"},{"@type":"ListItem","position":3,"name":"Cr\u00e8me de Nature &#8211; Miel pur &#8211; Masque hydratant et fortifiant &#8211; 326 g"}]},{"@type":"WebSite","@id":"https:\/\/nirigs.com\/#website","url":"https:\/\/nirigs.com\/","name":"Nirigs.com","description":"Simplifiez vos achats du quotidien \u00e0 Djibouti","publisher":{"@id":"https:\/\/nirigs.com\/#organization"},"potentialAction":[{"@type":"SearchAction","target":{"@type":"EntryPoint","urlTemplate":"https:\/\/nirigs.com\/?s={search_term_string}"},"query-input":{"@type":"PropertyValueSpecification","valueRequired":true,"valueName":"search_term_string"}}],"inLanguage":"en-US"},{"@type":"Organization","@id":"https:\/\/nirigs.com\/#organization","name":"Nirigs","url":"https:\/\/nirigs.com\/","logo":{"@type":"ImageObject","inLanguage":"en-US","@id":"https:\/\/nirigs.com\/#\/schema\/logo\/image\/","url":"https:\/\/nirigs.com\/wp-content\/uploads\/2025\/04\/Design-sans-titre-27.png","contentUrl":"https:\/\/nirigs.com\/wp-content\/uploads\/2025\/04\/Design-sans-titre-27.png","width":500,"height":500,"caption":"Nirigs"},"image":{"@id":"https:\/\/nirigs.com\/#\/schema\/logo\/image\/"}}]}},"brands":[{"id":790,"name":"Cream of Nature","slug":"creme-of-nature"}],"_links":{"self":[{"href":"https:\/\/nirigs.com\/en\/wp-json\/wp\/v2\/product\/17602","targetHints":{"allow":["GET"]}}],"collection":[{"href":"https:\/\/nirigs.com\/en\/wp-json\/wp\/v2\/product"}],"about":[{"href":"https:\/\/nirigs.com\/en\/wp-json\/wp\/v2\/types\/product"}],"replies":[{"embeddable":true,"href":"https:\/\/nirigs.com\/en\/wp-json\/wp\/v2\/comments?post=17602"}],"version-history":[{"count":2,"href":"https:\/\/nirigs.com\/en\/wp-json\/wp\/v2\/product\/17602\/revisions"}],"predecessor-version":[{"id":18692,"href":"https:\/\/nirigs.com\/en\/wp-json\/wp\/v2\/product\/17602\/revisions\/18692"}],"wp:featuredmedia":[{"embeddable":true,"href":"https:\/\/nirigs.com\/en\/wp-json\/wp\/v2\/media\/24022"}],"wp:attachment":[{"href":"https:\/\/nirigs.com\/en\/wp-json\/wp\/v2\/media?parent=17602"}],"wp:term":[{"taxonomy":"pwb-brand","embeddable":true,"href":"https:\/\/nirigs.com\/en\/wp-json\/wp\/v2\/pwb-brand?post=17602"},{"taxonomy":"product_brand","embeddable":true,"href":"https:\/\/nirigs.com\/en\/wp-json\/wp\/v2\/product_brand?post=17602"},{"taxonomy":"product_cat","embeddable":true,"href":"https:\/\/nirigs.com\/en\/wp-json\/wp\/v2\/product_cat?post=17602"},{"taxonomy":"product_tag","embeddable":true,"href":"https:\/\/nirigs.com\/en\/wp-json\/wp\/v2\/product_tag?post=17602"}],"curies":[{"name":"wp","href":"https:\/\/api.w.org\/{rel}","templated":true}]}}