{"id":17601,"date":"2024-02-28T10:22:20","date_gmt":"2024-02-28T07:22:20","guid":{"rendered":"https:\/\/nirigs.com\/product\/eco-styler-styling-gel-coconut-oil-473-ml\/"},"modified":"2025-06-06T21:32:19","modified_gmt":"2025-06-06T18:32:19","slug":"eco-styler-styling-gel-coconut-oil-473-ml","status":"publish","type":"product","link":"https:\/\/nirigs.com\/en\/product\/eco-styler-styling-gel-coconut-oil-473-ml\/","title":{"rendered":"Eco Styler &#8211; Gel coiffant &#8211; Huile de coco &#8211; 473 ml"},"content":{"rendered":"<p>Le gel\u00a0<strong>Eco styler Coconut Oil<\/strong>\u00a0est le dernier n\u00e9 de la c\u00e9l\u00e9brissime gamme des gels\u00a0<strong>Ecostyler<\/strong>. A base d&rsquo;eau, ce styling gel l\u00e9g\u00e8rement satin\u00e9 est fabriqu\u00e9 \u00e0 partir d\u2019huile de coco pure. Il apporte de la tenue et de la brillance \u00e0 vos coiffures, l\u2019huile de coco stimule les cheveux et limite la casse.<br \/>\nId\u00e9al pour\u00a0<strong>plaquer sans coller<\/strong>, pour\u00a0<strong>d\u00e9finir les boucles<\/strong>\u00a0il ne dess\u00e8che pas et aide \u00e0 maintenir une bonne hydratation du cheveu sans faire de d\u00e9p\u00f4t ni deshydrater les cheveux.<br \/>\nIl permet de bien d\u00e9finir et fixer les boucles pour un \u2018<strong>wash and go<\/strong>\u2019 avec un effet lustr\u00e9 sur cheveux humides et un peu crant\u00e9 une fois les cheveux secs.<\/p>\n<h4><strong>Use<\/strong><\/h4>\n<p>Sur cheveux secs ou, humides suivant le style de coiffure<\/p>\n<ol>\n<li>bien hydrater avec une lotion ou un leave in<\/li>\n<li>Appliquer g\u00e9n\u00e9reusement le gel eco styler coconut oil<\/li>\n<li>R\u00e9partir et coiffer<\/li>\n<\/ol>\n<h4><strong>Igr\u00e9dients<\/strong><\/h4>\n<p>Water (eau), Carbomer, Hydrolyzed Wheat Protein (prot\u00e9ine de bl\u00e9 hydrolys\u00e9e), Glycerin, Triethanolamine, PVP (polyvinylpyrrolidone), Phenoxyethanol, Polysorbate 20, Tetrasodium EDTA, Coconut Oil, Fragrance (Parfum).<\/p>","protected":false},"excerpt":{"rendered":"<p>Le gel\u00a0Eco styler Coconut Oil\u00a0est le dernier n\u00e9 de la c\u00e9l\u00e9brissime gamme des gels\u00a0Ecostyler. A base d&rsquo;eau, ce styling gel<\/p>","protected":false},"featured_media":24025,"comment_status":"open","ping_status":"closed","template":"","meta":[],"pwb-brand":[779],"product_brand":[],"product_cat":[267,1022,1073,1071],"product_tag":[],"class_list":{"0":"post-17601","1":"product","2":"type-product","3":"status-publish","4":"has-post-thumbnail","6":"pwb-brand-eco-styler","7":"product_cat-beaute-et-soins","8":"product_cat-coiffures-et-soins-des-cheveux","9":"product_cat-gels-coiffants","10":"product_cat-produits-coiffants","12":"first","13":"instock","14":"shipping-taxable","15":"purchasable","16":"product-type-simple"},"yoast_head":"<!-- This site is optimized with the Yoast SEO plugin v27.4 - https:\/\/yoast.com\/product\/yoast-seo-wordpress\/ -->\n<title>Eco Styler - Gel coiffant - Huile de coco - 473 ml - NIRIGS<\/title>\n<meta name=\"robots\" content=\"index, follow, max-snippet:-1, max-image-preview:large, max-video-preview:-1\" \/>\n<link rel=\"canonical\" href=\"https:\/\/nirigs.com\/en\/product\/eco-styler-styling-gel-coconut-oil-473-ml\/\" \/>\n<meta property=\"og:locale\" content=\"en_US\" \/>\n<meta property=\"og:type\" content=\"article\" \/>\n<meta property=\"og:title\" content=\"Eco Styler - Gel coiffant - Huile de coco - 473 ml - NIRIGS\" \/>\n<meta property=\"og:description\" content=\"Le gel\u00a0Eco styler Coconut Oil\u00a0est le dernier n\u00e9 de la c\u00e9l\u00e9brissime gamme des gels\u00a0Ecostyler. A base d&rsquo;eau, ce styling gel\" \/>\n<meta property=\"og:url\" content=\"https:\/\/nirigs.com\/en\/product\/eco-styler-styling-gel-coconut-oil-473-ml\/\" \/>\n<meta property=\"og:site_name\" content=\"NIRIGS\" \/>\n<meta property=\"article:modified_time\" content=\"2025-06-06T18:32:19+00:00\" \/>\n<meta property=\"og:image\" content=\"https:\/\/nirigs.com\/wp-content\/uploads\/2024\/02\/Eco-Styler-\u2013-Gel-coiffant-\u2013-Huile-de-coco-\u2013-473-ml.jpg\" \/>\n\t<meta property=\"og:image:width\" content=\"1000\" \/>\n\t<meta property=\"og:image:height\" content=\"1000\" \/>\n\t<meta property=\"og:image:type\" content=\"image\/jpeg\" \/>\n<meta name=\"twitter:card\" content=\"summary_large_image\" \/>\n<meta name=\"twitter:label1\" content=\"Est. reading time\" \/>\n\t<meta name=\"twitter:data1\" content=\"1 minute\" \/>\n<script type=\"application\/ld+json\" class=\"yoast-schema-graph\">{\"@context\":\"https:\\\/\\\/schema.org\",\"@graph\":[{\"@type\":\"WebPage\",\"@id\":\"https:\\\/\\\/nirigs.com\\\/product\\\/eco-styler-styling-gel-coconut-oil-473-ml\\\/\",\"url\":\"https:\\\/\\\/nirigs.com\\\/product\\\/eco-styler-styling-gel-coconut-oil-473-ml\\\/\",\"name\":\"Eco Styler - Gel coiffant - Huile de coco - 473 ml - NIRIGS\",\"isPartOf\":{\"@id\":\"https:\\\/\\\/nirigs.com\\\/#website\"},\"primaryImageOfPage\":{\"@id\":\"https:\\\/\\\/nirigs.com\\\/product\\\/eco-styler-styling-gel-coconut-oil-473-ml\\\/#primaryimage\"},\"image\":{\"@id\":\"https:\\\/\\\/nirigs.com\\\/product\\\/eco-styler-styling-gel-coconut-oil-473-ml\\\/#primaryimage\"},\"thumbnailUrl\":\"https:\\\/\\\/nirigs.com\\\/wp-content\\\/uploads\\\/2024\\\/02\\\/Eco-Styler-\u2013-Gel-coiffant-\u2013-Huile-de-coco-\u2013-473-ml.jpg\",\"datePublished\":\"2024-02-28T07:22:20+00:00\",\"dateModified\":\"2025-06-06T18:32:19+00:00\",\"breadcrumb\":{\"@id\":\"https:\\\/\\\/nirigs.com\\\/product\\\/eco-styler-styling-gel-coconut-oil-473-ml\\\/#breadcrumb\"},\"inLanguage\":\"en-US\",\"potentialAction\":[{\"@type\":\"ReadAction\",\"target\":[\"https:\\\/\\\/nirigs.com\\\/product\\\/eco-styler-styling-gel-coconut-oil-473-ml\\\/\"]}]},{\"@type\":\"ImageObject\",\"inLanguage\":\"en-US\",\"@id\":\"https:\\\/\\\/nirigs.com\\\/product\\\/eco-styler-styling-gel-coconut-oil-473-ml\\\/#primaryimage\",\"url\":\"https:\\\/\\\/nirigs.com\\\/wp-content\\\/uploads\\\/2024\\\/02\\\/Eco-Styler-\u2013-Gel-coiffant-\u2013-Huile-de-coco-\u2013-473-ml.jpg\",\"contentUrl\":\"https:\\\/\\\/nirigs.com\\\/wp-content\\\/uploads\\\/2024\\\/02\\\/Eco-Styler-\u2013-Gel-coiffant-\u2013-Huile-de-coco-\u2013-473-ml.jpg\",\"width\":1000,\"height\":1000},{\"@type\":\"BreadcrumbList\",\"@id\":\"https:\\\/\\\/nirigs.com\\\/product\\\/eco-styler-styling-gel-coconut-oil-473-ml\\\/#breadcrumb\",\"itemListElement\":[{\"@type\":\"ListItem\",\"position\":1,\"name\":\"Home\",\"item\":\"https:\\\/\\\/nirigs.com\\\/\"},{\"@type\":\"ListItem\",\"position\":2,\"name\":\"Parcourir\",\"item\":\"https:\\\/\\\/nirigs.com\\\/boutique\\\/\"},{\"@type\":\"ListItem\",\"position\":3,\"name\":\"Eco Styler &#8211; Gel coiffant &#8211; Huile de coco &#8211; 473 ml\"}]},{\"@type\":\"WebSite\",\"@id\":\"https:\\\/\\\/nirigs.com\\\/#website\",\"url\":\"https:\\\/\\\/nirigs.com\\\/\",\"name\":\"Nirigs.com\",\"description\":\"Simplifiez vos achats du quotidien \u00e0 Djibouti\",\"publisher\":{\"@id\":\"https:\\\/\\\/nirigs.com\\\/#organization\"},\"potentialAction\":[{\"@type\":\"SearchAction\",\"target\":{\"@type\":\"EntryPoint\",\"urlTemplate\":\"https:\\\/\\\/nirigs.com\\\/?s={search_term_string}\"},\"query-input\":{\"@type\":\"PropertyValueSpecification\",\"valueRequired\":true,\"valueName\":\"search_term_string\"}}],\"inLanguage\":\"en-US\"},{\"@type\":\"Organization\",\"@id\":\"https:\\\/\\\/nirigs.com\\\/#organization\",\"name\":\"Nirigs\",\"url\":\"https:\\\/\\\/nirigs.com\\\/\",\"logo\":{\"@type\":\"ImageObject\",\"inLanguage\":\"en-US\",\"@id\":\"https:\\\/\\\/nirigs.com\\\/#\\\/schema\\\/logo\\\/image\\\/\",\"url\":\"https:\\\/\\\/nirigs.com\\\/wp-content\\\/uploads\\\/2025\\\/04\\\/Design-sans-titre-27.png\",\"contentUrl\":\"https:\\\/\\\/nirigs.com\\\/wp-content\\\/uploads\\\/2025\\\/04\\\/Design-sans-titre-27.png\",\"width\":500,\"height\":500,\"caption\":\"Nirigs\"},\"image\":{\"@id\":\"https:\\\/\\\/nirigs.com\\\/#\\\/schema\\\/logo\\\/image\\\/\"}}]}<\/script>\n<!-- \/ Yoast SEO plugin. -->","yoast_head_json":{"title":"Eco Styler - Gel coiffant - Huile de coco - 473 ml - NIRIGS","robots":{"index":"index","follow":"follow","max-snippet":"max-snippet:-1","max-image-preview":"max-image-preview:large","max-video-preview":"max-video-preview:-1"},"canonical":"https:\/\/nirigs.com\/en\/product\/eco-styler-styling-gel-coconut-oil-473-ml\/","og_locale":"en_US","og_type":"article","og_title":"Eco Styler - Gel coiffant - Huile de coco - 473 ml - NIRIGS","og_description":"Le gel\u00a0Eco styler Coconut Oil\u00a0est le dernier n\u00e9 de la c\u00e9l\u00e9brissime gamme des gels\u00a0Ecostyler. A base d&rsquo;eau, ce styling gel","og_url":"https:\/\/nirigs.com\/en\/product\/eco-styler-styling-gel-coconut-oil-473-ml\/","og_site_name":"NIRIGS","article_modified_time":"2025-06-06T18:32:19+00:00","og_image":[{"width":1000,"height":1000,"url":"https:\/\/nirigs.com\/wp-content\/uploads\/2024\/02\/Eco-Styler-\u2013-Gel-coiffant-\u2013-Huile-de-coco-\u2013-473-ml.jpg","type":"image\/jpeg"}],"twitter_card":"summary_large_image","twitter_misc":{"Est. reading time":"1 minute"},"schema":{"@context":"https:\/\/schema.org","@graph":[{"@type":"WebPage","@id":"https:\/\/nirigs.com\/product\/eco-styler-styling-gel-coconut-oil-473-ml\/","url":"https:\/\/nirigs.com\/product\/eco-styler-styling-gel-coconut-oil-473-ml\/","name":"Eco Styler - Gel coiffant - Huile de coco - 473 ml - NIRIGS","isPartOf":{"@id":"https:\/\/nirigs.com\/#website"},"primaryImageOfPage":{"@id":"https:\/\/nirigs.com\/product\/eco-styler-styling-gel-coconut-oil-473-ml\/#primaryimage"},"image":{"@id":"https:\/\/nirigs.com\/product\/eco-styler-styling-gel-coconut-oil-473-ml\/#primaryimage"},"thumbnailUrl":"https:\/\/nirigs.com\/wp-content\/uploads\/2024\/02\/Eco-Styler-\u2013-Gel-coiffant-\u2013-Huile-de-coco-\u2013-473-ml.jpg","datePublished":"2024-02-28T07:22:20+00:00","dateModified":"2025-06-06T18:32:19+00:00","breadcrumb":{"@id":"https:\/\/nirigs.com\/product\/eco-styler-styling-gel-coconut-oil-473-ml\/#breadcrumb"},"inLanguage":"en-US","potentialAction":[{"@type":"ReadAction","target":["https:\/\/nirigs.com\/product\/eco-styler-styling-gel-coconut-oil-473-ml\/"]}]},{"@type":"ImageObject","inLanguage":"en-US","@id":"https:\/\/nirigs.com\/product\/eco-styler-styling-gel-coconut-oil-473-ml\/#primaryimage","url":"https:\/\/nirigs.com\/wp-content\/uploads\/2024\/02\/Eco-Styler-\u2013-Gel-coiffant-\u2013-Huile-de-coco-\u2013-473-ml.jpg","contentUrl":"https:\/\/nirigs.com\/wp-content\/uploads\/2024\/02\/Eco-Styler-\u2013-Gel-coiffant-\u2013-Huile-de-coco-\u2013-473-ml.jpg","width":1000,"height":1000},{"@type":"BreadcrumbList","@id":"https:\/\/nirigs.com\/product\/eco-styler-styling-gel-coconut-oil-473-ml\/#breadcrumb","itemListElement":[{"@type":"ListItem","position":1,"name":"Home","item":"https:\/\/nirigs.com\/"},{"@type":"ListItem","position":2,"name":"Parcourir","item":"https:\/\/nirigs.com\/boutique\/"},{"@type":"ListItem","position":3,"name":"Eco Styler &#8211; Gel coiffant &#8211; Huile de coco &#8211; 473 ml"}]},{"@type":"WebSite","@id":"https:\/\/nirigs.com\/#website","url":"https:\/\/nirigs.com\/","name":"Nirigs.com","description":"Simplifiez vos achats du quotidien \u00e0 Djibouti","publisher":{"@id":"https:\/\/nirigs.com\/#organization"},"potentialAction":[{"@type":"SearchAction","target":{"@type":"EntryPoint","urlTemplate":"https:\/\/nirigs.com\/?s={search_term_string}"},"query-input":{"@type":"PropertyValueSpecification","valueRequired":true,"valueName":"search_term_string"}}],"inLanguage":"en-US"},{"@type":"Organization","@id":"https:\/\/nirigs.com\/#organization","name":"Nirigs","url":"https:\/\/nirigs.com\/","logo":{"@type":"ImageObject","inLanguage":"en-US","@id":"https:\/\/nirigs.com\/#\/schema\/logo\/image\/","url":"https:\/\/nirigs.com\/wp-content\/uploads\/2025\/04\/Design-sans-titre-27.png","contentUrl":"https:\/\/nirigs.com\/wp-content\/uploads\/2025\/04\/Design-sans-titre-27.png","width":500,"height":500,"caption":"Nirigs"},"image":{"@id":"https:\/\/nirigs.com\/#\/schema\/logo\/image\/"}}]}},"brands":[{"id":779,"name":"Eco Styler","slug":"eco-styler"}],"_links":{"self":[{"href":"https:\/\/nirigs.com\/en\/wp-json\/wp\/v2\/product\/17601","targetHints":{"allow":["GET"]}}],"collection":[{"href":"https:\/\/nirigs.com\/en\/wp-json\/wp\/v2\/product"}],"about":[{"href":"https:\/\/nirigs.com\/en\/wp-json\/wp\/v2\/types\/product"}],"replies":[{"embeddable":true,"href":"https:\/\/nirigs.com\/en\/wp-json\/wp\/v2\/comments?post=17601"}],"version-history":[{"count":4,"href":"https:\/\/nirigs.com\/en\/wp-json\/wp\/v2\/product\/17601\/revisions"}],"predecessor-version":[{"id":18693,"href":"https:\/\/nirigs.com\/en\/wp-json\/wp\/v2\/product\/17601\/revisions\/18693"}],"wp:featuredmedia":[{"embeddable":true,"href":"https:\/\/nirigs.com\/en\/wp-json\/wp\/v2\/media\/24025"}],"wp:attachment":[{"href":"https:\/\/nirigs.com\/en\/wp-json\/wp\/v2\/media?parent=17601"}],"wp:term":[{"taxonomy":"pwb-brand","embeddable":true,"href":"https:\/\/nirigs.com\/en\/wp-json\/wp\/v2\/pwb-brand?post=17601"},{"taxonomy":"product_brand","embeddable":true,"href":"https:\/\/nirigs.com\/en\/wp-json\/wp\/v2\/product_brand?post=17601"},{"taxonomy":"product_cat","embeddable":true,"href":"https:\/\/nirigs.com\/en\/wp-json\/wp\/v2\/product_cat?post=17601"},{"taxonomy":"product_tag","embeddable":true,"href":"https:\/\/nirigs.com\/en\/wp-json\/wp\/v2\/product_tag?post=17601"}],"curies":[{"name":"wp","href":"https:\/\/api.w.org\/{rel}","templated":true}]}}