{"id":17584,"date":"2024-02-27T17:48:48","date_gmt":"2024-02-27T14:48:48","guid":{"rendered":"https:\/\/nirigs.com\/product\/african-pride-honey-chocolate-coconut-oil-nourish-restore-conditioner-354-ml\/"},"modified":"2025-03-14T18:15:28","modified_gmt":"2025-03-14T15:15:28","slug":"african-pride-honey-chocolate-coconut-oil-nourish-restore-conditioner-354-ml","status":"publish","type":"product","link":"https:\/\/nirigs.com\/en\/product\/african-pride-honey-chocolate-coconut-oil-nourish-restore-conditioner-354-ml\/","title":{"rendered":"African Pride Nourish and Restore conditioner with honey, chocolate and coconut oil - 354 ml"},"content":{"rendered":"<p>A moisture-repairing blend uses the natural revitalizing and moisturizing benefits of honey and coconut oil, with the restorative benefits of chocolate (cocoa) to transform curls and dry curls, leaving them hydrated and nourished. Helps repair and replenish moisture in natural curls and curls.<br \/>\nNourishes curls<br \/>\nDeeply revitalizes, moisturizes and helps repair.<br \/>\nRegenerates moisture in coils and natural curls<br \/>\nFree from harmful ingredients, including parabens, mineral oil, sulfates and petroleum jelly<br \/>\nRestorations and repairs.<\/p>\n<h4><strong>Use<\/strong><\/h4>\n<p id=\"tw-target-text\" class=\"tw-data-text tw-text-large tw-ta\" dir=\"ltr\" data-placeholder=\"Translation\" aria-label=\"Translated text\" data-ved=\"2ahUKEwiX8vbwg-CHAxXtSPEDHU7zIhQQ3ewLegQIBxAU\"><span class=\"Y2IQFc\" lang=\"fr\">After shampooing with Moisture Miracle Nourish &amp; Shine Shampoo, apply generously to wet hair. Massage into hair, from roots to ends. Detangle. Leave on for 10 to 15 minutes. Rinse thoroughly. Follow with any Moisture Miracle leave-in conditioner.<\/span><\/p>\n<h4 class=\"mv0 lh-copy f5 pb1 dark-gray\"><strong>Ingredients<\/strong><\/h4>\n<p class=\"mv0 lh-copy f6 mid-gray\">Water (Aqua), Glycerin, Propylene Glycol, Cocos Nucifera (Coconut) Oil, Vitis Vinifera (Grape) Seed, Oil, Butyrospermum Parkii (Shea) Butter, Honey (Mel), Polyquaternium-37, Theobroma Cacao (Cocoa) Seed, Powder, Fragrance (Parfum), Propylene Glycol, Dicaprylate\/Dicaprate, Dimethicone, Steareth-2, Steareth-20, Phenoxyethanol, Phenyl Trimethicone, Ethylhexylglycerin, Trideceth-6, PEG-90M, Citronellol, Alpha-Isomethyl Ionone, Linalool, Coumarin, Caramel.<\/p>","protected":false},"excerpt":{"rendered":"<p>Un m\u00e9lange r\u00e9parateur d&rsquo;humidit\u00e9 utilise les bienfaits naturels revitalisants et hydratants du miel et de l&rsquo;huile de noix de coco,<\/p>","protected":false},"featured_media":24027,"comment_status":"closed","ping_status":"closed","template":"","meta":[],"pwb-brand":[789],"product_brand":[],"product_cat":[1025,267,1022,1024],"product_tag":[],"class_list":{"0":"post-17584","1":"product","2":"type-product","3":"status-publish","4":"has-post-thumbnail","6":"pwb-brand-africa-pride","7":"product_cat-apres-shampooings","8":"product_cat-beaute-et-soins","9":"product_cat-coiffures-et-soins-des-cheveux","10":"product_cat-soins-des-cheveux","12":"first","13":"outofstock","14":"shipping-taxable","15":"purchasable","16":"product-type-simple"},"yoast_head":"<!-- This site is optimized with the Yoast SEO plugin v27.4 - https:\/\/yoast.com\/product\/yoast-seo-wordpress\/ -->\n<title>African Pride Apr\u00e8s-shampooing Nourish and Restore au miel, au chocolat et \u00e0 l&#039;huile de noix de coco - 354 ml - NIRIGS<\/title>\n<meta name=\"robots\" content=\"index, follow, max-snippet:-1, max-image-preview:large, max-video-preview:-1\" \/>\n<link rel=\"canonical\" href=\"https:\/\/nirigs.com\/en\/product\/african-pride-honey-chocolate-coconut-oil-nourish-restore-conditioner-354-ml\/\" \/>\n<meta property=\"og:locale\" content=\"en_US\" \/>\n<meta property=\"og:type\" content=\"article\" \/>\n<meta property=\"og:title\" content=\"African Pride Apr\u00e8s-shampooing Nourish and Restore au miel, au chocolat et \u00e0 l&#039;huile de noix de coco - 354 ml - NIRIGS\" \/>\n<meta property=\"og:description\" content=\"Un m\u00e9lange r\u00e9parateur d&rsquo;humidit\u00e9 utilise les bienfaits naturels revitalisants et hydratants du miel et de l&rsquo;huile de noix de coco,\" \/>\n<meta property=\"og:url\" content=\"https:\/\/nirigs.com\/en\/product\/african-pride-honey-chocolate-coconut-oil-nourish-restore-conditioner-354-ml\/\" \/>\n<meta property=\"og:site_name\" content=\"NIRIGS\" \/>\n<meta property=\"article:modified_time\" content=\"2025-03-14T15:15:28+00:00\" \/>\n<meta property=\"og:image\" content=\"https:\/\/nirigs.com\/wp-content\/uploads\/2024\/02\/African-Pride-Apres-shampooing-Nourish-and-Restore-au-miel-au-chocolat-et-a-lhuile-de-noix-de-coco-\u2013-354-ml.jpg\" \/>\n\t<meta property=\"og:image:width\" content=\"1000\" \/>\n\t<meta property=\"og:image:height\" content=\"1000\" \/>\n\t<meta property=\"og:image:type\" content=\"image\/jpeg\" \/>\n<meta name=\"twitter:card\" content=\"summary_large_image\" \/>\n<meta name=\"twitter:label1\" content=\"Est. reading time\" \/>\n\t<meta name=\"twitter:data1\" content=\"1 minute\" \/>\n<script type=\"application\/ld+json\" class=\"yoast-schema-graph\">{\"@context\":\"https:\\\/\\\/schema.org\",\"@graph\":[{\"@type\":\"WebPage\",\"@id\":\"https:\\\/\\\/nirigs.com\\\/product\\\/african-pride-honey-chocolate-coconut-oil-nourish-restore-conditioner-354-ml\\\/\",\"url\":\"https:\\\/\\\/nirigs.com\\\/product\\\/african-pride-honey-chocolate-coconut-oil-nourish-restore-conditioner-354-ml\\\/\",\"name\":\"African Pride Apr\u00e8s-shampooing Nourish and Restore au miel, au chocolat et \u00e0 l'huile de noix de coco - 354 ml - NIRIGS\",\"isPartOf\":{\"@id\":\"https:\\\/\\\/nirigs.com\\\/#website\"},\"primaryImageOfPage\":{\"@id\":\"https:\\\/\\\/nirigs.com\\\/product\\\/african-pride-honey-chocolate-coconut-oil-nourish-restore-conditioner-354-ml\\\/#primaryimage\"},\"image\":{\"@id\":\"https:\\\/\\\/nirigs.com\\\/product\\\/african-pride-honey-chocolate-coconut-oil-nourish-restore-conditioner-354-ml\\\/#primaryimage\"},\"thumbnailUrl\":\"https:\\\/\\\/nirigs.com\\\/wp-content\\\/uploads\\\/2024\\\/02\\\/African-Pride-Apres-shampooing-Nourish-and-Restore-au-miel-au-chocolat-et-a-lhuile-de-noix-de-coco-\u2013-354-ml.jpg\",\"datePublished\":\"2024-02-27T14:48:48+00:00\",\"dateModified\":\"2025-03-14T15:15:28+00:00\",\"breadcrumb\":{\"@id\":\"https:\\\/\\\/nirigs.com\\\/product\\\/african-pride-honey-chocolate-coconut-oil-nourish-restore-conditioner-354-ml\\\/#breadcrumb\"},\"inLanguage\":\"en-US\",\"potentialAction\":[{\"@type\":\"ReadAction\",\"target\":[\"https:\\\/\\\/nirigs.com\\\/product\\\/african-pride-honey-chocolate-coconut-oil-nourish-restore-conditioner-354-ml\\\/\"]}]},{\"@type\":\"ImageObject\",\"inLanguage\":\"en-US\",\"@id\":\"https:\\\/\\\/nirigs.com\\\/product\\\/african-pride-honey-chocolate-coconut-oil-nourish-restore-conditioner-354-ml\\\/#primaryimage\",\"url\":\"https:\\\/\\\/nirigs.com\\\/wp-content\\\/uploads\\\/2024\\\/02\\\/African-Pride-Apres-shampooing-Nourish-and-Restore-au-miel-au-chocolat-et-a-lhuile-de-noix-de-coco-\u2013-354-ml.jpg\",\"contentUrl\":\"https:\\\/\\\/nirigs.com\\\/wp-content\\\/uploads\\\/2024\\\/02\\\/African-Pride-Apres-shampooing-Nourish-and-Restore-au-miel-au-chocolat-et-a-lhuile-de-noix-de-coco-\u2013-354-ml.jpg\",\"width\":1000,\"height\":1000},{\"@type\":\"BreadcrumbList\",\"@id\":\"https:\\\/\\\/nirigs.com\\\/product\\\/african-pride-honey-chocolate-coconut-oil-nourish-restore-conditioner-354-ml\\\/#breadcrumb\",\"itemListElement\":[{\"@type\":\"ListItem\",\"position\":1,\"name\":\"Home\",\"item\":\"https:\\\/\\\/nirigs.com\\\/\"},{\"@type\":\"ListItem\",\"position\":2,\"name\":\"Parcourir\",\"item\":\"https:\\\/\\\/nirigs.com\\\/boutique\\\/\"},{\"@type\":\"ListItem\",\"position\":3,\"name\":\"African Pride Apr\u00e8s-shampooing Nourish and Restore au miel, au chocolat et \u00e0 l&rsquo;huile de noix de coco &#8211; 354 ml\"}]},{\"@type\":\"WebSite\",\"@id\":\"https:\\\/\\\/nirigs.com\\\/#website\",\"url\":\"https:\\\/\\\/nirigs.com\\\/\",\"name\":\"Nirigs.com\",\"description\":\"Simplifiez vos achats du quotidien \u00e0 Djibouti\",\"publisher\":{\"@id\":\"https:\\\/\\\/nirigs.com\\\/#organization\"},\"potentialAction\":[{\"@type\":\"SearchAction\",\"target\":{\"@type\":\"EntryPoint\",\"urlTemplate\":\"https:\\\/\\\/nirigs.com\\\/?s={search_term_string}\"},\"query-input\":{\"@type\":\"PropertyValueSpecification\",\"valueRequired\":true,\"valueName\":\"search_term_string\"}}],\"inLanguage\":\"en-US\"},{\"@type\":\"Organization\",\"@id\":\"https:\\\/\\\/nirigs.com\\\/#organization\",\"name\":\"Nirigs\",\"url\":\"https:\\\/\\\/nirigs.com\\\/\",\"logo\":{\"@type\":\"ImageObject\",\"inLanguage\":\"en-US\",\"@id\":\"https:\\\/\\\/nirigs.com\\\/#\\\/schema\\\/logo\\\/image\\\/\",\"url\":\"https:\\\/\\\/nirigs.com\\\/wp-content\\\/uploads\\\/2025\\\/04\\\/Design-sans-titre-27.png\",\"contentUrl\":\"https:\\\/\\\/nirigs.com\\\/wp-content\\\/uploads\\\/2025\\\/04\\\/Design-sans-titre-27.png\",\"width\":500,\"height\":500,\"caption\":\"Nirigs\"},\"image\":{\"@id\":\"https:\\\/\\\/nirigs.com\\\/#\\\/schema\\\/logo\\\/image\\\/\"}}]}<\/script>\n<!-- \/ Yoast SEO plugin. -->","yoast_head_json":{"title":"African Pride Apr\u00e8s-shampooing Nourish and Restore au miel, au chocolat et \u00e0 l'huile de noix de coco - 354 ml - NIRIGS","robots":{"index":"index","follow":"follow","max-snippet":"max-snippet:-1","max-image-preview":"max-image-preview:large","max-video-preview":"max-video-preview:-1"},"canonical":"https:\/\/nirigs.com\/en\/product\/african-pride-honey-chocolate-coconut-oil-nourish-restore-conditioner-354-ml\/","og_locale":"en_US","og_type":"article","og_title":"African Pride Apr\u00e8s-shampooing Nourish and Restore au miel, au chocolat et \u00e0 l'huile de noix de coco - 354 ml - NIRIGS","og_description":"Un m\u00e9lange r\u00e9parateur d&rsquo;humidit\u00e9 utilise les bienfaits naturels revitalisants et hydratants du miel et de l&rsquo;huile de noix de coco,","og_url":"https:\/\/nirigs.com\/en\/product\/african-pride-honey-chocolate-coconut-oil-nourish-restore-conditioner-354-ml\/","og_site_name":"NIRIGS","article_modified_time":"2025-03-14T15:15:28+00:00","og_image":[{"width":1000,"height":1000,"url":"https:\/\/nirigs.com\/wp-content\/uploads\/2024\/02\/African-Pride-Apres-shampooing-Nourish-and-Restore-au-miel-au-chocolat-et-a-lhuile-de-noix-de-coco-\u2013-354-ml.jpg","type":"image\/jpeg"}],"twitter_card":"summary_large_image","twitter_misc":{"Est. reading time":"1 minute"},"schema":{"@context":"https:\/\/schema.org","@graph":[{"@type":"WebPage","@id":"https:\/\/nirigs.com\/product\/african-pride-honey-chocolate-coconut-oil-nourish-restore-conditioner-354-ml\/","url":"https:\/\/nirigs.com\/product\/african-pride-honey-chocolate-coconut-oil-nourish-restore-conditioner-354-ml\/","name":"African Pride Apr\u00e8s-shampooing Nourish and Restore au miel, au chocolat et \u00e0 l'huile de noix de coco - 354 ml - NIRIGS","isPartOf":{"@id":"https:\/\/nirigs.com\/#website"},"primaryImageOfPage":{"@id":"https:\/\/nirigs.com\/product\/african-pride-honey-chocolate-coconut-oil-nourish-restore-conditioner-354-ml\/#primaryimage"},"image":{"@id":"https:\/\/nirigs.com\/product\/african-pride-honey-chocolate-coconut-oil-nourish-restore-conditioner-354-ml\/#primaryimage"},"thumbnailUrl":"https:\/\/nirigs.com\/wp-content\/uploads\/2024\/02\/African-Pride-Apres-shampooing-Nourish-and-Restore-au-miel-au-chocolat-et-a-lhuile-de-noix-de-coco-\u2013-354-ml.jpg","datePublished":"2024-02-27T14:48:48+00:00","dateModified":"2025-03-14T15:15:28+00:00","breadcrumb":{"@id":"https:\/\/nirigs.com\/product\/african-pride-honey-chocolate-coconut-oil-nourish-restore-conditioner-354-ml\/#breadcrumb"},"inLanguage":"en-US","potentialAction":[{"@type":"ReadAction","target":["https:\/\/nirigs.com\/product\/african-pride-honey-chocolate-coconut-oil-nourish-restore-conditioner-354-ml\/"]}]},{"@type":"ImageObject","inLanguage":"en-US","@id":"https:\/\/nirigs.com\/product\/african-pride-honey-chocolate-coconut-oil-nourish-restore-conditioner-354-ml\/#primaryimage","url":"https:\/\/nirigs.com\/wp-content\/uploads\/2024\/02\/African-Pride-Apres-shampooing-Nourish-and-Restore-au-miel-au-chocolat-et-a-lhuile-de-noix-de-coco-\u2013-354-ml.jpg","contentUrl":"https:\/\/nirigs.com\/wp-content\/uploads\/2024\/02\/African-Pride-Apres-shampooing-Nourish-and-Restore-au-miel-au-chocolat-et-a-lhuile-de-noix-de-coco-\u2013-354-ml.jpg","width":1000,"height":1000},{"@type":"BreadcrumbList","@id":"https:\/\/nirigs.com\/product\/african-pride-honey-chocolate-coconut-oil-nourish-restore-conditioner-354-ml\/#breadcrumb","itemListElement":[{"@type":"ListItem","position":1,"name":"Home","item":"https:\/\/nirigs.com\/"},{"@type":"ListItem","position":2,"name":"Parcourir","item":"https:\/\/nirigs.com\/boutique\/"},{"@type":"ListItem","position":3,"name":"African Pride Apr\u00e8s-shampooing Nourish and Restore au miel, au chocolat et \u00e0 l&rsquo;huile de noix de coco &#8211; 354 ml"}]},{"@type":"WebSite","@id":"https:\/\/nirigs.com\/#website","url":"https:\/\/nirigs.com\/","name":"Nirigs.com","description":"Simplifiez vos achats du quotidien \u00e0 Djibouti","publisher":{"@id":"https:\/\/nirigs.com\/#organization"},"potentialAction":[{"@type":"SearchAction","target":{"@type":"EntryPoint","urlTemplate":"https:\/\/nirigs.com\/?s={search_term_string}"},"query-input":{"@type":"PropertyValueSpecification","valueRequired":true,"valueName":"search_term_string"}}],"inLanguage":"en-US"},{"@type":"Organization","@id":"https:\/\/nirigs.com\/#organization","name":"Nirigs","url":"https:\/\/nirigs.com\/","logo":{"@type":"ImageObject","inLanguage":"en-US","@id":"https:\/\/nirigs.com\/#\/schema\/logo\/image\/","url":"https:\/\/nirigs.com\/wp-content\/uploads\/2025\/04\/Design-sans-titre-27.png","contentUrl":"https:\/\/nirigs.com\/wp-content\/uploads\/2025\/04\/Design-sans-titre-27.png","width":500,"height":500,"caption":"Nirigs"},"image":{"@id":"https:\/\/nirigs.com\/#\/schema\/logo\/image\/"}}]}},"brands":[{"id":789,"name":"African Pride","slug":"africa-pride"}],"_links":{"self":[{"href":"https:\/\/nirigs.com\/en\/wp-json\/wp\/v2\/product\/17584","targetHints":{"allow":["GET"]}}],"collection":[{"href":"https:\/\/nirigs.com\/en\/wp-json\/wp\/v2\/product"}],"about":[{"href":"https:\/\/nirigs.com\/en\/wp-json\/wp\/v2\/types\/product"}],"replies":[{"embeddable":true,"href":"https:\/\/nirigs.com\/en\/wp-json\/wp\/v2\/comments?post=17584"}],"version-history":[{"count":6,"href":"https:\/\/nirigs.com\/en\/wp-json\/wp\/v2\/product\/17584\/revisions"}],"predecessor-version":[{"id":24026,"href":"https:\/\/nirigs.com\/en\/wp-json\/wp\/v2\/product\/17584\/revisions\/24026"}],"wp:featuredmedia":[{"embeddable":true,"href":"https:\/\/nirigs.com\/en\/wp-json\/wp\/v2\/media\/24027"}],"wp:attachment":[{"href":"https:\/\/nirigs.com\/en\/wp-json\/wp\/v2\/media?parent=17584"}],"wp:term":[{"taxonomy":"pwb-brand","embeddable":true,"href":"https:\/\/nirigs.com\/en\/wp-json\/wp\/v2\/pwb-brand?post=17584"},{"taxonomy":"product_brand","embeddable":true,"href":"https:\/\/nirigs.com\/en\/wp-json\/wp\/v2\/product_brand?post=17584"},{"taxonomy":"product_cat","embeddable":true,"href":"https:\/\/nirigs.com\/en\/wp-json\/wp\/v2\/product_cat?post=17584"},{"taxonomy":"product_tag","embeddable":true,"href":"https:\/\/nirigs.com\/en\/wp-json\/wp\/v2\/product_tag?post=17584"}],"curies":[{"name":"wp","href":"https:\/\/api.w.org\/{rel}","templated":true}]}}