{"id":17582,"date":"2024-02-27T17:33:51","date_gmt":"2024-02-27T14:33:51","guid":{"rendered":"https:\/\/nirigs.com\/product\/african-pride-mask-moroccan-clay-and-shea-butter-340g\/"},"modified":"2025-08-16T01:24:39","modified_gmt":"2025-08-15T22:24:39","slug":"african-pride-mask-moroccan-clay-and-shea-butter-340g","status":"publish","type":"product","link":"https:\/\/nirigs.com\/en\/product\/african-pride-mask-moroccan-clay-and-shea-butter-340g\/","title":{"rendered":"African Pride - Mask - Moroccan clay and shea butter - 340 g"},"content":{"rendered":"<p>The detoxifying and repairing clay mask uses the clarifying benefits of Moroccan red clay to remove impurities and product build-up from the hair. Shea butter replenishes moisture while strengthening hair, leaving you with soft, moisturized curls. African Pride Moisture Miracle Masque is perfect for your curly locks.<\/p>\n<p>FORMULA: African Pride Moisture Miracle heat-activated mask is a Moroccan clay mask to replenish moisture and eliminate impurities.<br \/>\nADVANTAGES: Naturally created for the specific needs of curly and frizzy textures. Each product is made with a unique and exclusive blend of rich African ingredients.<br \/>\nFor curly hair<br \/>\nMoisturizing.<\/p>\n<h4><strong>Use<\/strong><\/h4>\n<p>Cut clean, wet hair. Apply generously from roots to ends. Cover with a plastic cap and place under a hooded tumble dryer for up to 15 minutes, or cover with a plastic cap and a warm towel. Leave for up to 30 minutes.<\/p>\n<h4 class=\"mv0 lh-copy f5 pb1 dark-gray\"><strong>Ingredients<\/strong><\/h4>\n<p class=\"mv0 lh-copy f6 mid-gray\">Water\/Aqua, Glycerin, Cetearyl Alcohol, Butyrospermum Parkii\/Shea Butter, Behentrimonium Chloride, Vitis Vinifera Seed Oil\/Grape Seed Oil, Rhassoul, Clay\/ Moroccan Clay, Cetrimonium Chloride, Cocos, Nucifera Oil\/Coconut Oil, Ricinus Communis Seed Oil\/Castor Oil, Tocopherol\/ Vitamin E, PEG-12 Dimethicone, Theobroma Cacao Powder\/Cocoa Powder, Amodimethi- cone, Stearalkonium Chloride, Phenyl Trimethicone, Guar, Hydroxypropyltrimonium Chloride, Cyclopentasiloxane, Citric Acid, Caramel, Dimethicone, Trideceth-12, Disodium EDTA, Phenoxyethanol, Ethylhexylglycerin, PEG-40 Hydrogenated Castor Oil, Fragrance\/ Parfum, Amyl Cinnimal, Citronellol, Coumarin, Linalool.<\/p>","protected":false},"excerpt":{"rendered":"<p>Le masque \u00e0 l&rsquo;argile d\u00e9toxifiant et r\u00e9parateur utilise les bienfaits clarifiants de l&rsquo;argile rouge marocaine pour \u00e9liminer les impuret\u00e9s et<\/p>","protected":false},"featured_media":24062,"comment_status":"open","ping_status":"closed","template":"","meta":[],"pwb-brand":[789],"product_brand":[],"product_cat":[267,1022,1024,1027],"product_tag":[],"class_list":{"0":"post-17582","1":"product","2":"type-product","3":"status-publish","4":"has-post-thumbnail","6":"pwb-brand-africa-pride","7":"product_cat-beaute-et-soins","8":"product_cat-coiffures-et-soins-des-cheveux","9":"product_cat-soins-des-cheveux","10":"product_cat-soins-et-masques-pour-les-cheveux","12":"first","13":"outofstock","14":"shipping-taxable","15":"purchasable","16":"product-type-simple"},"yoast_head":"<!-- This site is optimized with the Yoast SEO plugin v27.4 - https:\/\/yoast.com\/product\/yoast-seo-wordpress\/ -->\n<title>African Pride - Masque - Argile marocaine et beurre de karit\u00e9 - 340 g - NIRIGS<\/title>\n<meta name=\"robots\" content=\"index, follow, max-snippet:-1, max-image-preview:large, max-video-preview:-1\" \/>\n<link rel=\"canonical\" href=\"https:\/\/nirigs.com\/en\/product\/african-pride-mask-moroccan-clay-and-shea-butter-340g\/\" \/>\n<meta property=\"og:locale\" content=\"en_US\" \/>\n<meta property=\"og:type\" content=\"article\" \/>\n<meta property=\"og:title\" content=\"African Pride - Masque - Argile marocaine et beurre de karit\u00e9 - 340 g - NIRIGS\" \/>\n<meta property=\"og:description\" content=\"Le masque \u00e0 l&rsquo;argile d\u00e9toxifiant et r\u00e9parateur utilise les bienfaits clarifiants de l&rsquo;argile rouge marocaine pour \u00e9liminer les impuret\u00e9s et\" \/>\n<meta property=\"og:url\" content=\"https:\/\/nirigs.com\/en\/product\/african-pride-mask-moroccan-clay-and-shea-butter-340g\/\" \/>\n<meta property=\"og:site_name\" content=\"NIRIGS\" \/>\n<meta property=\"article:modified_time\" content=\"2025-08-15T22:24:39+00:00\" \/>\n<meta property=\"og:image\" content=\"https:\/\/nirigs.com\/wp-content\/uploads\/2024\/02\/African-Pride-\u2013-Masque-\u2013-Argile-marocaine-et-beurre-de-karite-\u2013-340-g-3.jpg\" \/>\n\t<meta property=\"og:image:width\" content=\"1000\" \/>\n\t<meta property=\"og:image:height\" content=\"1000\" \/>\n\t<meta property=\"og:image:type\" content=\"image\/jpeg\" \/>\n<meta name=\"twitter:card\" content=\"summary_large_image\" \/>\n<meta name=\"twitter:label1\" content=\"Est. reading time\" \/>\n\t<meta name=\"twitter:data1\" content=\"1 minute\" \/>\n<script type=\"application\/ld+json\" class=\"yoast-schema-graph\">{\"@context\":\"https:\\\/\\\/schema.org\",\"@graph\":[{\"@type\":\"WebPage\",\"@id\":\"https:\\\/\\\/nirigs.com\\\/product\\\/african-pride-mask-moroccan-clay-and-shea-butter-340g\\\/\",\"url\":\"https:\\\/\\\/nirigs.com\\\/product\\\/african-pride-mask-moroccan-clay-and-shea-butter-340g\\\/\",\"name\":\"African Pride - Masque - Argile marocaine et beurre de karit\u00e9 - 340 g - NIRIGS\",\"isPartOf\":{\"@id\":\"https:\\\/\\\/nirigs.com\\\/#website\"},\"primaryImageOfPage\":{\"@id\":\"https:\\\/\\\/nirigs.com\\\/product\\\/african-pride-mask-moroccan-clay-and-shea-butter-340g\\\/#primaryimage\"},\"image\":{\"@id\":\"https:\\\/\\\/nirigs.com\\\/product\\\/african-pride-mask-moroccan-clay-and-shea-butter-340g\\\/#primaryimage\"},\"thumbnailUrl\":\"https:\\\/\\\/nirigs.com\\\/wp-content\\\/uploads\\\/2024\\\/02\\\/African-Pride-\u2013-Masque-\u2013-Argile-marocaine-et-beurre-de-karite-\u2013-340-g-3.jpg\",\"datePublished\":\"2024-02-27T14:33:51+00:00\",\"dateModified\":\"2025-08-15T22:24:39+00:00\",\"breadcrumb\":{\"@id\":\"https:\\\/\\\/nirigs.com\\\/product\\\/african-pride-mask-moroccan-clay-and-shea-butter-340g\\\/#breadcrumb\"},\"inLanguage\":\"en-US\",\"potentialAction\":[{\"@type\":\"ReadAction\",\"target\":[\"https:\\\/\\\/nirigs.com\\\/product\\\/african-pride-mask-moroccan-clay-and-shea-butter-340g\\\/\"]}]},{\"@type\":\"ImageObject\",\"inLanguage\":\"en-US\",\"@id\":\"https:\\\/\\\/nirigs.com\\\/product\\\/african-pride-mask-moroccan-clay-and-shea-butter-340g\\\/#primaryimage\",\"url\":\"https:\\\/\\\/nirigs.com\\\/wp-content\\\/uploads\\\/2024\\\/02\\\/African-Pride-\u2013-Masque-\u2013-Argile-marocaine-et-beurre-de-karite-\u2013-340-g-3.jpg\",\"contentUrl\":\"https:\\\/\\\/nirigs.com\\\/wp-content\\\/uploads\\\/2024\\\/02\\\/African-Pride-\u2013-Masque-\u2013-Argile-marocaine-et-beurre-de-karite-\u2013-340-g-3.jpg\",\"width\":1000,\"height\":1000},{\"@type\":\"BreadcrumbList\",\"@id\":\"https:\\\/\\\/nirigs.com\\\/product\\\/african-pride-mask-moroccan-clay-and-shea-butter-340g\\\/#breadcrumb\",\"itemListElement\":[{\"@type\":\"ListItem\",\"position\":1,\"name\":\"Home\",\"item\":\"https:\\\/\\\/nirigs.com\\\/\"},{\"@type\":\"ListItem\",\"position\":2,\"name\":\"Parcourir\",\"item\":\"https:\\\/\\\/nirigs.com\\\/boutique\\\/\"},{\"@type\":\"ListItem\",\"position\":3,\"name\":\"African Pride &#8211; Masque &#8211; Argile marocaine et beurre de karit\u00e9 &#8211; 340 g\"}]},{\"@type\":\"WebSite\",\"@id\":\"https:\\\/\\\/nirigs.com\\\/#website\",\"url\":\"https:\\\/\\\/nirigs.com\\\/\",\"name\":\"Nirigs.com\",\"description\":\"Simplifiez vos achats du quotidien \u00e0 Djibouti\",\"publisher\":{\"@id\":\"https:\\\/\\\/nirigs.com\\\/#organization\"},\"potentialAction\":[{\"@type\":\"SearchAction\",\"target\":{\"@type\":\"EntryPoint\",\"urlTemplate\":\"https:\\\/\\\/nirigs.com\\\/?s={search_term_string}\"},\"query-input\":{\"@type\":\"PropertyValueSpecification\",\"valueRequired\":true,\"valueName\":\"search_term_string\"}}],\"inLanguage\":\"en-US\"},{\"@type\":\"Organization\",\"@id\":\"https:\\\/\\\/nirigs.com\\\/#organization\",\"name\":\"Nirigs\",\"url\":\"https:\\\/\\\/nirigs.com\\\/\",\"logo\":{\"@type\":\"ImageObject\",\"inLanguage\":\"en-US\",\"@id\":\"https:\\\/\\\/nirigs.com\\\/#\\\/schema\\\/logo\\\/image\\\/\",\"url\":\"https:\\\/\\\/nirigs.com\\\/wp-content\\\/uploads\\\/2025\\\/04\\\/Design-sans-titre-27.png\",\"contentUrl\":\"https:\\\/\\\/nirigs.com\\\/wp-content\\\/uploads\\\/2025\\\/04\\\/Design-sans-titre-27.png\",\"width\":500,\"height\":500,\"caption\":\"Nirigs\"},\"image\":{\"@id\":\"https:\\\/\\\/nirigs.com\\\/#\\\/schema\\\/logo\\\/image\\\/\"}}]}<\/script>\n<!-- \/ Yoast SEO plugin. -->","yoast_head_json":{"title":"African Pride - Masque - Argile marocaine et beurre de karit\u00e9 - 340 g - NIRIGS","robots":{"index":"index","follow":"follow","max-snippet":"max-snippet:-1","max-image-preview":"max-image-preview:large","max-video-preview":"max-video-preview:-1"},"canonical":"https:\/\/nirigs.com\/en\/product\/african-pride-mask-moroccan-clay-and-shea-butter-340g\/","og_locale":"en_US","og_type":"article","og_title":"African Pride - Masque - Argile marocaine et beurre de karit\u00e9 - 340 g - NIRIGS","og_description":"Le masque \u00e0 l&rsquo;argile d\u00e9toxifiant et r\u00e9parateur utilise les bienfaits clarifiants de l&rsquo;argile rouge marocaine pour \u00e9liminer les impuret\u00e9s et","og_url":"https:\/\/nirigs.com\/en\/product\/african-pride-mask-moroccan-clay-and-shea-butter-340g\/","og_site_name":"NIRIGS","article_modified_time":"2025-08-15T22:24:39+00:00","og_image":[{"width":1000,"height":1000,"url":"https:\/\/nirigs.com\/wp-content\/uploads\/2024\/02\/African-Pride-\u2013-Masque-\u2013-Argile-marocaine-et-beurre-de-karite-\u2013-340-g-3.jpg","type":"image\/jpeg"}],"twitter_card":"summary_large_image","twitter_misc":{"Est. reading time":"1 minute"},"schema":{"@context":"https:\/\/schema.org","@graph":[{"@type":"WebPage","@id":"https:\/\/nirigs.com\/product\/african-pride-mask-moroccan-clay-and-shea-butter-340g\/","url":"https:\/\/nirigs.com\/product\/african-pride-mask-moroccan-clay-and-shea-butter-340g\/","name":"African Pride - Masque - Argile marocaine et beurre de karit\u00e9 - 340 g - NIRIGS","isPartOf":{"@id":"https:\/\/nirigs.com\/#website"},"primaryImageOfPage":{"@id":"https:\/\/nirigs.com\/product\/african-pride-mask-moroccan-clay-and-shea-butter-340g\/#primaryimage"},"image":{"@id":"https:\/\/nirigs.com\/product\/african-pride-mask-moroccan-clay-and-shea-butter-340g\/#primaryimage"},"thumbnailUrl":"https:\/\/nirigs.com\/wp-content\/uploads\/2024\/02\/African-Pride-\u2013-Masque-\u2013-Argile-marocaine-et-beurre-de-karite-\u2013-340-g-3.jpg","datePublished":"2024-02-27T14:33:51+00:00","dateModified":"2025-08-15T22:24:39+00:00","breadcrumb":{"@id":"https:\/\/nirigs.com\/product\/african-pride-mask-moroccan-clay-and-shea-butter-340g\/#breadcrumb"},"inLanguage":"en-US","potentialAction":[{"@type":"ReadAction","target":["https:\/\/nirigs.com\/product\/african-pride-mask-moroccan-clay-and-shea-butter-340g\/"]}]},{"@type":"ImageObject","inLanguage":"en-US","@id":"https:\/\/nirigs.com\/product\/african-pride-mask-moroccan-clay-and-shea-butter-340g\/#primaryimage","url":"https:\/\/nirigs.com\/wp-content\/uploads\/2024\/02\/African-Pride-\u2013-Masque-\u2013-Argile-marocaine-et-beurre-de-karite-\u2013-340-g-3.jpg","contentUrl":"https:\/\/nirigs.com\/wp-content\/uploads\/2024\/02\/African-Pride-\u2013-Masque-\u2013-Argile-marocaine-et-beurre-de-karite-\u2013-340-g-3.jpg","width":1000,"height":1000},{"@type":"BreadcrumbList","@id":"https:\/\/nirigs.com\/product\/african-pride-mask-moroccan-clay-and-shea-butter-340g\/#breadcrumb","itemListElement":[{"@type":"ListItem","position":1,"name":"Home","item":"https:\/\/nirigs.com\/"},{"@type":"ListItem","position":2,"name":"Parcourir","item":"https:\/\/nirigs.com\/boutique\/"},{"@type":"ListItem","position":3,"name":"African Pride &#8211; Masque &#8211; Argile marocaine et beurre de karit\u00e9 &#8211; 340 g"}]},{"@type":"WebSite","@id":"https:\/\/nirigs.com\/#website","url":"https:\/\/nirigs.com\/","name":"Nirigs.com","description":"Simplifiez vos achats du quotidien \u00e0 Djibouti","publisher":{"@id":"https:\/\/nirigs.com\/#organization"},"potentialAction":[{"@type":"SearchAction","target":{"@type":"EntryPoint","urlTemplate":"https:\/\/nirigs.com\/?s={search_term_string}"},"query-input":{"@type":"PropertyValueSpecification","valueRequired":true,"valueName":"search_term_string"}}],"inLanguage":"en-US"},{"@type":"Organization","@id":"https:\/\/nirigs.com\/#organization","name":"Nirigs","url":"https:\/\/nirigs.com\/","logo":{"@type":"ImageObject","inLanguage":"en-US","@id":"https:\/\/nirigs.com\/#\/schema\/logo\/image\/","url":"https:\/\/nirigs.com\/wp-content\/uploads\/2025\/04\/Design-sans-titre-27.png","contentUrl":"https:\/\/nirigs.com\/wp-content\/uploads\/2025\/04\/Design-sans-titre-27.png","width":500,"height":500,"caption":"Nirigs"},"image":{"@id":"https:\/\/nirigs.com\/#\/schema\/logo\/image\/"}}]}},"brands":[{"id":789,"name":"African Pride","slug":"africa-pride"}],"_links":{"self":[{"href":"https:\/\/nirigs.com\/en\/wp-json\/wp\/v2\/product\/17582","targetHints":{"allow":["GET"]}}],"collection":[{"href":"https:\/\/nirigs.com\/en\/wp-json\/wp\/v2\/product"}],"about":[{"href":"https:\/\/nirigs.com\/en\/wp-json\/wp\/v2\/types\/product"}],"replies":[{"embeddable":true,"href":"https:\/\/nirigs.com\/en\/wp-json\/wp\/v2\/comments?post=17582"}],"version-history":[{"count":4,"href":"https:\/\/nirigs.com\/en\/wp-json\/wp\/v2\/product\/17582\/revisions"}],"predecessor-version":[{"id":22875,"href":"https:\/\/nirigs.com\/en\/wp-json\/wp\/v2\/product\/17582\/revisions\/22875"}],"wp:featuredmedia":[{"embeddable":true,"href":"https:\/\/nirigs.com\/en\/wp-json\/wp\/v2\/media\/24062"}],"wp:attachment":[{"href":"https:\/\/nirigs.com\/en\/wp-json\/wp\/v2\/media?parent=17582"}],"wp:term":[{"taxonomy":"pwb-brand","embeddable":true,"href":"https:\/\/nirigs.com\/en\/wp-json\/wp\/v2\/pwb-brand?post=17582"},{"taxonomy":"product_brand","embeddable":true,"href":"https:\/\/nirigs.com\/en\/wp-json\/wp\/v2\/product_brand?post=17582"},{"taxonomy":"product_cat","embeddable":true,"href":"https:\/\/nirigs.com\/en\/wp-json\/wp\/v2\/product_cat?post=17582"},{"taxonomy":"product_tag","embeddable":true,"href":"https:\/\/nirigs.com\/en\/wp-json\/wp\/v2\/product_tag?post=17582"}],"curies":[{"name":"wp","href":"https:\/\/api.w.org\/{rel}","templated":true}]}}