{"id":17577,"date":"2024-02-27T17:14:30","date_gmt":"2024-02-27T14:14:30","guid":{"rendered":"https:\/\/nirigs.com\/product\/cantu-avocado-hydrating-leave-in-340-g\/"},"modified":"2025-06-06T00:39:23","modified_gmt":"2025-06-05T21:39:23","slug":"cantu-avocado-hydrating-leave-in-340-g","status":"publish","type":"product","link":"https:\/\/nirigs.com\/en\/product\/cantu-avocado-hydrating-leave-in-340-g\/","title":{"rendered":"Cantu - No-Rinse Avocado Moisturizer - 340 g"},"content":{"rendered":"<p>With this leave-in conditioner, intensely nourish and protect your hair every day. Strengthens and increases hair elasticity. Provides intense hydration for dry, brittle hair.<\/p>\n<h4><strong>Use<\/strong><\/h4>\n<p>Apply conditioner generously to damp ends and work towards roots. Comb through to help distribute non-rinse. Rinsing is not necessary. Apply more if necessary to the most problematic hair areas.<\/p>","protected":false},"excerpt":{"rendered":"<p>Avec cet apr\u00e8s-shampoing sans\u00a0rin\u00e7age, nourrissez et prot\u00e9gez intens\u00e9ment au quotidien\u00a0. Renforce et augmente l&rsquo;\u00e9lasticit\u00e9 des cheveux. Procure une hydratation intense<\/p>","protected":false},"featured_media":24069,"comment_status":"open","ping_status":"closed","template":"","meta":[],"pwb-brand":[758],"product_brand":[],"product_cat":[1025,267,1022,1024],"product_tag":[],"class_list":{"0":"post-17577","1":"product","2":"type-product","3":"status-publish","4":"has-post-thumbnail","6":"pwb-brand-cantu","7":"product_cat-apres-shampooings","8":"product_cat-beaute-et-soins","9":"product_cat-coiffures-et-soins-des-cheveux","10":"product_cat-soins-des-cheveux","12":"first","13":"instock","14":"shipping-taxable","15":"purchasable","16":"product-type-simple"},"yoast_head":"<!-- This site is optimized with the Yoast SEO plugin v27.1.1 - https:\/\/yoast.com\/product\/yoast-seo-wordpress\/ -->\n<title>Cantu - R\u00e9parateur Hydratant \u00e0 l&#039;Avocat Sans Rin\u00e7age - 340 g - NIRIGS<\/title>\n<meta name=\"robots\" content=\"index, follow, max-snippet:-1, max-image-preview:large, max-video-preview:-1\" \/>\n<link rel=\"canonical\" href=\"https:\/\/nirigs.com\/en\/product\/cantu-avocado-hydrating-leave-in-340-g\/\" \/>\n<meta property=\"og:locale\" content=\"en_US\" \/>\n<meta property=\"og:type\" content=\"article\" \/>\n<meta property=\"og:title\" content=\"Cantu - R\u00e9parateur Hydratant \u00e0 l&#039;Avocat Sans Rin\u00e7age - 340 g - NIRIGS\" \/>\n<meta property=\"og:description\" content=\"Avec cet apr\u00e8s-shampoing sans\u00a0rin\u00e7age, nourrissez et prot\u00e9gez intens\u00e9ment au quotidien\u00a0. Renforce et augmente l&rsquo;\u00e9lasticit\u00e9 des cheveux. Procure une hydratation intense\" \/>\n<meta property=\"og:url\" content=\"https:\/\/nirigs.com\/en\/product\/cantu-avocado-hydrating-leave-in-340-g\/\" \/>\n<meta property=\"og:site_name\" content=\"NIRIGS\" \/>\n<meta property=\"article:modified_time\" content=\"2025-06-05T21:39:23+00:00\" \/>\n<meta property=\"og:image\" content=\"https:\/\/nirigs.com\/wp-content\/uploads\/2024\/02\/Cantu-\u2013-Reparateur-Hydratant-a-lAvocat-Sans-Rincage-\u2013-340-g.jpg\" \/>\n\t<meta property=\"og:image:width\" content=\"1000\" \/>\n\t<meta property=\"og:image:height\" content=\"1000\" \/>\n\t<meta property=\"og:image:type\" content=\"image\/jpeg\" \/>\n<meta name=\"twitter:card\" content=\"summary_large_image\" \/>\n<script type=\"application\/ld+json\" class=\"yoast-schema-graph\">{\"@context\":\"https:\/\/schema.org\",\"@graph\":[{\"@type\":\"WebPage\",\"@id\":\"https:\/\/nirigs.com\/product\/cantu-avocado-hydrating-leave-in-340-g\/\",\"url\":\"https:\/\/nirigs.com\/product\/cantu-avocado-hydrating-leave-in-340-g\/\",\"name\":\"Cantu - R\u00e9parateur Hydratant \u00e0 l'Avocat Sans Rin\u00e7age - 340 g - NIRIGS\",\"isPartOf\":{\"@id\":\"https:\/\/nirigs.com\/#website\"},\"primaryImageOfPage\":{\"@id\":\"https:\/\/nirigs.com\/product\/cantu-avocado-hydrating-leave-in-340-g\/#primaryimage\"},\"image\":{\"@id\":\"https:\/\/nirigs.com\/product\/cantu-avocado-hydrating-leave-in-340-g\/#primaryimage\"},\"thumbnailUrl\":\"https:\/\/nirigs.com\/wp-content\/uploads\/2024\/02\/Cantu-\u2013-Reparateur-Hydratant-a-lAvocat-Sans-Rincage-\u2013-340-g.jpg\",\"datePublished\":\"2024-02-27T14:14:30+00:00\",\"dateModified\":\"2025-06-05T21:39:23+00:00\",\"breadcrumb\":{\"@id\":\"https:\/\/nirigs.com\/product\/cantu-avocado-hydrating-leave-in-340-g\/#breadcrumb\"},\"inLanguage\":\"en-US\",\"potentialAction\":[{\"@type\":\"ReadAction\",\"target\":[\"https:\/\/nirigs.com\/product\/cantu-avocado-hydrating-leave-in-340-g\/\"]}]},{\"@type\":\"ImageObject\",\"inLanguage\":\"en-US\",\"@id\":\"https:\/\/nirigs.com\/product\/cantu-avocado-hydrating-leave-in-340-g\/#primaryimage\",\"url\":\"https:\/\/nirigs.com\/wp-content\/uploads\/2024\/02\/Cantu-\u2013-Reparateur-Hydratant-a-lAvocat-Sans-Rincage-\u2013-340-g.jpg\",\"contentUrl\":\"https:\/\/nirigs.com\/wp-content\/uploads\/2024\/02\/Cantu-\u2013-Reparateur-Hydratant-a-lAvocat-Sans-Rincage-\u2013-340-g.jpg\",\"width\":1000,\"height\":1000},{\"@type\":\"BreadcrumbList\",\"@id\":\"https:\/\/nirigs.com\/product\/cantu-avocado-hydrating-leave-in-340-g\/#breadcrumb\",\"itemListElement\":[{\"@type\":\"ListItem\",\"position\":1,\"name\":\"Home\",\"item\":\"https:\/\/nirigs.com\/\"},{\"@type\":\"ListItem\",\"position\":2,\"name\":\"Parcourir\",\"item\":\"https:\/\/nirigs.com\/boutique\/\"},{\"@type\":\"ListItem\",\"position\":3,\"name\":\"Cantu &#8211; R\u00e9parateur Hydratant \u00e0 l&rsquo;Avocat Sans Rin\u00e7age &#8211; 340 g\"}]},{\"@type\":\"WebSite\",\"@id\":\"https:\/\/nirigs.com\/#website\",\"url\":\"https:\/\/nirigs.com\/\",\"name\":\"Nirigs.com\",\"description\":\"Simplifiez vos achats du quotidien \u00e0 Djibouti\",\"publisher\":{\"@id\":\"https:\/\/nirigs.com\/#organization\"},\"potentialAction\":[{\"@type\":\"SearchAction\",\"target\":{\"@type\":\"EntryPoint\",\"urlTemplate\":\"https:\/\/nirigs.com\/?s={search_term_string}\"},\"query-input\":{\"@type\":\"PropertyValueSpecification\",\"valueRequired\":true,\"valueName\":\"search_term_string\"}}],\"inLanguage\":\"en-US\"},{\"@type\":\"Organization\",\"@id\":\"https:\/\/nirigs.com\/#organization\",\"name\":\"Nirigs\",\"url\":\"https:\/\/nirigs.com\/\",\"logo\":{\"@type\":\"ImageObject\",\"inLanguage\":\"en-US\",\"@id\":\"https:\/\/nirigs.com\/#\/schema\/logo\/image\/\",\"url\":\"https:\/\/nirigs.com\/wp-content\/uploads\/2025\/04\/Design-sans-titre-27.png\",\"contentUrl\":\"https:\/\/nirigs.com\/wp-content\/uploads\/2025\/04\/Design-sans-titre-27.png\",\"width\":500,\"height\":500,\"caption\":\"Nirigs\"},\"image\":{\"@id\":\"https:\/\/nirigs.com\/#\/schema\/logo\/image\/\"}}]}<\/script>\n<!-- \/ Yoast SEO plugin. -->","yoast_head_json":{"title":"Cantu - R\u00e9parateur Hydratant \u00e0 l'Avocat Sans Rin\u00e7age - 340 g - NIRIGS","robots":{"index":"index","follow":"follow","max-snippet":"max-snippet:-1","max-image-preview":"max-image-preview:large","max-video-preview":"max-video-preview:-1"},"canonical":"https:\/\/nirigs.com\/en\/product\/cantu-avocado-hydrating-leave-in-340-g\/","og_locale":"en_US","og_type":"article","og_title":"Cantu - R\u00e9parateur Hydratant \u00e0 l'Avocat Sans Rin\u00e7age - 340 g - NIRIGS","og_description":"Avec cet apr\u00e8s-shampoing sans\u00a0rin\u00e7age, nourrissez et prot\u00e9gez intens\u00e9ment au quotidien\u00a0. Renforce et augmente l&rsquo;\u00e9lasticit\u00e9 des cheveux. Procure une hydratation intense","og_url":"https:\/\/nirigs.com\/en\/product\/cantu-avocado-hydrating-leave-in-340-g\/","og_site_name":"NIRIGS","article_modified_time":"2025-06-05T21:39:23+00:00","og_image":[{"width":1000,"height":1000,"url":"https:\/\/nirigs.com\/wp-content\/uploads\/2024\/02\/Cantu-\u2013-Reparateur-Hydratant-a-lAvocat-Sans-Rincage-\u2013-340-g.jpg","type":"image\/jpeg"}],"twitter_card":"summary_large_image","schema":{"@context":"https:\/\/schema.org","@graph":[{"@type":"WebPage","@id":"https:\/\/nirigs.com\/product\/cantu-avocado-hydrating-leave-in-340-g\/","url":"https:\/\/nirigs.com\/product\/cantu-avocado-hydrating-leave-in-340-g\/","name":"Cantu - R\u00e9parateur Hydratant \u00e0 l'Avocat Sans Rin\u00e7age - 340 g - NIRIGS","isPartOf":{"@id":"https:\/\/nirigs.com\/#website"},"primaryImageOfPage":{"@id":"https:\/\/nirigs.com\/product\/cantu-avocado-hydrating-leave-in-340-g\/#primaryimage"},"image":{"@id":"https:\/\/nirigs.com\/product\/cantu-avocado-hydrating-leave-in-340-g\/#primaryimage"},"thumbnailUrl":"https:\/\/nirigs.com\/wp-content\/uploads\/2024\/02\/Cantu-\u2013-Reparateur-Hydratant-a-lAvocat-Sans-Rincage-\u2013-340-g.jpg","datePublished":"2024-02-27T14:14:30+00:00","dateModified":"2025-06-05T21:39:23+00:00","breadcrumb":{"@id":"https:\/\/nirigs.com\/product\/cantu-avocado-hydrating-leave-in-340-g\/#breadcrumb"},"inLanguage":"en-US","potentialAction":[{"@type":"ReadAction","target":["https:\/\/nirigs.com\/product\/cantu-avocado-hydrating-leave-in-340-g\/"]}]},{"@type":"ImageObject","inLanguage":"en-US","@id":"https:\/\/nirigs.com\/product\/cantu-avocado-hydrating-leave-in-340-g\/#primaryimage","url":"https:\/\/nirigs.com\/wp-content\/uploads\/2024\/02\/Cantu-\u2013-Reparateur-Hydratant-a-lAvocat-Sans-Rincage-\u2013-340-g.jpg","contentUrl":"https:\/\/nirigs.com\/wp-content\/uploads\/2024\/02\/Cantu-\u2013-Reparateur-Hydratant-a-lAvocat-Sans-Rincage-\u2013-340-g.jpg","width":1000,"height":1000},{"@type":"BreadcrumbList","@id":"https:\/\/nirigs.com\/product\/cantu-avocado-hydrating-leave-in-340-g\/#breadcrumb","itemListElement":[{"@type":"ListItem","position":1,"name":"Home","item":"https:\/\/nirigs.com\/"},{"@type":"ListItem","position":2,"name":"Parcourir","item":"https:\/\/nirigs.com\/boutique\/"},{"@type":"ListItem","position":3,"name":"Cantu &#8211; R\u00e9parateur Hydratant \u00e0 l&rsquo;Avocat Sans Rin\u00e7age &#8211; 340 g"}]},{"@type":"WebSite","@id":"https:\/\/nirigs.com\/#website","url":"https:\/\/nirigs.com\/","name":"Nirigs.com","description":"Simplifiez vos achats du quotidien \u00e0 Djibouti","publisher":{"@id":"https:\/\/nirigs.com\/#organization"},"potentialAction":[{"@type":"SearchAction","target":{"@type":"EntryPoint","urlTemplate":"https:\/\/nirigs.com\/?s={search_term_string}"},"query-input":{"@type":"PropertyValueSpecification","valueRequired":true,"valueName":"search_term_string"}}],"inLanguage":"en-US"},{"@type":"Organization","@id":"https:\/\/nirigs.com\/#organization","name":"Nirigs","url":"https:\/\/nirigs.com\/","logo":{"@type":"ImageObject","inLanguage":"en-US","@id":"https:\/\/nirigs.com\/#\/schema\/logo\/image\/","url":"https:\/\/nirigs.com\/wp-content\/uploads\/2025\/04\/Design-sans-titre-27.png","contentUrl":"https:\/\/nirigs.com\/wp-content\/uploads\/2025\/04\/Design-sans-titre-27.png","width":500,"height":500,"caption":"Nirigs"},"image":{"@id":"https:\/\/nirigs.com\/#\/schema\/logo\/image\/"}}]}},"brands":[{"id":758,"name":"Cantu","slug":"cantu"}],"_links":{"self":[{"href":"https:\/\/nirigs.com\/en\/wp-json\/wp\/v2\/product\/17577","targetHints":{"allow":["GET"]}}],"collection":[{"href":"https:\/\/nirigs.com\/en\/wp-json\/wp\/v2\/product"}],"about":[{"href":"https:\/\/nirigs.com\/en\/wp-json\/wp\/v2\/types\/product"}],"replies":[{"embeddable":true,"href":"https:\/\/nirigs.com\/en\/wp-json\/wp\/v2\/comments?post=17577"}],"version-history":[{"count":6,"href":"https:\/\/nirigs.com\/en\/wp-json\/wp\/v2\/product\/17577\/revisions"}],"predecessor-version":[{"id":24065,"href":"https:\/\/nirigs.com\/en\/wp-json\/wp\/v2\/product\/17577\/revisions\/24065"}],"wp:featuredmedia":[{"embeddable":true,"href":"https:\/\/nirigs.com\/en\/wp-json\/wp\/v2\/media\/24069"}],"wp:attachment":[{"href":"https:\/\/nirigs.com\/en\/wp-json\/wp\/v2\/media?parent=17577"}],"wp:term":[{"taxonomy":"pwb-brand","embeddable":true,"href":"https:\/\/nirigs.com\/en\/wp-json\/wp\/v2\/pwb-brand?post=17577"},{"taxonomy":"product_brand","embeddable":true,"href":"https:\/\/nirigs.com\/en\/wp-json\/wp\/v2\/product_brand?post=17577"},{"taxonomy":"product_cat","embeddable":true,"href":"https:\/\/nirigs.com\/en\/wp-json\/wp\/v2\/product_cat?post=17577"},{"taxonomy":"product_tag","embeddable":true,"href":"https:\/\/nirigs.com\/en\/wp-json\/wp\/v2\/product_tag?post=17577"}],"curies":[{"name":"wp","href":"https:\/\/api.w.org\/{rel}","templated":true}]}}