{"id":17567,"date":"2024-02-27T15:48:22","date_gmt":"2024-02-27T12:48:22","guid":{"rendered":"https:\/\/nirigs.com\/product\/shea-moisture-manuka-honey-yogurt-protein-repair-mask-227g\/"},"modified":"2025-03-14T18:18:37","modified_gmt":"2025-03-14T15:18:37","slug":"shea-moisture-manuka-honey-yogurt-protein-repair-mask-227g","status":"publish","type":"product","link":"https:\/\/nirigs.com\/en\/product\/shea-moisture-manuka-honey-yogurt-protein-repair-mask-227g\/","title":{"rendered":"Shea Moisture - Manuka Honey &amp; Yogurt - Protein Repair Mask - 227 g"},"content":{"rendered":"<p>Masque capillaire en poudre de prot\u00e9ines SheaMoisture Hydrate+Repair avec du miel de Manuka et du yaourt, le masque hydratant en profondeur au beurre de karit\u00e9 brut SheaMoisture est un masque capillaire revitalisant et hydratant en profondeur qui procure une hydratation intense aux cheveux et retient l&rsquo;humidit\u00e9 pour des cheveux plus forts et plus sains.<\/p>\n<p>Ce traitement masque r\u00e9g\u00e9n\u00e8re l&rsquo;hydratation et fortifie les follicules pour des cheveux d&rsquo;apparence plus saine. Notre revitalisant en profondeur pour cheveux boucl\u00e9s est parfait pour revitaliser les cheveux trop trait\u00e9s, les cheveux ab\u00eem\u00e9s ou les cheveux color\u00e9s. Formul\u00e9 avec du beurre de karit\u00e9 brut, du varech et de l&rsquo;huile d&rsquo;argan, ce masque capillaire revitalisant en profondeur infuse les cheveux avec une puissante dose d&rsquo;hydratation et de nutriments.<\/p>\n<p>Notre masque de traitement revitalise en profondeur les cheveux secs, restaure les lipides naturels et en fournit 6 fois plus qu&rsquo;un shampooing non revitalisant. Ce masque bien-aim\u00e9 offre une hydratation curative, cr\u00e9ant un environnement id\u00e9al pour que les boucles prosp\u00e8rent, une m\u00e8re de quatre enfants pionni\u00e8re et une entrepreneure qui vendait du beurre de karit\u00e9, du savon noir africain et des pr\u00e9parations de beaut\u00e9 faites maison en Sierra Leone en 1912.<\/p>\n<p>Nous honorons sa vision en continuant \u00e0 formuler avec Beurre de karit\u00e9 brut fabriqu\u00e9 \u00e0 la main par des femmes en Afrique. Avec chaque achat, vous montrez votre soutien \u00e0 notre mission de r\u00e9investir dans nos communaut\u00e9s.asque pour cheveux extr\u00eamement secs est un masque capillaire revitalisant en profondeur sans sulfate qui donne une nouvelle vie \u00e0 vos cheveux.<\/p>\n<h4><strong>Use<\/strong><\/h4>\n<p>Appliquez une noisette de produit des racines jusqu&rsquo;aux pointes, en accordant une attention particuli\u00e8re aux pointes endommag\u00e9es. Laisser agir 10 \u00e0 15 minutes. Rincer abondamment et coiffer comme d&rsquo;habitude. Peut \u00e9galement \u00eatre utilis\u00e9 comme traitement intensif de pr\u00e9lavage.<\/p>\n<h4><strong>Ingredients<\/strong><\/h4>\n<p class=\"mv0 lh-copy f6 mid-gray\">Water, Cetearyl Alcohol, Behentrimonium Chloride, Caprylic\/Capric Triglyceride, Ricinus Communis (Castor) Seed Oil, Butyrospermum Parkii (Shea) Butter*, Glycerin (Vegetable), Stearyl Alcohol, Glyceryl Stearata Citrate, Cocos Nucifera (Coconut) Oil, Fragrance, Honey, Butyrospermum Parkii (Shea) Oil, Yogurt Powder, Yogurt Extract, Adansonia Digitata (Baobab) Seed Oil, Glycine Soja (Soybean) Oil, Trichilia Emetica (Mafura) Seed Butter, Allantoin, Panthenol, Hydrogenated Castor Oil, Cera Alba (Beeswax), Copernicia Cerifera (Carnauba) Wax, Hydrolyzed Vegetable Protein PG-Propyl Silanetriol, Tocopherol, Sodium Hydroxide, Triethyl Citrate, Caprylyl Glycol, Inulin (Chicory Root), Benzoic Acid, Glyceryl Caprylate<\/p>","protected":false},"excerpt":{"rendered":"<p>Masque capillaire en poudre de prot\u00e9ines SheaMoisture Hydrate+Repair avec du miel de Manuka et du yaourt, le masque hydratant en<\/p>","protected":false},"featured_media":24078,"comment_status":"open","ping_status":"closed","template":"","meta":[],"pwb-brand":[775],"product_brand":[],"product_cat":[267,1022,1024,1027],"product_tag":[],"class_list":{"0":"post-17567","1":"product","2":"type-product","3":"status-publish","4":"has-post-thumbnail","6":"pwb-brand-shea-moisture","7":"product_cat-beaute-et-soins","8":"product_cat-coiffures-et-soins-des-cheveux","9":"product_cat-soins-des-cheveux","10":"product_cat-soins-et-masques-pour-les-cheveux","12":"first","13":"instock","14":"shipping-taxable","15":"purchasable","16":"product-type-simple"},"yoast_head":"<!-- This site is optimized with the Yoast SEO plugin v27.4 - https:\/\/yoast.com\/product\/yoast-seo-wordpress\/ -->\n<title>Shea Moisture - Miel de Manuka et Yogourt - Masque R\u00e9parateur Prot\u00e9in\u00e9 - 227 g - NIRIGS<\/title>\n<meta name=\"robots\" content=\"index, follow, max-snippet:-1, max-image-preview:large, max-video-preview:-1\" \/>\n<link rel=\"canonical\" href=\"https:\/\/nirigs.com\/en\/product\/shea-moisture-manuka-honey-yogurt-protein-repair-mask-227g\/\" \/>\n<meta property=\"og:locale\" content=\"en_US\" \/>\n<meta property=\"og:type\" content=\"article\" \/>\n<meta property=\"og:title\" content=\"Shea Moisture - Miel de Manuka et Yogourt - Masque R\u00e9parateur Prot\u00e9in\u00e9 - 227 g - NIRIGS\" \/>\n<meta property=\"og:description\" content=\"Masque capillaire en poudre de prot\u00e9ines SheaMoisture Hydrate+Repair avec du miel de Manuka et du yaourt, le masque hydratant en\" \/>\n<meta property=\"og:url\" content=\"https:\/\/nirigs.com\/en\/product\/shea-moisture-manuka-honey-yogurt-protein-repair-mask-227g\/\" \/>\n<meta property=\"og:site_name\" content=\"NIRIGS\" \/>\n<meta property=\"article:modified_time\" content=\"2025-03-14T15:18:37+00:00\" \/>\n<meta property=\"og:image\" content=\"https:\/\/nirigs.com\/wp-content\/uploads\/2024\/02\/Shea-Moisture-\u2013-Miel-de-Manuka-et-Yogourt-\u2013-Masque-Reparateur-Proteine-\u2013-227-g.jpg\" \/>\n\t<meta property=\"og:image:width\" content=\"1000\" \/>\n\t<meta property=\"og:image:height\" content=\"1000\" \/>\n\t<meta property=\"og:image:type\" content=\"image\/jpeg\" \/>\n<meta name=\"twitter:card\" content=\"summary_large_image\" \/>\n<meta name=\"twitter:label1\" content=\"Est. reading time\" \/>\n\t<meta name=\"twitter:data1\" content=\"2 minutes\" \/>\n<script type=\"application\/ld+json\" class=\"yoast-schema-graph\">{\"@context\":\"https:\\\/\\\/schema.org\",\"@graph\":[{\"@type\":\"WebPage\",\"@id\":\"https:\\\/\\\/nirigs.com\\\/product\\\/shea-moisture-manuka-honey-yogurt-protein-repair-mask-227g\\\/\",\"url\":\"https:\\\/\\\/nirigs.com\\\/product\\\/shea-moisture-manuka-honey-yogurt-protein-repair-mask-227g\\\/\",\"name\":\"Shea Moisture - Miel de Manuka et Yogourt - Masque R\u00e9parateur Prot\u00e9in\u00e9 - 227 g - NIRIGS\",\"isPartOf\":{\"@id\":\"https:\\\/\\\/nirigs.com\\\/#website\"},\"primaryImageOfPage\":{\"@id\":\"https:\\\/\\\/nirigs.com\\\/product\\\/shea-moisture-manuka-honey-yogurt-protein-repair-mask-227g\\\/#primaryimage\"},\"image\":{\"@id\":\"https:\\\/\\\/nirigs.com\\\/product\\\/shea-moisture-manuka-honey-yogurt-protein-repair-mask-227g\\\/#primaryimage\"},\"thumbnailUrl\":\"https:\\\/\\\/nirigs.com\\\/wp-content\\\/uploads\\\/2024\\\/02\\\/Shea-Moisture-\u2013-Miel-de-Manuka-et-Yogourt-\u2013-Masque-Reparateur-Proteine-\u2013-227-g.jpg\",\"datePublished\":\"2024-02-27T12:48:22+00:00\",\"dateModified\":\"2025-03-14T15:18:37+00:00\",\"breadcrumb\":{\"@id\":\"https:\\\/\\\/nirigs.com\\\/product\\\/shea-moisture-manuka-honey-yogurt-protein-repair-mask-227g\\\/#breadcrumb\"},\"inLanguage\":\"en-US\",\"potentialAction\":[{\"@type\":\"ReadAction\",\"target\":[\"https:\\\/\\\/nirigs.com\\\/product\\\/shea-moisture-manuka-honey-yogurt-protein-repair-mask-227g\\\/\"]}]},{\"@type\":\"ImageObject\",\"inLanguage\":\"en-US\",\"@id\":\"https:\\\/\\\/nirigs.com\\\/product\\\/shea-moisture-manuka-honey-yogurt-protein-repair-mask-227g\\\/#primaryimage\",\"url\":\"https:\\\/\\\/nirigs.com\\\/wp-content\\\/uploads\\\/2024\\\/02\\\/Shea-Moisture-\u2013-Miel-de-Manuka-et-Yogourt-\u2013-Masque-Reparateur-Proteine-\u2013-227-g.jpg\",\"contentUrl\":\"https:\\\/\\\/nirigs.com\\\/wp-content\\\/uploads\\\/2024\\\/02\\\/Shea-Moisture-\u2013-Miel-de-Manuka-et-Yogourt-\u2013-Masque-Reparateur-Proteine-\u2013-227-g.jpg\",\"width\":1000,\"height\":1000},{\"@type\":\"BreadcrumbList\",\"@id\":\"https:\\\/\\\/nirigs.com\\\/product\\\/shea-moisture-manuka-honey-yogurt-protein-repair-mask-227g\\\/#breadcrumb\",\"itemListElement\":[{\"@type\":\"ListItem\",\"position\":1,\"name\":\"Home\",\"item\":\"https:\\\/\\\/nirigs.com\\\/\"},{\"@type\":\"ListItem\",\"position\":2,\"name\":\"Parcourir\",\"item\":\"https:\\\/\\\/nirigs.com\\\/boutique\\\/\"},{\"@type\":\"ListItem\",\"position\":3,\"name\":\"Shea Moisture &#8211; Miel de Manuka et Yogourt &#8211; Masque R\u00e9parateur Prot\u00e9in\u00e9 &#8211; 227 g\"}]},{\"@type\":\"WebSite\",\"@id\":\"https:\\\/\\\/nirigs.com\\\/#website\",\"url\":\"https:\\\/\\\/nirigs.com\\\/\",\"name\":\"Nirigs.com\",\"description\":\"Simplifiez vos achats du quotidien \u00e0 Djibouti\",\"publisher\":{\"@id\":\"https:\\\/\\\/nirigs.com\\\/#organization\"},\"potentialAction\":[{\"@type\":\"SearchAction\",\"target\":{\"@type\":\"EntryPoint\",\"urlTemplate\":\"https:\\\/\\\/nirigs.com\\\/?s={search_term_string}\"},\"query-input\":{\"@type\":\"PropertyValueSpecification\",\"valueRequired\":true,\"valueName\":\"search_term_string\"}}],\"inLanguage\":\"en-US\"},{\"@type\":\"Organization\",\"@id\":\"https:\\\/\\\/nirigs.com\\\/#organization\",\"name\":\"Nirigs\",\"url\":\"https:\\\/\\\/nirigs.com\\\/\",\"logo\":{\"@type\":\"ImageObject\",\"inLanguage\":\"en-US\",\"@id\":\"https:\\\/\\\/nirigs.com\\\/#\\\/schema\\\/logo\\\/image\\\/\",\"url\":\"https:\\\/\\\/nirigs.com\\\/wp-content\\\/uploads\\\/2025\\\/04\\\/Design-sans-titre-27.png\",\"contentUrl\":\"https:\\\/\\\/nirigs.com\\\/wp-content\\\/uploads\\\/2025\\\/04\\\/Design-sans-titre-27.png\",\"width\":500,\"height\":500,\"caption\":\"Nirigs\"},\"image\":{\"@id\":\"https:\\\/\\\/nirigs.com\\\/#\\\/schema\\\/logo\\\/image\\\/\"}}]}<\/script>\n<!-- \/ Yoast SEO plugin. -->","yoast_head_json":{"title":"Shea Moisture - Miel de Manuka et Yogourt - Masque R\u00e9parateur Prot\u00e9in\u00e9 - 227 g - NIRIGS","robots":{"index":"index","follow":"follow","max-snippet":"max-snippet:-1","max-image-preview":"max-image-preview:large","max-video-preview":"max-video-preview:-1"},"canonical":"https:\/\/nirigs.com\/en\/product\/shea-moisture-manuka-honey-yogurt-protein-repair-mask-227g\/","og_locale":"en_US","og_type":"article","og_title":"Shea Moisture - Miel de Manuka et Yogourt - Masque R\u00e9parateur Prot\u00e9in\u00e9 - 227 g - NIRIGS","og_description":"Masque capillaire en poudre de prot\u00e9ines SheaMoisture Hydrate+Repair avec du miel de Manuka et du yaourt, le masque hydratant en","og_url":"https:\/\/nirigs.com\/en\/product\/shea-moisture-manuka-honey-yogurt-protein-repair-mask-227g\/","og_site_name":"NIRIGS","article_modified_time":"2025-03-14T15:18:37+00:00","og_image":[{"width":1000,"height":1000,"url":"https:\/\/nirigs.com\/wp-content\/uploads\/2024\/02\/Shea-Moisture-\u2013-Miel-de-Manuka-et-Yogourt-\u2013-Masque-Reparateur-Proteine-\u2013-227-g.jpg","type":"image\/jpeg"}],"twitter_card":"summary_large_image","twitter_misc":{"Est. reading time":"2 minutes"},"schema":{"@context":"https:\/\/schema.org","@graph":[{"@type":"WebPage","@id":"https:\/\/nirigs.com\/product\/shea-moisture-manuka-honey-yogurt-protein-repair-mask-227g\/","url":"https:\/\/nirigs.com\/product\/shea-moisture-manuka-honey-yogurt-protein-repair-mask-227g\/","name":"Shea Moisture - Miel de Manuka et Yogourt - Masque R\u00e9parateur Prot\u00e9in\u00e9 - 227 g - NIRIGS","isPartOf":{"@id":"https:\/\/nirigs.com\/#website"},"primaryImageOfPage":{"@id":"https:\/\/nirigs.com\/product\/shea-moisture-manuka-honey-yogurt-protein-repair-mask-227g\/#primaryimage"},"image":{"@id":"https:\/\/nirigs.com\/product\/shea-moisture-manuka-honey-yogurt-protein-repair-mask-227g\/#primaryimage"},"thumbnailUrl":"https:\/\/nirigs.com\/wp-content\/uploads\/2024\/02\/Shea-Moisture-\u2013-Miel-de-Manuka-et-Yogourt-\u2013-Masque-Reparateur-Proteine-\u2013-227-g.jpg","datePublished":"2024-02-27T12:48:22+00:00","dateModified":"2025-03-14T15:18:37+00:00","breadcrumb":{"@id":"https:\/\/nirigs.com\/product\/shea-moisture-manuka-honey-yogurt-protein-repair-mask-227g\/#breadcrumb"},"inLanguage":"en-US","potentialAction":[{"@type":"ReadAction","target":["https:\/\/nirigs.com\/product\/shea-moisture-manuka-honey-yogurt-protein-repair-mask-227g\/"]}]},{"@type":"ImageObject","inLanguage":"en-US","@id":"https:\/\/nirigs.com\/product\/shea-moisture-manuka-honey-yogurt-protein-repair-mask-227g\/#primaryimage","url":"https:\/\/nirigs.com\/wp-content\/uploads\/2024\/02\/Shea-Moisture-\u2013-Miel-de-Manuka-et-Yogourt-\u2013-Masque-Reparateur-Proteine-\u2013-227-g.jpg","contentUrl":"https:\/\/nirigs.com\/wp-content\/uploads\/2024\/02\/Shea-Moisture-\u2013-Miel-de-Manuka-et-Yogourt-\u2013-Masque-Reparateur-Proteine-\u2013-227-g.jpg","width":1000,"height":1000},{"@type":"BreadcrumbList","@id":"https:\/\/nirigs.com\/product\/shea-moisture-manuka-honey-yogurt-protein-repair-mask-227g\/#breadcrumb","itemListElement":[{"@type":"ListItem","position":1,"name":"Home","item":"https:\/\/nirigs.com\/"},{"@type":"ListItem","position":2,"name":"Parcourir","item":"https:\/\/nirigs.com\/boutique\/"},{"@type":"ListItem","position":3,"name":"Shea Moisture &#8211; Miel de Manuka et Yogourt &#8211; Masque R\u00e9parateur Prot\u00e9in\u00e9 &#8211; 227 g"}]},{"@type":"WebSite","@id":"https:\/\/nirigs.com\/#website","url":"https:\/\/nirigs.com\/","name":"Nirigs.com","description":"Simplifiez vos achats du quotidien \u00e0 Djibouti","publisher":{"@id":"https:\/\/nirigs.com\/#organization"},"potentialAction":[{"@type":"SearchAction","target":{"@type":"EntryPoint","urlTemplate":"https:\/\/nirigs.com\/?s={search_term_string}"},"query-input":{"@type":"PropertyValueSpecification","valueRequired":true,"valueName":"search_term_string"}}],"inLanguage":"en-US"},{"@type":"Organization","@id":"https:\/\/nirigs.com\/#organization","name":"Nirigs","url":"https:\/\/nirigs.com\/","logo":{"@type":"ImageObject","inLanguage":"en-US","@id":"https:\/\/nirigs.com\/#\/schema\/logo\/image\/","url":"https:\/\/nirigs.com\/wp-content\/uploads\/2025\/04\/Design-sans-titre-27.png","contentUrl":"https:\/\/nirigs.com\/wp-content\/uploads\/2025\/04\/Design-sans-titre-27.png","width":500,"height":500,"caption":"Nirigs"},"image":{"@id":"https:\/\/nirigs.com\/#\/schema\/logo\/image\/"}}]}},"brands":[{"id":775,"name":"Shea Moisture","slug":"shea-moisture"}],"_links":{"self":[{"href":"https:\/\/nirigs.com\/en\/wp-json\/wp\/v2\/product\/17567","targetHints":{"allow":["GET"]}}],"collection":[{"href":"https:\/\/nirigs.com\/en\/wp-json\/wp\/v2\/product"}],"about":[{"href":"https:\/\/nirigs.com\/en\/wp-json\/wp\/v2\/types\/product"}],"replies":[{"embeddable":true,"href":"https:\/\/nirigs.com\/en\/wp-json\/wp\/v2\/comments?post=17567"}],"version-history":[{"count":4,"href":"https:\/\/nirigs.com\/en\/wp-json\/wp\/v2\/product\/17567\/revisions"}],"predecessor-version":[{"id":22878,"href":"https:\/\/nirigs.com\/en\/wp-json\/wp\/v2\/product\/17567\/revisions\/22878"}],"wp:featuredmedia":[{"embeddable":true,"href":"https:\/\/nirigs.com\/en\/wp-json\/wp\/v2\/media\/24078"}],"wp:attachment":[{"href":"https:\/\/nirigs.com\/en\/wp-json\/wp\/v2\/media?parent=17567"}],"wp:term":[{"taxonomy":"pwb-brand","embeddable":true,"href":"https:\/\/nirigs.com\/en\/wp-json\/wp\/v2\/pwb-brand?post=17567"},{"taxonomy":"product_brand","embeddable":true,"href":"https:\/\/nirigs.com\/en\/wp-json\/wp\/v2\/product_brand?post=17567"},{"taxonomy":"product_cat","embeddable":true,"href":"https:\/\/nirigs.com\/en\/wp-json\/wp\/v2\/product_cat?post=17567"},{"taxonomy":"product_tag","embeddable":true,"href":"https:\/\/nirigs.com\/en\/wp-json\/wp\/v2\/product_tag?post=17567"}],"curies":[{"name":"wp","href":"https:\/\/api.w.org\/{rel}","templated":true}]}}