{"id":17565,"date":"2024-02-27T15:39:34","date_gmt":"2024-02-27T12:39:34","guid":{"rendered":"https:\/\/nirigs.com\/product\/shea-moisture-natural-purple-rice-water-color-care-conditioner-care-during-colouring\/"},"modified":"2026-03-04T17:55:55","modified_gmt":"2026-03-04T14:55:55","slug":"shea-moisture-apres-shampoing-a-leau-de-riz-pourpre-370-ml","status":"publish","type":"product","link":"https:\/\/nirigs.com\/en\/product\/shea-moisture-apres-shampoing-a-leau-de-riz-pourpre-370-ml\/","title":{"rendered":"Shea Moisture &#8211; Apr\u00e8s-Shampoing \u00e0 l&rsquo;Eau de Riz pourpre &#8211; 370 ml"},"content":{"rendered":"<p data-start=\"133\" data-end=\"463\">L\u2019apr\u00e8s-shampoing soin naturel Shea Moisture \u00e0 l\u2019eau de riz pourpre est sp\u00e9cialement con\u00e7u pour renforcer et revitaliser les cheveux fragilis\u00e9s, notamment apr\u00e8s une coloration ou un traitement chimique. Sa formule nourrissante aide \u00e0 restaurer l\u2019hydratation, am\u00e9liorer l\u2019\u00e9lasticit\u00e9 et prot\u00e9ger la fibre capillaire contre la casse.<\/p>\n<p data-start=\"465\" data-end=\"770\">Enrichi en eau de riz pourpre reconnue pour sa richesse en antioxydants et en acides amin\u00e9s, ce soin contribue \u00e0 renforcer la structure du cheveu tout en pr\u00e9servant la brillance et l\u2019intensit\u00e9 de la couleur. Il facilite le d\u00e9m\u00ealage, lisse la cuticule et laisse les cheveux doux, soyeux et plus r\u00e9sistants.<\/p>\n<p data-start=\"772\" data-end=\"910\">Id\u00e9al pour les cheveux color\u00e9s, m\u00e9ch\u00e9s, boucl\u00e9s, fris\u00e9s ou ab\u00eem\u00e9s, il aide \u00e0 maintenir des longueurs fortes et \u00e9clatantes jour apr\u00e8s jour.<\/p>\n<h2 data-section-id=\"t874gv\" data-start=\"912\" data-end=\"937\">Bienfaits principaux<\/h2>\n<ul data-start=\"939\" data-end=\"1144\">\n<li data-section-id=\"kw2ou2\" data-start=\"939\" data-end=\"984\">\n<p data-start=\"941\" data-end=\"984\">Hydrate et nourrit les cheveux fragilis\u00e9s<\/p>\n<\/li>\n<li data-section-id=\"1fu8gro\" data-start=\"985\" data-end=\"1025\">\n<p data-start=\"987\" data-end=\"1025\">Aide \u00e0 renforcer la fibre capillaire<\/p>\n<\/li>\n<li data-section-id=\"1qegsj9\" data-start=\"1026\" data-end=\"1045\">\n<p data-start=\"1028\" data-end=\"1045\">R\u00e9duit la casse<\/p>\n<\/li>\n<li data-section-id=\"xv5ftp\" data-start=\"1046\" data-end=\"1070\">\n<p data-start=\"1048\" data-end=\"1070\">Facilite le d\u00e9m\u00ealage<\/p>\n<\/li>\n<li data-section-id=\"1hkqd4n\" data-start=\"1071\" data-end=\"1111\">\n<p data-start=\"1073\" data-end=\"1111\">Pr\u00e9serve l\u2019\u00e9clat des cheveux color\u00e9s<\/p>\n<\/li>\n<li data-section-id=\"1i29smz\" data-start=\"1112\" data-end=\"1144\">\n<p data-start=\"1114\" data-end=\"1144\">Apporte douceur et brillance<\/p>\n<\/li>\n<\/ul>\n<h2 data-section-id=\"1lge12y\" data-start=\"1146\" data-end=\"1162\">Actifs cl\u00e9s<\/h2>\n<ul data-start=\"1164\" data-end=\"1433\">\n<li data-section-id=\"mij48i\" data-start=\"1164\" data-end=\"1252\">\n<p data-start=\"1166\" data-end=\"1252\">Eau de riz pourpre : riche en antioxydants, aide \u00e0 fortifier et prot\u00e9ger les cheveux<\/p>\n<\/li>\n<li data-section-id=\"1izo9ew\" data-start=\"1253\" data-end=\"1316\">\n<p data-start=\"1255\" data-end=\"1316\">Prot\u00e9ines v\u00e9g\u00e9tales : renforcent et am\u00e9liorent l\u2019\u00e9lasticit\u00e9<\/p>\n<\/li>\n<li data-section-id=\"19osfri\" data-start=\"1317\" data-end=\"1378\">\n<p data-start=\"1319\" data-end=\"1378\">Beurre de karit\u00e9 : hydrate et prot\u00e8ge la fibre capillaire<\/p>\n<\/li>\n<li data-section-id=\"15zx6tf\" data-start=\"1379\" data-end=\"1433\">\n<p data-start=\"1381\" data-end=\"1433\">Huiles nourrissantes : adoucissent et revitalisent<\/p>\n<\/li>\n<\/ul>\n<h2 data-section-id=\"7yaerc\" data-start=\"1435\" data-end=\"1458\">Mode d\u2019utilisation<\/h2>\n<p data-start=\"1460\" data-end=\"1702\" data-is-last-node=\"\" data-is-only-node=\"\">Apr\u00e8s le shampoing, appliquer g\u00e9n\u00e9reusement sur cheveux propres et humides en insistant sur les longueurs et les pointes. Laisser agir 2 \u00e0 3 minutes puis rincer abondamment. Pour un soin plus intense, prolonger le temps de pose avant rin\u00e7age.<\/p>\n<h2 data-section-id=\"1f8ayqb\" data-start=\"107\" data-end=\"130\">Ingredients<\/h2>\n<p data-start=\"132\" data-end=\"533\">Water (Aqua), Cetearyl Alcohol, Cetyl Alcohol, Stearyl Alcohol, Behentrimonium Chloride, Oryza Sativa (Rice) Extract, Oryza Sativa (Rice) Water, Butyrospermum Parkii (Shea) Butter, Hydrolyzed Rice Protein, Panthenol, Aloe Barbadensis Leaf Juice, Cocos Nucifera (Coconut) Oil, Fragrance (Parfum), Glycerin, Guar Hydroxypropyltrimonium Chloride, Caprylyl Glycol, Benzoic Acid, Citric Acid, Tocopherol.<\/p>","protected":false},"excerpt":{"rendered":"<p>L\u2019apr\u00e8s-shampoing soin naturel Shea Moisture \u00e0 l\u2019eau de riz pourpre est sp\u00e9cialement con\u00e7u pour renforcer et revitaliser les cheveux fragilis\u00e9s,<\/p>","protected":false},"featured_media":24084,"comment_status":"open","ping_status":"closed","template":"","meta":[],"pwb-brand":[775],"product_brand":[],"product_cat":[1025,267,1022,1024],"product_tag":[],"class_list":{"0":"post-17565","1":"product","2":"type-product","3":"status-publish","4":"has-post-thumbnail","6":"pwb-brand-shea-moisture","7":"product_cat-apres-shampooings","8":"product_cat-beaute-et-soins","9":"product_cat-coiffures-et-soins-des-cheveux","10":"product_cat-soins-des-cheveux","12":"first","13":"outofstock","14":"shipping-taxable","15":"purchasable","16":"product-type-simple"},"yoast_head":"<!-- This site is optimized with the Yoast SEO plugin v27.4 - https:\/\/yoast.com\/product\/yoast-seo-wordpress\/ -->\n<title>Shea Moisture - Apr\u00e8s-Shampoing \u00e0 l&#039;Eau de Riz pourpre - 370 ml - NIRIGS<\/title>\n<meta name=\"robots\" content=\"index, follow, max-snippet:-1, max-image-preview:large, max-video-preview:-1\" \/>\n<link rel=\"canonical\" href=\"https:\/\/nirigs.com\/en\/product\/shea-moisture-apres-shampoing-a-leau-de-riz-pourpre-370-ml\/\" \/>\n<meta property=\"og:locale\" content=\"en_US\" \/>\n<meta property=\"og:type\" content=\"article\" \/>\n<meta property=\"og:title\" content=\"Shea Moisture - Apr\u00e8s-Shampoing \u00e0 l&#039;Eau de Riz pourpre - 370 ml - NIRIGS\" \/>\n<meta property=\"og:description\" content=\"L\u2019apr\u00e8s-shampoing soin naturel Shea Moisture \u00e0 l\u2019eau de riz pourpre est sp\u00e9cialement con\u00e7u pour renforcer et revitaliser les cheveux fragilis\u00e9s,\" \/>\n<meta property=\"og:url\" content=\"https:\/\/nirigs.com\/en\/product\/shea-moisture-apres-shampoing-a-leau-de-riz-pourpre-370-ml\/\" \/>\n<meta property=\"og:site_name\" content=\"NIRIGS\" \/>\n<meta property=\"article:modified_time\" content=\"2026-03-04T14:55:55+00:00\" \/>\n<meta property=\"og:image\" content=\"https:\/\/nirigs.com\/wp-content\/uploads\/2024\/02\/Shea-Moisture-\u2013-Apres-Shampoing-Soin-Naturel-a-lEau-de-Riz-Violet-Soin-pendant-la-coloration-\u2013-370-ml.jpg\" \/>\n\t<meta property=\"og:image:width\" content=\"1000\" \/>\n\t<meta property=\"og:image:height\" content=\"1000\" \/>\n\t<meta property=\"og:image:type\" content=\"image\/jpeg\" \/>\n<meta name=\"twitter:card\" content=\"summary_large_image\" \/>\n<meta name=\"twitter:label1\" content=\"Est. reading time\" \/>\n\t<meta name=\"twitter:data1\" content=\"2 minutes\" \/>\n<script type=\"application\/ld+json\" class=\"yoast-schema-graph\">{\"@context\":\"https:\\\/\\\/schema.org\",\"@graph\":[{\"@type\":\"WebPage\",\"@id\":\"https:\\\/\\\/nirigs.com\\\/product\\\/shea-moisture-apres-shampoing-a-leau-de-riz-pourpre-370-ml\\\/\",\"url\":\"https:\\\/\\\/nirigs.com\\\/product\\\/shea-moisture-apres-shampoing-a-leau-de-riz-pourpre-370-ml\\\/\",\"name\":\"Shea Moisture - Apr\u00e8s-Shampoing \u00e0 l'Eau de Riz pourpre - 370 ml - NIRIGS\",\"isPartOf\":{\"@id\":\"https:\\\/\\\/nirigs.com\\\/#website\"},\"primaryImageOfPage\":{\"@id\":\"https:\\\/\\\/nirigs.com\\\/product\\\/shea-moisture-apres-shampoing-a-leau-de-riz-pourpre-370-ml\\\/#primaryimage\"},\"image\":{\"@id\":\"https:\\\/\\\/nirigs.com\\\/product\\\/shea-moisture-apres-shampoing-a-leau-de-riz-pourpre-370-ml\\\/#primaryimage\"},\"thumbnailUrl\":\"https:\\\/\\\/nirigs.com\\\/wp-content\\\/uploads\\\/2024\\\/02\\\/Shea-Moisture-\u2013-Apres-Shampoing-Soin-Naturel-a-lEau-de-Riz-Violet-Soin-pendant-la-coloration-\u2013-370-ml.jpg\",\"datePublished\":\"2024-02-27T12:39:34+00:00\",\"dateModified\":\"2026-03-04T14:55:55+00:00\",\"breadcrumb\":{\"@id\":\"https:\\\/\\\/nirigs.com\\\/product\\\/shea-moisture-apres-shampoing-a-leau-de-riz-pourpre-370-ml\\\/#breadcrumb\"},\"inLanguage\":\"en-US\",\"potentialAction\":[{\"@type\":\"ReadAction\",\"target\":[\"https:\\\/\\\/nirigs.com\\\/product\\\/shea-moisture-apres-shampoing-a-leau-de-riz-pourpre-370-ml\\\/\"]}]},{\"@type\":\"ImageObject\",\"inLanguage\":\"en-US\",\"@id\":\"https:\\\/\\\/nirigs.com\\\/product\\\/shea-moisture-apres-shampoing-a-leau-de-riz-pourpre-370-ml\\\/#primaryimage\",\"url\":\"https:\\\/\\\/nirigs.com\\\/wp-content\\\/uploads\\\/2024\\\/02\\\/Shea-Moisture-\u2013-Apres-Shampoing-Soin-Naturel-a-lEau-de-Riz-Violet-Soin-pendant-la-coloration-\u2013-370-ml.jpg\",\"contentUrl\":\"https:\\\/\\\/nirigs.com\\\/wp-content\\\/uploads\\\/2024\\\/02\\\/Shea-Moisture-\u2013-Apres-Shampoing-Soin-Naturel-a-lEau-de-Riz-Violet-Soin-pendant-la-coloration-\u2013-370-ml.jpg\",\"width\":1000,\"height\":1000},{\"@type\":\"BreadcrumbList\",\"@id\":\"https:\\\/\\\/nirigs.com\\\/product\\\/shea-moisture-apres-shampoing-a-leau-de-riz-pourpre-370-ml\\\/#breadcrumb\",\"itemListElement\":[{\"@type\":\"ListItem\",\"position\":1,\"name\":\"Home\",\"item\":\"https:\\\/\\\/nirigs.com\\\/\"},{\"@type\":\"ListItem\",\"position\":2,\"name\":\"Parcourir\",\"item\":\"https:\\\/\\\/nirigs.com\\\/boutique\\\/\"},{\"@type\":\"ListItem\",\"position\":3,\"name\":\"Shea Moisture &#8211; Apr\u00e8s-Shampoing \u00e0 l&rsquo;Eau de Riz pourpre &#8211; 370 ml\"}]},{\"@type\":\"WebSite\",\"@id\":\"https:\\\/\\\/nirigs.com\\\/#website\",\"url\":\"https:\\\/\\\/nirigs.com\\\/\",\"name\":\"Nirigs.com\",\"description\":\"Simplifiez vos achats du quotidien \u00e0 Djibouti\",\"publisher\":{\"@id\":\"https:\\\/\\\/nirigs.com\\\/#organization\"},\"potentialAction\":[{\"@type\":\"SearchAction\",\"target\":{\"@type\":\"EntryPoint\",\"urlTemplate\":\"https:\\\/\\\/nirigs.com\\\/?s={search_term_string}\"},\"query-input\":{\"@type\":\"PropertyValueSpecification\",\"valueRequired\":true,\"valueName\":\"search_term_string\"}}],\"inLanguage\":\"en-US\"},{\"@type\":\"Organization\",\"@id\":\"https:\\\/\\\/nirigs.com\\\/#organization\",\"name\":\"Nirigs\",\"url\":\"https:\\\/\\\/nirigs.com\\\/\",\"logo\":{\"@type\":\"ImageObject\",\"inLanguage\":\"en-US\",\"@id\":\"https:\\\/\\\/nirigs.com\\\/#\\\/schema\\\/logo\\\/image\\\/\",\"url\":\"https:\\\/\\\/nirigs.com\\\/wp-content\\\/uploads\\\/2025\\\/04\\\/Design-sans-titre-27.png\",\"contentUrl\":\"https:\\\/\\\/nirigs.com\\\/wp-content\\\/uploads\\\/2025\\\/04\\\/Design-sans-titre-27.png\",\"width\":500,\"height\":500,\"caption\":\"Nirigs\"},\"image\":{\"@id\":\"https:\\\/\\\/nirigs.com\\\/#\\\/schema\\\/logo\\\/image\\\/\"}}]}<\/script>\n<!-- \/ Yoast SEO plugin. -->","yoast_head_json":{"title":"Shea Moisture - Apr\u00e8s-Shampoing \u00e0 l'Eau de Riz pourpre - 370 ml - NIRIGS","robots":{"index":"index","follow":"follow","max-snippet":"max-snippet:-1","max-image-preview":"max-image-preview:large","max-video-preview":"max-video-preview:-1"},"canonical":"https:\/\/nirigs.com\/en\/product\/shea-moisture-apres-shampoing-a-leau-de-riz-pourpre-370-ml\/","og_locale":"en_US","og_type":"article","og_title":"Shea Moisture - Apr\u00e8s-Shampoing \u00e0 l'Eau de Riz pourpre - 370 ml - NIRIGS","og_description":"L\u2019apr\u00e8s-shampoing soin naturel Shea Moisture \u00e0 l\u2019eau de riz pourpre est sp\u00e9cialement con\u00e7u pour renforcer et revitaliser les cheveux fragilis\u00e9s,","og_url":"https:\/\/nirigs.com\/en\/product\/shea-moisture-apres-shampoing-a-leau-de-riz-pourpre-370-ml\/","og_site_name":"NIRIGS","article_modified_time":"2026-03-04T14:55:55+00:00","og_image":[{"width":1000,"height":1000,"url":"https:\/\/nirigs.com\/wp-content\/uploads\/2024\/02\/Shea-Moisture-\u2013-Apres-Shampoing-Soin-Naturel-a-lEau-de-Riz-Violet-Soin-pendant-la-coloration-\u2013-370-ml.jpg","type":"image\/jpeg"}],"twitter_card":"summary_large_image","twitter_misc":{"Est. reading time":"2 minutes"},"schema":{"@context":"https:\/\/schema.org","@graph":[{"@type":"WebPage","@id":"https:\/\/nirigs.com\/product\/shea-moisture-apres-shampoing-a-leau-de-riz-pourpre-370-ml\/","url":"https:\/\/nirigs.com\/product\/shea-moisture-apres-shampoing-a-leau-de-riz-pourpre-370-ml\/","name":"Shea Moisture - Apr\u00e8s-Shampoing \u00e0 l'Eau de Riz pourpre - 370 ml - NIRIGS","isPartOf":{"@id":"https:\/\/nirigs.com\/#website"},"primaryImageOfPage":{"@id":"https:\/\/nirigs.com\/product\/shea-moisture-apres-shampoing-a-leau-de-riz-pourpre-370-ml\/#primaryimage"},"image":{"@id":"https:\/\/nirigs.com\/product\/shea-moisture-apres-shampoing-a-leau-de-riz-pourpre-370-ml\/#primaryimage"},"thumbnailUrl":"https:\/\/nirigs.com\/wp-content\/uploads\/2024\/02\/Shea-Moisture-\u2013-Apres-Shampoing-Soin-Naturel-a-lEau-de-Riz-Violet-Soin-pendant-la-coloration-\u2013-370-ml.jpg","datePublished":"2024-02-27T12:39:34+00:00","dateModified":"2026-03-04T14:55:55+00:00","breadcrumb":{"@id":"https:\/\/nirigs.com\/product\/shea-moisture-apres-shampoing-a-leau-de-riz-pourpre-370-ml\/#breadcrumb"},"inLanguage":"en-US","potentialAction":[{"@type":"ReadAction","target":["https:\/\/nirigs.com\/product\/shea-moisture-apres-shampoing-a-leau-de-riz-pourpre-370-ml\/"]}]},{"@type":"ImageObject","inLanguage":"en-US","@id":"https:\/\/nirigs.com\/product\/shea-moisture-apres-shampoing-a-leau-de-riz-pourpre-370-ml\/#primaryimage","url":"https:\/\/nirigs.com\/wp-content\/uploads\/2024\/02\/Shea-Moisture-\u2013-Apres-Shampoing-Soin-Naturel-a-lEau-de-Riz-Violet-Soin-pendant-la-coloration-\u2013-370-ml.jpg","contentUrl":"https:\/\/nirigs.com\/wp-content\/uploads\/2024\/02\/Shea-Moisture-\u2013-Apres-Shampoing-Soin-Naturel-a-lEau-de-Riz-Violet-Soin-pendant-la-coloration-\u2013-370-ml.jpg","width":1000,"height":1000},{"@type":"BreadcrumbList","@id":"https:\/\/nirigs.com\/product\/shea-moisture-apres-shampoing-a-leau-de-riz-pourpre-370-ml\/#breadcrumb","itemListElement":[{"@type":"ListItem","position":1,"name":"Home","item":"https:\/\/nirigs.com\/"},{"@type":"ListItem","position":2,"name":"Parcourir","item":"https:\/\/nirigs.com\/boutique\/"},{"@type":"ListItem","position":3,"name":"Shea Moisture &#8211; Apr\u00e8s-Shampoing \u00e0 l&rsquo;Eau de Riz pourpre &#8211; 370 ml"}]},{"@type":"WebSite","@id":"https:\/\/nirigs.com\/#website","url":"https:\/\/nirigs.com\/","name":"Nirigs.com","description":"Simplifiez vos achats du quotidien \u00e0 Djibouti","publisher":{"@id":"https:\/\/nirigs.com\/#organization"},"potentialAction":[{"@type":"SearchAction","target":{"@type":"EntryPoint","urlTemplate":"https:\/\/nirigs.com\/?s={search_term_string}"},"query-input":{"@type":"PropertyValueSpecification","valueRequired":true,"valueName":"search_term_string"}}],"inLanguage":"en-US"},{"@type":"Organization","@id":"https:\/\/nirigs.com\/#organization","name":"Nirigs","url":"https:\/\/nirigs.com\/","logo":{"@type":"ImageObject","inLanguage":"en-US","@id":"https:\/\/nirigs.com\/#\/schema\/logo\/image\/","url":"https:\/\/nirigs.com\/wp-content\/uploads\/2025\/04\/Design-sans-titre-27.png","contentUrl":"https:\/\/nirigs.com\/wp-content\/uploads\/2025\/04\/Design-sans-titre-27.png","width":500,"height":500,"caption":"Nirigs"},"image":{"@id":"https:\/\/nirigs.com\/#\/schema\/logo\/image\/"}}]}},"brands":[{"id":775,"name":"Shea Moisture","slug":"shea-moisture"}],"_links":{"self":[{"href":"https:\/\/nirigs.com\/en\/wp-json\/wp\/v2\/product\/17565","targetHints":{"allow":["GET"]}}],"collection":[{"href":"https:\/\/nirigs.com\/en\/wp-json\/wp\/v2\/product"}],"about":[{"href":"https:\/\/nirigs.com\/en\/wp-json\/wp\/v2\/types\/product"}],"replies":[{"embeddable":true,"href":"https:\/\/nirigs.com\/en\/wp-json\/wp\/v2\/comments?post=17565"}],"version-history":[{"count":7,"href":"https:\/\/nirigs.com\/en\/wp-json\/wp\/v2\/product\/17565\/revisions"}],"predecessor-version":[{"id":24081,"href":"https:\/\/nirigs.com\/en\/wp-json\/wp\/v2\/product\/17565\/revisions\/24081"}],"wp:featuredmedia":[{"embeddable":true,"href":"https:\/\/nirigs.com\/en\/wp-json\/wp\/v2\/media\/24084"}],"wp:attachment":[{"href":"https:\/\/nirigs.com\/en\/wp-json\/wp\/v2\/media?parent=17565"}],"wp:term":[{"taxonomy":"pwb-brand","embeddable":true,"href":"https:\/\/nirigs.com\/en\/wp-json\/wp\/v2\/pwb-brand?post=17565"},{"taxonomy":"product_brand","embeddable":true,"href":"https:\/\/nirigs.com\/en\/wp-json\/wp\/v2\/product_brand?post=17565"},{"taxonomy":"product_cat","embeddable":true,"href":"https:\/\/nirigs.com\/en\/wp-json\/wp\/v2\/product_cat?post=17565"},{"taxonomy":"product_tag","embeddable":true,"href":"https:\/\/nirigs.com\/en\/wp-json\/wp\/v2\/product_tag?post=17565"}],"curies":[{"name":"wp","href":"https:\/\/api.w.org\/{rel}","templated":true}]}}