{"id":17537,"date":"2024-02-25T15:27:31","date_gmt":"2024-02-25T12:27:31","guid":{"rendered":"https:\/\/nirigs.com\/product\/natural-purple-rice-water-box-227-g\/"},"modified":"2026-03-04T18:05:34","modified_gmt":"2026-03-04T15:05:34","slug":"shea-moisture-box-eau-de-riz-pourpre","status":"publish","type":"product","link":"https:\/\/nirigs.com\/en\/product\/shea-moisture-box-eau-de-riz-pourpre\/","title":{"rendered":"Shea Moisture &#8211; Box Eau de Riz Pourpre"},"content":{"rendered":"<p data-start=\"128\" data-end=\"521\">Visit <strong data-start=\"131\" data-end=\"171\">Box Eau de Riz Pourpre Shea Moisture<\/strong> regroupe trois soins capillaires essentiels formul\u00e9s pour renforcer, hydrater et revitaliser les cheveux fragilis\u00e9s, notamment apr\u00e8s une coloration ou tout traitement chimique. Enrichie en eau de riz pourpre riche en antioxydants et acides amin\u00e9s, cette box offre une routine compl\u00e8te pour pr\u00e9server la sant\u00e9, la nutrition et l\u2019\u00e9clat de vos cheveux.<\/p>\n<p data-start=\"523\" data-end=\"746\">Chaque produit de la box a \u00e9t\u00e9 pens\u00e9 pour agir en synergie : nettoyer en douceur, nourrir intens\u00e9ment et restaurer la fibre capillaire, tout en aidant \u00e0 prot\u00e9ger la couleur des effets du temps et des agressions ext\u00e9rieures.<\/p>\n<p data-start=\"748\" data-end=\"891\">Ce coffret est id\u00e9al pour les cheveux color\u00e9s, m\u00e9ch\u00e9s, boucl\u00e9s, fris\u00e9s, cr\u00e9pus ou ab\u00eem\u00e9s qui ont besoin d\u2019un soin complet, efficace et naturel.<\/p>\n<h2 data-section-id=\"2t7cno\" data-start=\"893\" data-end=\"915\">Contenu de la Box<\/h2>\n<h3 data-section-id=\"vchcfz\" data-start=\"916\" data-end=\"965\">1. Shampoing Naturel \u00e0 l\u2019Eau de Riz Pourpre<\/h3>\n<p data-start=\"966\" data-end=\"1120\">Nettoie d\u00e9licatement les cheveux tout en aidant \u00e0 pr\u00e9server l\u2019intensit\u00e9 de la couleur, renforcer la fibre capillaire et am\u00e9liorer la brillance g\u00e9n\u00e9rale.<\/p>\n<h3 data-section-id=\"18epi1z\" data-start=\"1121\" data-end=\"1173\">2. Apr\u00e8s-Shampoing Soin \u00e0 l\u2019Eau de Riz Pourpre<\/h3>\n<p data-start=\"1174\" data-end=\"1287\">Nourrit et d\u00e9m\u00eale en profondeur, aide \u00e0 restaurer l\u2019hydratation, am\u00e9liorer l\u2019\u00e9lasticit\u00e9 et prot\u00e9ger la couleur.<\/p>\n<h3 data-section-id=\"wfhwq\" data-start=\"1288\" data-end=\"1341\">3. Masque \u00e0 l\u2019Eau de Riz Pourpre (Soin Profond)<\/h3>\n<p data-start=\"1342\" data-end=\"1485\">Soin intensif qui p\u00e9n\u00e8tre profond\u00e9ment pour restaurer, fortifier et revitaliser les cheveux tout en renfor\u00e7ant durablement la fibre capillaire.<\/p>\n<h2 data-section-id=\"t874gv\" data-start=\"1487\" data-end=\"1512\">Bienfaits principaux<\/h2>\n<ul data-start=\"1513\" data-end=\"1785\">\n<li data-section-id=\"1mcaovk\" data-start=\"1513\" data-end=\"1568\">\n<p data-start=\"1515\" data-end=\"1568\">Routine compl\u00e8te pour cheveux fragilis\u00e9s ou color\u00e9s<\/p>\n<\/li>\n<li data-section-id=\"5ujbyc\" data-start=\"1569\" data-end=\"1623\">\n<p data-start=\"1571\" data-end=\"1623\">Nourrit intens\u00e9ment et hydrate la fibre capillaire<\/p>\n<\/li>\n<li data-section-id=\"1yrosrt\" data-start=\"1624\" data-end=\"1681\">\n<p data-start=\"1626\" data-end=\"1681\">Aide \u00e0 pr\u00e9server l\u2019\u00e9clat et l\u2019intensit\u00e9 de la couleur<\/p>\n<\/li>\n<li data-section-id=\"1hbic3e\" data-start=\"1682\" data-end=\"1741\">\n<p data-start=\"1684\" data-end=\"1741\">R\u00e9duit la casse, am\u00e9liore la r\u00e9sistance et l\u2019\u00e9lasticit\u00e9<\/p>\n<\/li>\n<li data-section-id=\"680tia\" data-start=\"1742\" data-end=\"1785\">\n<p data-start=\"1744\" data-end=\"1785\">Apporte douceur, brillance et souplesse<\/p>\n<\/li>\n<\/ul>\n<h2 data-section-id=\"7yaerc\" data-start=\"1787\" data-end=\"1810\">Mode d\u2019utilisation<\/h2>\n<ul data-start=\"1811\" data-end=\"2183\">\n<li data-section-id=\"1i0sgru\" data-start=\"1811\" data-end=\"1882\">\n<p data-start=\"1813\" data-end=\"1882\"><strong data-start=\"1813\" data-end=\"1828\">Shampoing :<\/strong> appliquer sur cheveux mouill\u00e9s, masser puis rincer.<\/p>\n<\/li>\n<li data-section-id=\"1n820uo\" data-start=\"1883\" data-end=\"1989\">\n<p data-start=\"1885\" data-end=\"1989\"><strong data-start=\"1885\" data-end=\"1906\">Apr\u00e8s-shampoing :<\/strong> appliquer sur cheveux propres et humides, laisser agir 2-3 minutes, puis rincer.<\/p>\n<\/li>\n<li data-section-id=\"f1cm7o\" data-start=\"1990\" data-end=\"2183\">\n<p data-start=\"1992\" data-end=\"2183\"><strong data-start=\"1992\" data-end=\"2004\">Masque :<\/strong> appliquer g\u00e9n\u00e9reusement apr\u00e8s le shampoing, laisser poser 5-10 minutes, puis rincer.<br data-start=\"2089\" data-end=\"2092\" \/>Pour de meilleurs r\u00e9sultats, utiliser l\u2019ensemble des trois produits comme routine compl\u00e8te.<\/p>\n<\/li>\n<\/ul>","protected":false},"excerpt":{"rendered":"<p>La Box Eau de Riz Pourpre Shea Moisture regroupe trois soins capillaires essentiels formul\u00e9s pour renforcer, hydrater et revitaliser les<\/p>","protected":false},"featured_media":24094,"comment_status":"open","ping_status":"closed","template":"","meta":[],"pwb-brand":[775],"product_brand":[],"product_cat":[267,1022,1024],"product_tag":[],"class_list":{"0":"post-17537","1":"product","2":"type-product","3":"status-publish","4":"has-post-thumbnail","6":"pwb-brand-shea-moisture","7":"product_cat-beaute-et-soins","8":"product_cat-coiffures-et-soins-des-cheveux","9":"product_cat-soins-des-cheveux","11":"first","12":"outofstock","13":"sale","14":"shipping-taxable","15":"purchasable","16":"product-type-simple"},"yoast_head":"<!-- This site is optimized with the Yoast SEO plugin v27.4 - https:\/\/yoast.com\/product\/yoast-seo-wordpress\/ -->\n<title>Shea Moisture - Box Eau de Riz Pourpre - NIRIGS<\/title>\n<meta name=\"robots\" content=\"index, follow, max-snippet:-1, max-image-preview:large, max-video-preview:-1\" \/>\n<link rel=\"canonical\" href=\"https:\/\/nirigs.com\/en\/product\/shea-moisture-box-eau-de-riz-pourpre\/\" \/>\n<meta property=\"og:locale\" content=\"en_US\" \/>\n<meta property=\"og:type\" content=\"article\" \/>\n<meta property=\"og:title\" content=\"Shea Moisture - Box Eau de Riz Pourpre - NIRIGS\" \/>\n<meta property=\"og:description\" content=\"La Box Eau de Riz Pourpre Shea Moisture regroupe trois soins capillaires essentiels formul\u00e9s pour renforcer, hydrater et revitaliser les\" \/>\n<meta property=\"og:url\" content=\"https:\/\/nirigs.com\/en\/product\/shea-moisture-box-eau-de-riz-pourpre\/\" \/>\n<meta property=\"og:site_name\" content=\"NIRIGS\" \/>\n<meta property=\"article:modified_time\" content=\"2026-03-04T15:05:34+00:00\" \/>\n<meta property=\"og:image\" content=\"https:\/\/nirigs.com\/wp-content\/uploads\/2024\/02\/Shea-Moisture-\u2013-Boite-deau-de-riz-violet-naturelle-\u2013-227-g.jpg\" \/>\n\t<meta property=\"og:image:width\" content=\"1000\" \/>\n\t<meta property=\"og:image:height\" content=\"1000\" \/>\n\t<meta property=\"og:image:type\" content=\"image\/jpeg\" \/>\n<meta name=\"twitter:card\" content=\"summary_large_image\" \/>\n<meta name=\"twitter:label1\" content=\"Est. reading time\" \/>\n\t<meta name=\"twitter:data1\" content=\"2 minutes\" \/>\n<script type=\"application\/ld+json\" class=\"yoast-schema-graph\">{\"@context\":\"https:\\\/\\\/schema.org\",\"@graph\":[{\"@type\":\"WebPage\",\"@id\":\"https:\\\/\\\/nirigs.com\\\/product\\\/shea-moisture-box-eau-de-riz-pourpre\\\/\",\"url\":\"https:\\\/\\\/nirigs.com\\\/product\\\/shea-moisture-box-eau-de-riz-pourpre\\\/\",\"name\":\"Shea Moisture - Box Eau de Riz Pourpre - NIRIGS\",\"isPartOf\":{\"@id\":\"https:\\\/\\\/nirigs.com\\\/#website\"},\"primaryImageOfPage\":{\"@id\":\"https:\\\/\\\/nirigs.com\\\/product\\\/shea-moisture-box-eau-de-riz-pourpre\\\/#primaryimage\"},\"image\":{\"@id\":\"https:\\\/\\\/nirigs.com\\\/product\\\/shea-moisture-box-eau-de-riz-pourpre\\\/#primaryimage\"},\"thumbnailUrl\":\"https:\\\/\\\/nirigs.com\\\/wp-content\\\/uploads\\\/2024\\\/02\\\/Shea-Moisture-\u2013-Boite-deau-de-riz-violet-naturelle-\u2013-227-g.jpg\",\"datePublished\":\"2024-02-25T12:27:31+00:00\",\"dateModified\":\"2026-03-04T15:05:34+00:00\",\"breadcrumb\":{\"@id\":\"https:\\\/\\\/nirigs.com\\\/product\\\/shea-moisture-box-eau-de-riz-pourpre\\\/#breadcrumb\"},\"inLanguage\":\"en-US\",\"potentialAction\":[{\"@type\":\"ReadAction\",\"target\":[\"https:\\\/\\\/nirigs.com\\\/product\\\/shea-moisture-box-eau-de-riz-pourpre\\\/\"]}]},{\"@type\":\"ImageObject\",\"inLanguage\":\"en-US\",\"@id\":\"https:\\\/\\\/nirigs.com\\\/product\\\/shea-moisture-box-eau-de-riz-pourpre\\\/#primaryimage\",\"url\":\"https:\\\/\\\/nirigs.com\\\/wp-content\\\/uploads\\\/2024\\\/02\\\/Shea-Moisture-\u2013-Boite-deau-de-riz-violet-naturelle-\u2013-227-g.jpg\",\"contentUrl\":\"https:\\\/\\\/nirigs.com\\\/wp-content\\\/uploads\\\/2024\\\/02\\\/Shea-Moisture-\u2013-Boite-deau-de-riz-violet-naturelle-\u2013-227-g.jpg\",\"width\":1000,\"height\":1000},{\"@type\":\"BreadcrumbList\",\"@id\":\"https:\\\/\\\/nirigs.com\\\/product\\\/shea-moisture-box-eau-de-riz-pourpre\\\/#breadcrumb\",\"itemListElement\":[{\"@type\":\"ListItem\",\"position\":1,\"name\":\"Home\",\"item\":\"https:\\\/\\\/nirigs.com\\\/\"},{\"@type\":\"ListItem\",\"position\":2,\"name\":\"Parcourir\",\"item\":\"https:\\\/\\\/nirigs.com\\\/boutique\\\/\"},{\"@type\":\"ListItem\",\"position\":3,\"name\":\"Shea Moisture &#8211; Box Eau de Riz Pourpre\"}]},{\"@type\":\"WebSite\",\"@id\":\"https:\\\/\\\/nirigs.com\\\/#website\",\"url\":\"https:\\\/\\\/nirigs.com\\\/\",\"name\":\"Nirigs.com\",\"description\":\"Simplifiez vos achats du quotidien \u00e0 Djibouti\",\"publisher\":{\"@id\":\"https:\\\/\\\/nirigs.com\\\/#organization\"},\"potentialAction\":[{\"@type\":\"SearchAction\",\"target\":{\"@type\":\"EntryPoint\",\"urlTemplate\":\"https:\\\/\\\/nirigs.com\\\/?s={search_term_string}\"},\"query-input\":{\"@type\":\"PropertyValueSpecification\",\"valueRequired\":true,\"valueName\":\"search_term_string\"}}],\"inLanguage\":\"en-US\"},{\"@type\":\"Organization\",\"@id\":\"https:\\\/\\\/nirigs.com\\\/#organization\",\"name\":\"Nirigs\",\"url\":\"https:\\\/\\\/nirigs.com\\\/\",\"logo\":{\"@type\":\"ImageObject\",\"inLanguage\":\"en-US\",\"@id\":\"https:\\\/\\\/nirigs.com\\\/#\\\/schema\\\/logo\\\/image\\\/\",\"url\":\"https:\\\/\\\/nirigs.com\\\/wp-content\\\/uploads\\\/2025\\\/04\\\/Design-sans-titre-27.png\",\"contentUrl\":\"https:\\\/\\\/nirigs.com\\\/wp-content\\\/uploads\\\/2025\\\/04\\\/Design-sans-titre-27.png\",\"width\":500,\"height\":500,\"caption\":\"Nirigs\"},\"image\":{\"@id\":\"https:\\\/\\\/nirigs.com\\\/#\\\/schema\\\/logo\\\/image\\\/\"}}]}<\/script>\n<!-- \/ Yoast SEO plugin. -->","yoast_head_json":{"title":"Shea Moisture - Box Eau de Riz Pourpre - NIRIGS","robots":{"index":"index","follow":"follow","max-snippet":"max-snippet:-1","max-image-preview":"max-image-preview:large","max-video-preview":"max-video-preview:-1"},"canonical":"https:\/\/nirigs.com\/en\/product\/shea-moisture-box-eau-de-riz-pourpre\/","og_locale":"en_US","og_type":"article","og_title":"Shea Moisture - Box Eau de Riz Pourpre - NIRIGS","og_description":"La Box Eau de Riz Pourpre Shea Moisture regroupe trois soins capillaires essentiels formul\u00e9s pour renforcer, hydrater et revitaliser les","og_url":"https:\/\/nirigs.com\/en\/product\/shea-moisture-box-eau-de-riz-pourpre\/","og_site_name":"NIRIGS","article_modified_time":"2026-03-04T15:05:34+00:00","og_image":[{"width":1000,"height":1000,"url":"https:\/\/nirigs.com\/wp-content\/uploads\/2024\/02\/Shea-Moisture-\u2013-Boite-deau-de-riz-violet-naturelle-\u2013-227-g.jpg","type":"image\/jpeg"}],"twitter_card":"summary_large_image","twitter_misc":{"Est. reading time":"2 minutes"},"schema":{"@context":"https:\/\/schema.org","@graph":[{"@type":"WebPage","@id":"https:\/\/nirigs.com\/product\/shea-moisture-box-eau-de-riz-pourpre\/","url":"https:\/\/nirigs.com\/product\/shea-moisture-box-eau-de-riz-pourpre\/","name":"Shea Moisture - Box Eau de Riz Pourpre - NIRIGS","isPartOf":{"@id":"https:\/\/nirigs.com\/#website"},"primaryImageOfPage":{"@id":"https:\/\/nirigs.com\/product\/shea-moisture-box-eau-de-riz-pourpre\/#primaryimage"},"image":{"@id":"https:\/\/nirigs.com\/product\/shea-moisture-box-eau-de-riz-pourpre\/#primaryimage"},"thumbnailUrl":"https:\/\/nirigs.com\/wp-content\/uploads\/2024\/02\/Shea-Moisture-\u2013-Boite-deau-de-riz-violet-naturelle-\u2013-227-g.jpg","datePublished":"2024-02-25T12:27:31+00:00","dateModified":"2026-03-04T15:05:34+00:00","breadcrumb":{"@id":"https:\/\/nirigs.com\/product\/shea-moisture-box-eau-de-riz-pourpre\/#breadcrumb"},"inLanguage":"en-US","potentialAction":[{"@type":"ReadAction","target":["https:\/\/nirigs.com\/product\/shea-moisture-box-eau-de-riz-pourpre\/"]}]},{"@type":"ImageObject","inLanguage":"en-US","@id":"https:\/\/nirigs.com\/product\/shea-moisture-box-eau-de-riz-pourpre\/#primaryimage","url":"https:\/\/nirigs.com\/wp-content\/uploads\/2024\/02\/Shea-Moisture-\u2013-Boite-deau-de-riz-violet-naturelle-\u2013-227-g.jpg","contentUrl":"https:\/\/nirigs.com\/wp-content\/uploads\/2024\/02\/Shea-Moisture-\u2013-Boite-deau-de-riz-violet-naturelle-\u2013-227-g.jpg","width":1000,"height":1000},{"@type":"BreadcrumbList","@id":"https:\/\/nirigs.com\/product\/shea-moisture-box-eau-de-riz-pourpre\/#breadcrumb","itemListElement":[{"@type":"ListItem","position":1,"name":"Home","item":"https:\/\/nirigs.com\/"},{"@type":"ListItem","position":2,"name":"Parcourir","item":"https:\/\/nirigs.com\/boutique\/"},{"@type":"ListItem","position":3,"name":"Shea Moisture &#8211; Box Eau de Riz Pourpre"}]},{"@type":"WebSite","@id":"https:\/\/nirigs.com\/#website","url":"https:\/\/nirigs.com\/","name":"Nirigs.com","description":"Simplifiez vos achats du quotidien \u00e0 Djibouti","publisher":{"@id":"https:\/\/nirigs.com\/#organization"},"potentialAction":[{"@type":"SearchAction","target":{"@type":"EntryPoint","urlTemplate":"https:\/\/nirigs.com\/?s={search_term_string}"},"query-input":{"@type":"PropertyValueSpecification","valueRequired":true,"valueName":"search_term_string"}}],"inLanguage":"en-US"},{"@type":"Organization","@id":"https:\/\/nirigs.com\/#organization","name":"Nirigs","url":"https:\/\/nirigs.com\/","logo":{"@type":"ImageObject","inLanguage":"en-US","@id":"https:\/\/nirigs.com\/#\/schema\/logo\/image\/","url":"https:\/\/nirigs.com\/wp-content\/uploads\/2025\/04\/Design-sans-titre-27.png","contentUrl":"https:\/\/nirigs.com\/wp-content\/uploads\/2025\/04\/Design-sans-titre-27.png","width":500,"height":500,"caption":"Nirigs"},"image":{"@id":"https:\/\/nirigs.com\/#\/schema\/logo\/image\/"}}]}},"brands":[{"id":775,"name":"Shea Moisture","slug":"shea-moisture"}],"_links":{"self":[{"href":"https:\/\/nirigs.com\/en\/wp-json\/wp\/v2\/product\/17537","targetHints":{"allow":["GET"]}}],"collection":[{"href":"https:\/\/nirigs.com\/en\/wp-json\/wp\/v2\/product"}],"about":[{"href":"https:\/\/nirigs.com\/en\/wp-json\/wp\/v2\/types\/product"}],"replies":[{"embeddable":true,"href":"https:\/\/nirigs.com\/en\/wp-json\/wp\/v2\/comments?post=17537"}],"version-history":[{"count":6,"href":"https:\/\/nirigs.com\/en\/wp-json\/wp\/v2\/product\/17537\/revisions"}],"predecessor-version":[{"id":24092,"href":"https:\/\/nirigs.com\/en\/wp-json\/wp\/v2\/product\/17537\/revisions\/24092"}],"wp:featuredmedia":[{"embeddable":true,"href":"https:\/\/nirigs.com\/en\/wp-json\/wp\/v2\/media\/24094"}],"wp:attachment":[{"href":"https:\/\/nirigs.com\/en\/wp-json\/wp\/v2\/media?parent=17537"}],"wp:term":[{"taxonomy":"pwb-brand","embeddable":true,"href":"https:\/\/nirigs.com\/en\/wp-json\/wp\/v2\/pwb-brand?post=17537"},{"taxonomy":"product_brand","embeddable":true,"href":"https:\/\/nirigs.com\/en\/wp-json\/wp\/v2\/product_brand?post=17537"},{"taxonomy":"product_cat","embeddable":true,"href":"https:\/\/nirigs.com\/en\/wp-json\/wp\/v2\/product_cat?post=17537"},{"taxonomy":"product_tag","embeddable":true,"href":"https:\/\/nirigs.com\/en\/wp-json\/wp\/v2\/product_tag?post=17537"}],"curies":[{"name":"wp","href":"https:\/\/api.w.org\/{rel}","templated":true}]}}