{"id":17535,"date":"2024-02-25T15:07:09","date_gmt":"2024-02-25T12:07:09","guid":{"rendered":"https:\/\/nirigs.com\/product\/moisturising-repairing-box-manuka-honey-yogurt\/"},"modified":"2025-06-06T04:02:16","modified_gmt":"2025-06-06T01:02:16","slug":"moisturising-repairing-box-manuka-honey-yogurt","status":"publish","type":"product","link":"https:\/\/nirigs.com\/en\/product\/moisturising-repairing-box-manuka-honey-yogurt\/","title":{"rendered":"Shea Moisture - Moisturizing &amp; Repairing Set - Manuka Honey &amp; Yogurt"},"content":{"rendered":"<p>Le coffret hydratation et r\u00e9paration Manuka Honey &amp; Yaouth est con\u00e7u pour \u00eatre un traitement prot\u00e9ique pour les cheveux ab\u00eem\u00e9s, cette formule contient des prot\u00e9ines r\u00e9paratrices et des nutriments am\u00e9liorant la brillance. Formul\u00e9 avec du beurre de karit\u00e9 certifi\u00e9 biologique, il s&rsquo;appuie sur cette base hydratante puissante et offre encore plus d&rsquo;hydratation et de propri\u00e9t\u00e9s cicatrisantes des follicules pileux gr\u00e2ce au miel de Manuka ultra-hydratant.<\/p>\n<p>Les prot\u00e9ines proviennent de l&rsquo;ajout de poudre de yaourt et d&rsquo;extrait de yaourt, des prot\u00e9ines naturelles qui apportent leur propre richesse. Pour une ultra-hydratation suppl\u00e9mentaire, l&rsquo;huile de baobab, l&rsquo;huile de noix de coco et l&rsquo;huile de mafura sont incluses, cr\u00e9ant une formule r\u00e9paratrice facile et douce pour restaurer l&rsquo;hydratation et transformer les cheveux secs, am\u00e9liorant ainsi la douceur, la texture et la maniabilit\u00e9.<\/p>\n<p>Ce coffret comprend<\/p>\n<ul>\n<li>un shampoing.<\/li>\n<li>un apr\u00e8s-shampooing .<\/li>\n<li>un masque.<\/li>\n<\/ul>\n<p>SANS SULFATE &#8211; SANS SILICONE &#8211; SANS PARABEN &#8211; SANS HUILE MIN\u00c9RALE<\/p>","protected":false},"excerpt":{"rendered":"<p>Le coffret hydratation et r\u00e9paration Manuka Honey &amp; Yaouth est con\u00e7u pour \u00eatre un traitement prot\u00e9ique pour les cheveux ab\u00eem\u00e9s,<\/p>","protected":false},"featured_media":24099,"comment_status":"open","ping_status":"closed","template":"","meta":[],"pwb-brand":[775],"product_brand":[],"product_cat":[267,1022,1024],"product_tag":[],"class_list":{"0":"post-17535","1":"product","2":"type-product","3":"status-publish","4":"has-post-thumbnail","6":"pwb-brand-shea-moisture","7":"product_cat-beaute-et-soins","8":"product_cat-coiffures-et-soins-des-cheveux","9":"product_cat-soins-des-cheveux","11":"first","12":"instock","13":"sale","14":"shipping-taxable","15":"purchasable","16":"product-type-simple"},"yoast_head":"<!-- This site is optimized with the Yoast SEO plugin v27.1.1 - https:\/\/yoast.com\/product\/yoast-seo-wordpress\/ -->\n<title>Shea Moisture - Coffret Hydratant &amp; R\u00e9parateur - Miel de Manuka &amp; Yaourt - NIRIGS<\/title>\n<meta name=\"robots\" content=\"index, follow, max-snippet:-1, max-image-preview:large, max-video-preview:-1\" \/>\n<link rel=\"canonical\" href=\"https:\/\/nirigs.com\/en\/product\/moisturising-repairing-box-manuka-honey-yogurt\/\" \/>\n<meta property=\"og:locale\" content=\"en_US\" \/>\n<meta property=\"og:type\" content=\"article\" \/>\n<meta property=\"og:title\" content=\"Shea Moisture - Coffret Hydratant &amp; R\u00e9parateur - Miel de Manuka &amp; Yaourt - NIRIGS\" \/>\n<meta property=\"og:description\" content=\"Le coffret hydratation et r\u00e9paration Manuka Honey &amp; Yaouth est con\u00e7u pour \u00eatre un traitement prot\u00e9ique pour les cheveux ab\u00eem\u00e9s,\" \/>\n<meta property=\"og:url\" content=\"https:\/\/nirigs.com\/en\/product\/moisturising-repairing-box-manuka-honey-yogurt\/\" \/>\n<meta property=\"og:site_name\" content=\"NIRIGS\" \/>\n<meta property=\"article:modified_time\" content=\"2025-06-06T01:02:16+00:00\" \/>\n<meta property=\"og:image\" content=\"https:\/\/nirigs.com\/wp-content\/uploads\/2024\/02\/Shea-Moisture-\u2013-Coffret-Hydratant-Reparateur-\u2013-Miel-de-Manuka-Yaourt.jpg\" \/>\n\t<meta property=\"og:image:width\" content=\"1000\" \/>\n\t<meta property=\"og:image:height\" content=\"1000\" \/>\n\t<meta property=\"og:image:type\" content=\"image\/jpeg\" \/>\n<meta name=\"twitter:card\" content=\"summary_large_image\" \/>\n<meta name=\"twitter:label1\" content=\"Est. reading time\" \/>\n\t<meta name=\"twitter:data1\" content=\"1 minute\" \/>\n<script type=\"application\/ld+json\" class=\"yoast-schema-graph\">{\"@context\":\"https:\/\/schema.org\",\"@graph\":[{\"@type\":\"WebPage\",\"@id\":\"https:\/\/nirigs.com\/product\/moisturising-repairing-box-manuka-honey-yogurt\/\",\"url\":\"https:\/\/nirigs.com\/product\/moisturising-repairing-box-manuka-honey-yogurt\/\",\"name\":\"Shea Moisture - Coffret Hydratant &amp; R\u00e9parateur - Miel de Manuka &amp; Yaourt - NIRIGS\",\"isPartOf\":{\"@id\":\"https:\/\/nirigs.com\/#website\"},\"primaryImageOfPage\":{\"@id\":\"https:\/\/nirigs.com\/product\/moisturising-repairing-box-manuka-honey-yogurt\/#primaryimage\"},\"image\":{\"@id\":\"https:\/\/nirigs.com\/product\/moisturising-repairing-box-manuka-honey-yogurt\/#primaryimage\"},\"thumbnailUrl\":\"https:\/\/nirigs.com\/wp-content\/uploads\/2024\/02\/Shea-Moisture-\u2013-Coffret-Hydratant-Reparateur-\u2013-Miel-de-Manuka-Yaourt.jpg\",\"datePublished\":\"2024-02-25T12:07:09+00:00\",\"dateModified\":\"2025-06-06T01:02:16+00:00\",\"breadcrumb\":{\"@id\":\"https:\/\/nirigs.com\/product\/moisturising-repairing-box-manuka-honey-yogurt\/#breadcrumb\"},\"inLanguage\":\"en-US\",\"potentialAction\":[{\"@type\":\"ReadAction\",\"target\":[\"https:\/\/nirigs.com\/product\/moisturising-repairing-box-manuka-honey-yogurt\/\"]}]},{\"@type\":\"ImageObject\",\"inLanguage\":\"en-US\",\"@id\":\"https:\/\/nirigs.com\/product\/moisturising-repairing-box-manuka-honey-yogurt\/#primaryimage\",\"url\":\"https:\/\/nirigs.com\/wp-content\/uploads\/2024\/02\/Shea-Moisture-\u2013-Coffret-Hydratant-Reparateur-\u2013-Miel-de-Manuka-Yaourt.jpg\",\"contentUrl\":\"https:\/\/nirigs.com\/wp-content\/uploads\/2024\/02\/Shea-Moisture-\u2013-Coffret-Hydratant-Reparateur-\u2013-Miel-de-Manuka-Yaourt.jpg\",\"width\":1000,\"height\":1000},{\"@type\":\"BreadcrumbList\",\"@id\":\"https:\/\/nirigs.com\/product\/moisturising-repairing-box-manuka-honey-yogurt\/#breadcrumb\",\"itemListElement\":[{\"@type\":\"ListItem\",\"position\":1,\"name\":\"Home\",\"item\":\"https:\/\/nirigs.com\/\"},{\"@type\":\"ListItem\",\"position\":2,\"name\":\"Parcourir\",\"item\":\"https:\/\/nirigs.com\/boutique\/\"},{\"@type\":\"ListItem\",\"position\":3,\"name\":\"Shea Moisture &#8211; Coffret Hydratant &amp; R\u00e9parateur &#8211; Miel de Manuka &amp; Yaourt\"}]},{\"@type\":\"WebSite\",\"@id\":\"https:\/\/nirigs.com\/#website\",\"url\":\"https:\/\/nirigs.com\/\",\"name\":\"Nirigs.com\",\"description\":\"Simplifiez vos achats du quotidien \u00e0 Djibouti\",\"publisher\":{\"@id\":\"https:\/\/nirigs.com\/#organization\"},\"potentialAction\":[{\"@type\":\"SearchAction\",\"target\":{\"@type\":\"EntryPoint\",\"urlTemplate\":\"https:\/\/nirigs.com\/?s={search_term_string}\"},\"query-input\":{\"@type\":\"PropertyValueSpecification\",\"valueRequired\":true,\"valueName\":\"search_term_string\"}}],\"inLanguage\":\"en-US\"},{\"@type\":\"Organization\",\"@id\":\"https:\/\/nirigs.com\/#organization\",\"name\":\"Nirigs\",\"url\":\"https:\/\/nirigs.com\/\",\"logo\":{\"@type\":\"ImageObject\",\"inLanguage\":\"en-US\",\"@id\":\"https:\/\/nirigs.com\/#\/schema\/logo\/image\/\",\"url\":\"https:\/\/nirigs.com\/wp-content\/uploads\/2025\/04\/Design-sans-titre-27.png\",\"contentUrl\":\"https:\/\/nirigs.com\/wp-content\/uploads\/2025\/04\/Design-sans-titre-27.png\",\"width\":500,\"height\":500,\"caption\":\"Nirigs\"},\"image\":{\"@id\":\"https:\/\/nirigs.com\/#\/schema\/logo\/image\/\"}}]}<\/script>\n<!-- \/ Yoast SEO plugin. -->","yoast_head_json":{"title":"Shea Moisture - Coffret Hydratant &amp; R\u00e9parateur - Miel de Manuka &amp; Yaourt - NIRIGS","robots":{"index":"index","follow":"follow","max-snippet":"max-snippet:-1","max-image-preview":"max-image-preview:large","max-video-preview":"max-video-preview:-1"},"canonical":"https:\/\/nirigs.com\/en\/product\/moisturising-repairing-box-manuka-honey-yogurt\/","og_locale":"en_US","og_type":"article","og_title":"Shea Moisture - Coffret Hydratant &amp; R\u00e9parateur - Miel de Manuka &amp; Yaourt - NIRIGS","og_description":"Le coffret hydratation et r\u00e9paration Manuka Honey &amp; Yaouth est con\u00e7u pour \u00eatre un traitement prot\u00e9ique pour les cheveux ab\u00eem\u00e9s,","og_url":"https:\/\/nirigs.com\/en\/product\/moisturising-repairing-box-manuka-honey-yogurt\/","og_site_name":"NIRIGS","article_modified_time":"2025-06-06T01:02:16+00:00","og_image":[{"width":1000,"height":1000,"url":"https:\/\/nirigs.com\/wp-content\/uploads\/2024\/02\/Shea-Moisture-\u2013-Coffret-Hydratant-Reparateur-\u2013-Miel-de-Manuka-Yaourt.jpg","type":"image\/jpeg"}],"twitter_card":"summary_large_image","twitter_misc":{"Est. reading time":"1 minute"},"schema":{"@context":"https:\/\/schema.org","@graph":[{"@type":"WebPage","@id":"https:\/\/nirigs.com\/product\/moisturising-repairing-box-manuka-honey-yogurt\/","url":"https:\/\/nirigs.com\/product\/moisturising-repairing-box-manuka-honey-yogurt\/","name":"Shea Moisture - Coffret Hydratant &amp; R\u00e9parateur - Miel de Manuka &amp; Yaourt - NIRIGS","isPartOf":{"@id":"https:\/\/nirigs.com\/#website"},"primaryImageOfPage":{"@id":"https:\/\/nirigs.com\/product\/moisturising-repairing-box-manuka-honey-yogurt\/#primaryimage"},"image":{"@id":"https:\/\/nirigs.com\/product\/moisturising-repairing-box-manuka-honey-yogurt\/#primaryimage"},"thumbnailUrl":"https:\/\/nirigs.com\/wp-content\/uploads\/2024\/02\/Shea-Moisture-\u2013-Coffret-Hydratant-Reparateur-\u2013-Miel-de-Manuka-Yaourt.jpg","datePublished":"2024-02-25T12:07:09+00:00","dateModified":"2025-06-06T01:02:16+00:00","breadcrumb":{"@id":"https:\/\/nirigs.com\/product\/moisturising-repairing-box-manuka-honey-yogurt\/#breadcrumb"},"inLanguage":"en-US","potentialAction":[{"@type":"ReadAction","target":["https:\/\/nirigs.com\/product\/moisturising-repairing-box-manuka-honey-yogurt\/"]}]},{"@type":"ImageObject","inLanguage":"en-US","@id":"https:\/\/nirigs.com\/product\/moisturising-repairing-box-manuka-honey-yogurt\/#primaryimage","url":"https:\/\/nirigs.com\/wp-content\/uploads\/2024\/02\/Shea-Moisture-\u2013-Coffret-Hydratant-Reparateur-\u2013-Miel-de-Manuka-Yaourt.jpg","contentUrl":"https:\/\/nirigs.com\/wp-content\/uploads\/2024\/02\/Shea-Moisture-\u2013-Coffret-Hydratant-Reparateur-\u2013-Miel-de-Manuka-Yaourt.jpg","width":1000,"height":1000},{"@type":"BreadcrumbList","@id":"https:\/\/nirigs.com\/product\/moisturising-repairing-box-manuka-honey-yogurt\/#breadcrumb","itemListElement":[{"@type":"ListItem","position":1,"name":"Home","item":"https:\/\/nirigs.com\/"},{"@type":"ListItem","position":2,"name":"Parcourir","item":"https:\/\/nirigs.com\/boutique\/"},{"@type":"ListItem","position":3,"name":"Shea Moisture &#8211; Coffret Hydratant &amp; R\u00e9parateur &#8211; Miel de Manuka &amp; Yaourt"}]},{"@type":"WebSite","@id":"https:\/\/nirigs.com\/#website","url":"https:\/\/nirigs.com\/","name":"Nirigs.com","description":"Simplifiez vos achats du quotidien \u00e0 Djibouti","publisher":{"@id":"https:\/\/nirigs.com\/#organization"},"potentialAction":[{"@type":"SearchAction","target":{"@type":"EntryPoint","urlTemplate":"https:\/\/nirigs.com\/?s={search_term_string}"},"query-input":{"@type":"PropertyValueSpecification","valueRequired":true,"valueName":"search_term_string"}}],"inLanguage":"en-US"},{"@type":"Organization","@id":"https:\/\/nirigs.com\/#organization","name":"Nirigs","url":"https:\/\/nirigs.com\/","logo":{"@type":"ImageObject","inLanguage":"en-US","@id":"https:\/\/nirigs.com\/#\/schema\/logo\/image\/","url":"https:\/\/nirigs.com\/wp-content\/uploads\/2025\/04\/Design-sans-titre-27.png","contentUrl":"https:\/\/nirigs.com\/wp-content\/uploads\/2025\/04\/Design-sans-titre-27.png","width":500,"height":500,"caption":"Nirigs"},"image":{"@id":"https:\/\/nirigs.com\/#\/schema\/logo\/image\/"}}]}},"brands":[{"id":775,"name":"Shea Moisture","slug":"shea-moisture"}],"_links":{"self":[{"href":"https:\/\/nirigs.com\/en\/wp-json\/wp\/v2\/product\/17535","targetHints":{"allow":["GET"]}}],"collection":[{"href":"https:\/\/nirigs.com\/en\/wp-json\/wp\/v2\/product"}],"about":[{"href":"https:\/\/nirigs.com\/en\/wp-json\/wp\/v2\/types\/product"}],"replies":[{"embeddable":true,"href":"https:\/\/nirigs.com\/en\/wp-json\/wp\/v2\/comments?post=17535"}],"version-history":[{"count":6,"href":"https:\/\/nirigs.com\/en\/wp-json\/wp\/v2\/product\/17535\/revisions"}],"predecessor-version":[{"id":24097,"href":"https:\/\/nirigs.com\/en\/wp-json\/wp\/v2\/product\/17535\/revisions\/24097"}],"wp:featuredmedia":[{"embeddable":true,"href":"https:\/\/nirigs.com\/en\/wp-json\/wp\/v2\/media\/24099"}],"wp:attachment":[{"href":"https:\/\/nirigs.com\/en\/wp-json\/wp\/v2\/media?parent=17535"}],"wp:term":[{"taxonomy":"pwb-brand","embeddable":true,"href":"https:\/\/nirigs.com\/en\/wp-json\/wp\/v2\/pwb-brand?post=17535"},{"taxonomy":"product_brand","embeddable":true,"href":"https:\/\/nirigs.com\/en\/wp-json\/wp\/v2\/product_brand?post=17535"},{"taxonomy":"product_cat","embeddable":true,"href":"https:\/\/nirigs.com\/en\/wp-json\/wp\/v2\/product_cat?post=17535"},{"taxonomy":"product_tag","embeddable":true,"href":"https:\/\/nirigs.com\/en\/wp-json\/wp\/v2\/product_tag?post=17535"}],"curies":[{"name":"wp","href":"https:\/\/api.w.org\/{rel}","templated":true}]}}