{"id":17529,"date":"2024-02-25T14:47:28","date_gmt":"2024-02-25T11:47:28","guid":{"rendered":"https:\/\/nirigs.com\/product\/aunt-jackies-hair-oil-with-flaxseed-and-monoi-118-ml\/"},"modified":"2026-03-04T19:26:49","modified_gmt":"2026-03-04T16:26:49","slug":"aunt-jackies-huile-aux-graines-de-lin-et-monoi-118-ml","status":"publish","type":"product","link":"https:\/\/nirigs.com\/en\/product\/aunt-jackies-huile-aux-graines-de-lin-et-monoi-118-ml\/","title":{"rendered":"Aunt Jackie&rsquo;s &#8211; Huile aux graines de lin et mono\u00ef &#8211; 118 ml"},"content":{"rendered":"<p>L&rsquo;huile capillaire<strong>\u00a0NOURISH MY HAIR<\/strong>\u00a0de la marque\u00a0<strong>AUNT JACKIE&rsquo;S<\/strong>\u00a0est excellente pour pr\u00e9venir la casse ainsi que les fourches des cheveux.<\/p>\n<p>Elle redonne vitalit\u00e9 et \u00e9clat aux cheveux.<\/p>\n<p>Les cheveux seront plus doux, plus brillants et en meilleure sant\u00e9.<\/p>\n<p><strong>Id\u00e9ale pour les cheveux naturellement boucl\u00e9s, fris\u00e9s, ondul\u00e9s.<\/strong><\/p>\n<p><strong>Enrichie en monoi, graines de lin, en huiles de ricin et coco.<\/strong><\/p>\n<p><strong>Formule sans sulfate, sans paraben, sans huile min\u00e9rale et sans vaseline<\/strong><\/p>\n<p><strong>Contenance<\/strong> : 118ml.<\/p>\n<h4><strong>Use<\/strong><\/h4>\n<p>Mettre une petite quantit\u00e9 dans les mains puis frotter<\/p>\n<p>&#8211; Appliquer l&rsquo;huile des racines jusqu&rsquo;aux pointes des cheveux<\/p>\n<p>&#8211; Distribuer uniform\u00e9ment sur la chevelure.<\/p>\n<h4>Ingredients<\/h4>\n<p><em>Ricinus Communis Seed Oil, Glycine Soja Oil, Cocos Nucifera Oil, Cyclopentasiloxane, C12-15, Alkyl Benzoate, Parfum, Diphenylsiloxy Phenyl, Trimethicone, Simmondsia Chinensis Seed Oil, Vitis Vinifera Seed Oil, Linum Usitatissimum Seed Oil, Plumeria Actifolia Flower Extract, TBHQ, Daucus Carota Sativa Root Extract, Citric Acid, Coumarin.<\/em><\/p>","protected":false},"excerpt":{"rendered":"<p>L&rsquo;huile capillaire\u00a0NOURISH MY HAIR\u00a0de la marque\u00a0AUNT JACKIE&rsquo;S\u00a0est excellente pour pr\u00e9venir la casse ainsi que les fourches des cheveux. Elle redonne<\/p>","protected":false},"featured_media":24103,"comment_status":"open","ping_status":"closed","template":"","meta":[],"pwb-brand":[756],"product_brand":[],"product_cat":[267,1022,1023],"product_tag":[],"class_list":{"0":"post-17529","1":"product","2":"type-product","3":"status-publish","4":"has-post-thumbnail","6":"pwb-brand-aunt-jackies","7":"product_cat-beaute-et-soins","8":"product_cat-coiffures-et-soins-des-cheveux","9":"product_cat-huile-pour-cheveux","11":"first","12":"outofstock","13":"shipping-taxable","14":"purchasable","15":"product-type-simple"},"yoast_head":"<!-- This site is optimized with the Yoast SEO plugin v27.4 - https:\/\/yoast.com\/product\/yoast-seo-wordpress\/ -->\n<title>Aunt Jackie&#039;s - Huile aux graines de lin et mono\u00ef - 118 ml - NIRIGS<\/title>\n<meta name=\"robots\" content=\"index, follow, max-snippet:-1, max-image-preview:large, max-video-preview:-1\" \/>\n<link rel=\"canonical\" href=\"https:\/\/nirigs.com\/en\/product\/aunt-jackies-huile-aux-graines-de-lin-et-monoi-118-ml\/\" \/>\n<meta property=\"og:locale\" content=\"en_US\" \/>\n<meta property=\"og:type\" content=\"article\" \/>\n<meta property=\"og:title\" content=\"Aunt Jackie&#039;s - Huile aux graines de lin et mono\u00ef - 118 ml - NIRIGS\" \/>\n<meta property=\"og:description\" content=\"L&rsquo;huile capillaire\u00a0NOURISH MY HAIR\u00a0de la marque\u00a0AUNT JACKIE&rsquo;S\u00a0est excellente pour pr\u00e9venir la casse ainsi que les fourches des cheveux. Elle redonne\" \/>\n<meta property=\"og:url\" content=\"https:\/\/nirigs.com\/en\/product\/aunt-jackies-huile-aux-graines-de-lin-et-monoi-118-ml\/\" \/>\n<meta property=\"og:site_name\" content=\"NIRIGS\" \/>\n<meta property=\"article:modified_time\" content=\"2026-03-04T16:26:49+00:00\" \/>\n<meta property=\"og:image\" content=\"https:\/\/nirigs.com\/wp-content\/uploads\/2024\/02\/Aunt-Jackies-\u2013-Huile-capillaire-aux-graines-de-lin-et-au-monoi-\u2013-118-ml.jpg\" \/>\n\t<meta property=\"og:image:width\" content=\"1000\" \/>\n\t<meta property=\"og:image:height\" content=\"1000\" \/>\n\t<meta property=\"og:image:type\" content=\"image\/jpeg\" \/>\n<meta name=\"twitter:card\" content=\"summary_large_image\" \/>\n<meta name=\"twitter:label1\" content=\"Est. reading time\" \/>\n\t<meta name=\"twitter:data1\" content=\"1 minute\" \/>\n<script type=\"application\/ld+json\" class=\"yoast-schema-graph\">{\"@context\":\"https:\\\/\\\/schema.org\",\"@graph\":[{\"@type\":\"WebPage\",\"@id\":\"https:\\\/\\\/nirigs.com\\\/product\\\/aunt-jackies-huile-aux-graines-de-lin-et-monoi-118-ml\\\/\",\"url\":\"https:\\\/\\\/nirigs.com\\\/product\\\/aunt-jackies-huile-aux-graines-de-lin-et-monoi-118-ml\\\/\",\"name\":\"Aunt Jackie's - Huile aux graines de lin et mono\u00ef - 118 ml - NIRIGS\",\"isPartOf\":{\"@id\":\"https:\\\/\\\/nirigs.com\\\/#website\"},\"primaryImageOfPage\":{\"@id\":\"https:\\\/\\\/nirigs.com\\\/product\\\/aunt-jackies-huile-aux-graines-de-lin-et-monoi-118-ml\\\/#primaryimage\"},\"image\":{\"@id\":\"https:\\\/\\\/nirigs.com\\\/product\\\/aunt-jackies-huile-aux-graines-de-lin-et-monoi-118-ml\\\/#primaryimage\"},\"thumbnailUrl\":\"https:\\\/\\\/nirigs.com\\\/wp-content\\\/uploads\\\/2024\\\/02\\\/Aunt-Jackies-\u2013-Huile-capillaire-aux-graines-de-lin-et-au-monoi-\u2013-118-ml.jpg\",\"datePublished\":\"2024-02-25T11:47:28+00:00\",\"dateModified\":\"2026-03-04T16:26:49+00:00\",\"breadcrumb\":{\"@id\":\"https:\\\/\\\/nirigs.com\\\/product\\\/aunt-jackies-huile-aux-graines-de-lin-et-monoi-118-ml\\\/#breadcrumb\"},\"inLanguage\":\"en-US\",\"potentialAction\":[{\"@type\":\"ReadAction\",\"target\":[\"https:\\\/\\\/nirigs.com\\\/product\\\/aunt-jackies-huile-aux-graines-de-lin-et-monoi-118-ml\\\/\"]}]},{\"@type\":\"ImageObject\",\"inLanguage\":\"en-US\",\"@id\":\"https:\\\/\\\/nirigs.com\\\/product\\\/aunt-jackies-huile-aux-graines-de-lin-et-monoi-118-ml\\\/#primaryimage\",\"url\":\"https:\\\/\\\/nirigs.com\\\/wp-content\\\/uploads\\\/2024\\\/02\\\/Aunt-Jackies-\u2013-Huile-capillaire-aux-graines-de-lin-et-au-monoi-\u2013-118-ml.jpg\",\"contentUrl\":\"https:\\\/\\\/nirigs.com\\\/wp-content\\\/uploads\\\/2024\\\/02\\\/Aunt-Jackies-\u2013-Huile-capillaire-aux-graines-de-lin-et-au-monoi-\u2013-118-ml.jpg\",\"width\":1000,\"height\":1000},{\"@type\":\"BreadcrumbList\",\"@id\":\"https:\\\/\\\/nirigs.com\\\/product\\\/aunt-jackies-huile-aux-graines-de-lin-et-monoi-118-ml\\\/#breadcrumb\",\"itemListElement\":[{\"@type\":\"ListItem\",\"position\":1,\"name\":\"Home\",\"item\":\"https:\\\/\\\/nirigs.com\\\/\"},{\"@type\":\"ListItem\",\"position\":2,\"name\":\"Parcourir\",\"item\":\"https:\\\/\\\/nirigs.com\\\/boutique\\\/\"},{\"@type\":\"ListItem\",\"position\":3,\"name\":\"Aunt Jackie&rsquo;s &#8211; Huile aux graines de lin et mono\u00ef &#8211; 118 ml\"}]},{\"@type\":\"WebSite\",\"@id\":\"https:\\\/\\\/nirigs.com\\\/#website\",\"url\":\"https:\\\/\\\/nirigs.com\\\/\",\"name\":\"Nirigs.com\",\"description\":\"Simplifiez vos achats du quotidien \u00e0 Djibouti\",\"publisher\":{\"@id\":\"https:\\\/\\\/nirigs.com\\\/#organization\"},\"potentialAction\":[{\"@type\":\"SearchAction\",\"target\":{\"@type\":\"EntryPoint\",\"urlTemplate\":\"https:\\\/\\\/nirigs.com\\\/?s={search_term_string}\"},\"query-input\":{\"@type\":\"PropertyValueSpecification\",\"valueRequired\":true,\"valueName\":\"search_term_string\"}}],\"inLanguage\":\"en-US\"},{\"@type\":\"Organization\",\"@id\":\"https:\\\/\\\/nirigs.com\\\/#organization\",\"name\":\"Nirigs\",\"url\":\"https:\\\/\\\/nirigs.com\\\/\",\"logo\":{\"@type\":\"ImageObject\",\"inLanguage\":\"en-US\",\"@id\":\"https:\\\/\\\/nirigs.com\\\/#\\\/schema\\\/logo\\\/image\\\/\",\"url\":\"https:\\\/\\\/nirigs.com\\\/wp-content\\\/uploads\\\/2025\\\/04\\\/Design-sans-titre-27.png\",\"contentUrl\":\"https:\\\/\\\/nirigs.com\\\/wp-content\\\/uploads\\\/2025\\\/04\\\/Design-sans-titre-27.png\",\"width\":500,\"height\":500,\"caption\":\"Nirigs\"},\"image\":{\"@id\":\"https:\\\/\\\/nirigs.com\\\/#\\\/schema\\\/logo\\\/image\\\/\"}}]}<\/script>\n<!-- \/ Yoast SEO plugin. -->","yoast_head_json":{"title":"Aunt Jackie's - Huile aux graines de lin et mono\u00ef - 118 ml - NIRIGS","robots":{"index":"index","follow":"follow","max-snippet":"max-snippet:-1","max-image-preview":"max-image-preview:large","max-video-preview":"max-video-preview:-1"},"canonical":"https:\/\/nirigs.com\/en\/product\/aunt-jackies-huile-aux-graines-de-lin-et-monoi-118-ml\/","og_locale":"en_US","og_type":"article","og_title":"Aunt Jackie's - Huile aux graines de lin et mono\u00ef - 118 ml - NIRIGS","og_description":"L&rsquo;huile capillaire\u00a0NOURISH MY HAIR\u00a0de la marque\u00a0AUNT JACKIE&rsquo;S\u00a0est excellente pour pr\u00e9venir la casse ainsi que les fourches des cheveux. Elle redonne","og_url":"https:\/\/nirigs.com\/en\/product\/aunt-jackies-huile-aux-graines-de-lin-et-monoi-118-ml\/","og_site_name":"NIRIGS","article_modified_time":"2026-03-04T16:26:49+00:00","og_image":[{"width":1000,"height":1000,"url":"https:\/\/nirigs.com\/wp-content\/uploads\/2024\/02\/Aunt-Jackies-\u2013-Huile-capillaire-aux-graines-de-lin-et-au-monoi-\u2013-118-ml.jpg","type":"image\/jpeg"}],"twitter_card":"summary_large_image","twitter_misc":{"Est. reading time":"1 minute"},"schema":{"@context":"https:\/\/schema.org","@graph":[{"@type":"WebPage","@id":"https:\/\/nirigs.com\/product\/aunt-jackies-huile-aux-graines-de-lin-et-monoi-118-ml\/","url":"https:\/\/nirigs.com\/product\/aunt-jackies-huile-aux-graines-de-lin-et-monoi-118-ml\/","name":"Aunt Jackie's - Huile aux graines de lin et mono\u00ef - 118 ml - NIRIGS","isPartOf":{"@id":"https:\/\/nirigs.com\/#website"},"primaryImageOfPage":{"@id":"https:\/\/nirigs.com\/product\/aunt-jackies-huile-aux-graines-de-lin-et-monoi-118-ml\/#primaryimage"},"image":{"@id":"https:\/\/nirigs.com\/product\/aunt-jackies-huile-aux-graines-de-lin-et-monoi-118-ml\/#primaryimage"},"thumbnailUrl":"https:\/\/nirigs.com\/wp-content\/uploads\/2024\/02\/Aunt-Jackies-\u2013-Huile-capillaire-aux-graines-de-lin-et-au-monoi-\u2013-118-ml.jpg","datePublished":"2024-02-25T11:47:28+00:00","dateModified":"2026-03-04T16:26:49+00:00","breadcrumb":{"@id":"https:\/\/nirigs.com\/product\/aunt-jackies-huile-aux-graines-de-lin-et-monoi-118-ml\/#breadcrumb"},"inLanguage":"en-US","potentialAction":[{"@type":"ReadAction","target":["https:\/\/nirigs.com\/product\/aunt-jackies-huile-aux-graines-de-lin-et-monoi-118-ml\/"]}]},{"@type":"ImageObject","inLanguage":"en-US","@id":"https:\/\/nirigs.com\/product\/aunt-jackies-huile-aux-graines-de-lin-et-monoi-118-ml\/#primaryimage","url":"https:\/\/nirigs.com\/wp-content\/uploads\/2024\/02\/Aunt-Jackies-\u2013-Huile-capillaire-aux-graines-de-lin-et-au-monoi-\u2013-118-ml.jpg","contentUrl":"https:\/\/nirigs.com\/wp-content\/uploads\/2024\/02\/Aunt-Jackies-\u2013-Huile-capillaire-aux-graines-de-lin-et-au-monoi-\u2013-118-ml.jpg","width":1000,"height":1000},{"@type":"BreadcrumbList","@id":"https:\/\/nirigs.com\/product\/aunt-jackies-huile-aux-graines-de-lin-et-monoi-118-ml\/#breadcrumb","itemListElement":[{"@type":"ListItem","position":1,"name":"Home","item":"https:\/\/nirigs.com\/"},{"@type":"ListItem","position":2,"name":"Parcourir","item":"https:\/\/nirigs.com\/boutique\/"},{"@type":"ListItem","position":3,"name":"Aunt Jackie&rsquo;s &#8211; Huile aux graines de lin et mono\u00ef &#8211; 118 ml"}]},{"@type":"WebSite","@id":"https:\/\/nirigs.com\/#website","url":"https:\/\/nirigs.com\/","name":"Nirigs.com","description":"Simplifiez vos achats du quotidien \u00e0 Djibouti","publisher":{"@id":"https:\/\/nirigs.com\/#organization"},"potentialAction":[{"@type":"SearchAction","target":{"@type":"EntryPoint","urlTemplate":"https:\/\/nirigs.com\/?s={search_term_string}"},"query-input":{"@type":"PropertyValueSpecification","valueRequired":true,"valueName":"search_term_string"}}],"inLanguage":"en-US"},{"@type":"Organization","@id":"https:\/\/nirigs.com\/#organization","name":"Nirigs","url":"https:\/\/nirigs.com\/","logo":{"@type":"ImageObject","inLanguage":"en-US","@id":"https:\/\/nirigs.com\/#\/schema\/logo\/image\/","url":"https:\/\/nirigs.com\/wp-content\/uploads\/2025\/04\/Design-sans-titre-27.png","contentUrl":"https:\/\/nirigs.com\/wp-content\/uploads\/2025\/04\/Design-sans-titre-27.png","width":500,"height":500,"caption":"Nirigs"},"image":{"@id":"https:\/\/nirigs.com\/#\/schema\/logo\/image\/"}}]}},"brands":[{"id":756,"name":"Aunt Jackie's","slug":"aunt-jackies"}],"_links":{"self":[{"href":"https:\/\/nirigs.com\/en\/wp-json\/wp\/v2\/product\/17529","targetHints":{"allow":["GET"]}}],"collection":[{"href":"https:\/\/nirigs.com\/en\/wp-json\/wp\/v2\/product"}],"about":[{"href":"https:\/\/nirigs.com\/en\/wp-json\/wp\/v2\/types\/product"}],"replies":[{"embeddable":true,"href":"https:\/\/nirigs.com\/en\/wp-json\/wp\/v2\/comments?post=17529"}],"version-history":[{"count":5,"href":"https:\/\/nirigs.com\/en\/wp-json\/wp\/v2\/product\/17529\/revisions"}],"predecessor-version":[{"id":27626,"href":"https:\/\/nirigs.com\/en\/wp-json\/wp\/v2\/product\/17529\/revisions\/27626"}],"wp:featuredmedia":[{"embeddable":true,"href":"https:\/\/nirigs.com\/en\/wp-json\/wp\/v2\/media\/24103"}],"wp:attachment":[{"href":"https:\/\/nirigs.com\/en\/wp-json\/wp\/v2\/media?parent=17529"}],"wp:term":[{"taxonomy":"pwb-brand","embeddable":true,"href":"https:\/\/nirigs.com\/en\/wp-json\/wp\/v2\/pwb-brand?post=17529"},{"taxonomy":"product_brand","embeddable":true,"href":"https:\/\/nirigs.com\/en\/wp-json\/wp\/v2\/product_brand?post=17529"},{"taxonomy":"product_cat","embeddable":true,"href":"https:\/\/nirigs.com\/en\/wp-json\/wp\/v2\/product_cat?post=17529"},{"taxonomy":"product_tag","embeddable":true,"href":"https:\/\/nirigs.com\/en\/wp-json\/wp\/v2\/product_tag?post=17529"}],"curies":[{"name":"wp","href":"https:\/\/api.w.org\/{rel}","templated":true}]}}