{"id":17527,"date":"2024-02-25T14:38:25","date_gmt":"2024-02-25T11:38:25","guid":{"rendered":"https:\/\/nirigs.com\/product\/cantu-avocado-after-shampoo-400-ml\/"},"modified":"2025-03-14T21:41:44","modified_gmt":"2025-03-14T18:41:44","slug":"cantu-avocado-after-shampoo-400-ml","status":"publish","type":"product","link":"https:\/\/nirigs.com\/en\/product\/cantu-avocado-after-shampoo-400-ml\/","title":{"rendered":"Cantu - Avocado Conditioner - 400 ml"},"content":{"rendered":"<p>D\u00e9m\u00ealez en douceur vos\u00a0<strong>cheveux secs, ab\u00eem\u00e9s ou fragiles<\/strong>\u00a0gr\u00e2ce \u00e0 l&rsquo;<strong>Apr\u00e8s-shampoing Conditioner Avocado Cantu<\/strong>.<\/p>\n<p>Enrichi en huile d&rsquo;Avocat, Hydrating Conditioner limite la casse de vos longueurs en assouplissant la fibre capillaire apr\u00e8s le shampoing. Prendre soin de vos cheveux redevient un plaisir !<\/p>\n<ul>\n<li><strong>Hydrate et Assouplit<\/strong>\u00a0gr\u00e2ce \u00e0 sa formule riche en huile d&rsquo;Avocat adoucissant<\/li>\n<li><strong>Facilite le d\u00e9m\u00ealage<\/strong>\u00a0des cheveux secs, cassant et fragiles<\/li>\n<li>Apr\u00e8s-shampoing\u00a0<strong>Sans silicone<\/strong><\/li>\n<\/ul>\n<p>Vos cheveux sont doux et soyeux apr\u00e8s le shampoing, pr\u00eats \u00e0 coiffer selon vos envies.<\/p>\n<h4>Use<\/h4>\n<p>Pour de meilleurs r\u00e9sultats, utilisez apr\u00e8s le Shampooing hydratant \u00e0 l\u2019avocat Cantu et laissez agir 3 \u00e0 5 minutes pour une hydratation plus intense.<\/p>\n<h4>Ingredients<\/h4>\n<p>Aqua (Water), Cetyl Alcohol, Persea Gratissima (Avocado) Oil, Stearamidopropyl Dimethylamine, Glyceryl Stearate, Arachidyl Alcohol, Stearyl Alcohol, Butyrospermum Parkii (Shea) Butter, Parfum (Fragrance), Neopentyl Glycol Diheptanoate, Phenoxyethanol, Ethylhexylglycerin, Lactic Acid, Isododecane, Polyester-11, Disodium EDTA, Panthenol, Benzyl salicylate, Geraniol, Hexyl cinnamal, Linalool.<\/p>","protected":false},"excerpt":{"rendered":"<p>D\u00e9m\u00ealez en douceur vos\u00a0cheveux secs, ab\u00eem\u00e9s ou fragiles\u00a0gr\u00e2ce \u00e0 l&rsquo;Apr\u00e8s-shampoing Conditioner Avocado Cantu. Enrichi en huile d&rsquo;Avocat, Hydrating Conditioner limite<\/p>","protected":false},"featured_media":24116,"comment_status":"open","ping_status":"closed","template":"","meta":[],"pwb-brand":[758],"product_brand":[],"product_cat":[1025,267,1022,1024],"product_tag":[],"class_list":{"0":"post-17527","1":"product","2":"type-product","3":"status-publish","4":"has-post-thumbnail","6":"pwb-brand-cantu","7":"product_cat-apres-shampooings","8":"product_cat-beaute-et-soins","9":"product_cat-coiffures-et-soins-des-cheveux","10":"product_cat-soins-des-cheveux","12":"first","13":"instock","14":"shipping-taxable","15":"purchasable","16":"product-type-simple"},"yoast_head":"<!-- This site is optimized with the Yoast SEO plugin v27.1.1 - https:\/\/yoast.com\/product\/yoast-seo-wordpress\/ -->\n<title>Cantu - Apr\u00e8s Shampooing Avocat - 400 ml - NIRIGS<\/title>\n<meta name=\"robots\" content=\"index, follow, max-snippet:-1, max-image-preview:large, max-video-preview:-1\" \/>\n<link rel=\"canonical\" href=\"https:\/\/nirigs.com\/en\/product\/cantu-avocado-after-shampoo-400-ml\/\" \/>\n<meta property=\"og:locale\" content=\"en_US\" \/>\n<meta property=\"og:type\" content=\"article\" \/>\n<meta property=\"og:title\" content=\"Cantu - Apr\u00e8s Shampooing Avocat - 400 ml - NIRIGS\" \/>\n<meta property=\"og:description\" content=\"D\u00e9m\u00ealez en douceur vos\u00a0cheveux secs, ab\u00eem\u00e9s ou fragiles\u00a0gr\u00e2ce \u00e0 l&rsquo;Apr\u00e8s-shampoing Conditioner Avocado Cantu. Enrichi en huile d&rsquo;Avocat, Hydrating Conditioner limite\" \/>\n<meta property=\"og:url\" content=\"https:\/\/nirigs.com\/en\/product\/cantu-avocado-after-shampoo-400-ml\/\" \/>\n<meta property=\"og:site_name\" content=\"NIRIGS\" \/>\n<meta property=\"article:modified_time\" content=\"2025-03-14T18:41:44+00:00\" \/>\n<meta property=\"og:image\" content=\"https:\/\/nirigs.com\/wp-content\/uploads\/2024\/02\/Cantu-\u2013-Apres-Shampooing-Avocat-\u2013-400-ml.jpg\" \/>\n\t<meta property=\"og:image:width\" content=\"1000\" \/>\n\t<meta property=\"og:image:height\" content=\"1000\" \/>\n\t<meta property=\"og:image:type\" content=\"image\/jpeg\" \/>\n<meta name=\"twitter:card\" content=\"summary_large_image\" \/>\n<meta name=\"twitter:label1\" content=\"Est. reading time\" \/>\n\t<meta name=\"twitter:data1\" content=\"1 minute\" \/>\n<script type=\"application\/ld+json\" class=\"yoast-schema-graph\">{\"@context\":\"https:\/\/schema.org\",\"@graph\":[{\"@type\":\"WebPage\",\"@id\":\"https:\/\/nirigs.com\/product\/cantu-avocado-after-shampoo-400-ml\/\",\"url\":\"https:\/\/nirigs.com\/product\/cantu-avocado-after-shampoo-400-ml\/\",\"name\":\"Cantu - Apr\u00e8s Shampooing Avocat - 400 ml - NIRIGS\",\"isPartOf\":{\"@id\":\"https:\/\/nirigs.com\/#website\"},\"primaryImageOfPage\":{\"@id\":\"https:\/\/nirigs.com\/product\/cantu-avocado-after-shampoo-400-ml\/#primaryimage\"},\"image\":{\"@id\":\"https:\/\/nirigs.com\/product\/cantu-avocado-after-shampoo-400-ml\/#primaryimage\"},\"thumbnailUrl\":\"https:\/\/nirigs.com\/wp-content\/uploads\/2024\/02\/Cantu-\u2013-Apres-Shampooing-Avocat-\u2013-400-ml.jpg\",\"datePublished\":\"2024-02-25T11:38:25+00:00\",\"dateModified\":\"2025-03-14T18:41:44+00:00\",\"breadcrumb\":{\"@id\":\"https:\/\/nirigs.com\/product\/cantu-avocado-after-shampoo-400-ml\/#breadcrumb\"},\"inLanguage\":\"en-US\",\"potentialAction\":[{\"@type\":\"ReadAction\",\"target\":[\"https:\/\/nirigs.com\/product\/cantu-avocado-after-shampoo-400-ml\/\"]}]},{\"@type\":\"ImageObject\",\"inLanguage\":\"en-US\",\"@id\":\"https:\/\/nirigs.com\/product\/cantu-avocado-after-shampoo-400-ml\/#primaryimage\",\"url\":\"https:\/\/nirigs.com\/wp-content\/uploads\/2024\/02\/Cantu-\u2013-Apres-Shampooing-Avocat-\u2013-400-ml.jpg\",\"contentUrl\":\"https:\/\/nirigs.com\/wp-content\/uploads\/2024\/02\/Cantu-\u2013-Apres-Shampooing-Avocat-\u2013-400-ml.jpg\",\"width\":1000,\"height\":1000},{\"@type\":\"BreadcrumbList\",\"@id\":\"https:\/\/nirigs.com\/product\/cantu-avocado-after-shampoo-400-ml\/#breadcrumb\",\"itemListElement\":[{\"@type\":\"ListItem\",\"position\":1,\"name\":\"Home\",\"item\":\"https:\/\/nirigs.com\/\"},{\"@type\":\"ListItem\",\"position\":2,\"name\":\"Parcourir\",\"item\":\"https:\/\/nirigs.com\/boutique\/\"},{\"@type\":\"ListItem\",\"position\":3,\"name\":\"Cantu &#8211; Apr\u00e8s Shampooing Avocat &#8211; 400 ml\"}]},{\"@type\":\"WebSite\",\"@id\":\"https:\/\/nirigs.com\/#website\",\"url\":\"https:\/\/nirigs.com\/\",\"name\":\"Nirigs.com\",\"description\":\"Simplifiez vos achats du quotidien \u00e0 Djibouti\",\"publisher\":{\"@id\":\"https:\/\/nirigs.com\/#organization\"},\"potentialAction\":[{\"@type\":\"SearchAction\",\"target\":{\"@type\":\"EntryPoint\",\"urlTemplate\":\"https:\/\/nirigs.com\/?s={search_term_string}\"},\"query-input\":{\"@type\":\"PropertyValueSpecification\",\"valueRequired\":true,\"valueName\":\"search_term_string\"}}],\"inLanguage\":\"en-US\"},{\"@type\":\"Organization\",\"@id\":\"https:\/\/nirigs.com\/#organization\",\"name\":\"Nirigs\",\"url\":\"https:\/\/nirigs.com\/\",\"logo\":{\"@type\":\"ImageObject\",\"inLanguage\":\"en-US\",\"@id\":\"https:\/\/nirigs.com\/#\/schema\/logo\/image\/\",\"url\":\"https:\/\/nirigs.com\/wp-content\/uploads\/2025\/04\/Design-sans-titre-27.png\",\"contentUrl\":\"https:\/\/nirigs.com\/wp-content\/uploads\/2025\/04\/Design-sans-titre-27.png\",\"width\":500,\"height\":500,\"caption\":\"Nirigs\"},\"image\":{\"@id\":\"https:\/\/nirigs.com\/#\/schema\/logo\/image\/\"}}]}<\/script>\n<!-- \/ Yoast SEO plugin. -->","yoast_head_json":{"title":"Cantu - Apr\u00e8s Shampooing Avocat - 400 ml - NIRIGS","robots":{"index":"index","follow":"follow","max-snippet":"max-snippet:-1","max-image-preview":"max-image-preview:large","max-video-preview":"max-video-preview:-1"},"canonical":"https:\/\/nirigs.com\/en\/product\/cantu-avocado-after-shampoo-400-ml\/","og_locale":"en_US","og_type":"article","og_title":"Cantu - Apr\u00e8s Shampooing Avocat - 400 ml - NIRIGS","og_description":"D\u00e9m\u00ealez en douceur vos\u00a0cheveux secs, ab\u00eem\u00e9s ou fragiles\u00a0gr\u00e2ce \u00e0 l&rsquo;Apr\u00e8s-shampoing Conditioner Avocado Cantu. Enrichi en huile d&rsquo;Avocat, Hydrating Conditioner limite","og_url":"https:\/\/nirigs.com\/en\/product\/cantu-avocado-after-shampoo-400-ml\/","og_site_name":"NIRIGS","article_modified_time":"2025-03-14T18:41:44+00:00","og_image":[{"width":1000,"height":1000,"url":"https:\/\/nirigs.com\/wp-content\/uploads\/2024\/02\/Cantu-\u2013-Apres-Shampooing-Avocat-\u2013-400-ml.jpg","type":"image\/jpeg"}],"twitter_card":"summary_large_image","twitter_misc":{"Est. reading time":"1 minute"},"schema":{"@context":"https:\/\/schema.org","@graph":[{"@type":"WebPage","@id":"https:\/\/nirigs.com\/product\/cantu-avocado-after-shampoo-400-ml\/","url":"https:\/\/nirigs.com\/product\/cantu-avocado-after-shampoo-400-ml\/","name":"Cantu - Apr\u00e8s Shampooing Avocat - 400 ml - NIRIGS","isPartOf":{"@id":"https:\/\/nirigs.com\/#website"},"primaryImageOfPage":{"@id":"https:\/\/nirigs.com\/product\/cantu-avocado-after-shampoo-400-ml\/#primaryimage"},"image":{"@id":"https:\/\/nirigs.com\/product\/cantu-avocado-after-shampoo-400-ml\/#primaryimage"},"thumbnailUrl":"https:\/\/nirigs.com\/wp-content\/uploads\/2024\/02\/Cantu-\u2013-Apres-Shampooing-Avocat-\u2013-400-ml.jpg","datePublished":"2024-02-25T11:38:25+00:00","dateModified":"2025-03-14T18:41:44+00:00","breadcrumb":{"@id":"https:\/\/nirigs.com\/product\/cantu-avocado-after-shampoo-400-ml\/#breadcrumb"},"inLanguage":"en-US","potentialAction":[{"@type":"ReadAction","target":["https:\/\/nirigs.com\/product\/cantu-avocado-after-shampoo-400-ml\/"]}]},{"@type":"ImageObject","inLanguage":"en-US","@id":"https:\/\/nirigs.com\/product\/cantu-avocado-after-shampoo-400-ml\/#primaryimage","url":"https:\/\/nirigs.com\/wp-content\/uploads\/2024\/02\/Cantu-\u2013-Apres-Shampooing-Avocat-\u2013-400-ml.jpg","contentUrl":"https:\/\/nirigs.com\/wp-content\/uploads\/2024\/02\/Cantu-\u2013-Apres-Shampooing-Avocat-\u2013-400-ml.jpg","width":1000,"height":1000},{"@type":"BreadcrumbList","@id":"https:\/\/nirigs.com\/product\/cantu-avocado-after-shampoo-400-ml\/#breadcrumb","itemListElement":[{"@type":"ListItem","position":1,"name":"Home","item":"https:\/\/nirigs.com\/"},{"@type":"ListItem","position":2,"name":"Parcourir","item":"https:\/\/nirigs.com\/boutique\/"},{"@type":"ListItem","position":3,"name":"Cantu &#8211; Apr\u00e8s Shampooing Avocat &#8211; 400 ml"}]},{"@type":"WebSite","@id":"https:\/\/nirigs.com\/#website","url":"https:\/\/nirigs.com\/","name":"Nirigs.com","description":"Simplifiez vos achats du quotidien \u00e0 Djibouti","publisher":{"@id":"https:\/\/nirigs.com\/#organization"},"potentialAction":[{"@type":"SearchAction","target":{"@type":"EntryPoint","urlTemplate":"https:\/\/nirigs.com\/?s={search_term_string}"},"query-input":{"@type":"PropertyValueSpecification","valueRequired":true,"valueName":"search_term_string"}}],"inLanguage":"en-US"},{"@type":"Organization","@id":"https:\/\/nirigs.com\/#organization","name":"Nirigs","url":"https:\/\/nirigs.com\/","logo":{"@type":"ImageObject","inLanguage":"en-US","@id":"https:\/\/nirigs.com\/#\/schema\/logo\/image\/","url":"https:\/\/nirigs.com\/wp-content\/uploads\/2025\/04\/Design-sans-titre-27.png","contentUrl":"https:\/\/nirigs.com\/wp-content\/uploads\/2025\/04\/Design-sans-titre-27.png","width":500,"height":500,"caption":"Nirigs"},"image":{"@id":"https:\/\/nirigs.com\/#\/schema\/logo\/image\/"}}]}},"brands":[{"id":758,"name":"Cantu","slug":"cantu"}],"_links":{"self":[{"href":"https:\/\/nirigs.com\/en\/wp-json\/wp\/v2\/product\/17527","targetHints":{"allow":["GET"]}}],"collection":[{"href":"https:\/\/nirigs.com\/en\/wp-json\/wp\/v2\/product"}],"about":[{"href":"https:\/\/nirigs.com\/en\/wp-json\/wp\/v2\/types\/product"}],"replies":[{"embeddable":true,"href":"https:\/\/nirigs.com\/en\/wp-json\/wp\/v2\/comments?post=17527"}],"version-history":[{"count":4,"href":"https:\/\/nirigs.com\/en\/wp-json\/wp\/v2\/product\/17527\/revisions"}],"predecessor-version":[{"id":24117,"href":"https:\/\/nirigs.com\/en\/wp-json\/wp\/v2\/product\/17527\/revisions\/24117"}],"wp:featuredmedia":[{"embeddable":true,"href":"https:\/\/nirigs.com\/en\/wp-json\/wp\/v2\/media\/24116"}],"wp:attachment":[{"href":"https:\/\/nirigs.com\/en\/wp-json\/wp\/v2\/media?parent=17527"}],"wp:term":[{"taxonomy":"pwb-brand","embeddable":true,"href":"https:\/\/nirigs.com\/en\/wp-json\/wp\/v2\/pwb-brand?post=17527"},{"taxonomy":"product_brand","embeddable":true,"href":"https:\/\/nirigs.com\/en\/wp-json\/wp\/v2\/product_brand?post=17527"},{"taxonomy":"product_cat","embeddable":true,"href":"https:\/\/nirigs.com\/en\/wp-json\/wp\/v2\/product_cat?post=17527"},{"taxonomy":"product_tag","embeddable":true,"href":"https:\/\/nirigs.com\/en\/wp-json\/wp\/v2\/product_tag?post=17527"}],"curies":[{"name":"wp","href":"https:\/\/api.w.org\/{rel}","templated":true}]}}