{"id":17455,"date":"2024-02-23T18:08:30","date_gmt":"2024-02-23T15:08:30","guid":{"rendered":"https:\/\/nirigs.com\/product\/e45-moisturizing-body-lotion-500ml\/"},"modified":"2025-03-14T21:41:57","modified_gmt":"2025-03-14T18:41:57","slug":"e45-moisturizing-body-lotion-500ml","status":"publish","type":"product","link":"https:\/\/nirigs.com\/en\/product\/e45-moisturizing-body-lotion-500ml\/","title":{"rendered":"E45 - Moisturizing body lotion - 500ml"},"content":{"rendered":"<ul class=\"a-unordered-list a-vertical a-spacing-mini\">\n<li class=\"a-spacing-mini\"><span class=\"a-list-item\">Les soins de la peau sec de longue dur\u00e9e &#8211; la lotion E45 est une lotion l\u00e9g\u00e8re et non comprim\u00e9e qui peut \u00eatre utilis\u00e9e partout dans le corps, y compris le visage, pour fournir des soins durables \u00e0 la peau s\u00e8che et sensible. Il s&rsquo;agit d&rsquo;un hydratant quotidien l\u00e9ger pour la peau s\u00e8che qui maintient votre peau douce et profond\u00e9ment hydrat\u00e9e. La lotion E45 a \u00e9t\u00e9 formul\u00e9e pour donner une hydratation profonde qui dure tout au long de la journ\u00e9e.<\/span><\/li>\n<\/ul>\n<p>&nbsp;<\/p>\n<ul class=\"a-unordered-list a-vertical a-spacing-mini\">\n<li class=\"a-spacing-mini\"><span class=\"a-list-item\">Test\u00e9 dermatologiquement &#8211; lotion formul\u00e9e par des experts en soins de la peau \u00e0 E45 sans parfum et test\u00e9 dermatologiquement, lotion hydratant appropri\u00e9e pour une peau m\u00eame sensible. La lotion E45 est cliniquement prouv\u00e9e pour aider \u00e0 prot\u00e9ger la peau contre la s\u00e9cheresse, \u00e0 apaiser la rugosit\u00e9, \u00e0 r\u00e9duire les rougeurs. En seulement 2 semaines, la lotion peut aider \u00e0 r\u00e9duire visiblement les rougeurs et \u00e0 am\u00e9liorer l&rsquo;apparence d&rsquo;une peau extr\u00eamement s\u00e8che et irritable.<\/span><\/li>\n<\/ul>\n<p>&nbsp;<\/p>\n<ul class=\"a-unordered-list a-vertical a-spacing-mini\">\n<li class=\"a-spacing-mini\"><span class=\"a-list-item\">Ingr\u00e9dients hydratants &#8211; Lotion E45 contient Medilan, qui est une forme purifi\u00e9e et hypoallerg\u00e9nique de lanoline avec d&rsquo;excellentes propri\u00e9t\u00e9s hydratantes. Il apaise, prot\u00e8ge et se soucie de votre peau. Cette lotion l\u00e9g\u00e8re est rapidement et facilement absorb\u00e9e pour garder votre peau douce, souple et hydrat\u00e9e. La formulation douce de la lotion E45 peut \u00eatre utilis\u00e9e quotidiennement sur une peau tr\u00e8s s\u00e8che et sensible et convient \u00e0 toute la famille, y compris des b\u00e9b\u00e9s sur 3 mois.<\/span><\/li>\n<\/ul>\n<p>&nbsp;<\/p>\n<ul class=\"a-unordered-list a-vertical a-spacing-mini\">\n<li class=\"a-spacing-mini\"><span class=\"a-list-item\">Soins quotidiens de qualit\u00e9 &#8211; Depuis 60 ans, E45 excelle dans le traitement de la peau s\u00e8che, des d\u00e9mangeaisons et des affections cutan\u00e9es telles que l&rsquo;ecz\u00e9ma, le psoriasis, l&rsquo;ichtyose, etc. Nous comprenons l&rsquo;importance des produits quotidiens de qualit\u00e9, simplifiant les soins cutan\u00e9s. La gamme E45, adapt\u00e9e \u00e0 divers types de peau et parties du corps, vise \u00e0 prot\u00e9ger et maintenir la sant\u00e9 cutan\u00e9e. Une expertise dermatologique \u00e9prouv\u00e9e pour la peau s\u00e8che et vuln\u00e9rable.<\/span><\/li>\n<\/ul>\n<p>&nbsp;<\/p>\n<ul class=\"a-unordered-list a-vertical a-spacing-mini\">\n<li class=\"a-spacing-mini\"><span class=\"a-list-item\">Histoire &#8211; En 1952, notre cr\u00e8me E45 est lanc\u00e9e suite \u00e0 une demande de client cherchant un produit apaisant et protecteur pour la peau. En 1963, les m\u00e9decins constatent les bienfaits de la cr\u00e8me E45 sur les peaux s\u00e8ches, arrive en pharmacie et en vente au d\u00e9tail en 1980. Continuons \u00e9laborer produits avec les patients \u00e0 l&rsquo;esprit. Nous nous engageons \u00e0 r\u00e9pondre aux besoins des patients et des professionnels de la sant\u00e9 en d\u00e9veloppant des traitement am\u00e9lior\u00e9es pour leurs routines de soins cutan\u00e9s.<\/span><\/li>\n<\/ul>\n<p><strong>Ingredients<\/strong><\/p>\n<p>Aqua, petrolatum, isopropyl palmitate, paraffinum liquidum, glyceryl stearate, ceteth-20, hypoallergenic anhydrous lanolin (medilanr), phenoxyethanol, methylparaben, hydroxyethylcellulose, carbomer, propylparaben, sodium hydroxide, BHT.<\/p>","protected":false},"excerpt":{"rendered":"<p>Les soins de la peau sec de longue dur\u00e9e &#8211; la lotion E45 est une lotion l\u00e9g\u00e8re et non comprim\u00e9e<\/p>","protected":false},"featured_media":24122,"comment_status":"open","ping_status":"closed","template":"","meta":[],"pwb-brand":[785],"product_brand":[],"product_cat":[1049,267,1084,1078],"product_tag":[],"class_list":{"0":"post-17455","1":"product","2":"type-product","3":"status-publish","4":"has-post-thumbnail","6":"pwb-brand-e45","7":"product_cat-bain-savons-et-soin-du-corps","8":"product_cat-beaute-et-soins","9":"product_cat-lait-et-lotions-pour-le-corps-soins-pour-le-corps-et-gommages","10":"product_cat-soins-pour-le-corps-et-gommages","12":"first","13":"outofstock","14":"shipping-taxable","15":"purchasable","16":"product-type-simple"},"yoast_head":"<!-- This site is optimized with the Yoast SEO plugin v27.1.1 - https:\/\/yoast.com\/product\/yoast-seo-wordpress\/ -->\n<title>E45 - Lait hydratant pour le corps - 500ml - NIRIGS<\/title>\n<meta name=\"robots\" content=\"index, follow, max-snippet:-1, max-image-preview:large, max-video-preview:-1\" \/>\n<link rel=\"canonical\" href=\"https:\/\/nirigs.com\/en\/product\/e45-moisturizing-body-lotion-500ml\/\" \/>\n<meta property=\"og:locale\" content=\"en_US\" \/>\n<meta property=\"og:type\" content=\"article\" \/>\n<meta property=\"og:title\" content=\"E45 - Lait hydratant pour le corps - 500ml - NIRIGS\" \/>\n<meta property=\"og:description\" content=\"Les soins de la peau sec de longue dur\u00e9e &#8211; la lotion E45 est une lotion l\u00e9g\u00e8re et non comprim\u00e9e\" \/>\n<meta property=\"og:url\" content=\"https:\/\/nirigs.com\/en\/product\/e45-moisturizing-body-lotion-500ml\/\" \/>\n<meta property=\"og:site_name\" content=\"NIRIGS\" \/>\n<meta property=\"article:modified_time\" content=\"2025-03-14T18:41:57+00:00\" \/>\n<meta property=\"og:image\" content=\"https:\/\/nirigs.com\/wp-content\/uploads\/2024\/02\/E45-\u2013-Lait-hydratant-pour-le-corps-\u2013-500ml.jpg\" \/>\n\t<meta property=\"og:image:width\" content=\"1000\" \/>\n\t<meta property=\"og:image:height\" content=\"1000\" \/>\n\t<meta property=\"og:image:type\" content=\"image\/jpeg\" \/>\n<meta name=\"twitter:card\" content=\"summary_large_image\" \/>\n<meta name=\"twitter:label1\" content=\"Est. reading time\" \/>\n\t<meta name=\"twitter:data1\" content=\"2 minutes\" \/>\n<script type=\"application\/ld+json\" class=\"yoast-schema-graph\">{\"@context\":\"https:\/\/schema.org\",\"@graph\":[{\"@type\":\"WebPage\",\"@id\":\"https:\/\/nirigs.com\/product\/e45-moisturizing-body-lotion-500ml\/\",\"url\":\"https:\/\/nirigs.com\/product\/e45-moisturizing-body-lotion-500ml\/\",\"name\":\"E45 - Lait hydratant pour le corps - 500ml - NIRIGS\",\"isPartOf\":{\"@id\":\"https:\/\/nirigs.com\/#website\"},\"primaryImageOfPage\":{\"@id\":\"https:\/\/nirigs.com\/product\/e45-moisturizing-body-lotion-500ml\/#primaryimage\"},\"image\":{\"@id\":\"https:\/\/nirigs.com\/product\/e45-moisturizing-body-lotion-500ml\/#primaryimage\"},\"thumbnailUrl\":\"https:\/\/nirigs.com\/wp-content\/uploads\/2024\/02\/E45-\u2013-Lait-hydratant-pour-le-corps-\u2013-500ml.jpg\",\"datePublished\":\"2024-02-23T15:08:30+00:00\",\"dateModified\":\"2025-03-14T18:41:57+00:00\",\"breadcrumb\":{\"@id\":\"https:\/\/nirigs.com\/product\/e45-moisturizing-body-lotion-500ml\/#breadcrumb\"},\"inLanguage\":\"en-US\",\"potentialAction\":[{\"@type\":\"ReadAction\",\"target\":[\"https:\/\/nirigs.com\/product\/e45-moisturizing-body-lotion-500ml\/\"]}]},{\"@type\":\"ImageObject\",\"inLanguage\":\"en-US\",\"@id\":\"https:\/\/nirigs.com\/product\/e45-moisturizing-body-lotion-500ml\/#primaryimage\",\"url\":\"https:\/\/nirigs.com\/wp-content\/uploads\/2024\/02\/E45-\u2013-Lait-hydratant-pour-le-corps-\u2013-500ml.jpg\",\"contentUrl\":\"https:\/\/nirigs.com\/wp-content\/uploads\/2024\/02\/E45-\u2013-Lait-hydratant-pour-le-corps-\u2013-500ml.jpg\",\"width\":1000,\"height\":1000},{\"@type\":\"BreadcrumbList\",\"@id\":\"https:\/\/nirigs.com\/product\/e45-moisturizing-body-lotion-500ml\/#breadcrumb\",\"itemListElement\":[{\"@type\":\"ListItem\",\"position\":1,\"name\":\"Home\",\"item\":\"https:\/\/nirigs.com\/\"},{\"@type\":\"ListItem\",\"position\":2,\"name\":\"Parcourir\",\"item\":\"https:\/\/nirigs.com\/boutique\/\"},{\"@type\":\"ListItem\",\"position\":3,\"name\":\"E45 &#8211; Lait hydratant pour le corps &#8211; 500ml\"}]},{\"@type\":\"WebSite\",\"@id\":\"https:\/\/nirigs.com\/#website\",\"url\":\"https:\/\/nirigs.com\/\",\"name\":\"Nirigs.com\",\"description\":\"Simplifiez vos achats du quotidien \u00e0 Djibouti\",\"publisher\":{\"@id\":\"https:\/\/nirigs.com\/#organization\"},\"potentialAction\":[{\"@type\":\"SearchAction\",\"target\":{\"@type\":\"EntryPoint\",\"urlTemplate\":\"https:\/\/nirigs.com\/?s={search_term_string}\"},\"query-input\":{\"@type\":\"PropertyValueSpecification\",\"valueRequired\":true,\"valueName\":\"search_term_string\"}}],\"inLanguage\":\"en-US\"},{\"@type\":\"Organization\",\"@id\":\"https:\/\/nirigs.com\/#organization\",\"name\":\"Nirigs\",\"url\":\"https:\/\/nirigs.com\/\",\"logo\":{\"@type\":\"ImageObject\",\"inLanguage\":\"en-US\",\"@id\":\"https:\/\/nirigs.com\/#\/schema\/logo\/image\/\",\"url\":\"https:\/\/nirigs.com\/wp-content\/uploads\/2025\/04\/Design-sans-titre-27.png\",\"contentUrl\":\"https:\/\/nirigs.com\/wp-content\/uploads\/2025\/04\/Design-sans-titre-27.png\",\"width\":500,\"height\":500,\"caption\":\"Nirigs\"},\"image\":{\"@id\":\"https:\/\/nirigs.com\/#\/schema\/logo\/image\/\"}}]}<\/script>\n<!-- \/ Yoast SEO plugin. -->","yoast_head_json":{"title":"E45 - Lait hydratant pour le corps - 500ml - NIRIGS","robots":{"index":"index","follow":"follow","max-snippet":"max-snippet:-1","max-image-preview":"max-image-preview:large","max-video-preview":"max-video-preview:-1"},"canonical":"https:\/\/nirigs.com\/en\/product\/e45-moisturizing-body-lotion-500ml\/","og_locale":"en_US","og_type":"article","og_title":"E45 - Lait hydratant pour le corps - 500ml - NIRIGS","og_description":"Les soins de la peau sec de longue dur\u00e9e &#8211; la lotion E45 est une lotion l\u00e9g\u00e8re et non comprim\u00e9e","og_url":"https:\/\/nirigs.com\/en\/product\/e45-moisturizing-body-lotion-500ml\/","og_site_name":"NIRIGS","article_modified_time":"2025-03-14T18:41:57+00:00","og_image":[{"width":1000,"height":1000,"url":"https:\/\/nirigs.com\/wp-content\/uploads\/2024\/02\/E45-\u2013-Lait-hydratant-pour-le-corps-\u2013-500ml.jpg","type":"image\/jpeg"}],"twitter_card":"summary_large_image","twitter_misc":{"Est. reading time":"2 minutes"},"schema":{"@context":"https:\/\/schema.org","@graph":[{"@type":"WebPage","@id":"https:\/\/nirigs.com\/product\/e45-moisturizing-body-lotion-500ml\/","url":"https:\/\/nirigs.com\/product\/e45-moisturizing-body-lotion-500ml\/","name":"E45 - Lait hydratant pour le corps - 500ml - NIRIGS","isPartOf":{"@id":"https:\/\/nirigs.com\/#website"},"primaryImageOfPage":{"@id":"https:\/\/nirigs.com\/product\/e45-moisturizing-body-lotion-500ml\/#primaryimage"},"image":{"@id":"https:\/\/nirigs.com\/product\/e45-moisturizing-body-lotion-500ml\/#primaryimage"},"thumbnailUrl":"https:\/\/nirigs.com\/wp-content\/uploads\/2024\/02\/E45-\u2013-Lait-hydratant-pour-le-corps-\u2013-500ml.jpg","datePublished":"2024-02-23T15:08:30+00:00","dateModified":"2025-03-14T18:41:57+00:00","breadcrumb":{"@id":"https:\/\/nirigs.com\/product\/e45-moisturizing-body-lotion-500ml\/#breadcrumb"},"inLanguage":"en-US","potentialAction":[{"@type":"ReadAction","target":["https:\/\/nirigs.com\/product\/e45-moisturizing-body-lotion-500ml\/"]}]},{"@type":"ImageObject","inLanguage":"en-US","@id":"https:\/\/nirigs.com\/product\/e45-moisturizing-body-lotion-500ml\/#primaryimage","url":"https:\/\/nirigs.com\/wp-content\/uploads\/2024\/02\/E45-\u2013-Lait-hydratant-pour-le-corps-\u2013-500ml.jpg","contentUrl":"https:\/\/nirigs.com\/wp-content\/uploads\/2024\/02\/E45-\u2013-Lait-hydratant-pour-le-corps-\u2013-500ml.jpg","width":1000,"height":1000},{"@type":"BreadcrumbList","@id":"https:\/\/nirigs.com\/product\/e45-moisturizing-body-lotion-500ml\/#breadcrumb","itemListElement":[{"@type":"ListItem","position":1,"name":"Home","item":"https:\/\/nirigs.com\/"},{"@type":"ListItem","position":2,"name":"Parcourir","item":"https:\/\/nirigs.com\/boutique\/"},{"@type":"ListItem","position":3,"name":"E45 &#8211; Lait hydratant pour le corps &#8211; 500ml"}]},{"@type":"WebSite","@id":"https:\/\/nirigs.com\/#website","url":"https:\/\/nirigs.com\/","name":"Nirigs.com","description":"Simplifiez vos achats du quotidien \u00e0 Djibouti","publisher":{"@id":"https:\/\/nirigs.com\/#organization"},"potentialAction":[{"@type":"SearchAction","target":{"@type":"EntryPoint","urlTemplate":"https:\/\/nirigs.com\/?s={search_term_string}"},"query-input":{"@type":"PropertyValueSpecification","valueRequired":true,"valueName":"search_term_string"}}],"inLanguage":"en-US"},{"@type":"Organization","@id":"https:\/\/nirigs.com\/#organization","name":"Nirigs","url":"https:\/\/nirigs.com\/","logo":{"@type":"ImageObject","inLanguage":"en-US","@id":"https:\/\/nirigs.com\/#\/schema\/logo\/image\/","url":"https:\/\/nirigs.com\/wp-content\/uploads\/2025\/04\/Design-sans-titre-27.png","contentUrl":"https:\/\/nirigs.com\/wp-content\/uploads\/2025\/04\/Design-sans-titre-27.png","width":500,"height":500,"caption":"Nirigs"},"image":{"@id":"https:\/\/nirigs.com\/#\/schema\/logo\/image\/"}}]}},"brands":[{"id":785,"name":"E45","slug":"e45"}],"_links":{"self":[{"href":"https:\/\/nirigs.com\/en\/wp-json\/wp\/v2\/product\/17455","targetHints":{"allow":["GET"]}}],"collection":[{"href":"https:\/\/nirigs.com\/en\/wp-json\/wp\/v2\/product"}],"about":[{"href":"https:\/\/nirigs.com\/en\/wp-json\/wp\/v2\/types\/product"}],"replies":[{"embeddable":true,"href":"https:\/\/nirigs.com\/en\/wp-json\/wp\/v2\/comments?post=17455"}],"version-history":[{"count":5,"href":"https:\/\/nirigs.com\/en\/wp-json\/wp\/v2\/product\/17455\/revisions"}],"predecessor-version":[{"id":22884,"href":"https:\/\/nirigs.com\/en\/wp-json\/wp\/v2\/product\/17455\/revisions\/22884"}],"wp:featuredmedia":[{"embeddable":true,"href":"https:\/\/nirigs.com\/en\/wp-json\/wp\/v2\/media\/24122"}],"wp:attachment":[{"href":"https:\/\/nirigs.com\/en\/wp-json\/wp\/v2\/media?parent=17455"}],"wp:term":[{"taxonomy":"pwb-brand","embeddable":true,"href":"https:\/\/nirigs.com\/en\/wp-json\/wp\/v2\/pwb-brand?post=17455"},{"taxonomy":"product_brand","embeddable":true,"href":"https:\/\/nirigs.com\/en\/wp-json\/wp\/v2\/product_brand?post=17455"},{"taxonomy":"product_cat","embeddable":true,"href":"https:\/\/nirigs.com\/en\/wp-json\/wp\/v2\/product_cat?post=17455"},{"taxonomy":"product_tag","embeddable":true,"href":"https:\/\/nirigs.com\/en\/wp-json\/wp\/v2\/product_tag?post=17455"}],"curies":[{"name":"wp","href":"https:\/\/api.w.org\/{rel}","templated":true}]}}