{"id":17451,"date":"2024-02-23T17:56:43","date_gmt":"2024-02-23T14:56:43","guid":{"rendered":"https:\/\/nirigs.com\/product\/aunt-jackies-shampoo-with-aloe-vera-and-mint\/"},"modified":"2026-03-04T19:30:24","modified_gmt":"2026-03-04T16:30:24","slug":"aunt-jackies-shampoing-a-laloe-vera-et-a-la-menthe","status":"publish","type":"product","link":"https:\/\/nirigs.com\/en\/product\/aunt-jackies-shampoing-a-laloe-vera-et-a-la-menthe\/","title":{"rendered":"Aunt Jackie's - Aloe Vera and Mint Shampoo"},"content":{"rendered":"<p>Aloe vera and mint combined with apple cider vinegar and shea butter help to thoroughly remove impurities and build-up from your hair.<br \/>\nStimulates the scalp and regenerates hair with much-needed moisture<br \/>\nThis remedy is ideal for all hair types and textures and contains no vaseline or mineral oil and is sulfate-free. Ideal for all hair types and textures.<\/p>\n<h4><strong>Use<\/strong><\/h4>\n<ul>\n<li class=\"tw-data-text tw-ta tw-text-small\" dir=\"ltr\" data-placeholder=\"Traduction\">Apply to wet hair<\/li>\n<li class=\"tw-data-text tw-ta tw-text-small\" dir=\"ltr\" data-placeholder=\"Traduction\">Massage until a generous mousse is obtained.<\/li>\n<li class=\"tw-data-text tw-ta tw-text-small\" dir=\"ltr\" data-placeholder=\"Traduction\">Rinse thoroughly.<\/li>\n<\/ul>\n<h4 class=\"mv0 lh-copy f5 pb1 dark-gray\"><strong>Ingredients<\/strong><\/h4>\n<p class=\"mv0 lh-copy f6 mid-gray\">Watercomma Cetyl Alcoholcomma Cetearyl Alcoholcomma Glycerincomma Stearamidopropyl Dimethylaminecomma Butyrospermum Parkii (Shea) Buttercomma Isopropyl Myristatecomma Cocos Nucifera (Coconut) Oilcomma Parfumcomma Behentrimonium Methosulfatecomma Aloe Barbadensis Leaf Extractcomma Rosmarinus Officinalis (Rosemary) Leaf Extractcomma Cymbopogon Flexuosus Herb Extractcomma Melissa Officinalis Leaf Extractcomma Acetic Acidcomma Lactic Acidcomma Glyceryl Stearatecomma Cocamidopropyl Betainecomma CaprylicCapric Triglyceridecomma PEG-100 Stearatecomma Polyquaternium-70comma Polyquaternium-7comma Dipropylene Glycolcomma Hydrolyzed Wheat Proteincomma PG-Propyl Silanetriolcomma Sodium Benzoatecomma Iodopropynyl Butylcarbamatecomma Carya Ovata Bark Extractcomma Linaloolcomma Hexyl Cinnamal<\/p>","protected":false},"excerpt":{"rendered":"<p>L&rsquo;alo\u00e8s et la menthe combin\u00e9s au vinaigre de cidre de pomme et au beurre de karit\u00e9 aident \u00e0 \u00e9liminer en<\/p>","protected":false},"featured_media":24140,"comment_status":"open","ping_status":"closed","template":"","meta":[],"pwb-brand":[756],"product_brand":[],"product_cat":[267,1022,1026,1024],"product_tag":[],"class_list":{"0":"post-17451","1":"product","2":"type-product","3":"status-publish","4":"has-post-thumbnail","6":"pwb-brand-aunt-jackies","7":"product_cat-beaute-et-soins","8":"product_cat-coiffures-et-soins-des-cheveux","9":"product_cat-shampooings","10":"product_cat-soins-des-cheveux","12":"first","13":"outofstock","14":"shipping-taxable","15":"purchasable","16":"product-type-simple"},"yoast_head":"<!-- This site is optimized with the Yoast SEO plugin v27.5 - https:\/\/yoast.com\/product\/yoast-seo-wordpress\/ -->\n<title>Aunt Jackie&#039;s - Shampoing \u00e0 l&#039;Aloe Vera et \u00e0 la Menthe - NIRIGS<\/title>\n<meta name=\"robots\" content=\"index, follow, max-snippet:-1, max-image-preview:large, max-video-preview:-1\" \/>\n<link rel=\"canonical\" href=\"https:\/\/nirigs.com\/en\/product\/aunt-jackies-shampoing-a-laloe-vera-et-a-la-menthe\/\" \/>\n<meta property=\"og:locale\" content=\"en_US\" \/>\n<meta property=\"og:type\" content=\"article\" \/>\n<meta property=\"og:title\" content=\"Aunt Jackie&#039;s - Shampoing \u00e0 l&#039;Aloe Vera et \u00e0 la Menthe - NIRIGS\" \/>\n<meta property=\"og:description\" content=\"L&rsquo;alo\u00e8s et la menthe combin\u00e9s au vinaigre de cidre de pomme et au beurre de karit\u00e9 aident \u00e0 \u00e9liminer en\" \/>\n<meta property=\"og:url\" content=\"https:\/\/nirigs.com\/en\/product\/aunt-jackies-shampoing-a-laloe-vera-et-a-la-menthe\/\" \/>\n<meta property=\"og:site_name\" content=\"NIRIGS\" \/>\n<meta property=\"article:modified_time\" content=\"2026-03-04T16:30:24+00:00\" \/>\n<meta property=\"og:image\" content=\"https:\/\/nirigs.com\/wp-content\/uploads\/2024\/02\/Aunt-Jackies-\u2013-Shampoing-a-lAloe-Vera-et-a-la-Menthe.jpg\" \/>\n\t<meta property=\"og:image:width\" content=\"1000\" \/>\n\t<meta property=\"og:image:height\" content=\"1000\" \/>\n\t<meta property=\"og:image:type\" content=\"image\/jpeg\" \/>\n<meta name=\"twitter:card\" content=\"summary_large_image\" \/>\n<meta name=\"twitter:label1\" content=\"Est. reading time\" \/>\n\t<meta name=\"twitter:data1\" content=\"2 minutes\" \/>\n<script type=\"application\/ld+json\" class=\"yoast-schema-graph\">{\"@context\":\"https:\\\/\\\/schema.org\",\"@graph\":[{\"@type\":\"WebPage\",\"@id\":\"https:\\\/\\\/nirigs.com\\\/product\\\/aunt-jackies-shampoing-a-laloe-vera-et-a-la-menthe\\\/\",\"url\":\"https:\\\/\\\/nirigs.com\\\/product\\\/aunt-jackies-shampoing-a-laloe-vera-et-a-la-menthe\\\/\",\"name\":\"Aunt Jackie's - Shampoing \u00e0 l'Aloe Vera et \u00e0 la Menthe - NIRIGS\",\"isPartOf\":{\"@id\":\"https:\\\/\\\/nirigs.com\\\/#website\"},\"primaryImageOfPage\":{\"@id\":\"https:\\\/\\\/nirigs.com\\\/product\\\/aunt-jackies-shampoing-a-laloe-vera-et-a-la-menthe\\\/#primaryimage\"},\"image\":{\"@id\":\"https:\\\/\\\/nirigs.com\\\/product\\\/aunt-jackies-shampoing-a-laloe-vera-et-a-la-menthe\\\/#primaryimage\"},\"thumbnailUrl\":\"https:\\\/\\\/nirigs.com\\\/wp-content\\\/uploads\\\/2024\\\/02\\\/Aunt-Jackies-\u2013-Shampoing-a-lAloe-Vera-et-a-la-Menthe.jpg\",\"datePublished\":\"2024-02-23T14:56:43+00:00\",\"dateModified\":\"2026-03-04T16:30:24+00:00\",\"breadcrumb\":{\"@id\":\"https:\\\/\\\/nirigs.com\\\/product\\\/aunt-jackies-shampoing-a-laloe-vera-et-a-la-menthe\\\/#breadcrumb\"},\"inLanguage\":\"en-US\",\"potentialAction\":[{\"@type\":\"ReadAction\",\"target\":[\"https:\\\/\\\/nirigs.com\\\/product\\\/aunt-jackies-shampoing-a-laloe-vera-et-a-la-menthe\\\/\"]}]},{\"@type\":\"ImageObject\",\"inLanguage\":\"en-US\",\"@id\":\"https:\\\/\\\/nirigs.com\\\/product\\\/aunt-jackies-shampoing-a-laloe-vera-et-a-la-menthe\\\/#primaryimage\",\"url\":\"https:\\\/\\\/nirigs.com\\\/wp-content\\\/uploads\\\/2024\\\/02\\\/Aunt-Jackies-\u2013-Shampoing-a-lAloe-Vera-et-a-la-Menthe.jpg\",\"contentUrl\":\"https:\\\/\\\/nirigs.com\\\/wp-content\\\/uploads\\\/2024\\\/02\\\/Aunt-Jackies-\u2013-Shampoing-a-lAloe-Vera-et-a-la-Menthe.jpg\",\"width\":1000,\"height\":1000},{\"@type\":\"BreadcrumbList\",\"@id\":\"https:\\\/\\\/nirigs.com\\\/product\\\/aunt-jackies-shampoing-a-laloe-vera-et-a-la-menthe\\\/#breadcrumb\",\"itemListElement\":[{\"@type\":\"ListItem\",\"position\":1,\"name\":\"Home\",\"item\":\"https:\\\/\\\/nirigs.com\\\/\"},{\"@type\":\"ListItem\",\"position\":2,\"name\":\"Parcourir\",\"item\":\"https:\\\/\\\/nirigs.com\\\/boutique\\\/\"},{\"@type\":\"ListItem\",\"position\":3,\"name\":\"Aunt Jackie&rsquo;s &#8211; Shampoing \u00e0 l&rsquo;Aloe Vera et \u00e0 la Menthe\"}]},{\"@type\":\"WebSite\",\"@id\":\"https:\\\/\\\/nirigs.com\\\/#website\",\"url\":\"https:\\\/\\\/nirigs.com\\\/\",\"name\":\"Nirigs.com\",\"description\":\"Simplifiez vos achats du quotidien \u00e0 Djibouti\",\"publisher\":{\"@id\":\"https:\\\/\\\/nirigs.com\\\/#organization\"},\"potentialAction\":[{\"@type\":\"SearchAction\",\"target\":{\"@type\":\"EntryPoint\",\"urlTemplate\":\"https:\\\/\\\/nirigs.com\\\/?s={search_term_string}\"},\"query-input\":{\"@type\":\"PropertyValueSpecification\",\"valueRequired\":true,\"valueName\":\"search_term_string\"}}],\"inLanguage\":\"en-US\"},{\"@type\":\"Organization\",\"@id\":\"https:\\\/\\\/nirigs.com\\\/#organization\",\"name\":\"Nirigs\",\"url\":\"https:\\\/\\\/nirigs.com\\\/\",\"logo\":{\"@type\":\"ImageObject\",\"inLanguage\":\"en-US\",\"@id\":\"https:\\\/\\\/nirigs.com\\\/#\\\/schema\\\/logo\\\/image\\\/\",\"url\":\"https:\\\/\\\/nirigs.com\\\/wp-content\\\/uploads\\\/2025\\\/04\\\/Design-sans-titre-27.png\",\"contentUrl\":\"https:\\\/\\\/nirigs.com\\\/wp-content\\\/uploads\\\/2025\\\/04\\\/Design-sans-titre-27.png\",\"width\":500,\"height\":500,\"caption\":\"Nirigs\"},\"image\":{\"@id\":\"https:\\\/\\\/nirigs.com\\\/#\\\/schema\\\/logo\\\/image\\\/\"}}]}<\/script>\n<!-- \/ Yoast SEO plugin. -->","yoast_head_json":{"title":"Aunt Jackie's - Shampoing \u00e0 l'Aloe Vera et \u00e0 la Menthe - NIRIGS","robots":{"index":"index","follow":"follow","max-snippet":"max-snippet:-1","max-image-preview":"max-image-preview:large","max-video-preview":"max-video-preview:-1"},"canonical":"https:\/\/nirigs.com\/en\/product\/aunt-jackies-shampoing-a-laloe-vera-et-a-la-menthe\/","og_locale":"en_US","og_type":"article","og_title":"Aunt Jackie's - Shampoing \u00e0 l'Aloe Vera et \u00e0 la Menthe - NIRIGS","og_description":"L&rsquo;alo\u00e8s et la menthe combin\u00e9s au vinaigre de cidre de pomme et au beurre de karit\u00e9 aident \u00e0 \u00e9liminer en","og_url":"https:\/\/nirigs.com\/en\/product\/aunt-jackies-shampoing-a-laloe-vera-et-a-la-menthe\/","og_site_name":"NIRIGS","article_modified_time":"2026-03-04T16:30:24+00:00","og_image":[{"width":1000,"height":1000,"url":"https:\/\/nirigs.com\/wp-content\/uploads\/2024\/02\/Aunt-Jackies-\u2013-Shampoing-a-lAloe-Vera-et-a-la-Menthe.jpg","type":"image\/jpeg"}],"twitter_card":"summary_large_image","twitter_misc":{"Est. reading time":"2 minutes"},"schema":{"@context":"https:\/\/schema.org","@graph":[{"@type":"WebPage","@id":"https:\/\/nirigs.com\/product\/aunt-jackies-shampoing-a-laloe-vera-et-a-la-menthe\/","url":"https:\/\/nirigs.com\/product\/aunt-jackies-shampoing-a-laloe-vera-et-a-la-menthe\/","name":"Aunt Jackie's - Shampoing \u00e0 l'Aloe Vera et \u00e0 la Menthe - NIRIGS","isPartOf":{"@id":"https:\/\/nirigs.com\/#website"},"primaryImageOfPage":{"@id":"https:\/\/nirigs.com\/product\/aunt-jackies-shampoing-a-laloe-vera-et-a-la-menthe\/#primaryimage"},"image":{"@id":"https:\/\/nirigs.com\/product\/aunt-jackies-shampoing-a-laloe-vera-et-a-la-menthe\/#primaryimage"},"thumbnailUrl":"https:\/\/nirigs.com\/wp-content\/uploads\/2024\/02\/Aunt-Jackies-\u2013-Shampoing-a-lAloe-Vera-et-a-la-Menthe.jpg","datePublished":"2024-02-23T14:56:43+00:00","dateModified":"2026-03-04T16:30:24+00:00","breadcrumb":{"@id":"https:\/\/nirigs.com\/product\/aunt-jackies-shampoing-a-laloe-vera-et-a-la-menthe\/#breadcrumb"},"inLanguage":"en-US","potentialAction":[{"@type":"ReadAction","target":["https:\/\/nirigs.com\/product\/aunt-jackies-shampoing-a-laloe-vera-et-a-la-menthe\/"]}]},{"@type":"ImageObject","inLanguage":"en-US","@id":"https:\/\/nirigs.com\/product\/aunt-jackies-shampoing-a-laloe-vera-et-a-la-menthe\/#primaryimage","url":"https:\/\/nirigs.com\/wp-content\/uploads\/2024\/02\/Aunt-Jackies-\u2013-Shampoing-a-lAloe-Vera-et-a-la-Menthe.jpg","contentUrl":"https:\/\/nirigs.com\/wp-content\/uploads\/2024\/02\/Aunt-Jackies-\u2013-Shampoing-a-lAloe-Vera-et-a-la-Menthe.jpg","width":1000,"height":1000},{"@type":"BreadcrumbList","@id":"https:\/\/nirigs.com\/product\/aunt-jackies-shampoing-a-laloe-vera-et-a-la-menthe\/#breadcrumb","itemListElement":[{"@type":"ListItem","position":1,"name":"Home","item":"https:\/\/nirigs.com\/"},{"@type":"ListItem","position":2,"name":"Parcourir","item":"https:\/\/nirigs.com\/boutique\/"},{"@type":"ListItem","position":3,"name":"Aunt Jackie&rsquo;s &#8211; Shampoing \u00e0 l&rsquo;Aloe Vera et \u00e0 la Menthe"}]},{"@type":"WebSite","@id":"https:\/\/nirigs.com\/#website","url":"https:\/\/nirigs.com\/","name":"Nirigs.com","description":"Simplifiez vos achats du quotidien \u00e0 Djibouti","publisher":{"@id":"https:\/\/nirigs.com\/#organization"},"potentialAction":[{"@type":"SearchAction","target":{"@type":"EntryPoint","urlTemplate":"https:\/\/nirigs.com\/?s={search_term_string}"},"query-input":{"@type":"PropertyValueSpecification","valueRequired":true,"valueName":"search_term_string"}}],"inLanguage":"en-US"},{"@type":"Organization","@id":"https:\/\/nirigs.com\/#organization","name":"Nirigs","url":"https:\/\/nirigs.com\/","logo":{"@type":"ImageObject","inLanguage":"en-US","@id":"https:\/\/nirigs.com\/#\/schema\/logo\/image\/","url":"https:\/\/nirigs.com\/wp-content\/uploads\/2025\/04\/Design-sans-titre-27.png","contentUrl":"https:\/\/nirigs.com\/wp-content\/uploads\/2025\/04\/Design-sans-titre-27.png","width":500,"height":500,"caption":"Nirigs"},"image":{"@id":"https:\/\/nirigs.com\/#\/schema\/logo\/image\/"}}]}},"brands":[{"id":756,"name":"Aunt Jackie's","slug":"aunt-jackies"}],"_links":{"self":[{"href":"https:\/\/nirigs.com\/en\/wp-json\/wp\/v2\/product\/17451","targetHints":{"allow":["GET"]}}],"collection":[{"href":"https:\/\/nirigs.com\/en\/wp-json\/wp\/v2\/product"}],"about":[{"href":"https:\/\/nirigs.com\/en\/wp-json\/wp\/v2\/types\/product"}],"replies":[{"embeddable":true,"href":"https:\/\/nirigs.com\/en\/wp-json\/wp\/v2\/comments?post=17451"}],"version-history":[{"count":10,"href":"https:\/\/nirigs.com\/en\/wp-json\/wp\/v2\/product\/17451\/revisions"}],"predecessor-version":[{"id":27627,"href":"https:\/\/nirigs.com\/en\/wp-json\/wp\/v2\/product\/17451\/revisions\/27627"}],"wp:featuredmedia":[{"embeddable":true,"href":"https:\/\/nirigs.com\/en\/wp-json\/wp\/v2\/media\/24140"}],"wp:attachment":[{"href":"https:\/\/nirigs.com\/en\/wp-json\/wp\/v2\/media?parent=17451"}],"wp:term":[{"taxonomy":"pwb-brand","embeddable":true,"href":"https:\/\/nirigs.com\/en\/wp-json\/wp\/v2\/pwb-brand?post=17451"},{"taxonomy":"product_brand","embeddable":true,"href":"https:\/\/nirigs.com\/en\/wp-json\/wp\/v2\/product_brand?post=17451"},{"taxonomy":"product_cat","embeddable":true,"href":"https:\/\/nirigs.com\/en\/wp-json\/wp\/v2\/product_cat?post=17451"},{"taxonomy":"product_tag","embeddable":true,"href":"https:\/\/nirigs.com\/en\/wp-json\/wp\/v2\/product_tag?post=17451"}],"curies":[{"name":"wp","href":"https:\/\/api.w.org\/{rel}","templated":true}]}}