{"id":17444,"date":"2024-02-22T19:12:09","date_gmt":"2024-02-22T16:12:09","guid":{"rendered":"https:\/\/nirigs.com\/product\/stimulating-moisturizing-conditioner-with-aloe-vera-and-mint-284-g\/"},"modified":"2026-03-04T19:23:41","modified_gmt":"2026-03-04T16:23:41","slug":"aunt-jackies-apres-shampooing-a-laloe-vera-et-menthe-284-g","status":"publish","type":"product","link":"https:\/\/nirigs.com\/en\/product\/aunt-jackies-apres-shampooing-a-laloe-vera-et-menthe-284-g\/","title":{"rendered":"Aunt Jackie&rsquo;s &#8211; Apr\u00e8s-shampooing \u00e0 l&rsquo;aloe vera et menthe &#8211; 284 g"},"content":{"rendered":"<p>L&rsquo;Apr\u00e8s-shampoing stimulant &amp; hydratant COOL IT! de la marque\u00a0AUNT JACKIE&rsquo;S est un soin doux et revitalisant unique. Il apporte une hydratation incomparable tout en stimulant la circulation sanguine de votre cuir chevelu. Pour des cheveux resplendissants de sant\u00e9 !<\/p>\n<p>Bienfaits des ingr\u00e9dients :<\/p>\n<p>L&rsquo;alo\u00e9 v\u00e9ra\u00a0: Riche en vitamines A, B6 et B9, l&rsquo;aloe vera acc\u00e9l\u00e8re la croissance des cheveux en stimulant la circulation sanguine du cuir chevelu.<\/p>\n<p>La menthe\u00a0: elle \u00a0rafra\u00eechit le cuir chevelu, limitant ainsi les d\u00e9mangeaisons, apr\u00e8s un shampoing, en plus de laisser un parfum fort agr\u00e9able sur vos cheveux.<\/p>\n<p>Le romarin\u00a0: Avec ses effets stimulants et purifiants, le romarin assainit votre cuir chevelu, r\u00e9duit l&rsquo;apparition de pellicules, limite la chute de vos cheveux et stimule leur pousse. C&rsquo;est donc la plante id\u00e9ale pour la bonne sant\u00e9 de vos cheveux !<\/p>\n<h2><strong>Use<\/strong><\/h2>\n<ul>\n<li>Appliquez g\u00e9n\u00e9reusement sur les cheveux propres et mouill\u00e9s, des racines aux pointes.<\/li>\n<li>Laisser sur les cheveux pendant 3 minutes<\/li>\n<li>rincer abondamment.<\/li>\n<\/ul>\n<h2>Ingredients<\/h2>\n<p><em>Water, Cetearyl Alcohol, Cetyl Stearate, Glycerin, Butyrospermum Parkii (Shea) Butter, Hydrogenated Rapeseed Oil, Behentrimonium Methosulfate, Mentha Piperita (Peppermint) Oil, Aloe Barbadensis Leaf Extract, Cannabis Sativa (Hemp) Seed Oil, Parfum, Althaea Officinalis Root Extract, Potassium Cetyl Phosphate, Phenoxyethanol, Glyceryl Stearate, Isostearyl Isostearate, Trimethylolpropane Tricaprylate\/Tricaprate, Olea Europaea (Olive) Fruit Oil, Peg-100 Stearate, Cetyl Alcohol, Polyester-37, Ulmus Fulva Bark Extract, Argania Spinosa (Argan) Kernel Oil, Cetrimonium Chloride, Acrylamidopropyltrimonium Chloride\/Acrylamide Copolymer, Ethylhexylglycerin, Stearic Acid, Panthenol, Niacinamide, Sodium Ascorbyl Phosphate, Calcium Pantothenate, Tocopheryl Acetate, Pyridoxine Hcl, Lauryl Laurate, Cetyl Palmitate, Amaranthus Caudatus Seed Extract, Dehydroacetic Acid, Sodium Benzoate, Tocopherol, Etidronic Acid, Linalool, Hexyl Cinnamal, Benzyl Alcohol.<\/em><\/p>","protected":false},"excerpt":{"rendered":"<p>L&rsquo;Apr\u00e8s-shampoing stimulant &amp; hydratant COOL IT! de la marque\u00a0AUNT JACKIE&rsquo;S est un soin doux et revitalisant unique. Il apporte une<\/p>","protected":false},"featured_media":24146,"comment_status":"open","ping_status":"closed","template":"","meta":[],"pwb-brand":[756],"product_brand":[],"product_cat":[1025,267,1022,1024],"product_tag":[],"class_list":{"0":"post-17444","1":"product","2":"type-product","3":"status-publish","4":"has-post-thumbnail","6":"pwb-brand-aunt-jackies","7":"product_cat-apres-shampooings","8":"product_cat-beaute-et-soins","9":"product_cat-coiffures-et-soins-des-cheveux","10":"product_cat-soins-des-cheveux","12":"first","13":"outofstock","14":"shipping-taxable","15":"purchasable","16":"product-type-simple"},"yoast_head":"<!-- This site is optimized with the Yoast SEO plugin v27.4 - https:\/\/yoast.com\/product\/yoast-seo-wordpress\/ -->\n<title>Aunt Jackie&#039;s - Apr\u00e8s-shampooing \u00e0 l&#039;aloe vera et menthe - 284 g - NIRIGS<\/title>\n<meta name=\"robots\" content=\"index, follow, max-snippet:-1, max-image-preview:large, max-video-preview:-1\" \/>\n<link rel=\"canonical\" href=\"https:\/\/nirigs.com\/en\/product\/aunt-jackies-apres-shampooing-a-laloe-vera-et-menthe-284-g\/\" \/>\n<meta property=\"og:locale\" content=\"en_US\" \/>\n<meta property=\"og:type\" content=\"article\" \/>\n<meta property=\"og:title\" content=\"Aunt Jackie&#039;s - Apr\u00e8s-shampooing \u00e0 l&#039;aloe vera et menthe - 284 g - NIRIGS\" \/>\n<meta property=\"og:description\" content=\"L&rsquo;Apr\u00e8s-shampoing stimulant &amp; hydratant COOL IT! de la marque\u00a0AUNT JACKIE&rsquo;S est un soin doux et revitalisant unique. Il apporte une\" \/>\n<meta property=\"og:url\" content=\"https:\/\/nirigs.com\/en\/product\/aunt-jackies-apres-shampooing-a-laloe-vera-et-menthe-284-g\/\" \/>\n<meta property=\"og:site_name\" content=\"NIRIGS\" \/>\n<meta property=\"article:modified_time\" content=\"2026-03-04T16:23:41+00:00\" \/>\n<meta property=\"og:image\" content=\"https:\/\/nirigs.com\/wp-content\/uploads\/2024\/02\/Aunt-Jackies-\u2013-Apres-shampooing-hydratant-stimulant-a-laloe-vera-et-a-la-menthe-\u2013-284-g.jpg\" \/>\n\t<meta property=\"og:image:width\" content=\"1000\" \/>\n\t<meta property=\"og:image:height\" content=\"1000\" \/>\n\t<meta property=\"og:image:type\" content=\"image\/jpeg\" \/>\n<meta name=\"twitter:card\" content=\"summary_large_image\" \/>\n<meta name=\"twitter:label1\" content=\"Est. reading time\" \/>\n\t<meta name=\"twitter:data1\" content=\"2 minutes\" \/>\n<script type=\"application\/ld+json\" class=\"yoast-schema-graph\">{\"@context\":\"https:\\\/\\\/schema.org\",\"@graph\":[{\"@type\":\"WebPage\",\"@id\":\"https:\\\/\\\/nirigs.com\\\/product\\\/aunt-jackies-apres-shampooing-a-laloe-vera-et-menthe-284-g\\\/\",\"url\":\"https:\\\/\\\/nirigs.com\\\/product\\\/aunt-jackies-apres-shampooing-a-laloe-vera-et-menthe-284-g\\\/\",\"name\":\"Aunt Jackie's - Apr\u00e8s-shampooing \u00e0 l'aloe vera et menthe - 284 g - NIRIGS\",\"isPartOf\":{\"@id\":\"https:\\\/\\\/nirigs.com\\\/#website\"},\"primaryImageOfPage\":{\"@id\":\"https:\\\/\\\/nirigs.com\\\/product\\\/aunt-jackies-apres-shampooing-a-laloe-vera-et-menthe-284-g\\\/#primaryimage\"},\"image\":{\"@id\":\"https:\\\/\\\/nirigs.com\\\/product\\\/aunt-jackies-apres-shampooing-a-laloe-vera-et-menthe-284-g\\\/#primaryimage\"},\"thumbnailUrl\":\"https:\\\/\\\/nirigs.com\\\/wp-content\\\/uploads\\\/2024\\\/02\\\/Aunt-Jackies-\u2013-Apres-shampooing-hydratant-stimulant-a-laloe-vera-et-a-la-menthe-\u2013-284-g.jpg\",\"datePublished\":\"2024-02-22T16:12:09+00:00\",\"dateModified\":\"2026-03-04T16:23:41+00:00\",\"breadcrumb\":{\"@id\":\"https:\\\/\\\/nirigs.com\\\/product\\\/aunt-jackies-apres-shampooing-a-laloe-vera-et-menthe-284-g\\\/#breadcrumb\"},\"inLanguage\":\"en-US\",\"potentialAction\":[{\"@type\":\"ReadAction\",\"target\":[\"https:\\\/\\\/nirigs.com\\\/product\\\/aunt-jackies-apres-shampooing-a-laloe-vera-et-menthe-284-g\\\/\"]}]},{\"@type\":\"ImageObject\",\"inLanguage\":\"en-US\",\"@id\":\"https:\\\/\\\/nirigs.com\\\/product\\\/aunt-jackies-apres-shampooing-a-laloe-vera-et-menthe-284-g\\\/#primaryimage\",\"url\":\"https:\\\/\\\/nirigs.com\\\/wp-content\\\/uploads\\\/2024\\\/02\\\/Aunt-Jackies-\u2013-Apres-shampooing-hydratant-stimulant-a-laloe-vera-et-a-la-menthe-\u2013-284-g.jpg\",\"contentUrl\":\"https:\\\/\\\/nirigs.com\\\/wp-content\\\/uploads\\\/2024\\\/02\\\/Aunt-Jackies-\u2013-Apres-shampooing-hydratant-stimulant-a-laloe-vera-et-a-la-menthe-\u2013-284-g.jpg\",\"width\":1000,\"height\":1000},{\"@type\":\"BreadcrumbList\",\"@id\":\"https:\\\/\\\/nirigs.com\\\/product\\\/aunt-jackies-apres-shampooing-a-laloe-vera-et-menthe-284-g\\\/#breadcrumb\",\"itemListElement\":[{\"@type\":\"ListItem\",\"position\":1,\"name\":\"Home\",\"item\":\"https:\\\/\\\/nirigs.com\\\/\"},{\"@type\":\"ListItem\",\"position\":2,\"name\":\"Parcourir\",\"item\":\"https:\\\/\\\/nirigs.com\\\/boutique\\\/\"},{\"@type\":\"ListItem\",\"position\":3,\"name\":\"Aunt Jackie&rsquo;s &#8211; Apr\u00e8s-shampooing \u00e0 l&rsquo;aloe vera et menthe &#8211; 284 g\"}]},{\"@type\":\"WebSite\",\"@id\":\"https:\\\/\\\/nirigs.com\\\/#website\",\"url\":\"https:\\\/\\\/nirigs.com\\\/\",\"name\":\"Nirigs.com\",\"description\":\"Simplifiez vos achats du quotidien \u00e0 Djibouti\",\"publisher\":{\"@id\":\"https:\\\/\\\/nirigs.com\\\/#organization\"},\"potentialAction\":[{\"@type\":\"SearchAction\",\"target\":{\"@type\":\"EntryPoint\",\"urlTemplate\":\"https:\\\/\\\/nirigs.com\\\/?s={search_term_string}\"},\"query-input\":{\"@type\":\"PropertyValueSpecification\",\"valueRequired\":true,\"valueName\":\"search_term_string\"}}],\"inLanguage\":\"en-US\"},{\"@type\":\"Organization\",\"@id\":\"https:\\\/\\\/nirigs.com\\\/#organization\",\"name\":\"Nirigs\",\"url\":\"https:\\\/\\\/nirigs.com\\\/\",\"logo\":{\"@type\":\"ImageObject\",\"inLanguage\":\"en-US\",\"@id\":\"https:\\\/\\\/nirigs.com\\\/#\\\/schema\\\/logo\\\/image\\\/\",\"url\":\"https:\\\/\\\/nirigs.com\\\/wp-content\\\/uploads\\\/2025\\\/04\\\/Design-sans-titre-27.png\",\"contentUrl\":\"https:\\\/\\\/nirigs.com\\\/wp-content\\\/uploads\\\/2025\\\/04\\\/Design-sans-titre-27.png\",\"width\":500,\"height\":500,\"caption\":\"Nirigs\"},\"image\":{\"@id\":\"https:\\\/\\\/nirigs.com\\\/#\\\/schema\\\/logo\\\/image\\\/\"}}]}<\/script>\n<!-- \/ Yoast SEO plugin. -->","yoast_head_json":{"title":"Aunt Jackie's - Apr\u00e8s-shampooing \u00e0 l'aloe vera et menthe - 284 g - NIRIGS","robots":{"index":"index","follow":"follow","max-snippet":"max-snippet:-1","max-image-preview":"max-image-preview:large","max-video-preview":"max-video-preview:-1"},"canonical":"https:\/\/nirigs.com\/en\/product\/aunt-jackies-apres-shampooing-a-laloe-vera-et-menthe-284-g\/","og_locale":"en_US","og_type":"article","og_title":"Aunt Jackie's - Apr\u00e8s-shampooing \u00e0 l'aloe vera et menthe - 284 g - NIRIGS","og_description":"L&rsquo;Apr\u00e8s-shampoing stimulant &amp; hydratant COOL IT! de la marque\u00a0AUNT JACKIE&rsquo;S est un soin doux et revitalisant unique. Il apporte une","og_url":"https:\/\/nirigs.com\/en\/product\/aunt-jackies-apres-shampooing-a-laloe-vera-et-menthe-284-g\/","og_site_name":"NIRIGS","article_modified_time":"2026-03-04T16:23:41+00:00","og_image":[{"width":1000,"height":1000,"url":"https:\/\/nirigs.com\/wp-content\/uploads\/2024\/02\/Aunt-Jackies-\u2013-Apres-shampooing-hydratant-stimulant-a-laloe-vera-et-a-la-menthe-\u2013-284-g.jpg","type":"image\/jpeg"}],"twitter_card":"summary_large_image","twitter_misc":{"Est. reading time":"2 minutes"},"schema":{"@context":"https:\/\/schema.org","@graph":[{"@type":"WebPage","@id":"https:\/\/nirigs.com\/product\/aunt-jackies-apres-shampooing-a-laloe-vera-et-menthe-284-g\/","url":"https:\/\/nirigs.com\/product\/aunt-jackies-apres-shampooing-a-laloe-vera-et-menthe-284-g\/","name":"Aunt Jackie's - Apr\u00e8s-shampooing \u00e0 l'aloe vera et menthe - 284 g - NIRIGS","isPartOf":{"@id":"https:\/\/nirigs.com\/#website"},"primaryImageOfPage":{"@id":"https:\/\/nirigs.com\/product\/aunt-jackies-apres-shampooing-a-laloe-vera-et-menthe-284-g\/#primaryimage"},"image":{"@id":"https:\/\/nirigs.com\/product\/aunt-jackies-apres-shampooing-a-laloe-vera-et-menthe-284-g\/#primaryimage"},"thumbnailUrl":"https:\/\/nirigs.com\/wp-content\/uploads\/2024\/02\/Aunt-Jackies-\u2013-Apres-shampooing-hydratant-stimulant-a-laloe-vera-et-a-la-menthe-\u2013-284-g.jpg","datePublished":"2024-02-22T16:12:09+00:00","dateModified":"2026-03-04T16:23:41+00:00","breadcrumb":{"@id":"https:\/\/nirigs.com\/product\/aunt-jackies-apres-shampooing-a-laloe-vera-et-menthe-284-g\/#breadcrumb"},"inLanguage":"en-US","potentialAction":[{"@type":"ReadAction","target":["https:\/\/nirigs.com\/product\/aunt-jackies-apres-shampooing-a-laloe-vera-et-menthe-284-g\/"]}]},{"@type":"ImageObject","inLanguage":"en-US","@id":"https:\/\/nirigs.com\/product\/aunt-jackies-apres-shampooing-a-laloe-vera-et-menthe-284-g\/#primaryimage","url":"https:\/\/nirigs.com\/wp-content\/uploads\/2024\/02\/Aunt-Jackies-\u2013-Apres-shampooing-hydratant-stimulant-a-laloe-vera-et-a-la-menthe-\u2013-284-g.jpg","contentUrl":"https:\/\/nirigs.com\/wp-content\/uploads\/2024\/02\/Aunt-Jackies-\u2013-Apres-shampooing-hydratant-stimulant-a-laloe-vera-et-a-la-menthe-\u2013-284-g.jpg","width":1000,"height":1000},{"@type":"BreadcrumbList","@id":"https:\/\/nirigs.com\/product\/aunt-jackies-apres-shampooing-a-laloe-vera-et-menthe-284-g\/#breadcrumb","itemListElement":[{"@type":"ListItem","position":1,"name":"Home","item":"https:\/\/nirigs.com\/"},{"@type":"ListItem","position":2,"name":"Parcourir","item":"https:\/\/nirigs.com\/boutique\/"},{"@type":"ListItem","position":3,"name":"Aunt Jackie&rsquo;s &#8211; Apr\u00e8s-shampooing \u00e0 l&rsquo;aloe vera et menthe &#8211; 284 g"}]},{"@type":"WebSite","@id":"https:\/\/nirigs.com\/#website","url":"https:\/\/nirigs.com\/","name":"Nirigs.com","description":"Simplifiez vos achats du quotidien \u00e0 Djibouti","publisher":{"@id":"https:\/\/nirigs.com\/#organization"},"potentialAction":[{"@type":"SearchAction","target":{"@type":"EntryPoint","urlTemplate":"https:\/\/nirigs.com\/?s={search_term_string}"},"query-input":{"@type":"PropertyValueSpecification","valueRequired":true,"valueName":"search_term_string"}}],"inLanguage":"en-US"},{"@type":"Organization","@id":"https:\/\/nirigs.com\/#organization","name":"Nirigs","url":"https:\/\/nirigs.com\/","logo":{"@type":"ImageObject","inLanguage":"en-US","@id":"https:\/\/nirigs.com\/#\/schema\/logo\/image\/","url":"https:\/\/nirigs.com\/wp-content\/uploads\/2025\/04\/Design-sans-titre-27.png","contentUrl":"https:\/\/nirigs.com\/wp-content\/uploads\/2025\/04\/Design-sans-titre-27.png","width":500,"height":500,"caption":"Nirigs"},"image":{"@id":"https:\/\/nirigs.com\/#\/schema\/logo\/image\/"}}]}},"brands":[{"id":756,"name":"Aunt Jackie's","slug":"aunt-jackies"}],"_links":{"self":[{"href":"https:\/\/nirigs.com\/en\/wp-json\/wp\/v2\/product\/17444","targetHints":{"allow":["GET"]}}],"collection":[{"href":"https:\/\/nirigs.com\/en\/wp-json\/wp\/v2\/product"}],"about":[{"href":"https:\/\/nirigs.com\/en\/wp-json\/wp\/v2\/types\/product"}],"replies":[{"embeddable":true,"href":"https:\/\/nirigs.com\/en\/wp-json\/wp\/v2\/comments?post=17444"}],"version-history":[{"count":13,"href":"https:\/\/nirigs.com\/en\/wp-json\/wp\/v2\/product\/17444\/revisions"}],"predecessor-version":[{"id":27625,"href":"https:\/\/nirigs.com\/en\/wp-json\/wp\/v2\/product\/17444\/revisions\/27625"}],"wp:featuredmedia":[{"embeddable":true,"href":"https:\/\/nirigs.com\/en\/wp-json\/wp\/v2\/media\/24146"}],"wp:attachment":[{"href":"https:\/\/nirigs.com\/en\/wp-json\/wp\/v2\/media?parent=17444"}],"wp:term":[{"taxonomy":"pwb-brand","embeddable":true,"href":"https:\/\/nirigs.com\/en\/wp-json\/wp\/v2\/pwb-brand?post=17444"},{"taxonomy":"product_brand","embeddable":true,"href":"https:\/\/nirigs.com\/en\/wp-json\/wp\/v2\/product_brand?post=17444"},{"taxonomy":"product_cat","embeddable":true,"href":"https:\/\/nirigs.com\/en\/wp-json\/wp\/v2\/product_cat?post=17444"},{"taxonomy":"product_tag","embeddable":true,"href":"https:\/\/nirigs.com\/en\/wp-json\/wp\/v2\/product_tag?post=17444"}],"curies":[{"name":"wp","href":"https:\/\/api.w.org\/{rel}","templated":true}]}}