{"id":17442,"date":"2024-02-22T19:04:26","date_gmt":"2024-02-22T16:04:26","guid":{"rendered":"https:\/\/nirigs.com\/product\/avocado-and-grapeseed-hair-oil-118-ml\/"},"modified":"2026-03-04T19:18:24","modified_gmt":"2026-03-04T16:18:24","slug":"aunt-jackies-huile-a-lavocat-et-pepins-de-raisin-118-ml","status":"publish","type":"product","link":"https:\/\/nirigs.com\/en\/product\/aunt-jackies-huile-a-lavocat-et-pepins-de-raisin-118-ml\/","title":{"rendered":"Aunt Jackie&rsquo;s &#8211; Huile \u00e0 l&rsquo;avocat et p\u00e9pins de raisin &#8211; 118 ml"},"content":{"rendered":"<p>Aide \u00e0 am\u00e9liorer le niveau de porosit\u00e9 et \u00e0 \u00e9tablir un meilleur \u00e9quilibre d&rsquo;humidit\u00e9. Super \u00ab\u00a0PR\u00c9-Caca!\u00a0\u00bb. Qu&rsquo;est-ce que \u00e7a va faire pour mes cheveux ? La porosit\u00e9 implique la capacit\u00e9 de vos cheveux \u00e0 absorber l\u2019humidit\u00e9.<\/p>\n<p>Des probl\u00e8mes tels que des cassures et des dommages, ou des cheveux mous et sans vie, peuvent survenir lorsque les niveaux de porosit\u00e9 sont trop \u00e9lev\u00e9s (vos cheveux absorbent les produits, mais redeviennent rapidement secs) ou trop faibles (vos cheveux sont tr\u00e8s accumul\u00e9s car ils n&rsquo;absorbent pas les produits). Le solde de tante Jackie ! La th\u00e9rapie aux p\u00e9pins de raisin et \u00e0 l\u2019avocat est une excellente solution pour aider \u00e0 \u00e9quilibrer votre niveau de porosit\u00e9.<\/p>\n<h4><strong>Use<\/strong><\/h4>\n<ul>\n<li>Versez une quantit\u00e9 d&rsquo;un quart dans votre main et frottez les paumes l&rsquo;une contre l&rsquo;autre, puis appliquez sur l&rsquo;ensemble des cheveux, en massant le cuir chevelu et les cheveux, des racines aux pointes.<\/li>\n<li>Peignez ou brossez doucement en r\u00e9partissant uniform\u00e9ment. Appliquez en davantage si n\u00e9cessaire.<\/li>\n<li>Couvrez les cheveux avec un bonnet en plastique pendant 30 minutes, puis faites un shampoing. Excellente solution pour aider \u00e0 \u00e9quilibrer votre niveau de porosit\u00e9. Implique la capacit\u00e9 de vos cheveux \u00e0 absorber l\u2019humidit\u00e9. La th\u00e9rapie aux p\u00e9pins de raisin et \u00e0 l\u2019avocat est une excellente solution pour aider \u00e0 \u00e9quilibrer votre niveau de porosit\u00e9.<\/li>\n<\/ul>\n<h4 class=\"mv0 lh-copy f5 pb1 dark-gray\"><strong>Ingredients<\/strong><\/h4>\n<p class=\"mv0 lh-copy f6 mid-gray\">Ricinus Communis (Castor) Seed Oil, Glycine Soja (Soybean) Oil, Cocos Nucifera (Coconut) Oil, C9-12 Alkane, C12-15 Alkyl Benzoate, Persea Gratissima (Avocado) Oil, Vitis Vinifera (Grape) Seed Oil, Parfum, Diphenylsiloxy Phenyl Trimethicone, Tocopherol, TBHQ, Aloe Barbadensis Leaf Extract, Daucus Carota Sativa Root Extract, Aqua, Hydrolyzed Keratin, Citric Acid, Limonene, Benzyl Benzoate, Linalool<\/p>","protected":false},"excerpt":{"rendered":"<p>Aide \u00e0 am\u00e9liorer le niveau de porosit\u00e9 et \u00e0 \u00e9tablir un meilleur \u00e9quilibre d&rsquo;humidit\u00e9. Super \u00ab\u00a0PR\u00c9-Caca!\u00a0\u00bb. Qu&rsquo;est-ce que \u00e7a va<\/p>","protected":false},"featured_media":26492,"comment_status":"open","ping_status":"closed","template":"","meta":[],"pwb-brand":[756],"product_brand":[],"product_cat":[267,1022,1023],"product_tag":[],"class_list":{"0":"post-17442","1":"product","2":"type-product","3":"status-publish","4":"has-post-thumbnail","6":"pwb-brand-aunt-jackies","7":"product_cat-beaute-et-soins","8":"product_cat-coiffures-et-soins-des-cheveux","9":"product_cat-huile-pour-cheveux","11":"first","12":"outofstock","13":"shipping-taxable","14":"purchasable","15":"product-type-simple"},"yoast_head":"<!-- This site is optimized with the Yoast SEO plugin v27.1.1 - https:\/\/yoast.com\/product\/yoast-seo-wordpress\/ -->\n<title>Aunt Jackie&#039;s - Huile \u00e0 l&#039;avocat et p\u00e9pins de raisin - 118 ml - NIRIGS<\/title>\n<meta name=\"robots\" content=\"index, follow, max-snippet:-1, max-image-preview:large, max-video-preview:-1\" \/>\n<link rel=\"canonical\" href=\"https:\/\/nirigs.com\/en\/product\/aunt-jackies-huile-a-lavocat-et-pepins-de-raisin-118-ml\/\" \/>\n<meta property=\"og:locale\" content=\"en_US\" \/>\n<meta property=\"og:type\" content=\"article\" \/>\n<meta property=\"og:title\" content=\"Aunt Jackie&#039;s - Huile \u00e0 l&#039;avocat et p\u00e9pins de raisin - 118 ml - NIRIGS\" \/>\n<meta property=\"og:description\" content=\"Aide \u00e0 am\u00e9liorer le niveau de porosit\u00e9 et \u00e0 \u00e9tablir un meilleur \u00e9quilibre d&rsquo;humidit\u00e9. Super \u00ab\u00a0PR\u00c9-Caca!\u00a0\u00bb. Qu&rsquo;est-ce que \u00e7a va\" \/>\n<meta property=\"og:url\" content=\"https:\/\/nirigs.com\/en\/product\/aunt-jackies-huile-a-lavocat-et-pepins-de-raisin-118-ml\/\" \/>\n<meta property=\"og:site_name\" content=\"NIRIGS\" \/>\n<meta property=\"article:modified_time\" content=\"2026-03-04T16:18:24+00:00\" \/>\n<meta property=\"og:image\" content=\"https:\/\/nirigs.com\/wp-content\/uploads\/2024\/02\/Aunt-Jackies-Huile-capillaire-a-lavocat-et-aux-pepins-de-raisin-118-ml-1.jpg\" \/>\n\t<meta property=\"og:image:width\" content=\"1000\" \/>\n\t<meta property=\"og:image:height\" content=\"1000\" \/>\n\t<meta property=\"og:image:type\" content=\"image\/jpeg\" \/>\n<meta name=\"twitter:card\" content=\"summary_large_image\" \/>\n<meta name=\"twitter:label1\" content=\"Est. reading time\" \/>\n\t<meta name=\"twitter:data1\" content=\"2 minutes\" \/>\n<script type=\"application\/ld+json\" class=\"yoast-schema-graph\">{\"@context\":\"https:\/\/schema.org\",\"@graph\":[{\"@type\":\"WebPage\",\"@id\":\"https:\/\/nirigs.com\/product\/aunt-jackies-huile-a-lavocat-et-pepins-de-raisin-118-ml\/\",\"url\":\"https:\/\/nirigs.com\/product\/aunt-jackies-huile-a-lavocat-et-pepins-de-raisin-118-ml\/\",\"name\":\"Aunt Jackie's - Huile \u00e0 l'avocat et p\u00e9pins de raisin - 118 ml - NIRIGS\",\"isPartOf\":{\"@id\":\"https:\/\/nirigs.com\/#website\"},\"primaryImageOfPage\":{\"@id\":\"https:\/\/nirigs.com\/product\/aunt-jackies-huile-a-lavocat-et-pepins-de-raisin-118-ml\/#primaryimage\"},\"image\":{\"@id\":\"https:\/\/nirigs.com\/product\/aunt-jackies-huile-a-lavocat-et-pepins-de-raisin-118-ml\/#primaryimage\"},\"thumbnailUrl\":\"https:\/\/nirigs.com\/wp-content\/uploads\/2024\/02\/Aunt-Jackies-Huile-capillaire-a-lavocat-et-aux-pepins-de-raisin-118-ml-1.jpg\",\"datePublished\":\"2024-02-22T16:04:26+00:00\",\"dateModified\":\"2026-03-04T16:18:24+00:00\",\"breadcrumb\":{\"@id\":\"https:\/\/nirigs.com\/product\/aunt-jackies-huile-a-lavocat-et-pepins-de-raisin-118-ml\/#breadcrumb\"},\"inLanguage\":\"en-US\",\"potentialAction\":[{\"@type\":\"ReadAction\",\"target\":[\"https:\/\/nirigs.com\/product\/aunt-jackies-huile-a-lavocat-et-pepins-de-raisin-118-ml\/\"]}]},{\"@type\":\"ImageObject\",\"inLanguage\":\"en-US\",\"@id\":\"https:\/\/nirigs.com\/product\/aunt-jackies-huile-a-lavocat-et-pepins-de-raisin-118-ml\/#primaryimage\",\"url\":\"https:\/\/nirigs.com\/wp-content\/uploads\/2024\/02\/Aunt-Jackies-Huile-capillaire-a-lavocat-et-aux-pepins-de-raisin-118-ml-1.jpg\",\"contentUrl\":\"https:\/\/nirigs.com\/wp-content\/uploads\/2024\/02\/Aunt-Jackies-Huile-capillaire-a-lavocat-et-aux-pepins-de-raisin-118-ml-1.jpg\",\"width\":1000,\"height\":1000},{\"@type\":\"BreadcrumbList\",\"@id\":\"https:\/\/nirigs.com\/product\/aunt-jackies-huile-a-lavocat-et-pepins-de-raisin-118-ml\/#breadcrumb\",\"itemListElement\":[{\"@type\":\"ListItem\",\"position\":1,\"name\":\"Home\",\"item\":\"https:\/\/nirigs.com\/\"},{\"@type\":\"ListItem\",\"position\":2,\"name\":\"Parcourir\",\"item\":\"https:\/\/nirigs.com\/boutique\/\"},{\"@type\":\"ListItem\",\"position\":3,\"name\":\"Aunt Jackie&rsquo;s &#8211; Huile \u00e0 l&rsquo;avocat et p\u00e9pins de raisin &#8211; 118 ml\"}]},{\"@type\":\"WebSite\",\"@id\":\"https:\/\/nirigs.com\/#website\",\"url\":\"https:\/\/nirigs.com\/\",\"name\":\"Nirigs.com\",\"description\":\"Simplifiez vos achats du quotidien \u00e0 Djibouti\",\"publisher\":{\"@id\":\"https:\/\/nirigs.com\/#organization\"},\"potentialAction\":[{\"@type\":\"SearchAction\",\"target\":{\"@type\":\"EntryPoint\",\"urlTemplate\":\"https:\/\/nirigs.com\/?s={search_term_string}\"},\"query-input\":{\"@type\":\"PropertyValueSpecification\",\"valueRequired\":true,\"valueName\":\"search_term_string\"}}],\"inLanguage\":\"en-US\"},{\"@type\":\"Organization\",\"@id\":\"https:\/\/nirigs.com\/#organization\",\"name\":\"Nirigs\",\"url\":\"https:\/\/nirigs.com\/\",\"logo\":{\"@type\":\"ImageObject\",\"inLanguage\":\"en-US\",\"@id\":\"https:\/\/nirigs.com\/#\/schema\/logo\/image\/\",\"url\":\"https:\/\/nirigs.com\/wp-content\/uploads\/2025\/04\/Design-sans-titre-27.png\",\"contentUrl\":\"https:\/\/nirigs.com\/wp-content\/uploads\/2025\/04\/Design-sans-titre-27.png\",\"width\":500,\"height\":500,\"caption\":\"Nirigs\"},\"image\":{\"@id\":\"https:\/\/nirigs.com\/#\/schema\/logo\/image\/\"}}]}<\/script>\n<!-- \/ Yoast SEO plugin. -->","yoast_head_json":{"title":"Aunt Jackie's - Huile \u00e0 l'avocat et p\u00e9pins de raisin - 118 ml - NIRIGS","robots":{"index":"index","follow":"follow","max-snippet":"max-snippet:-1","max-image-preview":"max-image-preview:large","max-video-preview":"max-video-preview:-1"},"canonical":"https:\/\/nirigs.com\/en\/product\/aunt-jackies-huile-a-lavocat-et-pepins-de-raisin-118-ml\/","og_locale":"en_US","og_type":"article","og_title":"Aunt Jackie's - Huile \u00e0 l'avocat et p\u00e9pins de raisin - 118 ml - NIRIGS","og_description":"Aide \u00e0 am\u00e9liorer le niveau de porosit\u00e9 et \u00e0 \u00e9tablir un meilleur \u00e9quilibre d&rsquo;humidit\u00e9. Super \u00ab\u00a0PR\u00c9-Caca!\u00a0\u00bb. Qu&rsquo;est-ce que \u00e7a va","og_url":"https:\/\/nirigs.com\/en\/product\/aunt-jackies-huile-a-lavocat-et-pepins-de-raisin-118-ml\/","og_site_name":"NIRIGS","article_modified_time":"2026-03-04T16:18:24+00:00","og_image":[{"width":1000,"height":1000,"url":"https:\/\/nirigs.com\/wp-content\/uploads\/2024\/02\/Aunt-Jackies-Huile-capillaire-a-lavocat-et-aux-pepins-de-raisin-118-ml-1.jpg","type":"image\/jpeg"}],"twitter_card":"summary_large_image","twitter_misc":{"Est. reading time":"2 minutes"},"schema":{"@context":"https:\/\/schema.org","@graph":[{"@type":"WebPage","@id":"https:\/\/nirigs.com\/product\/aunt-jackies-huile-a-lavocat-et-pepins-de-raisin-118-ml\/","url":"https:\/\/nirigs.com\/product\/aunt-jackies-huile-a-lavocat-et-pepins-de-raisin-118-ml\/","name":"Aunt Jackie's - Huile \u00e0 l'avocat et p\u00e9pins de raisin - 118 ml - NIRIGS","isPartOf":{"@id":"https:\/\/nirigs.com\/#website"},"primaryImageOfPage":{"@id":"https:\/\/nirigs.com\/product\/aunt-jackies-huile-a-lavocat-et-pepins-de-raisin-118-ml\/#primaryimage"},"image":{"@id":"https:\/\/nirigs.com\/product\/aunt-jackies-huile-a-lavocat-et-pepins-de-raisin-118-ml\/#primaryimage"},"thumbnailUrl":"https:\/\/nirigs.com\/wp-content\/uploads\/2024\/02\/Aunt-Jackies-Huile-capillaire-a-lavocat-et-aux-pepins-de-raisin-118-ml-1.jpg","datePublished":"2024-02-22T16:04:26+00:00","dateModified":"2026-03-04T16:18:24+00:00","breadcrumb":{"@id":"https:\/\/nirigs.com\/product\/aunt-jackies-huile-a-lavocat-et-pepins-de-raisin-118-ml\/#breadcrumb"},"inLanguage":"en-US","potentialAction":[{"@type":"ReadAction","target":["https:\/\/nirigs.com\/product\/aunt-jackies-huile-a-lavocat-et-pepins-de-raisin-118-ml\/"]}]},{"@type":"ImageObject","inLanguage":"en-US","@id":"https:\/\/nirigs.com\/product\/aunt-jackies-huile-a-lavocat-et-pepins-de-raisin-118-ml\/#primaryimage","url":"https:\/\/nirigs.com\/wp-content\/uploads\/2024\/02\/Aunt-Jackies-Huile-capillaire-a-lavocat-et-aux-pepins-de-raisin-118-ml-1.jpg","contentUrl":"https:\/\/nirigs.com\/wp-content\/uploads\/2024\/02\/Aunt-Jackies-Huile-capillaire-a-lavocat-et-aux-pepins-de-raisin-118-ml-1.jpg","width":1000,"height":1000},{"@type":"BreadcrumbList","@id":"https:\/\/nirigs.com\/product\/aunt-jackies-huile-a-lavocat-et-pepins-de-raisin-118-ml\/#breadcrumb","itemListElement":[{"@type":"ListItem","position":1,"name":"Home","item":"https:\/\/nirigs.com\/"},{"@type":"ListItem","position":2,"name":"Parcourir","item":"https:\/\/nirigs.com\/boutique\/"},{"@type":"ListItem","position":3,"name":"Aunt Jackie&rsquo;s &#8211; Huile \u00e0 l&rsquo;avocat et p\u00e9pins de raisin &#8211; 118 ml"}]},{"@type":"WebSite","@id":"https:\/\/nirigs.com\/#website","url":"https:\/\/nirigs.com\/","name":"Nirigs.com","description":"Simplifiez vos achats du quotidien \u00e0 Djibouti","publisher":{"@id":"https:\/\/nirigs.com\/#organization"},"potentialAction":[{"@type":"SearchAction","target":{"@type":"EntryPoint","urlTemplate":"https:\/\/nirigs.com\/?s={search_term_string}"},"query-input":{"@type":"PropertyValueSpecification","valueRequired":true,"valueName":"search_term_string"}}],"inLanguage":"en-US"},{"@type":"Organization","@id":"https:\/\/nirigs.com\/#organization","name":"Nirigs","url":"https:\/\/nirigs.com\/","logo":{"@type":"ImageObject","inLanguage":"en-US","@id":"https:\/\/nirigs.com\/#\/schema\/logo\/image\/","url":"https:\/\/nirigs.com\/wp-content\/uploads\/2025\/04\/Design-sans-titre-27.png","contentUrl":"https:\/\/nirigs.com\/wp-content\/uploads\/2025\/04\/Design-sans-titre-27.png","width":500,"height":500,"caption":"Nirigs"},"image":{"@id":"https:\/\/nirigs.com\/#\/schema\/logo\/image\/"}}]}},"brands":[{"id":756,"name":"Aunt Jackie's","slug":"aunt-jackies"}],"_links":{"self":[{"href":"https:\/\/nirigs.com\/en\/wp-json\/wp\/v2\/product\/17442","targetHints":{"allow":["GET"]}}],"collection":[{"href":"https:\/\/nirigs.com\/en\/wp-json\/wp\/v2\/product"}],"about":[{"href":"https:\/\/nirigs.com\/en\/wp-json\/wp\/v2\/types\/product"}],"replies":[{"embeddable":true,"href":"https:\/\/nirigs.com\/en\/wp-json\/wp\/v2\/comments?post=17442"}],"version-history":[{"count":9,"href":"https:\/\/nirigs.com\/en\/wp-json\/wp\/v2\/product\/17442\/revisions"}],"predecessor-version":[{"id":27623,"href":"https:\/\/nirigs.com\/en\/wp-json\/wp\/v2\/product\/17442\/revisions\/27623"}],"wp:featuredmedia":[{"embeddable":true,"href":"https:\/\/nirigs.com\/en\/wp-json\/wp\/v2\/media\/26492"}],"wp:attachment":[{"href":"https:\/\/nirigs.com\/en\/wp-json\/wp\/v2\/media?parent=17442"}],"wp:term":[{"taxonomy":"pwb-brand","embeddable":true,"href":"https:\/\/nirigs.com\/en\/wp-json\/wp\/v2\/pwb-brand?post=17442"},{"taxonomy":"product_brand","embeddable":true,"href":"https:\/\/nirigs.com\/en\/wp-json\/wp\/v2\/product_brand?post=17442"},{"taxonomy":"product_cat","embeddable":true,"href":"https:\/\/nirigs.com\/en\/wp-json\/wp\/v2\/product_cat?post=17442"},{"taxonomy":"product_tag","embeddable":true,"href":"https:\/\/nirigs.com\/en\/wp-json\/wp\/v2\/product_tag?post=17442"}],"curies":[{"name":"wp","href":"https:\/\/api.w.org\/{rel}","templated":true}]}}