{"id":17241,"date":"2024-02-11T10:11:08","date_gmt":"2024-02-11T07:11:08","guid":{"rendered":"https:\/\/nirigs.com\/product\/moisturizing-body-cream-350-g\/"},"modified":"2025-06-06T20:43:35","modified_gmt":"2025-06-06T17:43:35","slug":"moisturizing-body-cream-350-g","status":"publish","type":"product","link":"https:\/\/nirigs.com\/en\/product\/moisturizing-body-cream-350-g\/","title":{"rendered":"E45 - Moisturizing Body Cream - 350 g"},"content":{"rendered":"<p class=\"product-general-information__section-item-short-description\">Il a \u00e9t\u00e9 cliniquement prouv\u00e9 que la cr\u00e8me E45 traite la peau s\u00e8che, desquam\u00e9e et gerc\u00e9e. Ainsi que des affections cutan\u00e9es s\u00e8ches plus graves comme l&rsquo;ecz\u00e9ma, la dermatite, l&rsquo;ichtyose et certains cas secs de psoriasis.<\/p>\n<article class=\"product-general-information__section-item\">\n<p class=\"product-general-information__section-item-title\">Caract\u00e9ristiques<\/p>\n<p class=\"product-general-information__section-item-description\">Hydratation efficace \u2013 La cr\u00e8me quotidienne E45 offre une hydratation efficace au quotidien. \u00c0 mesure que la peau devient plus s\u00e8che, elle semble moins saine et devient moins efficace pour retenir l\u2019humidit\u00e9, ce qui la laisse encore plus s\u00e8che. Notre cr\u00e8me apaise, prot\u00e8ge et restaure la peau tr\u00e8s s\u00e8che \u2013 elle r\u00e9g\u00e9n\u00e8re intens\u00e9ment l\u2019humidit\u00e9 pour apaiser la s\u00e9cheresse et lisser la peau rugueuse. La cr\u00e8me retient l&rsquo;humidit\u00e9 pour aider \u00e0 mieux prot\u00e9ger la peau contre la perte d&rsquo;humidit\u00e9 et pour aider \u00e0 restaurer et \u00e0 maintenir le niveau d&rsquo;hydratation de la peau.<\/p>\n<h4>Ingredients<\/h4>\n<p>Notre cr\u00e8me quotidienne contient de la paraffine liquide l\u00e9g\u00e8re qui poss\u00e8de des propri\u00e9t\u00e9s hydratantes \u00e9mollientes pour aider \u00e0 garder la peau hydrat\u00e9e. La formule douce sans parfum est non grasse et rapidement absorb\u00e9e et convient m\u00eame aux peaux sensibles. La cr\u00e8me est facile \u00e0 appliquer sur la peau et peut \u00eatre utilis\u00e9e chaque fois que la peau est s\u00e8che, retenant l&rsquo;humidit\u00e9 et vous laissant une douceur durable en seulement 2 semaines.<\/p>\n<p>Test\u00e9 dermatologiquement \u2013 \u200b\u200bLa formulation E45 est test\u00e9e dermatologiquement et ne contient aucune couleur ou parfum inutile. Il convient \u00e0 une utilisation quotidienne sur les peaux s\u00e8ches et sensibles de toute la famille, y compris les nourrissons de plus de 1 mois. Vous pouvez appliquer la cr\u00e8me sur tout le corps, y compris le visage, pour une peau douce et souple. La cr\u00e8me a une faible viscosit\u00e9 avec une consistance aqueuse qui peut \u00eatre appliqu\u00e9e en profondeur sur la peau et est facilement absorb\u00e9e.<\/p>\n<p>Des soins de la peau de qualit\u00e9 au quotidien \u2013 Depuis 60 ans, E45 est un expert en soins de la peau s\u00e8che et qui d\u00e9mange et dans le traitement de l&rsquo;ecz\u00e9ma, du psoriasis, de l&rsquo;ichtyose et d&rsquo;autres affections cutan\u00e9es s\u00e8ches. Nous comprenons l&rsquo;importance de produits de qualit\u00e9 au quotidien qui prennent soin de votre peau avec un minimum de tracas. La gamme de produits E45 a \u00e9t\u00e9 d\u00e9velopp\u00e9e pour diff\u00e9rents types de peau et parties du corps et travaille dur pour prot\u00e9ger et maintenir la sant\u00e9 de la peau. Il poss\u00e8de une expertise dermatologique \u00e9prouv\u00e9e d\u00e9di\u00e9e aux peaux s\u00e8ches et vuln\u00e9rables.<\/p>\n<\/article>\n<p><strong>Use<\/strong><\/p>\n<div>\n<article class=\"product-general-information__section-item\">\n<p class=\"product-general-information__section-item-description\">L&rsquo;E45 peut \u00eatre utilis\u00e9 au quotidien par toute la famille, y compris les b\u00e9b\u00e9s. V\u00e9rifiez que le joint de la baignoire est intact avant la premi\u00e8re utilisation. Appliquer g\u00e9n\u00e9reusement 2 ou 3 fois par jour ou selon les besoins. Pour usage externe uniquement.<\/p>\n<\/article>\n<\/div>","protected":false},"excerpt":{"rendered":"<p>Il a \u00e9t\u00e9 cliniquement prouv\u00e9 que la cr\u00e8me E45 traite la peau s\u00e8che, desquam\u00e9e et gerc\u00e9e. Ainsi que des affections<\/p>","protected":false},"featured_media":24169,"comment_status":"open","ping_status":"closed","template":"","meta":[],"pwb-brand":[785],"product_brand":[],"product_cat":[1049,267,1085,1078],"product_tag":[],"class_list":{"0":"post-17241","1":"product","2":"type-product","3":"status-publish","4":"has-post-thumbnail","6":"pwb-brand-e45","7":"product_cat-bain-savons-et-soin-du-corps","8":"product_cat-beaute-et-soins","9":"product_cat-cremes-pour-le-corps-soins-pour-le-corps-et-gommages","10":"product_cat-soins-pour-le-corps-et-gommages","12":"first","13":"outofstock","14":"shipping-taxable","15":"purchasable","16":"product-type-simple"},"yoast_head":"<!-- This site is optimized with the Yoast SEO plugin v27.1.1 - https:\/\/yoast.com\/product\/yoast-seo-wordpress\/ -->\n<title>E45 - Cr\u00e8me Hydratante Corps - 350 g - NIRIGS<\/title>\n<meta name=\"robots\" content=\"index, follow, max-snippet:-1, max-image-preview:large, max-video-preview:-1\" \/>\n<link rel=\"canonical\" href=\"https:\/\/nirigs.com\/en\/product\/moisturizing-body-cream-350-g\/\" \/>\n<meta property=\"og:locale\" content=\"en_US\" \/>\n<meta property=\"og:type\" content=\"article\" \/>\n<meta property=\"og:title\" content=\"E45 - Cr\u00e8me Hydratante Corps - 350 g - NIRIGS\" \/>\n<meta property=\"og:description\" content=\"Il a \u00e9t\u00e9 cliniquement prouv\u00e9 que la cr\u00e8me E45 traite la peau s\u00e8che, desquam\u00e9e et gerc\u00e9e. Ainsi que des affections\" \/>\n<meta property=\"og:url\" content=\"https:\/\/nirigs.com\/en\/product\/moisturizing-body-cream-350-g\/\" \/>\n<meta property=\"og:site_name\" content=\"NIRIGS\" \/>\n<meta property=\"article:modified_time\" content=\"2025-06-06T17:43:35+00:00\" \/>\n<meta property=\"og:image\" content=\"https:\/\/nirigs.com\/wp-content\/uploads\/2024\/02\/E45-\u2013-Creme-Hydratante-Corps-\u2013-350-g.jpg\" \/>\n\t<meta property=\"og:image:width\" content=\"1000\" \/>\n\t<meta property=\"og:image:height\" content=\"1000\" \/>\n\t<meta property=\"og:image:type\" content=\"image\/jpeg\" \/>\n<meta name=\"twitter:card\" content=\"summary_large_image\" \/>\n<meta name=\"twitter:label1\" content=\"Est. reading time\" \/>\n\t<meta name=\"twitter:data1\" content=\"2 minutes\" \/>\n<script type=\"application\/ld+json\" class=\"yoast-schema-graph\">{\"@context\":\"https:\/\/schema.org\",\"@graph\":[{\"@type\":\"WebPage\",\"@id\":\"https:\/\/nirigs.com\/product\/moisturizing-body-cream-350-g\/\",\"url\":\"https:\/\/nirigs.com\/product\/moisturizing-body-cream-350-g\/\",\"name\":\"E45 - Cr\u00e8me Hydratante Corps - 350 g - NIRIGS\",\"isPartOf\":{\"@id\":\"https:\/\/nirigs.com\/#website\"},\"primaryImageOfPage\":{\"@id\":\"https:\/\/nirigs.com\/product\/moisturizing-body-cream-350-g\/#primaryimage\"},\"image\":{\"@id\":\"https:\/\/nirigs.com\/product\/moisturizing-body-cream-350-g\/#primaryimage\"},\"thumbnailUrl\":\"https:\/\/nirigs.com\/wp-content\/uploads\/2024\/02\/E45-\u2013-Creme-Hydratante-Corps-\u2013-350-g.jpg\",\"datePublished\":\"2024-02-11T07:11:08+00:00\",\"dateModified\":\"2025-06-06T17:43:35+00:00\",\"breadcrumb\":{\"@id\":\"https:\/\/nirigs.com\/product\/moisturizing-body-cream-350-g\/#breadcrumb\"},\"inLanguage\":\"en-US\",\"potentialAction\":[{\"@type\":\"ReadAction\",\"target\":[\"https:\/\/nirigs.com\/product\/moisturizing-body-cream-350-g\/\"]}]},{\"@type\":\"ImageObject\",\"inLanguage\":\"en-US\",\"@id\":\"https:\/\/nirigs.com\/product\/moisturizing-body-cream-350-g\/#primaryimage\",\"url\":\"https:\/\/nirigs.com\/wp-content\/uploads\/2024\/02\/E45-\u2013-Creme-Hydratante-Corps-\u2013-350-g.jpg\",\"contentUrl\":\"https:\/\/nirigs.com\/wp-content\/uploads\/2024\/02\/E45-\u2013-Creme-Hydratante-Corps-\u2013-350-g.jpg\",\"width\":1000,\"height\":1000},{\"@type\":\"BreadcrumbList\",\"@id\":\"https:\/\/nirigs.com\/product\/moisturizing-body-cream-350-g\/#breadcrumb\",\"itemListElement\":[{\"@type\":\"ListItem\",\"position\":1,\"name\":\"Home\",\"item\":\"https:\/\/nirigs.com\/\"},{\"@type\":\"ListItem\",\"position\":2,\"name\":\"Parcourir\",\"item\":\"https:\/\/nirigs.com\/boutique\/\"},{\"@type\":\"ListItem\",\"position\":3,\"name\":\"E45 &#8211; Cr\u00e8me Hydratante Corps &#8211; 350 g\"}]},{\"@type\":\"WebSite\",\"@id\":\"https:\/\/nirigs.com\/#website\",\"url\":\"https:\/\/nirigs.com\/\",\"name\":\"Nirigs.com\",\"description\":\"Simplifiez vos achats du quotidien \u00e0 Djibouti\",\"publisher\":{\"@id\":\"https:\/\/nirigs.com\/#organization\"},\"potentialAction\":[{\"@type\":\"SearchAction\",\"target\":{\"@type\":\"EntryPoint\",\"urlTemplate\":\"https:\/\/nirigs.com\/?s={search_term_string}\"},\"query-input\":{\"@type\":\"PropertyValueSpecification\",\"valueRequired\":true,\"valueName\":\"search_term_string\"}}],\"inLanguage\":\"en-US\"},{\"@type\":\"Organization\",\"@id\":\"https:\/\/nirigs.com\/#organization\",\"name\":\"Nirigs\",\"url\":\"https:\/\/nirigs.com\/\",\"logo\":{\"@type\":\"ImageObject\",\"inLanguage\":\"en-US\",\"@id\":\"https:\/\/nirigs.com\/#\/schema\/logo\/image\/\",\"url\":\"https:\/\/nirigs.com\/wp-content\/uploads\/2025\/04\/Design-sans-titre-27.png\",\"contentUrl\":\"https:\/\/nirigs.com\/wp-content\/uploads\/2025\/04\/Design-sans-titre-27.png\",\"width\":500,\"height\":500,\"caption\":\"Nirigs\"},\"image\":{\"@id\":\"https:\/\/nirigs.com\/#\/schema\/logo\/image\/\"}}]}<\/script>\n<!-- \/ Yoast SEO plugin. -->","yoast_head_json":{"title":"E45 - Cr\u00e8me Hydratante Corps - 350 g - NIRIGS","robots":{"index":"index","follow":"follow","max-snippet":"max-snippet:-1","max-image-preview":"max-image-preview:large","max-video-preview":"max-video-preview:-1"},"canonical":"https:\/\/nirigs.com\/en\/product\/moisturizing-body-cream-350-g\/","og_locale":"en_US","og_type":"article","og_title":"E45 - Cr\u00e8me Hydratante Corps - 350 g - NIRIGS","og_description":"Il a \u00e9t\u00e9 cliniquement prouv\u00e9 que la cr\u00e8me E45 traite la peau s\u00e8che, desquam\u00e9e et gerc\u00e9e. Ainsi que des affections","og_url":"https:\/\/nirigs.com\/en\/product\/moisturizing-body-cream-350-g\/","og_site_name":"NIRIGS","article_modified_time":"2025-06-06T17:43:35+00:00","og_image":[{"width":1000,"height":1000,"url":"https:\/\/nirigs.com\/wp-content\/uploads\/2024\/02\/E45-\u2013-Creme-Hydratante-Corps-\u2013-350-g.jpg","type":"image\/jpeg"}],"twitter_card":"summary_large_image","twitter_misc":{"Est. reading time":"2 minutes"},"schema":{"@context":"https:\/\/schema.org","@graph":[{"@type":"WebPage","@id":"https:\/\/nirigs.com\/product\/moisturizing-body-cream-350-g\/","url":"https:\/\/nirigs.com\/product\/moisturizing-body-cream-350-g\/","name":"E45 - Cr\u00e8me Hydratante Corps - 350 g - NIRIGS","isPartOf":{"@id":"https:\/\/nirigs.com\/#website"},"primaryImageOfPage":{"@id":"https:\/\/nirigs.com\/product\/moisturizing-body-cream-350-g\/#primaryimage"},"image":{"@id":"https:\/\/nirigs.com\/product\/moisturizing-body-cream-350-g\/#primaryimage"},"thumbnailUrl":"https:\/\/nirigs.com\/wp-content\/uploads\/2024\/02\/E45-\u2013-Creme-Hydratante-Corps-\u2013-350-g.jpg","datePublished":"2024-02-11T07:11:08+00:00","dateModified":"2025-06-06T17:43:35+00:00","breadcrumb":{"@id":"https:\/\/nirigs.com\/product\/moisturizing-body-cream-350-g\/#breadcrumb"},"inLanguage":"en-US","potentialAction":[{"@type":"ReadAction","target":["https:\/\/nirigs.com\/product\/moisturizing-body-cream-350-g\/"]}]},{"@type":"ImageObject","inLanguage":"en-US","@id":"https:\/\/nirigs.com\/product\/moisturizing-body-cream-350-g\/#primaryimage","url":"https:\/\/nirigs.com\/wp-content\/uploads\/2024\/02\/E45-\u2013-Creme-Hydratante-Corps-\u2013-350-g.jpg","contentUrl":"https:\/\/nirigs.com\/wp-content\/uploads\/2024\/02\/E45-\u2013-Creme-Hydratante-Corps-\u2013-350-g.jpg","width":1000,"height":1000},{"@type":"BreadcrumbList","@id":"https:\/\/nirigs.com\/product\/moisturizing-body-cream-350-g\/#breadcrumb","itemListElement":[{"@type":"ListItem","position":1,"name":"Home","item":"https:\/\/nirigs.com\/"},{"@type":"ListItem","position":2,"name":"Parcourir","item":"https:\/\/nirigs.com\/boutique\/"},{"@type":"ListItem","position":3,"name":"E45 &#8211; Cr\u00e8me Hydratante Corps &#8211; 350 g"}]},{"@type":"WebSite","@id":"https:\/\/nirigs.com\/#website","url":"https:\/\/nirigs.com\/","name":"Nirigs.com","description":"Simplifiez vos achats du quotidien \u00e0 Djibouti","publisher":{"@id":"https:\/\/nirigs.com\/#organization"},"potentialAction":[{"@type":"SearchAction","target":{"@type":"EntryPoint","urlTemplate":"https:\/\/nirigs.com\/?s={search_term_string}"},"query-input":{"@type":"PropertyValueSpecification","valueRequired":true,"valueName":"search_term_string"}}],"inLanguage":"en-US"},{"@type":"Organization","@id":"https:\/\/nirigs.com\/#organization","name":"Nirigs","url":"https:\/\/nirigs.com\/","logo":{"@type":"ImageObject","inLanguage":"en-US","@id":"https:\/\/nirigs.com\/#\/schema\/logo\/image\/","url":"https:\/\/nirigs.com\/wp-content\/uploads\/2025\/04\/Design-sans-titre-27.png","contentUrl":"https:\/\/nirigs.com\/wp-content\/uploads\/2025\/04\/Design-sans-titre-27.png","width":500,"height":500,"caption":"Nirigs"},"image":{"@id":"https:\/\/nirigs.com\/#\/schema\/logo\/image\/"}}]}},"brands":[{"id":785,"name":"E45","slug":"e45"}],"_links":{"self":[{"href":"https:\/\/nirigs.com\/en\/wp-json\/wp\/v2\/product\/17241","targetHints":{"allow":["GET"]}}],"collection":[{"href":"https:\/\/nirigs.com\/en\/wp-json\/wp\/v2\/product"}],"about":[{"href":"https:\/\/nirigs.com\/en\/wp-json\/wp\/v2\/types\/product"}],"replies":[{"embeddable":true,"href":"https:\/\/nirigs.com\/en\/wp-json\/wp\/v2\/comments?post=17241"}],"version-history":[{"count":8,"href":"https:\/\/nirigs.com\/en\/wp-json\/wp\/v2\/product\/17241\/revisions"}],"predecessor-version":[{"id":26897,"href":"https:\/\/nirigs.com\/en\/wp-json\/wp\/v2\/product\/17241\/revisions\/26897"}],"wp:featuredmedia":[{"embeddable":true,"href":"https:\/\/nirigs.com\/en\/wp-json\/wp\/v2\/media\/24169"}],"wp:attachment":[{"href":"https:\/\/nirigs.com\/en\/wp-json\/wp\/v2\/media?parent=17241"}],"wp:term":[{"taxonomy":"pwb-brand","embeddable":true,"href":"https:\/\/nirigs.com\/en\/wp-json\/wp\/v2\/pwb-brand?post=17241"},{"taxonomy":"product_brand","embeddable":true,"href":"https:\/\/nirigs.com\/en\/wp-json\/wp\/v2\/product_brand?post=17241"},{"taxonomy":"product_cat","embeddable":true,"href":"https:\/\/nirigs.com\/en\/wp-json\/wp\/v2\/product_cat?post=17241"},{"taxonomy":"product_tag","embeddable":true,"href":"https:\/\/nirigs.com\/en\/wp-json\/wp\/v2\/product_tag?post=17241"}],"curies":[{"name":"wp","href":"https:\/\/api.w.org\/{rel}","templated":true}]}}