{"id":17238,"date":"2024-02-11T10:05:33","date_gmt":"2024-02-11T07:05:33","guid":{"rendered":"https:\/\/nirigs.com\/product\/box-hydration-with-aloe-vera-mint-and-manuka-honey\/"},"modified":"2026-03-04T19:24:33","modified_gmt":"2026-03-04T16:24:33","slug":"aunt-jackies-coffret-hydratation-a-laloe-vera-et-menthe","status":"publish","type":"product","link":"https:\/\/nirigs.com\/en\/product\/aunt-jackies-coffret-hydratation-a-laloe-vera-et-menthe\/","title":{"rendered":"Aunt Jackie&rsquo;s &#8211; Coffret Hydratation \u00e0 l&rsquo;Aloe Vera et Menthe"},"content":{"rendered":"<p data-start=\"177\" data-end=\"676\">Le coffret hydratation <em data-start=\"226\" data-end=\"241\">Aunt Jackie&#039;s<\/em> \u00e0 l\u2019Aloe Vera et Menthe est une routine capillaire compl\u00e8te con\u00e7ue pour apporter une <strong data-start=\"327\" data-end=\"403\">hydratation intense, une douceur optimale et une fra\u00eecheur revitalisante<\/strong> \u00e0 tous les types de cheveux, particuli\u00e8rement les cheveux secs, boucl\u00e9s ou textur\u00e9s. Cette s\u00e9lection de soins soigneusement formul\u00e9s travaille en synergie pour nourrir profond\u00e9ment les cheveux, faciliter le coiffage, r\u00e9duire les frisottis et renforcer la fibre capillaire.<\/p>\n<p data-start=\"678\" data-end=\"1006\">Les ingr\u00e9dients naturels comme l\u2019aloe vera et la menthe apportent un effet rafra\u00eechissant imm\u00e9diat tout en aidant \u00e0 retenir l\u2019hydratation, am\u00e9liorer la souplesse et accentuer la brillance. Que ce soit pour une routine quotidienne ou hebdomadaire, ce coffret offre une solution compl\u00e8te pour une chevelure douce, souple et saine.<\/p>\n<h2 data-section-id=\"1u53mnk\" data-start=\"1013\" data-end=\"1041\"><strong data-start=\"1017\" data-end=\"1039\">Contenu du Coffret<\/strong><\/h2>\n<p data-start=\"1042\" data-end=\"1076\">Ce coffret inclut g\u00e9n\u00e9ralement :<\/p>\n<ul data-start=\"1077\" data-end=\"1266\">\n<li data-section-id=\"10h400e\" data-start=\"1077\" data-end=\"1127\">\n<p data-start=\"1079\" data-end=\"1127\">Un shampoing hydratant \u00e0 l\u2019aloe vera et menthe<\/p>\n<\/li>\n<li data-section-id=\"zmw82w\" data-start=\"1128\" data-end=\"1162\">\n<p data-start=\"1130\" data-end=\"1162\">Un apr\u00e8s-shampoing nourrissant<\/p>\n<\/li>\n<li data-section-id=\"1sw9u32\" data-start=\"1163\" data-end=\"1266\">\n<p data-start=\"1165\" data-end=\"1266\">Un masque ou cr\u00e8me de soin intensif<\/p>\n<\/li>\n<\/ul>\n<h2 data-section-id=\"1c377jw\" data-start=\"1273\" data-end=\"1303\"><strong data-start=\"1277\" data-end=\"1301\">Bienfaits principaux<\/strong><\/h2>\n<ul data-start=\"1304\" data-end=\"1531\">\n<li data-section-id=\"xd9hoc\" data-start=\"1304\" data-end=\"1347\">\n<p data-start=\"1306\" data-end=\"1347\">Hydrate intens\u00e9ment la fibre capillaire<\/p>\n<\/li>\n<li data-section-id=\"12yzrw2\" data-start=\"1348\" data-end=\"1390\">\n<p data-start=\"1350\" data-end=\"1390\">Nourrit et revitalise les cheveux secs<\/p>\n<\/li>\n<li data-section-id=\"12ui526\" data-start=\"1391\" data-end=\"1415\">\n<p data-start=\"1393\" data-end=\"1415\">R\u00e9duit les frisottis<\/p>\n<\/li>\n<li data-section-id=\"xv5ftp\" data-start=\"1416\" data-end=\"1440\">\n<p data-start=\"1418\" data-end=\"1440\">Facilite le d\u00e9m\u00ealage<\/p>\n<\/li>\n<li data-section-id=\"680tia\" data-start=\"1441\" data-end=\"1484\">\n<p data-start=\"1443\" data-end=\"1484\">Apporte douceur, brillance et souplesse<\/p>\n<\/li>\n<li data-section-id=\"15vikhp\" data-start=\"1485\" data-end=\"1531\">\n<p data-start=\"1487\" data-end=\"1531\">Effet rafra\u00eechissant apport\u00e9 par la menthe<\/p>\n<\/li>\n<\/ul>\n<h2 data-section-id=\"1bcs3y1\" data-start=\"1538\" data-end=\"1559\"><strong data-start=\"1542\" data-end=\"1557\">Actifs cl\u00e9s<\/strong><\/h2>\n<ul data-start=\"1560\" data-end=\"1800\">\n<li data-section-id=\"1dzjvez\" data-start=\"1560\" data-end=\"1646\">\n<p data-start=\"1562\" data-end=\"1646\"><strong data-start=\"1562\" data-end=\"1575\">Aloe Vera<\/strong> : hydrate en profondeur et maintient l\u2019\u00e9quilibre naturel des cheveux<\/p>\n<\/li>\n<li data-section-id=\"1s4sxbo\" data-start=\"1647\" data-end=\"1728\">\n<p data-start=\"1649\" data-end=\"1728\"><strong data-start=\"1649\" data-end=\"1659\">Menthe<\/strong> : rafra\u00eechit le cuir chevelu et apporte une sensation de fra\u00eecheur<\/p>\n<\/li>\n<li data-section-id=\"14frw1j\" data-start=\"1729\" data-end=\"1800\">\n<p data-start=\"1731\" data-end=\"1800\"><strong data-start=\"1731\" data-end=\"1752\">Agents hydratants<\/strong> : renforcent et prot\u00e8gent la fibre capillaire<\/p>\n<\/li>\n<\/ul>\n<h2 data-section-id=\"lvwgkb\" data-start=\"1807\" data-end=\"1835\"><strong data-start=\"1811\" data-end=\"1833\">Mode d\u2019utilisation<\/strong><\/h2>\n<ol data-start=\"1836\" data-end=\"2140\">\n<li data-section-id=\"1xapvld\" data-start=\"1836\" data-end=\"1921\">\n<p data-start=\"1839\" data-end=\"1921\"><strong data-start=\"1839\" data-end=\"1854\">Shampoing :<\/strong> Appliquer sur cheveux mouill\u00e9s, masser d\u00e9licatement puis rincer.<\/p>\n<\/li>\n<li data-section-id=\"hhw9ot\" data-start=\"1922\" data-end=\"2027\">\n<p data-start=\"1925\" data-end=\"2027\"><strong data-start=\"1925\" data-end=\"1946\">Apr\u00e8s-shampoing :<\/strong> Appliquer sur les longueurs et pointes, laisser agir 2-3 minutes, puis rincer.<\/p>\n<\/li>\n<li data-section-id=\"3bkx17\" data-start=\"2028\" data-end=\"2140\">\n<p data-start=\"2031\" data-end=\"2140\"><strong data-start=\"2031\" data-end=\"2057\">Masque\/soin intensif :<\/strong> Appliquer g\u00e9n\u00e9reusement apr\u00e8s le shampoing, laisser agir 5-10 minutes puis rincer.<\/p>\n<\/li>\n<\/ol>\n<h2 data-section-id=\"epvma5\" data-start=\"2147\" data-end=\"2169\"><strong data-start=\"2151\" data-end=\"2167\">Id\u00e9al pour :<\/strong><\/h2>\n<p data-start=\"2170\" data-end=\"2260\">Cheveux secs, boucl\u00e9s, fris\u00e9s, d\u00e9shydrat\u00e9s ou n\u00e9cessitant une routine hydratante compl\u00e8te.<\/p>","protected":false},"excerpt":{"rendered":"<p>Le coffret hydratation Aunt Jackie&rsquo;s \u00e0 l\u2019Aloe Vera et Menthe est une routine capillaire compl\u00e8te con\u00e7ue pour apporter une hydratation<\/p>","protected":false},"featured_media":24173,"comment_status":"open","ping_status":"closed","template":"","meta":[],"pwb-brand":[756],"product_brand":[],"product_cat":[267,1022,1024],"product_tag":[],"class_list":{"0":"post-17238","1":"product","2":"type-product","3":"status-publish","4":"has-post-thumbnail","6":"pwb-brand-aunt-jackies","7":"product_cat-beaute-et-soins","8":"product_cat-coiffures-et-soins-des-cheveux","9":"product_cat-soins-des-cheveux","11":"first","12":"outofstock","13":"sale","14":"shipping-taxable","15":"purchasable","16":"product-type-simple"},"yoast_head":"<!-- This site is optimized with the Yoast SEO plugin v27.4 - https:\/\/yoast.com\/product\/yoast-seo-wordpress\/ -->\n<title>Aunt Jackie&#039;s - Coffret Hydratation \u00e0 l&#039;Aloe Vera et Menthe - NIRIGS<\/title>\n<meta name=\"robots\" content=\"index, follow, max-snippet:-1, max-image-preview:large, max-video-preview:-1\" \/>\n<link rel=\"canonical\" href=\"https:\/\/nirigs.com\/en\/product\/aunt-jackies-coffret-hydratation-a-laloe-vera-et-menthe\/\" \/>\n<meta property=\"og:locale\" content=\"en_US\" \/>\n<meta property=\"og:type\" content=\"article\" \/>\n<meta property=\"og:title\" content=\"Aunt Jackie&#039;s - Coffret Hydratation \u00e0 l&#039;Aloe Vera et Menthe - NIRIGS\" \/>\n<meta property=\"og:description\" content=\"Le coffret hydratation Aunt Jackie&rsquo;s \u00e0 l\u2019Aloe Vera et Menthe est une routine capillaire compl\u00e8te con\u00e7ue pour apporter une hydratation\" \/>\n<meta property=\"og:url\" content=\"https:\/\/nirigs.com\/en\/product\/aunt-jackies-coffret-hydratation-a-laloe-vera-et-menthe\/\" \/>\n<meta property=\"og:site_name\" content=\"NIRIGS\" \/>\n<meta property=\"article:modified_time\" content=\"2026-03-04T16:24:33+00:00\" \/>\n<meta property=\"og:image\" content=\"https:\/\/nirigs.com\/wp-content\/uploads\/2024\/02\/Aunt-Jackies-\u2013-Coffret-Hydratation-\u2013-A-lAloe-Vera-Menthe-et-Miel-de-Manuka.jpg\" \/>\n\t<meta property=\"og:image:width\" content=\"1000\" \/>\n\t<meta property=\"og:image:height\" content=\"1000\" \/>\n\t<meta property=\"og:image:type\" content=\"image\/jpeg\" \/>\n<meta name=\"twitter:card\" content=\"summary_large_image\" \/>\n<meta name=\"twitter:label1\" content=\"Est. reading time\" \/>\n\t<meta name=\"twitter:data1\" content=\"2 minutes\" \/>\n<script type=\"application\/ld+json\" class=\"yoast-schema-graph\">{\"@context\":\"https:\\\/\\\/schema.org\",\"@graph\":[{\"@type\":\"WebPage\",\"@id\":\"https:\\\/\\\/nirigs.com\\\/product\\\/aunt-jackies-coffret-hydratation-a-laloe-vera-et-menthe\\\/\",\"url\":\"https:\\\/\\\/nirigs.com\\\/product\\\/aunt-jackies-coffret-hydratation-a-laloe-vera-et-menthe\\\/\",\"name\":\"Aunt Jackie's - Coffret Hydratation \u00e0 l'Aloe Vera et Menthe - NIRIGS\",\"isPartOf\":{\"@id\":\"https:\\\/\\\/nirigs.com\\\/#website\"},\"primaryImageOfPage\":{\"@id\":\"https:\\\/\\\/nirigs.com\\\/product\\\/aunt-jackies-coffret-hydratation-a-laloe-vera-et-menthe\\\/#primaryimage\"},\"image\":{\"@id\":\"https:\\\/\\\/nirigs.com\\\/product\\\/aunt-jackies-coffret-hydratation-a-laloe-vera-et-menthe\\\/#primaryimage\"},\"thumbnailUrl\":\"https:\\\/\\\/nirigs.com\\\/wp-content\\\/uploads\\\/2024\\\/02\\\/Aunt-Jackies-\u2013-Coffret-Hydratation-\u2013-A-lAloe-Vera-Menthe-et-Miel-de-Manuka.jpg\",\"datePublished\":\"2024-02-11T07:05:33+00:00\",\"dateModified\":\"2026-03-04T16:24:33+00:00\",\"breadcrumb\":{\"@id\":\"https:\\\/\\\/nirigs.com\\\/product\\\/aunt-jackies-coffret-hydratation-a-laloe-vera-et-menthe\\\/#breadcrumb\"},\"inLanguage\":\"en-US\",\"potentialAction\":[{\"@type\":\"ReadAction\",\"target\":[\"https:\\\/\\\/nirigs.com\\\/product\\\/aunt-jackies-coffret-hydratation-a-laloe-vera-et-menthe\\\/\"]}]},{\"@type\":\"ImageObject\",\"inLanguage\":\"en-US\",\"@id\":\"https:\\\/\\\/nirigs.com\\\/product\\\/aunt-jackies-coffret-hydratation-a-laloe-vera-et-menthe\\\/#primaryimage\",\"url\":\"https:\\\/\\\/nirigs.com\\\/wp-content\\\/uploads\\\/2024\\\/02\\\/Aunt-Jackies-\u2013-Coffret-Hydratation-\u2013-A-lAloe-Vera-Menthe-et-Miel-de-Manuka.jpg\",\"contentUrl\":\"https:\\\/\\\/nirigs.com\\\/wp-content\\\/uploads\\\/2024\\\/02\\\/Aunt-Jackies-\u2013-Coffret-Hydratation-\u2013-A-lAloe-Vera-Menthe-et-Miel-de-Manuka.jpg\",\"width\":1000,\"height\":1000},{\"@type\":\"BreadcrumbList\",\"@id\":\"https:\\\/\\\/nirigs.com\\\/product\\\/aunt-jackies-coffret-hydratation-a-laloe-vera-et-menthe\\\/#breadcrumb\",\"itemListElement\":[{\"@type\":\"ListItem\",\"position\":1,\"name\":\"Home\",\"item\":\"https:\\\/\\\/nirigs.com\\\/\"},{\"@type\":\"ListItem\",\"position\":2,\"name\":\"Parcourir\",\"item\":\"https:\\\/\\\/nirigs.com\\\/boutique\\\/\"},{\"@type\":\"ListItem\",\"position\":3,\"name\":\"Aunt Jackie&rsquo;s &#8211; Coffret Hydratation \u00e0 l&rsquo;Aloe Vera et Menthe\"}]},{\"@type\":\"WebSite\",\"@id\":\"https:\\\/\\\/nirigs.com\\\/#website\",\"url\":\"https:\\\/\\\/nirigs.com\\\/\",\"name\":\"Nirigs.com\",\"description\":\"Simplifiez vos achats du quotidien \u00e0 Djibouti\",\"publisher\":{\"@id\":\"https:\\\/\\\/nirigs.com\\\/#organization\"},\"potentialAction\":[{\"@type\":\"SearchAction\",\"target\":{\"@type\":\"EntryPoint\",\"urlTemplate\":\"https:\\\/\\\/nirigs.com\\\/?s={search_term_string}\"},\"query-input\":{\"@type\":\"PropertyValueSpecification\",\"valueRequired\":true,\"valueName\":\"search_term_string\"}}],\"inLanguage\":\"en-US\"},{\"@type\":\"Organization\",\"@id\":\"https:\\\/\\\/nirigs.com\\\/#organization\",\"name\":\"Nirigs\",\"url\":\"https:\\\/\\\/nirigs.com\\\/\",\"logo\":{\"@type\":\"ImageObject\",\"inLanguage\":\"en-US\",\"@id\":\"https:\\\/\\\/nirigs.com\\\/#\\\/schema\\\/logo\\\/image\\\/\",\"url\":\"https:\\\/\\\/nirigs.com\\\/wp-content\\\/uploads\\\/2025\\\/04\\\/Design-sans-titre-27.png\",\"contentUrl\":\"https:\\\/\\\/nirigs.com\\\/wp-content\\\/uploads\\\/2025\\\/04\\\/Design-sans-titre-27.png\",\"width\":500,\"height\":500,\"caption\":\"Nirigs\"},\"image\":{\"@id\":\"https:\\\/\\\/nirigs.com\\\/#\\\/schema\\\/logo\\\/image\\\/\"}}]}<\/script>\n<!-- \/ Yoast SEO plugin. -->","yoast_head_json":{"title":"Aunt Jackie's - Coffret Hydratation \u00e0 l'Aloe Vera et Menthe - NIRIGS","robots":{"index":"index","follow":"follow","max-snippet":"max-snippet:-1","max-image-preview":"max-image-preview:large","max-video-preview":"max-video-preview:-1"},"canonical":"https:\/\/nirigs.com\/en\/product\/aunt-jackies-coffret-hydratation-a-laloe-vera-et-menthe\/","og_locale":"en_US","og_type":"article","og_title":"Aunt Jackie's - Coffret Hydratation \u00e0 l'Aloe Vera et Menthe - NIRIGS","og_description":"Le coffret hydratation Aunt Jackie&rsquo;s \u00e0 l\u2019Aloe Vera et Menthe est une routine capillaire compl\u00e8te con\u00e7ue pour apporter une hydratation","og_url":"https:\/\/nirigs.com\/en\/product\/aunt-jackies-coffret-hydratation-a-laloe-vera-et-menthe\/","og_site_name":"NIRIGS","article_modified_time":"2026-03-04T16:24:33+00:00","og_image":[{"width":1000,"height":1000,"url":"https:\/\/nirigs.com\/wp-content\/uploads\/2024\/02\/Aunt-Jackies-\u2013-Coffret-Hydratation-\u2013-A-lAloe-Vera-Menthe-et-Miel-de-Manuka.jpg","type":"image\/jpeg"}],"twitter_card":"summary_large_image","twitter_misc":{"Est. reading time":"2 minutes"},"schema":{"@context":"https:\/\/schema.org","@graph":[{"@type":"WebPage","@id":"https:\/\/nirigs.com\/product\/aunt-jackies-coffret-hydratation-a-laloe-vera-et-menthe\/","url":"https:\/\/nirigs.com\/product\/aunt-jackies-coffret-hydratation-a-laloe-vera-et-menthe\/","name":"Aunt Jackie's - Coffret Hydratation \u00e0 l'Aloe Vera et Menthe - NIRIGS","isPartOf":{"@id":"https:\/\/nirigs.com\/#website"},"primaryImageOfPage":{"@id":"https:\/\/nirigs.com\/product\/aunt-jackies-coffret-hydratation-a-laloe-vera-et-menthe\/#primaryimage"},"image":{"@id":"https:\/\/nirigs.com\/product\/aunt-jackies-coffret-hydratation-a-laloe-vera-et-menthe\/#primaryimage"},"thumbnailUrl":"https:\/\/nirigs.com\/wp-content\/uploads\/2024\/02\/Aunt-Jackies-\u2013-Coffret-Hydratation-\u2013-A-lAloe-Vera-Menthe-et-Miel-de-Manuka.jpg","datePublished":"2024-02-11T07:05:33+00:00","dateModified":"2026-03-04T16:24:33+00:00","breadcrumb":{"@id":"https:\/\/nirigs.com\/product\/aunt-jackies-coffret-hydratation-a-laloe-vera-et-menthe\/#breadcrumb"},"inLanguage":"en-US","potentialAction":[{"@type":"ReadAction","target":["https:\/\/nirigs.com\/product\/aunt-jackies-coffret-hydratation-a-laloe-vera-et-menthe\/"]}]},{"@type":"ImageObject","inLanguage":"en-US","@id":"https:\/\/nirigs.com\/product\/aunt-jackies-coffret-hydratation-a-laloe-vera-et-menthe\/#primaryimage","url":"https:\/\/nirigs.com\/wp-content\/uploads\/2024\/02\/Aunt-Jackies-\u2013-Coffret-Hydratation-\u2013-A-lAloe-Vera-Menthe-et-Miel-de-Manuka.jpg","contentUrl":"https:\/\/nirigs.com\/wp-content\/uploads\/2024\/02\/Aunt-Jackies-\u2013-Coffret-Hydratation-\u2013-A-lAloe-Vera-Menthe-et-Miel-de-Manuka.jpg","width":1000,"height":1000},{"@type":"BreadcrumbList","@id":"https:\/\/nirigs.com\/product\/aunt-jackies-coffret-hydratation-a-laloe-vera-et-menthe\/#breadcrumb","itemListElement":[{"@type":"ListItem","position":1,"name":"Home","item":"https:\/\/nirigs.com\/"},{"@type":"ListItem","position":2,"name":"Parcourir","item":"https:\/\/nirigs.com\/boutique\/"},{"@type":"ListItem","position":3,"name":"Aunt Jackie&rsquo;s &#8211; Coffret Hydratation \u00e0 l&rsquo;Aloe Vera et Menthe"}]},{"@type":"WebSite","@id":"https:\/\/nirigs.com\/#website","url":"https:\/\/nirigs.com\/","name":"Nirigs.com","description":"Simplifiez vos achats du quotidien \u00e0 Djibouti","publisher":{"@id":"https:\/\/nirigs.com\/#organization"},"potentialAction":[{"@type":"SearchAction","target":{"@type":"EntryPoint","urlTemplate":"https:\/\/nirigs.com\/?s={search_term_string}"},"query-input":{"@type":"PropertyValueSpecification","valueRequired":true,"valueName":"search_term_string"}}],"inLanguage":"en-US"},{"@type":"Organization","@id":"https:\/\/nirigs.com\/#organization","name":"Nirigs","url":"https:\/\/nirigs.com\/","logo":{"@type":"ImageObject","inLanguage":"en-US","@id":"https:\/\/nirigs.com\/#\/schema\/logo\/image\/","url":"https:\/\/nirigs.com\/wp-content\/uploads\/2025\/04\/Design-sans-titre-27.png","contentUrl":"https:\/\/nirigs.com\/wp-content\/uploads\/2025\/04\/Design-sans-titre-27.png","width":500,"height":500,"caption":"Nirigs"},"image":{"@id":"https:\/\/nirigs.com\/#\/schema\/logo\/image\/"}}]}},"brands":[{"id":756,"name":"Aunt Jackie's","slug":"aunt-jackies"}],"_links":{"self":[{"href":"https:\/\/nirigs.com\/en\/wp-json\/wp\/v2\/product\/17238","targetHints":{"allow":["GET"]}}],"collection":[{"href":"https:\/\/nirigs.com\/en\/wp-json\/wp\/v2\/product"}],"about":[{"href":"https:\/\/nirigs.com\/en\/wp-json\/wp\/v2\/types\/product"}],"replies":[{"embeddable":true,"href":"https:\/\/nirigs.com\/en\/wp-json\/wp\/v2\/comments?post=17238"}],"version-history":[{"count":8,"href":"https:\/\/nirigs.com\/en\/wp-json\/wp\/v2\/product\/17238\/revisions"}],"predecessor-version":[{"id":27622,"href":"https:\/\/nirigs.com\/en\/wp-json\/wp\/v2\/product\/17238\/revisions\/27622"}],"wp:featuredmedia":[{"embeddable":true,"href":"https:\/\/nirigs.com\/en\/wp-json\/wp\/v2\/media\/24173"}],"wp:attachment":[{"href":"https:\/\/nirigs.com\/en\/wp-json\/wp\/v2\/media?parent=17238"}],"wp:term":[{"taxonomy":"pwb-brand","embeddable":true,"href":"https:\/\/nirigs.com\/en\/wp-json\/wp\/v2\/pwb-brand?post=17238"},{"taxonomy":"product_brand","embeddable":true,"href":"https:\/\/nirigs.com\/en\/wp-json\/wp\/v2\/product_brand?post=17238"},{"taxonomy":"product_cat","embeddable":true,"href":"https:\/\/nirigs.com\/en\/wp-json\/wp\/v2\/product_cat?post=17238"},{"taxonomy":"product_tag","embeddable":true,"href":"https:\/\/nirigs.com\/en\/wp-json\/wp\/v2\/product_tag?post=17238"}],"curies":[{"name":"wp","href":"https:\/\/api.w.org\/{rel}","templated":true}]}}