{"id":17224,"date":"2024-02-11T09:40:58","date_gmt":"2024-02-11T06:40:58","guid":{"rendered":"https:\/\/nirigs.com\/product\/fragrance-youre-the-one\/"},"modified":"2026-03-04T19:38:35","modified_gmt":"2026-03-04T16:38:35","slug":"fragrance-youre-the-one","status":"publish","type":"product","link":"https:\/\/nirigs.com\/en\/product\/fragrance-youre-the-one\/","title":{"rendered":"Bath and Body Works - You're The ONE Fragrance - 236 ml"},"content":{"rendered":"<p>Un brume corporelle douce qui vous enveloppe d&rsquo;un d\u00e9licieux parfum rafra\u00eechissant d&rsquo;extrait de fraise m\u00e9lang\u00e9 \u00e0 de tendres roses. Son parfum frais vous procure une sensation intense de joie et de bonheur, tout en sublimant votre apparence lors de toutes les occasions.<\/p>\n<p>Exprimez votre f\u00e9minit\u00e9 glamour et la beaut\u00e9 de votre allure captivante gr\u00e2ce \u00e0 son parfum bois\u00e9 cr\u00e9meux et velout\u00e9 qui dure longtemps. Cette brume corporelle est toujours votre choix id\u00e9al si vous recherchez l&rsquo;\u00e9l\u00e9gance et l&rsquo;originalit\u00e9.<\/p>\n<p>Pourquoi vous allez l&rsquo;adorer :<\/p>\n<ul>\n<li>La fa\u00e7on la plus authentique de parfumer<\/li>\n<li>Con\u00e7u pour une excellente couverture<\/li>\n<li>Fabriqu\u00e9 sans parab\u00e8nes<\/li>\n<li>Test\u00e9 dermatologiquement<\/li>\n<\/ul>\n<h4>Ingredient<\/h4>\n<p>Fragrance (Parfum)(Fragrance Ingredient), PPG-2 Methyl Ether Acetate(88917-22-0, Solvent), Isopropyl Myristate(110-27-0, Solvent), Benzyl Salicylate(118-58-1), Pentaerythrityl Tetra-di-t-butyl Hydroxyhydrocinnamate(6683-19-8, Stabilizer), Hydroxycitronellal(107-75-5), Benzotriazolyl Dodecyl p-Cresol(125304-04-3, Stabilizer), Limonene(5989-27-5), Benzyl Benzoate(120-51-4), Benzyl Alcohol(100-51-6), Linalool(78-70-6), Citronellol(106-22-9), Alpha-Isomethyl Ionone(127-51-5), PPG-3 Methyl Ether(37286-64-9, Solvent), Propylene Glycol(57-55-6, Solvent), Denatonium Benzoate(3734-33-6, Denaturant), Dipropylene Glycol(25265-71-8, Solvent).<\/p>","protected":false},"excerpt":{"rendered":"<p>Un brume corporelle douce qui vous enveloppe d&rsquo;un d\u00e9licieux parfum rafra\u00eechissant d&rsquo;extrait de fraise m\u00e9lang\u00e9 \u00e0 de tendres roses. Son<\/p>","protected":false},"featured_media":24186,"comment_status":"open","ping_status":"closed","template":"","meta":[],"pwb-brand":[624],"product_brand":[],"product_cat":[267,304],"product_tag":[],"class_list":{"0":"post-17224","1":"product","2":"type-product","3":"status-publish","4":"has-post-thumbnail","6":"pwb-brand-bath-body-works","7":"product_cat-beaute-et-soins","8":"product_cat-parfums","10":"first","11":"instock","12":"shipping-taxable","13":"purchasable","14":"product-type-simple"},"yoast_head":"<!-- This site is optimized with the Yoast SEO plugin v27.1.1 - https:\/\/yoast.com\/product\/yoast-seo-wordpress\/ -->\n<title>Bath and Body Works - Parfum You&#039;re The ONE - 236 ml - NIRIGS<\/title>\n<meta name=\"robots\" content=\"index, follow, max-snippet:-1, max-image-preview:large, max-video-preview:-1\" \/>\n<link rel=\"canonical\" href=\"https:\/\/nirigs.com\/en\/product\/fragrance-youre-the-one\/\" \/>\n<meta property=\"og:locale\" content=\"en_US\" \/>\n<meta property=\"og:type\" content=\"article\" \/>\n<meta property=\"og:title\" content=\"Bath and Body Works - Parfum You&#039;re The ONE - 236 ml - NIRIGS\" \/>\n<meta property=\"og:description\" content=\"Un brume corporelle douce qui vous enveloppe d&rsquo;un d\u00e9licieux parfum rafra\u00eechissant d&rsquo;extrait de fraise m\u00e9lang\u00e9 \u00e0 de tendres roses. Son\" \/>\n<meta property=\"og:url\" content=\"https:\/\/nirigs.com\/en\/product\/fragrance-youre-the-one\/\" \/>\n<meta property=\"og:site_name\" content=\"NIRIGS\" \/>\n<meta property=\"article:modified_time\" content=\"2026-03-04T16:38:35+00:00\" \/>\n<meta property=\"og:image\" content=\"https:\/\/nirigs.com\/wp-content\/uploads\/2024\/02\/Bath-and-Body-Works-\u2013-Parfum-Youre-The-ONE-\u2013-236-ml-1.jpg\" \/>\n\t<meta property=\"og:image:width\" content=\"1000\" \/>\n\t<meta property=\"og:image:height\" content=\"1000\" \/>\n\t<meta property=\"og:image:type\" content=\"image\/jpeg\" \/>\n<meta name=\"twitter:card\" content=\"summary_large_image\" \/>\n<meta name=\"twitter:label1\" content=\"Est. reading time\" \/>\n\t<meta name=\"twitter:data1\" content=\"1 minute\" \/>\n<script type=\"application\/ld+json\" class=\"yoast-schema-graph\">{\"@context\":\"https:\/\/schema.org\",\"@graph\":[{\"@type\":\"WebPage\",\"@id\":\"https:\/\/nirigs.com\/product\/fragrance-youre-the-one\/\",\"url\":\"https:\/\/nirigs.com\/product\/fragrance-youre-the-one\/\",\"name\":\"Bath and Body Works - Parfum You're The ONE - 236 ml - NIRIGS\",\"isPartOf\":{\"@id\":\"https:\/\/nirigs.com\/#website\"},\"primaryImageOfPage\":{\"@id\":\"https:\/\/nirigs.com\/product\/fragrance-youre-the-one\/#primaryimage\"},\"image\":{\"@id\":\"https:\/\/nirigs.com\/product\/fragrance-youre-the-one\/#primaryimage\"},\"thumbnailUrl\":\"https:\/\/nirigs.com\/wp-content\/uploads\/2024\/02\/Bath-and-Body-Works-\u2013-Parfum-Youre-The-ONE-\u2013-236-ml-1.jpg\",\"datePublished\":\"2024-02-11T06:40:58+00:00\",\"dateModified\":\"2026-03-04T16:38:35+00:00\",\"breadcrumb\":{\"@id\":\"https:\/\/nirigs.com\/product\/fragrance-youre-the-one\/#breadcrumb\"},\"inLanguage\":\"en-US\",\"potentialAction\":[{\"@type\":\"ReadAction\",\"target\":[\"https:\/\/nirigs.com\/product\/fragrance-youre-the-one\/\"]}]},{\"@type\":\"ImageObject\",\"inLanguage\":\"en-US\",\"@id\":\"https:\/\/nirigs.com\/product\/fragrance-youre-the-one\/#primaryimage\",\"url\":\"https:\/\/nirigs.com\/wp-content\/uploads\/2024\/02\/Bath-and-Body-Works-\u2013-Parfum-Youre-The-ONE-\u2013-236-ml-1.jpg\",\"contentUrl\":\"https:\/\/nirigs.com\/wp-content\/uploads\/2024\/02\/Bath-and-Body-Works-\u2013-Parfum-Youre-The-ONE-\u2013-236-ml-1.jpg\",\"width\":1000,\"height\":1000},{\"@type\":\"BreadcrumbList\",\"@id\":\"https:\/\/nirigs.com\/product\/fragrance-youre-the-one\/#breadcrumb\",\"itemListElement\":[{\"@type\":\"ListItem\",\"position\":1,\"name\":\"Home\",\"item\":\"https:\/\/nirigs.com\/\"},{\"@type\":\"ListItem\",\"position\":2,\"name\":\"Parcourir\",\"item\":\"https:\/\/nirigs.com\/boutique\/\"},{\"@type\":\"ListItem\",\"position\":3,\"name\":\"Bath and Body Works &#8211; Parfum You&rsquo;re The ONE &#8211; 236 ml\"}]},{\"@type\":\"WebSite\",\"@id\":\"https:\/\/nirigs.com\/#website\",\"url\":\"https:\/\/nirigs.com\/\",\"name\":\"Nirigs.com\",\"description\":\"Simplifiez vos achats du quotidien \u00e0 Djibouti\",\"publisher\":{\"@id\":\"https:\/\/nirigs.com\/#organization\"},\"potentialAction\":[{\"@type\":\"SearchAction\",\"target\":{\"@type\":\"EntryPoint\",\"urlTemplate\":\"https:\/\/nirigs.com\/?s={search_term_string}\"},\"query-input\":{\"@type\":\"PropertyValueSpecification\",\"valueRequired\":true,\"valueName\":\"search_term_string\"}}],\"inLanguage\":\"en-US\"},{\"@type\":\"Organization\",\"@id\":\"https:\/\/nirigs.com\/#organization\",\"name\":\"Nirigs\",\"url\":\"https:\/\/nirigs.com\/\",\"logo\":{\"@type\":\"ImageObject\",\"inLanguage\":\"en-US\",\"@id\":\"https:\/\/nirigs.com\/#\/schema\/logo\/image\/\",\"url\":\"https:\/\/nirigs.com\/wp-content\/uploads\/2025\/04\/Design-sans-titre-27.png\",\"contentUrl\":\"https:\/\/nirigs.com\/wp-content\/uploads\/2025\/04\/Design-sans-titre-27.png\",\"width\":500,\"height\":500,\"caption\":\"Nirigs\"},\"image\":{\"@id\":\"https:\/\/nirigs.com\/#\/schema\/logo\/image\/\"}}]}<\/script>\n<!-- \/ Yoast SEO plugin. -->","yoast_head_json":{"title":"Bath and Body Works - Parfum You're The ONE - 236 ml - NIRIGS","robots":{"index":"index","follow":"follow","max-snippet":"max-snippet:-1","max-image-preview":"max-image-preview:large","max-video-preview":"max-video-preview:-1"},"canonical":"https:\/\/nirigs.com\/en\/product\/fragrance-youre-the-one\/","og_locale":"en_US","og_type":"article","og_title":"Bath and Body Works - Parfum You're The ONE - 236 ml - NIRIGS","og_description":"Un brume corporelle douce qui vous enveloppe d&rsquo;un d\u00e9licieux parfum rafra\u00eechissant d&rsquo;extrait de fraise m\u00e9lang\u00e9 \u00e0 de tendres roses. Son","og_url":"https:\/\/nirigs.com\/en\/product\/fragrance-youre-the-one\/","og_site_name":"NIRIGS","article_modified_time":"2026-03-04T16:38:35+00:00","og_image":[{"width":1000,"height":1000,"url":"https:\/\/nirigs.com\/wp-content\/uploads\/2024\/02\/Bath-and-Body-Works-\u2013-Parfum-Youre-The-ONE-\u2013-236-ml-1.jpg","type":"image\/jpeg"}],"twitter_card":"summary_large_image","twitter_misc":{"Est. reading time":"1 minute"},"schema":{"@context":"https:\/\/schema.org","@graph":[{"@type":"WebPage","@id":"https:\/\/nirigs.com\/product\/fragrance-youre-the-one\/","url":"https:\/\/nirigs.com\/product\/fragrance-youre-the-one\/","name":"Bath and Body Works - Parfum You're The ONE - 236 ml - NIRIGS","isPartOf":{"@id":"https:\/\/nirigs.com\/#website"},"primaryImageOfPage":{"@id":"https:\/\/nirigs.com\/product\/fragrance-youre-the-one\/#primaryimage"},"image":{"@id":"https:\/\/nirigs.com\/product\/fragrance-youre-the-one\/#primaryimage"},"thumbnailUrl":"https:\/\/nirigs.com\/wp-content\/uploads\/2024\/02\/Bath-and-Body-Works-\u2013-Parfum-Youre-The-ONE-\u2013-236-ml-1.jpg","datePublished":"2024-02-11T06:40:58+00:00","dateModified":"2026-03-04T16:38:35+00:00","breadcrumb":{"@id":"https:\/\/nirigs.com\/product\/fragrance-youre-the-one\/#breadcrumb"},"inLanguage":"en-US","potentialAction":[{"@type":"ReadAction","target":["https:\/\/nirigs.com\/product\/fragrance-youre-the-one\/"]}]},{"@type":"ImageObject","inLanguage":"en-US","@id":"https:\/\/nirigs.com\/product\/fragrance-youre-the-one\/#primaryimage","url":"https:\/\/nirigs.com\/wp-content\/uploads\/2024\/02\/Bath-and-Body-Works-\u2013-Parfum-Youre-The-ONE-\u2013-236-ml-1.jpg","contentUrl":"https:\/\/nirigs.com\/wp-content\/uploads\/2024\/02\/Bath-and-Body-Works-\u2013-Parfum-Youre-The-ONE-\u2013-236-ml-1.jpg","width":1000,"height":1000},{"@type":"BreadcrumbList","@id":"https:\/\/nirigs.com\/product\/fragrance-youre-the-one\/#breadcrumb","itemListElement":[{"@type":"ListItem","position":1,"name":"Home","item":"https:\/\/nirigs.com\/"},{"@type":"ListItem","position":2,"name":"Parcourir","item":"https:\/\/nirigs.com\/boutique\/"},{"@type":"ListItem","position":3,"name":"Bath and Body Works &#8211; Parfum You&rsquo;re The ONE &#8211; 236 ml"}]},{"@type":"WebSite","@id":"https:\/\/nirigs.com\/#website","url":"https:\/\/nirigs.com\/","name":"Nirigs.com","description":"Simplifiez vos achats du quotidien \u00e0 Djibouti","publisher":{"@id":"https:\/\/nirigs.com\/#organization"},"potentialAction":[{"@type":"SearchAction","target":{"@type":"EntryPoint","urlTemplate":"https:\/\/nirigs.com\/?s={search_term_string}"},"query-input":{"@type":"PropertyValueSpecification","valueRequired":true,"valueName":"search_term_string"}}],"inLanguage":"en-US"},{"@type":"Organization","@id":"https:\/\/nirigs.com\/#organization","name":"Nirigs","url":"https:\/\/nirigs.com\/","logo":{"@type":"ImageObject","inLanguage":"en-US","@id":"https:\/\/nirigs.com\/#\/schema\/logo\/image\/","url":"https:\/\/nirigs.com\/wp-content\/uploads\/2025\/04\/Design-sans-titre-27.png","contentUrl":"https:\/\/nirigs.com\/wp-content\/uploads\/2025\/04\/Design-sans-titre-27.png","width":500,"height":500,"caption":"Nirigs"},"image":{"@id":"https:\/\/nirigs.com\/#\/schema\/logo\/image\/"}}]}},"brands":[{"id":624,"name":"Bath &amp; Body Works","slug":"bath-body-works"}],"_links":{"self":[{"href":"https:\/\/nirigs.com\/en\/wp-json\/wp\/v2\/product\/17224","targetHints":{"allow":["GET"]}}],"collection":[{"href":"https:\/\/nirigs.com\/en\/wp-json\/wp\/v2\/product"}],"about":[{"href":"https:\/\/nirigs.com\/en\/wp-json\/wp\/v2\/types\/product"}],"replies":[{"embeddable":true,"href":"https:\/\/nirigs.com\/en\/wp-json\/wp\/v2\/comments?post=17224"}],"version-history":[{"count":8,"href":"https:\/\/nirigs.com\/en\/wp-json\/wp\/v2\/product\/17224\/revisions"}],"predecessor-version":[{"id":25025,"href":"https:\/\/nirigs.com\/en\/wp-json\/wp\/v2\/product\/17224\/revisions\/25025"}],"wp:featuredmedia":[{"embeddable":true,"href":"https:\/\/nirigs.com\/en\/wp-json\/wp\/v2\/media\/24186"}],"wp:attachment":[{"href":"https:\/\/nirigs.com\/en\/wp-json\/wp\/v2\/media?parent=17224"}],"wp:term":[{"taxonomy":"pwb-brand","embeddable":true,"href":"https:\/\/nirigs.com\/en\/wp-json\/wp\/v2\/pwb-brand?post=17224"},{"taxonomy":"product_brand","embeddable":true,"href":"https:\/\/nirigs.com\/en\/wp-json\/wp\/v2\/product_brand?post=17224"},{"taxonomy":"product_cat","embeddable":true,"href":"https:\/\/nirigs.com\/en\/wp-json\/wp\/v2\/product_cat?post=17224"},{"taxonomy":"product_tag","embeddable":true,"href":"https:\/\/nirigs.com\/en\/wp-json\/wp\/v2\/product_tag?post=17224"}],"curies":[{"name":"wp","href":"https:\/\/api.w.org\/{rel}","templated":true}]}}