{"id":17218,"date":"2024-02-09T20:56:46","date_gmt":"2024-02-09T17:56:46","guid":{"rendered":"https:\/\/nirigs.com\/product\/fragrance-pure-wonder\/"},"modified":"2026-03-04T19:44:36","modified_gmt":"2026-03-04T16:44:36","slug":"fragrance-pure-wonder","status":"publish","type":"product","link":"https:\/\/nirigs.com\/en\/product\/fragrance-pure-wonder\/","title":{"rendered":"Bath and Body Works - Pure Wonder Fragrance - 236 ml"},"content":{"rendered":"<p>Brume corporelle parfum\u00e9e Pure Wonder de Bath &amp; Body Works avec une contenance de 236 ml. Cette brume rafra\u00eechissante peut \u00eatre utilis\u00e9e \u00e0 tout moment de la journ\u00e9e, laissant la peau d\u00e9licatement parfum\u00e9e avec des notes de parfum de : Ros\u00e9 glac\u00e9, jasmin \u00e9toil\u00e9 et ambre blanc chaud.\u00a0\u00bb<\/p>\n<h4 class=\"mv0 lh-copy f5 pb1 dark-gray\"><strong>Ingredients<\/strong><\/h4>\n<p class=\"mv0 lh-copy f6 mid-gray\">Alcohol Denat, Water (Aqua, Eau), Fragrance (Parfum), Propylene Glycol, Ethyliexyl Methoxycinnamate, Alde Barba- Densis Leaf Extract, Ethylhexyl Salicylate, Butyl Methoxydibenzoylmethane, Benzyl Salicylate, Linalool, Hydroxycitronellal, Citronello, Limonene, Coumarin, Cinnamal Geranol, Red 40 (Ci 16035), Red 4 (Gi 14700). Ext. Violet A (Cy 00730), Yellow 5 (Ci 19140).<\/p>","protected":false},"excerpt":{"rendered":"<p>Brume corporelle parfum\u00e9e Pure Wonder de Bath &amp; Body Works avec une contenance de 236 ml. Cette brume rafra\u00eechissante peut<\/p>","protected":false},"featured_media":24189,"comment_status":"open","ping_status":"closed","template":"","meta":[],"pwb-brand":[624],"product_brand":[],"product_cat":[267,304],"product_tag":[],"class_list":{"0":"post-17218","1":"product","2":"type-product","3":"status-publish","4":"has-post-thumbnail","6":"pwb-brand-bath-body-works","7":"product_cat-beaute-et-soins","8":"product_cat-parfums","10":"first","11":"instock","12":"shipping-taxable","13":"purchasable","14":"product-type-simple"},"yoast_head":"<!-- This site is optimized with the Yoast SEO plugin v27.1.1 - https:\/\/yoast.com\/product\/yoast-seo-wordpress\/ -->\n<title>Bath and Body Works - Parfum Pure Wonder - 236 ml - NIRIGS<\/title>\n<meta name=\"robots\" content=\"index, follow, max-snippet:-1, max-image-preview:large, max-video-preview:-1\" \/>\n<link rel=\"canonical\" href=\"https:\/\/nirigs.com\/en\/product\/fragrance-pure-wonder\/\" \/>\n<meta property=\"og:locale\" content=\"en_US\" \/>\n<meta property=\"og:type\" content=\"article\" \/>\n<meta property=\"og:title\" content=\"Bath and Body Works - Parfum Pure Wonder - 236 ml - NIRIGS\" \/>\n<meta property=\"og:description\" content=\"Brume corporelle parfum\u00e9e Pure Wonder de Bath &amp; Body Works avec une contenance de 236 ml. Cette brume rafra\u00eechissante peut\" \/>\n<meta property=\"og:url\" content=\"https:\/\/nirigs.com\/en\/product\/fragrance-pure-wonder\/\" \/>\n<meta property=\"og:site_name\" content=\"NIRIGS\" \/>\n<meta property=\"article:modified_time\" content=\"2026-03-04T16:44:36+00:00\" \/>\n<meta property=\"og:image\" content=\"https:\/\/nirigs.com\/wp-content\/uploads\/2024\/02\/Bath-and-Body-Works-\u2013-Parfum-Pure-Wonder-\u2013-236-ml.jpg\" \/>\n\t<meta property=\"og:image:width\" content=\"1000\" \/>\n\t<meta property=\"og:image:height\" content=\"1000\" \/>\n\t<meta property=\"og:image:type\" content=\"image\/jpeg\" \/>\n<meta name=\"twitter:card\" content=\"summary_large_image\" \/>\n<meta name=\"twitter:label1\" content=\"Est. reading time\" \/>\n\t<meta name=\"twitter:data1\" content=\"1 minute\" \/>\n<script type=\"application\/ld+json\" class=\"yoast-schema-graph\">{\"@context\":\"https:\/\/schema.org\",\"@graph\":[{\"@type\":\"WebPage\",\"@id\":\"https:\/\/nirigs.com\/product\/fragrance-pure-wonder\/\",\"url\":\"https:\/\/nirigs.com\/product\/fragrance-pure-wonder\/\",\"name\":\"Bath and Body Works - Parfum Pure Wonder - 236 ml - NIRIGS\",\"isPartOf\":{\"@id\":\"https:\/\/nirigs.com\/#website\"},\"primaryImageOfPage\":{\"@id\":\"https:\/\/nirigs.com\/product\/fragrance-pure-wonder\/#primaryimage\"},\"image\":{\"@id\":\"https:\/\/nirigs.com\/product\/fragrance-pure-wonder\/#primaryimage\"},\"thumbnailUrl\":\"https:\/\/nirigs.com\/wp-content\/uploads\/2024\/02\/Bath-and-Body-Works-\u2013-Parfum-Pure-Wonder-\u2013-236-ml.jpg\",\"datePublished\":\"2024-02-09T17:56:46+00:00\",\"dateModified\":\"2026-03-04T16:44:36+00:00\",\"breadcrumb\":{\"@id\":\"https:\/\/nirigs.com\/product\/fragrance-pure-wonder\/#breadcrumb\"},\"inLanguage\":\"en-US\",\"potentialAction\":[{\"@type\":\"ReadAction\",\"target\":[\"https:\/\/nirigs.com\/product\/fragrance-pure-wonder\/\"]}]},{\"@type\":\"ImageObject\",\"inLanguage\":\"en-US\",\"@id\":\"https:\/\/nirigs.com\/product\/fragrance-pure-wonder\/#primaryimage\",\"url\":\"https:\/\/nirigs.com\/wp-content\/uploads\/2024\/02\/Bath-and-Body-Works-\u2013-Parfum-Pure-Wonder-\u2013-236-ml.jpg\",\"contentUrl\":\"https:\/\/nirigs.com\/wp-content\/uploads\/2024\/02\/Bath-and-Body-Works-\u2013-Parfum-Pure-Wonder-\u2013-236-ml.jpg\",\"width\":1000,\"height\":1000},{\"@type\":\"BreadcrumbList\",\"@id\":\"https:\/\/nirigs.com\/product\/fragrance-pure-wonder\/#breadcrumb\",\"itemListElement\":[{\"@type\":\"ListItem\",\"position\":1,\"name\":\"Home\",\"item\":\"https:\/\/nirigs.com\/\"},{\"@type\":\"ListItem\",\"position\":2,\"name\":\"Parcourir\",\"item\":\"https:\/\/nirigs.com\/boutique\/\"},{\"@type\":\"ListItem\",\"position\":3,\"name\":\"Bath and Body Works &#8211; Parfum Pure Wonder &#8211; 236 ml\"}]},{\"@type\":\"WebSite\",\"@id\":\"https:\/\/nirigs.com\/#website\",\"url\":\"https:\/\/nirigs.com\/\",\"name\":\"Nirigs.com\",\"description\":\"Simplifiez vos achats du quotidien \u00e0 Djibouti\",\"publisher\":{\"@id\":\"https:\/\/nirigs.com\/#organization\"},\"potentialAction\":[{\"@type\":\"SearchAction\",\"target\":{\"@type\":\"EntryPoint\",\"urlTemplate\":\"https:\/\/nirigs.com\/?s={search_term_string}\"},\"query-input\":{\"@type\":\"PropertyValueSpecification\",\"valueRequired\":true,\"valueName\":\"search_term_string\"}}],\"inLanguage\":\"en-US\"},{\"@type\":\"Organization\",\"@id\":\"https:\/\/nirigs.com\/#organization\",\"name\":\"Nirigs\",\"url\":\"https:\/\/nirigs.com\/\",\"logo\":{\"@type\":\"ImageObject\",\"inLanguage\":\"en-US\",\"@id\":\"https:\/\/nirigs.com\/#\/schema\/logo\/image\/\",\"url\":\"https:\/\/nirigs.com\/wp-content\/uploads\/2025\/04\/Design-sans-titre-27.png\",\"contentUrl\":\"https:\/\/nirigs.com\/wp-content\/uploads\/2025\/04\/Design-sans-titre-27.png\",\"width\":500,\"height\":500,\"caption\":\"Nirigs\"},\"image\":{\"@id\":\"https:\/\/nirigs.com\/#\/schema\/logo\/image\/\"}}]}<\/script>\n<!-- \/ Yoast SEO plugin. -->","yoast_head_json":{"title":"Bath and Body Works - Parfum Pure Wonder - 236 ml - NIRIGS","robots":{"index":"index","follow":"follow","max-snippet":"max-snippet:-1","max-image-preview":"max-image-preview:large","max-video-preview":"max-video-preview:-1"},"canonical":"https:\/\/nirigs.com\/en\/product\/fragrance-pure-wonder\/","og_locale":"en_US","og_type":"article","og_title":"Bath and Body Works - Parfum Pure Wonder - 236 ml - NIRIGS","og_description":"Brume corporelle parfum\u00e9e Pure Wonder de Bath &amp; Body Works avec une contenance de 236 ml. Cette brume rafra\u00eechissante peut","og_url":"https:\/\/nirigs.com\/en\/product\/fragrance-pure-wonder\/","og_site_name":"NIRIGS","article_modified_time":"2026-03-04T16:44:36+00:00","og_image":[{"width":1000,"height":1000,"url":"https:\/\/nirigs.com\/wp-content\/uploads\/2024\/02\/Bath-and-Body-Works-\u2013-Parfum-Pure-Wonder-\u2013-236-ml.jpg","type":"image\/jpeg"}],"twitter_card":"summary_large_image","twitter_misc":{"Est. reading time":"1 minute"},"schema":{"@context":"https:\/\/schema.org","@graph":[{"@type":"WebPage","@id":"https:\/\/nirigs.com\/product\/fragrance-pure-wonder\/","url":"https:\/\/nirigs.com\/product\/fragrance-pure-wonder\/","name":"Bath and Body Works - Parfum Pure Wonder - 236 ml - NIRIGS","isPartOf":{"@id":"https:\/\/nirigs.com\/#website"},"primaryImageOfPage":{"@id":"https:\/\/nirigs.com\/product\/fragrance-pure-wonder\/#primaryimage"},"image":{"@id":"https:\/\/nirigs.com\/product\/fragrance-pure-wonder\/#primaryimage"},"thumbnailUrl":"https:\/\/nirigs.com\/wp-content\/uploads\/2024\/02\/Bath-and-Body-Works-\u2013-Parfum-Pure-Wonder-\u2013-236-ml.jpg","datePublished":"2024-02-09T17:56:46+00:00","dateModified":"2026-03-04T16:44:36+00:00","breadcrumb":{"@id":"https:\/\/nirigs.com\/product\/fragrance-pure-wonder\/#breadcrumb"},"inLanguage":"en-US","potentialAction":[{"@type":"ReadAction","target":["https:\/\/nirigs.com\/product\/fragrance-pure-wonder\/"]}]},{"@type":"ImageObject","inLanguage":"en-US","@id":"https:\/\/nirigs.com\/product\/fragrance-pure-wonder\/#primaryimage","url":"https:\/\/nirigs.com\/wp-content\/uploads\/2024\/02\/Bath-and-Body-Works-\u2013-Parfum-Pure-Wonder-\u2013-236-ml.jpg","contentUrl":"https:\/\/nirigs.com\/wp-content\/uploads\/2024\/02\/Bath-and-Body-Works-\u2013-Parfum-Pure-Wonder-\u2013-236-ml.jpg","width":1000,"height":1000},{"@type":"BreadcrumbList","@id":"https:\/\/nirigs.com\/product\/fragrance-pure-wonder\/#breadcrumb","itemListElement":[{"@type":"ListItem","position":1,"name":"Home","item":"https:\/\/nirigs.com\/"},{"@type":"ListItem","position":2,"name":"Parcourir","item":"https:\/\/nirigs.com\/boutique\/"},{"@type":"ListItem","position":3,"name":"Bath and Body Works &#8211; Parfum Pure Wonder &#8211; 236 ml"}]},{"@type":"WebSite","@id":"https:\/\/nirigs.com\/#website","url":"https:\/\/nirigs.com\/","name":"Nirigs.com","description":"Simplifiez vos achats du quotidien \u00e0 Djibouti","publisher":{"@id":"https:\/\/nirigs.com\/#organization"},"potentialAction":[{"@type":"SearchAction","target":{"@type":"EntryPoint","urlTemplate":"https:\/\/nirigs.com\/?s={search_term_string}"},"query-input":{"@type":"PropertyValueSpecification","valueRequired":true,"valueName":"search_term_string"}}],"inLanguage":"en-US"},{"@type":"Organization","@id":"https:\/\/nirigs.com\/#organization","name":"Nirigs","url":"https:\/\/nirigs.com\/","logo":{"@type":"ImageObject","inLanguage":"en-US","@id":"https:\/\/nirigs.com\/#\/schema\/logo\/image\/","url":"https:\/\/nirigs.com\/wp-content\/uploads\/2025\/04\/Design-sans-titre-27.png","contentUrl":"https:\/\/nirigs.com\/wp-content\/uploads\/2025\/04\/Design-sans-titre-27.png","width":500,"height":500,"caption":"Nirigs"},"image":{"@id":"https:\/\/nirigs.com\/#\/schema\/logo\/image\/"}}]}},"brands":[{"id":624,"name":"Bath &amp; Body Works","slug":"bath-body-works"}],"_links":{"self":[{"href":"https:\/\/nirigs.com\/en\/wp-json\/wp\/v2\/product\/17218","targetHints":{"allow":["GET"]}}],"collection":[{"href":"https:\/\/nirigs.com\/en\/wp-json\/wp\/v2\/product"}],"about":[{"href":"https:\/\/nirigs.com\/en\/wp-json\/wp\/v2\/types\/product"}],"replies":[{"embeddable":true,"href":"https:\/\/nirigs.com\/en\/wp-json\/wp\/v2\/comments?post=17218"}],"version-history":[{"count":9,"href":"https:\/\/nirigs.com\/en\/wp-json\/wp\/v2\/product\/17218\/revisions"}],"predecessor-version":[{"id":18799,"href":"https:\/\/nirigs.com\/en\/wp-json\/wp\/v2\/product\/17218\/revisions\/18799"}],"wp:featuredmedia":[{"embeddable":true,"href":"https:\/\/nirigs.com\/en\/wp-json\/wp\/v2\/media\/24189"}],"wp:attachment":[{"href":"https:\/\/nirigs.com\/en\/wp-json\/wp\/v2\/media?parent=17218"}],"wp:term":[{"taxonomy":"pwb-brand","embeddable":true,"href":"https:\/\/nirigs.com\/en\/wp-json\/wp\/v2\/pwb-brand?post=17218"},{"taxonomy":"product_brand","embeddable":true,"href":"https:\/\/nirigs.com\/en\/wp-json\/wp\/v2\/product_brand?post=17218"},{"taxonomy":"product_cat","embeddable":true,"href":"https:\/\/nirigs.com\/en\/wp-json\/wp\/v2\/product_cat?post=17218"},{"taxonomy":"product_tag","embeddable":true,"href":"https:\/\/nirigs.com\/en\/wp-json\/wp\/v2\/product_tag?post=17218"}],"curies":[{"name":"wp","href":"https:\/\/api.w.org\/{rel}","templated":true}]}}